{"id":976,"date":"2024-06-11T15:23:50","date_gmt":"2024-06-11T15:23:50","guid":{"rendered":"https:\/\/blog.yoopies.fr\/garde-enfant\/les-modes-de-garde\/les-autres-modes-de-garde\/la-garde-partagee\/le-guide-ultime-de-la-garde-partagee\/"},"modified":"2025-06-12T07:59:18","modified_gmt":"2025-06-12T07:59:18","slug":"le-guide-ultime-de-la-garde-partagee","status":"publish","type":"page","link":"https:\/\/yoopies.fr\/c\/garde-enfant\/les-modes-de-garde\/les-autres-modes-de-garde\/la-garde-partagee\/le-guide-ultime-de-la-garde-partagee\/","title":{"rendered":"Le guide ultime de la garde partag\u00e9e : avantages, inconv\u00e9nients et alternatives pour les parents soucieux de l&rsquo;\u00e9ducation de leurs enfants"},"content":{"rendered":"<p><p>Le guide ultime de la garde partag&eacute;e : avantages, inconv&eacute;nients et alternatives pour les parents soucieux de l&rsquo;&eacute;ducation de leurs enfants<\/p>\n<p>De nos jours, de plus en plus de parents travaillent &agrave; temps plein et cherchent des solutions pour faire garder leurs enfants.<\/p>\n<p>Parmi les diff&eacute;rentes options qui s&rsquo;offrent &agrave; eux, la garde partag&eacute;e est une formule qui s&eacute;duit de nombreux parents.<\/p>\n<p>Mais qu&rsquo;est-ce que la garde partag&eacute;e exactement ?<\/p>\n<p>Quels en sont les avantages et les inconv&eacute;nients ?<\/p>\n<p>Et existe-t-il d&rsquo;autres modes de garde qui pourraient convenir &agrave; votre situation ?<\/p>\n<p>Nous allons passer en revue tout ce que vous devez savoir sur la garde partag&eacute;e, ainsi que vous pr&eacute;senter une alternative int&eacute;ressante qui est l&rsquo;assistante maternelle.<\/p>\n<h2>Comprendre la garde partag&eacute;e : d&eacute;finition et fonctionnement<\/h2>\n<p>Avant d&rsquo;entrer dans le vif du sujet, il est important de bien comprendre ce qu&rsquo;est la garde partag&eacute;e et comment elle fonctionne.<\/p>\n<p><strong>Pour une organisation sans faille de la garde partag&eacute;e, consultez <a target=\"_self\" rel=\"noopener\" href=\"https:\/\/yoopies.fr\/c\/garde-enfant\/les-modes-de-garde\/les-autres-modes-de-garde\/la-garde-partagee\/organisation-d-une-garde-partagee\/\">notre guide ultime pour les parents<\/a>.<\/strong><\/p>\n<\/p>\n<p><strong>La garde partag&eacute;e<\/strong>, appel&eacute;e <strong>garde altern&eacute;e<\/strong>, est un mode de garde qui consiste &agrave; confier la garde des enfants &agrave; deux familles, g&eacute;n&eacute;ralement voisines ou proches g&eacute;ographiquement, qui partagent les services d&rsquo;une m&ecirc;me personne pour s&rsquo;occuper de leurs enfants. Cette personne peut &ecirc;tre une nounou, une baby-sitter, une jeune fille au pair ou encore une assistante maternelle. Les enfants sont alors gard&eacute;s alternativement au domicile de chacune des familles, selon un planning d&eacute;fini &agrave; l&rsquo;avance.<\/p>\n<ol>\n<li><strong>Le choix de la famille<\/strong> : Pour mettre en place une garde partag&eacute;e, il est n&eacute;cessaire de trouver une autre famille qui souhaite opter pour ce mode de garde. Il est important que les deux familles s&rsquo;accordent sur les horaires, les jours de garde et les attentes en mati&egrave;re d&rsquo;&eacute;ducation.<\/li>\n<li><strong>Le contrat de travail<\/strong> : La personne employ&eacute;e pour garder les enfants doit signer un contrat de travail avec chaque famille. Les deux contrats doivent &ecirc;tre identiques et pr&eacute;ciser les conditions de travail, la dur&eacute;e hebdomadaire de travail, le salaire et les cong&eacute;s pay&eacute;s.<\/li>\n<li><strong>Le planning de garde<\/strong> : Les familles doivent &eacute;tablir un planning de garde qui d&eacute;termine les jours et les horaires o&ugrave; les enfants seront gard&eacute;s chez chacune d&rsquo;elles. Ce planning doit &ecirc;tre flexible et pouvoir &ecirc;tre modifi&eacute; en cas de besoin.<\/li>\n<\/ol>\n<figure><img decoding=\"async\" src=\"https:\/\/yoopies.fr\/c\/wp-content\/uploads\/2024\/06\/zlsf7awthyxtt0tg-379.jpg\" alt=\"Un p\u00e8re souriant tient sa fille dans ses bras dans un salon.\" \/><\/figure>\n<p><h2>Les avantages de la garde partag&eacute;e pour les parents et les enfants<\/h2>\n<p>La garde partag&eacute;e pr&eacute;sente plusieurs avantages, tant pour les parents que pour les enfants. D&eacute;couvrons ensemble les principaux atouts de ce mode de garde :<\/p>\n<ul>\n<li><strong>&Eacute;conomies financi&egrave;res<\/strong> : Le co&ucirc;t de la garde partag&eacute;e est g&eacute;n&eacute;ralement moins &eacute;lev&eacute; que celui d&rsquo;une garde individuelle, puisque les deux familles partagent les frais li&eacute;s &agrave; la r&eacute;mun&eacute;ration de la personne employ&eacute;e. Cela permet aux parents de r&eacute;aliser des &eacute;conomies tout en offrant une solution de garde de qualit&eacute; &agrave; leurs enfants.<\/li>\n<\/ul>\n<p><strong>Pour des conseils d&eacute;taill&eacute;s sur la gestion administrative de la garde partag&eacute;e, lisez<a target=\"_self\" rel=\"noopener\" href=\"https:\/\/yoopies.fr\/c\/garde-enfant\/les-modes-de-garde\/les-autres-modes-de-garde\/la-garde-partagee\/administratif-garde-partagee\/\"> notre guide complet.<\/a><\/strong><\/p>\n<ul>\n<li><strong>Flexibilit&eacute;<\/strong> : La garde partag&eacute;e offre une grande flexibilit&eacute; en termes d&rsquo;horaires et de jours de garde. Les parents peuvent adapter le planning en fonction de leurs besoins professionnels et personnels, ce qui facilite l&rsquo;organisation du quotidien.<\/li>\n<li><strong>D&eacute;veloppement de la sociabilit&eacute; des enfants<\/strong> : La garde partag&eacute;e permet aux enfants de passer du temps avec d&rsquo;autres enfants de leur &acirc;ge, ce qui favorise leur d&eacute;veloppement social et &eacute;motionnel. Ils apprennent ainsi &agrave; partager, &agrave; s&rsquo;entraider et &agrave; communiquer avec les autres.<\/li>\n<li><strong>&Eacute;ducation partag&eacute;e<\/strong> : Les deux familles peuvent &eacute;changer sur leurs m&eacute;thodes &eacute;ducatives et mettre en place un cadre coh&eacute;rent pour les enfants. Cela permet d&rsquo;instaurer des r&egrave;gles communes et de renforcer l&rsquo;&eacute;ducation dispens&eacute;e par les parents.<\/li>\n<\/ul>\n<h2>Les inconv&eacute;nients de la garde partag&eacute;e et comment les surmonter<\/h2>\n<p>Malgr&eacute; ses nombreux avantages, la garde partag&eacute;e pr&eacute;sente certains inconv&eacute;nients qui peuvent &ecirc;tre surmont&eacute;s avec une bonne communication et une organisation rigoureuse. Voici les principaux points &agrave; prendre en compte :<\/p>\n<ol>\n<li><strong>Difficult&eacute;s &agrave; trouver une famille compatible<\/strong> : Il peut &ecirc;tre compliqu&eacute; de trouver une famille qui partage les m&ecirc;mes valeurs &eacute;ducatives et dont les besoins en mati&egrave;re de garde correspondent aux v&ocirc;tres. Pour faciliter cette recherche, vous pouvez utiliser des plateformes en ligne d&eacute;di&eacute;es &agrave; la garde partag&eacute;e ou bien demander &agrave; votre entourage.<\/li>\n<li><strong>Gestion du contrat et des d&eacute;marches administratives<\/strong> : La garde partag&eacute;e implique de g&eacute;rer deux contrats de travail et de s&rsquo;occuper des d&eacute;marches administratives li&eacute;es &agrave; l&#8217;embauche d&rsquo;une personne. Pour vous simplifier la vie, vous pouvez faire appel &agrave; un service de gestion administrative qui s&rsquo;occupera pour vous de toutes ces formalit&eacute;s.<\/li>\n<li><strong>Organisation et communication entre les familles<\/strong> : La r&eacute;ussite d&rsquo;une garde partag&eacute;e repose en grande partie sur une bonne communication entre les familles et une organisation rigoureuse. Il est important de se r&eacute;unir r&eacute;guli&egrave;rement pour discuter des &eacute;ventuelles difficult&eacute;s rencontr&eacute;es et ajuster le planning si besoin.<\/li>\n<\/ol>\n<figure><img decoding=\"async\" src=\"https:\/\/yoopies.fr\/c\/wp-content\/uploads\/2024\/06\/zlsf8qwthyxtt0ti-381.jpg\" alt=\"Une famille heureuse est assise sur le sol, riant ensemble dans un salon moderne.\" \/><\/figure>\n<p><h2>L&rsquo;alternative &agrave; la garde partag&eacute;e : l&rsquo;assistante maternelle<\/h2>\n<p>Si la garde partag&eacute;e ne correspond pas &agrave; vos attentes ou si vous rencontrez des difficult&eacute;s pour trouver une famille compatible, sachez qu&rsquo;il existe une autre solution de garde pour vos enfants : l&rsquo;assistante maternelle.<\/p>\n<p><strong>L&rsquo;assistante maternelle<\/strong> est une professionnelle de la petite enfance qui accueille les enfants &agrave; son domicile. Elle dispose d&rsquo;un agr&eacute;ment d&eacute;livr&eacute; par le d&eacute;partement, qui garantit ses comp&eacute;tences et la qualit&eacute; de l&rsquo;accueil qu&rsquo;elle propose. Les parents &eacute;tablissent un contrat de travail avec l&rsquo;assistante maternelle et lui versent un salaire en contrepartie de ses services.<\/p>\n<p>Opter pour une assistante maternelle pr&eacute;sente plusieurs avantages :<\/p>\n<ul>\n<li><strong>Un accueil personnalis&eacute;<\/strong> : L&rsquo;assistante maternelle accueille g&eacute;n&eacute;ralement un nombre limit&eacute; d&rsquo;enfants (en moyenne de 1 &agrave; 4), ce qui lui permet de proposer un accueil individualis&eacute; et adapt&eacute; aux besoins de chaque enfant.<\/li>\n<li><strong>Un cadre s&eacute;curisant et adapt&eacute;<\/strong> : L&rsquo;assistante maternelle am&eacute;nage son domicile pour accueillir les enfants dans des conditions optimales de s&eacute;curit&eacute; et de confort. Elle doit respecter les normes en vigueur et suivre des formations r&eacute;guli&egrave;res pour maintenir ses comp&eacute;tences et son agr&eacute;ment.<\/li>\n<li><strong>Des activit&eacute;s vari&eacute;es<\/strong> : L&rsquo;assistante maternelle propose des activit&eacute;s ludiques et &eacute;ducatives adapt&eacute;es &agrave; l&rsquo;&acirc;ge et au d&eacute;veloppement de chaque enfant. Elle peut participer &agrave; des ateliers organis&eacute;s par des structures d&rsquo;accueil collectif (cr&egrave;ches, haltes-garderies) ou des relais d&rsquo;assistantes maternelles.<\/li>\n<\/ul>\n<p>Cependant, il est important de prendre en compte certains points avant de choisir une assistante maternelle :<\/p>\n<ol>\n<li><strong>Les horaires<\/strong> : Contrairement &agrave; la garde partag&eacute;e, les horaires d&rsquo;accueil chez une assistante maternelle peuvent &ecirc;tre moins flexibles. Il est donc essentiel de bien discuter de vos besoins en mati&egrave;re d&rsquo;horaires et de jours de garde avant de signer le contrat.<\/li>\n<li><strong>Le co&ucirc;t<\/strong> : Le co&ucirc;t d&rsquo;une assistante maternelle peut &ecirc;tre plus &eacute;lev&eacute; que celui de la garde partag&eacute;e, en fonction du nombre d&rsquo;heures et des prestations propos&eacute;es. N&eacute;anmoins, des aides financi&egrave;res existent pour aider les parents &agrave; financer ce mode de garde, notamment le compl&eacute;ment de libre choix du mode de garde (CMG) vers&eacute; par la Caisse d&rsquo;allocations familiales (CAF).<\/li>\n<li><strong>La distance<\/strong> : Selon la localisation de l&rsquo;assistante maternelle, les trajets pour amener et r&eacute;cup&eacute;rer les enfants peuvent &ecirc;tre plus longs que dans le cadre d&rsquo;une garde partag&eacute;e. Il est donc important de prendre en compte cet aspect logistique dans votre choix.<\/li>\n<\/ol>\n<p>La garde partag&eacute;e et l&rsquo;assistante maternelle sont deux modes de garde qui pr&eacute;sentent des avantages et des inconv&eacute;nients. Le choix entre ces deux solutions d&eacute;pendra de vos besoins, de vos contraintes et de vos attentes en mati&egrave;re d&rsquo;&eacute;ducation. Dans tous les cas, il est essentiel de bien r&eacute;fl&eacute;chir &agrave; vos priorit&eacute;s, de vous renseigner sur les diff&eacute;rentes options et de prendre le temps de rencontrer les personnes qui s&rsquo;occuperont de vos enfants. N&rsquo;oubliez pas que le bien-&ecirc;tre et l&rsquo;&eacute;panouissement de vos enfants sont au c&oelig;ur de votre d&eacute;cision.<\/p><\/p>\n","protected":false},"excerpt":{"rendered":"<p>Le guide ultime de la garde partag&eacute;e : avantages, inconv&eacute;nients et alternatives pour les parents soucieux de l&rsquo;&eacute;ducation de leurs &hellip; <\/p>\n","protected":false},"author":10,"featured_media":979,"parent":869,"menu_order":0,"comment_status":"closed","ping_status":"closed","template":"","meta":{"_acf_changed":false,"footnotes":""},"class_list":["post-976","page","type-page","status-publish","has-post-thumbnail","hentry"],"acf":[],"yoast_head":"<!-- This site is optimized with the Yoast SEO plugin v26.9 - https:\/\/yoast.com\/product\/yoast-seo-wordpress\/ -->\n<title>La garde partag\u00e9e - D\u00e9finition<\/title>\n<meta name=\"description\" content=\"D\u00e9couvrez le guide ultime de la garde partag\u00e9e : une option \u00e9conomique et sociale pour vos enfants, offrant flexibilit\u00e9 et \u00e9ducation partag\u00e9e. Explorez avantages, inconv\u00e9nients et alternatives, comme l&#039;assistante maternelle, pour trouver la solution id\u00e9ale.\" \/>\n<meta name=\"robots\" content=\"index, follow, max-snippet:-1, max-image-preview:large, max-video-preview:-1\" \/>\n<link rel=\"canonical\" href=\"https:\/\/yoopies.fr\/c\/garde-enfant\/les-modes-de-garde\/les-autres-modes-de-garde\/la-garde-partagee\/le-guide-ultime-de-la-garde-partagee\/\" \/>\n<meta property=\"og:locale\" content=\"fr_FR\" \/>\n<meta property=\"og:type\" content=\"article\" \/>\n<meta property=\"og:title\" content=\"La garde partag\u00e9e - D\u00e9finition\" \/>\n<meta property=\"og:description\" content=\"D\u00e9couvrez le guide ultime de la garde partag\u00e9e : une option \u00e9conomique et sociale pour vos enfants, offrant flexibilit\u00e9 et \u00e9ducation partag\u00e9e. Explorez avantages, inconv\u00e9nients et alternatives, comme l&#039;assistante maternelle, pour trouver la solution id\u00e9ale.\" \/>\n<meta property=\"og:url\" content=\"https:\/\/yoopies.fr\/c\/garde-enfant\/les-modes-de-garde\/les-autres-modes-de-garde\/la-garde-partagee\/le-guide-ultime-de-la-garde-partagee\/\" \/>\n<meta property=\"og:site_name\" content=\"Le Blog Yoopies\" \/>\n<meta property=\"article:modified_time\" content=\"2025-06-12T07:59:18+00:00\" \/>\n<meta property=\"og:image\" content=\"https:\/\/yoopies.fr\/c\/wp-content\/uploads\/2024\/06\/zlsgbqwthyxtt0tz-392.jpg\" \/>\n\t<meta property=\"og:image:width\" content=\"600\" \/>\n\t<meta property=\"og:image:height\" content=\"300\" \/>\n\t<meta property=\"og:image:type\" content=\"image\/jpeg\" \/>\n<meta name=\"twitter:card\" content=\"summary_large_image\" \/>\n<meta name=\"twitter:label1\" content=\"Dur\u00e9e de lecture estim\u00e9e\" \/>\n\t<meta name=\"twitter:data1\" content=\"8 minutes\" \/>\n<script type=\"application\/ld+json\" class=\"yoast-schema-graph\">{\"@context\":\"https:\/\/schema.org\",\"@graph\":[{\"@type\":\"WebPage\",\"@id\":\"https:\/\/yoopies.fr\/c\/garde-enfant\/les-modes-de-garde\/les-autres-modes-de-garde\/la-garde-partagee\/le-guide-ultime-de-la-garde-partagee\/\",\"url\":\"https:\/\/yoopies.fr\/c\/garde-enfant\/les-modes-de-garde\/les-autres-modes-de-garde\/la-garde-partagee\/le-guide-ultime-de-la-garde-partagee\/\",\"name\":\"La garde partag\u00e9e - D\u00e9finition\",\"isPartOf\":{\"@id\":\"https:\/\/yoopies.fr\/c\/#website\"},\"primaryImageOfPage\":{\"@id\":\"https:\/\/yoopies.fr\/c\/garde-enfant\/les-modes-de-garde\/les-autres-modes-de-garde\/la-garde-partagee\/le-guide-ultime-de-la-garde-partagee\/#primaryimage\"},\"image\":{\"@id\":\"https:\/\/yoopies.fr\/c\/garde-enfant\/les-modes-de-garde\/les-autres-modes-de-garde\/la-garde-partagee\/le-guide-ultime-de-la-garde-partagee\/#primaryimage\"},\"thumbnailUrl\":\"https:\/\/yoopies.fr\/c\/wp-content\/uploads\/2024\/06\/zlsgbqwthyxtt0tz-392.jpg\",\"datePublished\":\"2024-06-11T15:23:50+00:00\",\"dateModified\":\"2025-06-12T07:59:18+00:00\",\"description\":\"D\u00e9couvrez le guide ultime de la garde partag\u00e9e : une option \u00e9conomique et sociale pour vos enfants, offrant flexibilit\u00e9 et \u00e9ducation partag\u00e9e. Explorez avantages, inconv\u00e9nients et alternatives, comme l'assistante maternelle, pour trouver la solution id\u00e9ale.\",\"breadcrumb\":{\"@id\":\"https:\/\/yoopies.fr\/c\/garde-enfant\/les-modes-de-garde\/les-autres-modes-de-garde\/la-garde-partagee\/le-guide-ultime-de-la-garde-partagee\/#breadcrumb\"},\"inLanguage\":\"fr-FR\",\"potentialAction\":[{\"@type\":\"ReadAction\",\"target\":[\"https:\/\/yoopies.fr\/c\/garde-enfant\/les-modes-de-garde\/les-autres-modes-de-garde\/la-garde-partagee\/le-guide-ultime-de-la-garde-partagee\/\"]}]},{\"@type\":\"ImageObject\",\"inLanguage\":\"fr-FR\",\"@id\":\"https:\/\/yoopies.fr\/c\/garde-enfant\/les-modes-de-garde\/les-autres-modes-de-garde\/la-garde-partagee\/le-guide-ultime-de-la-garde-partagee\/#primaryimage\",\"url\":\"https:\/\/yoopies.fr\/c\/wp-content\/uploads\/2024\/06\/zlsgbqwthyxtt0tz-392.jpg\",\"contentUrl\":\"https:\/\/yoopies.fr\/c\/wp-content\/uploads\/2024\/06\/zlsgbqwthyxtt0tz-392.jpg\",\"width\":600,\"height\":300},{\"@type\":\"BreadcrumbList\",\"@id\":\"https:\/\/yoopies.fr\/c\/garde-enfant\/les-modes-de-garde\/les-autres-modes-de-garde\/la-garde-partagee\/le-guide-ultime-de-la-garde-partagee\/#breadcrumb\",\"itemListElement\":[{\"@type\":\"ListItem\",\"position\":1,\"name\":\"Home\",\"item\":\"https:\/\/yoopies.fr\/c\/\"},{\"@type\":\"ListItem\",\"position\":2,\"name\":\"Garde d&rsquo;enfant\",\"item\":\"https:\/\/yoopies.fr\/c\/garde-enfant\/\"},{\"@type\":\"ListItem\",\"position\":3,\"name\":\"Les modes de gardees modes de garde : trouvez la solution id\u00e9ale pour votre enfantLes modes de garde\",\"item\":\"https:\/\/yoopies.fr\/c\/garde-enfant\/les-modes-de-garde\/\"},{\"@type\":\"ListItem\",\"position\":4,\"name\":\"Les autres modes de garde\",\"item\":\"https:\/\/yoopies.fr\/c\/garde-enfant\/les-modes-de-garde\/les-autres-modes-de-garde\/\"},{\"@type\":\"ListItem\",\"position\":5,\"name\":\"Le guide ultime de la garde d&rsquo;enfant en garde partag\u00e9e : trouver le mode id\u00e9al pour vos besoins\",\"item\":\"https:\/\/yoopies.fr\/c\/garde-enfant\/les-modes-de-garde\/les-autres-modes-de-garde\/la-garde-partagee\/\"},{\"@type\":\"ListItem\",\"position\":6,\"name\":\"Le guide ultime de la garde partag\u00e9e : avantages, inconv\u00e9nients et alternatives pour les parents soucieux de l&rsquo;\u00e9ducation de leurs enfants\"}]},{\"@type\":\"WebSite\",\"@id\":\"https:\/\/yoopies.fr\/c\/#website\",\"url\":\"https:\/\/yoopies.fr\/c\/\",\"name\":\"Le Blog Yoopies\",\"description\":\"\",\"publisher\":{\"@id\":\"https:\/\/yoopies.fr\/c\/#organization\"},\"potentialAction\":[{\"@type\":\"SearchAction\",\"target\":{\"@type\":\"EntryPoint\",\"urlTemplate\":\"https:\/\/yoopies.fr\/c\/?s={search_term_string}\"},\"query-input\":{\"@type\":\"PropertyValueSpecification\",\"valueRequired\":true,\"valueName\":\"search_term_string\"}}],\"inLanguage\":\"fr-FR\"},{\"@type\":\"Organization\",\"@id\":\"https:\/\/yoopies.fr\/c\/#organization\",\"name\":\"Le Blog Yoopies\",\"url\":\"https:\/\/yoopies.fr\/c\/\",\"logo\":{\"@type\":\"ImageObject\",\"inLanguage\":\"fr-FR\",\"@id\":\"https:\/\/yoopies.fr\/c\/#\/schema\/logo\/image\/\",\"url\":\"https:\/\/yoopies.fr\/c\/wp-content\/uploads\/2025\/04\/cropped-Logo_Yoopies-2.png\",\"contentUrl\":\"https:\/\/yoopies.fr\/c\/wp-content\/uploads\/2025\/04\/cropped-Logo_Yoopies-2.png\",\"width\":512,\"height\":512,\"caption\":\"Le Blog Yoopies\"},\"image\":{\"@id\":\"https:\/\/yoopies.fr\/c\/#\/schema\/logo\/image\/\"}}]}<\/script>\n<!-- \/ Yoast SEO plugin. -->","yoast_head_json":{"title":"La garde partag\u00e9e - D\u00e9finition","description":"D\u00e9couvrez le guide ultime de la garde partag\u00e9e : une option \u00e9conomique et sociale pour vos enfants, offrant flexibilit\u00e9 et \u00e9ducation partag\u00e9e. Explorez avantages, inconv\u00e9nients et alternatives, comme l'assistante maternelle, pour trouver la solution id\u00e9ale.","robots":{"index":"index","follow":"follow","max-snippet":"max-snippet:-1","max-image-preview":"max-image-preview:large","max-video-preview":"max-video-preview:-1"},"canonical":"https:\/\/yoopies.fr\/c\/garde-enfant\/les-modes-de-garde\/les-autres-modes-de-garde\/la-garde-partagee\/le-guide-ultime-de-la-garde-partagee\/","og_locale":"fr_FR","og_type":"article","og_title":"La garde partag\u00e9e - D\u00e9finition","og_description":"D\u00e9couvrez le guide ultime de la garde partag\u00e9e : une option \u00e9conomique et sociale pour vos enfants, offrant flexibilit\u00e9 et \u00e9ducation partag\u00e9e. Explorez avantages, inconv\u00e9nients et alternatives, comme l'assistante maternelle, pour trouver la solution id\u00e9ale.","og_url":"https:\/\/yoopies.fr\/c\/garde-enfant\/les-modes-de-garde\/les-autres-modes-de-garde\/la-garde-partagee\/le-guide-ultime-de-la-garde-partagee\/","og_site_name":"Le Blog Yoopies","article_modified_time":"2025-06-12T07:59:18+00:00","og_image":[{"width":600,"height":300,"url":"https:\/\/yoopies.fr\/c\/wp-content\/uploads\/2024\/06\/zlsgbqwthyxtt0tz-392.jpg","type":"image\/jpeg"}],"twitter_card":"summary_large_image","twitter_misc":{"Dur\u00e9e de lecture estim\u00e9e":"8 minutes"},"schema":{"@context":"https:\/\/schema.org","@graph":[{"@type":"WebPage","@id":"https:\/\/yoopies.fr\/c\/garde-enfant\/les-modes-de-garde\/les-autres-modes-de-garde\/la-garde-partagee\/le-guide-ultime-de-la-garde-partagee\/","url":"https:\/\/yoopies.fr\/c\/garde-enfant\/les-modes-de-garde\/les-autres-modes-de-garde\/la-garde-partagee\/le-guide-ultime-de-la-garde-partagee\/","name":"La garde partag\u00e9e - D\u00e9finition","isPartOf":{"@id":"https:\/\/yoopies.fr\/c\/#website"},"primaryImageOfPage":{"@id":"https:\/\/yoopies.fr\/c\/garde-enfant\/les-modes-de-garde\/les-autres-modes-de-garde\/la-garde-partagee\/le-guide-ultime-de-la-garde-partagee\/#primaryimage"},"image":{"@id":"https:\/\/yoopies.fr\/c\/garde-enfant\/les-modes-de-garde\/les-autres-modes-de-garde\/la-garde-partagee\/le-guide-ultime-de-la-garde-partagee\/#primaryimage"},"thumbnailUrl":"https:\/\/yoopies.fr\/c\/wp-content\/uploads\/2024\/06\/zlsgbqwthyxtt0tz-392.jpg","datePublished":"2024-06-11T15:23:50+00:00","dateModified":"2025-06-12T07:59:18+00:00","description":"D\u00e9couvrez le guide ultime de la garde partag\u00e9e : une option \u00e9conomique et sociale pour vos enfants, offrant flexibilit\u00e9 et \u00e9ducation partag\u00e9e. Explorez avantages, inconv\u00e9nients et alternatives, comme l'assistante maternelle, pour trouver la solution id\u00e9ale.","breadcrumb":{"@id":"https:\/\/yoopies.fr\/c\/garde-enfant\/les-modes-de-garde\/les-autres-modes-de-garde\/la-garde-partagee\/le-guide-ultime-de-la-garde-partagee\/#breadcrumb"},"inLanguage":"fr-FR","potentialAction":[{"@type":"ReadAction","target":["https:\/\/yoopies.fr\/c\/garde-enfant\/les-modes-de-garde\/les-autres-modes-de-garde\/la-garde-partagee\/le-guide-ultime-de-la-garde-partagee\/"]}]},{"@type":"ImageObject","inLanguage":"fr-FR","@id":"https:\/\/yoopies.fr\/c\/garde-enfant\/les-modes-de-garde\/les-autres-modes-de-garde\/la-garde-partagee\/le-guide-ultime-de-la-garde-partagee\/#primaryimage","url":"https:\/\/yoopies.fr\/c\/wp-content\/uploads\/2024\/06\/zlsgbqwthyxtt0tz-392.jpg","contentUrl":"https:\/\/yoopies.fr\/c\/wp-content\/uploads\/2024\/06\/zlsgbqwthyxtt0tz-392.jpg","width":600,"height":300},{"@type":"BreadcrumbList","@id":"https:\/\/yoopies.fr\/c\/garde-enfant\/les-modes-de-garde\/les-autres-modes-de-garde\/la-garde-partagee\/le-guide-ultime-de-la-garde-partagee\/#breadcrumb","itemListElement":[{"@type":"ListItem","position":1,"name":"Home","item":"https:\/\/yoopies.fr\/c\/"},{"@type":"ListItem","position":2,"name":"Garde d&rsquo;enfant","item":"https:\/\/yoopies.fr\/c\/garde-enfant\/"},{"@type":"ListItem","position":3,"name":"Les modes de gardees modes de garde : trouvez la solution id\u00e9ale pour votre enfantLes modes de garde","item":"https:\/\/yoopies.fr\/c\/garde-enfant\/les-modes-de-garde\/"},{"@type":"ListItem","position":4,"name":"Les autres modes de garde","item":"https:\/\/yoopies.fr\/c\/garde-enfant\/les-modes-de-garde\/les-autres-modes-de-garde\/"},{"@type":"ListItem","position":5,"name":"Le guide ultime de la garde d&rsquo;enfant en garde partag\u00e9e : trouver le mode id\u00e9al pour vos besoins","item":"https:\/\/yoopies.fr\/c\/garde-enfant\/les-modes-de-garde\/les-autres-modes-de-garde\/la-garde-partagee\/"},{"@type":"ListItem","position":6,"name":"Le guide ultime de la garde partag\u00e9e : avantages, inconv\u00e9nients et alternatives pour les parents soucieux de l&rsquo;\u00e9ducation de leurs enfants"}]},{"@type":"WebSite","@id":"https:\/\/yoopies.fr\/c\/#website","url":"https:\/\/yoopies.fr\/c\/","name":"Le Blog Yoopies","description":"","publisher":{"@id":"https:\/\/yoopies.fr\/c\/#organization"},"potentialAction":[{"@type":"SearchAction","target":{"@type":"EntryPoint","urlTemplate":"https:\/\/yoopies.fr\/c\/?s={search_term_string}"},"query-input":{"@type":"PropertyValueSpecification","valueRequired":true,"valueName":"search_term_string"}}],"inLanguage":"fr-FR"},{"@type":"Organization","@id":"https:\/\/yoopies.fr\/c\/#organization","name":"Le Blog Yoopies","url":"https:\/\/yoopies.fr\/c\/","logo":{"@type":"ImageObject","inLanguage":"fr-FR","@id":"https:\/\/yoopies.fr\/c\/#\/schema\/logo\/image\/","url":"https:\/\/yoopies.fr\/c\/wp-content\/uploads\/2025\/04\/cropped-Logo_Yoopies-2.png","contentUrl":"https:\/\/yoopies.fr\/c\/wp-content\/uploads\/2025\/04\/cropped-Logo_Yoopies-2.png","width":512,"height":512,"caption":"Le Blog Yoopies"},"image":{"@id":"https:\/\/yoopies.fr\/c\/#\/schema\/logo\/image\/"}}]}},"_links":{"self":[{"href":"https:\/\/yoopies.fr\/c\/wp-json\/wp\/v2\/pages\/976","targetHints":{"allow":["GET"]}}],"collection":[{"href":"https:\/\/yoopies.fr\/c\/wp-json\/wp\/v2\/pages"}],"about":[{"href":"https:\/\/yoopies.fr\/c\/wp-json\/wp\/v2\/types\/page"}],"author":[{"embeddable":true,"href":"https:\/\/yoopies.fr\/c\/wp-json\/wp\/v2\/users\/10"}],"replies":[{"embeddable":true,"href":"https:\/\/yoopies.fr\/c\/wp-json\/wp\/v2\/comments?post=976"}],"version-history":[{"count":1,"href":"https:\/\/yoopies.fr\/c\/wp-json\/wp\/v2\/pages\/976\/revisions"}],"predecessor-version":[{"id":980,"href":"https:\/\/yoopies.fr\/c\/wp-json\/wp\/v2\/pages\/976\/revisions\/980"}],"up":[{"embeddable":true,"href":"https:\/\/yoopies.fr\/c\/wp-json\/wp\/v2\/pages\/869"}],"wp:featuredmedia":[{"embeddable":true,"href":"https:\/\/yoopies.fr\/c\/wp-json\/wp\/v2\/media\/979"}],"wp:attachment":[{"href":"https:\/\/yoopies.fr\/c\/wp-json\/wp\/v2\/media?parent=976"}],"curies":[{"name":"wp","href":"https:\/\/api.w.org\/{rel}","templated":true}]}}