{"id":884,"date":"2024-05-24T13:00:11","date_gmt":"2024-05-24T13:00:11","guid":{"rendered":"https:\/\/blog.yoopies.fr\/garde-enfant\/conseils-garde-enfants\/conseils-aux-parents\/horaires-atypiques\/guide-de-garde-enfants-pour-parents-travaillant-le-week-end\/"},"modified":"2025-06-12T07:58:59","modified_gmt":"2025-06-12T07:58:59","slug":"guide-de-garde-enfants-pour-parents-travaillant-le-week-end","status":"publish","type":"page","link":"https:\/\/yoopies.fr\/c\/garde-enfant\/conseils-garde-enfants\/conseils-aux-parents\/horaires-atypiques\/guide-de-garde-enfants-pour-parents-travaillant-le-week-end\/","title":{"rendered":"Le guide ultime pour les parents qui travaillent le week-end : tout ce qu&rsquo;il faut savoir sur la garde d&rsquo;enfant occasionnelle ou r\u00e9guli\u00e8re"},"content":{"rendered":"<p><p>En tant que parent, il n&rsquo;est pas toujours facile de concilier vie professionnelle et vie familiale, surtout lorsque l&rsquo;on travaille le week-end.<\/p>\n<p>Trouver une solution de garde adapt&eacute;e &agrave; ses besoins et &agrave; ceux de son enfant peut vite devenir un casse-t&ecirc;te. Pas de panique !<\/p>\n<p>Cet article vous propose un tour d&rsquo;horizon complet des diff&eacute;rentes options de garde d&rsquo;enfant disponibles pour les parents qui travaillent le week-end, que ce soit de mani&egrave;re r&eacute;guli&egrave;re ou ponctuelle.<\/p>\n<p>Nous aborderons la question de la garde d&rsquo;enfant en cas de d&eacute;placement professionnel dans la conclusion.<\/p>\n<h2>Les diff&eacute;rentes formes de garde d&rsquo;enfant pour les week-ends<\/h2>\n<p>Avant de se lancer dans la recherche d&rsquo;une solution de garde, il est important de conna&icirc;tre les diff&eacute;rentes options qui s&rsquo;offrent &agrave; vous.<\/p>\n<ul>\n<li><strong>La garde partag&eacute;e<\/strong> : cette solution consiste &agrave; partager une nounou avec une autre famille. Les enfants sont gard&eacute;s ensemble, alternativement au domicile de chacun des parents. Cette solution peut &ecirc;tre &eacute;conomique et pratique pour les week-ends.<\/li>\n<li><strong>La baby-sitter<\/strong> : il s&rsquo;agit d&rsquo;une personne, g&eacute;n&eacute;ralement jeune (&eacute;tudiant(e), lyc&eacute;en(ne)), qui vient garder votre enfant &agrave; votre domicile pendant votre absence. La baby-sitter peut &ecirc;tre occasionnelle ou r&eacute;guli&egrave;re.<\/li>\n<li><strong>L&rsquo;assistante maternelle<\/strong> : cette professionnelle de la petite enfance accueille les enfants &agrave; son domicile et propose des activit&eacute;s d&rsquo;&eacute;veil et de socialisation. Certaines assistantes maternelles acceptent de travailler le week-end, mais elles sont plus rares.<\/li>\n<li><strong>Les structures d&rsquo;accueil collectif<\/strong> : halte-garderies, cr&egrave;ches ou centres de loisirs proposent parfois des accueils occasionnels le week-end. Toutefois, ces structures sont souvent ferm&eacute;es le dimanche.<\/li>\n<li><strong>Les grands-parents ou autres membres de la famille<\/strong> : si vous avez la chance d&rsquo;avoir des proches disponibles et volontaires, ils peuvent &ecirc;tre une solution de garde pr&eacute;cieuse.<\/li>\n<\/ul>\n<p><strong>Vous devez r&eacute;guli&egrave;rement vous absenter pour des raisons professionnelles ? <a target=\"_self\" rel=\"noopener\" href=\"https:\/\/yoopies.fr\/c\/garde-enfant\/conseils-garde-enfants\/conseils-aux-parents\/horaires-atypiques\/solutions-de-garde-enfants-pour-deplacements-professionnels\/\">Apprenez &agrave; organiser la garde de votre enfant<\/a> de mani&egrave;re efficace pendant vos absences.<\/strong><\/p>\n<\/p>\n<figure><img decoding=\"async\" src=\"https:\/\/yoopies.fr\/c\/wp-content\/uploads\/2024\/05\/zlbr8col0zci9a3w-31-1.jpg\" alt=\"Une m\u00e8re travaille sur un ordinateur portable tandis que ses enfants jouent en arri\u00e8re-plan.\" \/><\/figure>\n<p><h2>Les crit&egrave;res &agrave; prendre en compte pour choisir la meilleure solution de garde<\/h2>\n<p>Pour trouver la solution de garde la plus adapt&eacute;e &agrave; vos besoins et &agrave; ceux de votre enfant, plusieurs facteurs sont &agrave; consid&eacute;rer.<\/p>\n<ol>\n<li><strong>Le budget<\/strong> : selon la solution de garde choisie, le co&ucirc;t peut varier du simple au double. Il est donc important de d&eacute;terminer la somme que vous &ecirc;tes pr&ecirc;t &agrave; investir dans la garde de votre enfant.<\/li>\n<li><strong>Le rythme et les horaires de travail<\/strong> : si vous travaillez r&eacute;guli&egrave;rement le week-end, il est pr&eacute;f&eacute;rable d&rsquo;opter pour une solution de garde r&eacute;guli&egrave;re. En revanche, si vos besoins sont ponctuels, une baby-sitter occasionnelle peut suffire.<\/li>\n<li><strong>Les besoins et le caract&egrave;re de votre enfant<\/strong> : chaque enfant est unique et a des besoins sp&eacute;cifiques. Certains enfants seront plus &agrave; l&rsquo;aise dans une structure collective, tandis que d&rsquo;autres pr&eacute;f&eacute;reront &ecirc;tre gard&eacute;s &agrave; domicile.<\/li>\n<li><strong>La proximit&eacute; et la disponibilit&eacute; des solutions de garde<\/strong> : il est essentiel de choisir une solution de garde qui soit proche de votre domicile et dont les horaires correspondent &agrave; vos besoins. N&rsquo;h&eacute;sitez pas &agrave; vous renseigner aupr&egrave;s de votre mairie ou de votre r&eacute;seau local pour conna&icirc;tre les options disponibles dans votre secteur.<\/li>\n<\/ol>\n<h2>Les d&eacute;marches administratives et financi&egrave;res li&eacute;es &agrave; la garde d&rsquo;enfant<\/h2>\n<p>La garde d&rsquo;enfant implique certaines d&eacute;marches administratives et financi&egrave;res qu&rsquo;il est important de conna&icirc;tre et de ma&icirc;triser.<\/p>\n<p>Dans le cas d&rsquo;une <strong>garde partag&eacute;e<\/strong>, les deux familles doivent &eacute;tablir un contrat de travail pour la nounou et partager les frais (salaire, charges sociales, indemnit&eacute;s d&rsquo;entretien, etc.). Il est recommand&eacute; de faire appel &agrave; une association ou une entreprise sp&eacute;cialis&eacute;e pour vous aider dans ces d&eacute;marches.<\/p>\n<p>Pour employer une <strong>baby-sitter<\/strong> ou une <strong>assistante maternelle<\/strong>, vous devez &eacute;tablir un contrat de travail, d&eacute;clarer votre salari&eacute; aupr&egrave;s de l&rsquo;URSSAF et payer les charges sociales. Vous pouvez b&eacute;n&eacute;ficier d&rsquo;aides financi&egrave;res de la part de la CAF (Prestation d&rsquo;accueil du jeune enfant, PAJE) et d&rsquo;un cr&eacute;dit d&rsquo;imp&ocirc;t pour la garde d&rsquo;enfant.<\/p>\n<p>Concernant les <strong>structures d&rsquo;accueil collectif<\/strong>, les tarifs sont g&eacute;n&eacute;ralement calcul&eacute;s en fonction de vos ressources et du nombre d&rsquo;heures de garde. Vous pouvez b&eacute;n&eacute;ficier de la PAJE pour financer une partie des frais de garde.<\/p>\n<p>Enfin, si vous faites appel &agrave; un membre de votre <strong>famille<\/strong> pour garder votre enfant, les d&eacute;marches administratives sont plus simples. Vous pouvez &eacute;tablir une convention d&rsquo;accueil temporaire, qui permet de d&eacute;finir les modalit&eacute;s de la garde (horaires, indemnit&eacute;s, etc.).<\/p>\n<\/p>\n<p><strong>Travailler de nuit n&eacute;cessite une organisation particuli&egrave;re. D&eacute;couvrez <a target=\"_self\" rel=\"noopener\" href=\"https:\/\/yoopies.fr\/c\/garde-enfant\/conseils-garde-enfants\/conseils-aux-parents\/horaires-atypiques\/guide-de-garde-enfants-pour-parents-travaillant-de-nuit\/\">nos conseils<\/a> pour choisir la solution de garde la plus adapt&eacute;e et assurer le bien-&ecirc;tre de votre enfant.<\/strong><\/p>\n<\/p>\n<figure><img decoding=\"async\" src=\"https:\/\/yoopies.fr\/c\/wp-content\/uploads\/2024\/05\/zlbr7sol0zci9a3v-102.jpg\" alt=\"Deux parents travaillent dur le soir.\" \/><\/figure>\n<p><h2>Comment s&rsquo;organiser pour faciliter la garde d&rsquo;enfant le week-end ?<\/h2>\n<p>Une fois la solution de garde choisie, il est important de bien s&rsquo;organiser pour que tout se passe au mieux pour vous et votre enfant.<\/p>\n<ul>\n<li><strong>Pr&eacute;parer un planning<\/strong> : il est essentiel d&rsquo;&eacute;tablir un planning pr&eacute;cis des jours et heures de garde, en tenant compte de votre emploi du temps professionnel et des disponibilit&eacute;s de la personne ou de la structure qui gardera votre enfant.<\/li>\n<li><strong>Anticiper les impr&eacute;vus<\/strong> : maladies, retards, changements de planning&#8230; Les impr&eacute;vus peuvent vite perturber l&rsquo;organisation de la garde d&rsquo;enfant. Pr&eacute;voyez un plan B et communiquez avec la personne ou la structure qui garde votre enfant pour vous adapter rapidement aux changements.<\/li>\n<li><strong>Pr&eacute;parer votre enfant<\/strong> : expliquez-lui pourquoi il doit &ecirc;tre gard&eacute; le week-end et rassurez-le en lui pr&eacute;sentant la personne ou la structure qui s&rsquo;occupera de lui. N&rsquo;h&eacute;sitez pas &agrave; passer du temps avec votre enfant et la personne qui le gardera avant le d&eacute;but de la garde, afin qu&rsquo;ils puissent cr&eacute;er un lien de confiance.<\/li>\n<li><strong>Organiser les activit&eacute;s et les repas<\/strong> : pour que votre enfant se sente bien pendant la garde, il est important de pr&eacute;voir des activit&eacute;s adapt&eacute;es &agrave; ses go&ucirc;ts et &agrave; son &acirc;ge, ainsi que des repas &eacute;quilibr&eacute;s. Cela permettra &agrave; la personne qui le gardera de mieux conna&icirc;tre ses besoins et ses pr&eacute;f&eacute;rences.<\/li>\n<li><strong>Instaurer une routine<\/strong> : m&ecirc;me si la garde d&rsquo;enfant a lieu le week-end, il est important d&rsquo;instaurer une routine pour que votre enfant se rep&egrave;re dans le temps et se sente en s&eacute;curit&eacute;. Par exemple, essayez de maintenir les m&ecirc;mes horaires de repas, de sieste et de coucher.<\/li>\n<li><strong>Maintenir le lien avec votre enfant<\/strong> : m&ecirc;me si vous travaillez le week-end, il est essentiel de garder un lien avec votre enfant. Prenez le temps de l&rsquo;appeler ou de lui envoyer des messages pour prendre de ses nouvelles et lui montrer que vous pensez &agrave; lui.<\/li>\n<\/ul>\n<p>La garde d&rsquo;enfant le week-end peut &ecirc;tre un v&eacute;ritable d&eacute;fi pour les parents qui travaillent. Cependant, en connaissant les diff&eacute;rentes options de garde, en prenant en compte les crit&egrave;res importants pour choisir la meilleure solution, en ma&icirc;trisant les d&eacute;marches administratives et financi&egrave;res et en s&rsquo;organisant efficacement, il est possible de trouver une solution adapt&eacute;e &agrave; vos besoins et &agrave; ceux de votre enfant.<\/p>\n<p>De plus, a noter que les besoins de garde d&rsquo;enfant peuvent se pr&eacute;senter en cas de d&eacute;placement professionnel. Dans ce contexte, certaines des solutions pr&eacute;sent&eacute;es dans cet article peuvent &ecirc;tre adapt&eacute;es, comme la garde partag&eacute;e, la baby-sitter, l&rsquo;assistante maternelle ou encore les structures d&rsquo;accueil collectif. N&rsquo;h&eacute;sitez pas &agrave; anticiper ces situations pour vous assurer une s&eacute;r&eacute;nit&eacute; maximale lors de vos d&eacute;placements professionnels.<\/p>\n<p><strong>En t&eacute;l&eacute;travail, g&eacute;rer la garde de vos enfants peut &ecirc;tre un d&eacute;fi. Voici <a target=\"_self\" rel=\"noopener\" href=\"https:\/\/yoopies.fr\/c\/garde-enfant\/conseils-garde-enfants\/conseils-aux-parents\/horaires-atypiques\/teletravail-et-garde-enfants-strategies-pour-parents\/\">comment concilier ces deux aspects de votre vie de mani&egrave;re harmonieuse et efficace<\/a>.<\/strong><\/p><\/p>\n","protected":false},"excerpt":{"rendered":"<p>En tant que parent, il n&rsquo;est pas toujours facile de concilier vie professionnelle et vie familiale, surtout lorsque l&rsquo;on travaille &hellip; <\/p>\n","protected":false},"author":10,"featured_media":887,"parent":621,"menu_order":0,"comment_status":"closed","ping_status":"closed","template":"","meta":{"_acf_changed":false,"footnotes":""},"class_list":["post-884","page","type-page","status-publish","has-post-thumbnail","hentry"],"acf":[],"yoast_head":"<!-- This site is optimized with the Yoast SEO plugin v26.9 - https:\/\/yoast.com\/product\/yoast-seo-wordpress\/ -->\n<title>Guide de garde d&#039;enfants pour parents travaillant le week-end | Blog<\/title>\n<meta name=\"description\" content=\"Explorez les meilleures options de garde d&#039;enfants pour les parents travaillant le week-end. Trouvez des solutions flexibles et adapt\u00e9es, des crit\u00e8res de choix, et des d\u00e9marches pour une organisation sans stress. Parfait pour les besoins occasionnels ou r\u00e9guliers.\" \/>\n<meta name=\"robots\" content=\"index, follow, max-snippet:-1, max-image-preview:large, max-video-preview:-1\" \/>\n<link rel=\"canonical\" href=\"https:\/\/yoopies.fr\/c\/garde-enfant\/conseils-garde-enfants\/conseils-aux-parents\/horaires-atypiques\/guide-de-garde-enfants-pour-parents-travaillant-le-week-end\/\" \/>\n<meta property=\"og:locale\" content=\"fr_FR\" \/>\n<meta property=\"og:type\" content=\"article\" \/>\n<meta property=\"og:title\" content=\"Guide de garde d&#039;enfants pour parents travaillant le week-end | Blog\" \/>\n<meta property=\"og:description\" content=\"Explorez les meilleures options de garde d&#039;enfants pour les parents travaillant le week-end. Trouvez des solutions flexibles et adapt\u00e9es, des crit\u00e8res de choix, et des d\u00e9marches pour une organisation sans stress. Parfait pour les besoins occasionnels ou r\u00e9guliers.\" \/>\n<meta property=\"og:url\" content=\"https:\/\/yoopies.fr\/c\/garde-enfant\/conseils-garde-enfants\/conseils-aux-parents\/horaires-atypiques\/guide-de-garde-enfants-pour-parents-travaillant-le-week-end\/\" \/>\n<meta property=\"og:site_name\" content=\"Le Blog Yoopies\" \/>\n<meta property=\"article:modified_time\" content=\"2025-06-12T07:58:59+00:00\" \/>\n<meta property=\"og:image\" content=\"https:\/\/yoopies.fr\/c\/wp-content\/uploads\/2024\/05\/zlbr5col0zci9a3t-5.jpg\" \/>\n\t<meta property=\"og:image:width\" content=\"600\" \/>\n\t<meta property=\"og:image:height\" content=\"300\" \/>\n\t<meta property=\"og:image:type\" content=\"image\/jpeg\" \/>\n<meta name=\"twitter:card\" content=\"summary_large_image\" \/>\n<meta name=\"twitter:label1\" content=\"Dur\u00e9e de lecture estim\u00e9e\" \/>\n\t<meta name=\"twitter:data1\" content=\"7 minutes\" \/>\n<script type=\"application\/ld+json\" class=\"yoast-schema-graph\">{\"@context\":\"https:\/\/schema.org\",\"@graph\":[{\"@type\":\"WebPage\",\"@id\":\"https:\/\/yoopies.fr\/c\/garde-enfant\/conseils-garde-enfants\/conseils-aux-parents\/horaires-atypiques\/guide-de-garde-enfants-pour-parents-travaillant-le-week-end\/\",\"url\":\"https:\/\/yoopies.fr\/c\/garde-enfant\/conseils-garde-enfants\/conseils-aux-parents\/horaires-atypiques\/guide-de-garde-enfants-pour-parents-travaillant-le-week-end\/\",\"name\":\"Guide de garde d'enfants pour parents travaillant le week-end | Blog\",\"isPartOf\":{\"@id\":\"https:\/\/yoopies.fr\/c\/#website\"},\"primaryImageOfPage\":{\"@id\":\"https:\/\/yoopies.fr\/c\/garde-enfant\/conseils-garde-enfants\/conseils-aux-parents\/horaires-atypiques\/guide-de-garde-enfants-pour-parents-travaillant-le-week-end\/#primaryimage\"},\"image\":{\"@id\":\"https:\/\/yoopies.fr\/c\/garde-enfant\/conseils-garde-enfants\/conseils-aux-parents\/horaires-atypiques\/guide-de-garde-enfants-pour-parents-travaillant-le-week-end\/#primaryimage\"},\"thumbnailUrl\":\"https:\/\/yoopies.fr\/c\/wp-content\/uploads\/2024\/05\/zlbr5col0zci9a3t-5.jpg\",\"datePublished\":\"2024-05-24T13:00:11+00:00\",\"dateModified\":\"2025-06-12T07:58:59+00:00\",\"description\":\"Explorez les meilleures options de garde d'enfants pour les parents travaillant le week-end. Trouvez des solutions flexibles et adapt\u00e9es, des crit\u00e8res de choix, et des d\u00e9marches pour une organisation sans stress. Parfait pour les besoins occasionnels ou r\u00e9guliers.\",\"breadcrumb\":{\"@id\":\"https:\/\/yoopies.fr\/c\/garde-enfant\/conseils-garde-enfants\/conseils-aux-parents\/horaires-atypiques\/guide-de-garde-enfants-pour-parents-travaillant-le-week-end\/#breadcrumb\"},\"inLanguage\":\"fr-FR\",\"potentialAction\":[{\"@type\":\"ReadAction\",\"target\":[\"https:\/\/yoopies.fr\/c\/garde-enfant\/conseils-garde-enfants\/conseils-aux-parents\/horaires-atypiques\/guide-de-garde-enfants-pour-parents-travaillant-le-week-end\/\"]}]},{\"@type\":\"ImageObject\",\"inLanguage\":\"fr-FR\",\"@id\":\"https:\/\/yoopies.fr\/c\/garde-enfant\/conseils-garde-enfants\/conseils-aux-parents\/horaires-atypiques\/guide-de-garde-enfants-pour-parents-travaillant-le-week-end\/#primaryimage\",\"url\":\"https:\/\/yoopies.fr\/c\/wp-content\/uploads\/2024\/05\/zlbr5col0zci9a3t-5.jpg\",\"contentUrl\":\"https:\/\/yoopies.fr\/c\/wp-content\/uploads\/2024\/05\/zlbr5col0zci9a3t-5.jpg\",\"width\":600,\"height\":300},{\"@type\":\"BreadcrumbList\",\"@id\":\"https:\/\/yoopies.fr\/c\/garde-enfant\/conseils-garde-enfants\/conseils-aux-parents\/horaires-atypiques\/guide-de-garde-enfants-pour-parents-travaillant-le-week-end\/#breadcrumb\",\"itemListElement\":[{\"@type\":\"ListItem\",\"position\":1,\"name\":\"Home\",\"item\":\"https:\/\/yoopies.fr\/c\/\"},{\"@type\":\"ListItem\",\"position\":2,\"name\":\"Garde d&rsquo;enfant\",\"item\":\"https:\/\/yoopies.fr\/c\/garde-enfant\/\"},{\"@type\":\"ListItem\",\"position\":3,\"name\":\"Conseils | Garde d&rsquo;enfants\",\"item\":\"https:\/\/yoopies.fr\/c\/garde-enfant\/conseils-garde-enfants\/\"},{\"@type\":\"ListItem\",\"position\":4,\"name\":\"Conseils aux parents\",\"item\":\"https:\/\/yoopies.fr\/c\/garde-enfant\/conseils-garde-enfants\/conseils-aux-parents\/\"},{\"@type\":\"ListItem\",\"position\":5,\"name\":\"Comment jongler entre garde d&rsquo;enfants et travail aux horaires atypiques ?\",\"item\":\"https:\/\/yoopies.fr\/c\/garde-enfant\/conseils-garde-enfants\/conseils-aux-parents\/horaires-atypiques\/\"},{\"@type\":\"ListItem\",\"position\":6,\"name\":\"Le guide ultime pour les parents qui travaillent le week-end : tout ce qu&rsquo;il faut savoir sur la garde d&rsquo;enfant occasionnelle ou r\u00e9guli\u00e8re\"}]},{\"@type\":\"WebSite\",\"@id\":\"https:\/\/yoopies.fr\/c\/#website\",\"url\":\"https:\/\/yoopies.fr\/c\/\",\"name\":\"Le Blog Yoopies\",\"description\":\"\",\"publisher\":{\"@id\":\"https:\/\/yoopies.fr\/c\/#organization\"},\"potentialAction\":[{\"@type\":\"SearchAction\",\"target\":{\"@type\":\"EntryPoint\",\"urlTemplate\":\"https:\/\/yoopies.fr\/c\/?s={search_term_string}\"},\"query-input\":{\"@type\":\"PropertyValueSpecification\",\"valueRequired\":true,\"valueName\":\"search_term_string\"}}],\"inLanguage\":\"fr-FR\"},{\"@type\":\"Organization\",\"@id\":\"https:\/\/yoopies.fr\/c\/#organization\",\"name\":\"Le Blog Yoopies\",\"url\":\"https:\/\/yoopies.fr\/c\/\",\"logo\":{\"@type\":\"ImageObject\",\"inLanguage\":\"fr-FR\",\"@id\":\"https:\/\/yoopies.fr\/c\/#\/schema\/logo\/image\/\",\"url\":\"https:\/\/yoopies.fr\/c\/wp-content\/uploads\/2025\/04\/cropped-Logo_Yoopies-2.png\",\"contentUrl\":\"https:\/\/yoopies.fr\/c\/wp-content\/uploads\/2025\/04\/cropped-Logo_Yoopies-2.png\",\"width\":512,\"height\":512,\"caption\":\"Le Blog Yoopies\"},\"image\":{\"@id\":\"https:\/\/yoopies.fr\/c\/#\/schema\/logo\/image\/\"}}]}<\/script>\n<!-- \/ Yoast SEO plugin. -->","yoast_head_json":{"title":"Guide de garde d'enfants pour parents travaillant le week-end | Blog","description":"Explorez les meilleures options de garde d'enfants pour les parents travaillant le week-end. Trouvez des solutions flexibles et adapt\u00e9es, des crit\u00e8res de choix, et des d\u00e9marches pour une organisation sans stress. Parfait pour les besoins occasionnels ou r\u00e9guliers.","robots":{"index":"index","follow":"follow","max-snippet":"max-snippet:-1","max-image-preview":"max-image-preview:large","max-video-preview":"max-video-preview:-1"},"canonical":"https:\/\/yoopies.fr\/c\/garde-enfant\/conseils-garde-enfants\/conseils-aux-parents\/horaires-atypiques\/guide-de-garde-enfants-pour-parents-travaillant-le-week-end\/","og_locale":"fr_FR","og_type":"article","og_title":"Guide de garde d'enfants pour parents travaillant le week-end | Blog","og_description":"Explorez les meilleures options de garde d'enfants pour les parents travaillant le week-end. Trouvez des solutions flexibles et adapt\u00e9es, des crit\u00e8res de choix, et des d\u00e9marches pour une organisation sans stress. Parfait pour les besoins occasionnels ou r\u00e9guliers.","og_url":"https:\/\/yoopies.fr\/c\/garde-enfant\/conseils-garde-enfants\/conseils-aux-parents\/horaires-atypiques\/guide-de-garde-enfants-pour-parents-travaillant-le-week-end\/","og_site_name":"Le Blog Yoopies","article_modified_time":"2025-06-12T07:58:59+00:00","og_image":[{"width":600,"height":300,"url":"https:\/\/yoopies.fr\/c\/wp-content\/uploads\/2024\/05\/zlbr5col0zci9a3t-5.jpg","type":"image\/jpeg"}],"twitter_card":"summary_large_image","twitter_misc":{"Dur\u00e9e de lecture estim\u00e9e":"7 minutes"},"schema":{"@context":"https:\/\/schema.org","@graph":[{"@type":"WebPage","@id":"https:\/\/yoopies.fr\/c\/garde-enfant\/conseils-garde-enfants\/conseils-aux-parents\/horaires-atypiques\/guide-de-garde-enfants-pour-parents-travaillant-le-week-end\/","url":"https:\/\/yoopies.fr\/c\/garde-enfant\/conseils-garde-enfants\/conseils-aux-parents\/horaires-atypiques\/guide-de-garde-enfants-pour-parents-travaillant-le-week-end\/","name":"Guide de garde d'enfants pour parents travaillant le week-end | Blog","isPartOf":{"@id":"https:\/\/yoopies.fr\/c\/#website"},"primaryImageOfPage":{"@id":"https:\/\/yoopies.fr\/c\/garde-enfant\/conseils-garde-enfants\/conseils-aux-parents\/horaires-atypiques\/guide-de-garde-enfants-pour-parents-travaillant-le-week-end\/#primaryimage"},"image":{"@id":"https:\/\/yoopies.fr\/c\/garde-enfant\/conseils-garde-enfants\/conseils-aux-parents\/horaires-atypiques\/guide-de-garde-enfants-pour-parents-travaillant-le-week-end\/#primaryimage"},"thumbnailUrl":"https:\/\/yoopies.fr\/c\/wp-content\/uploads\/2024\/05\/zlbr5col0zci9a3t-5.jpg","datePublished":"2024-05-24T13:00:11+00:00","dateModified":"2025-06-12T07:58:59+00:00","description":"Explorez les meilleures options de garde d'enfants pour les parents travaillant le week-end. Trouvez des solutions flexibles et adapt\u00e9es, des crit\u00e8res de choix, et des d\u00e9marches pour une organisation sans stress. Parfait pour les besoins occasionnels ou r\u00e9guliers.","breadcrumb":{"@id":"https:\/\/yoopies.fr\/c\/garde-enfant\/conseils-garde-enfants\/conseils-aux-parents\/horaires-atypiques\/guide-de-garde-enfants-pour-parents-travaillant-le-week-end\/#breadcrumb"},"inLanguage":"fr-FR","potentialAction":[{"@type":"ReadAction","target":["https:\/\/yoopies.fr\/c\/garde-enfant\/conseils-garde-enfants\/conseils-aux-parents\/horaires-atypiques\/guide-de-garde-enfants-pour-parents-travaillant-le-week-end\/"]}]},{"@type":"ImageObject","inLanguage":"fr-FR","@id":"https:\/\/yoopies.fr\/c\/garde-enfant\/conseils-garde-enfants\/conseils-aux-parents\/horaires-atypiques\/guide-de-garde-enfants-pour-parents-travaillant-le-week-end\/#primaryimage","url":"https:\/\/yoopies.fr\/c\/wp-content\/uploads\/2024\/05\/zlbr5col0zci9a3t-5.jpg","contentUrl":"https:\/\/yoopies.fr\/c\/wp-content\/uploads\/2024\/05\/zlbr5col0zci9a3t-5.jpg","width":600,"height":300},{"@type":"BreadcrumbList","@id":"https:\/\/yoopies.fr\/c\/garde-enfant\/conseils-garde-enfants\/conseils-aux-parents\/horaires-atypiques\/guide-de-garde-enfants-pour-parents-travaillant-le-week-end\/#breadcrumb","itemListElement":[{"@type":"ListItem","position":1,"name":"Home","item":"https:\/\/yoopies.fr\/c\/"},{"@type":"ListItem","position":2,"name":"Garde d&rsquo;enfant","item":"https:\/\/yoopies.fr\/c\/garde-enfant\/"},{"@type":"ListItem","position":3,"name":"Conseils | Garde d&rsquo;enfants","item":"https:\/\/yoopies.fr\/c\/garde-enfant\/conseils-garde-enfants\/"},{"@type":"ListItem","position":4,"name":"Conseils aux parents","item":"https:\/\/yoopies.fr\/c\/garde-enfant\/conseils-garde-enfants\/conseils-aux-parents\/"},{"@type":"ListItem","position":5,"name":"Comment jongler entre garde d&rsquo;enfants et travail aux horaires atypiques ?","item":"https:\/\/yoopies.fr\/c\/garde-enfant\/conseils-garde-enfants\/conseils-aux-parents\/horaires-atypiques\/"},{"@type":"ListItem","position":6,"name":"Le guide ultime pour les parents qui travaillent le week-end : tout ce qu&rsquo;il faut savoir sur la garde d&rsquo;enfant occasionnelle ou r\u00e9guli\u00e8re"}]},{"@type":"WebSite","@id":"https:\/\/yoopies.fr\/c\/#website","url":"https:\/\/yoopies.fr\/c\/","name":"Le Blog Yoopies","description":"","publisher":{"@id":"https:\/\/yoopies.fr\/c\/#organization"},"potentialAction":[{"@type":"SearchAction","target":{"@type":"EntryPoint","urlTemplate":"https:\/\/yoopies.fr\/c\/?s={search_term_string}"},"query-input":{"@type":"PropertyValueSpecification","valueRequired":true,"valueName":"search_term_string"}}],"inLanguage":"fr-FR"},{"@type":"Organization","@id":"https:\/\/yoopies.fr\/c\/#organization","name":"Le Blog Yoopies","url":"https:\/\/yoopies.fr\/c\/","logo":{"@type":"ImageObject","inLanguage":"fr-FR","@id":"https:\/\/yoopies.fr\/c\/#\/schema\/logo\/image\/","url":"https:\/\/yoopies.fr\/c\/wp-content\/uploads\/2025\/04\/cropped-Logo_Yoopies-2.png","contentUrl":"https:\/\/yoopies.fr\/c\/wp-content\/uploads\/2025\/04\/cropped-Logo_Yoopies-2.png","width":512,"height":512,"caption":"Le Blog Yoopies"},"image":{"@id":"https:\/\/yoopies.fr\/c\/#\/schema\/logo\/image\/"}}]}},"_links":{"self":[{"href":"https:\/\/yoopies.fr\/c\/wp-json\/wp\/v2\/pages\/884","targetHints":{"allow":["GET"]}}],"collection":[{"href":"https:\/\/yoopies.fr\/c\/wp-json\/wp\/v2\/pages"}],"about":[{"href":"https:\/\/yoopies.fr\/c\/wp-json\/wp\/v2\/types\/page"}],"author":[{"embeddable":true,"href":"https:\/\/yoopies.fr\/c\/wp-json\/wp\/v2\/users\/10"}],"replies":[{"embeddable":true,"href":"https:\/\/yoopies.fr\/c\/wp-json\/wp\/v2\/comments?post=884"}],"version-history":[{"count":1,"href":"https:\/\/yoopies.fr\/c\/wp-json\/wp\/v2\/pages\/884\/revisions"}],"predecessor-version":[{"id":888,"href":"https:\/\/yoopies.fr\/c\/wp-json\/wp\/v2\/pages\/884\/revisions\/888"}],"up":[{"embeddable":true,"href":"https:\/\/yoopies.fr\/c\/wp-json\/wp\/v2\/pages\/621"}],"wp:featuredmedia":[{"embeddable":true,"href":"https:\/\/yoopies.fr\/c\/wp-json\/wp\/v2\/media\/887"}],"wp:attachment":[{"href":"https:\/\/yoopies.fr\/c\/wp-json\/wp\/v2\/media?parent=884"}],"curies":[{"name":"wp","href":"https:\/\/api.w.org\/{rel}","templated":true}]}}