{"id":84,"date":"2024-02-15T08:45:25","date_gmt":"2024-02-15T08:45:25","guid":{"rendered":"https:\/\/blog.yoopies.fr\/garde-enfant\/"},"modified":"2025-10-22T05:55:05","modified_gmt":"2025-10-22T05:55:05","slug":"garde-enfant","status":"publish","type":"page","link":"https:\/\/yoopies.fr\/c\/garde-enfant\/","title":{"rendered":"Garde d&rsquo;enfant"},"content":{"rendered":"<p data-start=\"925\" data-end=\"1261\">Bienvenue dans notre espace <strong data-start=\"953\" data-end=\"971\">Garde d\u2019Enfant<\/strong>, pens\u00e9 pour accompagner aussi bien les <strong data-start=\"1011\" data-end=\"1022\">parents<\/strong> que les <strong data-start=\"1031\" data-end=\"1053\">gardiens d\u2019enfants<\/strong>. Ici, on parle concr\u00e8tement de la vie quotidienne, des choix de garde, et des bonnes pratiques pour que chaque exp\u00e9rience soit positive, rassurante et \u00e9panouissante, pour les petits comme pour les grands.<\/p>\n<p data-start=\"1263\" data-end=\"1571\">Sur <strong data-start=\"1267\" data-end=\"1281\">Yoopies.fr<\/strong>, nous savons qu\u2019il n\u2019est pas toujours facile de s\u2019y retrouver entre les diff\u00e9rents modes de garde. C\u2019est pourquoi cette page se veut un <strong data-start=\"1418\" data-end=\"1453\">point de d\u00e9part simple et clair<\/strong>, o\u00f9 parents et professionnels peuvent trouver des rep\u00e8res fiables, des conseils pratiques et des ressources utiles.<\/p>\n<div class=\"yp-cms-children-categories\">\n    <div class=\"wrapper\">\n        <div class=\"category-list\">\n                        <div class=\"category-page\">\n                <div class=\"background-img\">\n                    <div class=\"inner bg-shown\"\n                         data-responsive-background-image=\"\"\n                                            >\n                                            <\/div>\n\n                <\/div>\n                <a href=\"https:\/\/yoopies.fr\/c\/garde-enfant\/conseils-garde-enfants\/\">\n                                        <h2>\n                        Conseils | Garde d'enfants                    <\/h2>\n                <\/a>\n            <\/div>\n                        <div class=\"category-page\">\n                <div class=\"background-img\">\n                    <div class=\"inner bg-shown\"\n                         data-responsive-background-image=\"\"\n                                            >\n                                            <\/div>\n\n                <\/div>\n                <a href=\"https:\/\/yoopies.fr\/c\/garde-enfant\/les-modes-de-garde\/\">\n                                        <h2>\n                        Les modes de gardees modes de garde : trouvez la solution id\u00e9ale pour votre enfantLes modes de garde                    <\/h2>\n                <\/a>\n            <\/div>\n                    <\/div>\n    <\/div>\n<\/div>\n\n<figure><img decoding=\"async\" src=\"https:\/\/yoopies.fr\/c\/wp-content\/uploads\/2024\/02\/65cb273a9be9a5b998b5b81b-bigstock-kids-or-children-and-mother-pl-80138315.jpg\" alt=\"Une femme et deux enfants jouent joyeusement avec des jouets \u00e9ducatifs color\u00e9s dans une salle lumineuse qui ressemble \u00e0 un espace d'apprentissage pour enfants.\" \/><\/figure>\n<h3 data-start=\"1578\" data-end=\"1608\">Pourquoi cet espace ?<\/h3>\n<p data-start=\"1610\" data-end=\"1915\">Parce que la <strong data-start=\"1623\" data-end=\"1642\">garde d\u2019enfants<\/strong>, c\u2019est avant tout une histoire de confiance.<br data-start=\"1687\" data-end=\"1690\" \/>Que vous soyez parent \u00e0 la recherche de la solution id\u00e9ale ou <strong data-start=\"1752\" data-end=\"1773\">nounou \u00e0 domicile<\/strong> souhaitant perfectionner vos comp\u00e9tences, notre objectif est le m\u00eame : vous aider \u00e0 construire une relation harmonieuse autour de l\u2019enfant.<\/p>\n<p data-start=\"1917\" data-end=\"1943\">\ud83d\udc49 Ici, vous trouverez :<\/p>\n<ul data-start=\"1944\" data-end=\"2196\">\n<li data-start=\"1944\" data-end=\"1998\">\n<p data-start=\"1946\" data-end=\"1998\">des <strong data-start=\"1950\" data-end=\"1962\">conseils<\/strong> pour choisir votre mode de garde,<\/p>\n<\/li>\n<li data-start=\"1999\" data-end=\"2094\">\n<p data-start=\"2001\" data-end=\"2094\">des articles inspirants issus de notre <strong data-start=\"2040\" data-end=\"2060\">blog pour enfant<\/strong> et de notre <strong data-start=\"2073\" data-end=\"2091\">blog de nounou<\/strong>,<\/p>\n<\/li>\n<li data-start=\"2095\" data-end=\"2196\">\n<p data-start=\"2097\" data-end=\"2196\">et des ressources pratiques pour g\u00e9rer votre compte sur <strong data-start=\"2153\" data-end=\"2175\">Yoopies mon compte<\/strong> ou <strong data-start=\"2179\" data-end=\"2193\">yoopies.fr<\/strong>.<\/p>\n<\/li>\n<\/ul>\n<h3 data-start=\"2203\" data-end=\"2243\">Conseils pour les parents<\/h3>\n<p data-start=\"2245\" data-end=\"2435\">La section <strong data-start=\"2256\" data-end=\"2284\">Conseils Garde d\u2019Enfants<\/strong> s\u2019adresse directement aux familles.<br data-start=\"2320\" data-end=\"2323\" \/>Nous savons qu\u2019il n\u2019existe pas de solution unique \u2014 chaque enfant est diff\u00e9rent, chaque emploi du temps aussi.<\/p>\n<p data-start=\"2437\" data-end=\"2491\">\ud83d\udca1 Vous trouverez ici des id\u00e9es et des guides pour :<\/p>\n<ul data-start=\"2492\" data-end=\"2760\">\n<li data-start=\"2492\" data-end=\"2579\">\n<p data-start=\"2494\" data-end=\"2579\">choisir entre une <strong data-start=\"2512\" data-end=\"2533\">nounou \u00e0 domicile<\/strong>, une <strong data-start=\"2539\" data-end=\"2557\">garde partag\u00e9e<\/strong>, ou une <strong data-start=\"2566\" data-end=\"2576\">cr\u00e8che<\/strong>,<\/p>\n<\/li>\n<li data-start=\"2580\" data-end=\"2631\">\n<p data-start=\"2582\" data-end=\"2631\">poser les bonnes questions lors d\u2019un entretien,<\/p>\n<\/li>\n<li data-start=\"2632\" data-end=\"2707\">\n<p data-start=\"2634\" data-end=\"2707\">instaurer une relation de confiance durable avec votre garde d\u2019enfants,<\/p>\n<\/li>\n<li data-start=\"2708\" data-end=\"2760\">\n<p data-start=\"2710\" data-end=\"2760\">et comprendre les aides financi\u00e8res disponibles.<\/p>\n<\/li>\n<\/ul>\n<p data-start=\"2762\" data-end=\"2880\">Chaque article est con\u00e7u pour r\u00e9pondre \u00e0 des besoins r\u00e9els, comme ceux que partagent les parents sur <strong data-start=\"2863\" data-end=\"2877\">yoopies.fr<\/strong>.<\/p>\n<h3 data-start=\"2887\" data-end=\"2937\">Ressources pour les gardiens d\u2019enfants<\/h3>\n<p data-start=\"2939\" data-end=\"3214\">\u00catre <strong data-start=\"2944\" data-end=\"2963\">garde d\u2019enfants<\/strong>, c\u2019est bien plus qu\u2019un m\u00e9tier : c\u2019est un engagement quotidien.<br data-start=\"3026\" data-end=\"3029\" \/>Dans cet espace, nous mettons \u00e0 disposition des <strong data-start=\"3077\" data-end=\"3126\">articles de blog pour nounous et baby-sitters<\/strong> qui souhaitent s\u2019am\u00e9liorer, trouver des astuces ou simplement se sentir accompagn\u00e9es.<\/p>\n<p data-start=\"3216\" data-end=\"3238\">Vous y d\u00e9couvrirez :<\/p>\n<ul data-start=\"3239\" data-end=\"3460\">\n<li data-start=\"3239\" data-end=\"3297\">\n<p data-start=\"3241\" data-end=\"3297\">des conseils pour mieux communiquer avec les familles,<\/p>\n<\/li>\n<li data-start=\"3298\" data-end=\"3407\">\n<p data-start=\"3300\" data-end=\"3407\">des id\u00e9es d\u2019activit\u00e9s \u00e0 proposer aux enfants (cr\u00e9atives, \u00e9ducatives, inspir\u00e9es de la m\u00e9thode Montessori),<\/p>\n<\/li>\n<li data-start=\"3408\" data-end=\"3460\">\n<p data-start=\"3410\" data-end=\"3460\">et des t\u00e9moignages de professionnels passionn\u00e9s.<\/p>\n<\/li>\n<\/ul>\n<p data-start=\"3462\" data-end=\"3620\">\ud83d\udcac Sur <strong data-start=\"3469\" data-end=\"3496\">Yoopies garde d\u2019enfants<\/strong>, beaucoup de nounous partagent leurs exp\u00e9riences, un bon moyen d\u2019apprendre des autres et de s\u2019inspirer de leur parcours.<\/p>\n<h3 data-start=\"4298\" data-end=\"4332\">Ensemble pour le meilleur<\/h3>\n<p data-start=\"4334\" data-end=\"4619\">Chez <strong data-start=\"4339\" data-end=\"4350\">Yoopies<\/strong>, nous croyons que la garde d\u2019enfants r\u00e9ussie repose sur la <strong data-start=\"4410\" data-end=\"4425\">coop\u00e9ration<\/strong> entre familles et professionnels.<br data-start=\"4459\" data-end=\"4462\" \/>Nos contenus ne visent pas seulement \u00e0 informer, mais \u00e0 <strong data-start=\"4518\" data-end=\"4535\">cr\u00e9er du lien,<\/strong>\u00a0entre ceux qui confient leurs enfants et ceux qui en prennent soin chaque jour.<\/p>\n<p data-start=\"4621\" data-end=\"4806\">Cette page est donc une <strong data-start=\"4645\" data-end=\"4663\">porte d\u2019entr\u00e9e<\/strong> vers notre univers : un <strong data-start=\"4688\" data-end=\"4705\">blog familial<\/strong>, pratique et bienveillant, o\u00f9 chaque parent et chaque gardien peut apprendre, partager et \u00e9voluer.<\/p>\n<p data-start=\"4808\" data-end=\"4930\">\ud83d\udc4b <strong data-start=\"4811\" data-end=\"4930\">Bienvenue dans un espace o\u00f9 la confiance, la bienveillance et le plaisir d\u2019apprendre ensemble sont au c\u0153ur de tout.<\/strong><\/p>\n","protected":false},"excerpt":{"rendered":"<p>Bienvenue dans notre espace Garde d\u2019Enfant, pens\u00e9 pour accompagner aussi bien les parents que les gardiens d\u2019enfants. Ici, on parle &hellip; <\/p>\n","protected":false},"author":10,"featured_media":0,"parent":0,"menu_order":0,"comment_status":"closed","ping_status":"closed","template":"","meta":{"_acf_changed":false,"footnotes":""},"class_list":["post-84","page","type-page","status-publish","hentry"],"acf":[],"yoast_head":"<!-- This site is optimized with the Yoast SEO plugin v26.9 - https:\/\/yoast.com\/product\/yoast-seo-wordpress\/ -->\n<title>Garde d&#039;enfant | Blog<\/title>\n<meta name=\"description\" content=\"D\u00e9couvrez notre espace Garde d\u2019Enfant sur Yoopies.fr : conseils pour parents, astuces pour nounous, choix des modes de garde.\" \/>\n<meta name=\"robots\" content=\"index, follow, max-snippet:-1, max-image-preview:large, max-video-preview:-1\" \/>\n<link rel=\"canonical\" href=\"https:\/\/yoopies.fr\/c\/garde-enfant\/\" \/>\n<meta property=\"og:locale\" content=\"fr_FR\" \/>\n<meta property=\"og:type\" content=\"article\" \/>\n<meta property=\"og:title\" content=\"Garde d&#039;enfant | Blog\" \/>\n<meta property=\"og:description\" content=\"D\u00e9couvrez notre espace Garde d\u2019Enfant sur Yoopies.fr : conseils pour parents, astuces pour nounous, choix des modes de garde.\" \/>\n<meta property=\"og:url\" content=\"https:\/\/yoopies.fr\/c\/garde-enfant\/\" \/>\n<meta property=\"og:site_name\" content=\"Le Blog Yoopies\" \/>\n<meta property=\"article:modified_time\" content=\"2025-10-22T05:55:05+00:00\" \/>\n<meta property=\"og:image\" content=\"https:\/\/yoopies.fr\/c\/wp-content\/uploads\/2024\/02\/65cb273a9be9a5b998b5b81b-bigstock-kids-or-children-and-mother-pl-80138315.jpg\" \/>\n<meta name=\"twitter:card\" content=\"summary_large_image\" \/>\n<meta name=\"twitter:label1\" content=\"Dur\u00e9e de lecture estim\u00e9e\" \/>\n\t<meta name=\"twitter:data1\" content=\"3 minutes\" \/>\n<script type=\"application\/ld+json\" class=\"yoast-schema-graph\">{\"@context\":\"https:\/\/schema.org\",\"@graph\":[{\"@type\":\"WebPage\",\"@id\":\"https:\/\/yoopies.fr\/c\/garde-enfant\/\",\"url\":\"https:\/\/yoopies.fr\/c\/garde-enfant\/\",\"name\":\"Garde d'enfant | Blog\",\"isPartOf\":{\"@id\":\"https:\/\/yoopies.fr\/c\/#website\"},\"primaryImageOfPage\":{\"@id\":\"https:\/\/yoopies.fr\/c\/garde-enfant\/#primaryimage\"},\"image\":{\"@id\":\"https:\/\/yoopies.fr\/c\/garde-enfant\/#primaryimage\"},\"thumbnailUrl\":\"https:\/\/yoopies.fr\/c\/wp-content\/uploads\/2024\/02\/65cb273a9be9a5b998b5b81b-bigstock-kids-or-children-and-mother-pl-80138315.jpg\",\"datePublished\":\"2024-02-15T08:45:25+00:00\",\"dateModified\":\"2025-10-22T05:55:05+00:00\",\"description\":\"D\u00e9couvrez notre espace Garde d\u2019Enfant sur Yoopies.fr : conseils pour parents, astuces pour nounous, choix des modes de garde.\",\"breadcrumb\":{\"@id\":\"https:\/\/yoopies.fr\/c\/garde-enfant\/#breadcrumb\"},\"inLanguage\":\"fr-FR\",\"potentialAction\":[{\"@type\":\"ReadAction\",\"target\":[\"https:\/\/yoopies.fr\/c\/garde-enfant\/\"]}]},{\"@type\":\"ImageObject\",\"inLanguage\":\"fr-FR\",\"@id\":\"https:\/\/yoopies.fr\/c\/garde-enfant\/#primaryimage\",\"url\":\"https:\/\/yoopies.fr\/c\/wp-content\/uploads\/2024\/02\/65cb273a9be9a5b998b5b81b-bigstock-kids-or-children-and-mother-pl-80138315.jpg\",\"contentUrl\":\"https:\/\/yoopies.fr\/c\/wp-content\/uploads\/2024\/02\/65cb273a9be9a5b998b5b81b-bigstock-kids-or-children-and-mother-pl-80138315.jpg\",\"width\":5012,\"height\":3341},{\"@type\":\"BreadcrumbList\",\"@id\":\"https:\/\/yoopies.fr\/c\/garde-enfant\/#breadcrumb\",\"itemListElement\":[{\"@type\":\"ListItem\",\"position\":1,\"name\":\"Home\",\"item\":\"https:\/\/yoopies.fr\/c\/\"},{\"@type\":\"ListItem\",\"position\":2,\"name\":\"Garde d&rsquo;enfant\"}]},{\"@type\":\"WebSite\",\"@id\":\"https:\/\/yoopies.fr\/c\/#website\",\"url\":\"https:\/\/yoopies.fr\/c\/\",\"name\":\"Le Blog Yoopies\",\"description\":\"\",\"publisher\":{\"@id\":\"https:\/\/yoopies.fr\/c\/#organization\"},\"potentialAction\":[{\"@type\":\"SearchAction\",\"target\":{\"@type\":\"EntryPoint\",\"urlTemplate\":\"https:\/\/yoopies.fr\/c\/?s={search_term_string}\"},\"query-input\":{\"@type\":\"PropertyValueSpecification\",\"valueRequired\":true,\"valueName\":\"search_term_string\"}}],\"inLanguage\":\"fr-FR\"},{\"@type\":\"Organization\",\"@id\":\"https:\/\/yoopies.fr\/c\/#organization\",\"name\":\"Le Blog Yoopies\",\"url\":\"https:\/\/yoopies.fr\/c\/\",\"logo\":{\"@type\":\"ImageObject\",\"inLanguage\":\"fr-FR\",\"@id\":\"https:\/\/yoopies.fr\/c\/#\/schema\/logo\/image\/\",\"url\":\"https:\/\/yoopies.fr\/c\/wp-content\/uploads\/2025\/04\/cropped-Logo_Yoopies-2.png\",\"contentUrl\":\"https:\/\/yoopies.fr\/c\/wp-content\/uploads\/2025\/04\/cropped-Logo_Yoopies-2.png\",\"width\":512,\"height\":512,\"caption\":\"Le Blog Yoopies\"},\"image\":{\"@id\":\"https:\/\/yoopies.fr\/c\/#\/schema\/logo\/image\/\"}}]}<\/script>\n<!-- \/ Yoast SEO plugin. -->","yoast_head_json":{"title":"Garde d'enfant | Blog","description":"D\u00e9couvrez notre espace Garde d\u2019Enfant sur Yoopies.fr : conseils pour parents, astuces pour nounous, choix des modes de garde.","robots":{"index":"index","follow":"follow","max-snippet":"max-snippet:-1","max-image-preview":"max-image-preview:large","max-video-preview":"max-video-preview:-1"},"canonical":"https:\/\/yoopies.fr\/c\/garde-enfant\/","og_locale":"fr_FR","og_type":"article","og_title":"Garde d'enfant | Blog","og_description":"D\u00e9couvrez notre espace Garde d\u2019Enfant sur Yoopies.fr : conseils pour parents, astuces pour nounous, choix des modes de garde.","og_url":"https:\/\/yoopies.fr\/c\/garde-enfant\/","og_site_name":"Le Blog Yoopies","article_modified_time":"2025-10-22T05:55:05+00:00","og_image":[{"url":"https:\/\/yoopies.fr\/c\/wp-content\/uploads\/2024\/02\/65cb273a9be9a5b998b5b81b-bigstock-kids-or-children-and-mother-pl-80138315.jpg","type":"","width":"","height":""}],"twitter_card":"summary_large_image","twitter_misc":{"Dur\u00e9e de lecture estim\u00e9e":"3 minutes"},"schema":{"@context":"https:\/\/schema.org","@graph":[{"@type":"WebPage","@id":"https:\/\/yoopies.fr\/c\/garde-enfant\/","url":"https:\/\/yoopies.fr\/c\/garde-enfant\/","name":"Garde d'enfant | Blog","isPartOf":{"@id":"https:\/\/yoopies.fr\/c\/#website"},"primaryImageOfPage":{"@id":"https:\/\/yoopies.fr\/c\/garde-enfant\/#primaryimage"},"image":{"@id":"https:\/\/yoopies.fr\/c\/garde-enfant\/#primaryimage"},"thumbnailUrl":"https:\/\/yoopies.fr\/c\/wp-content\/uploads\/2024\/02\/65cb273a9be9a5b998b5b81b-bigstock-kids-or-children-and-mother-pl-80138315.jpg","datePublished":"2024-02-15T08:45:25+00:00","dateModified":"2025-10-22T05:55:05+00:00","description":"D\u00e9couvrez notre espace Garde d\u2019Enfant sur Yoopies.fr : conseils pour parents, astuces pour nounous, choix des modes de garde.","breadcrumb":{"@id":"https:\/\/yoopies.fr\/c\/garde-enfant\/#breadcrumb"},"inLanguage":"fr-FR","potentialAction":[{"@type":"ReadAction","target":["https:\/\/yoopies.fr\/c\/garde-enfant\/"]}]},{"@type":"ImageObject","inLanguage":"fr-FR","@id":"https:\/\/yoopies.fr\/c\/garde-enfant\/#primaryimage","url":"https:\/\/yoopies.fr\/c\/wp-content\/uploads\/2024\/02\/65cb273a9be9a5b998b5b81b-bigstock-kids-or-children-and-mother-pl-80138315.jpg","contentUrl":"https:\/\/yoopies.fr\/c\/wp-content\/uploads\/2024\/02\/65cb273a9be9a5b998b5b81b-bigstock-kids-or-children-and-mother-pl-80138315.jpg","width":5012,"height":3341},{"@type":"BreadcrumbList","@id":"https:\/\/yoopies.fr\/c\/garde-enfant\/#breadcrumb","itemListElement":[{"@type":"ListItem","position":1,"name":"Home","item":"https:\/\/yoopies.fr\/c\/"},{"@type":"ListItem","position":2,"name":"Garde d&rsquo;enfant"}]},{"@type":"WebSite","@id":"https:\/\/yoopies.fr\/c\/#website","url":"https:\/\/yoopies.fr\/c\/","name":"Le Blog Yoopies","description":"","publisher":{"@id":"https:\/\/yoopies.fr\/c\/#organization"},"potentialAction":[{"@type":"SearchAction","target":{"@type":"EntryPoint","urlTemplate":"https:\/\/yoopies.fr\/c\/?s={search_term_string}"},"query-input":{"@type":"PropertyValueSpecification","valueRequired":true,"valueName":"search_term_string"}}],"inLanguage":"fr-FR"},{"@type":"Organization","@id":"https:\/\/yoopies.fr\/c\/#organization","name":"Le Blog Yoopies","url":"https:\/\/yoopies.fr\/c\/","logo":{"@type":"ImageObject","inLanguage":"fr-FR","@id":"https:\/\/yoopies.fr\/c\/#\/schema\/logo\/image\/","url":"https:\/\/yoopies.fr\/c\/wp-content\/uploads\/2025\/04\/cropped-Logo_Yoopies-2.png","contentUrl":"https:\/\/yoopies.fr\/c\/wp-content\/uploads\/2025\/04\/cropped-Logo_Yoopies-2.png","width":512,"height":512,"caption":"Le Blog Yoopies"},"image":{"@id":"https:\/\/yoopies.fr\/c\/#\/schema\/logo\/image\/"}}]}},"_links":{"self":[{"href":"https:\/\/yoopies.fr\/c\/wp-json\/wp\/v2\/pages\/84","targetHints":{"allow":["GET"]}}],"collection":[{"href":"https:\/\/yoopies.fr\/c\/wp-json\/wp\/v2\/pages"}],"about":[{"href":"https:\/\/yoopies.fr\/c\/wp-json\/wp\/v2\/types\/page"}],"author":[{"embeddable":true,"href":"https:\/\/yoopies.fr\/c\/wp-json\/wp\/v2\/users\/10"}],"replies":[{"embeddable":true,"href":"https:\/\/yoopies.fr\/c\/wp-json\/wp\/v2\/comments?post=84"}],"version-history":[{"count":2,"href":"https:\/\/yoopies.fr\/c\/wp-json\/wp\/v2\/pages\/84\/revisions"}],"predecessor-version":[{"id":1653,"href":"https:\/\/yoopies.fr\/c\/wp-json\/wp\/v2\/pages\/84\/revisions\/1653"}],"wp:attachment":[{"href":"https:\/\/yoopies.fr\/c\/wp-json\/wp\/v2\/media?parent=84"}],"curies":[{"name":"wp","href":"https:\/\/api.w.org\/{rel}","templated":true}]}}