{"id":807,"date":"2024-02-19T10:56:27","date_gmt":"2024-02-19T10:56:27","guid":{"rendered":"https:\/\/blog.yoopies.fr\/garde-enfant\/les-modes-de-garde\/babysitting\/baby-sitting-conseils-dactivites-pour-un-enfant-de\/"},"modified":"2025-06-12T07:59:09","modified_gmt":"2025-06-12T07:59:09","slug":"baby-sitting-conseils-dactivites-pour-un-enfant-de","status":"publish","type":"page","link":"https:\/\/yoopies.fr\/c\/garde-enfant\/les-modes-de-garde\/babysitting\/baby-sitting-conseils-dactivites-pour-un-enfant-de\/","title":{"rendered":"Jeux et activit\u00e9s \u00e0 r\u00e9aliser avec des enfants entre 3 et 5 ans en baby sitting"},"content":{"rendered":"<p><h2><\/h2>\n<p>Le baby sitting est une opportunit&eacute; de faire faire des jeux et activit&eacute;s diff&eacute;rents &agrave; vos bambins. Assis sur des chaises ou en mouvement, d&eacute;couvrez un panel d&rsquo;activit&eacute;s &agrave; r&eacute;aliser avec des enfants entre 3 et 5 ans en baby sitting. Dans cet article, piochez parmi des occupations en int&eacute;rieur ou en ext&eacute;rieur. Toutes sont utiles au d&eacute;veloppement de l&rsquo;imagination et de la motricit&eacute; de l&rsquo;enfant. Baby sitter en panne d&rsquo;inspiration ? Lisez ces quelques conseils d&rsquo;activit&eacute;s adapt&eacute;es aux comp&eacute;tences des 3 \/ 5 ans, pour casser la routine. <\/p>\n<\/p>\n<figure><img decoding=\"async\" src=\"https:\/\/yoopies.fr\/c\/wp-content\/uploads\/2024\/02\/81518ed6-38f9-4c0f-9c68-a47f685653f2-adobestock-50416597.jpg\" alt=\"enfant activit\u00e9 baby-sitting p\u00e2te \u00e0 modeler\" \/><\/figure>\n<p><h2>Activit&eacute;s pour un enfant de 3 &agrave; 5 ans en int&eacute;rieur&nbsp;<\/h2>\n<p>Il pleut, les kids sont fatigu&eacute;s, bref, vous les gardez &agrave; la maison pour leur s&eacute;curit&eacute; ou leur bien-&ecirc;tre. Il n&rsquo;existe pas qu&rsquo;une activit&eacute; qui consiste &agrave; dessiner une &eacute;ni&egrave;me maison ou faire des boudins de p&acirc;te &agrave; modeler, mais une multitude. D&eacute;couvrez quelques id&eacute;es amusantes pour enfants et des conseils pour r&eacute;aliser plein d&rsquo;ateliers &agrave; la maison.<\/p>\n<\/p>\n<h3>Activit&eacute;s cr&eacute;atives et activit&eacute;s manuelles&nbsp;<\/h3>\n<ul>\n<li>Peinture avec les doigts : les enfants en bas &acirc;ge et le toucher, c&rsquo;est une belle histoire. Rares sont ceux qui n&rsquo;aiment pas se salir et d&eacute;couvrir le monde de leurs 10 doigts. Faites de la place, autorisez-les &agrave; plonger leurs petites mains dans de la peinture &agrave; l&rsquo;eau et dessiner des images sur de grandes feuilles A3.\n<\/li>\n<li>Le craft : des activit&eacute;s cr&eacute;atives rigolotes &agrave; r&eacute;aliser soi-m&ecirc;me. Il existe de nombreuses ressources et conseils en ligne pour fabriquer des objets type cadre photo ou une jolie boite.&nbsp;<\/li>\n<\/ul>\n<p>Pour les plus habiles, en veillant &agrave; leur s&eacute;curit&eacute;, vous pourrez leur faire manipuler des ciseaux et d&eacute;couper des formes ou des images dans du papier. Assurez-vous aussi de recycler les rouleaux cartonn&eacute;s ou les bo&icirc;tes vides, c&rsquo;est l&rsquo;occasion.<\/p>\n<p>Aidez-les encore &agrave; confectionner des cocottes en papier gr&acirc;ce &agrave; des pliages origamis simples.&nbsp;<\/p>\n<ul>\n<li>Coloriage : activit&eacute; gr&acirc;ce &agrave; laquelle vous pourrez accro&icirc;tre le d&eacute;veloppement des comp&eacute;tences motrices des enfants que vous gardez, ainsi que leur attention et leur cr&eacute;ativit&eacute;. Ceci, m&ecirc;me en &eacute;tant assis sagement sur des chaises. Vous trouverez des mod&egrave;les &agrave; imprimer en ligne pour varier les plaisirs : mandala, image, dessin &agrave; th&egrave;me.\n<\/li>\n<li>P&acirc;te &agrave; modeler : il y a ceux qui aiment malaxer ces p&acirc;tes multicolores et ceux qui vont en faire un monde. &Agrave; la maison, cr&eacute;ez ensemble une sc&egrave;ne ou une histoire, &agrave; partir de formes model&eacute;es comme des animaux ou des aliments. Jouez au vendeur et apprenez m&ecirc;me des rudiments de comptage gr&acirc;ce &agrave; de petites boules de p&acirc;te.&nbsp;<\/li>\n<\/ul>\n<h3>Jeux et apprentissages &agrave; la maison 3 &agrave; 5 ans&nbsp;<\/h3>\n<\/p>\n<ul>\n<li>Histoire sans paroles : munissez-vous d&rsquo;un livre ou d&rsquo;images trouv&eacute;es dans un magazine et demandez &agrave; l&rsquo;enfant d&rsquo;exprimer ce qu&rsquo;il voit. Au fil de l&rsquo;eau, vous pourrez ajouter des images et inventer, ensemble, une histoire rigolote.\n<\/li>\n<li>&Eacute;coutez des chansons : les enfants en bas &acirc;ge aiment g&eacute;n&eacute;ralement fredonner et pousser la chansonnette. Vous pouvez leur faire &eacute;couter des comptines ou autre et chanter avec eux. Un bon exercice de m&eacute;moire et une d&eacute;couverte pr&eacute;coce de l&rsquo;univers musical.&nbsp;\n<\/li>\n<li>Initiation aux langues &eacute;trang&egrave;res : prenez des objets du quotidien et traduisez-les dans la langue de votre choix, &agrave; l&rsquo;enfant. Entra&icirc;nez-le &agrave; r&eacute;p&eacute;ter. &Agrave; la place de mots, utilisez aussi des phrases courtes, les petits en bas &acirc;ge sont souvent amus&eacute;s par les sonorit&eacute;s provoqu&eacute;es par d&rsquo;autres langues et sont excellents pour reproduire les accents.\n<\/li>\n<li>Cuisinez : rien de tel qu&rsquo;un peu de responsabilit&eacute; pour qu&rsquo;un enfant gagne en confiance. Devenez des baby sitters \/ chefs cuisiniers en pr&eacute;parant le go&ucirc;ter ou m&ecirc;me le repas du soir, ensemble. Assignez l&rsquo;enfant &agrave; une t&acirc;che (m&eacute;langer, fa&ccedil;onner avec les mains) ou accompagnez-le de bout en bout dans la r&eacute;alisation d&rsquo;une recette simple.&nbsp;\n<\/li>\n<li>Enfin, les exp&eacute;riences chimiques sont des id&eacute;es amusantes pour enfants.&nbsp;<\/li>\n<\/ul>\n<p>Ce soir, c&rsquo;est babysitting en version scientifique : volcan en &eacute;ruption (une bouteille remplie d&rsquo;eau avec du colorant et une pastille effervescente) ou r&eacute;action de dispersion entre les &eacute;l&eacute;ments (eau, poivre dans une assiette, une goutte de liquide vaisselle au centre), attention aux explosions de rires et de produits. <\/p>\n<\/p>\n<figure><img decoding=\"async\" src=\"https:\/\/yoopies.fr\/c\/wp-content\/uploads\/2024\/02\/fa982930-30ff-4c3a-82b4-b3a9483bc1ad-adobestock-393631373.jpg\" \/><\/figure>\n<p><h2>Jeux pour des enfants de 3 &agrave; 5 ans en ext&eacute;rieur &agrave; la maison<\/h2>\n<\/p>\n<h3>Se d&eacute;fouler et appr&eacute;hender le mouvement&nbsp;<\/h3>\n<\/p>\n<ul>\n<li>&nbsp;Art du cirque : &agrave; l&rsquo;aide de mat&eacute;riel type cerceau, balles et rubans, les enfants seront contents de s&rsquo;initier &agrave; de nouvelles pratiques amusantes.&nbsp;\n<\/li>\n<\/ul>\n<p>&Eacute;quilibre, jonglage et acrobatie peuvent aussi &ecirc;tre r&eacute;alis&eacute;s sur l&rsquo;herbe ou sur une serviette molletonn&eacute;e sans trop de mat&eacute;riel. Deux objets ronds pour apprendre &agrave; jongler, une corde ou un ruban au sol pour marcher un pied devant l&rsquo;autre sans tomber (comme une poutre). Quant aux comp&eacute;tences acrobatiques, pour le d&eacute;veloppement de la motricit&eacute;, les enfants pourront s&rsquo;entra&icirc;ner &agrave; faire des galipettes &agrave; m&ecirc;me l&rsquo;herbe. Vous pouvez leur apprendre le poirier si vous les assurez en leur tenant les pieds.&nbsp;&nbsp;<\/p>\n<ul>\n<li>Jouer au ballon : pour travailler la motricit&eacute;, alternez balle aux pieds et balle aux mains. Gonflez des ballons de baudruche pour limiter la casse ou jouer en int&eacute;rieur. Dehors, servez-vous de balles de tennis plus lourdes, de ballons de foot ou de balles rebondissantes.\n<\/li>\n<li>Les chaises musicales : jouez en int&eacute;rieur ou en ext&eacute;rieur aux chaises musicales sur une musique rythm&eacute;e.\n<\/li>\n<li>Ne boudez pas les traditionnelles parties de jeux de cache-cache, &ldquo;Jacques &agrave; dit&rdquo; ou 1,2,3 soleil. C&rsquo;est toujours plus rigolo d&rsquo;y jouer avec sa nounou qu&rsquo;avec ses parents. Avec les petits en bas &acirc;ge, vous pouvez cacher des objets ou une image et lui indiquer s&rsquo;il est dans &ldquo;le froid&rdquo; ou le &ldquo;chaud&rdquo; lorsqu&rsquo;il les cherche.&nbsp;\n<\/li>\n<\/ul>\n<h3>Plonger dans un autre univers&nbsp;<\/h3>\n<\/p>\n<ul>\n<li>Se d&eacute;guiser : une mani&egrave;re ludique de passer le temps et de rigoler. Accessoires, mix des couleurs et des genres, autant de possibilit&eacute;s &agrave; cr&eacute;er pour amuser les bambins. Prenez des photos, organisez un d&eacute;fil&eacute;, assurez-vous de devenir une nounou d&rsquo;enfer !\n<\/li>\n<li>Lecture cont&eacute;e : d&eacute;guis&eacute; ou non, en ext&eacute;rieur ou non, piochez dans la biblioth&egrave;que du bout de chou et lisez une de ses histoires pr&eacute;f&eacute;r&eacute;es. &Agrave; mesure que vous lisez une image, exag&eacute;rez les voix, le ton, les bruits, etc. Gardez son attention &agrave; chaque instant en cr&eacute;ant des moments de suspens.\n<\/li>\n<li>Bulles party : apr&egrave;s une attention soutenue &agrave; l&rsquo;&eacute;cole, la journ&eacute;e enti&egrave;re ou presque assis sur des chaises, les enfants auront besoin de bouger, se d&eacute;fouler et s&rsquo;&eacute;vader.<\/li>\n<\/ul>\n<p>Seuls du liquide vaisselle et de l&rsquo;eau suffisent &agrave; produire de belles bulles de savon &agrave; domicile. Pendant que les plus grands souffleront de toutes leurs forces pour faire de grosses bulles, laissez les plus petits courir apr&egrave;s pour les attraper.&nbsp;<\/p>\n<\/p>\n<p>Il existe bel et bien pl&eacute;thores d&rsquo;activit&eacute;s et de jeux pour occuper des enfants entre 3 et 5 ans.&nbsp;<\/p>\n<p>Gr&acirc;ce aux nombreux conseils ci-dessus, vous deviendrez des nounous et baby sitters en or. Travail de la motricit&eacute;, acquisition de comp&eacute;tences utiles au d&eacute;veloppement de l&rsquo;enfant, assurez votre babysitting et rendez vous indispensable aupr&egrave;s des parents.<\/p>\n<\/p>\n<p><a class=\"button\" href=\"https:\/\/yoopies.fr\/baby-sitting\">Je cherche un baby-sitter !<\/a><\/p>\n","protected":false},"excerpt":{"rendered":"<p>Le baby sitting est une opportunit&eacute; de faire faire des jeux et activit&eacute;s diff&eacute;rents &agrave; vos bambins. Assis sur des &hellip; <\/p>\n","protected":false},"author":10,"featured_media":810,"parent":450,"menu_order":0,"comment_status":"closed","ping_status":"closed","template":"","meta":{"_acf_changed":false,"footnotes":""},"class_list":["post-807","page","type-page","status-publish","has-post-thumbnail","hentry"],"acf":[],"yoast_head":"<!-- This site is optimized with the Yoast SEO plugin v26.9 - https:\/\/yoast.com\/product\/yoast-seo-wordpress\/ -->\n<title>Baby-sitting: conseils d&#039;activit\u00e9s pour un enfant de 3 \u00e0 5 ans ?<\/title>\n<meta name=\"description\" content=\"Comment occuper un enfant de 3 \u00e0 5 ans ? Lisez nos conseils pour dynamiser vos baby sittings et devenir LA baby sitter cool avec des id\u00e9es originales.\" \/>\n<meta name=\"robots\" content=\"index, follow, max-snippet:-1, max-image-preview:large, max-video-preview:-1\" \/>\n<link rel=\"canonical\" href=\"https:\/\/yoopies.fr\/c\/garde-enfant\/les-modes-de-garde\/babysitting\/baby-sitting-conseils-dactivites-pour-un-enfant-de\/\" \/>\n<meta property=\"og:locale\" content=\"fr_FR\" \/>\n<meta property=\"og:type\" content=\"article\" \/>\n<meta property=\"og:title\" content=\"Baby-sitting: conseils d&#039;activit\u00e9s pour un enfant de 3 \u00e0 5 ans ?\" \/>\n<meta property=\"og:description\" content=\"Comment occuper un enfant de 3 \u00e0 5 ans ? Lisez nos conseils pour dynamiser vos baby sittings et devenir LA baby sitter cool avec des id\u00e9es originales.\" \/>\n<meta property=\"og:url\" content=\"https:\/\/yoopies.fr\/c\/garde-enfant\/les-modes-de-garde\/babysitting\/baby-sitting-conseils-dactivites-pour-un-enfant-de\/\" \/>\n<meta property=\"og:site_name\" content=\"Le Blog Yoopies\" \/>\n<meta property=\"article:modified_time\" content=\"2025-06-12T07:59:09+00:00\" \/>\n<meta property=\"og:image\" content=\"https:\/\/yoopies.fr\/c\/wp-content\/uploads\/2024\/02\/65d333c76df829d21997eb49-image-2024-02-19-115606428.jpg\" \/>\n\t<meta property=\"og:image:width\" content=\"600\" \/>\n\t<meta property=\"og:image:height\" content=\"300\" \/>\n\t<meta property=\"og:image:type\" content=\"image\/jpeg\" \/>\n<meta name=\"twitter:card\" content=\"summary_large_image\" \/>\n<meta name=\"twitter:label1\" content=\"Dur\u00e9e de lecture estim\u00e9e\" \/>\n\t<meta name=\"twitter:data1\" content=\"7 minutes\" \/>\n<script type=\"application\/ld+json\" class=\"yoast-schema-graph\">{\"@context\":\"https:\/\/schema.org\",\"@graph\":[{\"@type\":\"WebPage\",\"@id\":\"https:\/\/yoopies.fr\/c\/garde-enfant\/les-modes-de-garde\/babysitting\/baby-sitting-conseils-dactivites-pour-un-enfant-de\/\",\"url\":\"https:\/\/yoopies.fr\/c\/garde-enfant\/les-modes-de-garde\/babysitting\/baby-sitting-conseils-dactivites-pour-un-enfant-de\/\",\"name\":\"Baby-sitting: conseils d'activit\u00e9s pour un enfant de 3 \u00e0 5 ans ?\",\"isPartOf\":{\"@id\":\"https:\/\/yoopies.fr\/c\/#website\"},\"primaryImageOfPage\":{\"@id\":\"https:\/\/yoopies.fr\/c\/garde-enfant\/les-modes-de-garde\/babysitting\/baby-sitting-conseils-dactivites-pour-un-enfant-de\/#primaryimage\"},\"image\":{\"@id\":\"https:\/\/yoopies.fr\/c\/garde-enfant\/les-modes-de-garde\/babysitting\/baby-sitting-conseils-dactivites-pour-un-enfant-de\/#primaryimage\"},\"thumbnailUrl\":\"https:\/\/yoopies.fr\/c\/wp-content\/uploads\/2024\/02\/65d333c76df829d21997eb49-image-2024-02-19-115606428.jpg\",\"datePublished\":\"2024-02-19T10:56:27+00:00\",\"dateModified\":\"2025-06-12T07:59:09+00:00\",\"description\":\"Comment occuper un enfant de 3 \u00e0 5 ans ? Lisez nos conseils pour dynamiser vos baby sittings et devenir LA baby sitter cool avec des id\u00e9es originales.\",\"breadcrumb\":{\"@id\":\"https:\/\/yoopies.fr\/c\/garde-enfant\/les-modes-de-garde\/babysitting\/baby-sitting-conseils-dactivites-pour-un-enfant-de\/#breadcrumb\"},\"inLanguage\":\"fr-FR\",\"potentialAction\":[{\"@type\":\"ReadAction\",\"target\":[\"https:\/\/yoopies.fr\/c\/garde-enfant\/les-modes-de-garde\/babysitting\/baby-sitting-conseils-dactivites-pour-un-enfant-de\/\"]}]},{\"@type\":\"ImageObject\",\"inLanguage\":\"fr-FR\",\"@id\":\"https:\/\/yoopies.fr\/c\/garde-enfant\/les-modes-de-garde\/babysitting\/baby-sitting-conseils-dactivites-pour-un-enfant-de\/#primaryimage\",\"url\":\"https:\/\/yoopies.fr\/c\/wp-content\/uploads\/2024\/02\/65d333c76df829d21997eb49-image-2024-02-19-115606428.jpg\",\"contentUrl\":\"https:\/\/yoopies.fr\/c\/wp-content\/uploads\/2024\/02\/65d333c76df829d21997eb49-image-2024-02-19-115606428.jpg\",\"width\":600,\"height\":300},{\"@type\":\"BreadcrumbList\",\"@id\":\"https:\/\/yoopies.fr\/c\/garde-enfant\/les-modes-de-garde\/babysitting\/baby-sitting-conseils-dactivites-pour-un-enfant-de\/#breadcrumb\",\"itemListElement\":[{\"@type\":\"ListItem\",\"position\":1,\"name\":\"Home\",\"item\":\"https:\/\/yoopies.fr\/c\/\"},{\"@type\":\"ListItem\",\"position\":2,\"name\":\"Garde d&rsquo;enfant\",\"item\":\"https:\/\/yoopies.fr\/c\/garde-enfant\/\"},{\"@type\":\"ListItem\",\"position\":3,\"name\":\"Les modes de gardees modes de garde : trouvez la solution id\u00e9ale pour votre enfantLes modes de garde\",\"item\":\"https:\/\/yoopies.fr\/c\/garde-enfant\/les-modes-de-garde\/\"},{\"@type\":\"ListItem\",\"position\":4,\"name\":\"Babysitting\",\"item\":\"https:\/\/yoopies.fr\/c\/garde-enfant\/les-modes-de-garde\/babysitting\/\"},{\"@type\":\"ListItem\",\"position\":5,\"name\":\"Jeux et activit\u00e9s \u00e0 r\u00e9aliser avec des enfants entre 3 et 5 ans en baby sitting\"}]},{\"@type\":\"WebSite\",\"@id\":\"https:\/\/yoopies.fr\/c\/#website\",\"url\":\"https:\/\/yoopies.fr\/c\/\",\"name\":\"Le Blog Yoopies\",\"description\":\"\",\"publisher\":{\"@id\":\"https:\/\/yoopies.fr\/c\/#organization\"},\"potentialAction\":[{\"@type\":\"SearchAction\",\"target\":{\"@type\":\"EntryPoint\",\"urlTemplate\":\"https:\/\/yoopies.fr\/c\/?s={search_term_string}\"},\"query-input\":{\"@type\":\"PropertyValueSpecification\",\"valueRequired\":true,\"valueName\":\"search_term_string\"}}],\"inLanguage\":\"fr-FR\"},{\"@type\":\"Organization\",\"@id\":\"https:\/\/yoopies.fr\/c\/#organization\",\"name\":\"Le Blog Yoopies\",\"url\":\"https:\/\/yoopies.fr\/c\/\",\"logo\":{\"@type\":\"ImageObject\",\"inLanguage\":\"fr-FR\",\"@id\":\"https:\/\/yoopies.fr\/c\/#\/schema\/logo\/image\/\",\"url\":\"https:\/\/yoopies.fr\/c\/wp-content\/uploads\/2025\/04\/cropped-Logo_Yoopies-2.png\",\"contentUrl\":\"https:\/\/yoopies.fr\/c\/wp-content\/uploads\/2025\/04\/cropped-Logo_Yoopies-2.png\",\"width\":512,\"height\":512,\"caption\":\"Le Blog Yoopies\"},\"image\":{\"@id\":\"https:\/\/yoopies.fr\/c\/#\/schema\/logo\/image\/\"}}]}<\/script>\n<!-- \/ Yoast SEO plugin. -->","yoast_head_json":{"title":"Baby-sitting: conseils d'activit\u00e9s pour un enfant de 3 \u00e0 5 ans ?","description":"Comment occuper un enfant de 3 \u00e0 5 ans ? Lisez nos conseils pour dynamiser vos baby sittings et devenir LA baby sitter cool avec des id\u00e9es originales.","robots":{"index":"index","follow":"follow","max-snippet":"max-snippet:-1","max-image-preview":"max-image-preview:large","max-video-preview":"max-video-preview:-1"},"canonical":"https:\/\/yoopies.fr\/c\/garde-enfant\/les-modes-de-garde\/babysitting\/baby-sitting-conseils-dactivites-pour-un-enfant-de\/","og_locale":"fr_FR","og_type":"article","og_title":"Baby-sitting: conseils d'activit\u00e9s pour un enfant de 3 \u00e0 5 ans ?","og_description":"Comment occuper un enfant de 3 \u00e0 5 ans ? Lisez nos conseils pour dynamiser vos baby sittings et devenir LA baby sitter cool avec des id\u00e9es originales.","og_url":"https:\/\/yoopies.fr\/c\/garde-enfant\/les-modes-de-garde\/babysitting\/baby-sitting-conseils-dactivites-pour-un-enfant-de\/","og_site_name":"Le Blog Yoopies","article_modified_time":"2025-06-12T07:59:09+00:00","og_image":[{"width":600,"height":300,"url":"https:\/\/yoopies.fr\/c\/wp-content\/uploads\/2024\/02\/65d333c76df829d21997eb49-image-2024-02-19-115606428.jpg","type":"image\/jpeg"}],"twitter_card":"summary_large_image","twitter_misc":{"Dur\u00e9e de lecture estim\u00e9e":"7 minutes"},"schema":{"@context":"https:\/\/schema.org","@graph":[{"@type":"WebPage","@id":"https:\/\/yoopies.fr\/c\/garde-enfant\/les-modes-de-garde\/babysitting\/baby-sitting-conseils-dactivites-pour-un-enfant-de\/","url":"https:\/\/yoopies.fr\/c\/garde-enfant\/les-modes-de-garde\/babysitting\/baby-sitting-conseils-dactivites-pour-un-enfant-de\/","name":"Baby-sitting: conseils d'activit\u00e9s pour un enfant de 3 \u00e0 5 ans ?","isPartOf":{"@id":"https:\/\/yoopies.fr\/c\/#website"},"primaryImageOfPage":{"@id":"https:\/\/yoopies.fr\/c\/garde-enfant\/les-modes-de-garde\/babysitting\/baby-sitting-conseils-dactivites-pour-un-enfant-de\/#primaryimage"},"image":{"@id":"https:\/\/yoopies.fr\/c\/garde-enfant\/les-modes-de-garde\/babysitting\/baby-sitting-conseils-dactivites-pour-un-enfant-de\/#primaryimage"},"thumbnailUrl":"https:\/\/yoopies.fr\/c\/wp-content\/uploads\/2024\/02\/65d333c76df829d21997eb49-image-2024-02-19-115606428.jpg","datePublished":"2024-02-19T10:56:27+00:00","dateModified":"2025-06-12T07:59:09+00:00","description":"Comment occuper un enfant de 3 \u00e0 5 ans ? Lisez nos conseils pour dynamiser vos baby sittings et devenir LA baby sitter cool avec des id\u00e9es originales.","breadcrumb":{"@id":"https:\/\/yoopies.fr\/c\/garde-enfant\/les-modes-de-garde\/babysitting\/baby-sitting-conseils-dactivites-pour-un-enfant-de\/#breadcrumb"},"inLanguage":"fr-FR","potentialAction":[{"@type":"ReadAction","target":["https:\/\/yoopies.fr\/c\/garde-enfant\/les-modes-de-garde\/babysitting\/baby-sitting-conseils-dactivites-pour-un-enfant-de\/"]}]},{"@type":"ImageObject","inLanguage":"fr-FR","@id":"https:\/\/yoopies.fr\/c\/garde-enfant\/les-modes-de-garde\/babysitting\/baby-sitting-conseils-dactivites-pour-un-enfant-de\/#primaryimage","url":"https:\/\/yoopies.fr\/c\/wp-content\/uploads\/2024\/02\/65d333c76df829d21997eb49-image-2024-02-19-115606428.jpg","contentUrl":"https:\/\/yoopies.fr\/c\/wp-content\/uploads\/2024\/02\/65d333c76df829d21997eb49-image-2024-02-19-115606428.jpg","width":600,"height":300},{"@type":"BreadcrumbList","@id":"https:\/\/yoopies.fr\/c\/garde-enfant\/les-modes-de-garde\/babysitting\/baby-sitting-conseils-dactivites-pour-un-enfant-de\/#breadcrumb","itemListElement":[{"@type":"ListItem","position":1,"name":"Home","item":"https:\/\/yoopies.fr\/c\/"},{"@type":"ListItem","position":2,"name":"Garde d&rsquo;enfant","item":"https:\/\/yoopies.fr\/c\/garde-enfant\/"},{"@type":"ListItem","position":3,"name":"Les modes de gardees modes de garde : trouvez la solution id\u00e9ale pour votre enfantLes modes de garde","item":"https:\/\/yoopies.fr\/c\/garde-enfant\/les-modes-de-garde\/"},{"@type":"ListItem","position":4,"name":"Babysitting","item":"https:\/\/yoopies.fr\/c\/garde-enfant\/les-modes-de-garde\/babysitting\/"},{"@type":"ListItem","position":5,"name":"Jeux et activit\u00e9s \u00e0 r\u00e9aliser avec des enfants entre 3 et 5 ans en baby sitting"}]},{"@type":"WebSite","@id":"https:\/\/yoopies.fr\/c\/#website","url":"https:\/\/yoopies.fr\/c\/","name":"Le Blog Yoopies","description":"","publisher":{"@id":"https:\/\/yoopies.fr\/c\/#organization"},"potentialAction":[{"@type":"SearchAction","target":{"@type":"EntryPoint","urlTemplate":"https:\/\/yoopies.fr\/c\/?s={search_term_string}"},"query-input":{"@type":"PropertyValueSpecification","valueRequired":true,"valueName":"search_term_string"}}],"inLanguage":"fr-FR"},{"@type":"Organization","@id":"https:\/\/yoopies.fr\/c\/#organization","name":"Le Blog Yoopies","url":"https:\/\/yoopies.fr\/c\/","logo":{"@type":"ImageObject","inLanguage":"fr-FR","@id":"https:\/\/yoopies.fr\/c\/#\/schema\/logo\/image\/","url":"https:\/\/yoopies.fr\/c\/wp-content\/uploads\/2025\/04\/cropped-Logo_Yoopies-2.png","contentUrl":"https:\/\/yoopies.fr\/c\/wp-content\/uploads\/2025\/04\/cropped-Logo_Yoopies-2.png","width":512,"height":512,"caption":"Le Blog Yoopies"},"image":{"@id":"https:\/\/yoopies.fr\/c\/#\/schema\/logo\/image\/"}}]}},"_links":{"self":[{"href":"https:\/\/yoopies.fr\/c\/wp-json\/wp\/v2\/pages\/807","targetHints":{"allow":["GET"]}}],"collection":[{"href":"https:\/\/yoopies.fr\/c\/wp-json\/wp\/v2\/pages"}],"about":[{"href":"https:\/\/yoopies.fr\/c\/wp-json\/wp\/v2\/types\/page"}],"author":[{"embeddable":true,"href":"https:\/\/yoopies.fr\/c\/wp-json\/wp\/v2\/users\/10"}],"replies":[{"embeddable":true,"href":"https:\/\/yoopies.fr\/c\/wp-json\/wp\/v2\/comments?post=807"}],"version-history":[{"count":1,"href":"https:\/\/yoopies.fr\/c\/wp-json\/wp\/v2\/pages\/807\/revisions"}],"predecessor-version":[{"id":811,"href":"https:\/\/yoopies.fr\/c\/wp-json\/wp\/v2\/pages\/807\/revisions\/811"}],"up":[{"embeddable":true,"href":"https:\/\/yoopies.fr\/c\/wp-json\/wp\/v2\/pages\/450"}],"wp:featuredmedia":[{"embeddable":true,"href":"https:\/\/yoopies.fr\/c\/wp-json\/wp\/v2\/media\/810"}],"wp:attachment":[{"href":"https:\/\/yoopies.fr\/c\/wp-json\/wp\/v2\/media?parent=807"}],"curies":[{"name":"wp","href":"https:\/\/api.w.org\/{rel}","templated":true}]}}