{"id":794,"date":"2024-06-11T14:41:02","date_gmt":"2024-06-11T14:41:02","guid":{"rendered":"https:\/\/blog.yoopies.fr\/garde-enfant\/les-modes-de-garde\/babysitting\/recherche-baby-sitter-informations-familles\/"},"modified":"2025-06-12T07:59:09","modified_gmt":"2025-06-12T07:59:09","slug":"recherche-baby-sitter-informations-familles","status":"publish","type":"page","link":"https:\/\/yoopies.fr\/c\/garde-enfant\/les-modes-de-garde\/babysitting\/recherche-baby-sitter-informations-familles\/","title":{"rendered":"Recherche de baby-sitter"},"content":{"rendered":"<p><p><strong>Vous cherchez un intervenant pour du baby sitting ? Vous avez besoin d&rsquo;informations pour trouver la perle rare pour votre enfant ? Vous &ecirc;tes alors sur la bonne page ! On vous explique tout dans nos articles.<\/strong><\/p>\n<\/p>\n<h2><strong>Sommaire <\/strong><\/h2>\n<ul>\n<li><a href=\"https:\/\/#h2-2\">Une baby-sitter ? Pourquoi ?<\/a><\/li>\n<li><a href=\"https:\/\/#h2-3\">D&eacute;terminez vos besoins et fixez des crit&egrave;res comme le tarif baby sitting <\/a><\/li>\n<\/ul>\n<figure><img decoding=\"async\" src=\"https:\/\/yoopies.fr\/c\/wp-content\/uploads\/2024\/06\/e13e6361-22f3-4a34-8691-fd6005723a3d-pexels-andrea-piacquadio-3822696.jpg\" alt=\"Baby sitting \u00e0 domicile\" \/><\/figure>\n<p><h2><strong>Une baby-sitter ? Pourquoi ? <\/strong><\/h2>\n<\/p>\n<p>La pr&eacute;sence des enfants dans une famille peut rendre les journ&eacute;es charg&eacute;es et g&eacute;n&eacute;ralement, il est plus difficile de trouver du temps pour soi, ne serait-ce que pour un loisir.  Entre les devoirs &agrave; la maison, l&#8217;emploi du temps des enfants, le t&eacute;l&eacute;travail, les repas &agrave; pr&eacute;parer, les courses &agrave; faire, les disputes des enfants &agrave; g&eacute;rer, le m&eacute;nage etc&#8230; De nombreux parents se sentent d&eacute;bord&eacute;s. Pour &eacute;vacuer ce stress, et pour r&eacute;ussir &agrave; souffler un peu, la solution est de faire appel &agrave; une baby-sitter pour de la garde d&rsquo;enfants.?&zwj;\u2640\ufe0f<\/p>\n<p>Chez Yoopies, on a plus de 1 000 000 intervenants disponibles, alors trouvez celle qui r&eacute;pondra au mieux &agrave; vos besoins ! <\/p>\n<\/p>\n<h3><a target=\"_blank\" rel=\"noopener\" href=\"https:\/\/yoopies.fr\/c\/trouver-baby-sitter-urgence\/\">Nouvel an 2022 : Une baby-sitter le soir du r&eacute;veillon<\/a><\/h3>\n<p>Vous souhaitez passer le r&eacute;veillon en amoureux sans les enfants ou vous avez bien envie d&rsquo;aller rejoindre des amis et vous amuser jusqu&rsquo;au bout de la nuit? Vous aurez peut-&ecirc;tre besoin de recourir aux services d&rsquo;une garde d&rsquo;enfant ? Si vous ne savez pas comment faire, consultez vite notre article ! <\/p>\n<h3><\/h3>\n<h2><strong>D&eacute;terminez vos besoins de baby sitting et fixez des crit&egrave;res ! ?&zwj;?<\/strong><\/h2>\n<\/p>\n<p>Vous pouvez avoir besoin d&rsquo;une baby-sitter dans diverses situations : <\/p>\n<ul>\n<li>Il peut s&rsquo;agir de quelques heures de baby-sitting lorsque vous devez assister &agrave; une soir&eacute;e ou un &eacute;v&eacute;nement,<\/li>\n<li>Du baby sitting pour aller chercher vos enfants &agrave; l&rsquo;&eacute;cole lorsque vous avez un impr&eacute;vu,<\/li>\n<li>De la garde d&rsquo;enfants pour conduire aux diverses activit&eacute;s extra-scolaires des enfants les mercredis et\/ou pendant les vacances,<\/li>\n<li>Du baby sitting pour divertir les enfants pendant que vous t&eacute;l&eacute;travaillez dans la pi&egrave;ce d&rsquo;&agrave; c&ocirc;t&eacute;.<\/li>\n<\/ul>\n<p>Une fois que vous avez d&eacute;termin&eacute; vos besoins, inscrivez-vous sur <a target=\"_blank\" rel=\"noopener\" href=\"https:\/\/yoopies.fr\/\">Yoopies<\/a> en quelques clics pour poster une annonce, &eacute;crire votre lettre de motivation et commencer vos recherches. Vous aurez besoin d&rsquo;une annonce avec une&nbsp;description claire et pr&eacute;cise de vos attentes ! Ces crit&egrave;res peuvent, par exemple, comprendre votre zone g&eacute;ographique, vos disponibilit&eacute;s, les langues &agrave; savoir parler, si votre enfant a des besoins sp&eacute;cifiques etc. <\/p>\n<p>Fixez ensuite votre prix par heure. Le tarif baby sitting d&eacute;pendra de plusieurs crit&egrave;res : son exp&eacute;rience, la fr&eacute;quence et la dur&eacute;e de garde, les activit&eacute;s durant la garde d&rsquo;enfants&hellip;). Le salaire d&rsquo;une assistante maternelle d&eacute;pend &eacute;galement des comp&eacute;tences, des dipl&ocirc;mes, des exp&eacute;riences &hellip;<\/p>\n<p>Lorsque votre annonce est pr&ecirc;te, recherchez la personne qu&rsquo;il vous faut en utilisant les&nbsp;filtres qui vous correspondent. Vous avez m&ecirc;me la possibilit&eacute; de filtrer par avis, recommandations, et commentaires.<\/p>\n<p><strong>Yoopies r&eacute;pond &agrave; vos questions dans les articles r&eacute;dig&eacute;s par nos experts. Tous nos guides officiels sont tenus &agrave; jour afin que vous soyez toujours inform&eacute;s des actualit&eacute;s.<\/strong><\/p>\n<\/p>\n<p><h3><a target=\"_blank\" rel=\"noopener\" href=\"https:\/\/yoopies.fr\/c\/tarif-baby-sitting-2023\/\">Garde d&rsquo;enfants : Tarif baby-sitter, salaire nounou en 2021<\/a><\/h3>\n<p>Vous avez trouv&eacute; la nounou top pour garder vos enfants et vous vous posez la question de la r&eacute;mun&eacute;ration ? Quel est le tarif du baby-sitting ou de votre nounou &agrave; domicile dans votre r&eacute;gion en 2021 ? Yoopies vous explique tout !<\/p>\n<\/p>\n<h3><a target=\"_blank\" rel=\"noopener\" href=\"https:\/\/yoopies.fr\/c\/tarif-baby-sitting-2023\/\">Tarif baby-sitter, salaire nounou 2020 : payer moins de 1&euro;\/h pour de la garde d&rsquo;enfant, c&rsquo;est possible !<\/a><\/h3>\n<p>Vous venez de trouver la perle rare pour garder vos enfants ? F&eacute;licitations ! Vous vous demandez combien payer votre babysitter &agrave; domicile et combien vous allez r&eacute;ellement d&eacute;bourser apr&egrave;s d&eacute;duction des aides ? Yoopies vous explique tout dans cet article ! <\/p>\n<\/p>\n<h3><a target=\"_blank\" rel=\"noopener\" href=\"https:\/\/yoopies.fr\/c\/tarif-baby-sitting-soir\/\">Tarif baby-sitting : Combien co&ucirc;te une garde d&rsquo;enfant en soir&eacute;e ?<\/a><\/h3>\n<p>Vous avez pr&eacute;vu une soir&eacute;e sans les enfants ? Pas de panique, vous pouvez choisir le baby-sitting soir avec Yoopies ! Vous vous demandez combien co&ucirc;te une garde d&rsquo;enfant en soir&eacute;e ?<\/p>\n<\/p>\n<p><a class=\"button\" href=\"https:\/\/yoopies.fr\/baby-sitting\">Trouvez votre baby-sitter en cliquant ici ! <\/a><\/p>\n","protected":false},"excerpt":{"rendered":"<p>Vous cherchez un intervenant pour du baby sitting ? Vous avez besoin d&rsquo;informations pour trouver la perle rare pour votre &hellip; <\/p>\n","protected":false},"author":10,"featured_media":796,"parent":450,"menu_order":0,"comment_status":"closed","ping_status":"closed","template":"","meta":{"_acf_changed":false,"footnotes":""},"class_list":["post-794","page","type-page","status-publish","has-post-thumbnail","hentry"],"acf":[],"yoast_head":"<!-- This site is optimized with the Yoast SEO plugin v26.9 - https:\/\/yoast.com\/product\/yoast-seo-wordpress\/ -->\n<title>Recherche de baby-sitter - Informations aux familles<\/title>\n<meta name=\"description\" content=\"Vous recherchez une baby-sitter \u00e0 domicile. Toutes les informations et r\u00e9ponses \u00e0 vos questions dans nos articles.\" \/>\n<meta name=\"robots\" content=\"index, follow, max-snippet:-1, max-image-preview:large, max-video-preview:-1\" \/>\n<link rel=\"canonical\" href=\"https:\/\/yoopies.fr\/c\/garde-enfant\/les-modes-de-garde\/babysitting\/recherche-baby-sitter-informations-familles\/\" \/>\n<meta property=\"og:locale\" content=\"fr_FR\" \/>\n<meta property=\"og:type\" content=\"article\" \/>\n<meta property=\"og:title\" content=\"Recherche de baby-sitter - Informations aux familles\" \/>\n<meta property=\"og:description\" content=\"Vous recherchez une baby-sitter \u00e0 domicile. Toutes les informations et r\u00e9ponses \u00e0 vos questions dans nos articles.\" \/>\n<meta property=\"og:url\" content=\"https:\/\/yoopies.fr\/c\/garde-enfant\/les-modes-de-garde\/babysitting\/recherche-baby-sitter-informations-familles\/\" \/>\n<meta property=\"og:site_name\" content=\"Le Blog Yoopies\" \/>\n<meta property=\"article:modified_time\" content=\"2025-06-12T07:59:09+00:00\" \/>\n<meta property=\"og:image\" content=\"https:\/\/yoopies.fr\/c\/wp-content\/uploads\/2024\/06\/65d330f96df829d21997eaf1-image-2024-02-19-114407157.jpg\" \/>\n\t<meta property=\"og:image:width\" content=\"600\" \/>\n\t<meta property=\"og:image:height\" content=\"300\" \/>\n\t<meta property=\"og:image:type\" content=\"image\/jpeg\" \/>\n<meta name=\"twitter:card\" content=\"summary_large_image\" \/>\n<meta name=\"twitter:label1\" content=\"Dur\u00e9e de lecture estim\u00e9e\" \/>\n\t<meta name=\"twitter:data1\" content=\"4 minutes\" \/>\n<script type=\"application\/ld+json\" class=\"yoast-schema-graph\">{\"@context\":\"https:\/\/schema.org\",\"@graph\":[{\"@type\":\"WebPage\",\"@id\":\"https:\/\/yoopies.fr\/c\/garde-enfant\/les-modes-de-garde\/babysitting\/recherche-baby-sitter-informations-familles\/\",\"url\":\"https:\/\/yoopies.fr\/c\/garde-enfant\/les-modes-de-garde\/babysitting\/recherche-baby-sitter-informations-familles\/\",\"name\":\"Recherche de baby-sitter - Informations aux familles\",\"isPartOf\":{\"@id\":\"https:\/\/yoopies.fr\/c\/#website\"},\"primaryImageOfPage\":{\"@id\":\"https:\/\/yoopies.fr\/c\/garde-enfant\/les-modes-de-garde\/babysitting\/recherche-baby-sitter-informations-familles\/#primaryimage\"},\"image\":{\"@id\":\"https:\/\/yoopies.fr\/c\/garde-enfant\/les-modes-de-garde\/babysitting\/recherche-baby-sitter-informations-familles\/#primaryimage\"},\"thumbnailUrl\":\"https:\/\/yoopies.fr\/c\/wp-content\/uploads\/2024\/06\/65d330f96df829d21997eaf1-image-2024-02-19-114407157.jpg\",\"datePublished\":\"2024-06-11T14:41:02+00:00\",\"dateModified\":\"2025-06-12T07:59:09+00:00\",\"description\":\"Vous recherchez une baby-sitter \u00e0 domicile. Toutes les informations et r\u00e9ponses \u00e0 vos questions dans nos articles.\",\"breadcrumb\":{\"@id\":\"https:\/\/yoopies.fr\/c\/garde-enfant\/les-modes-de-garde\/babysitting\/recherche-baby-sitter-informations-familles\/#breadcrumb\"},\"inLanguage\":\"fr-FR\",\"potentialAction\":[{\"@type\":\"ReadAction\",\"target\":[\"https:\/\/yoopies.fr\/c\/garde-enfant\/les-modes-de-garde\/babysitting\/recherche-baby-sitter-informations-familles\/\"]}]},{\"@type\":\"ImageObject\",\"inLanguage\":\"fr-FR\",\"@id\":\"https:\/\/yoopies.fr\/c\/garde-enfant\/les-modes-de-garde\/babysitting\/recherche-baby-sitter-informations-familles\/#primaryimage\",\"url\":\"https:\/\/yoopies.fr\/c\/wp-content\/uploads\/2024\/06\/65d330f96df829d21997eaf1-image-2024-02-19-114407157.jpg\",\"contentUrl\":\"https:\/\/yoopies.fr\/c\/wp-content\/uploads\/2024\/06\/65d330f96df829d21997eaf1-image-2024-02-19-114407157.jpg\",\"width\":600,\"height\":300},{\"@type\":\"BreadcrumbList\",\"@id\":\"https:\/\/yoopies.fr\/c\/garde-enfant\/les-modes-de-garde\/babysitting\/recherche-baby-sitter-informations-familles\/#breadcrumb\",\"itemListElement\":[{\"@type\":\"ListItem\",\"position\":1,\"name\":\"Home\",\"item\":\"https:\/\/yoopies.fr\/c\/\"},{\"@type\":\"ListItem\",\"position\":2,\"name\":\"Garde d&rsquo;enfant\",\"item\":\"https:\/\/yoopies.fr\/c\/garde-enfant\/\"},{\"@type\":\"ListItem\",\"position\":3,\"name\":\"Les modes de gardees modes de garde : trouvez la solution id\u00e9ale pour votre enfantLes modes de garde\",\"item\":\"https:\/\/yoopies.fr\/c\/garde-enfant\/les-modes-de-garde\/\"},{\"@type\":\"ListItem\",\"position\":4,\"name\":\"Babysitting\",\"item\":\"https:\/\/yoopies.fr\/c\/garde-enfant\/les-modes-de-garde\/babysitting\/\"},{\"@type\":\"ListItem\",\"position\":5,\"name\":\"Recherche de baby-sitter\"}]},{\"@type\":\"WebSite\",\"@id\":\"https:\/\/yoopies.fr\/c\/#website\",\"url\":\"https:\/\/yoopies.fr\/c\/\",\"name\":\"Le Blog Yoopies\",\"description\":\"\",\"publisher\":{\"@id\":\"https:\/\/yoopies.fr\/c\/#organization\"},\"potentialAction\":[{\"@type\":\"SearchAction\",\"target\":{\"@type\":\"EntryPoint\",\"urlTemplate\":\"https:\/\/yoopies.fr\/c\/?s={search_term_string}\"},\"query-input\":{\"@type\":\"PropertyValueSpecification\",\"valueRequired\":true,\"valueName\":\"search_term_string\"}}],\"inLanguage\":\"fr-FR\"},{\"@type\":\"Organization\",\"@id\":\"https:\/\/yoopies.fr\/c\/#organization\",\"name\":\"Le Blog Yoopies\",\"url\":\"https:\/\/yoopies.fr\/c\/\",\"logo\":{\"@type\":\"ImageObject\",\"inLanguage\":\"fr-FR\",\"@id\":\"https:\/\/yoopies.fr\/c\/#\/schema\/logo\/image\/\",\"url\":\"https:\/\/yoopies.fr\/c\/wp-content\/uploads\/2025\/04\/cropped-Logo_Yoopies-2.png\",\"contentUrl\":\"https:\/\/yoopies.fr\/c\/wp-content\/uploads\/2025\/04\/cropped-Logo_Yoopies-2.png\",\"width\":512,\"height\":512,\"caption\":\"Le Blog Yoopies\"},\"image\":{\"@id\":\"https:\/\/yoopies.fr\/c\/#\/schema\/logo\/image\/\"}}]}<\/script>\n<!-- \/ Yoast SEO plugin. -->","yoast_head_json":{"title":"Recherche de baby-sitter - Informations aux familles","description":"Vous recherchez une baby-sitter \u00e0 domicile. Toutes les informations et r\u00e9ponses \u00e0 vos questions dans nos articles.","robots":{"index":"index","follow":"follow","max-snippet":"max-snippet:-1","max-image-preview":"max-image-preview:large","max-video-preview":"max-video-preview:-1"},"canonical":"https:\/\/yoopies.fr\/c\/garde-enfant\/les-modes-de-garde\/babysitting\/recherche-baby-sitter-informations-familles\/","og_locale":"fr_FR","og_type":"article","og_title":"Recherche de baby-sitter - Informations aux familles","og_description":"Vous recherchez une baby-sitter \u00e0 domicile. Toutes les informations et r\u00e9ponses \u00e0 vos questions dans nos articles.","og_url":"https:\/\/yoopies.fr\/c\/garde-enfant\/les-modes-de-garde\/babysitting\/recherche-baby-sitter-informations-familles\/","og_site_name":"Le Blog Yoopies","article_modified_time":"2025-06-12T07:59:09+00:00","og_image":[{"width":600,"height":300,"url":"https:\/\/yoopies.fr\/c\/wp-content\/uploads\/2024\/06\/65d330f96df829d21997eaf1-image-2024-02-19-114407157.jpg","type":"image\/jpeg"}],"twitter_card":"summary_large_image","twitter_misc":{"Dur\u00e9e de lecture estim\u00e9e":"4 minutes"},"schema":{"@context":"https:\/\/schema.org","@graph":[{"@type":"WebPage","@id":"https:\/\/yoopies.fr\/c\/garde-enfant\/les-modes-de-garde\/babysitting\/recherche-baby-sitter-informations-familles\/","url":"https:\/\/yoopies.fr\/c\/garde-enfant\/les-modes-de-garde\/babysitting\/recherche-baby-sitter-informations-familles\/","name":"Recherche de baby-sitter - Informations aux familles","isPartOf":{"@id":"https:\/\/yoopies.fr\/c\/#website"},"primaryImageOfPage":{"@id":"https:\/\/yoopies.fr\/c\/garde-enfant\/les-modes-de-garde\/babysitting\/recherche-baby-sitter-informations-familles\/#primaryimage"},"image":{"@id":"https:\/\/yoopies.fr\/c\/garde-enfant\/les-modes-de-garde\/babysitting\/recherche-baby-sitter-informations-familles\/#primaryimage"},"thumbnailUrl":"https:\/\/yoopies.fr\/c\/wp-content\/uploads\/2024\/06\/65d330f96df829d21997eaf1-image-2024-02-19-114407157.jpg","datePublished":"2024-06-11T14:41:02+00:00","dateModified":"2025-06-12T07:59:09+00:00","description":"Vous recherchez une baby-sitter \u00e0 domicile. Toutes les informations et r\u00e9ponses \u00e0 vos questions dans nos articles.","breadcrumb":{"@id":"https:\/\/yoopies.fr\/c\/garde-enfant\/les-modes-de-garde\/babysitting\/recherche-baby-sitter-informations-familles\/#breadcrumb"},"inLanguage":"fr-FR","potentialAction":[{"@type":"ReadAction","target":["https:\/\/yoopies.fr\/c\/garde-enfant\/les-modes-de-garde\/babysitting\/recherche-baby-sitter-informations-familles\/"]}]},{"@type":"ImageObject","inLanguage":"fr-FR","@id":"https:\/\/yoopies.fr\/c\/garde-enfant\/les-modes-de-garde\/babysitting\/recherche-baby-sitter-informations-familles\/#primaryimage","url":"https:\/\/yoopies.fr\/c\/wp-content\/uploads\/2024\/06\/65d330f96df829d21997eaf1-image-2024-02-19-114407157.jpg","contentUrl":"https:\/\/yoopies.fr\/c\/wp-content\/uploads\/2024\/06\/65d330f96df829d21997eaf1-image-2024-02-19-114407157.jpg","width":600,"height":300},{"@type":"BreadcrumbList","@id":"https:\/\/yoopies.fr\/c\/garde-enfant\/les-modes-de-garde\/babysitting\/recherche-baby-sitter-informations-familles\/#breadcrumb","itemListElement":[{"@type":"ListItem","position":1,"name":"Home","item":"https:\/\/yoopies.fr\/c\/"},{"@type":"ListItem","position":2,"name":"Garde d&rsquo;enfant","item":"https:\/\/yoopies.fr\/c\/garde-enfant\/"},{"@type":"ListItem","position":3,"name":"Les modes de gardees modes de garde : trouvez la solution id\u00e9ale pour votre enfantLes modes de garde","item":"https:\/\/yoopies.fr\/c\/garde-enfant\/les-modes-de-garde\/"},{"@type":"ListItem","position":4,"name":"Babysitting","item":"https:\/\/yoopies.fr\/c\/garde-enfant\/les-modes-de-garde\/babysitting\/"},{"@type":"ListItem","position":5,"name":"Recherche de baby-sitter"}]},{"@type":"WebSite","@id":"https:\/\/yoopies.fr\/c\/#website","url":"https:\/\/yoopies.fr\/c\/","name":"Le Blog Yoopies","description":"","publisher":{"@id":"https:\/\/yoopies.fr\/c\/#organization"},"potentialAction":[{"@type":"SearchAction","target":{"@type":"EntryPoint","urlTemplate":"https:\/\/yoopies.fr\/c\/?s={search_term_string}"},"query-input":{"@type":"PropertyValueSpecification","valueRequired":true,"valueName":"search_term_string"}}],"inLanguage":"fr-FR"},{"@type":"Organization","@id":"https:\/\/yoopies.fr\/c\/#organization","name":"Le Blog Yoopies","url":"https:\/\/yoopies.fr\/c\/","logo":{"@type":"ImageObject","inLanguage":"fr-FR","@id":"https:\/\/yoopies.fr\/c\/#\/schema\/logo\/image\/","url":"https:\/\/yoopies.fr\/c\/wp-content\/uploads\/2025\/04\/cropped-Logo_Yoopies-2.png","contentUrl":"https:\/\/yoopies.fr\/c\/wp-content\/uploads\/2025\/04\/cropped-Logo_Yoopies-2.png","width":512,"height":512,"caption":"Le Blog Yoopies"},"image":{"@id":"https:\/\/yoopies.fr\/c\/#\/schema\/logo\/image\/"}}]}},"_links":{"self":[{"href":"https:\/\/yoopies.fr\/c\/wp-json\/wp\/v2\/pages\/794","targetHints":{"allow":["GET"]}}],"collection":[{"href":"https:\/\/yoopies.fr\/c\/wp-json\/wp\/v2\/pages"}],"about":[{"href":"https:\/\/yoopies.fr\/c\/wp-json\/wp\/v2\/types\/page"}],"author":[{"embeddable":true,"href":"https:\/\/yoopies.fr\/c\/wp-json\/wp\/v2\/users\/10"}],"replies":[{"embeddable":true,"href":"https:\/\/yoopies.fr\/c\/wp-json\/wp\/v2\/comments?post=794"}],"version-history":[{"count":1,"href":"https:\/\/yoopies.fr\/c\/wp-json\/wp\/v2\/pages\/794\/revisions"}],"predecessor-version":[{"id":797,"href":"https:\/\/yoopies.fr\/c\/wp-json\/wp\/v2\/pages\/794\/revisions\/797"}],"up":[{"embeddable":true,"href":"https:\/\/yoopies.fr\/c\/wp-json\/wp\/v2\/pages\/450"}],"wp:featuredmedia":[{"embeddable":true,"href":"https:\/\/yoopies.fr\/c\/wp-json\/wp\/v2\/media\/796"}],"wp:attachment":[{"href":"https:\/\/yoopies.fr\/c\/wp-json\/wp\/v2\/media?parent=794"}],"curies":[{"name":"wp","href":"https:\/\/api.w.org\/{rel}","templated":true}]}}