{"id":755,"date":"2024-06-11T14:38:13","date_gmt":"2024-06-11T14:38:13","guid":{"rendered":"https:\/\/blog.yoopies.fr\/garde-enfant\/les-modes-de-garde\/babysitting\/formation-baby-sitting\/"},"modified":"2025-06-12T07:59:09","modified_gmt":"2025-06-12T07:59:09","slug":"formation-baby-sitting","status":"publish","type":"page","link":"https:\/\/yoopies.fr\/c\/garde-enfant\/les-modes-de-garde\/babysitting\/formation-baby-sitting\/","title":{"rendered":"Formation baby sitting : Un plus dans votre candidature !"},"content":{"rendered":"<p><p class=\"block-img\"><img decoding=\"async\" src=\"https:\/\/yoopies.fr\/c\/wp-content\/uploads\/2024\/06\/4a12f3e6-3152-45db-bd29-5fe199c3046b_pexels-kampus-production-741438828129.jpg\" alt=\"formation baby sitting \"><\/p>\n<p>Proposer ses services de baby-sitter pour un premier job peut sembler simple et accessible. M&ecirc;me s&rsquo;il n&rsquo;y a pas de pr&eacute;-requis indispensables pour pr&eacute;senter votre candidature pour ce type de poste, certaines formations et dipl&ocirc;mes vous permettront de vous d&eacute;marquer des autres candidats, de rassurer les employeurs sur votre capacit&eacute; &agrave; garder les enfants et &agrave; exercer votre job de baby sitter. <\/p>\n<\/p>\n<p><h2><strong>Formation baby sitting : Soignez votre candidature, booster votre CV et lettre de motivation, impressionnez et rassurez les employeurs potentiels<\/strong><\/h2>\n<\/p>\n<p><p>Que ce soit pour du baby-sitting occasionnel ou du baby-sitting r&eacute;gulier, &agrave; temps plein ou &agrave; temps partiel en compl&eacute;ment d&rsquo;une autre activit&eacute;, les garanties attendues par les familles pour lesquelles vous allez travailler sont les m&ecirc;mes : responsabilit&eacute;, rigueur, s&eacute;curit&eacute; et vigilance. Certains dipl&ocirc;mes et formations baby sitting repr&eacute;sentent un v&eacute;ritable atout pour une candidature.<\/p>\n<p>Pour vous permettre de les identifier et de mettre en avant vos exp&eacute;riences et vos qualit&eacute;s dans votre CV, voici une liste, non exhaustive.<\/p>\n<\/p>\n<ul>\n<li>Le <strong>PSC1<\/strong> ou <strong>brevet de secourisme <\/strong>: Il s&rsquo;agit d&rsquo;une formation aux premiers secours qui consiste la base d&rsquo;une formation de baby-sitter. Aucun pr&eacute; requis est n&eacute;cessaire pour cette formation de gestion de risques du quotidien : perte de connaissance, &eacute;touffement, br&ucirc;lures, arr&ecirc;t cardiaque, h&eacute;morragie, etc&hellip; <strong>Si vous ne devez en choisir qu&rsquo;une, c&rsquo;est celle-ci<\/strong>. <br \/>\nElle peut &ecirc;tre suivie &agrave; titre personnel, ou financ&eacute;e par une entreprise. Cette formation de pr&eacute;vention est dispens&eacute;e par la Croix-Rouge fran&ccedil;aise, les pompiers ou encore la Protection Civile Paris Seine. <\/li>\n<\/ul>\n<ul>\n<li><strong>Brevet de surveillant de baignade<\/strong> (ou BSB) : C&rsquo;est une formation, compl&eacute;mentaire aux premiers secours et relativement pertinente en p&eacute;riode estivale, si vous gardez des enfants en vacances, &agrave; proximit&eacute; d&rsquo;une piscine, ou encore si vous les amenez &agrave; la plage. <\/li>\n<\/ul>\n<ul>\n<li><strong>BAFA<\/strong> (Brevet d&rsquo;Aptitude aux Fonctions d&rsquo;Animateur) &#8211;<strong> BAFD<\/strong> (Brevet d&rsquo;Aptitude aux Fonctions de Directeur): ces dipl&ocirc;mes d&rsquo;encadrement d&rsquo;enfants &agrave; titre non professionnel sont d&eacute;livr&eacute;s &agrave; l&rsquo;issu de formations organis&eacute;s par des structures de formation reconnues par le minist&egrave;re de l&rsquo;Education nationale et de la Jeunesse. Ils permettent d&rsquo;exercer des fonctions d&rsquo;animation et d&rsquo;encadrement aupr&egrave;s des enfants.\n<p><strong><em>Bon &agrave; savoir ! <\/em><\/strong><br \/>\n3 stages sont &agrave; effectuer sur 30 mois : un stage th&eacute;orique, un stage pratique et un stage d&rsquo;approfondissement. Pour &ecirc;tre candidat, il vous suffit d&rsquo;&ecirc;tre &acirc;g&eacute; de 17 ans au premier jour du stage. A l&rsquo;issu de cette formation, vous ressortez avec de l&rsquo;exp&eacute;rience en encadrement de groupes, une multitude d&rsquo;id&eacute;es d&rsquo;activit&eacute;s et un talent certain pour l&rsquo;organisation.&nbsp;<\/li>\n<li><strong>Infirmier ou aide soignant<\/strong>, manifestez-vous ! C&rsquo;est un gros point positif dans votre CV. Une formation d&rsquo;infirmier est plus que pertinente. \n<\/li>\n<li><strong>Formation en IFAP (<\/strong>ou &eacute;cole d&rsquo;auxiliaire de pu&eacute;riculture): ces structures proposent des formations tout au long de l&rsquo;ann&eacute;e \/ <strong>Pu&eacute;riculteurs<\/strong>: il sont habitu&eacute; &agrave; prendre soin des touts petits et &agrave; faire le lien avec les familles. Non seulement m&eacute;diateurs, ils ont &eacute;galement un r&ocirc;le &eacute;ducatif et pr&eacute;ventif.\n<p><strong><em>Bon &agrave; savoir ! <\/em><\/strong><br \/>\nApr&egrave;s 5 ann&eacute;es d&rsquo;exp&eacute;rience, les pu&eacute;riculteurs sont habilit&eacute;s &agrave; diriger une cr&egrave;che ou une garderie. <\/p>\n<p>undefinedundefined<\/li>\n<\/ul>\n<ul>\n<li><strong>Etudes de psychologie ou formation d&rsquo;Aide M&eacute;dico-Psychologique (AMP)<\/strong>: La psychologie est un domaine proche du param&eacute;dical et du social. Que vous d&eacute;teniez simplement une licence de psychologie ou justifiez de plusieurs ann&eacute;es d&rsquo;exp&eacute;rience dans ce domaine, en faire mention dans votre candidature est important. Sans vouloir se lancer dans une th&eacute;rapie, certaines familles pourraient trouver pertinent de vous confier leurs enfants.<\/li>\n<\/ul>\n<p><p><strong>De mani&egrave;re g&eacute;n&eacute;rale, tous les m&eacute;tiers au contact des enfants ou dans le param&eacute;dical sont pertinents.&nbsp;<\/strong><\/p>\n<p>Yoopies vous accompagne &eacute;galement dans ce processus de renforcement de votre candidature en vous permettant de faire v&eacute;rifier votre profil. Cette v&eacute;rification a pour but de confirmer aux familles, particuli&egrave;rement vigilante quand &agrave;&nbsp; la fiabilit&eacute; et le s&eacute;rieux de votre profil au travers d&rsquo;un contr&ocirc;le de votre identit&eacute; et des informations mentionn&eacute;es sur votre profil (formations, dipl&ocirc;mes, statuts&hellip;).<\/p>\n<p><em><strong>Bon &agrave; savoir ! <\/strong><\/em><\/p>\n<p>Lorsque vous faites v&eacute;rifier votre profil sur Yoopies, les donn&eacute;es sont confidentielles et les documents transmis ne sont en aucun cas partag&eacute;s avec les familles !<\/p>\n<\/p>\n<p><h2><strong>Mentionner vos r&eacute;f&eacute;rences dans votre lettre de motivation baby sitting<\/strong><\/h2>\n<\/p>\n<p><p>Faites une liste de 3 &agrave; 5 contacts de familles qui pourront t&eacute;moigner de votre responsabilit&eacute;, de votre fiabilit&eacute; et de votre capacit&eacute; &agrave; travailler avec les enfants. <\/p>\n<p>Parlez de ces t&eacute;moignages dans votre lettre de motivation lorsque vous cr&eacute;ez votre<a target=\"_blank\" rel=\"noopener\" href=\"https:\/\/yoopies.fr\/c\/garde-enfant\/les-modes-de-garde\/babysitting\/annonce-baby-sitting-lettre-de-motivation-garde-d-enfant\/\"> annonce baby sitting. <\/a>Leurs recommandations vous permettront de trouver des familles plus facilement. <\/p>\n<\/p>\n<p><a class=\"button\" href=\"https:\/\/yoopies.fr\/garde-enfant\">Trouvez un emploi de garde d&rsquo;enfants !<\/a><\/p>\n","protected":false},"excerpt":{"rendered":"<p>Proposer ses services de baby-sitter pour un premier job peut sembler simple et accessible. M&ecirc;me s&rsquo;il n&rsquo;y a pas de &hellip; <\/p>\n","protected":false},"author":10,"featured_media":757,"parent":450,"menu_order":0,"comment_status":"closed","ping_status":"closed","template":"","meta":{"_acf_changed":false,"footnotes":""},"class_list":["post-755","page","type-page","status-publish","has-post-thumbnail","hentry"],"acf":[],"yoast_head":"<!-- This site is optimized with the Yoast SEO plugin v26.9 - https:\/\/yoast.com\/product\/yoast-seo-wordpress\/ -->\n<title>Formation baby sitting pour booster votre candidature<\/title>\n<meta name=\"description\" content=\"Les formations pour faire du baby sitting vous permettront de vous d\u00e9marquer des autres et de rassurer les employeurs sur votre capacit\u00e9 \u00e0 garder les enfants.\" \/>\n<meta name=\"robots\" content=\"index, follow, max-snippet:-1, max-image-preview:large, max-video-preview:-1\" \/>\n<link rel=\"canonical\" href=\"https:\/\/yoopies.fr\/c\/garde-enfant\/les-modes-de-garde\/babysitting\/formation-baby-sitting\/\" \/>\n<meta property=\"og:locale\" content=\"fr_FR\" \/>\n<meta property=\"og:type\" content=\"article\" \/>\n<meta property=\"og:title\" content=\"Formation baby sitting pour booster votre candidature\" \/>\n<meta property=\"og:description\" content=\"Les formations pour faire du baby sitting vous permettront de vous d\u00e9marquer des autres et de rassurer les employeurs sur votre capacit\u00e9 \u00e0 garder les enfants.\" \/>\n<meta property=\"og:url\" content=\"https:\/\/yoopies.fr\/c\/garde-enfant\/les-modes-de-garde\/babysitting\/formation-baby-sitting\/\" \/>\n<meta property=\"og:site_name\" content=\"Le Blog Yoopies\" \/>\n<meta property=\"article:modified_time\" content=\"2025-06-12T07:59:09+00:00\" \/>\n<meta property=\"og:image\" content=\"https:\/\/yoopies.fr\/c\/wp-content\/uploads\/2024\/06\/65d332606df829d21997eb1a-image-2024-02-19-115007024.jpg\" \/>\n\t<meta property=\"og:image:width\" content=\"600\" \/>\n\t<meta property=\"og:image:height\" content=\"300\" \/>\n\t<meta property=\"og:image:type\" content=\"image\/jpeg\" \/>\n<meta name=\"twitter:card\" content=\"summary_large_image\" \/>\n<meta name=\"twitter:label1\" content=\"Dur\u00e9e de lecture estim\u00e9e\" \/>\n\t<meta name=\"twitter:data1\" content=\"5 minutes\" \/>\n<script type=\"application\/ld+json\" class=\"yoast-schema-graph\">{\"@context\":\"https:\/\/schema.org\",\"@graph\":[{\"@type\":\"WebPage\",\"@id\":\"https:\/\/yoopies.fr\/c\/garde-enfant\/les-modes-de-garde\/babysitting\/formation-baby-sitting\/\",\"url\":\"https:\/\/yoopies.fr\/c\/garde-enfant\/les-modes-de-garde\/babysitting\/formation-baby-sitting\/\",\"name\":\"Formation baby sitting pour booster votre candidature\",\"isPartOf\":{\"@id\":\"https:\/\/yoopies.fr\/c\/#website\"},\"primaryImageOfPage\":{\"@id\":\"https:\/\/yoopies.fr\/c\/garde-enfant\/les-modes-de-garde\/babysitting\/formation-baby-sitting\/#primaryimage\"},\"image\":{\"@id\":\"https:\/\/yoopies.fr\/c\/garde-enfant\/les-modes-de-garde\/babysitting\/formation-baby-sitting\/#primaryimage\"},\"thumbnailUrl\":\"https:\/\/yoopies.fr\/c\/wp-content\/uploads\/2024\/06\/65d332606df829d21997eb1a-image-2024-02-19-115007024.jpg\",\"datePublished\":\"2024-06-11T14:38:13+00:00\",\"dateModified\":\"2025-06-12T07:59:09+00:00\",\"description\":\"Les formations pour faire du baby sitting vous permettront de vous d\u00e9marquer des autres et de rassurer les employeurs sur votre capacit\u00e9 \u00e0 garder les enfants.\",\"breadcrumb\":{\"@id\":\"https:\/\/yoopies.fr\/c\/garde-enfant\/les-modes-de-garde\/babysitting\/formation-baby-sitting\/#breadcrumb\"},\"inLanguage\":\"fr-FR\",\"potentialAction\":[{\"@type\":\"ReadAction\",\"target\":[\"https:\/\/yoopies.fr\/c\/garde-enfant\/les-modes-de-garde\/babysitting\/formation-baby-sitting\/\"]}]},{\"@type\":\"ImageObject\",\"inLanguage\":\"fr-FR\",\"@id\":\"https:\/\/yoopies.fr\/c\/garde-enfant\/les-modes-de-garde\/babysitting\/formation-baby-sitting\/#primaryimage\",\"url\":\"https:\/\/yoopies.fr\/c\/wp-content\/uploads\/2024\/06\/65d332606df829d21997eb1a-image-2024-02-19-115007024.jpg\",\"contentUrl\":\"https:\/\/yoopies.fr\/c\/wp-content\/uploads\/2024\/06\/65d332606df829d21997eb1a-image-2024-02-19-115007024.jpg\",\"width\":600,\"height\":300},{\"@type\":\"BreadcrumbList\",\"@id\":\"https:\/\/yoopies.fr\/c\/garde-enfant\/les-modes-de-garde\/babysitting\/formation-baby-sitting\/#breadcrumb\",\"itemListElement\":[{\"@type\":\"ListItem\",\"position\":1,\"name\":\"Home\",\"item\":\"https:\/\/yoopies.fr\/c\/\"},{\"@type\":\"ListItem\",\"position\":2,\"name\":\"Garde d&rsquo;enfant\",\"item\":\"https:\/\/yoopies.fr\/c\/garde-enfant\/\"},{\"@type\":\"ListItem\",\"position\":3,\"name\":\"Les modes de gardees modes de garde : trouvez la solution id\u00e9ale pour votre enfantLes modes de garde\",\"item\":\"https:\/\/yoopies.fr\/c\/garde-enfant\/les-modes-de-garde\/\"},{\"@type\":\"ListItem\",\"position\":4,\"name\":\"Babysitting\",\"item\":\"https:\/\/yoopies.fr\/c\/garde-enfant\/les-modes-de-garde\/babysitting\/\"},{\"@type\":\"ListItem\",\"position\":5,\"name\":\"Formation baby sitting : Un plus dans votre candidature !\"}]},{\"@type\":\"WebSite\",\"@id\":\"https:\/\/yoopies.fr\/c\/#website\",\"url\":\"https:\/\/yoopies.fr\/c\/\",\"name\":\"Le Blog Yoopies\",\"description\":\"\",\"publisher\":{\"@id\":\"https:\/\/yoopies.fr\/c\/#organization\"},\"potentialAction\":[{\"@type\":\"SearchAction\",\"target\":{\"@type\":\"EntryPoint\",\"urlTemplate\":\"https:\/\/yoopies.fr\/c\/?s={search_term_string}\"},\"query-input\":{\"@type\":\"PropertyValueSpecification\",\"valueRequired\":true,\"valueName\":\"search_term_string\"}}],\"inLanguage\":\"fr-FR\"},{\"@type\":\"Organization\",\"@id\":\"https:\/\/yoopies.fr\/c\/#organization\",\"name\":\"Le Blog Yoopies\",\"url\":\"https:\/\/yoopies.fr\/c\/\",\"logo\":{\"@type\":\"ImageObject\",\"inLanguage\":\"fr-FR\",\"@id\":\"https:\/\/yoopies.fr\/c\/#\/schema\/logo\/image\/\",\"url\":\"https:\/\/yoopies.fr\/c\/wp-content\/uploads\/2025\/04\/cropped-Logo_Yoopies-2.png\",\"contentUrl\":\"https:\/\/yoopies.fr\/c\/wp-content\/uploads\/2025\/04\/cropped-Logo_Yoopies-2.png\",\"width\":512,\"height\":512,\"caption\":\"Le Blog Yoopies\"},\"image\":{\"@id\":\"https:\/\/yoopies.fr\/c\/#\/schema\/logo\/image\/\"}}]}<\/script>\n<!-- \/ Yoast SEO plugin. -->","yoast_head_json":{"title":"Formation baby sitting pour booster votre candidature","description":"Les formations pour faire du baby sitting vous permettront de vous d\u00e9marquer des autres et de rassurer les employeurs sur votre capacit\u00e9 \u00e0 garder les enfants.","robots":{"index":"index","follow":"follow","max-snippet":"max-snippet:-1","max-image-preview":"max-image-preview:large","max-video-preview":"max-video-preview:-1"},"canonical":"https:\/\/yoopies.fr\/c\/garde-enfant\/les-modes-de-garde\/babysitting\/formation-baby-sitting\/","og_locale":"fr_FR","og_type":"article","og_title":"Formation baby sitting pour booster votre candidature","og_description":"Les formations pour faire du baby sitting vous permettront de vous d\u00e9marquer des autres et de rassurer les employeurs sur votre capacit\u00e9 \u00e0 garder les enfants.","og_url":"https:\/\/yoopies.fr\/c\/garde-enfant\/les-modes-de-garde\/babysitting\/formation-baby-sitting\/","og_site_name":"Le Blog Yoopies","article_modified_time":"2025-06-12T07:59:09+00:00","og_image":[{"width":600,"height":300,"url":"https:\/\/yoopies.fr\/c\/wp-content\/uploads\/2024\/06\/65d332606df829d21997eb1a-image-2024-02-19-115007024.jpg","type":"image\/jpeg"}],"twitter_card":"summary_large_image","twitter_misc":{"Dur\u00e9e de lecture estim\u00e9e":"5 minutes"},"schema":{"@context":"https:\/\/schema.org","@graph":[{"@type":"WebPage","@id":"https:\/\/yoopies.fr\/c\/garde-enfant\/les-modes-de-garde\/babysitting\/formation-baby-sitting\/","url":"https:\/\/yoopies.fr\/c\/garde-enfant\/les-modes-de-garde\/babysitting\/formation-baby-sitting\/","name":"Formation baby sitting pour booster votre candidature","isPartOf":{"@id":"https:\/\/yoopies.fr\/c\/#website"},"primaryImageOfPage":{"@id":"https:\/\/yoopies.fr\/c\/garde-enfant\/les-modes-de-garde\/babysitting\/formation-baby-sitting\/#primaryimage"},"image":{"@id":"https:\/\/yoopies.fr\/c\/garde-enfant\/les-modes-de-garde\/babysitting\/formation-baby-sitting\/#primaryimage"},"thumbnailUrl":"https:\/\/yoopies.fr\/c\/wp-content\/uploads\/2024\/06\/65d332606df829d21997eb1a-image-2024-02-19-115007024.jpg","datePublished":"2024-06-11T14:38:13+00:00","dateModified":"2025-06-12T07:59:09+00:00","description":"Les formations pour faire du baby sitting vous permettront de vous d\u00e9marquer des autres et de rassurer les employeurs sur votre capacit\u00e9 \u00e0 garder les enfants.","breadcrumb":{"@id":"https:\/\/yoopies.fr\/c\/garde-enfant\/les-modes-de-garde\/babysitting\/formation-baby-sitting\/#breadcrumb"},"inLanguage":"fr-FR","potentialAction":[{"@type":"ReadAction","target":["https:\/\/yoopies.fr\/c\/garde-enfant\/les-modes-de-garde\/babysitting\/formation-baby-sitting\/"]}]},{"@type":"ImageObject","inLanguage":"fr-FR","@id":"https:\/\/yoopies.fr\/c\/garde-enfant\/les-modes-de-garde\/babysitting\/formation-baby-sitting\/#primaryimage","url":"https:\/\/yoopies.fr\/c\/wp-content\/uploads\/2024\/06\/65d332606df829d21997eb1a-image-2024-02-19-115007024.jpg","contentUrl":"https:\/\/yoopies.fr\/c\/wp-content\/uploads\/2024\/06\/65d332606df829d21997eb1a-image-2024-02-19-115007024.jpg","width":600,"height":300},{"@type":"BreadcrumbList","@id":"https:\/\/yoopies.fr\/c\/garde-enfant\/les-modes-de-garde\/babysitting\/formation-baby-sitting\/#breadcrumb","itemListElement":[{"@type":"ListItem","position":1,"name":"Home","item":"https:\/\/yoopies.fr\/c\/"},{"@type":"ListItem","position":2,"name":"Garde d&rsquo;enfant","item":"https:\/\/yoopies.fr\/c\/garde-enfant\/"},{"@type":"ListItem","position":3,"name":"Les modes de gardees modes de garde : trouvez la solution id\u00e9ale pour votre enfantLes modes de garde","item":"https:\/\/yoopies.fr\/c\/garde-enfant\/les-modes-de-garde\/"},{"@type":"ListItem","position":4,"name":"Babysitting","item":"https:\/\/yoopies.fr\/c\/garde-enfant\/les-modes-de-garde\/babysitting\/"},{"@type":"ListItem","position":5,"name":"Formation baby sitting : Un plus dans votre candidature !"}]},{"@type":"WebSite","@id":"https:\/\/yoopies.fr\/c\/#website","url":"https:\/\/yoopies.fr\/c\/","name":"Le Blog Yoopies","description":"","publisher":{"@id":"https:\/\/yoopies.fr\/c\/#organization"},"potentialAction":[{"@type":"SearchAction","target":{"@type":"EntryPoint","urlTemplate":"https:\/\/yoopies.fr\/c\/?s={search_term_string}"},"query-input":{"@type":"PropertyValueSpecification","valueRequired":true,"valueName":"search_term_string"}}],"inLanguage":"fr-FR"},{"@type":"Organization","@id":"https:\/\/yoopies.fr\/c\/#organization","name":"Le Blog Yoopies","url":"https:\/\/yoopies.fr\/c\/","logo":{"@type":"ImageObject","inLanguage":"fr-FR","@id":"https:\/\/yoopies.fr\/c\/#\/schema\/logo\/image\/","url":"https:\/\/yoopies.fr\/c\/wp-content\/uploads\/2025\/04\/cropped-Logo_Yoopies-2.png","contentUrl":"https:\/\/yoopies.fr\/c\/wp-content\/uploads\/2025\/04\/cropped-Logo_Yoopies-2.png","width":512,"height":512,"caption":"Le Blog Yoopies"},"image":{"@id":"https:\/\/yoopies.fr\/c\/#\/schema\/logo\/image\/"}}]}},"_links":{"self":[{"href":"https:\/\/yoopies.fr\/c\/wp-json\/wp\/v2\/pages\/755","targetHints":{"allow":["GET"]}}],"collection":[{"href":"https:\/\/yoopies.fr\/c\/wp-json\/wp\/v2\/pages"}],"about":[{"href":"https:\/\/yoopies.fr\/c\/wp-json\/wp\/v2\/types\/page"}],"author":[{"embeddable":true,"href":"https:\/\/yoopies.fr\/c\/wp-json\/wp\/v2\/users\/10"}],"replies":[{"embeddable":true,"href":"https:\/\/yoopies.fr\/c\/wp-json\/wp\/v2\/comments?post=755"}],"version-history":[{"count":1,"href":"https:\/\/yoopies.fr\/c\/wp-json\/wp\/v2\/pages\/755\/revisions"}],"predecessor-version":[{"id":758,"href":"https:\/\/yoopies.fr\/c\/wp-json\/wp\/v2\/pages\/755\/revisions\/758"}],"up":[{"embeddable":true,"href":"https:\/\/yoopies.fr\/c\/wp-json\/wp\/v2\/pages\/450"}],"wp:featuredmedia":[{"embeddable":true,"href":"https:\/\/yoopies.fr\/c\/wp-json\/wp\/v2\/media\/757"}],"wp:attachment":[{"href":"https:\/\/yoopies.fr\/c\/wp-json\/wp\/v2\/media?parent=755"}],"curies":[{"name":"wp","href":"https:\/\/api.w.org\/{rel}","templated":true}]}}