{"id":69,"date":"2024-06-11T13:41:26","date_gmt":"2024-06-11T13:41:26","guid":{"rendered":"https:\/\/blog.yoopies.fr\/conseils-cours-a-distance\/"},"modified":"2025-06-12T07:58:56","modified_gmt":"2025-06-12T07:58:56","slug":"conseils-cours-a-distance","status":"publish","type":"page","link":"https:\/\/yoopies.fr\/c\/conseils-cours-a-distance\/","title":{"rendered":"Cours \u00e0 distance : nos conseils pour organiser la journ\u00e9e de votre enfant"},"content":{"rendered":"<p><p><strong>Nombreux sont les professeurs particuliers qui proposent des cours &agrave; distance. <\/strong><\/p>\n<p>Il est n&eacute;cessaire de bien structurer la journ&eacute;e entre votre travail et vos enfants. Avec un peu d&rsquo;organisation, tout se d&eacute;roulera sereinement ! <\/p>\n<p>&Ecirc;tre concentr&eacute; pendant un cours n&rsquo;est d&eacute;j&agrave; pas chose facile, alors &agrave; la maison, il est difficile de ne pas se laisser distraire ! D&eacute;couvrez nos astuces pour que votre enfant soit attentif jusqu&rsquo;&agrave; la fin du cours particulier. <\/p>\n<\/p>\n<p class=\"block-img\"><img decoding=\"async\" src=\"https:\/\/yoopies.fr\/c\/wp-content\/uploads\/2024\/06\/33e7d855-d256-4533-a24c-eae3f9bec2d0_pexels-august-de-richelieu-4260325.jpg\" alt=\"cours &agrave; distance\"><\/p>\n<\/p>\n<p><h2><strong>Conservez un m&ecirc;me emploi du temps pour les cours &agrave; distance<\/strong><\/h2>\n<\/p>\n<p><strong>Il faut garder un rythme r&eacute;gulier<\/strong> en se levant &agrave; une heure fixe, m&ecirc;me si les cours commencent un peu plus tard que d&rsquo;habitude. ?<\/p>\n<p>On se l&egrave;ve &agrave; 8h, on se douche pour se r&eacute;veiller, on prend un bon petit-d&eacute;jeuner, on se brosse les dents, on s&rsquo;habille et on va en classe&hellip; dans le salon ou sur le bureau ! Un bon petit-d&eacute;jeuner \u2615 est n&eacute;cessaire pour apporter de l&rsquo;&eacute;nergie toute la matin&eacute;e et se concentrer efficacement. Assurez-vous qu&rsquo;il boit r&eacute;guli&egrave;rement de l&rsquo;eau tout au long de sa journ&eacute;e. C&rsquo;est la seule boisson qui permet de s&rsquo;hydrater correctement et de faire fonctionner le cerveau &agrave; pleine puissance.<\/p>\n<p>Pour optimiser la concentration pendant les cours, l&rsquo;&eacute;cole &agrave; distance doit suivre le m&ecirc;me rituel que la p&eacute;riode scolaire habituelle.<\/p>\n<h2><strong>Une bonne installation est primordiale<\/strong><\/h2>\n<\/p>\n<p>Pour suivre les cours &agrave; distance avec un professeur particulier, il est essentiel de s&rsquo;&eacute;quiper :<\/p>\n<p><strong>Optimisez votre ordinateur <\/strong>? :<strong><\/strong><\/p>\n<p>L&rsquo;id&eacute;e est d&rsquo;avoir acc&egrave;s &agrave; un ordinateur assez puissant qui ne rame pas durant la diffusion du cours. Si vous avez un ordinateur surcharg&eacute; de logiciels et dossiers, pensez &agrave; faire le tri pour optimiser votre mat&eacute;riel. Votre enfant peut &eacute;galement suivre les cours sur une tablette. Tout comme les ordinateurs, les tablettes sont dot&eacute;es d&rsquo;une cam&eacute;ra int&eacute;gr&eacute;e et ont de tr&egrave;s bonnes capacit&eacute;s. Une fois le mat&eacute;riel choisi, il ne vous reste plus qu&rsquo;&agrave; installer l&rsquo;application de visioconf&eacute;rence impos&eacute;e par l&rsquo;&eacute;cole et votre enfant sera pr&ecirc;t pour les cours en ligne.<\/p>\n<p><strong>Testez votre mat&eacute;riel <\/strong>? <strong>:<\/strong><\/p>\n<p>Allumez l&rsquo;ordinateur ou la tablette avant que le cours commence afin de pr&eacute;venir tout probl&egrave;me au d&eacute;marrage ! Assurez-vous que la connexion internet soit suffisante.<\/p>\n<p>Pendant le cours, votre enfant sera amen&eacute; &agrave; &eacute;changer avec son professeur et donc &agrave; utiliser un micro. Avant l&rsquo;arriv&eacute;e du professeur particulier, faites des tests avec le micro pour de ne pas perdre de temps en d&eacute;but de cours.<\/p>\n<\/p>\n<h2><strong>&Eacute;loignez toutes les sources de distraction <\/strong><\/h2>\n<\/p>\n<p>Dans la mesure du possible, il faut &ecirc;tre install&eacute; dans un endroit calme loin de la t&eacute;l&eacute;vision \u26d4 et du passage des autres membres de la famille. Si votre enfant a un t&eacute;l&eacute;phone portable, il peut &eacute;liminer les distractions en mettant son smartphone en mode avion. Sa concentration sera ainsi maximale. Sur le bureau, assurez-vous qu&rsquo;il ne garde uniquement ce dont il a besoin. L&rsquo;ordinateur, les cahiers et livres scolaires, et sa trousse.<\/p>\n<p>Si votre enfant a besoin de quelques secondes d&rsquo;interruption, conseillez-lui de se lever de sa chaise, de s&rsquo;&eacute;tirer, de boire un peu d&rsquo;eau, et d&rsquo;ouvrir la fen&ecirc;tre pour prendre un peu d&rsquo;air frais. Le mouvement peut favoriser l&rsquo;attention.<\/p>\n<\/p>\n<h2><strong>Participez le plus possible pendant les cours &agrave; distance <\/strong><\/h2>\n<\/p>\n<p>Il n&rsquo;y a pas de secret pour rester concentr&eacute; au maximum : il faut s&rsquo;impliquer dans le cours particulier. En participant, votre enfant sera focalis&eacute; compl&egrave;tement sur ce que dit le professeur. Par exemple, pendant les cours de maths ou cours d&rsquo;anglais, incitez-le &agrave; interagir le plus possible avec son professeur, &agrave; poser le maximum de questions pour comprendre toutes les notions du cours. Prendre des notes pendant le cours de soutien permet de rendre le cours encore plus efficace. ? La prise de notes de fa&ccedil;on sch&eacute;matique permet une meilleure interaction avec son professeur. De plus, prendre des notes favorise la concentration et l&rsquo;attention, car il faut &eacute;couter.<\/p>\n<p>L&rsquo;implication des parents est tr&egrave;s importante dans cette situation de crise pour aider votre enfant. Si vous constatez que votre enfant &eacute;prouve des difficult&eacute;s dans la compr&eacute;hension des le&ccedil;ons ou dans la r&eacute;alisation des exercices, parlez-en &agrave; son professeur. Rassurez votre enfant autant que possible pour qu&rsquo;il sache que vous &ecirc;tes l&agrave;. Discutez avec lui, demandez-lui comment il se sent.<\/p>\n<p>Aidez-le &agrave; se fixer des objectifs. Proposez-lui des activit&eacute;s pour qu&rsquo;il se d&eacute;pense et pour qu&rsquo;il &eacute;vacue les tensions et stress accumul&eacute;s durant la journ&eacute;e. Si vous travaillez et que vous n&rsquo;avez pas le temps de vous occuper de ses devoirs, envisagez l&rsquo;aide au devoir &agrave; distance, par webcam, afin de le motiver davantage et &eacute;viter de prendre du retard dans le programme.<\/p>\n<h3><\/h3>\n<h2><strong>Que fait-on apr&egrave;s les cours &agrave; distance ?<\/strong><\/h2>\n<\/p>\n<p>Privil&eacute;giez l&rsquo;apr&egrave;s-midi pour des activit&eacute;s ? cr&eacute;atives&nbsp;ou ?? sportives. D&eacute;couvrez nos id&eacute;es pour occuper vos enfants jus<a target=\"_self\" rel=\"noopener\" href=\"https:\/\/yoopies.fr\/c\/garde-enfant\/conseils-garde-enfants\/conseils-aux-parents\/meilleures-activites-enfants-en-famille\/\">te ici.<\/a><\/p>\n<p>Si vous avez consacr&eacute; toute la matin&eacute;e &agrave; ses cours, et que vous n&rsquo;avez pas le temps ou l&rsquo;&eacute;nergie de le divertir l&rsquo;apr&egrave;s-midi, faites appel &agrave; une nounou, une baby-sitter ou une assistante maternelle pour la garde de vos enfants ! L&rsquo;avantage de cette solution est la souplesse d&rsquo;adaptation de la nounou &agrave; vos besoins ! Ainsi, vous pourrez travaillez en toute s&eacute;r&eacute;nit&eacute; ! La recherche de baby-sitter est tr&egrave;s facile sur la plateforme Yoopies. R&eacute;servez votre nounou ou baby-sitter pour laisser vos enfants entre de bonnes mains.<\/p>\n<p>T&eacute;l&eacute;chargez l&rsquo;application Yoopies ? . Pr&eacute;cisez votre besoin ! Ajoutez le filtre \u00ab\u00a0Garde d&rsquo;urgence\u00a0\u00bb !  Vous aurez alors acc&egrave;s &agrave; toutes les baby-sitters, nounous et assistantes maternelles disponibles imm&eacute;diatement. Trouvez la&nbsp;v&ocirc;tre et r&eacute;servez en quelques clics. <\/p>\n<p>\n<\/p>\n<\/p>\n<p><a class=\"button\" href=\"https:\/\/yoopies.fr\/baby-sitting\">Trouvez une\u00a0garde d&rsquo;enfants\u00a0de confiance rapidement\u00a0!<\/a><\/p>\n<p><p>A tr&egrave;s vite sur Yoopies ! <\/p><\/p>\n","protected":false},"excerpt":{"rendered":"<p>Nombreux sont les professeurs particuliers qui proposent des cours &agrave; distance. Il est n&eacute;cessaire de bien structurer la journ&eacute;e entre &hellip; <\/p>\n","protected":false},"author":10,"featured_media":71,"parent":0,"menu_order":0,"comment_status":"closed","ping_status":"closed","template":"","meta":{"_acf_changed":false,"footnotes":""},"class_list":["post-69","page","type-page","status-publish","has-post-thumbnail","hentry"],"acf":[],"yoast_head":"<!-- This site is optimized with the Yoast SEO plugin v26.9 - https:\/\/yoast.com\/product\/yoast-seo-wordpress\/ -->\n<title>Cours \u00e0 distance : Organiser la journ\u00e9e de votre enfant<\/title>\n<meta name=\"description\" content=\"Dans cet article, vous trouverez tous les conseils pour organiser la journ\u00e9e de votre enfant pour un cours \u00e0 distance efficace !\" \/>\n<meta name=\"robots\" content=\"index, follow, max-snippet:-1, max-image-preview:large, max-video-preview:-1\" \/>\n<link rel=\"canonical\" href=\"https:\/\/yoopies.fr\/c\/conseils-cours-a-distance\/\" \/>\n<meta property=\"og:locale\" content=\"fr_FR\" \/>\n<meta property=\"og:type\" content=\"article\" \/>\n<meta property=\"og:title\" content=\"Cours \u00e0 distance : Organiser la journ\u00e9e de votre enfant\" \/>\n<meta property=\"og:description\" content=\"Dans cet article, vous trouverez tous les conseils pour organiser la journ\u00e9e de votre enfant pour un cours \u00e0 distance efficace !\" \/>\n<meta property=\"og:url\" content=\"https:\/\/yoopies.fr\/c\/conseils-cours-a-distance\/\" \/>\n<meta property=\"og:site_name\" content=\"Le Blog Yoopies\" \/>\n<meta property=\"article:modified_time\" content=\"2025-06-12T07:58:56+00:00\" \/>\n<meta property=\"og:image\" content=\"https:\/\/yoopies.fr\/c\/wp-content\/uploads\/2024\/06\/33e7d855-d256-4533-a24c-eae3f9bec2d0-pexels-august-de-richelieu-4260325.jpg\" \/>\n\t<meta property=\"og:image:width\" content=\"1200\" \/>\n\t<meta property=\"og:image:height\" content=\"801\" \/>\n\t<meta property=\"og:image:type\" content=\"image\/jpeg\" \/>\n<meta name=\"twitter:card\" content=\"summary_large_image\" \/>\n<meta name=\"twitter:label1\" content=\"Dur\u00e9e de lecture estim\u00e9e\" \/>\n\t<meta name=\"twitter:data1\" content=\"5 minutes\" \/>\n<script type=\"application\/ld+json\" class=\"yoast-schema-graph\">{\"@context\":\"https:\/\/schema.org\",\"@graph\":[{\"@type\":\"WebPage\",\"@id\":\"https:\/\/yoopies.fr\/c\/conseils-cours-a-distance\/\",\"url\":\"https:\/\/yoopies.fr\/c\/conseils-cours-a-distance\/\",\"name\":\"Cours \u00e0 distance : Organiser la journ\u00e9e de votre enfant\",\"isPartOf\":{\"@id\":\"https:\/\/yoopies.fr\/c\/#website\"},\"primaryImageOfPage\":{\"@id\":\"https:\/\/yoopies.fr\/c\/conseils-cours-a-distance\/#primaryimage\"},\"image\":{\"@id\":\"https:\/\/yoopies.fr\/c\/conseils-cours-a-distance\/#primaryimage\"},\"thumbnailUrl\":\"https:\/\/yoopies.fr\/c\/wp-content\/uploads\/2024\/06\/33e7d855-d256-4533-a24c-eae3f9bec2d0-pexels-august-de-richelieu-4260325.jpg\",\"datePublished\":\"2024-06-11T13:41:26+00:00\",\"dateModified\":\"2025-06-12T07:58:56+00:00\",\"description\":\"Dans cet article, vous trouverez tous les conseils pour organiser la journ\u00e9e de votre enfant pour un cours \u00e0 distance efficace !\",\"breadcrumb\":{\"@id\":\"https:\/\/yoopies.fr\/c\/conseils-cours-a-distance\/#breadcrumb\"},\"inLanguage\":\"fr-FR\",\"potentialAction\":[{\"@type\":\"ReadAction\",\"target\":[\"https:\/\/yoopies.fr\/c\/conseils-cours-a-distance\/\"]}]},{\"@type\":\"ImageObject\",\"inLanguage\":\"fr-FR\",\"@id\":\"https:\/\/yoopies.fr\/c\/conseils-cours-a-distance\/#primaryimage\",\"url\":\"https:\/\/yoopies.fr\/c\/wp-content\/uploads\/2024\/06\/33e7d855-d256-4533-a24c-eae3f9bec2d0-pexels-august-de-richelieu-4260325.jpg\",\"contentUrl\":\"https:\/\/yoopies.fr\/c\/wp-content\/uploads\/2024\/06\/33e7d855-d256-4533-a24c-eae3f9bec2d0-pexels-august-de-richelieu-4260325.jpg\",\"width\":1200,\"height\":801},{\"@type\":\"BreadcrumbList\",\"@id\":\"https:\/\/yoopies.fr\/c\/conseils-cours-a-distance\/#breadcrumb\",\"itemListElement\":[{\"@type\":\"ListItem\",\"position\":1,\"name\":\"Home\",\"item\":\"https:\/\/yoopies.fr\/c\/\"},{\"@type\":\"ListItem\",\"position\":2,\"name\":\"Cours \u00e0 distance : nos conseils pour organiser la journ\u00e9e de votre enfant\"}]},{\"@type\":\"WebSite\",\"@id\":\"https:\/\/yoopies.fr\/c\/#website\",\"url\":\"https:\/\/yoopies.fr\/c\/\",\"name\":\"Le Blog Yoopies\",\"description\":\"\",\"publisher\":{\"@id\":\"https:\/\/yoopies.fr\/c\/#organization\"},\"potentialAction\":[{\"@type\":\"SearchAction\",\"target\":{\"@type\":\"EntryPoint\",\"urlTemplate\":\"https:\/\/yoopies.fr\/c\/?s={search_term_string}\"},\"query-input\":{\"@type\":\"PropertyValueSpecification\",\"valueRequired\":true,\"valueName\":\"search_term_string\"}}],\"inLanguage\":\"fr-FR\"},{\"@type\":\"Organization\",\"@id\":\"https:\/\/yoopies.fr\/c\/#organization\",\"name\":\"Le Blog Yoopies\",\"url\":\"https:\/\/yoopies.fr\/c\/\",\"logo\":{\"@type\":\"ImageObject\",\"inLanguage\":\"fr-FR\",\"@id\":\"https:\/\/yoopies.fr\/c\/#\/schema\/logo\/image\/\",\"url\":\"https:\/\/yoopies.fr\/c\/wp-content\/uploads\/2025\/04\/cropped-Logo_Yoopies-2.png\",\"contentUrl\":\"https:\/\/yoopies.fr\/c\/wp-content\/uploads\/2025\/04\/cropped-Logo_Yoopies-2.png\",\"width\":512,\"height\":512,\"caption\":\"Le Blog Yoopies\"},\"image\":{\"@id\":\"https:\/\/yoopies.fr\/c\/#\/schema\/logo\/image\/\"}}]}<\/script>\n<!-- \/ Yoast SEO plugin. -->","yoast_head_json":{"title":"Cours \u00e0 distance : Organiser la journ\u00e9e de votre enfant","description":"Dans cet article, vous trouverez tous les conseils pour organiser la journ\u00e9e de votre enfant pour un cours \u00e0 distance efficace !","robots":{"index":"index","follow":"follow","max-snippet":"max-snippet:-1","max-image-preview":"max-image-preview:large","max-video-preview":"max-video-preview:-1"},"canonical":"https:\/\/yoopies.fr\/c\/conseils-cours-a-distance\/","og_locale":"fr_FR","og_type":"article","og_title":"Cours \u00e0 distance : Organiser la journ\u00e9e de votre enfant","og_description":"Dans cet article, vous trouverez tous les conseils pour organiser la journ\u00e9e de votre enfant pour un cours \u00e0 distance efficace !","og_url":"https:\/\/yoopies.fr\/c\/conseils-cours-a-distance\/","og_site_name":"Le Blog Yoopies","article_modified_time":"2025-06-12T07:58:56+00:00","og_image":[{"width":1200,"height":801,"url":"https:\/\/yoopies.fr\/c\/wp-content\/uploads\/2024\/06\/33e7d855-d256-4533-a24c-eae3f9bec2d0-pexels-august-de-richelieu-4260325.jpg","type":"image\/jpeg"}],"twitter_card":"summary_large_image","twitter_misc":{"Dur\u00e9e de lecture estim\u00e9e":"5 minutes"},"schema":{"@context":"https:\/\/schema.org","@graph":[{"@type":"WebPage","@id":"https:\/\/yoopies.fr\/c\/conseils-cours-a-distance\/","url":"https:\/\/yoopies.fr\/c\/conseils-cours-a-distance\/","name":"Cours \u00e0 distance : Organiser la journ\u00e9e de votre enfant","isPartOf":{"@id":"https:\/\/yoopies.fr\/c\/#website"},"primaryImageOfPage":{"@id":"https:\/\/yoopies.fr\/c\/conseils-cours-a-distance\/#primaryimage"},"image":{"@id":"https:\/\/yoopies.fr\/c\/conseils-cours-a-distance\/#primaryimage"},"thumbnailUrl":"https:\/\/yoopies.fr\/c\/wp-content\/uploads\/2024\/06\/33e7d855-d256-4533-a24c-eae3f9bec2d0-pexels-august-de-richelieu-4260325.jpg","datePublished":"2024-06-11T13:41:26+00:00","dateModified":"2025-06-12T07:58:56+00:00","description":"Dans cet article, vous trouverez tous les conseils pour organiser la journ\u00e9e de votre enfant pour un cours \u00e0 distance efficace !","breadcrumb":{"@id":"https:\/\/yoopies.fr\/c\/conseils-cours-a-distance\/#breadcrumb"},"inLanguage":"fr-FR","potentialAction":[{"@type":"ReadAction","target":["https:\/\/yoopies.fr\/c\/conseils-cours-a-distance\/"]}]},{"@type":"ImageObject","inLanguage":"fr-FR","@id":"https:\/\/yoopies.fr\/c\/conseils-cours-a-distance\/#primaryimage","url":"https:\/\/yoopies.fr\/c\/wp-content\/uploads\/2024\/06\/33e7d855-d256-4533-a24c-eae3f9bec2d0-pexels-august-de-richelieu-4260325.jpg","contentUrl":"https:\/\/yoopies.fr\/c\/wp-content\/uploads\/2024\/06\/33e7d855-d256-4533-a24c-eae3f9bec2d0-pexels-august-de-richelieu-4260325.jpg","width":1200,"height":801},{"@type":"BreadcrumbList","@id":"https:\/\/yoopies.fr\/c\/conseils-cours-a-distance\/#breadcrumb","itemListElement":[{"@type":"ListItem","position":1,"name":"Home","item":"https:\/\/yoopies.fr\/c\/"},{"@type":"ListItem","position":2,"name":"Cours \u00e0 distance : nos conseils pour organiser la journ\u00e9e de votre enfant"}]},{"@type":"WebSite","@id":"https:\/\/yoopies.fr\/c\/#website","url":"https:\/\/yoopies.fr\/c\/","name":"Le Blog Yoopies","description":"","publisher":{"@id":"https:\/\/yoopies.fr\/c\/#organization"},"potentialAction":[{"@type":"SearchAction","target":{"@type":"EntryPoint","urlTemplate":"https:\/\/yoopies.fr\/c\/?s={search_term_string}"},"query-input":{"@type":"PropertyValueSpecification","valueRequired":true,"valueName":"search_term_string"}}],"inLanguage":"fr-FR"},{"@type":"Organization","@id":"https:\/\/yoopies.fr\/c\/#organization","name":"Le Blog Yoopies","url":"https:\/\/yoopies.fr\/c\/","logo":{"@type":"ImageObject","inLanguage":"fr-FR","@id":"https:\/\/yoopies.fr\/c\/#\/schema\/logo\/image\/","url":"https:\/\/yoopies.fr\/c\/wp-content\/uploads\/2025\/04\/cropped-Logo_Yoopies-2.png","contentUrl":"https:\/\/yoopies.fr\/c\/wp-content\/uploads\/2025\/04\/cropped-Logo_Yoopies-2.png","width":512,"height":512,"caption":"Le Blog Yoopies"},"image":{"@id":"https:\/\/yoopies.fr\/c\/#\/schema\/logo\/image\/"}}]}},"_links":{"self":[{"href":"https:\/\/yoopies.fr\/c\/wp-json\/wp\/v2\/pages\/69","targetHints":{"allow":["GET"]}}],"collection":[{"href":"https:\/\/yoopies.fr\/c\/wp-json\/wp\/v2\/pages"}],"about":[{"href":"https:\/\/yoopies.fr\/c\/wp-json\/wp\/v2\/types\/page"}],"author":[{"embeddable":true,"href":"https:\/\/yoopies.fr\/c\/wp-json\/wp\/v2\/users\/10"}],"replies":[{"embeddable":true,"href":"https:\/\/yoopies.fr\/c\/wp-json\/wp\/v2\/comments?post=69"}],"version-history":[{"count":1,"href":"https:\/\/yoopies.fr\/c\/wp-json\/wp\/v2\/pages\/69\/revisions"}],"predecessor-version":[{"id":72,"href":"https:\/\/yoopies.fr\/c\/wp-json\/wp\/v2\/pages\/69\/revisions\/72"}],"wp:featuredmedia":[{"embeddable":true,"href":"https:\/\/yoopies.fr\/c\/wp-json\/wp\/v2\/media\/71"}],"wp:attachment":[{"href":"https:\/\/yoopies.fr\/c\/wp-json\/wp\/v2\/media?parent=69"}],"curies":[{"name":"wp","href":"https:\/\/api.w.org\/{rel}","templated":true}]}}