{"id":644,"date":"2024-02-19T16:01:45","date_gmt":"2024-02-19T16:01:45","guid":{"rendered":"https:\/\/blog.yoopies.fr\/garde-enfant\/conseils-garde-enfants\/conseils-aux-parents\/idees-fete-des-grands-meres\/"},"modified":"2025-06-12T07:59:17","modified_gmt":"2025-06-12T07:59:17","slug":"idees-fete-des-grands-meres","status":"publish","type":"page","link":"https:\/\/yoopies.fr\/c\/garde-enfant\/conseils-garde-enfants\/conseils-aux-parents\/idees-fete-des-grands-meres\/","title":{"rendered":"Nos 10 id\u00e9es pour la f\u00eate des grands-m\u00e8res !"},"content":{"rendered":"<figure><img decoding=\"async\" src=\"https:\/\/yoopies.fr\/c\/wp-content\/uploads\/2024\/02\/468acb99-b798-461f-ab88-cd5f82610c1c-pexels-andrea-piacquadio-376817728129.jpg\" \/><figcaption>f\u00eate des grand-m\u00e8re<\/figcaption><\/figure>\n<p><p>Cette ann&eacute;e, la f&ecirc;te des grands-m&egrave;res tombe le 7 mars.  Nos mamies n&rsquo;ont pas &eacute;t&eacute; &eacute;pargn&eacute;es par le Covid19, c&ocirc;t&eacute; sant&eacute; mais aussi c&ocirc;t&eacute; solitude ! C&rsquo;est l&rsquo;occasion de leur montrer qu&rsquo;on pense &agrave; elles malgr&eacute; cette situation toujours un peu compliqu&eacute;e ! <\/p>\n<p>Vous n&rsquo;avez pas d&rsquo;id&eacute;es de cadeaux  ? Pas de panique  ! Nous sommes l&agrave; pour vous aider &agrave; trouver votre bonheur ! Nous vous avons pr&eacute;par&eacute; quelques id&eacute;es qui pourraient leur faire plaisir ! <\/p>\n<\/p>\n<h4><strong>Id&eacute;e n&deg;1 : Le coffret original confectionn&eacute; par vos soins pour la f&ecirc;te des grands-m&egrave;res<\/strong><\/h4>\n<\/p>\n<p>Le coffret personnalisable est un cadeau qui peut plaire &agrave; votre mamie ! Cr&eacute;ez votre coffret avec des produits originaux c&eacute;l&eacute;brant&nbsp;la gourmandise, la cr&eacute;ativit&eacute; et le bien-&ecirc;tre ! <\/p>\n<p>Voici un exemple de produits &agrave; glisser dans votre coffret : <\/p>\n<ul>\n<li>Un masque Occitane apaisant pour le visage<\/li>\n<li>Un mot doux personnalis&eacute;&nbsp; <\/li>\n<li>Une bo&icirc;te de th&eacute; noir&nbsp;<\/li>\n<li>Un spray d&eacute;sinfectant &agrave; la lavande<\/li>\n<li>Un sac cabas <\/li>\n<li>Des biscuits&nbsp;<\/li>\n<li>Un sachet de madeleine <\/li>\n<li>Un savon solide pour le corps&nbsp;100% bio<\/li>\n<li>Une belle photo de votre choix<\/li>\n<\/ul>\n<h4><strong>Id&eacute;e n&deg;2 :  Un puzzle photo pour votre grand-m&egrave;re ! <\/strong><\/h4>\n<\/p>\n<p>Ce ne sera pas un simple puzzle ! Ce cadeau comporte de nombreux avantages ! Tout d&rsquo;abord, ce cadeau vous permettra de passer un moment ludique avec votre mamie qui, g&eacute;n&eacute;ralement n&rsquo;attend que &ccedil;a de la part de ses petits-enfants. Elle sera tr&egrave;s heureuse de d&eacute;couvrir petit &agrave; petit la photo que vous avez choisie pour elle ! <\/p>\n<\/p>\n<h4><strong>Id&eacute;e n&deg;3 : Classique et efficace, un joli bouquet de fleurs pour la f&ecirc;te des grands-m&egrave;res !<\/strong><\/h4>\n<\/p>\n<p>C&rsquo;est un cadeau ind&eacute;modable ! Les fleurs ne nous lassent jamais ! Si vous n&rsquo;&ecirc;tes pas en mesure d&rsquo;aller la voir pour offrir le bouquet &agrave; votre mamie, ou si vous pr&eacute;f&eacute;rez &eacute;viter les contacts par pr&eacute;caution, vous pouvez le faire livrer &agrave; son domicile ! De nombreuses entreprises proposent des livraisons de bouquets de fleurs &agrave; domicile ! Il vous suffira juste de choisir l&rsquo;heure de votre choix pour jouer sur l&rsquo;effet de surprise ! <\/p>\n<\/p>\n<p class=\"block-img\"><img decoding=\"async\" src=\"https:\/\/yoopies.fr\/c\/wp-content\/uploads\/2024\/02\/e0d182bc-f947-48c7-bf9e-9ca750bc8c52_pexels-cottonbro-5960695.jpg\" alt=\"f&ecirc;te des grand-m&egrave;re\"><\/p>\n<p>On s&rsquo;est occup&eacute; de tout ! Nous avons s&eacute;lectionn&eacute; pour vous les 3 meilleurs fleuristes qui proposent des livraisons &agrave; domicile ! Vous aurez plus qu&rsquo;&agrave; choisir votre bouquet et fixer l&rsquo;heure de votre choix le jour de la f&ecirc;te des grands-m&egrave;res ! <\/p>\n<ul>\n<li><strong><a target=\"_blank\" rel=\"noopener\" href=\"https:\/\/www.interflora.fr\/c\/fleurs-fete-grand-meres\">Interflora <\/a>livre partout en France. Vous y trouverez une s&eacute;lection de bouquets de fleurs et de plantes sp&eacute;cialement pour la f&ecirc;te des grands-m&egrave;res. <\/strong>Vous avez m&ecirc;me le choix d&rsquo;ajouter une bougie ou un coffret de chocolat &agrave; votre bouquet de fleurs ! Quoi de mieux pour faire preuve de tendresse &agrave; votre grand-m&egrave;re ? <br \/>\nChoisissez votre bouquet pr&eacute;f&eacute;r&eacute; et faites le livrer directement chez votre grand-m&egrave;re le jour de sa f&ecirc;te !<\/li>\n<li><strong><a target=\"_blank\" rel=\"noopener\" href=\"https:\/\/www.aquarelle.com\/occasions\/fete-grand-meres\">Aquarelle <\/a><\/strong>propose de magnifiques bouquets de roses color&eacute;s ! Le petit plus d&rsquo;Aquarelle est d&rsquo;ajouter une photo imprim&eacute;e ou bien une vid&eacute;o gratuitement avec votre bouquet ! Ce serait une attention exceptionnelle pour remercier votre mamie pour toute leur affection, amour et r&eacute;confort.<\/li>\n<li><strong><a target=\"_blank\" rel=\"noopener\" href=\"https:\/\/www.florajet.com\/evenement-14\/fete-des-grands-meres.html\">Florajet <\/a><\/strong>fait de jolies collections de bouquets &agrave; la fois tendres et ludiques : la tulipe et sa palette de couleurs, la rose pour sa d&eacute;licatesse, la jonquilles pour la puissance de signification&hellip; nombreuses sont les fleurs &agrave; offrir pour faire plaisir &agrave; votre grand-m&egrave;re.<\/li>\n<\/ul>\n<h4><strong> <\/strong><\/h4>\n<h4><strong>Id&eacute;e n&deg;4 : Un livre pour votre mamie ! <\/strong><\/h4>\n<p>On vous donne plusieurs id&eacute;es de livres pour la f&ecirc;te des grands-m&egrave;res ! <\/p>\n<ul>\n<li><strong>Grand-m&egrave;re, raconte ton histoire. <\/strong>Il s&rsquo;agit d&rsquo;un album &agrave; remplir pour que votre mamie partage ses exp&eacute;riences et souvenirs. Ce livre l&rsquo;aidera &agrave; &eacute;voquer ses meilleurs moments et deviendra au fil des pages, le roman de sa vie qui sera transmis &agrave; la g&eacute;n&eacute;ration suivante. Elle pourra y inscrire ses souvenirs d&rsquo;enfance, d&rsquo;adolescence, de sa vie d&rsquo;adulte en &eacute;voquant des th&egrave;mes tels que ses centres d&rsquo;int&eacute;r&ecirc;t, ses passions, ses r&ecirc;ves et ses envies.<\/li>\n<li><strong>Se perdre dans un livre <\/strong>! Si Grand-m&egrave;re aime lire, offrez-lui un beau livre. Il peut &ecirc;tre difficile de trouver un bon livre. Nous avons s&eacute;lectionn&eacute; pour vous une s&eacute;rie de livres comme source d&rsquo;inspiration. Par exemple, la s&eacute;rie <em>Des Sept S&oelig;urs <\/em>qui contient plusieurs tomes. Votre grand-m&egrave;re voyagera au travers d&rsquo;une belle saga familiale. La s&eacute;rie est bien connue et est parfaite pour un tr&egrave;s agr&eacute;able moment de lecture pour votre mamie!<\/li>\n<li><strong>Gourmandises maison &ndash; Confitures, biscuits &amp; autres douceurs &agrave; savourer de&nbsp;B&eacute;reng&egrave;re Abraham. <\/strong>Il s&rsquo;agit d&rsquo;un coffret constitu&eacute; de&nbsp;6 bocaux en verre et d&rsquo;un livre pour r&eacute;aliser 18 recettes gourmandes de confiture et de petits g&acirc;teaux. Votre mamie sera ravie !<\/li>\n<\/ul>\n<h4><strong>Id&eacute;e n&deg;5 : Un parfum d&rsquo;exception&nbsp;pour votre grand-m&egrave;re ! <\/strong><\/h4>\n<p>Le printemps arrive bient&ocirc;t, l&rsquo;envie de porter des parfums plus frais et fleuris se fait sentir. Et si vous suiviez cette id&eacute;e ? Tout comme le bouquet de fleurs, le parfum est un cadeau toujours plaisant &agrave; recevoir.<strong> <\/strong>Alors profitez-en et offrez &agrave; votre grand-m&egrave;re sa fragrance printani&egrave;re pr&eacute;f&eacute;r&eacute;e ! Et si elle n&rsquo;en a pas, c&rsquo;est l&rsquo;occasion de l&rsquo;initier et cr&eacute;er la surprise ! <\/p>\n<\/p>\n<h4><strong>Id&eacute;e n&deg;6 : Une paire de boucles d&rsquo;oreilles pour mamie coquette  !<\/strong><\/h4>\n<p>Votre mamie est plut&ocirc;t coquette ?&nbsp;Une paire de boucles d&rsquo;oreilles devient le cadeau parfait pour la f&ecirc;te des grands-m&egrave;res. Une paire de clous en perles, de petites puces en forme de fleur, des cr&eacute;oles dor&eacute;es &hellip; le style n&rsquo;a pas d&rsquo;&acirc;ge, votre grand-m&egrave;re a le droit d&rsquo;&ecirc;tre coquette et de se sentir belle ! <\/p>\n<\/p>\n<h4><strong>Id&eacute;e n&deg;7 : Une jolie bougie&nbsp;pour&nbsp;la f&ecirc;te des grands-m&egrave;res.<\/strong><\/h4>\n<p>Si votre mamie aime prendre soin de son int&eacute;rieur et parfumer sa maison, elle sera tr&egrave;s heureuse de recevoir une belle bougie. Ambre, patchouli, ou fleur d&rsquo;oranger&hellip; Choisissez une fragrance qui soit en accord avec ses go&ucirc;ts. Optez pour une formule &agrave; base de cire v&eacute;g&eacute;tale, qui n&rsquo;&eacute;met pas de substances toxiques ou polluantes pendant sa combustion.<\/p>\n<\/p>\n<h4><strong>Id&eacute;e n&deg;8 pour la f&ecirc;te des grands-m&egrave;res : Un cabas avec un joli message ! <\/strong><\/h4>\n<\/p>\n<p>Vous serez libre de cr&eacute;er un cadeau vraiment unique avec ce cabas personnalis&eacute; avec un message et un pr&eacute;nom. Ce sac en toile accompagnera votre mamie partout o&ugrave; elle ira. Elle le portera fi&egrave;rement ! C&rsquo;est un accessoire toujours hyper pratique qui s&rsquo;adapte &agrave; toutes les situations. C&rsquo;est un beau cadeau id&eacute;al pour transporter ses petites courses, son magazine ou son tricot. Il sera impossible de confondre ce sac cabas avec celui d&rsquo;une autre gr&acirc;ce &agrave; sa personnalisation !\n<\/p>\n<h4><strong>Id&eacute;e n&deg;9 : Un tablier pour \u00ab\u00a0Mamie g&acirc;teaux\u00a0\u00bb : <\/strong><\/h4>\n<p>On met un tablier pour prot&eacute;ger ses jolis v&ecirc;tements lorsqu&rsquo;on aime cuisiner tout en restant coquette !  Mais il n&rsquo;est pas question de faire cela avec un tablier basique ! <\/p>\n<p>Alors pourquoi pas cr&eacute;er un tablier personnalis&eacute; ? Ainsi, plus de honte de recevoir vos h&ocirc;tes dans un vieux tablier ! Arborez fi&egrave;rement votre tablier et cr&eacute;ez la surprise !\n<\/p>\n<h4><strong>Id&eacute;e n&deg;10 : Une paire de souliers pour le printemps ! <\/strong><\/h4>\n<p>Les mamies pr&eacute;f&egrave;rent souvent les chaussures confortables. Avec le printemps qui s&rsquo;approche &agrave; grands pas, optez pour une jolie paire de souliers que votre grand-m&egrave;re pourra porter en toute circonstance ! Elle sera ravie de l&rsquo;ajouter &agrave; sa garde-robe ! <\/p>\n<\/p>\n<p><p class=\"block-img\"><img decoding=\"async\" src=\"https:\/\/yoopies.fr\/c\/wp-content\/uploads\/2024\/02\/12dfcd18-a720-40db-a203-7f745a1bdc56_pexels-andrea-piacquadio-3768131.jpg\" alt=\"f&ecirc;te des grand m&egrave;re \"><\/p>\n<p>Les g&eacute;n&eacute;rations ont &eacute;t&eacute; plus que jamais s&eacute;par&eacute;es au cours des derniers mois. Vous ne pouvez pas aller voir votre mamie ? En attendant de pouvoir la serrer dans vos bras, pensez &agrave; l&rsquo;appel en visioconf&eacute;rence qui permettra cette ann&eacute;e de maintenir le lien. Cette f&ecirc;te est l&rsquo;occasion parfaite de montrer &agrave; votre grand-m&egrave;re isol&eacute;e qu&rsquo;elle est dans votre c&oelig;ur ! <\/p>\n<p>Votre grand-m&egrave;re n&rsquo;habite pas &agrave; c&ocirc;t&eacute; ? Vous souhaitez tout de m&ecirc;me faire plaisir &agrave; une mamie isol&eacute;e pr&egrave;s de chez vous ? Vous aimez prendre soin des autres et vous souhaitez leur apporter un peu de compagnie ? Des milliers de personnes &acirc;g&eacute;es ou d&eacute;pendantes ont besoin de vous. <\/p>\n<\/p>\n<p><a class=\"button\" href=\"https:\/\/yoopies.fr\/emploi-aide-a-domicile\">Cliquez-ici pour venir en aide \u00e0 une mamie isol\u00e9e pr\u00e8s de chez vous. <\/a><\/p>\n","protected":false},"excerpt":{"rendered":"<p>f\u00eate des grand-m\u00e8re Cette ann&eacute;e, la f&ecirc;te des grands-m&egrave;res tombe le 7 mars. Nos mamies n&rsquo;ont pas &eacute;t&eacute; &eacute;pargn&eacute;es par &hellip; <\/p>\n","protected":false},"author":10,"featured_media":648,"parent":441,"menu_order":0,"comment_status":"closed","ping_status":"closed","template":"","meta":{"_acf_changed":false,"footnotes":""},"class_list":["post-644","page","type-page","status-publish","has-post-thumbnail","hentry"],"acf":[],"yoast_head":"<!-- This site is optimized with the Yoast SEO plugin v26.9 - https:\/\/yoast.com\/product\/yoast-seo-wordpress\/ -->\n<title>Nos 10 id\u00e9es pour la f\u00eate des grands-m\u00e8res !<\/title>\n<meta name=\"description\" content=\"C&#039;est bient\u00f4t la f\u00eate des grands-m\u00e8res ! Nous vous avons pr\u00e9par\u00e9 quelques id\u00e9es, dans cet article, qui pourraient leurs faire plaisir !\" \/>\n<meta name=\"robots\" content=\"index, follow, max-snippet:-1, max-image-preview:large, max-video-preview:-1\" \/>\n<link rel=\"canonical\" href=\"https:\/\/yoopies.fr\/c\/garde-enfant\/conseils-garde-enfants\/conseils-aux-parents\/idees-fete-des-grands-meres\/\" \/>\n<meta property=\"og:locale\" content=\"fr_FR\" \/>\n<meta property=\"og:type\" content=\"article\" \/>\n<meta property=\"og:title\" content=\"Nos 10 id\u00e9es pour la f\u00eate des grands-m\u00e8res !\" \/>\n<meta property=\"og:description\" content=\"C&#039;est bient\u00f4t la f\u00eate des grands-m\u00e8res ! Nous vous avons pr\u00e9par\u00e9 quelques id\u00e9es, dans cet article, qui pourraient leurs faire plaisir !\" \/>\n<meta property=\"og:url\" content=\"https:\/\/yoopies.fr\/c\/garde-enfant\/conseils-garde-enfants\/conseils-aux-parents\/idees-fete-des-grands-meres\/\" \/>\n<meta property=\"og:site_name\" content=\"Le Blog Yoopies\" \/>\n<meta property=\"article:modified_time\" content=\"2025-06-12T07:59:17+00:00\" \/>\n<meta property=\"og:image\" content=\"https:\/\/yoopies.fr\/c\/wp-content\/uploads\/2024\/02\/65d37afd6df829d21997f1bd-image-2024-02-19-165955018.jpg\" \/>\n\t<meta property=\"og:image:width\" content=\"600\" \/>\n\t<meta property=\"og:image:height\" content=\"300\" \/>\n\t<meta property=\"og:image:type\" content=\"image\/jpeg\" \/>\n<meta name=\"twitter:card\" content=\"summary_large_image\" \/>\n<meta name=\"twitter:label1\" content=\"Dur\u00e9e de lecture estim\u00e9e\" \/>\n\t<meta name=\"twitter:data1\" content=\"8 minutes\" \/>\n<script type=\"application\/ld+json\" class=\"yoast-schema-graph\">{\"@context\":\"https:\/\/schema.org\",\"@graph\":[{\"@type\":\"WebPage\",\"@id\":\"https:\/\/yoopies.fr\/c\/garde-enfant\/conseils-garde-enfants\/conseils-aux-parents\/idees-fete-des-grands-meres\/\",\"url\":\"https:\/\/yoopies.fr\/c\/garde-enfant\/conseils-garde-enfants\/conseils-aux-parents\/idees-fete-des-grands-meres\/\",\"name\":\"Nos 10 id\u00e9es pour la f\u00eate des grands-m\u00e8res !\",\"isPartOf\":{\"@id\":\"https:\/\/yoopies.fr\/c\/#website\"},\"primaryImageOfPage\":{\"@id\":\"https:\/\/yoopies.fr\/c\/garde-enfant\/conseils-garde-enfants\/conseils-aux-parents\/idees-fete-des-grands-meres\/#primaryimage\"},\"image\":{\"@id\":\"https:\/\/yoopies.fr\/c\/garde-enfant\/conseils-garde-enfants\/conseils-aux-parents\/idees-fete-des-grands-meres\/#primaryimage\"},\"thumbnailUrl\":\"https:\/\/yoopies.fr\/c\/wp-content\/uploads\/2024\/02\/65d37afd6df829d21997f1bd-image-2024-02-19-165955018.jpg\",\"datePublished\":\"2024-02-19T16:01:45+00:00\",\"dateModified\":\"2025-06-12T07:59:17+00:00\",\"description\":\"C'est bient\u00f4t la f\u00eate des grands-m\u00e8res ! Nous vous avons pr\u00e9par\u00e9 quelques id\u00e9es, dans cet article, qui pourraient leurs faire plaisir !\",\"breadcrumb\":{\"@id\":\"https:\/\/yoopies.fr\/c\/garde-enfant\/conseils-garde-enfants\/conseils-aux-parents\/idees-fete-des-grands-meres\/#breadcrumb\"},\"inLanguage\":\"fr-FR\",\"potentialAction\":[{\"@type\":\"ReadAction\",\"target\":[\"https:\/\/yoopies.fr\/c\/garde-enfant\/conseils-garde-enfants\/conseils-aux-parents\/idees-fete-des-grands-meres\/\"]}]},{\"@type\":\"ImageObject\",\"inLanguage\":\"fr-FR\",\"@id\":\"https:\/\/yoopies.fr\/c\/garde-enfant\/conseils-garde-enfants\/conseils-aux-parents\/idees-fete-des-grands-meres\/#primaryimage\",\"url\":\"https:\/\/yoopies.fr\/c\/wp-content\/uploads\/2024\/02\/65d37afd6df829d21997f1bd-image-2024-02-19-165955018.jpg\",\"contentUrl\":\"https:\/\/yoopies.fr\/c\/wp-content\/uploads\/2024\/02\/65d37afd6df829d21997f1bd-image-2024-02-19-165955018.jpg\",\"width\":600,\"height\":300},{\"@type\":\"BreadcrumbList\",\"@id\":\"https:\/\/yoopies.fr\/c\/garde-enfant\/conseils-garde-enfants\/conseils-aux-parents\/idees-fete-des-grands-meres\/#breadcrumb\",\"itemListElement\":[{\"@type\":\"ListItem\",\"position\":1,\"name\":\"Home\",\"item\":\"https:\/\/yoopies.fr\/c\/\"},{\"@type\":\"ListItem\",\"position\":2,\"name\":\"Garde d&rsquo;enfant\",\"item\":\"https:\/\/yoopies.fr\/c\/garde-enfant\/\"},{\"@type\":\"ListItem\",\"position\":3,\"name\":\"Conseils | Garde d&rsquo;enfants\",\"item\":\"https:\/\/yoopies.fr\/c\/garde-enfant\/conseils-garde-enfants\/\"},{\"@type\":\"ListItem\",\"position\":4,\"name\":\"Conseils aux parents\",\"item\":\"https:\/\/yoopies.fr\/c\/garde-enfant\/conseils-garde-enfants\/conseils-aux-parents\/\"},{\"@type\":\"ListItem\",\"position\":5,\"name\":\"Nos 10 id\u00e9es pour la f\u00eate des grands-m\u00e8res !\"}]},{\"@type\":\"WebSite\",\"@id\":\"https:\/\/yoopies.fr\/c\/#website\",\"url\":\"https:\/\/yoopies.fr\/c\/\",\"name\":\"Le Blog Yoopies\",\"description\":\"\",\"publisher\":{\"@id\":\"https:\/\/yoopies.fr\/c\/#organization\"},\"potentialAction\":[{\"@type\":\"SearchAction\",\"target\":{\"@type\":\"EntryPoint\",\"urlTemplate\":\"https:\/\/yoopies.fr\/c\/?s={search_term_string}\"},\"query-input\":{\"@type\":\"PropertyValueSpecification\",\"valueRequired\":true,\"valueName\":\"search_term_string\"}}],\"inLanguage\":\"fr-FR\"},{\"@type\":\"Organization\",\"@id\":\"https:\/\/yoopies.fr\/c\/#organization\",\"name\":\"Le Blog Yoopies\",\"url\":\"https:\/\/yoopies.fr\/c\/\",\"logo\":{\"@type\":\"ImageObject\",\"inLanguage\":\"fr-FR\",\"@id\":\"https:\/\/yoopies.fr\/c\/#\/schema\/logo\/image\/\",\"url\":\"https:\/\/yoopies.fr\/c\/wp-content\/uploads\/2025\/04\/cropped-Logo_Yoopies-2.png\",\"contentUrl\":\"https:\/\/yoopies.fr\/c\/wp-content\/uploads\/2025\/04\/cropped-Logo_Yoopies-2.png\",\"width\":512,\"height\":512,\"caption\":\"Le Blog Yoopies\"},\"image\":{\"@id\":\"https:\/\/yoopies.fr\/c\/#\/schema\/logo\/image\/\"}}]}<\/script>\n<!-- \/ Yoast SEO plugin. -->","yoast_head_json":{"title":"Nos 10 id\u00e9es pour la f\u00eate des grands-m\u00e8res !","description":"C'est bient\u00f4t la f\u00eate des grands-m\u00e8res ! Nous vous avons pr\u00e9par\u00e9 quelques id\u00e9es, dans cet article, qui pourraient leurs faire plaisir !","robots":{"index":"index","follow":"follow","max-snippet":"max-snippet:-1","max-image-preview":"max-image-preview:large","max-video-preview":"max-video-preview:-1"},"canonical":"https:\/\/yoopies.fr\/c\/garde-enfant\/conseils-garde-enfants\/conseils-aux-parents\/idees-fete-des-grands-meres\/","og_locale":"fr_FR","og_type":"article","og_title":"Nos 10 id\u00e9es pour la f\u00eate des grands-m\u00e8res !","og_description":"C'est bient\u00f4t la f\u00eate des grands-m\u00e8res ! Nous vous avons pr\u00e9par\u00e9 quelques id\u00e9es, dans cet article, qui pourraient leurs faire plaisir !","og_url":"https:\/\/yoopies.fr\/c\/garde-enfant\/conseils-garde-enfants\/conseils-aux-parents\/idees-fete-des-grands-meres\/","og_site_name":"Le Blog Yoopies","article_modified_time":"2025-06-12T07:59:17+00:00","og_image":[{"width":600,"height":300,"url":"https:\/\/yoopies.fr\/c\/wp-content\/uploads\/2024\/02\/65d37afd6df829d21997f1bd-image-2024-02-19-165955018.jpg","type":"image\/jpeg"}],"twitter_card":"summary_large_image","twitter_misc":{"Dur\u00e9e de lecture estim\u00e9e":"8 minutes"},"schema":{"@context":"https:\/\/schema.org","@graph":[{"@type":"WebPage","@id":"https:\/\/yoopies.fr\/c\/garde-enfant\/conseils-garde-enfants\/conseils-aux-parents\/idees-fete-des-grands-meres\/","url":"https:\/\/yoopies.fr\/c\/garde-enfant\/conseils-garde-enfants\/conseils-aux-parents\/idees-fete-des-grands-meres\/","name":"Nos 10 id\u00e9es pour la f\u00eate des grands-m\u00e8res !","isPartOf":{"@id":"https:\/\/yoopies.fr\/c\/#website"},"primaryImageOfPage":{"@id":"https:\/\/yoopies.fr\/c\/garde-enfant\/conseils-garde-enfants\/conseils-aux-parents\/idees-fete-des-grands-meres\/#primaryimage"},"image":{"@id":"https:\/\/yoopies.fr\/c\/garde-enfant\/conseils-garde-enfants\/conseils-aux-parents\/idees-fete-des-grands-meres\/#primaryimage"},"thumbnailUrl":"https:\/\/yoopies.fr\/c\/wp-content\/uploads\/2024\/02\/65d37afd6df829d21997f1bd-image-2024-02-19-165955018.jpg","datePublished":"2024-02-19T16:01:45+00:00","dateModified":"2025-06-12T07:59:17+00:00","description":"C'est bient\u00f4t la f\u00eate des grands-m\u00e8res ! Nous vous avons pr\u00e9par\u00e9 quelques id\u00e9es, dans cet article, qui pourraient leurs faire plaisir !","breadcrumb":{"@id":"https:\/\/yoopies.fr\/c\/garde-enfant\/conseils-garde-enfants\/conseils-aux-parents\/idees-fete-des-grands-meres\/#breadcrumb"},"inLanguage":"fr-FR","potentialAction":[{"@type":"ReadAction","target":["https:\/\/yoopies.fr\/c\/garde-enfant\/conseils-garde-enfants\/conseils-aux-parents\/idees-fete-des-grands-meres\/"]}]},{"@type":"ImageObject","inLanguage":"fr-FR","@id":"https:\/\/yoopies.fr\/c\/garde-enfant\/conseils-garde-enfants\/conseils-aux-parents\/idees-fete-des-grands-meres\/#primaryimage","url":"https:\/\/yoopies.fr\/c\/wp-content\/uploads\/2024\/02\/65d37afd6df829d21997f1bd-image-2024-02-19-165955018.jpg","contentUrl":"https:\/\/yoopies.fr\/c\/wp-content\/uploads\/2024\/02\/65d37afd6df829d21997f1bd-image-2024-02-19-165955018.jpg","width":600,"height":300},{"@type":"BreadcrumbList","@id":"https:\/\/yoopies.fr\/c\/garde-enfant\/conseils-garde-enfants\/conseils-aux-parents\/idees-fete-des-grands-meres\/#breadcrumb","itemListElement":[{"@type":"ListItem","position":1,"name":"Home","item":"https:\/\/yoopies.fr\/c\/"},{"@type":"ListItem","position":2,"name":"Garde d&rsquo;enfant","item":"https:\/\/yoopies.fr\/c\/garde-enfant\/"},{"@type":"ListItem","position":3,"name":"Conseils | Garde d&rsquo;enfants","item":"https:\/\/yoopies.fr\/c\/garde-enfant\/conseils-garde-enfants\/"},{"@type":"ListItem","position":4,"name":"Conseils aux parents","item":"https:\/\/yoopies.fr\/c\/garde-enfant\/conseils-garde-enfants\/conseils-aux-parents\/"},{"@type":"ListItem","position":5,"name":"Nos 10 id\u00e9es pour la f\u00eate des grands-m\u00e8res !"}]},{"@type":"WebSite","@id":"https:\/\/yoopies.fr\/c\/#website","url":"https:\/\/yoopies.fr\/c\/","name":"Le Blog Yoopies","description":"","publisher":{"@id":"https:\/\/yoopies.fr\/c\/#organization"},"potentialAction":[{"@type":"SearchAction","target":{"@type":"EntryPoint","urlTemplate":"https:\/\/yoopies.fr\/c\/?s={search_term_string}"},"query-input":{"@type":"PropertyValueSpecification","valueRequired":true,"valueName":"search_term_string"}}],"inLanguage":"fr-FR"},{"@type":"Organization","@id":"https:\/\/yoopies.fr\/c\/#organization","name":"Le Blog Yoopies","url":"https:\/\/yoopies.fr\/c\/","logo":{"@type":"ImageObject","inLanguage":"fr-FR","@id":"https:\/\/yoopies.fr\/c\/#\/schema\/logo\/image\/","url":"https:\/\/yoopies.fr\/c\/wp-content\/uploads\/2025\/04\/cropped-Logo_Yoopies-2.png","contentUrl":"https:\/\/yoopies.fr\/c\/wp-content\/uploads\/2025\/04\/cropped-Logo_Yoopies-2.png","width":512,"height":512,"caption":"Le Blog Yoopies"},"image":{"@id":"https:\/\/yoopies.fr\/c\/#\/schema\/logo\/image\/"}}]}},"_links":{"self":[{"href":"https:\/\/yoopies.fr\/c\/wp-json\/wp\/v2\/pages\/644","targetHints":{"allow":["GET"]}}],"collection":[{"href":"https:\/\/yoopies.fr\/c\/wp-json\/wp\/v2\/pages"}],"about":[{"href":"https:\/\/yoopies.fr\/c\/wp-json\/wp\/v2\/types\/page"}],"author":[{"embeddable":true,"href":"https:\/\/yoopies.fr\/c\/wp-json\/wp\/v2\/users\/10"}],"replies":[{"embeddable":true,"href":"https:\/\/yoopies.fr\/c\/wp-json\/wp\/v2\/comments?post=644"}],"version-history":[{"count":1,"href":"https:\/\/yoopies.fr\/c\/wp-json\/wp\/v2\/pages\/644\/revisions"}],"predecessor-version":[{"id":649,"href":"https:\/\/yoopies.fr\/c\/wp-json\/wp\/v2\/pages\/644\/revisions\/649"}],"up":[{"embeddable":true,"href":"https:\/\/yoopies.fr\/c\/wp-json\/wp\/v2\/pages\/441"}],"wp:featuredmedia":[{"embeddable":true,"href":"https:\/\/yoopies.fr\/c\/wp-json\/wp\/v2\/media\/648"}],"wp:attachment":[{"href":"https:\/\/yoopies.fr\/c\/wp-json\/wp\/v2\/media?parent=644"}],"curies":[{"name":"wp","href":"https:\/\/api.w.org\/{rel}","templated":true}]}}