{"id":63,"date":"2024-06-11T13:42:57","date_gmt":"2024-06-11T13:42:57","guid":{"rendered":"https:\/\/blog.yoopies.fr\/donner-cours-particuliers\/"},"modified":"2025-06-12T07:58:57","modified_gmt":"2025-06-12T07:58:57","slug":"donner-cours-particuliers","status":"publish","type":"page","link":"https:\/\/yoopies.fr\/c\/donner-cours-particuliers\/","title":{"rendered":"Donner des cours particuliers \u00e0 domicile"},"content":{"rendered":"<p><p class=\"block-img\"><img decoding=\"async\" src=\"https:\/\/yoopies.fr\/c\/wp-content\/uploads\/2024\/06\/1a6ea834-3424-4a9d-8bb2-ccd810cbc630_1ade26211dc477cb1253eb56ce6af5f025babefc_shutterstock_1056955391.jpg\" alt=\"cours particuliers\"><\/p>\n<\/p>\n<p><p>En France, l&rsquo;&eacute;cole est une priorit&eacute; et les cours particuliers apparaissent comme l&rsquo;outil important dans la r&eacute;ussite des &eacute;tudiants. Pour les &eacute;tudiants du secondaire, donner des cours particuliers est l&rsquo;un des meilleurs moyens de gagner de l&rsquo;argent tout en suivant leur cursus.&nbsp;En effet, que ce soit pendant l&rsquo;ann&eacute;e scolaire ou pendant les vacances d&rsquo;&eacute;t&eacute;, donner des cours particuliers est une forme d&#8217;emploi enrichissante et agr&eacute;able.<\/p>\n<p>Il y a toujours de jeunes &eacute;tudiants qui ont besoin d&rsquo;aides aux devoirs dans des mati&egrave;res dans lesquelles vous excellez, comme les math&eacute;matiques, la chimie ou les langues.&nbsp;Donner des cours particuliers vous permettra d&rsquo;aider les &eacute;l&egrave;ves &agrave; augmenter leur moyenne g&eacute;n&eacute;rale de plusieurs points en quelques mois.&nbsp;<\/p>\n<h3><\/h3>\n<\/p>\n<h2><strong>Sommaire : <\/strong><\/h2>\n<ul>\n<li><a href=\"https:\/\/#h2-2\">Donner des cours particuliers : Quels sont les avantages ?<\/a><\/li>\n<li><a href=\"https:\/\/#h2-3\">Donner des cours &agrave; domicile : De quelles comp&eacute;tences ai-je besoin ?<\/a><\/li>\n<li><a href=\"https:\/\/#h2-4\">Comment faire pour donner des cours particuliers ?<\/a><\/li>\n<li><a href=\"https:\/\/#h2-5\">Configurer votre profil de professeur particulier pour vos cours &agrave; domicile<\/a><\/li>\n<li><a href=\"https:\/\/#h2-6\">Une candidature qui se d&eacute;marque !<\/a><\/li>\n<li><a href=\"https:\/\/#h2-7\">Une bonne pr&eacute;paration : la cl&eacute; de la r&eacute;ussite <\/a><\/li>\n<\/ul>\n<h4><\/h4>\n<\/p>\n<p class=\"highlighted\">\n<p><strong>? Bon &agrave; savoir : Q<\/strong>ui peut faire du soutien scolaire ? Qui peut donner des cours particuliers ? Qui peut faire de l&rsquo;aide aux devoirs ? Les &eacute;tudiants, les enseignants dipl&ocirc;m&eacute;s, voire des professionnels pourront donner des cours particuliers.<\/p>\n<\/p>\n<p><h2><strong>Donner des cours particuliers : Quels sont les avantages ? ?<\/strong><\/h2>\n<\/p>\n<p>Devenir professeur particulier ne vous permettra pas uniquement de gagner un peu d&rsquo;argent suppl&eacute;mentaire mais comporte de nombreux avantages :<\/p>\n<ul>\n<li><strong>Monter en comp&eacute;tences:<\/strong>&nbsp;Donner des cours particuliers aidera votre candidature &agrave; se d&eacute;marquer de la foule.&nbsp;En effet, durant vos cours &agrave; domicile, vous allez aider l&rsquo;&eacute;l&egrave;ve &agrave; retrouver le chemin de l&rsquo;&eacute;cole, am&eacute;liorer ses notes, combler ses lacunes et lui permettre de reprendre confiance en soi &agrave; l&rsquo;aide d&rsquo;un coaching scolaire. Toutes ses missions n&eacute;cessitent des comp&eacute;tences et qualit&eacute;s personnelles. En vous aidant &agrave; exploiter des comp&eacute;tences telles que la gestion du temps, l&rsquo;organisation et la patience, donner des cours particuliers vous aidera &agrave; vous d&eacute;marquer lors de vos futurs entretiens d&#8217;embauche.\n<\/li>\n<li><strong>Horaires de travail flexibles:<\/strong>&nbsp;Vous &ecirc;tes votre propre patron ! <br \/>\nL&rsquo;un des principaux avantages d&rsquo;&ecirc;tre un professeur pour donner des cours particuliers est de pouvoir g&eacute;rer votre propre emploi du temps, ce qui vous permet de planifier le travail en fonction de vos autres pr&eacute;occupations, vos &eacute;tudes et votre temps libre.\n<\/li>\n<li><strong>Salaire: <\/strong>Donner des cours particuliers est un travail traditionnellement tr&egrave;s bien r&eacute;mun&eacute;r&eacute;.&nbsp;Le montant que vous gagnez d&eacute;pend de votre niveau d&rsquo;excellence, de votre sujet et de votre emplacement.  Le tarif horaire d&rsquo;un professeur particulier commence g&eacute;n&eacute;ralement &agrave; 15 euros.&nbsp;Si vous &ecirc;tes sp&eacute;cialis&eacute; dans une mati&egrave;re ou que vous aidez &agrave; la pr&eacute;paration d&rsquo;un examen d&rsquo;entr&eacute;e, les parents sont souvent pr&ecirc;ts &agrave; payer beaucoup plus.<\/li>\n<\/ul>\n<h2><strong>Donner des cours &agrave; domicile : De quelles comp&eacute;tences ai-je besoin ?  ?\ufe0f&zwj;\u2640\ufe0f<\/strong><\/h2>\n<\/p>\n<p>Bien qu&rsquo;il n&rsquo;y ait pas de liste d&rsquo;exigences pour savoir donner des cours particuliers, il existe des traits de personnalit&eacute;, des comp&eacute;tences et des qualifications qui aident &agrave; former les meilleurs professeurs particuliers.<\/p>\n<ul>\n<li><strong>Patience:<\/strong>&nbsp;Un bon professeur particulier est un professeur patient avec ses &eacute;l&egrave;ves.&nbsp;Gardez &agrave; l&rsquo;esprit qu&rsquo;il n&rsquo;a pas le m&ecirc;me niveau que vous, ni le m&ecirc;me &acirc;ge. Ce n&rsquo;est pas parce que vous comprenez quelque chose que votre &eacute;l&egrave;ve le saisira aussi tr&egrave;s rapidement.&nbsp;Prenez donc le temps d&rsquo;expliquer les choses de mani&egrave;re dynamique et engageante. Ainsi, votre &eacute;l&egrave;ve gagnera en confiance et excellera.<\/li>\n<li><strong>Confiance: <\/strong>Vous devez avoir confiance en vos capacit&eacute;s et votre expertise.&nbsp;Vous connaissez bien votre sujet et vous devez transmettre &agrave; votre &eacute;l&egrave;ve une passion et un int&eacute;r&ecirc;t pour votre contenu.<\/li>\n<li><strong>Organisation:<\/strong>&nbsp;Devenir professeur pour donner des cours particuliers, c&rsquo;est plus qu&rsquo;un simple enseignement.&nbsp;Vous devez &ecirc;tre en mesure d&rsquo;&eacute;quilibrer vos cours autour de votre emploi du temps quotidien mais &eacute;galement celui de votre &eacute;l&egrave;ve. Vous devez &ecirc;tre en mesure de pr&eacute;parer les le&ccedil;ons avant le cours, et des exercices &agrave; donner en devoirs.<\/li>\n<li><strong>Qualification d&rsquo;enseignement:<\/strong>&nbsp;Bien qu&rsquo;il ne soit pas obligatoire d&rsquo;avoir un dipl&ocirc;me d&rsquo;enseignement pour devenir un professeur particulier, avoir un certificat d&rsquo;enseignement peut vous distinguer des autres professeurs.<\/li>\n<li><strong>Qualification dans une mati&egrave;re:<\/strong>&nbsp;Avoir une qualification dans la mati&egrave;re que vous enseignez est important si vous enseignez une seule mati&egrave;re.&nbsp;Le fait de montrer que vous avez cette qualification avec un dipl&ocirc;me, permettra de montrer que vous &ecirc;tes un expert dans votre domaine et ainsi de gagner la confiance de votre &eacute;l&egrave;ve.<\/li>\n<li><strong>Gentillesse:<\/strong>&nbsp;&ecirc;tre gentil et positif avec votre &eacute;l&egrave;ve sont des qualit&eacute;s essentielles pour aider &agrave; le motiver et cr&eacute;er un environnement propice &agrave; l&rsquo;apprentissage.<\/li>\n<li> <strong>&Ecirc;tre p&eacute;dagogue <\/strong>est l&rsquo;une des clefs de vo&ucirc;te permettant de perfectionner une remise &agrave; niveau aux &eacute;l&egrave;ves. Cela signifie qu&rsquo;il faut &eacute;videmment s&rsquo;adapter au niveau scolaire : &eacute;cole primaire (CP CE1 CE2, CM1 ou CM2), niveau coll&egrave;ge lyc&eacute;e.<\/li>\n<\/ul>\n<p class=\"block-img\"><img decoding=\"async\" src=\"https:\/\/yoopies.fr\/c\/wp-content\/uploads\/2024\/06\/046b20b5-a340-4bbb-a806-f3618232af3e_5f3800072c90585d7c777f2fceb64c2347fcaf05_shutterstock_1114947422.jpg\" alt=\"donner des cours particuliers \"><\/p>\n<h2><strong>Comment faire pour donner des cours particuliers ? ?<\/strong><\/h2>\n<\/p>\n<p>Vous vous demandez comment donner des cours particuliers aux enfants ? Pour devenir un bon professeur, vous devez d&rsquo;abord d&eacute;cider des mati&egrave;res que vous allez enseigner.&nbsp;Voulez-vous donner des <a target=\"_blank\" rel=\"noopener\" href=\"https:\/\/yoopies.fr\/cours-maths\/paris\">cours de maths<\/a> ? <a target=\"_blank\" rel=\"noopener\" href=\"https:\/\/yoopies.fr\/cours-anglais\">cours d&rsquo;anglais <\/a>? cours de piano ou cours de dessin ?&nbsp;Vous souhaitez devenir professeur de musique ? Professeur de chimie ?&nbsp;Il est possible d&rsquo;enseigner plus d&rsquo;une mati&egrave;re mais assurez-vous qu&rsquo;il s&rsquo;agit bien de mati&egrave;res dans lesquelles vous excellez vraiment et que vous pourriez enseigner aux autres.&nbsp;Il est &eacute;galement important de savoir &agrave; quels niveaux vous souhaitez donner des cours particuliers pour vous assurer que vos connaissances sont &agrave; la hauteur.&nbsp;Vous ne voulez pas &ecirc;tre connu comme le professeur qui ne peut pas r&eacute;pondre &agrave; une question de base !<\/p>\n<p>Ensuite, choisissez <a target=\"_blank\" rel=\"noopener\" href=\"https:\/\/yoopies.fr\/c\/prix-une-heure-soutien-scolaire\/\">le tarif du cours particulier.<\/a>&nbsp;Quel sera votre taux horaire ?&nbsp;Inclurez-vous une le&ccedil;on gratuite ?&nbsp;Si vous ne savez pas &agrave; combien fixer le prix du cours particulier, recherchez les tarifs dans votre r&eacute;gion ou consultez nos informations sur les tarifs moyens des cours particuliers et faites un choix en fonction de cela.<\/p>\n<p>Enfin, vous devez d&eacute;cider comment vous souhaitez enseigner.&nbsp;Vous souhaitez rencontrer votre &eacute;l&egrave;ve en personne ou bien donner vos cours particuliers en ligne &agrave; distance ? Apr&egrave;s avoir suivi ces &eacute;tapes, vous avez d&eacute;j&agrave; fait la moiti&eacute; du chemin !<\/p>\n<\/p>\n<h2><strong>Configurer votre profil de professeur particulier pour vos cours &agrave; domicile ?<\/strong><\/h2>\n<\/p>\n<p>Il est temps de commencer &agrave; faire la publicit&eacute; de vos services.&nbsp;Vous pouvez faire de la publicit&eacute; de diff&eacute;rentes mani&egrave;res. L&rsquo;un des meilleurs moyens de devenir professeur particulier est de cr&eacute;er votre profil sur un site Web comme Yoopies, pour vous mettre en relation avec de jeunes &eacute;tudiants &agrave; la recherche d&rsquo;un professeur, et des parents qui cherchent des cours particuliers pour leurs enfants.&nbsp;<\/p>\n<p>Le bouche &agrave; oreille est un moyen tr&egrave;s efficace de faire conna&icirc;tre votre nom.&nbsp;Informez vos amis et votre famille de vos services, en personne ou sur diverses plateformes de r&eacute;seaux sociaux.&nbsp;Publier r&eacute;guli&egrave;rement sur les groupes Facebook, o&ugrave; beaucoup de parents se retrouvent.&nbsp;<\/p>\n<p>Gr&acirc;ce &agrave; tous ces moyens, vous aurez bient&ocirc;t votre premier &eacute;l&egrave;ve ! <\/p>\n<\/p>\n<h2><strong>Une candidature qui se d&eacute;marque ! ?&zwj;\u2640\ufe0f<\/strong><\/h2>\n<\/p>\n<p>Si vous choisissez de cr&eacute;er un profil sur un site web pour proposer des cours particuliers afin que les parents puissent vous trouver, c&rsquo;est g&eacute;nial! Maintenant, vous vous demandez peut-&ecirc;tre comment faire ressortir votre profil de tous les autres et comment trouver des &eacute;l&egrave;ves en cours particuliers ?<\/p>\n<p>C&rsquo;est simple ! <a target=\"_blank\" rel=\"noopener\" href=\"https:\/\/yoopies.fr\/c\/annonces-cours-particuliers\/\">R&eacute;digez votre annonce pour donner des cours particuliers sur Yoopies et vendez votre savoir.<\/a><\/p>\n<p>Afin que votre profil se d&eacute;marque de tous les autres, soyez la personne la plus authentique.&nbsp;En plus d&rsquo;inclure vos <a target=\"_blank\" rel=\"noopener\" href=\"https:\/\/yoopies.fr\/c\/prix-une-heure-soutien-scolaire\/\">tarifs horaires de soutien scolaire<\/a>, vos heures et les mati&egrave;res que vous enseignez, laissez les parents d&eacute;couvrir qui vous &ecirc;tes en tant que personne.&nbsp;Parlez-leur de ce que vous faites pendant votre temps libre, si vous avez des animaux domestiques ou si vous &ecirc;tes impliqu&eacute;(e) dans du b&eacute;n&eacute;volat.&nbsp; Ils veulent savoir qui ils embauchent, au-del&agrave; de vos services.&nbsp;Il est important d&rsquo;&eacute;tablir un lien personnel solide.&nbsp;Si vous ne savez pas quoi inclure, demandez &agrave; vos amis ou &agrave; votre famille d&rsquo;&eacute;num&eacute;rer des faits int&eacute;ressants &agrave; votre sujet et &eacute;crivez-les sur une feuille de papier.&nbsp;Ensuite, utilisez-les sur votre profil!<\/p>\n<p>Gr&acirc;ce &agrave; cela, vous aurez des parents qui vous enverront des messages via le site Web, cherchant &agrave; obtenir votre aide.&nbsp;Tout cela parce que vous vous &ecirc;tes rendu ouvert et aimable avec eux.<\/p>\n<\/p>\n<p class=\"block-img\"><img decoding=\"async\" src=\"https:\/\/yoopies.fr\/c\/wp-content\/uploads\/2024\/06\/43c5fe4c-8f31-4e09-a712-f2f552ee092f_aleksander-vlad-jiVeo0i1EB4-unsplash.jpg\" alt=\"cours particuliers \"><\/p>\n<\/p>\n<h2><strong>Une bonne pr&eacute;paration : la cl&eacute; de la r&eacute;ussite?&zwj;?<\/strong><\/h2>\n<\/p>\n<p>Avant d&rsquo;arriver &agrave; votre cours particulier, rencontrer votre &eacute;l&egrave;ve et ses parents (si n&eacute;cessaire) et voir o&ugrave; l&rsquo;&eacute;l&egrave;ve a le plus de difficult&eacute;s est une bonne premi&egrave;re &eacute;tape pour vous aider &agrave; organiser vos premi&egrave;res le&ccedil;ons.&nbsp;Sur quels domaines sont-ils bloqu&eacute;s ?&nbsp;&Agrave; partir de l&agrave;, vous devrez cr&eacute;er un plan personnalis&eacute; pour aider votre &eacute;l&egrave;ve &agrave; mieux comprendre votre domaine et &agrave; obtenir les notes les plus &eacute;lev&eacute;es possibles. Consultez notre article pour savoir <a target=\"_blank\" rel=\"noopener\" href=\"https:\/\/yoopies.fr\/c\/conseil-cours-soutien-scolaire\/\">comment se pr&eacute;parer &agrave; un v&eacute;ritable cours de soutien scolaire<\/a> ! <\/p>\n<p>Si vous le pouvez, &eacute;tablissez un horaire r&eacute;gulier avec votre &eacute;tudiant pour donner le cours particulier : hebdomadaire ou bi-hebdomadaire.<\/p>\n<p>Fournissez-leur votre adresse e-mail ou votre num&eacute;ro de t&eacute;l&eacute;phone, afin qu&rsquo;ils puissent vous contacter si n&eacute;cessaire entre les sessions. En vous rendant disponible, vous cr&eacute;erez un excellent rapport avec votre &eacute;l&egrave;ve et ses parents. <\/p>\n<\/p>\n<p>Vous souhaitez transmettre vos connaissances &agrave; des &eacute;l&egrave;ves? <strong>Donnez des cours particuliers dans la mati&egrave;re o&ugrave; vous excellez, <a target=\"_self\" rel=\"noopener\" href=\"https:\/\/yoopies.fr\/c\/donner-cours-soutien-scolaire-guide-professeur-particulier\/\">&agrave; domicile ou par webcam.<\/a><\/strong><\/p>\n<\/p>\n<p><a class=\"button\" href=\"https:\/\/yoopies.fr\/cours-particulier\">Cr\u00e9er votre profil pour donner des cours particuliers ! <\/a><\/p>\n","protected":false},"excerpt":{"rendered":"<p>En France, l&rsquo;&eacute;cole est une priorit&eacute; et les cours particuliers apparaissent comme l&rsquo;outil important dans la r&eacute;ussite des &eacute;tudiants. Pour &hellip; <\/p>\n","protected":false},"author":10,"featured_media":67,"parent":0,"menu_order":0,"comment_status":"closed","ping_status":"closed","template":"","meta":{"_acf_changed":false,"footnotes":""},"class_list":["post-63","page","type-page","status-publish","has-post-thumbnail","hentry"],"acf":[],"yoast_head":"<!-- This site is optimized with the Yoast SEO plugin v26.9 - https:\/\/yoast.com\/product\/yoast-seo-wordpress\/ -->\n<title>Donner des cours particuliers \u00e0 domicile<\/title>\n<meta name=\"description\" content=\"Dans cet article, on vous explique comment donner des cours particuliers dans la mati\u00e8re o\u00f9 vous excellez, \u00e0 domicile ou en ligne.\" \/>\n<meta name=\"robots\" content=\"index, follow, max-snippet:-1, max-image-preview:large, max-video-preview:-1\" \/>\n<link rel=\"canonical\" href=\"https:\/\/yoopies.fr\/c\/donner-cours-particuliers\/\" \/>\n<meta property=\"og:locale\" content=\"fr_FR\" \/>\n<meta property=\"og:type\" content=\"article\" \/>\n<meta property=\"og:title\" content=\"Donner des cours particuliers \u00e0 domicile\" \/>\n<meta property=\"og:description\" content=\"Dans cet article, on vous explique comment donner des cours particuliers dans la mati\u00e8re o\u00f9 vous excellez, \u00e0 domicile ou en ligne.\" \/>\n<meta property=\"og:url\" content=\"https:\/\/yoopies.fr\/c\/donner-cours-particuliers\/\" \/>\n<meta property=\"og:site_name\" content=\"Le Blog Yoopies\" \/>\n<meta property=\"article:modified_time\" content=\"2025-06-12T07:58:57+00:00\" \/>\n<meta property=\"og:image\" content=\"https:\/\/yoopies.fr\/c\/wp-content\/uploads\/2024\/06\/046b20b5-a340-4bbb-a806-f3618232af3e-5f3800072c90585d7c777f2fceb64c2347fcaf05-shutterstock-1114947422.jpg\" \/>\n\t<meta property=\"og:image:width\" content=\"1199\" \/>\n\t<meta property=\"og:image:height\" content=\"800\" \/>\n\t<meta property=\"og:image:type\" content=\"image\/jpeg\" \/>\n<meta name=\"twitter:card\" content=\"summary_large_image\" \/>\n<meta name=\"twitter:label1\" content=\"Dur\u00e9e de lecture estim\u00e9e\" \/>\n\t<meta name=\"twitter:data1\" content=\"9 minutes\" \/>\n<script type=\"application\/ld+json\" class=\"yoast-schema-graph\">{\"@context\":\"https:\/\/schema.org\",\"@graph\":[{\"@type\":\"WebPage\",\"@id\":\"https:\/\/yoopies.fr\/c\/donner-cours-particuliers\/\",\"url\":\"https:\/\/yoopies.fr\/c\/donner-cours-particuliers\/\",\"name\":\"Donner des cours particuliers \u00e0 domicile\",\"isPartOf\":{\"@id\":\"https:\/\/yoopies.fr\/c\/#website\"},\"primaryImageOfPage\":{\"@id\":\"https:\/\/yoopies.fr\/c\/donner-cours-particuliers\/#primaryimage\"},\"image\":{\"@id\":\"https:\/\/yoopies.fr\/c\/donner-cours-particuliers\/#primaryimage\"},\"thumbnailUrl\":\"https:\/\/yoopies.fr\/c\/wp-content\/uploads\/2024\/06\/046b20b5-a340-4bbb-a806-f3618232af3e-5f3800072c90585d7c777f2fceb64c2347fcaf05-shutterstock-1114947422.jpg\",\"datePublished\":\"2024-06-11T13:42:57+00:00\",\"dateModified\":\"2025-06-12T07:58:57+00:00\",\"description\":\"Dans cet article, on vous explique comment donner des cours particuliers dans la mati\u00e8re o\u00f9 vous excellez, \u00e0 domicile ou en ligne.\",\"breadcrumb\":{\"@id\":\"https:\/\/yoopies.fr\/c\/donner-cours-particuliers\/#breadcrumb\"},\"inLanguage\":\"fr-FR\",\"potentialAction\":[{\"@type\":\"ReadAction\",\"target\":[\"https:\/\/yoopies.fr\/c\/donner-cours-particuliers\/\"]}]},{\"@type\":\"ImageObject\",\"inLanguage\":\"fr-FR\",\"@id\":\"https:\/\/yoopies.fr\/c\/donner-cours-particuliers\/#primaryimage\",\"url\":\"https:\/\/yoopies.fr\/c\/wp-content\/uploads\/2024\/06\/046b20b5-a340-4bbb-a806-f3618232af3e-5f3800072c90585d7c777f2fceb64c2347fcaf05-shutterstock-1114947422.jpg\",\"contentUrl\":\"https:\/\/yoopies.fr\/c\/wp-content\/uploads\/2024\/06\/046b20b5-a340-4bbb-a806-f3618232af3e-5f3800072c90585d7c777f2fceb64c2347fcaf05-shutterstock-1114947422.jpg\",\"width\":1199,\"height\":800},{\"@type\":\"BreadcrumbList\",\"@id\":\"https:\/\/yoopies.fr\/c\/donner-cours-particuliers\/#breadcrumb\",\"itemListElement\":[{\"@type\":\"ListItem\",\"position\":1,\"name\":\"Home\",\"item\":\"https:\/\/yoopies.fr\/c\/\"},{\"@type\":\"ListItem\",\"position\":2,\"name\":\"Donner des cours particuliers \u00e0 domicile\"}]},{\"@type\":\"WebSite\",\"@id\":\"https:\/\/yoopies.fr\/c\/#website\",\"url\":\"https:\/\/yoopies.fr\/c\/\",\"name\":\"Le Blog Yoopies\",\"description\":\"\",\"publisher\":{\"@id\":\"https:\/\/yoopies.fr\/c\/#organization\"},\"potentialAction\":[{\"@type\":\"SearchAction\",\"target\":{\"@type\":\"EntryPoint\",\"urlTemplate\":\"https:\/\/yoopies.fr\/c\/?s={search_term_string}\"},\"query-input\":{\"@type\":\"PropertyValueSpecification\",\"valueRequired\":true,\"valueName\":\"search_term_string\"}}],\"inLanguage\":\"fr-FR\"},{\"@type\":\"Organization\",\"@id\":\"https:\/\/yoopies.fr\/c\/#organization\",\"name\":\"Le Blog Yoopies\",\"url\":\"https:\/\/yoopies.fr\/c\/\",\"logo\":{\"@type\":\"ImageObject\",\"inLanguage\":\"fr-FR\",\"@id\":\"https:\/\/yoopies.fr\/c\/#\/schema\/logo\/image\/\",\"url\":\"https:\/\/yoopies.fr\/c\/wp-content\/uploads\/2025\/04\/cropped-Logo_Yoopies-2.png\",\"contentUrl\":\"https:\/\/yoopies.fr\/c\/wp-content\/uploads\/2025\/04\/cropped-Logo_Yoopies-2.png\",\"width\":512,\"height\":512,\"caption\":\"Le Blog Yoopies\"},\"image\":{\"@id\":\"https:\/\/yoopies.fr\/c\/#\/schema\/logo\/image\/\"}}]}<\/script>\n<!-- \/ Yoast SEO plugin. -->","yoast_head_json":{"title":"Donner des cours particuliers \u00e0 domicile","description":"Dans cet article, on vous explique comment donner des cours particuliers dans la mati\u00e8re o\u00f9 vous excellez, \u00e0 domicile ou en ligne.","robots":{"index":"index","follow":"follow","max-snippet":"max-snippet:-1","max-image-preview":"max-image-preview:large","max-video-preview":"max-video-preview:-1"},"canonical":"https:\/\/yoopies.fr\/c\/donner-cours-particuliers\/","og_locale":"fr_FR","og_type":"article","og_title":"Donner des cours particuliers \u00e0 domicile","og_description":"Dans cet article, on vous explique comment donner des cours particuliers dans la mati\u00e8re o\u00f9 vous excellez, \u00e0 domicile ou en ligne.","og_url":"https:\/\/yoopies.fr\/c\/donner-cours-particuliers\/","og_site_name":"Le Blog Yoopies","article_modified_time":"2025-06-12T07:58:57+00:00","og_image":[{"width":1199,"height":800,"url":"https:\/\/yoopies.fr\/c\/wp-content\/uploads\/2024\/06\/046b20b5-a340-4bbb-a806-f3618232af3e-5f3800072c90585d7c777f2fceb64c2347fcaf05-shutterstock-1114947422.jpg","type":"image\/jpeg"}],"twitter_card":"summary_large_image","twitter_misc":{"Dur\u00e9e de lecture estim\u00e9e":"9 minutes"},"schema":{"@context":"https:\/\/schema.org","@graph":[{"@type":"WebPage","@id":"https:\/\/yoopies.fr\/c\/donner-cours-particuliers\/","url":"https:\/\/yoopies.fr\/c\/donner-cours-particuliers\/","name":"Donner des cours particuliers \u00e0 domicile","isPartOf":{"@id":"https:\/\/yoopies.fr\/c\/#website"},"primaryImageOfPage":{"@id":"https:\/\/yoopies.fr\/c\/donner-cours-particuliers\/#primaryimage"},"image":{"@id":"https:\/\/yoopies.fr\/c\/donner-cours-particuliers\/#primaryimage"},"thumbnailUrl":"https:\/\/yoopies.fr\/c\/wp-content\/uploads\/2024\/06\/046b20b5-a340-4bbb-a806-f3618232af3e-5f3800072c90585d7c777f2fceb64c2347fcaf05-shutterstock-1114947422.jpg","datePublished":"2024-06-11T13:42:57+00:00","dateModified":"2025-06-12T07:58:57+00:00","description":"Dans cet article, on vous explique comment donner des cours particuliers dans la mati\u00e8re o\u00f9 vous excellez, \u00e0 domicile ou en ligne.","breadcrumb":{"@id":"https:\/\/yoopies.fr\/c\/donner-cours-particuliers\/#breadcrumb"},"inLanguage":"fr-FR","potentialAction":[{"@type":"ReadAction","target":["https:\/\/yoopies.fr\/c\/donner-cours-particuliers\/"]}]},{"@type":"ImageObject","inLanguage":"fr-FR","@id":"https:\/\/yoopies.fr\/c\/donner-cours-particuliers\/#primaryimage","url":"https:\/\/yoopies.fr\/c\/wp-content\/uploads\/2024\/06\/046b20b5-a340-4bbb-a806-f3618232af3e-5f3800072c90585d7c777f2fceb64c2347fcaf05-shutterstock-1114947422.jpg","contentUrl":"https:\/\/yoopies.fr\/c\/wp-content\/uploads\/2024\/06\/046b20b5-a340-4bbb-a806-f3618232af3e-5f3800072c90585d7c777f2fceb64c2347fcaf05-shutterstock-1114947422.jpg","width":1199,"height":800},{"@type":"BreadcrumbList","@id":"https:\/\/yoopies.fr\/c\/donner-cours-particuliers\/#breadcrumb","itemListElement":[{"@type":"ListItem","position":1,"name":"Home","item":"https:\/\/yoopies.fr\/c\/"},{"@type":"ListItem","position":2,"name":"Donner des cours particuliers \u00e0 domicile"}]},{"@type":"WebSite","@id":"https:\/\/yoopies.fr\/c\/#website","url":"https:\/\/yoopies.fr\/c\/","name":"Le Blog Yoopies","description":"","publisher":{"@id":"https:\/\/yoopies.fr\/c\/#organization"},"potentialAction":[{"@type":"SearchAction","target":{"@type":"EntryPoint","urlTemplate":"https:\/\/yoopies.fr\/c\/?s={search_term_string}"},"query-input":{"@type":"PropertyValueSpecification","valueRequired":true,"valueName":"search_term_string"}}],"inLanguage":"fr-FR"},{"@type":"Organization","@id":"https:\/\/yoopies.fr\/c\/#organization","name":"Le Blog Yoopies","url":"https:\/\/yoopies.fr\/c\/","logo":{"@type":"ImageObject","inLanguage":"fr-FR","@id":"https:\/\/yoopies.fr\/c\/#\/schema\/logo\/image\/","url":"https:\/\/yoopies.fr\/c\/wp-content\/uploads\/2025\/04\/cropped-Logo_Yoopies-2.png","contentUrl":"https:\/\/yoopies.fr\/c\/wp-content\/uploads\/2025\/04\/cropped-Logo_Yoopies-2.png","width":512,"height":512,"caption":"Le Blog Yoopies"},"image":{"@id":"https:\/\/yoopies.fr\/c\/#\/schema\/logo\/image\/"}}]}},"_links":{"self":[{"href":"https:\/\/yoopies.fr\/c\/wp-json\/wp\/v2\/pages\/63","targetHints":{"allow":["GET"]}}],"collection":[{"href":"https:\/\/yoopies.fr\/c\/wp-json\/wp\/v2\/pages"}],"about":[{"href":"https:\/\/yoopies.fr\/c\/wp-json\/wp\/v2\/types\/page"}],"author":[{"embeddable":true,"href":"https:\/\/yoopies.fr\/c\/wp-json\/wp\/v2\/users\/10"}],"replies":[{"embeddable":true,"href":"https:\/\/yoopies.fr\/c\/wp-json\/wp\/v2\/comments?post=63"}],"version-history":[{"count":1,"href":"https:\/\/yoopies.fr\/c\/wp-json\/wp\/v2\/pages\/63\/revisions"}],"predecessor-version":[{"id":68,"href":"https:\/\/yoopies.fr\/c\/wp-json\/wp\/v2\/pages\/63\/revisions\/68"}],"wp:featuredmedia":[{"embeddable":true,"href":"https:\/\/yoopies.fr\/c\/wp-json\/wp\/v2\/media\/67"}],"wp:attachment":[{"href":"https:\/\/yoopies.fr\/c\/wp-json\/wp\/v2\/media?parent=63"}],"curies":[{"name":"wp","href":"https:\/\/api.w.org\/{rel}","templated":true}]}}