{"id":548,"date":"2024-05-24T13:00:11","date_gmt":"2024-05-24T13:00:11","guid":{"rendered":"https:\/\/blog.yoopies.fr\/garde-enfant\/les-modes-de-garde\/assistante-maternelle\/tout-savoir-sur-lassistante-maternelle\/"},"modified":"2025-06-12T07:59:08","modified_gmt":"2025-06-12T07:59:08","slug":"tout-savoir-sur-lassistante-maternelle","status":"publish","type":"page","link":"https:\/\/yoopies.fr\/c\/garde-enfant\/les-modes-de-garde\/assistante-maternelle\/tout-savoir-sur-lassistante-maternelle\/","title":{"rendered":"Assistant(e) maternel(le) : le choix id\u00e9al pour la garde de vos enfants ?"},"content":{"rendered":"<p><p>Dans la vie de parents, la question de la garde des enfants est souvent une pr&eacute;occupation majeure.<\/p>\n<p>Entre les cr&egrave;ches, les garderies, les nounous &agrave; domicile et les assistant(e)s maternel(le)s, il n&rsquo;est pas toujours &eacute;vident de faire le bon choix.<\/p>\n<p>Parmi ces diff&eacute;rentes possibilit&eacute;s, l&rsquo;assistant(e) maternel(le) se d&eacute;marque par son statut et ses comp&eacute;tences sp&eacute;cifiques.<\/p>\n<p>Si vous vous interrogez sur cette solution et si vous souhaitez en conna&icirc;tre les avantages, vous &ecirc;tes au bon endroit.<\/p>\n<p>Nous vous proposons un panorama complet sur le m&eacute;tier d&rsquo;assistant(e) maternel(le), les crit&egrave;res &agrave; prendre en compte pour bien choisir et les b&eacute;n&eacute;fices pour votre famille.<\/p>\n<p>Nous &eacute;voquerons l&rsquo;alternative de la garde &agrave; domicile par une nounou.<\/p>\n<\/p>\n<figure><img decoding=\"async\" src=\"https:\/\/yoopies.fr\/c\/wp-content\/uploads\/2024\/05\/zlapjyol0zci9aui-95.jpg\" alt=\"Un assistant maternel souriant joue avec son enfant, tenant des jouets color\u00e9s.\" \/><\/figure>\n<p><h2>Qu&rsquo;est-ce qu&rsquo;un(e) assistant(e) maternel(le) ?<\/h2>\n<p>Pour mieux comprendre l&rsquo;int&eacute;r&ecirc;t de recourir &agrave; un(e) assistant(e) maternel(le), il convient tout d&rsquo;abord de d&eacute;finir ce m&eacute;tier et son cadre l&eacute;gal.<\/p>\n<p><strong>L&rsquo;assistant(e) maternel(le) est un professionnel de la petite enfance<\/strong>, ayant re&ccedil;u une formation sp&eacute;cifique et obtenu un agr&eacute;ment d&eacute;livr&eacute; par le conseil d&eacute;partemental. Cette personne accueille de mani&egrave;re r&eacute;guli&egrave;re et temporaire des enfants &agrave; son domicile, ou dans une maison d&rsquo;assistant(e)s maternel(le)s, afin de les garder pendant l&rsquo;absence de leurs parents. Les assistant(e)s maternel(le)s sont en mesure de s&rsquo;occuper d&rsquo;enfants de tous &acirc;ges, depuis la naissance jusqu&rsquo;&agrave; la fin de l&rsquo;&eacute;cole maternelle, et peuvent les accueillir &agrave; temps complet ou &agrave; temps partiel.<\/p>\n<ul>\n<li><strong>La formation<\/strong> : pour exercer ce m&eacute;tier, l&rsquo;assistant(e) maternel(le) doit suivre une formation obligatoire de 120 heures, portant sur les th&egrave;mes de la s&eacute;curit&eacute;, de la sant&eacute;, de l&rsquo;&eacute;ducation et du d&eacute;veloppement de l&rsquo;enfant.<\/li>\n<li><strong>L&rsquo;agr&eacute;ment<\/strong> : ce document officiel, d&eacute;livr&eacute; par le conseil d&eacute;partemental, atteste que l&rsquo;assistant(e) maternel(le) poss&egrave;de les comp&eacute;tences requises et que son domicile est adapt&eacute; pour accueillir des enfants. Il est valable 5 ans et peut &ecirc;tre renouvel&eacute;.<\/li>\n<li><strong>Le contrat de travail<\/strong> : l&rsquo;assistant(e) maternel(le) est employ&eacute;(e) par les parents, qui lui proposent un contrat de travail pr&eacute;cisant les conditions d&rsquo;accueil de l&rsquo;enfant. Le contrat doit &ecirc;tre conforme &agrave; la convention collective nationale des assistant(e)s maternel(le)s.<\/li>\n<\/ul>\n<h2>Les crit&egrave;res pour bien choisir son assistant(e) maternel(le)<\/h2>\n<p>Recourir &agrave; un(e) assistant(e) maternel(le) pour la garde de ses enfants peut &ecirc;tre une tr&egrave;s bonne solution, mais encore faut-il choisir la bonne personne. Voici quelques &eacute;l&eacute;ments qui pourront vous aider dans votre s&eacute;lection.<\/p>\n<p><strong>Pour des informations sur les co&ucirc;ts et les aides financi&egrave;res pour la garde d&rsquo;enfants, <a target=\"_self\" rel=\"noopener\" href=\"https:\/\/yoopies.fr\/c\/garde-enfant\/les-modes-de-garde\/assistante-maternelle\/trouver-une-assistante-maternelle-couts-aides-et-guide-complet\/\">consultez notre guide<\/a>.<\/strong><\/p>\n<ol>\n<li><strong>La proximit&eacute; g&eacute;ographique<\/strong> : il est important de choisir un(e) assistant(e) maternel(le) proche de votre domicile ou de votre lieu de travail, pour faciliter les trajets quotidiens et les &eacute;changes avec les autres parents.<\/li>\n<li><strong>Le bouche-&agrave;-oreille<\/strong> : le meilleur moyen de conna&icirc;tre la r&eacute;putation d&rsquo;un(e) assistant(e) maternel(le) est de se renseigner aupr&egrave;s des autres parents. N&rsquo;h&eacute;sitez pas &agrave; demander leur avis et leurs recommandations.<\/li>\n<li><strong>La rencontre avec l&rsquo;assistant(e) maternel(le)<\/strong> : il est essentiel de rencontrer plusieurs professionnel(le)s avant de faire votre choix. Prenez le temps de discuter avec eux, de visiter leur domicile, de les observer avec les enfants, et surtout, &eacute;coutez votre intuition.<\/li>\n<li><strong>Les disponibilit&eacute;s<\/strong> : v&eacute;rifiez que l&rsquo;assistant(e) maternel(le) est disponible aux horaires qui vous conviennent, qu&rsquo;il ou elle accepte de travailler pendant les vacances scolaires, et quel est son d&eacute;lai de pr&eacute;avis en cas d&rsquo;absence.<\/li>\n<li><strong>Les tarifs<\/strong> : renseignez-vous sur les tarifs pratiqu&eacute;s par l&rsquo;assistant(e) maternel(le) et comparez-les avec ceux des autres professionnel(le)s de votre secteur.<\/li>\n<\/ol>\n<h2>Les avantages de faire appel &agrave; un(e) assistant(e) maternel(le)<\/h2>\n<p>D&eacute;couvrons maintenant ensemble les principaux b&eacute;n&eacute;fices pour les parents et les enfants de faire appel &agrave; un(e) assistant(e) maternel(le).<\/p>\n<p><strong>Un cadre familial et s&eacute;curisant<\/strong> : contrairement &agrave; une cr&egrave;che ou une garderie, l&rsquo;assistant(e) maternel(le) accueille les enfants dans un environnement familial, souvent moins bruyant et plus chaleureux. Les enfants b&eacute;n&eacute;ficient d&rsquo;un cadre de vie s&eacute;curisant et peuvent tisser des liens privil&eacute;gi&eacute;s avec leur assistant(e) maternel(le) et les autres enfants accueillis.<\/p>\n<ul>\n<li><strong>Une attention individualis&eacute;e<\/strong> : l&rsquo;assistant(e) maternel(le) a un nombre r&eacute;duit d&rsquo;enfants &agrave; sa charge, ce qui permet de leur accorder une attention particuli&egrave;re et de r&eacute;pondre &agrave; leurs besoins sp&eacute;cifiques. Cela favorise le d&eacute;veloppement et l&rsquo;&eacute;panouissement de chaque enfant.<\/li>\n<li><strong>Un accompagnement &eacute;ducatif<\/strong> : gr&acirc;ce &agrave; sa formation et &agrave; son exp&eacute;rience, l&rsquo;assistant(e) maternel(le) peut proposer aux enfants des activit&eacute;s &eacute;ducatives et ludiques adapt&eacute;es &agrave; leur &acirc;ge et &agrave; leur rythme. Les enfants apprennent ainsi &agrave; grandir et &agrave; s&rsquo;&eacute;veiller dans un environnement stimulant.<\/li>\n<\/ul>\n<p><a target=\"_self\" rel=\"noopener\" href=\"https:\/\/yoopies.fr\/c\/garde-enfant\/les-modes-de-garde\/assistante-maternelle\/guide-pour-parents-choisir-et-collaborer-avec-une-assistante-maternelle\/\"><strong>D&eacute;couvrez comment pr&eacute;parer votre enfant &agrave; la s&eacute;paration et l&rsquo;adaptation &agrave; la garde.<\/strong><\/a><\/p>\n<ul>\n<li><strong>Un soutien pour les parents<\/strong> : en confiant leur enfant &agrave; un(e) assistant(e) maternel(le), les parents peuvent b&eacute;n&eacute;ficier de conseils et d&rsquo;un soutien dans leur r&ocirc;le &eacute;ducatif. De plus, en cas de questions ou de difficult&eacute;s, ils peuvent &eacute;changer avec d&rsquo;autres parents qui vivent les m&ecirc;mes situations.<\/li>\n<li><strong>Une souplesse d&rsquo;accueil<\/strong> : les horaires d&rsquo;accueil propos&eacute;s par les assistant(e)s maternel(le)s sont g&eacute;n&eacute;ralement plus souples que ceux des cr&egrave;ches ou des garderies. Ceci permet aux parents de mieux concilier vie professionnelle et vie familiale.<\/li>\n<\/ul>\n<p><strong>Un co&ucirc;t avantageux<\/strong> : le recours &agrave; un(e) assistant(e) maternel(le) est souvent moins on&eacute;reux que la garde en cr&egrave;che ou par une nounou &agrave; domicile. Les parents employeurs b&eacute;n&eacute;ficient d&rsquo;aides financi&egrave;res de la part de la CAF (Prestation d&rsquo;accueil du jeune enfant, PAJE) et d&rsquo;une r&eacute;duction d&rsquo;imp&ocirc;t.<\/p>\n<\/p>\n<figure><img decoding=\"async\" src=\"https:\/\/yoopies.fr\/c\/wp-content\/uploads\/2024\/05\/zlaplsol0zci9auj-329.jpg\" alt=\"Une assistante maternelle lit un livre \u00e0 son enfant qui boit dans un biberon.\" \/><\/figure>\n<p><h2>La garde &agrave; domicile par une nounou : une alternative &agrave; l&rsquo;assistant(e) maternel(le)<\/h2>\n<p>Enfin, il est important de souligner qu&rsquo;il existe une autre solution de garde pour les enfants : la nounou &agrave; domicile. Cette option peut pr&eacute;senter des avantages pour certaines familles.<\/p>\n<p><strong>La nounou &agrave; domicile<\/strong> est une personne employ&eacute;e par les parents pour garder leur(s) enfant(s) &agrave; leur domicile. Elle peut &ecirc;tre embauch&eacute;e en direct ou par l&rsquo;interm&eacute;diaire d&rsquo;une agence sp&eacute;cialis&eacute;e. La nounou &agrave; domicile n&rsquo;a pas besoin d&rsquo;un agr&eacute;ment, mais doit poss&eacute;der des comp&eacute;tences et une exp&eacute;rience significative dans la garde d&rsquo;enfants.<\/p>\n<p><strong>Pour comprendre les aspects administratifs et le contrat de travail avec une assistante maternelle, lisez <a target=\"_self\" rel=\"noopener\" href=\"https:\/\/yoopies.fr\/c\/garde-enfant\/les-modes-de-garde\/assistante-maternelle\/guide-administratif-pour-lemploi-dune-assistante-maternelle\/\">notre guide<\/a>.<\/strong><\/p>\n<ul>\n<li><strong>Les avantages de la garde &agrave; domicile<\/strong> : Les enfants &eacute;voluent dans leur environnement habituel et b&eacute;n&eacute;ficient d&rsquo;un suivi personnalis&eacute;. Les parents n&rsquo;ont pas &agrave; se soucier des trajets pour d&eacute;poser et r&eacute;cup&eacute;rer leurs enfants La nounou &agrave; domicile peut prendre en charge certaines t&acirc;ches m&eacute;nag&egrave;res et faciliter le quotidien des parents.<\/li>\n<li><strong>Les inconv&eacute;nients de la garde &agrave; domicile<\/strong> :Le co&ucirc;t est souvent plus &eacute;lev&eacute; que celui d&rsquo;un(e) assistant(e) maternel(le), m&ecirc;me si des aides financi&egrave;res existent .La gestion administrative est plus complexe pour les parents employeurs (contrat de travail, d&eacute;clarations, etc.).<\/li>\n<\/ul>\n<p>En conclusion, le choix entre un(e) assistant(e) maternel(le) et une nounou &agrave; domicile d&eacute;pendra des besoins et des pr&eacute;f&eacute;rences de chaque famille. Prenez le temps de peser les avantages et les inconv&eacute;nients de chaque solution, et n&rsquo;h&eacute;sitez pas &agrave; rencontrer plusieurs professionnel(le)s avant de prendre votre d&eacute;cision.<\/p>\n<p>Quoi qu&rsquo;il en soit, retenons que l&rsquo;important est de trouver la personne de confiance qui saura accompagner votre enfant dans son d&eacute;veloppement, tout en vous apportant soutien et s&eacute;r&eacute;nit&eacute;. Que vous optiez pour un(e) assistant(e) maternel(le) ou une nounou &agrave; domicile, l&rsquo;essentiel est de faire le choix qui conviendra le mieux &agrave; votre famille et &agrave; votre enfant.<\/p>\n<\/p>\n<p><strong>Pour savoir comment g&eacute;rer la fin de la garde et les formalit&eacute;s &agrave; respecter, consultez <a target=\"_self\" rel=\"noopener\" href=\"https:\/\/yoopies.fr\/c\/garde-enfant\/les-modes-de-garde\/assistante-maternelle\/fin-de-garde-avec-assistante-maternelle-guide-complet-pour-parents\/\">notre guide<\/a>.<\/strong><\/p><\/p>\n","protected":false},"excerpt":{"rendered":"<p>Dans la vie de parents, la question de la garde des enfants est souvent une pr&eacute;occupation majeure. Entre les cr&egrave;ches, &hellip; <\/p>\n","protected":false},"author":10,"featured_media":551,"parent":447,"menu_order":0,"comment_status":"closed","ping_status":"closed","template":"","meta":{"_acf_changed":false,"footnotes":""},"class_list":["post-548","page","type-page","status-publish","has-post-thumbnail","hentry"],"acf":[],"yoast_head":"<!-- This site is optimized with the Yoast SEO plugin v26.9 - https:\/\/yoast.com\/product\/yoast-seo-wordpress\/ -->\n<title>Tout savoir sur l&#039;assistante maternelle | Blog<\/title>\n<meta name=\"description\" content=\"Explorez les avantages d&#039;un(e) assistant(e) maternel(le) pour la garde de vos enfants : cadre familial, attention individualis\u00e9e, soutien \u00e9ducatif, et co\u00fbt avantageux. D\u00e9couvrez comment choisir le bon professionnel et comparez avec la garde \u00e0 domicile par une nounou.\" \/>\n<meta name=\"robots\" content=\"index, follow, max-snippet:-1, max-image-preview:large, max-video-preview:-1\" \/>\n<link rel=\"canonical\" href=\"https:\/\/yoopies.fr\/c\/garde-enfant\/les-modes-de-garde\/assistante-maternelle\/tout-savoir-sur-lassistante-maternelle\/\" \/>\n<meta property=\"og:locale\" content=\"fr_FR\" \/>\n<meta property=\"og:type\" content=\"article\" \/>\n<meta property=\"og:title\" content=\"Tout savoir sur l&#039;assistante maternelle | Blog\" \/>\n<meta property=\"og:description\" content=\"Explorez les avantages d&#039;un(e) assistant(e) maternel(le) pour la garde de vos enfants : cadre familial, attention individualis\u00e9e, soutien \u00e9ducatif, et co\u00fbt avantageux. D\u00e9couvrez comment choisir le bon professionnel et comparez avec la garde \u00e0 domicile par une nounou.\" \/>\n<meta property=\"og:url\" content=\"https:\/\/yoopies.fr\/c\/garde-enfant\/les-modes-de-garde\/assistante-maternelle\/tout-savoir-sur-lassistante-maternelle\/\" \/>\n<meta property=\"og:site_name\" content=\"Le Blog Yoopies\" \/>\n<meta property=\"article:modified_time\" content=\"2025-06-12T07:59:08+00:00\" \/>\n<meta property=\"og:image\" content=\"https:\/\/yoopies.fr\/c\/wp-content\/uploads\/2024\/05\/zlaosyol0zci9aub-64.jpg\" \/>\n\t<meta property=\"og:image:width\" content=\"600\" \/>\n\t<meta property=\"og:image:height\" content=\"300\" \/>\n\t<meta property=\"og:image:type\" content=\"image\/jpeg\" \/>\n<meta name=\"twitter:card\" content=\"summary_large_image\" \/>\n<meta name=\"twitter:label1\" content=\"Dur\u00e9e de lecture estim\u00e9e\" \/>\n\t<meta name=\"twitter:data1\" content=\"8 minutes\" \/>\n<script type=\"application\/ld+json\" class=\"yoast-schema-graph\">{\"@context\":\"https:\/\/schema.org\",\"@graph\":[{\"@type\":\"WebPage\",\"@id\":\"https:\/\/yoopies.fr\/c\/garde-enfant\/les-modes-de-garde\/assistante-maternelle\/tout-savoir-sur-lassistante-maternelle\/\",\"url\":\"https:\/\/yoopies.fr\/c\/garde-enfant\/les-modes-de-garde\/assistante-maternelle\/tout-savoir-sur-lassistante-maternelle\/\",\"name\":\"Tout savoir sur l'assistante maternelle | Blog\",\"isPartOf\":{\"@id\":\"https:\/\/yoopies.fr\/c\/#website\"},\"primaryImageOfPage\":{\"@id\":\"https:\/\/yoopies.fr\/c\/garde-enfant\/les-modes-de-garde\/assistante-maternelle\/tout-savoir-sur-lassistante-maternelle\/#primaryimage\"},\"image\":{\"@id\":\"https:\/\/yoopies.fr\/c\/garde-enfant\/les-modes-de-garde\/assistante-maternelle\/tout-savoir-sur-lassistante-maternelle\/#primaryimage\"},\"thumbnailUrl\":\"https:\/\/yoopies.fr\/c\/wp-content\/uploads\/2024\/05\/zlaosyol0zci9aub-64.jpg\",\"datePublished\":\"2024-05-24T13:00:11+00:00\",\"dateModified\":\"2025-06-12T07:59:08+00:00\",\"description\":\"Explorez les avantages d'un(e) assistant(e) maternel(le) pour la garde de vos enfants : cadre familial, attention individualis\u00e9e, soutien \u00e9ducatif, et co\u00fbt avantageux. D\u00e9couvrez comment choisir le bon professionnel et comparez avec la garde \u00e0 domicile par une nounou.\",\"breadcrumb\":{\"@id\":\"https:\/\/yoopies.fr\/c\/garde-enfant\/les-modes-de-garde\/assistante-maternelle\/tout-savoir-sur-lassistante-maternelle\/#breadcrumb\"},\"inLanguage\":\"fr-FR\",\"potentialAction\":[{\"@type\":\"ReadAction\",\"target\":[\"https:\/\/yoopies.fr\/c\/garde-enfant\/les-modes-de-garde\/assistante-maternelle\/tout-savoir-sur-lassistante-maternelle\/\"]}]},{\"@type\":\"ImageObject\",\"inLanguage\":\"fr-FR\",\"@id\":\"https:\/\/yoopies.fr\/c\/garde-enfant\/les-modes-de-garde\/assistante-maternelle\/tout-savoir-sur-lassistante-maternelle\/#primaryimage\",\"url\":\"https:\/\/yoopies.fr\/c\/wp-content\/uploads\/2024\/05\/zlaosyol0zci9aub-64.jpg\",\"contentUrl\":\"https:\/\/yoopies.fr\/c\/wp-content\/uploads\/2024\/05\/zlaosyol0zci9aub-64.jpg\",\"width\":600,\"height\":300},{\"@type\":\"BreadcrumbList\",\"@id\":\"https:\/\/yoopies.fr\/c\/garde-enfant\/les-modes-de-garde\/assistante-maternelle\/tout-savoir-sur-lassistante-maternelle\/#breadcrumb\",\"itemListElement\":[{\"@type\":\"ListItem\",\"position\":1,\"name\":\"Home\",\"item\":\"https:\/\/yoopies.fr\/c\/\"},{\"@type\":\"ListItem\",\"position\":2,\"name\":\"Garde d&rsquo;enfant\",\"item\":\"https:\/\/yoopies.fr\/c\/garde-enfant\/\"},{\"@type\":\"ListItem\",\"position\":3,\"name\":\"Les modes de gardees modes de garde : trouvez la solution id\u00e9ale pour votre enfantLes modes de garde\",\"item\":\"https:\/\/yoopies.fr\/c\/garde-enfant\/les-modes-de-garde\/\"},{\"@type\":\"ListItem\",\"position\":4,\"name\":\"Assistante maternelle\",\"item\":\"https:\/\/yoopies.fr\/c\/garde-enfant\/les-modes-de-garde\/assistante-maternelle\/\"},{\"@type\":\"ListItem\",\"position\":5,\"name\":\"Assistant(e) maternel(le) : le choix id\u00e9al pour la garde de vos enfants ?\"}]},{\"@type\":\"WebSite\",\"@id\":\"https:\/\/yoopies.fr\/c\/#website\",\"url\":\"https:\/\/yoopies.fr\/c\/\",\"name\":\"Le Blog Yoopies\",\"description\":\"\",\"publisher\":{\"@id\":\"https:\/\/yoopies.fr\/c\/#organization\"},\"potentialAction\":[{\"@type\":\"SearchAction\",\"target\":{\"@type\":\"EntryPoint\",\"urlTemplate\":\"https:\/\/yoopies.fr\/c\/?s={search_term_string}\"},\"query-input\":{\"@type\":\"PropertyValueSpecification\",\"valueRequired\":true,\"valueName\":\"search_term_string\"}}],\"inLanguage\":\"fr-FR\"},{\"@type\":\"Organization\",\"@id\":\"https:\/\/yoopies.fr\/c\/#organization\",\"name\":\"Le Blog Yoopies\",\"url\":\"https:\/\/yoopies.fr\/c\/\",\"logo\":{\"@type\":\"ImageObject\",\"inLanguage\":\"fr-FR\",\"@id\":\"https:\/\/yoopies.fr\/c\/#\/schema\/logo\/image\/\",\"url\":\"https:\/\/yoopies.fr\/c\/wp-content\/uploads\/2025\/04\/cropped-Logo_Yoopies-2.png\",\"contentUrl\":\"https:\/\/yoopies.fr\/c\/wp-content\/uploads\/2025\/04\/cropped-Logo_Yoopies-2.png\",\"width\":512,\"height\":512,\"caption\":\"Le Blog Yoopies\"},\"image\":{\"@id\":\"https:\/\/yoopies.fr\/c\/#\/schema\/logo\/image\/\"}}]}<\/script>\n<!-- \/ Yoast SEO plugin. -->","yoast_head_json":{"title":"Tout savoir sur l'assistante maternelle | Blog","description":"Explorez les avantages d'un(e) assistant(e) maternel(le) pour la garde de vos enfants : cadre familial, attention individualis\u00e9e, soutien \u00e9ducatif, et co\u00fbt avantageux. D\u00e9couvrez comment choisir le bon professionnel et comparez avec la garde \u00e0 domicile par une nounou.","robots":{"index":"index","follow":"follow","max-snippet":"max-snippet:-1","max-image-preview":"max-image-preview:large","max-video-preview":"max-video-preview:-1"},"canonical":"https:\/\/yoopies.fr\/c\/garde-enfant\/les-modes-de-garde\/assistante-maternelle\/tout-savoir-sur-lassistante-maternelle\/","og_locale":"fr_FR","og_type":"article","og_title":"Tout savoir sur l'assistante maternelle | Blog","og_description":"Explorez les avantages d'un(e) assistant(e) maternel(le) pour la garde de vos enfants : cadre familial, attention individualis\u00e9e, soutien \u00e9ducatif, et co\u00fbt avantageux. D\u00e9couvrez comment choisir le bon professionnel et comparez avec la garde \u00e0 domicile par une nounou.","og_url":"https:\/\/yoopies.fr\/c\/garde-enfant\/les-modes-de-garde\/assistante-maternelle\/tout-savoir-sur-lassistante-maternelle\/","og_site_name":"Le Blog Yoopies","article_modified_time":"2025-06-12T07:59:08+00:00","og_image":[{"width":600,"height":300,"url":"https:\/\/yoopies.fr\/c\/wp-content\/uploads\/2024\/05\/zlaosyol0zci9aub-64.jpg","type":"image\/jpeg"}],"twitter_card":"summary_large_image","twitter_misc":{"Dur\u00e9e de lecture estim\u00e9e":"8 minutes"},"schema":{"@context":"https:\/\/schema.org","@graph":[{"@type":"WebPage","@id":"https:\/\/yoopies.fr\/c\/garde-enfant\/les-modes-de-garde\/assistante-maternelle\/tout-savoir-sur-lassistante-maternelle\/","url":"https:\/\/yoopies.fr\/c\/garde-enfant\/les-modes-de-garde\/assistante-maternelle\/tout-savoir-sur-lassistante-maternelle\/","name":"Tout savoir sur l'assistante maternelle | Blog","isPartOf":{"@id":"https:\/\/yoopies.fr\/c\/#website"},"primaryImageOfPage":{"@id":"https:\/\/yoopies.fr\/c\/garde-enfant\/les-modes-de-garde\/assistante-maternelle\/tout-savoir-sur-lassistante-maternelle\/#primaryimage"},"image":{"@id":"https:\/\/yoopies.fr\/c\/garde-enfant\/les-modes-de-garde\/assistante-maternelle\/tout-savoir-sur-lassistante-maternelle\/#primaryimage"},"thumbnailUrl":"https:\/\/yoopies.fr\/c\/wp-content\/uploads\/2024\/05\/zlaosyol0zci9aub-64.jpg","datePublished":"2024-05-24T13:00:11+00:00","dateModified":"2025-06-12T07:59:08+00:00","description":"Explorez les avantages d'un(e) assistant(e) maternel(le) pour la garde de vos enfants : cadre familial, attention individualis\u00e9e, soutien \u00e9ducatif, et co\u00fbt avantageux. D\u00e9couvrez comment choisir le bon professionnel et comparez avec la garde \u00e0 domicile par une nounou.","breadcrumb":{"@id":"https:\/\/yoopies.fr\/c\/garde-enfant\/les-modes-de-garde\/assistante-maternelle\/tout-savoir-sur-lassistante-maternelle\/#breadcrumb"},"inLanguage":"fr-FR","potentialAction":[{"@type":"ReadAction","target":["https:\/\/yoopies.fr\/c\/garde-enfant\/les-modes-de-garde\/assistante-maternelle\/tout-savoir-sur-lassistante-maternelle\/"]}]},{"@type":"ImageObject","inLanguage":"fr-FR","@id":"https:\/\/yoopies.fr\/c\/garde-enfant\/les-modes-de-garde\/assistante-maternelle\/tout-savoir-sur-lassistante-maternelle\/#primaryimage","url":"https:\/\/yoopies.fr\/c\/wp-content\/uploads\/2024\/05\/zlaosyol0zci9aub-64.jpg","contentUrl":"https:\/\/yoopies.fr\/c\/wp-content\/uploads\/2024\/05\/zlaosyol0zci9aub-64.jpg","width":600,"height":300},{"@type":"BreadcrumbList","@id":"https:\/\/yoopies.fr\/c\/garde-enfant\/les-modes-de-garde\/assistante-maternelle\/tout-savoir-sur-lassistante-maternelle\/#breadcrumb","itemListElement":[{"@type":"ListItem","position":1,"name":"Home","item":"https:\/\/yoopies.fr\/c\/"},{"@type":"ListItem","position":2,"name":"Garde d&rsquo;enfant","item":"https:\/\/yoopies.fr\/c\/garde-enfant\/"},{"@type":"ListItem","position":3,"name":"Les modes de gardees modes de garde : trouvez la solution id\u00e9ale pour votre enfantLes modes de garde","item":"https:\/\/yoopies.fr\/c\/garde-enfant\/les-modes-de-garde\/"},{"@type":"ListItem","position":4,"name":"Assistante maternelle","item":"https:\/\/yoopies.fr\/c\/garde-enfant\/les-modes-de-garde\/assistante-maternelle\/"},{"@type":"ListItem","position":5,"name":"Assistant(e) maternel(le) : le choix id\u00e9al pour la garde de vos enfants ?"}]},{"@type":"WebSite","@id":"https:\/\/yoopies.fr\/c\/#website","url":"https:\/\/yoopies.fr\/c\/","name":"Le Blog Yoopies","description":"","publisher":{"@id":"https:\/\/yoopies.fr\/c\/#organization"},"potentialAction":[{"@type":"SearchAction","target":{"@type":"EntryPoint","urlTemplate":"https:\/\/yoopies.fr\/c\/?s={search_term_string}"},"query-input":{"@type":"PropertyValueSpecification","valueRequired":true,"valueName":"search_term_string"}}],"inLanguage":"fr-FR"},{"@type":"Organization","@id":"https:\/\/yoopies.fr\/c\/#organization","name":"Le Blog Yoopies","url":"https:\/\/yoopies.fr\/c\/","logo":{"@type":"ImageObject","inLanguage":"fr-FR","@id":"https:\/\/yoopies.fr\/c\/#\/schema\/logo\/image\/","url":"https:\/\/yoopies.fr\/c\/wp-content\/uploads\/2025\/04\/cropped-Logo_Yoopies-2.png","contentUrl":"https:\/\/yoopies.fr\/c\/wp-content\/uploads\/2025\/04\/cropped-Logo_Yoopies-2.png","width":512,"height":512,"caption":"Le Blog Yoopies"},"image":{"@id":"https:\/\/yoopies.fr\/c\/#\/schema\/logo\/image\/"}}]}},"_links":{"self":[{"href":"https:\/\/yoopies.fr\/c\/wp-json\/wp\/v2\/pages\/548","targetHints":{"allow":["GET"]}}],"collection":[{"href":"https:\/\/yoopies.fr\/c\/wp-json\/wp\/v2\/pages"}],"about":[{"href":"https:\/\/yoopies.fr\/c\/wp-json\/wp\/v2\/types\/page"}],"author":[{"embeddable":true,"href":"https:\/\/yoopies.fr\/c\/wp-json\/wp\/v2\/users\/10"}],"replies":[{"embeddable":true,"href":"https:\/\/yoopies.fr\/c\/wp-json\/wp\/v2\/comments?post=548"}],"version-history":[{"count":1,"href":"https:\/\/yoopies.fr\/c\/wp-json\/wp\/v2\/pages\/548\/revisions"}],"predecessor-version":[{"id":552,"href":"https:\/\/yoopies.fr\/c\/wp-json\/wp\/v2\/pages\/548\/revisions\/552"}],"up":[{"embeddable":true,"href":"https:\/\/yoopies.fr\/c\/wp-json\/wp\/v2\/pages\/447"}],"wp:featuredmedia":[{"embeddable":true,"href":"https:\/\/yoopies.fr\/c\/wp-json\/wp\/v2\/media\/551"}],"wp:attachment":[{"href":"https:\/\/yoopies.fr\/c\/wp-json\/wp\/v2\/media?parent=548"}],"curies":[{"name":"wp","href":"https:\/\/api.w.org\/{rel}","templated":true}]}}