{"id":543,"date":"2024-05-24T13:00:11","date_gmt":"2024-05-24T13:00:11","guid":{"rendered":"https:\/\/blog.yoopies.fr\/garde-enfant\/les-modes-de-garde\/assistante-maternelle\/guide-pour-parents-choisir-et-collaborer-avec-une-assistante-maternelle\/"},"modified":"2025-10-22T05:20:39","modified_gmt":"2025-10-22T05:20:39","slug":"guide-pour-parents-choisir-et-collaborer-avec-une-assistante-maternelle","status":"publish","type":"page","link":"https:\/\/yoopies.fr\/c\/garde-enfant\/les-modes-de-garde\/assistante-maternelle\/guide-pour-parents-choisir-et-collaborer-avec-une-assistante-maternelle\/","title":{"rendered":"Guide essentiel pour les parents confiant leurs enfants \u00e0 une assistante maternelle : r\u00e9ussir la s\u00e9paration, l&rsquo;adaptation et instaurer la confiance"},"content":{"rendered":"<p data-start=\"847\" data-end=\"1130\">Confier son enfant \u00e0 une assistante maternelle n\u2019est jamais une d\u00e9cision facile. Beaucoup de parents se posent les m\u00eames questions :<\/p>\n<p data-start=\"847\" data-end=\"1130\"><strong data-start=\"982\" data-end=\"1130\">Comment choisir la bonne assistante maternelle ? Comment bien pr\u00e9parer la s\u00e9paration ? Et surtout, comment instaurer une relation de confiance ?<\/strong><\/p>\n<p data-start=\"1132\" data-end=\"1283\">Ce guide a \u00e9t\u00e9 con\u00e7u pour vous aider \u00e0 vivre cette \u00e9tape plus sereinement, avec des conseils concrets, des astuces et l\u2019exp\u00e9rience de nombreux parents.<\/p>\n<h3 data-start=\"1290\" data-end=\"1371\">Choisir la bonne assistante maternelle et pr\u00e9parer son enfant \u00e0 la s\u00e9paration<\/h3>\n<p data-start=\"1373\" data-end=\"1570\">Avant tout, le choix de l\u2019assistante maternelle est une \u00e9tape cl\u00e9.<br data-start=\"1439\" data-end=\"1442\" \/>Voici quelques rep\u00e8res pour vous orienter et <strong data-start=\"1487\" data-end=\"1544\">savoir comment bien choisir une assistante maternelle<\/strong> adapt\u00e9e \u00e0 votre famille :<\/p>\n<ul data-start=\"1572\" data-end=\"2230\">\n<li data-start=\"1572\" data-end=\"1745\">\n<p data-start=\"1574\" data-end=\"1745\"><strong data-start=\"1574\" data-end=\"1609\">\u00c9tablir vos crit\u00e8res personnels<\/strong> : horaires, proximit\u00e9, exp\u00e9rience, approche \u00e9ducative, etc. Notez ce qui compte vraiment pour vous avant de commencer vos recherches.<\/p>\n<\/li>\n<li data-start=\"1746\" data-end=\"1902\">\n<p data-start=\"1748\" data-end=\"1902\"><strong data-start=\"1748\" data-end=\"1780\">Demander des recommandations<\/strong> : le bouche-\u00e0-oreille reste une excellente source. Parlez-en autour de vous, dans votre quartier ou \u00e0 d\u2019autres parents.<\/p>\n<\/li>\n<li data-start=\"1903\" data-end=\"2039\">\n<p data-start=\"1905\" data-end=\"2039\"><strong data-start=\"1905\" data-end=\"1940\">Rencontrer plusieurs candidates<\/strong> : prenez le temps de visiter leur domicile, d\u2019observer l\u2019environnement et de discuter librement.<\/p>\n<\/li>\n<li data-start=\"2040\" data-end=\"2230\">\n<p data-start=\"2042\" data-end=\"2230\"><strong data-start=\"2042\" data-end=\"2078\">Faire confiance \u00e0 votre ressenti<\/strong> : au-del\u00e0 des dipl\u00f4mes ou de l\u2019exp\u00e9rience, choisissez la personne avec laquelle vous vous sentez \u00e0 l\u2019aise. L\u2019instinct parental ne trompe pas souvent.<\/p>\n<\/li>\n<\/ul>\n<p data-start=\"2232\" data-end=\"2506\">\ud83d\udca1 <em data-start=\"2235\" data-end=\"2245\">Astuce :<\/em> expliquez \u00e0 votre enfant ce qu\u2019est une assistante maternelle et pourquoi elle va s\u2019occuper de lui. Cela l\u2019aidera \u00e0 se sentir rassur\u00e9. Vous pouvez aussi lui pr\u00e9senter sa future nounou avant le d\u00e9but de la garde et lui donner des rep\u00e8res clairs sur ses journ\u00e9es.<\/p>\n<figure><img decoding=\"async\" src=\"https:\/\/yoopies.fr\/c\/wp-content\/uploads\/2024\/05\/zlambsol0zci9aue-253.jpg\" alt=\"Une jeune fille souriante regarde un livre illustr\u00e9 en utilisant une tablette \u00e0 la maison.\" \/><\/figure>\n<h3 data-start=\"2513\" data-end=\"2573\">Les premiers jours : g\u00e9rer la s\u00e9paration et l\u2019adaptation<\/h3>\n<p data-start=\"2575\" data-end=\"2790\">Le <strong data-start=\"2578\" data-end=\"2599\">d\u00e9but de la garde<\/strong> est souvent la p\u00e9riode la plus d\u00e9licate. M\u00eame les enfants les plus sociables peuvent vivre une phase d\u2019adaptation difficile.<br data-start=\"2724\" data-end=\"2727\" \/>Voici quelques gestes simples pour faciliter cette transition :<\/p>\n<ul data-start=\"2792\" data-end=\"3293\">\n<li data-start=\"2792\" data-end=\"2910\">\n<p data-start=\"2794\" data-end=\"2910\"><strong data-start=\"2794\" data-end=\"2819\">Rassurez votre enfant<\/strong> : dites-lui que vous pensez \u00e0 lui pendant la journ\u00e9e et que vous reviendrez le chercher.<\/p>\n<\/li>\n<li data-start=\"2911\" data-end=\"3059\">\n<p data-start=\"2913\" data-end=\"3059\"><strong data-start=\"2913\" data-end=\"2947\">Ne prolongez pas la s\u00e9paration<\/strong> : partir rapidement, apr\u00e8s un bisou et un mot doux, aide l\u2019enfant \u00e0 comprendre que la s\u00e9paration est normale.<\/p>\n<\/li>\n<li data-start=\"3060\" data-end=\"3186\">\n<p data-start=\"3062\" data-end=\"3186\"><strong data-start=\"3062\" data-end=\"3084\">Gardez vos rituels<\/strong> : un petit rituel du matin (un c\u00e2lin, une phrase r\u00e9p\u00e9t\u00e9e) s\u00e9curise l\u2019enfant et l\u2019aide \u00e0 se rep\u00e9rer.<\/p>\n<\/li>\n<li data-start=\"3187\" data-end=\"3293\">\n<p data-start=\"3189\" data-end=\"3293\"><strong data-start=\"3189\" data-end=\"3223\">Laissez-lui un objet rassurant<\/strong> : un doudou ou un v\u00eatement familier peut faire toute la diff\u00e9rence.<\/p>\n<\/li>\n<\/ul>\n<p data-start=\"3295\" data-end=\"3451\">\ud83e\uddf8 <em data-start=\"3298\" data-end=\"3318\">Rappel important :<\/em> les pleurs du matin sont fr\u00e9quents, mais ils passent vite une fois que vous \u00eates parti. L\u2019essentiel est de rester calme et confiant.<\/p>\n<h3 data-start=\"3458\" data-end=\"3527\">Construire une relation de confiance avec l\u2019assistante maternelle<\/h3>\n<p data-start=\"3529\" data-end=\"3672\">Une garde r\u00e9ussie repose avant tout sur une <strong data-start=\"3573\" data-end=\"3598\">relation de confiance<\/strong> entre parents et assistante maternelle.<br data-start=\"3638\" data-end=\"3641\" \/>Quelques principes essentiels :<\/p>\n<ul data-start=\"3674\" data-end=\"4193\">\n<li data-start=\"3674\" data-end=\"3788\">\n<p data-start=\"3676\" data-end=\"3788\"><strong data-start=\"3676\" data-end=\"3712\">Exprimez vos attentes clairement<\/strong> d\u00e8s le d\u00e9part : alimentation, sommeil, horaires, valeurs \u00e9ducatives, etc.<\/p>\n<\/li>\n<li data-start=\"3789\" data-end=\"3926\">\n<p data-start=\"3791\" data-end=\"3926\"><strong data-start=\"3791\" data-end=\"3815\">\u00c9coutez ses conseils<\/strong> : une assistante maternelle a souvent une solide exp\u00e9rience, notamment sur les r\u00e9actions des jeunes enfants.<\/p>\n<\/li>\n<li data-start=\"3927\" data-end=\"4052\">\n<p data-start=\"3929\" data-end=\"4052\"><strong data-start=\"3929\" data-end=\"3954\">Valorisez son travail<\/strong> : un mot gentil ou un remerciement sinc\u00e8re renforce la relation et montre votre reconnaissance.<\/p>\n<\/li>\n<li data-start=\"4053\" data-end=\"4193\">\n<p data-start=\"4055\" data-end=\"4193\"><strong data-start=\"4055\" data-end=\"4084\">Communiquez r\u00e9guli\u00e8rement<\/strong> : un petit mot dans un carnet, un \u00e9change le soir ou un appel en cas de besoin \u00e9vitent bien des malentendus.<\/p>\n<\/li>\n<\/ul>\n<p data-start=\"4195\" data-end=\"4352\">\ud83d\udc49 <em data-start=\"4198\" data-end=\"4238\">Besoin d\u2019aide pour faire votre choix ?<\/em> Consultez notre guide complet sur <strong data-start=\"4273\" data-end=\"4332\">comment choisir une nounou ou une assistante maternelle<\/strong> selon vos crit\u00e8res.<\/p>\n<h2><img decoding=\"async\" style=\"font-family: Nunito; font-size: 18px;\" src=\"https:\/\/yoopies.fr\/c\/wp-content\/uploads\/2024\/05\/zlamdyol0zci9auf-79.jpg\" alt=\"Une femme joue avec un b\u00e9b\u00e9 en utilisant des jouets color\u00e9s sur le sol.\" \/><\/h2>\n<h3 data-start=\"4359\" data-end=\"4422\">Une communication au quotidien : la cl\u00e9 d\u2019une garde r\u00e9ussie<\/h3>\n<p data-start=\"4424\" data-end=\"4568\">Une communication fluide avec la nounou ou l\u2019assistante maternelle permet d\u2019assurer le bien-\u00eatre de votre enfant.<br data-start=\"4537\" data-end=\"4540\" \/>Voici comment l\u2019entretenir :<\/p>\n<ul data-start=\"4570\" data-end=\"5054\">\n<li data-start=\"4570\" data-end=\"4685\">\n<p data-start=\"4572\" data-end=\"4685\"><strong data-start=\"4572\" data-end=\"4606\">Partagez les infos importantes<\/strong> : changements dans les habitudes, petits \u00e9v\u00e9nements familiaux, sommeil, etc.<\/p>\n<\/li>\n<li data-start=\"4686\" data-end=\"4824\">\n<p data-start=\"4688\" data-end=\"4824\"><strong data-start=\"4688\" data-end=\"4726\">Parlez des progr\u00e8s de votre enfant<\/strong> : apprentissages, comportements, r\u00e9ussites. Cela aide \u00e0 mieux le comprendre et \u00e0 l\u2019accompagner.<\/p>\n<\/li>\n<li data-start=\"4825\" data-end=\"4937\">\n<p data-start=\"4827\" data-end=\"4937\"><strong data-start=\"4827\" data-end=\"4869\">Exprimez vos inqui\u00e9tudes sans jugement<\/strong> : mieux vaut poser une question que laisser un doute s\u2019installer.<\/p>\n<\/li>\n<li data-start=\"4938\" data-end=\"5054\">\n<p data-start=\"4940\" data-end=\"5054\"><strong data-start=\"4940\" data-end=\"4991\">Entretenez une relation respectueuse et ouverte<\/strong> : bienveillance, \u00e9coute et patience sont vos meilleurs alli\u00e9s.<\/p>\n<\/li>\n<\/ul>\n<hr data-start=\"5056\" data-end=\"5059\" \/>\n<p data-start=\"5061\" data-end=\"5370\">Confier son enfant \u00e0 une assistante maternelle, c\u2019est une \u00e9tape \u00e0 la fois \u00e9motive et enrichissante.<br data-start=\"5160\" data-end=\"5163\" \/>Avec une bonne pr\u00e9paration, un choix r\u00e9fl\u00e9chi et une communication sinc\u00e8re, vous verrez votre enfant s\u2019\u00e9panouir dans un environnement <strong data-start=\"5297\" data-end=\"5338\">s\u00e9curisant, stimulant et bienveillant<\/strong>\u00a0et vous gagnerez en s\u00e9r\u00e9nit\u00e9.<\/p>\n","protected":false},"excerpt":{"rendered":"<p>Confier son enfant \u00e0 une assistante maternelle n\u2019est jamais une d\u00e9cision facile. Beaucoup de parents se posent les m\u00eames questions &hellip; <\/p>\n","protected":false},"author":10,"featured_media":546,"parent":447,"menu_order":0,"comment_status":"closed","ping_status":"closed","template":"","meta":{"_acf_changed":false,"footnotes":""},"class_list":["post-543","page","type-page","status-publish","has-post-thumbnail","hentry"],"acf":[],"yoast_head":"<!-- This site is optimized with the Yoast SEO plugin v26.9 - https:\/\/yoast.com\/product\/yoast-seo-wordpress\/ -->\n<title>Comment choisir une assistante maternelle<\/title>\n<meta name=\"description\" content=\"D\u00e9couvrez comment bien choisir une assistante maternelle ou une nounou, pr\u00e9parer la s\u00e9paration et instaurer une relation de confiance\" \/>\n<meta name=\"robots\" content=\"index, follow, max-snippet:-1, max-image-preview:large, max-video-preview:-1\" \/>\n<link rel=\"canonical\" href=\"https:\/\/yoopies.fr\/c\/garde-enfant\/les-modes-de-garde\/assistante-maternelle\/guide-pour-parents-choisir-et-collaborer-avec-une-assistante-maternelle\/\" \/>\n<meta property=\"og:locale\" content=\"fr_FR\" \/>\n<meta property=\"og:type\" content=\"article\" \/>\n<meta property=\"og:title\" content=\"Comment choisir une assistante maternelle\" \/>\n<meta property=\"og:description\" content=\"D\u00e9couvrez comment bien choisir une assistante maternelle ou une nounou, pr\u00e9parer la s\u00e9paration et instaurer une relation de confiance\" \/>\n<meta property=\"og:url\" content=\"https:\/\/yoopies.fr\/c\/garde-enfant\/les-modes-de-garde\/assistante-maternelle\/guide-pour-parents-choisir-et-collaborer-avec-une-assistante-maternelle\/\" \/>\n<meta property=\"og:site_name\" content=\"Le Blog Yoopies\" \/>\n<meta property=\"article:modified_time\" content=\"2025-10-22T05:20:39+00:00\" \/>\n<meta property=\"og:image\" content=\"https:\/\/yoopies.fr\/c\/wp-content\/uploads\/2024\/05\/zlalvsol0zci9aub-286.jpg\" \/>\n\t<meta property=\"og:image:width\" content=\"600\" \/>\n\t<meta property=\"og:image:height\" content=\"300\" \/>\n\t<meta property=\"og:image:type\" content=\"image\/jpeg\" \/>\n<meta name=\"twitter:card\" content=\"summary_large_image\" \/>\n<meta name=\"twitter:label1\" content=\"Dur\u00e9e de lecture estim\u00e9e\" \/>\n\t<meta name=\"twitter:data1\" content=\"4 minutes\" \/>\n<script type=\"application\/ld+json\" class=\"yoast-schema-graph\">{\"@context\":\"https:\/\/schema.org\",\"@graph\":[{\"@type\":\"WebPage\",\"@id\":\"https:\/\/yoopies.fr\/c\/garde-enfant\/les-modes-de-garde\/assistante-maternelle\/guide-pour-parents-choisir-et-collaborer-avec-une-assistante-maternelle\/\",\"url\":\"https:\/\/yoopies.fr\/c\/garde-enfant\/les-modes-de-garde\/assistante-maternelle\/guide-pour-parents-choisir-et-collaborer-avec-une-assistante-maternelle\/\",\"name\":\"Comment choisir une assistante maternelle\",\"isPartOf\":{\"@id\":\"https:\/\/yoopies.fr\/c\/#website\"},\"primaryImageOfPage\":{\"@id\":\"https:\/\/yoopies.fr\/c\/garde-enfant\/les-modes-de-garde\/assistante-maternelle\/guide-pour-parents-choisir-et-collaborer-avec-une-assistante-maternelle\/#primaryimage\"},\"image\":{\"@id\":\"https:\/\/yoopies.fr\/c\/garde-enfant\/les-modes-de-garde\/assistante-maternelle\/guide-pour-parents-choisir-et-collaborer-avec-une-assistante-maternelle\/#primaryimage\"},\"thumbnailUrl\":\"https:\/\/yoopies.fr\/c\/wp-content\/uploads\/2024\/05\/zlalvsol0zci9aub-286.jpg\",\"datePublished\":\"2024-05-24T13:00:11+00:00\",\"dateModified\":\"2025-10-22T05:20:39+00:00\",\"description\":\"D\u00e9couvrez comment bien choisir une assistante maternelle ou une nounou, pr\u00e9parer la s\u00e9paration et instaurer une relation de confiance\",\"breadcrumb\":{\"@id\":\"https:\/\/yoopies.fr\/c\/garde-enfant\/les-modes-de-garde\/assistante-maternelle\/guide-pour-parents-choisir-et-collaborer-avec-une-assistante-maternelle\/#breadcrumb\"},\"inLanguage\":\"fr-FR\",\"potentialAction\":[{\"@type\":\"ReadAction\",\"target\":[\"https:\/\/yoopies.fr\/c\/garde-enfant\/les-modes-de-garde\/assistante-maternelle\/guide-pour-parents-choisir-et-collaborer-avec-une-assistante-maternelle\/\"]}]},{\"@type\":\"ImageObject\",\"inLanguage\":\"fr-FR\",\"@id\":\"https:\/\/yoopies.fr\/c\/garde-enfant\/les-modes-de-garde\/assistante-maternelle\/guide-pour-parents-choisir-et-collaborer-avec-une-assistante-maternelle\/#primaryimage\",\"url\":\"https:\/\/yoopies.fr\/c\/wp-content\/uploads\/2024\/05\/zlalvsol0zci9aub-286.jpg\",\"contentUrl\":\"https:\/\/yoopies.fr\/c\/wp-content\/uploads\/2024\/05\/zlalvsol0zci9aub-286.jpg\",\"width\":600,\"height\":300},{\"@type\":\"BreadcrumbList\",\"@id\":\"https:\/\/yoopies.fr\/c\/garde-enfant\/les-modes-de-garde\/assistante-maternelle\/guide-pour-parents-choisir-et-collaborer-avec-une-assistante-maternelle\/#breadcrumb\",\"itemListElement\":[{\"@type\":\"ListItem\",\"position\":1,\"name\":\"Home\",\"item\":\"https:\/\/yoopies.fr\/c\/\"},{\"@type\":\"ListItem\",\"position\":2,\"name\":\"Garde d&rsquo;enfant\",\"item\":\"https:\/\/yoopies.fr\/c\/garde-enfant\/\"},{\"@type\":\"ListItem\",\"position\":3,\"name\":\"Les modes de gardees modes de garde : trouvez la solution id\u00e9ale pour votre enfantLes modes de garde\",\"item\":\"https:\/\/yoopies.fr\/c\/garde-enfant\/les-modes-de-garde\/\"},{\"@type\":\"ListItem\",\"position\":4,\"name\":\"Assistante maternelle\",\"item\":\"https:\/\/yoopies.fr\/c\/garde-enfant\/les-modes-de-garde\/assistante-maternelle\/\"},{\"@type\":\"ListItem\",\"position\":5,\"name\":\"Guide essentiel pour les parents confiant leurs enfants \u00e0 une assistante maternelle : r\u00e9ussir la s\u00e9paration, l&rsquo;adaptation et instaurer la confiance\"}]},{\"@type\":\"WebSite\",\"@id\":\"https:\/\/yoopies.fr\/c\/#website\",\"url\":\"https:\/\/yoopies.fr\/c\/\",\"name\":\"Le Blog Yoopies\",\"description\":\"\",\"publisher\":{\"@id\":\"https:\/\/yoopies.fr\/c\/#organization\"},\"potentialAction\":[{\"@type\":\"SearchAction\",\"target\":{\"@type\":\"EntryPoint\",\"urlTemplate\":\"https:\/\/yoopies.fr\/c\/?s={search_term_string}\"},\"query-input\":{\"@type\":\"PropertyValueSpecification\",\"valueRequired\":true,\"valueName\":\"search_term_string\"}}],\"inLanguage\":\"fr-FR\"},{\"@type\":\"Organization\",\"@id\":\"https:\/\/yoopies.fr\/c\/#organization\",\"name\":\"Le Blog Yoopies\",\"url\":\"https:\/\/yoopies.fr\/c\/\",\"logo\":{\"@type\":\"ImageObject\",\"inLanguage\":\"fr-FR\",\"@id\":\"https:\/\/yoopies.fr\/c\/#\/schema\/logo\/image\/\",\"url\":\"https:\/\/yoopies.fr\/c\/wp-content\/uploads\/2025\/04\/cropped-Logo_Yoopies-2.png\",\"contentUrl\":\"https:\/\/yoopies.fr\/c\/wp-content\/uploads\/2025\/04\/cropped-Logo_Yoopies-2.png\",\"width\":512,\"height\":512,\"caption\":\"Le Blog Yoopies\"},\"image\":{\"@id\":\"https:\/\/yoopies.fr\/c\/#\/schema\/logo\/image\/\"}}]}<\/script>\n<!-- \/ Yoast SEO plugin. -->","yoast_head_json":{"title":"Comment choisir une assistante maternelle","description":"D\u00e9couvrez comment bien choisir une assistante maternelle ou une nounou, pr\u00e9parer la s\u00e9paration et instaurer une relation de confiance","robots":{"index":"index","follow":"follow","max-snippet":"max-snippet:-1","max-image-preview":"max-image-preview:large","max-video-preview":"max-video-preview:-1"},"canonical":"https:\/\/yoopies.fr\/c\/garde-enfant\/les-modes-de-garde\/assistante-maternelle\/guide-pour-parents-choisir-et-collaborer-avec-une-assistante-maternelle\/","og_locale":"fr_FR","og_type":"article","og_title":"Comment choisir une assistante maternelle","og_description":"D\u00e9couvrez comment bien choisir une assistante maternelle ou une nounou, pr\u00e9parer la s\u00e9paration et instaurer une relation de confiance","og_url":"https:\/\/yoopies.fr\/c\/garde-enfant\/les-modes-de-garde\/assistante-maternelle\/guide-pour-parents-choisir-et-collaborer-avec-une-assistante-maternelle\/","og_site_name":"Le Blog Yoopies","article_modified_time":"2025-10-22T05:20:39+00:00","og_image":[{"width":600,"height":300,"url":"https:\/\/yoopies.fr\/c\/wp-content\/uploads\/2024\/05\/zlalvsol0zci9aub-286.jpg","type":"image\/jpeg"}],"twitter_card":"summary_large_image","twitter_misc":{"Dur\u00e9e de lecture estim\u00e9e":"4 minutes"},"schema":{"@context":"https:\/\/schema.org","@graph":[{"@type":"WebPage","@id":"https:\/\/yoopies.fr\/c\/garde-enfant\/les-modes-de-garde\/assistante-maternelle\/guide-pour-parents-choisir-et-collaborer-avec-une-assistante-maternelle\/","url":"https:\/\/yoopies.fr\/c\/garde-enfant\/les-modes-de-garde\/assistante-maternelle\/guide-pour-parents-choisir-et-collaborer-avec-une-assistante-maternelle\/","name":"Comment choisir une assistante maternelle","isPartOf":{"@id":"https:\/\/yoopies.fr\/c\/#website"},"primaryImageOfPage":{"@id":"https:\/\/yoopies.fr\/c\/garde-enfant\/les-modes-de-garde\/assistante-maternelle\/guide-pour-parents-choisir-et-collaborer-avec-une-assistante-maternelle\/#primaryimage"},"image":{"@id":"https:\/\/yoopies.fr\/c\/garde-enfant\/les-modes-de-garde\/assistante-maternelle\/guide-pour-parents-choisir-et-collaborer-avec-une-assistante-maternelle\/#primaryimage"},"thumbnailUrl":"https:\/\/yoopies.fr\/c\/wp-content\/uploads\/2024\/05\/zlalvsol0zci9aub-286.jpg","datePublished":"2024-05-24T13:00:11+00:00","dateModified":"2025-10-22T05:20:39+00:00","description":"D\u00e9couvrez comment bien choisir une assistante maternelle ou une nounou, pr\u00e9parer la s\u00e9paration et instaurer une relation de confiance","breadcrumb":{"@id":"https:\/\/yoopies.fr\/c\/garde-enfant\/les-modes-de-garde\/assistante-maternelle\/guide-pour-parents-choisir-et-collaborer-avec-une-assistante-maternelle\/#breadcrumb"},"inLanguage":"fr-FR","potentialAction":[{"@type":"ReadAction","target":["https:\/\/yoopies.fr\/c\/garde-enfant\/les-modes-de-garde\/assistante-maternelle\/guide-pour-parents-choisir-et-collaborer-avec-une-assistante-maternelle\/"]}]},{"@type":"ImageObject","inLanguage":"fr-FR","@id":"https:\/\/yoopies.fr\/c\/garde-enfant\/les-modes-de-garde\/assistante-maternelle\/guide-pour-parents-choisir-et-collaborer-avec-une-assistante-maternelle\/#primaryimage","url":"https:\/\/yoopies.fr\/c\/wp-content\/uploads\/2024\/05\/zlalvsol0zci9aub-286.jpg","contentUrl":"https:\/\/yoopies.fr\/c\/wp-content\/uploads\/2024\/05\/zlalvsol0zci9aub-286.jpg","width":600,"height":300},{"@type":"BreadcrumbList","@id":"https:\/\/yoopies.fr\/c\/garde-enfant\/les-modes-de-garde\/assistante-maternelle\/guide-pour-parents-choisir-et-collaborer-avec-une-assistante-maternelle\/#breadcrumb","itemListElement":[{"@type":"ListItem","position":1,"name":"Home","item":"https:\/\/yoopies.fr\/c\/"},{"@type":"ListItem","position":2,"name":"Garde d&rsquo;enfant","item":"https:\/\/yoopies.fr\/c\/garde-enfant\/"},{"@type":"ListItem","position":3,"name":"Les modes de gardees modes de garde : trouvez la solution id\u00e9ale pour votre enfantLes modes de garde","item":"https:\/\/yoopies.fr\/c\/garde-enfant\/les-modes-de-garde\/"},{"@type":"ListItem","position":4,"name":"Assistante maternelle","item":"https:\/\/yoopies.fr\/c\/garde-enfant\/les-modes-de-garde\/assistante-maternelle\/"},{"@type":"ListItem","position":5,"name":"Guide essentiel pour les parents confiant leurs enfants \u00e0 une assistante maternelle : r\u00e9ussir la s\u00e9paration, l&rsquo;adaptation et instaurer la confiance"}]},{"@type":"WebSite","@id":"https:\/\/yoopies.fr\/c\/#website","url":"https:\/\/yoopies.fr\/c\/","name":"Le Blog Yoopies","description":"","publisher":{"@id":"https:\/\/yoopies.fr\/c\/#organization"},"potentialAction":[{"@type":"SearchAction","target":{"@type":"EntryPoint","urlTemplate":"https:\/\/yoopies.fr\/c\/?s={search_term_string}"},"query-input":{"@type":"PropertyValueSpecification","valueRequired":true,"valueName":"search_term_string"}}],"inLanguage":"fr-FR"},{"@type":"Organization","@id":"https:\/\/yoopies.fr\/c\/#organization","name":"Le Blog Yoopies","url":"https:\/\/yoopies.fr\/c\/","logo":{"@type":"ImageObject","inLanguage":"fr-FR","@id":"https:\/\/yoopies.fr\/c\/#\/schema\/logo\/image\/","url":"https:\/\/yoopies.fr\/c\/wp-content\/uploads\/2025\/04\/cropped-Logo_Yoopies-2.png","contentUrl":"https:\/\/yoopies.fr\/c\/wp-content\/uploads\/2025\/04\/cropped-Logo_Yoopies-2.png","width":512,"height":512,"caption":"Le Blog Yoopies"},"image":{"@id":"https:\/\/yoopies.fr\/c\/#\/schema\/logo\/image\/"}}]}},"_links":{"self":[{"href":"https:\/\/yoopies.fr\/c\/wp-json\/wp\/v2\/pages\/543","targetHints":{"allow":["GET"]}}],"collection":[{"href":"https:\/\/yoopies.fr\/c\/wp-json\/wp\/v2\/pages"}],"about":[{"href":"https:\/\/yoopies.fr\/c\/wp-json\/wp\/v2\/types\/page"}],"author":[{"embeddable":true,"href":"https:\/\/yoopies.fr\/c\/wp-json\/wp\/v2\/users\/10"}],"replies":[{"embeddable":true,"href":"https:\/\/yoopies.fr\/c\/wp-json\/wp\/v2\/comments?post=543"}],"version-history":[{"count":2,"href":"https:\/\/yoopies.fr\/c\/wp-json\/wp\/v2\/pages\/543\/revisions"}],"predecessor-version":[{"id":1639,"href":"https:\/\/yoopies.fr\/c\/wp-json\/wp\/v2\/pages\/543\/revisions\/1639"}],"up":[{"embeddable":true,"href":"https:\/\/yoopies.fr\/c\/wp-json\/wp\/v2\/pages\/447"}],"wp:featuredmedia":[{"embeddable":true,"href":"https:\/\/yoopies.fr\/c\/wp-json\/wp\/v2\/media\/546"}],"wp:attachment":[{"href":"https:\/\/yoopies.fr\/c\/wp-json\/wp\/v2\/media?parent=543"}],"curies":[{"name":"wp","href":"https:\/\/api.w.org\/{rel}","templated":true}]}}