{"id":519,"date":"2024-06-11T14:25:58","date_gmt":"2024-06-11T14:25:58","guid":{"rendered":"https:\/\/blog.yoopies.fr\/garde-enfant\/les-modes-de-garde\/assistante-maternelle\/devenir-assistante-maternelle\/"},"modified":"2025-06-12T07:59:08","modified_gmt":"2025-06-12T07:59:08","slug":"devenir-assistante-maternelle","status":"publish","type":"page","link":"https:\/\/yoopies.fr\/c\/garde-enfant\/les-modes-de-garde\/assistante-maternelle\/devenir-assistante-maternelle\/","title":{"rendered":"Devenir assistante maternelle : le guide ultime"},"content":{"rendered":"<p><p class=\"block-img\"><img decoding=\"async\" src=\"https:\/\/yoopies.fr\/c\/wp-content\/uploads\/2024\/06\/cacd39f0-3c63-478f-957f-c3871dad4e62_812d33008ee971d9719cbb185cfeddd948ac378c_bigstock-kids-or-children-and-mother-pl-80138315-128129.jpg\" alt=\"devenir assistante maternelle \"><\/p>\n<h3><\/h3>\n<p>Devenir assistante maternelle pr&eacute;sente de nombreux avantages pour toute personne souhaitant s&rsquo;occuper d&rsquo;enfants en bas &acirc;ge. En tant qu&rsquo;assistante maternelle, vous travaillez directement de chez vous, vous &ecirc;tes libre d&rsquo;accueillir le nombre d&rsquo;enfants que vous souhaitez (entre 1 et 4 selon votre agr&eacute;ment), de choisir vos employeurs et d&rsquo;organiser votre emploi du temps comme vous le souhaitez. Cependant, le m&eacute;tier d&rsquo;assistante maternelle ne s&rsquo;improvise pas et requiert d&rsquo;acqu&eacute;rir certaines comp&eacute;tences &agrave; l&rsquo;aide d&rsquo;une formation sp&eacute;cifique, mais aussi de r&eacute;aliser un certain nombre de d&eacute;marches administratives. Gr&acirc;ce &agrave; ce guide, vous allez tout savoir sur comment devenir assistante maternelle.<\/p>\n<\/p>\n<h2><strong>Assistante maternelle, qu&rsquo;est-ce que c&rsquo;est ?<\/strong><\/h2>\n<p>Une assistante maternelle est une professionnelle de la petite enfance responsable de garder un ou plusieurs enfants directement chez elle. <\/p>\n<p>Ce m&eacute;tier est exerc&eacute; en tr&egrave;s grande majorit&eacute; par des femmes. Si aucun dipl&ocirc;me n&rsquo;est requis, toute assistante maternelle devra tout de m&ecirc;me justifier d&rsquo;un minimum de 120 heures de formation initiale. Par ailleurs, la future professionnelle devra remplir certaines conditions l&eacute;gales et effectuer un certain nombre de d&eacute;marches administratives dans le but d&rsquo;obtenir un agr&eacute;ment qui lui donnera le droit d&rsquo;exercer. <\/p>\n<p>L&rsquo;assistante maternelle a de loin la pr&eacute;f&eacute;rence des parents fran&ccedil;ais, devant tous les autres modes de garde. Et ce n&rsquo;est pas un hasard ! Celle-ci sera particuli&egrave;rement attentive au d&eacute;veloppement du petit nombre d&rsquo;enfants qu&rsquo;elle garde. Elle sera par ailleurs soumise &agrave; de nombreux contr&ocirc;les sur la s&eacute;curisation de son domicile, la qualit&eacute; de son accueil ou encore son &eacute;tat de sant&eacute;.<\/p>\n<\/p>\n<h2><strong>Devenir assistante maternelle : les qualit&eacute;s requises<\/strong><\/h2>\n<p>Plus qu&rsquo;un simple m&eacute;tier, devenir assistante maternelle est une v&eacute;ritable vocation et un choix qui ne se prend pas &agrave; la l&eacute;g&egrave;re ! Il ne suffit pas d&rsquo;aimer les enfants, il faudra &eacute;galement faire preuve d&rsquo;une grande patience, d&rsquo;un bon sens de l&rsquo;organisation, mais aussi d&rsquo;une tr&egrave;s bonne condition physique pour pouvoir porter les enfants, manipuler la ou les poussettes etc&hellip; D&eacute;couvrez <a href=\"https:\/\/yoopies.fr\/c\/garde-enfant\/les-modes-de-garde\/assistante-maternelle\/assistante-maternelle-8-qualites-requises\/\">dans cet article le profil id&eacute;al et les qualit&eacute;s requises pour devenir assistante maternelle<\/a>.<\/p>\n<\/p>\n<h2><strong>Quelles d&eacute;marches pour devenir assistante maternelle et comment obtenir son agr&eacute;ment ?<\/strong><\/h2>\n<p>Avant toute chose, la future assistante maternelle doit s&rsquo;acquitter de certaines d&eacute;marches dans le but d&rsquo;obtenir son agr&eacute;ment et ainsi exercer sa profession en toute l&eacute;galit&eacute;. D&eacute;livr&eacute; par le Conseil d&eacute;partemental, l&rsquo;agr&eacute;ment est une autorisation d&rsquo;exercice du m&eacute;tier qui permettra &agrave; l&rsquo;assistante maternelle de suivre une formation sp&eacute;cifique, mais aussi de b&eacute;n&eacute;ficier d&rsquo;une protection sociale et d&rsquo;une r&eacute;mun&eacute;ration encadr&eacute;e. Deux types d&rsquo;agr&eacute;ments sont d&eacute;livr&eacute;s par le d&eacute;partement : pour une activit&eacute; &agrave; domicile ou pour une activit&eacute; dans une maison d&rsquo;assistantes maternelles. L&rsquo;agr&eacute;ment pr&eacute;cisera &eacute;galement le nombre d&rsquo;enfants que la nounou est autoris&eacute;e &agrave; accueillir. <a href=\"https:\/\/yoopies.fr\/c\/garde-enfant\/les-modes-de-garde\/assistante-maternelle\/assistant-maternel-agree\/\">En savoir plus sur l&rsquo;agr&eacute;ment des assistantes maternelles<\/a>.<\/p>\n<\/p>\n<h2><strong>Quelle formation pour devenir assistante maternelle ?<\/strong><\/h2>\n<p>Une fois son agr&eacute;ment obtenu, la professionnelle devra suivre une formation obligatoire de 120 heures avant de pouvoir r&eacute;ellement devenir assistante maternelle. Seuls les titulaires de dipl&ocirc;mes sp&eacute;cifiques comme le CAP petite enfance ou le DEAP (dipl&ocirc;me d&rsquo;&Eacute;tat d&rsquo;auxiliaire de pu&eacute;riculture) peuvent &ecirc;tre dispens&eacute;s de cette formation. Pilot&eacute;e par le Conseil d&eacute;partemental, la formation d&rsquo;assistante maternelle permettra &agrave; ses participantes d&rsquo;acqu&eacute;rir les bases n&eacute;cessaires en mati&egrave;re d&rsquo;accueil, d&rsquo;hygi&egrave;ne, de s&eacute;curit&eacute;, d&rsquo;alimentation et enfin d&rsquo;&eacute;veil. Tout d&eacute;couvrir sur la <a href=\"https:\/\/yoopies.fr\/c\/garde-enfant\/les-modes-de-garde\/assistante-maternelle\/formation-assistante-maternelle\/\">formation initiale d&rsquo;assistante maternelle<\/a>.<\/p>\n<\/p>\n<h2><strong>Assistante maternelle : comment trouver un employeur ?<\/strong><\/h2>\n<p>Agr&eacute;ment en poche et formation d&ucirc;ment effectu&eacute;e, il est temps de trouver des enfants &agrave; accueillir ! L&rsquo;assistante maternelle pourra se faire conna&icirc;tre dans sa commune en s&rsquo;inscrivant sur les listes des relais parents, &agrave; la Protection maternelle et infantile (PMI) ou encore aupr&egrave;s de sa mairie. Toutefois, peu modernes et aucunement personnalis&eacute;es, ces m&eacute;thodes se r&eacute;v&egrave;lent bien souvent inefficaces. <a target=\"_blank\" rel=\"noopener\" href=\"https:\/\/yoopies.fr\/emploi-assistante-maternelle\">Les plateformes de mise en relation comme Yoopies<\/a> permettent aux assistantes maternelles de trouver gratuitement et en quelques clics des familles qui leur conviennent en fonction de leurs envies et disponibilit&eacute;s. Tous nos conseils pour <a href=\"https:\/\/yoopies.fr\/c\/garde-enfant\/les-modes-de-garde\/assistante-maternelle\/trouver-employeur-assistante-maternelle\/\">trouver un employeur en seulement quelques clics<\/a>.<\/p>\n<\/p>\n<h2><strong>Assistante maternelle : comment &eacute;tablir le contrat de travail<\/strong><\/h2>\n<p>Etablir un contrat de travail encadrant les relations entre l&rsquo;assistante maternelle et les parents qui l&rsquo;emploient est une &eacute;tape obligatoire avant de pouvoir accueillir des enfants. Le contrat devra pr&eacute;voir, entre autres, la r&eacute;mun&eacute;ration de l&rsquo;assistante maternelle, incluant notamment les indemnit&eacute;s d&rsquo;entretien, et le calcul des jours de cong&eacute;s. <\/p>\n<\/p>\n<h2><strong>Assistante maternelle : quelle r&eacute;mun&eacute;ration ?<\/strong><\/h2>\n<p>Si l&rsquo;assistante maternelle est libre de choisir le tarif qu&rsquo;elle appliquera, son salaire reste encadr&eacute;e par sa convention collective et le droit du travail. Cette r&eacute;mun&eacute;ration sera compos&eacute;e du taux horaire par enfant, auquel il faudra ajouter les indemnit&eacute;s d&rsquo;entretien et &eacute;ventuellement des frais de nourriture. En 2020, le tarif horaire par enfant s&rsquo;&eacute;levait &agrave; 3,59&euro; en moyenne en France. D&eacute;couvrez l&rsquo;article sur<a target=\"_blank\" rel=\"noopener\" href=\"https:\/\/yoopies.fr\/c\/garde-enfant\/les-modes-de-garde\/assistante-maternelle\/salaire-assistante-maternelle-2021\/\"> les tarifs moyens des assistantes maternelles de votre r&eacute;gion<\/a>.<\/p>\n<\/p>\n<h2><strong>Rupture de contrat d&rsquo;une assistante maternelle <\/strong><\/h2>\n<\/p>\n<p>Le licenciement de l&rsquo;assistante maternelle est &eacute;galement appel&eacute; \u00ab\u00a0fin&nbsp;de contrat\u00a0\u00bb de l&rsquo;assmat. Que faire en cas de rupture de contrat ou de licenciement d&rsquo;assistante maternelle ?<\/p>\n<p>Certaines fois, les choses ne se passent pas comme on l&rsquo;aurait souhait&eacute; pour l&rsquo;une ou l&rsquo;autre des parties. Il est important de savoir que le droit du travail est protecteur envers l&rsquo;assistante maternelle, et son contrat ne peut faire l&rsquo;objet d&rsquo;une rupture que dans certains cas bien sp&eacute;cifiques : <\/p>\n<ul>\n<li> Rupture de contrat de l&rsquo;assistante maternelle &agrave; l&rsquo;arriv&eacute;e &agrave; terme des besoins de garde d&rsquo;enfant : l&rsquo;entr&eacute;e &agrave; l&rsquo;&eacute;cole, un changement de situation familiale (d&eacute;m&eacute;nagement, perte d&#8217;emploi&hellip;)<\/li>\n<li>Licenciement de l&rsquo;assistante maternelle pour faute grave concernant le bien-&ecirc;tre et la s&eacute;curit&eacute; de l&rsquo;enfant au travers de l&rsquo;agr&eacute;ment de l&rsquo;assistante maternelle agr&eacute;&eacute;e. La faute grave peut &eacute;galement &ecirc;tre une action contraire &agrave; ce que l&#8217;employeur avait stipul&eacute; dans le contrat.&nbsp;<\/li>\n<li>Retrait d&rsquo;agr&eacute;ment de l&rsquo;assmat <\/li>\n<li>D&eacute;mission de l&rsquo;assmat (d&eacute;m&eacute;nagement, retraite, changement de m&eacute;tier&hellip;) <\/li>\n<\/ul>\n<p class=\"highlighted\">\n<p>D&eacute;j&agrave; assistante maternelle ? Inscrivez-vous sur Yoopies pour trouver en quelques clics les employeurs correspondant &agrave; vos besoins !<\/p>\n<\/p>\n<p><a class=\"button\" href=\"https:\/\/yoopies.fr\/emploi-assistante-maternelle\">Je m&rsquo;inscris !<\/a><\/p>\n","protected":false},"excerpt":{"rendered":"<p>Devenir assistante maternelle pr&eacute;sente de nombreux avantages pour toute personne souhaitant s&rsquo;occuper d&rsquo;enfants en bas &acirc;ge. En tant qu&rsquo;assistante maternelle, &hellip; <\/p>\n","protected":false},"author":10,"featured_media":521,"parent":447,"menu_order":0,"comment_status":"closed","ping_status":"closed","template":"","meta":{"_acf_changed":false,"footnotes":""},"class_list":["post-519","page","type-page","status-publish","has-post-thumbnail","hentry"],"acf":[],"yoast_head":"<!-- This site is optimized with the Yoast SEO plugin v26.9 - https:\/\/yoast.com\/product\/yoast-seo-wordpress\/ -->\n<title>Devenir assistante maternelle : le guide ultime<\/title>\n<meta name=\"description\" content=\"Le guide Yoopies pour tout conna\u00eetre sur le m\u00e9tier d&#039;assistante maternelle : profil id\u00e9al, comment obtenir son agr\u00e9ment, la formation, le contrat, la r\u00e9mun\u00e9ration etc.\" \/>\n<meta name=\"robots\" content=\"index, follow, max-snippet:-1, max-image-preview:large, max-video-preview:-1\" \/>\n<link rel=\"canonical\" href=\"https:\/\/yoopies.fr\/c\/garde-enfant\/les-modes-de-garde\/assistante-maternelle\/devenir-assistante-maternelle\/\" \/>\n<meta property=\"og:locale\" content=\"fr_FR\" \/>\n<meta property=\"og:type\" content=\"article\" \/>\n<meta property=\"og:title\" content=\"Devenir assistante maternelle : le guide ultime\" \/>\n<meta property=\"og:description\" content=\"Le guide Yoopies pour tout conna\u00eetre sur le m\u00e9tier d&#039;assistante maternelle : profil id\u00e9al, comment obtenir son agr\u00e9ment, la formation, le contrat, la r\u00e9mun\u00e9ration etc.\" \/>\n<meta property=\"og:url\" content=\"https:\/\/yoopies.fr\/c\/garde-enfant\/les-modes-de-garde\/assistante-maternelle\/devenir-assistante-maternelle\/\" \/>\n<meta property=\"og:site_name\" content=\"Le Blog Yoopies\" \/>\n<meta property=\"article:modified_time\" content=\"2025-06-12T07:59:08+00:00\" \/>\n<meta property=\"og:image\" content=\"https:\/\/yoopies.fr\/c\/wp-content\/uploads\/2024\/06\/65d327726df829d21997e9e7-image-2024-02-19-110329069.jpg\" \/>\n\t<meta property=\"og:image:width\" content=\"600\" \/>\n\t<meta property=\"og:image:height\" content=\"300\" \/>\n\t<meta property=\"og:image:type\" content=\"image\/jpeg\" \/>\n<meta name=\"twitter:card\" content=\"summary_large_image\" \/>\n<meta name=\"twitter:label1\" content=\"Dur\u00e9e de lecture estim\u00e9e\" \/>\n\t<meta name=\"twitter:data1\" content=\"7 minutes\" \/>\n<script type=\"application\/ld+json\" class=\"yoast-schema-graph\">{\"@context\":\"https:\/\/schema.org\",\"@graph\":[{\"@type\":\"WebPage\",\"@id\":\"https:\/\/yoopies.fr\/c\/garde-enfant\/les-modes-de-garde\/assistante-maternelle\/devenir-assistante-maternelle\/\",\"url\":\"https:\/\/yoopies.fr\/c\/garde-enfant\/les-modes-de-garde\/assistante-maternelle\/devenir-assistante-maternelle\/\",\"name\":\"Devenir assistante maternelle : le guide ultime\",\"isPartOf\":{\"@id\":\"https:\/\/yoopies.fr\/c\/#website\"},\"primaryImageOfPage\":{\"@id\":\"https:\/\/yoopies.fr\/c\/garde-enfant\/les-modes-de-garde\/assistante-maternelle\/devenir-assistante-maternelle\/#primaryimage\"},\"image\":{\"@id\":\"https:\/\/yoopies.fr\/c\/garde-enfant\/les-modes-de-garde\/assistante-maternelle\/devenir-assistante-maternelle\/#primaryimage\"},\"thumbnailUrl\":\"https:\/\/yoopies.fr\/c\/wp-content\/uploads\/2024\/06\/65d327726df829d21997e9e7-image-2024-02-19-110329069.jpg\",\"datePublished\":\"2024-06-11T14:25:58+00:00\",\"dateModified\":\"2025-06-12T07:59:08+00:00\",\"description\":\"Le guide Yoopies pour tout conna\u00eetre sur le m\u00e9tier d'assistante maternelle : profil id\u00e9al, comment obtenir son agr\u00e9ment, la formation, le contrat, la r\u00e9mun\u00e9ration etc.\",\"breadcrumb\":{\"@id\":\"https:\/\/yoopies.fr\/c\/garde-enfant\/les-modes-de-garde\/assistante-maternelle\/devenir-assistante-maternelle\/#breadcrumb\"},\"inLanguage\":\"fr-FR\",\"potentialAction\":[{\"@type\":\"ReadAction\",\"target\":[\"https:\/\/yoopies.fr\/c\/garde-enfant\/les-modes-de-garde\/assistante-maternelle\/devenir-assistante-maternelle\/\"]}]},{\"@type\":\"ImageObject\",\"inLanguage\":\"fr-FR\",\"@id\":\"https:\/\/yoopies.fr\/c\/garde-enfant\/les-modes-de-garde\/assistante-maternelle\/devenir-assistante-maternelle\/#primaryimage\",\"url\":\"https:\/\/yoopies.fr\/c\/wp-content\/uploads\/2024\/06\/65d327726df829d21997e9e7-image-2024-02-19-110329069.jpg\",\"contentUrl\":\"https:\/\/yoopies.fr\/c\/wp-content\/uploads\/2024\/06\/65d327726df829d21997e9e7-image-2024-02-19-110329069.jpg\",\"width\":600,\"height\":300},{\"@type\":\"BreadcrumbList\",\"@id\":\"https:\/\/yoopies.fr\/c\/garde-enfant\/les-modes-de-garde\/assistante-maternelle\/devenir-assistante-maternelle\/#breadcrumb\",\"itemListElement\":[{\"@type\":\"ListItem\",\"position\":1,\"name\":\"Home\",\"item\":\"https:\/\/yoopies.fr\/c\/\"},{\"@type\":\"ListItem\",\"position\":2,\"name\":\"Garde d&rsquo;enfant\",\"item\":\"https:\/\/yoopies.fr\/c\/garde-enfant\/\"},{\"@type\":\"ListItem\",\"position\":3,\"name\":\"Les modes de gardees modes de garde : trouvez la solution id\u00e9ale pour votre enfantLes modes de garde\",\"item\":\"https:\/\/yoopies.fr\/c\/garde-enfant\/les-modes-de-garde\/\"},{\"@type\":\"ListItem\",\"position\":4,\"name\":\"Assistante maternelle\",\"item\":\"https:\/\/yoopies.fr\/c\/garde-enfant\/les-modes-de-garde\/assistante-maternelle\/\"},{\"@type\":\"ListItem\",\"position\":5,\"name\":\"Devenir assistante maternelle : le guide ultime\"}]},{\"@type\":\"WebSite\",\"@id\":\"https:\/\/yoopies.fr\/c\/#website\",\"url\":\"https:\/\/yoopies.fr\/c\/\",\"name\":\"Le Blog Yoopies\",\"description\":\"\",\"publisher\":{\"@id\":\"https:\/\/yoopies.fr\/c\/#organization\"},\"potentialAction\":[{\"@type\":\"SearchAction\",\"target\":{\"@type\":\"EntryPoint\",\"urlTemplate\":\"https:\/\/yoopies.fr\/c\/?s={search_term_string}\"},\"query-input\":{\"@type\":\"PropertyValueSpecification\",\"valueRequired\":true,\"valueName\":\"search_term_string\"}}],\"inLanguage\":\"fr-FR\"},{\"@type\":\"Organization\",\"@id\":\"https:\/\/yoopies.fr\/c\/#organization\",\"name\":\"Le Blog Yoopies\",\"url\":\"https:\/\/yoopies.fr\/c\/\",\"logo\":{\"@type\":\"ImageObject\",\"inLanguage\":\"fr-FR\",\"@id\":\"https:\/\/yoopies.fr\/c\/#\/schema\/logo\/image\/\",\"url\":\"https:\/\/yoopies.fr\/c\/wp-content\/uploads\/2025\/04\/cropped-Logo_Yoopies-2.png\",\"contentUrl\":\"https:\/\/yoopies.fr\/c\/wp-content\/uploads\/2025\/04\/cropped-Logo_Yoopies-2.png\",\"width\":512,\"height\":512,\"caption\":\"Le Blog Yoopies\"},\"image\":{\"@id\":\"https:\/\/yoopies.fr\/c\/#\/schema\/logo\/image\/\"}}]}<\/script>\n<!-- \/ Yoast SEO plugin. -->","yoast_head_json":{"title":"Devenir assistante maternelle : le guide ultime","description":"Le guide Yoopies pour tout conna\u00eetre sur le m\u00e9tier d'assistante maternelle : profil id\u00e9al, comment obtenir son agr\u00e9ment, la formation, le contrat, la r\u00e9mun\u00e9ration etc.","robots":{"index":"index","follow":"follow","max-snippet":"max-snippet:-1","max-image-preview":"max-image-preview:large","max-video-preview":"max-video-preview:-1"},"canonical":"https:\/\/yoopies.fr\/c\/garde-enfant\/les-modes-de-garde\/assistante-maternelle\/devenir-assistante-maternelle\/","og_locale":"fr_FR","og_type":"article","og_title":"Devenir assistante maternelle : le guide ultime","og_description":"Le guide Yoopies pour tout conna\u00eetre sur le m\u00e9tier d'assistante maternelle : profil id\u00e9al, comment obtenir son agr\u00e9ment, la formation, le contrat, la r\u00e9mun\u00e9ration etc.","og_url":"https:\/\/yoopies.fr\/c\/garde-enfant\/les-modes-de-garde\/assistante-maternelle\/devenir-assistante-maternelle\/","og_site_name":"Le Blog Yoopies","article_modified_time":"2025-06-12T07:59:08+00:00","og_image":[{"width":600,"height":300,"url":"https:\/\/yoopies.fr\/c\/wp-content\/uploads\/2024\/06\/65d327726df829d21997e9e7-image-2024-02-19-110329069.jpg","type":"image\/jpeg"}],"twitter_card":"summary_large_image","twitter_misc":{"Dur\u00e9e de lecture estim\u00e9e":"7 minutes"},"schema":{"@context":"https:\/\/schema.org","@graph":[{"@type":"WebPage","@id":"https:\/\/yoopies.fr\/c\/garde-enfant\/les-modes-de-garde\/assistante-maternelle\/devenir-assistante-maternelle\/","url":"https:\/\/yoopies.fr\/c\/garde-enfant\/les-modes-de-garde\/assistante-maternelle\/devenir-assistante-maternelle\/","name":"Devenir assistante maternelle : le guide ultime","isPartOf":{"@id":"https:\/\/yoopies.fr\/c\/#website"},"primaryImageOfPage":{"@id":"https:\/\/yoopies.fr\/c\/garde-enfant\/les-modes-de-garde\/assistante-maternelle\/devenir-assistante-maternelle\/#primaryimage"},"image":{"@id":"https:\/\/yoopies.fr\/c\/garde-enfant\/les-modes-de-garde\/assistante-maternelle\/devenir-assistante-maternelle\/#primaryimage"},"thumbnailUrl":"https:\/\/yoopies.fr\/c\/wp-content\/uploads\/2024\/06\/65d327726df829d21997e9e7-image-2024-02-19-110329069.jpg","datePublished":"2024-06-11T14:25:58+00:00","dateModified":"2025-06-12T07:59:08+00:00","description":"Le guide Yoopies pour tout conna\u00eetre sur le m\u00e9tier d'assistante maternelle : profil id\u00e9al, comment obtenir son agr\u00e9ment, la formation, le contrat, la r\u00e9mun\u00e9ration etc.","breadcrumb":{"@id":"https:\/\/yoopies.fr\/c\/garde-enfant\/les-modes-de-garde\/assistante-maternelle\/devenir-assistante-maternelle\/#breadcrumb"},"inLanguage":"fr-FR","potentialAction":[{"@type":"ReadAction","target":["https:\/\/yoopies.fr\/c\/garde-enfant\/les-modes-de-garde\/assistante-maternelle\/devenir-assistante-maternelle\/"]}]},{"@type":"ImageObject","inLanguage":"fr-FR","@id":"https:\/\/yoopies.fr\/c\/garde-enfant\/les-modes-de-garde\/assistante-maternelle\/devenir-assistante-maternelle\/#primaryimage","url":"https:\/\/yoopies.fr\/c\/wp-content\/uploads\/2024\/06\/65d327726df829d21997e9e7-image-2024-02-19-110329069.jpg","contentUrl":"https:\/\/yoopies.fr\/c\/wp-content\/uploads\/2024\/06\/65d327726df829d21997e9e7-image-2024-02-19-110329069.jpg","width":600,"height":300},{"@type":"BreadcrumbList","@id":"https:\/\/yoopies.fr\/c\/garde-enfant\/les-modes-de-garde\/assistante-maternelle\/devenir-assistante-maternelle\/#breadcrumb","itemListElement":[{"@type":"ListItem","position":1,"name":"Home","item":"https:\/\/yoopies.fr\/c\/"},{"@type":"ListItem","position":2,"name":"Garde d&rsquo;enfant","item":"https:\/\/yoopies.fr\/c\/garde-enfant\/"},{"@type":"ListItem","position":3,"name":"Les modes de gardees modes de garde : trouvez la solution id\u00e9ale pour votre enfantLes modes de garde","item":"https:\/\/yoopies.fr\/c\/garde-enfant\/les-modes-de-garde\/"},{"@type":"ListItem","position":4,"name":"Assistante maternelle","item":"https:\/\/yoopies.fr\/c\/garde-enfant\/les-modes-de-garde\/assistante-maternelle\/"},{"@type":"ListItem","position":5,"name":"Devenir assistante maternelle : le guide ultime"}]},{"@type":"WebSite","@id":"https:\/\/yoopies.fr\/c\/#website","url":"https:\/\/yoopies.fr\/c\/","name":"Le Blog Yoopies","description":"","publisher":{"@id":"https:\/\/yoopies.fr\/c\/#organization"},"potentialAction":[{"@type":"SearchAction","target":{"@type":"EntryPoint","urlTemplate":"https:\/\/yoopies.fr\/c\/?s={search_term_string}"},"query-input":{"@type":"PropertyValueSpecification","valueRequired":true,"valueName":"search_term_string"}}],"inLanguage":"fr-FR"},{"@type":"Organization","@id":"https:\/\/yoopies.fr\/c\/#organization","name":"Le Blog Yoopies","url":"https:\/\/yoopies.fr\/c\/","logo":{"@type":"ImageObject","inLanguage":"fr-FR","@id":"https:\/\/yoopies.fr\/c\/#\/schema\/logo\/image\/","url":"https:\/\/yoopies.fr\/c\/wp-content\/uploads\/2025\/04\/cropped-Logo_Yoopies-2.png","contentUrl":"https:\/\/yoopies.fr\/c\/wp-content\/uploads\/2025\/04\/cropped-Logo_Yoopies-2.png","width":512,"height":512,"caption":"Le Blog Yoopies"},"image":{"@id":"https:\/\/yoopies.fr\/c\/#\/schema\/logo\/image\/"}}]}},"_links":{"self":[{"href":"https:\/\/yoopies.fr\/c\/wp-json\/wp\/v2\/pages\/519","targetHints":{"allow":["GET"]}}],"collection":[{"href":"https:\/\/yoopies.fr\/c\/wp-json\/wp\/v2\/pages"}],"about":[{"href":"https:\/\/yoopies.fr\/c\/wp-json\/wp\/v2\/types\/page"}],"author":[{"embeddable":true,"href":"https:\/\/yoopies.fr\/c\/wp-json\/wp\/v2\/users\/10"}],"replies":[{"embeddable":true,"href":"https:\/\/yoopies.fr\/c\/wp-json\/wp\/v2\/comments?post=519"}],"version-history":[{"count":1,"href":"https:\/\/yoopies.fr\/c\/wp-json\/wp\/v2\/pages\/519\/revisions"}],"predecessor-version":[{"id":522,"href":"https:\/\/yoopies.fr\/c\/wp-json\/wp\/v2\/pages\/519\/revisions\/522"}],"up":[{"embeddable":true,"href":"https:\/\/yoopies.fr\/c\/wp-json\/wp\/v2\/pages\/447"}],"wp:featuredmedia":[{"embeddable":true,"href":"https:\/\/yoopies.fr\/c\/wp-json\/wp\/v2\/media\/521"}],"wp:attachment":[{"href":"https:\/\/yoopies.fr\/c\/wp-json\/wp\/v2\/media?parent=519"}],"curies":[{"name":"wp","href":"https:\/\/api.w.org\/{rel}","templated":true}]}}