{"id":505,"date":"2024-06-11T15:47:09","date_gmt":"2024-06-11T15:47:09","guid":{"rendered":"https:\/\/blog.yoopies.fr\/garde-enfant\/les-modes-de-garde\/assistante-maternelle\/assistante-maternelle-informations\/"},"modified":"2025-06-12T07:59:08","modified_gmt":"2025-06-12T07:59:08","slug":"assistante-maternelle-informations","status":"publish","type":"page","link":"https:\/\/yoopies.fr\/c\/garde-enfant\/les-modes-de-garde\/assistante-maternelle\/assistante-maternelle-informations\/","title":{"rendered":"Assistante maternelle"},"content":{"rendered":"<p><p><strong>Vous &ecirc;tes assistante maternelle ou vous cherchez un emploi d&rsquo;assistante maternelle ?<\/strong><\/p>\n<h4><\/h4>\n<h2><strong>Sommaire <\/strong><\/h2>\n<ul>\n<li><a href=\"https:\/\/#h2-2\">Devenir assistante maternelle <\/a><\/li>\n<li><a href=\"https:\/\/#h2-3\">Qualit&eacute;s requises pour devenir une assistante maternelle agr&eacute;&eacute;e<\/a><\/li>\n<li><a href=\"https:\/\/#h2-4\">Le r&ocirc;le d&rsquo;une assmat agr&eacute;&eacute;e <\/a><\/li>\n<\/ul>\n<h4><\/h4>\n<p class=\"block-img\"><img decoding=\"async\" src=\"https:\/\/yoopies.fr\/c\/wp-content\/uploads\/2024\/06\/3a13fa0e-52cf-4715-96a6-756c8422b3ea_pexels-daria-shevtsova-1257110.jpg\" alt=\"\"><\/p>\n<\/p>\n<p><h2><strong>Devenir assistante maternelle <\/strong><\/h2>\n<h4><\/h4>\n<p>Vous allez donc accueillir les enfants au sein de votre domicile ou bien au sein d&rsquo;une MAM (Maison d&rsquo;Assistante Maternelle). Vous devez disposer d&rsquo;une certification officielle. L&rsquo;agr&eacute;ment que vous devez obtenir, est donn&eacute; par les Services de la Protection Maternelle et Infantile (PMI) et par le Pr&eacute;sident du Conseil G&eacute;n&eacute;ral. Il tient compte notamment d&rsquo;un examen m&eacute;dical (pour s&rsquo;assurer que vous &ecirc;tes en bonne sant&eacute; et apte &agrave; garder des enfants), des comp&eacute;tences &eacute;ducatives, de la propret&eacute; et de la taille du logement. Vous devez avoir suivi une formation de 120 heures au total pour pouvoir exercer ce m&eacute;tier ! Pour en savoir plus, consultez les articles r&eacute;dig&eacute;s par nos experts. <\/p>\n<\/p>\n<h3><a target=\"_blank\" rel=\"noopener\" href=\"https:\/\/yoopies.fr\/c\/garde-enfant\/les-modes-de-garde\/assistante-maternelle\/devenir-assistante-maternelle\/\">Tout savoir pour devenir assistante maternelle<\/a><\/h3>\n<p>Devenir assistante maternelle pr&eacute;sente de nombreux avantages pour toute personne souhaitant s&rsquo;occuper d&rsquo;enfants en bas &acirc;ge. Gr&acirc;ce &agrave; ce guide, vous allez tout savoir sur comment devenir assistante maternelle.<\/p>\n<\/p>\n<h3>Coronavirus Covid-19 : quel impact sur mon activit&eacute; d&rsquo;assistante maternelle ?<\/h3>\n<p>Suite &agrave; la propagation du Coronavirus Covid-19, un dispositif de couvre-feu est mis en place en place en France depuis le samedi 16 janvier 2021.  Vous trouverez ci-dessous les derni&egrave;res actualit&eacute;s concernant les assistantes maternelles.<\/p>\n<\/p>\n<h3><a target=\"_blank\" rel=\"noopener\" href=\"https:\/\/yoopies.fr\/c\/garde-enfant\/les-modes-de-garde\/assistante-maternelle\/assistant-maternel-agree\/\">Comment obtenir l&rsquo;agr&eacute;ment pour devenir assistante maternelle ?<\/a><\/h3>\n<p>L&rsquo;obtention de l&rsquo;agr&eacute;ment est une &eacute;tape obligatoire pour exercer le m&eacute;tier d&rsquo;assistante maternelle. Deux types d&rsquo;agr&eacute;ments sont d&eacute;livr&eacute;s par le d&eacute;partement. Gr&acirc;ce &agrave; ce guide, vous allez tout savoir.<\/p>\n<\/p>\n<h3><a target=\"_blank\" rel=\"noopener\" href=\"https:\/\/yoopies.fr\/c\/garde-enfant\/les-modes-de-garde\/assistante-maternelle\/salaire-assistante-maternelle-2021\/\">Quelle formation pour devenir assistante maternelle ?<\/a><\/h3>\n<p><a target=\"_blank\" rel=\"noopener\" href=\"https:\/\/yoopies.fr\/c\/garde-enfant\/les-modes-de-garde\/assistante-maternelle\/assistant-maternel-agree\/\">Une fois son agr&eacute;ment obtenu<\/a>, la professionnelle devra suivre une formation obligatoire afin de devenir assistante maternelle. Cette formation est organis&eacute;e et financ&eacute;e par le d&eacute;partement. Lisez l&rsquo;article pour en savoir plus sur la formation &agrave; suivre.<\/p>\n<\/p>\n<h3><a target=\"_blank\" rel=\"noopener\" href=\"https:\/\/yoopies.fr\/c\/garde-enfant\/les-modes-de-garde\/assistante-maternelle\/annonce-assistante-maternelle\/\">5 conseils pour r&eacute;diger une annonce d&rsquo;assistante maternelle<\/a><\/h3>\n<p>Vous &ecirc;tes assistant(e) maternel(le) agr&eacute;&eacute;(e) et vous cherchez &agrave; garder des enfants ? Suivez nos conseils pour cr&eacute;er une annonce assistante maternelle dans votre espace personnel avec une petite photo.<\/p>\n<h4><\/h4>\n<h2><strong>Qualit&eacute;s requises pour devenir une assistante maternelle<\/strong> <strong>agr&eacute;&eacute;e&nbsp; ?&zwj;\u2640\ufe0f<\/strong><\/h2>\n<p><strong><br \/>\n<\/strong>La patience est sans nulle doute votre qualit&eacute; premi&egrave;re. Vos journ&eacute;es se suivent mais ne se ressemblent pas et peuvent chacune apporter leur lot de pleurs, caprices, col&egrave;res de la part de tout-petits bourr&eacute;s d&rsquo;&eacute;nergie et parfois turbulents. S&rsquo;occuper d&rsquo;enfants, surtout de tout-petits, implique de grandes responsabilit&eacute;s. En effet, la moindre erreur ou le moindre moment d&rsquo;inattention peut avoir des cons&eacute;quences d&eacute;sastreuses. Vous devrez donc faire preuve d&rsquo;une grande vigilance et prendre votre m&eacute;tier tr&egrave;s au s&eacute;rieux afin d&rsquo;apporter aux enfants la s&eacute;curit&eacute;, le soin et le confort n&eacute;cessaires &agrave; leur &eacute;panouissement. Vous avez &eacute;galement pour mission de relayer les parents dans leur r&ocirc;le d&rsquo;&eacute;ducation et d&rsquo;&eacute;veil. Vous devrez donc &ecirc;tre capable de proposer des activit&eacute;s permettant aux enfants de grandir, d&rsquo;apprendre, de se socialiser et de d&eacute;velopper leurs capacit&eacute;s verbales et intellectuelles. <br \/>\nPour conna&icirc;tre les autres qualit&eacute;s requises pour devenir assistante maternelle, lisez nos articles r&eacute;dig&eacute;s par nos experts. <\/p>\n<\/p>\n<h3><a target=\"_blank\" rel=\"noopener\" href=\"https:\/\/yoopies.fr\/c\/garde-enfant\/les-modes-de-garde\/assistante-maternelle\/assistante-maternelle-8-qualites-requises\/\">Le profil id&eacute;al pour devenir assistante maternelle<\/a><\/h3>\n<p>Plus qu&rsquo;un simple m&eacute;tier, devenir assistante maternelle est une v&eacute;ritable vocation et un choix qui ne se prend pas &agrave; la l&eacute;g&egrave;re ! D&eacute;couvrez dans cet article le profil id&eacute;al et les qualit&eacute;s requises pour devenir assistante maternelle.<\/p>\n<\/p>\n<h2><strong>Le r&ocirc;le d&rsquo;une assistante maternelle agr&eacute;&eacute;e<\/strong> ?\ufe0f&zwj;\u2640\ufe0f<\/h2>\n<\/p>\n<p>Plus qu&rsquo;un simple m&eacute;tier, devenir assistante maternelle est une v&eacute;ritable vocation et un choix qui ne se prend pas &agrave; la l&eacute;g&egrave;re ! Il ne suffit pas d&rsquo;aimer les enfants, il faudra &eacute;galement faire preuve d&rsquo;une grande patience, d&rsquo;un bon sens de l&rsquo;organisation, mais aussi d&rsquo;une tr&egrave;s bonne condition physique.<\/p>\n<p>L&rsquo;avantage de ce mode de garde est que vous permettez &agrave; l&rsquo;enfant de s&rsquo;initier &agrave; la vie en soci&eacute;t&eacute; puisqu&rsquo;il est entour&eacute; d&rsquo;autres enfants. Vous assurez un r&ocirc;le de transition, afin que parents et enfants vivent au mieux la s&eacute;paration. Vous devez am&eacute;nager votre domicile de fa&ccedil;on &agrave; garantir la sant&eacute;, la s&eacute;curit&eacute; des enfants accueillis, ainsi que leur &eacute;panouissement.<\/p>\n<p>Tout comme la nounou, tout au long de la journ&eacute;e, vous assurez le confort et le bien-&ecirc;tre de l&rsquo;enfant &agrave; travers plusieurs missions : l&rsquo;accueil, le sommeil, l&rsquo;alimentation, l&rsquo;hygi&egrave;ne &hellip;<\/p>\n<p>Vous &ecirc;tes assistante maternelle agr&eacute;&eacute;e, nounou agr&eacute;&eacute;e et vous cherchez un emploi d&rsquo;assistante maternelle ? Yoopies r&eacute;pond &agrave; vos questions dans les articles r&eacute;dig&eacute;s par nos experts. Tous nos guides officiels sont tenus &agrave; jour afin que vous soyez toujours inform&eacute;s des actualit&eacute;s.<\/p>\n<\/p>\n<h3><a target=\"_blank\" rel=\"noopener\" href=\"https:\/\/yoopies.fr\/c\/garde-enfant\/les-modes-de-garde\/assistante-maternelle\/trouver-employeur-assistante-maternelle\/\">Trouver un employeur quand on est assistante maternelle<\/a><\/h3>\n<p>Vous avez <a target=\"_blank\" rel=\"noopener\" href=\"https:\/\/yoopies.fr\/c\/garde-enfant\/les-modes-de-garde\/assistante-maternelle\/assistant-maternel-agree\/\">obtenu votre agr&eacute;ment<\/a>, effectu&eacute; votre <a target=\"_blank\" rel=\"noopener\" href=\"https:\/\/yoopies.fr\/c\/garde-enfant\/les-modes-de-garde\/assistante-maternelle\/salaire-assistante-maternelle-2021\/\">formation initiale<\/a> et vous &ecirc;tes officiellement <a target=\"_blank\" rel=\"noopener\" href=\"https:\/\/yoopies.fr\/c\/garde-enfant\/les-modes-de-garde\/assistante-maternelle\/devenir-assistante-maternelle\/\">assistante maternelle<\/a> agr&eacute;&eacute;e? L&rsquo;heure est venue pour vous de chercher un employeur. <a target=\"_blank\" rel=\"noopener\" href=\"https:\/\/yoopies.fr\/emploi-assistante-maternelle\">Yoopies<\/a> vous propose ses meilleurs conseils pour trouver chaussure &agrave; votre pied.<\/p>\n<\/p>\n<p><strong>Yoopies r&eacute;pond &agrave; vos questions dans les articles r&eacute;dig&eacute;s par nos experts. Tous nos guides officiels sont tenus &agrave; jour afin que vous soyez toujours inform&eacute;s des actualit&eacute;s.<\/strong><\/p>\n<\/p>\n<p><a class=\"button\" href=\"https:\/\/yoopies.fr\/garde-enfant\">Trouvez votre garde d&rsquo;enfants en cliquant ici ! <\/a><\/p>\n","protected":false},"excerpt":{"rendered":"<p>Vous &ecirc;tes assistante maternelle ou vous cherchez un emploi d&rsquo;assistante maternelle ? Sommaire Devenir assistante maternelle Qualit&eacute;s requises pour devenir &hellip; <\/p>\n","protected":false},"author":10,"featured_media":507,"parent":447,"menu_order":0,"comment_status":"closed","ping_status":"closed","template":"","meta":{"_acf_changed":false,"footnotes":""},"class_list":["post-505","page","type-page","status-publish","has-post-thumbnail","hentry"],"acf":[],"yoast_head":"<!-- This site is optimized with the Yoast SEO plugin v26.9 - https:\/\/yoast.com\/product\/yoast-seo-wordpress\/ -->\n<title>Assistante maternelle - Informations<\/title>\n<meta name=\"description\" content=\"Vous \u00eates assistante maternelle pour de la garde d&#039;enfants \u00e0 domicile. Toutes les informations et r\u00e9ponses \u00e0 vos questions dans nos articles.\" \/>\n<meta name=\"robots\" content=\"index, follow, max-snippet:-1, max-image-preview:large, max-video-preview:-1\" \/>\n<link rel=\"canonical\" href=\"https:\/\/yoopies.fr\/c\/garde-enfant\/les-modes-de-garde\/assistante-maternelle\/assistante-maternelle-informations\/\" \/>\n<meta property=\"og:locale\" content=\"fr_FR\" \/>\n<meta property=\"og:type\" content=\"article\" \/>\n<meta property=\"og:title\" content=\"Assistante maternelle - Informations\" \/>\n<meta property=\"og:description\" content=\"Vous \u00eates assistante maternelle pour de la garde d&#039;enfants \u00e0 domicile. Toutes les informations et r\u00e9ponses \u00e0 vos questions dans nos articles.\" \/>\n<meta property=\"og:url\" content=\"https:\/\/yoopies.fr\/c\/garde-enfant\/les-modes-de-garde\/assistante-maternelle\/assistante-maternelle-informations\/\" \/>\n<meta property=\"og:site_name\" content=\"Le Blog Yoopies\" \/>\n<meta property=\"article:modified_time\" content=\"2025-06-12T07:59:08+00:00\" \/>\n<meta property=\"og:image\" content=\"https:\/\/yoopies.fr\/c\/wp-content\/uploads\/2024\/06\/65d322786df829d21997e986-image-2024-02-19-104215578.jpg\" \/>\n\t<meta property=\"og:image:width\" content=\"600\" \/>\n\t<meta property=\"og:image:height\" content=\"300\" \/>\n\t<meta property=\"og:image:type\" content=\"image\/jpeg\" \/>\n<meta name=\"twitter:card\" content=\"summary_large_image\" \/>\n<meta name=\"twitter:label1\" content=\"Dur\u00e9e de lecture estim\u00e9e\" \/>\n\t<meta name=\"twitter:data1\" content=\"5 minutes\" \/>\n<script type=\"application\/ld+json\" class=\"yoast-schema-graph\">{\"@context\":\"https:\/\/schema.org\",\"@graph\":[{\"@type\":\"WebPage\",\"@id\":\"https:\/\/yoopies.fr\/c\/garde-enfant\/les-modes-de-garde\/assistante-maternelle\/assistante-maternelle-informations\/\",\"url\":\"https:\/\/yoopies.fr\/c\/garde-enfant\/les-modes-de-garde\/assistante-maternelle\/assistante-maternelle-informations\/\",\"name\":\"Assistante maternelle - Informations\",\"isPartOf\":{\"@id\":\"https:\/\/yoopies.fr\/c\/#website\"},\"primaryImageOfPage\":{\"@id\":\"https:\/\/yoopies.fr\/c\/garde-enfant\/les-modes-de-garde\/assistante-maternelle\/assistante-maternelle-informations\/#primaryimage\"},\"image\":{\"@id\":\"https:\/\/yoopies.fr\/c\/garde-enfant\/les-modes-de-garde\/assistante-maternelle\/assistante-maternelle-informations\/#primaryimage\"},\"thumbnailUrl\":\"https:\/\/yoopies.fr\/c\/wp-content\/uploads\/2024\/06\/65d322786df829d21997e986-image-2024-02-19-104215578.jpg\",\"datePublished\":\"2024-06-11T15:47:09+00:00\",\"dateModified\":\"2025-06-12T07:59:08+00:00\",\"description\":\"Vous \u00eates assistante maternelle pour de la garde d'enfants \u00e0 domicile. Toutes les informations et r\u00e9ponses \u00e0 vos questions dans nos articles.\",\"breadcrumb\":{\"@id\":\"https:\/\/yoopies.fr\/c\/garde-enfant\/les-modes-de-garde\/assistante-maternelle\/assistante-maternelle-informations\/#breadcrumb\"},\"inLanguage\":\"fr-FR\",\"potentialAction\":[{\"@type\":\"ReadAction\",\"target\":[\"https:\/\/yoopies.fr\/c\/garde-enfant\/les-modes-de-garde\/assistante-maternelle\/assistante-maternelle-informations\/\"]}]},{\"@type\":\"ImageObject\",\"inLanguage\":\"fr-FR\",\"@id\":\"https:\/\/yoopies.fr\/c\/garde-enfant\/les-modes-de-garde\/assistante-maternelle\/assistante-maternelle-informations\/#primaryimage\",\"url\":\"https:\/\/yoopies.fr\/c\/wp-content\/uploads\/2024\/06\/65d322786df829d21997e986-image-2024-02-19-104215578.jpg\",\"contentUrl\":\"https:\/\/yoopies.fr\/c\/wp-content\/uploads\/2024\/06\/65d322786df829d21997e986-image-2024-02-19-104215578.jpg\",\"width\":600,\"height\":300},{\"@type\":\"BreadcrumbList\",\"@id\":\"https:\/\/yoopies.fr\/c\/garde-enfant\/les-modes-de-garde\/assistante-maternelle\/assistante-maternelle-informations\/#breadcrumb\",\"itemListElement\":[{\"@type\":\"ListItem\",\"position\":1,\"name\":\"Home\",\"item\":\"https:\/\/yoopies.fr\/c\/\"},{\"@type\":\"ListItem\",\"position\":2,\"name\":\"Garde d&rsquo;enfant\",\"item\":\"https:\/\/yoopies.fr\/c\/garde-enfant\/\"},{\"@type\":\"ListItem\",\"position\":3,\"name\":\"Les modes de gardees modes de garde : trouvez la solution id\u00e9ale pour votre enfantLes modes de garde\",\"item\":\"https:\/\/yoopies.fr\/c\/garde-enfant\/les-modes-de-garde\/\"},{\"@type\":\"ListItem\",\"position\":4,\"name\":\"Assistante maternelle\",\"item\":\"https:\/\/yoopies.fr\/c\/garde-enfant\/les-modes-de-garde\/assistante-maternelle\/\"},{\"@type\":\"ListItem\",\"position\":5,\"name\":\"Assistante maternelle\"}]},{\"@type\":\"WebSite\",\"@id\":\"https:\/\/yoopies.fr\/c\/#website\",\"url\":\"https:\/\/yoopies.fr\/c\/\",\"name\":\"Le Blog Yoopies\",\"description\":\"\",\"publisher\":{\"@id\":\"https:\/\/yoopies.fr\/c\/#organization\"},\"potentialAction\":[{\"@type\":\"SearchAction\",\"target\":{\"@type\":\"EntryPoint\",\"urlTemplate\":\"https:\/\/yoopies.fr\/c\/?s={search_term_string}\"},\"query-input\":{\"@type\":\"PropertyValueSpecification\",\"valueRequired\":true,\"valueName\":\"search_term_string\"}}],\"inLanguage\":\"fr-FR\"},{\"@type\":\"Organization\",\"@id\":\"https:\/\/yoopies.fr\/c\/#organization\",\"name\":\"Le Blog Yoopies\",\"url\":\"https:\/\/yoopies.fr\/c\/\",\"logo\":{\"@type\":\"ImageObject\",\"inLanguage\":\"fr-FR\",\"@id\":\"https:\/\/yoopies.fr\/c\/#\/schema\/logo\/image\/\",\"url\":\"https:\/\/yoopies.fr\/c\/wp-content\/uploads\/2025\/04\/cropped-Logo_Yoopies-2.png\",\"contentUrl\":\"https:\/\/yoopies.fr\/c\/wp-content\/uploads\/2025\/04\/cropped-Logo_Yoopies-2.png\",\"width\":512,\"height\":512,\"caption\":\"Le Blog Yoopies\"},\"image\":{\"@id\":\"https:\/\/yoopies.fr\/c\/#\/schema\/logo\/image\/\"}}]}<\/script>\n<!-- \/ Yoast SEO plugin. -->","yoast_head_json":{"title":"Assistante maternelle - Informations","description":"Vous \u00eates assistante maternelle pour de la garde d'enfants \u00e0 domicile. Toutes les informations et r\u00e9ponses \u00e0 vos questions dans nos articles.","robots":{"index":"index","follow":"follow","max-snippet":"max-snippet:-1","max-image-preview":"max-image-preview:large","max-video-preview":"max-video-preview:-1"},"canonical":"https:\/\/yoopies.fr\/c\/garde-enfant\/les-modes-de-garde\/assistante-maternelle\/assistante-maternelle-informations\/","og_locale":"fr_FR","og_type":"article","og_title":"Assistante maternelle - Informations","og_description":"Vous \u00eates assistante maternelle pour de la garde d'enfants \u00e0 domicile. Toutes les informations et r\u00e9ponses \u00e0 vos questions dans nos articles.","og_url":"https:\/\/yoopies.fr\/c\/garde-enfant\/les-modes-de-garde\/assistante-maternelle\/assistante-maternelle-informations\/","og_site_name":"Le Blog Yoopies","article_modified_time":"2025-06-12T07:59:08+00:00","og_image":[{"width":600,"height":300,"url":"https:\/\/yoopies.fr\/c\/wp-content\/uploads\/2024\/06\/65d322786df829d21997e986-image-2024-02-19-104215578.jpg","type":"image\/jpeg"}],"twitter_card":"summary_large_image","twitter_misc":{"Dur\u00e9e de lecture estim\u00e9e":"5 minutes"},"schema":{"@context":"https:\/\/schema.org","@graph":[{"@type":"WebPage","@id":"https:\/\/yoopies.fr\/c\/garde-enfant\/les-modes-de-garde\/assistante-maternelle\/assistante-maternelle-informations\/","url":"https:\/\/yoopies.fr\/c\/garde-enfant\/les-modes-de-garde\/assistante-maternelle\/assistante-maternelle-informations\/","name":"Assistante maternelle - Informations","isPartOf":{"@id":"https:\/\/yoopies.fr\/c\/#website"},"primaryImageOfPage":{"@id":"https:\/\/yoopies.fr\/c\/garde-enfant\/les-modes-de-garde\/assistante-maternelle\/assistante-maternelle-informations\/#primaryimage"},"image":{"@id":"https:\/\/yoopies.fr\/c\/garde-enfant\/les-modes-de-garde\/assistante-maternelle\/assistante-maternelle-informations\/#primaryimage"},"thumbnailUrl":"https:\/\/yoopies.fr\/c\/wp-content\/uploads\/2024\/06\/65d322786df829d21997e986-image-2024-02-19-104215578.jpg","datePublished":"2024-06-11T15:47:09+00:00","dateModified":"2025-06-12T07:59:08+00:00","description":"Vous \u00eates assistante maternelle pour de la garde d'enfants \u00e0 domicile. Toutes les informations et r\u00e9ponses \u00e0 vos questions dans nos articles.","breadcrumb":{"@id":"https:\/\/yoopies.fr\/c\/garde-enfant\/les-modes-de-garde\/assistante-maternelle\/assistante-maternelle-informations\/#breadcrumb"},"inLanguage":"fr-FR","potentialAction":[{"@type":"ReadAction","target":["https:\/\/yoopies.fr\/c\/garde-enfant\/les-modes-de-garde\/assistante-maternelle\/assistante-maternelle-informations\/"]}]},{"@type":"ImageObject","inLanguage":"fr-FR","@id":"https:\/\/yoopies.fr\/c\/garde-enfant\/les-modes-de-garde\/assistante-maternelle\/assistante-maternelle-informations\/#primaryimage","url":"https:\/\/yoopies.fr\/c\/wp-content\/uploads\/2024\/06\/65d322786df829d21997e986-image-2024-02-19-104215578.jpg","contentUrl":"https:\/\/yoopies.fr\/c\/wp-content\/uploads\/2024\/06\/65d322786df829d21997e986-image-2024-02-19-104215578.jpg","width":600,"height":300},{"@type":"BreadcrumbList","@id":"https:\/\/yoopies.fr\/c\/garde-enfant\/les-modes-de-garde\/assistante-maternelle\/assistante-maternelle-informations\/#breadcrumb","itemListElement":[{"@type":"ListItem","position":1,"name":"Home","item":"https:\/\/yoopies.fr\/c\/"},{"@type":"ListItem","position":2,"name":"Garde d&rsquo;enfant","item":"https:\/\/yoopies.fr\/c\/garde-enfant\/"},{"@type":"ListItem","position":3,"name":"Les modes de gardees modes de garde : trouvez la solution id\u00e9ale pour votre enfantLes modes de garde","item":"https:\/\/yoopies.fr\/c\/garde-enfant\/les-modes-de-garde\/"},{"@type":"ListItem","position":4,"name":"Assistante maternelle","item":"https:\/\/yoopies.fr\/c\/garde-enfant\/les-modes-de-garde\/assistante-maternelle\/"},{"@type":"ListItem","position":5,"name":"Assistante maternelle"}]},{"@type":"WebSite","@id":"https:\/\/yoopies.fr\/c\/#website","url":"https:\/\/yoopies.fr\/c\/","name":"Le Blog Yoopies","description":"","publisher":{"@id":"https:\/\/yoopies.fr\/c\/#organization"},"potentialAction":[{"@type":"SearchAction","target":{"@type":"EntryPoint","urlTemplate":"https:\/\/yoopies.fr\/c\/?s={search_term_string}"},"query-input":{"@type":"PropertyValueSpecification","valueRequired":true,"valueName":"search_term_string"}}],"inLanguage":"fr-FR"},{"@type":"Organization","@id":"https:\/\/yoopies.fr\/c\/#organization","name":"Le Blog Yoopies","url":"https:\/\/yoopies.fr\/c\/","logo":{"@type":"ImageObject","inLanguage":"fr-FR","@id":"https:\/\/yoopies.fr\/c\/#\/schema\/logo\/image\/","url":"https:\/\/yoopies.fr\/c\/wp-content\/uploads\/2025\/04\/cropped-Logo_Yoopies-2.png","contentUrl":"https:\/\/yoopies.fr\/c\/wp-content\/uploads\/2025\/04\/cropped-Logo_Yoopies-2.png","width":512,"height":512,"caption":"Le Blog Yoopies"},"image":{"@id":"https:\/\/yoopies.fr\/c\/#\/schema\/logo\/image\/"}}]}},"_links":{"self":[{"href":"https:\/\/yoopies.fr\/c\/wp-json\/wp\/v2\/pages\/505","targetHints":{"allow":["GET"]}}],"collection":[{"href":"https:\/\/yoopies.fr\/c\/wp-json\/wp\/v2\/pages"}],"about":[{"href":"https:\/\/yoopies.fr\/c\/wp-json\/wp\/v2\/types\/page"}],"author":[{"embeddable":true,"href":"https:\/\/yoopies.fr\/c\/wp-json\/wp\/v2\/users\/10"}],"replies":[{"embeddable":true,"href":"https:\/\/yoopies.fr\/c\/wp-json\/wp\/v2\/comments?post=505"}],"version-history":[{"count":1,"href":"https:\/\/yoopies.fr\/c\/wp-json\/wp\/v2\/pages\/505\/revisions"}],"predecessor-version":[{"id":508,"href":"https:\/\/yoopies.fr\/c\/wp-json\/wp\/v2\/pages\/505\/revisions\/508"}],"up":[{"embeddable":true,"href":"https:\/\/yoopies.fr\/c\/wp-json\/wp\/v2\/pages\/447"}],"wp:featuredmedia":[{"embeddable":true,"href":"https:\/\/yoopies.fr\/c\/wp-json\/wp\/v2\/media\/507"}],"wp:attachment":[{"href":"https:\/\/yoopies.fr\/c\/wp-json\/wp\/v2\/media?parent=505"}],"curies":[{"name":"wp","href":"https:\/\/api.w.org\/{rel}","templated":true}]}}