{"id":497,"date":"2023-11-29T15:15:29","date_gmt":"2023-11-29T15:15:29","guid":{"rendered":"https:\/\/blog.yoopies.fr\/guide-employeur\/guide-de-lemployeur-aide-au-menage\/"},"modified":"2025-06-12T07:58:56","modified_gmt":"2025-06-12T07:58:56","slug":"guide-de-lemployeur-aide-au-menage","status":"publish","type":"page","link":"https:\/\/yoopies.fr\/c\/guide-employeur\/guide-de-lemployeur-aide-au-menage\/","title":{"rendered":"Aide au m\u00e9nage"},"content":{"rendered":"<figure><img decoding=\"async\" src=\"https:\/\/yoopies.fr\/c\/wp-content\/uploads\/2023\/11\/yoopies-cms2f2739770d-93d3-4a4c-9bf0-eb72e8a9ba04-clean.jpg\" \/><\/figure>\n<p><p>Vous &ecirc;tes &agrave; la recherche d&rsquo;une f&eacute;e du logis pour votre domicile et avez des questions sur le recours &agrave; ses services ? Consultez nos articles ! Vous y trouverez conseils et astuces pour g&eacute;rer au mieux la garde de vos petits bouts de chou.<\/p>\n<\/p>\n<p class=\"highlighted\">\n<p><strong>La recherche<\/strong><\/p>\n<\/p>\n<p><h4><a href=\"https:\/\/yoopies.fr\/c\/baby-sitting-soutien-scolaire-menage...-faites-appel\">Faites appel &agrave; un autoentrepreneur !<\/a><\/h4>\n<p>Quels sont les particularit&eacute;s et les avantages de ce statut pour l&rsquo;aide au m&eacute;nage ?<\/p>\n<\/p>\n<p class=\"highlighted\">\n<p><strong>L&rsquo;entretien d&#8217;embauche<\/strong><\/p>\n<\/p>\n<p class=\"highlighted\">\n<p><strong>L&#8217;embauche<\/strong><\/p>\n<\/p>\n<p><h4><a href=\"https:\/\/yoopies.fr\/c\/embauche-salarie-a-domicile\/\">Tout savoir sur l&#8217;embauche d&rsquo;une aide m&eacute;nag&egrave;re<\/a><\/h4>\n<\/p>\n<p class=\"highlighted\">\n<p><strong>La gestion de son salari&eacute;<\/strong><\/p>\n<\/p>\n<p><h4><a href=\"https:\/\/yoopies.fr\/c\/bien-evaluer-le-cout-dune-rupture-de-contrat-de-travail\/\">Evaluer le co&ucirc;t d&rsquo;une rupture de contrat de travail<\/a><\/h4>\n<\/p>\n<p><h4><a href=\"https:\/\/yoopies.fr\/c\/lindemnite-compensatrice-de-preavis\/\">L&rsquo;indemnit&eacute; compensatrice de pr&eacute;avis <\/a><\/h4>\n<\/p>\n<p><h4><a href=\"https:\/\/yoopies.fr\/c\/lindemnite-compensatrice-de-conges-payes\/\">L&rsquo;indemnit&eacute; compensatrice de cong&eacute;s pay&eacute;s&nbsp;&nbsp;<\/a><\/h4>\n<\/p>\n<p><h4><a href=\"https:\/\/yoopies.fr\/c\/lindemnite-de-licenciement\/\">L&rsquo;indemnit&eacute; de licenciement <\/a><\/h4>\n<\/p>\n<p><h4><a href=\"https:\/\/yoopies.fr\/c\/la-rupture-conventionnelle\/\">L&rsquo;indemnit&eacute; de rupture conventionnelle <\/a><\/h4><\/p>\n","protected":false},"excerpt":{"rendered":"<p>Vous &ecirc;tes &agrave; la recherche d&rsquo;une f&eacute;e du logis pour votre domicile et avez des questions sur le recours &agrave; &hellip; <\/p>\n","protected":false},"author":10,"featured_media":0,"parent":87,"menu_order":0,"comment_status":"closed","ping_status":"closed","template":"","meta":{"_acf_changed":false,"footnotes":""},"class_list":["post-497","page","type-page","status-publish","hentry"],"acf":[],"yoast_head":"<!-- This site is optimized with the Yoast SEO plugin v26.9 - https:\/\/yoast.com\/product\/yoast-seo-wordpress\/ -->\n<title>Guide employeur d&#039;une aide m\u00e9nag\u00e8re<\/title>\n<meta name=\"description\" content=\"Retrouvez tous nos conseils et astuces pour trouver, embaucher et g\u00e9rer votre future femme de m\u00e9nage\" \/>\n<meta name=\"robots\" content=\"index, follow, max-snippet:-1, max-image-preview:large, max-video-preview:-1\" \/>\n<link rel=\"canonical\" href=\"https:\/\/yoopies.fr\/c\/guide-employeur\/guide-de-lemployeur-aide-au-menage\/\" \/>\n<meta property=\"og:locale\" content=\"fr_FR\" \/>\n<meta property=\"og:type\" content=\"article\" \/>\n<meta property=\"og:title\" content=\"Guide employeur d&#039;une aide m\u00e9nag\u00e8re\" \/>\n<meta property=\"og:description\" content=\"Retrouvez tous nos conseils et astuces pour trouver, embaucher et g\u00e9rer votre future femme de m\u00e9nage\" \/>\n<meta property=\"og:url\" content=\"https:\/\/yoopies.fr\/c\/guide-employeur\/guide-de-lemployeur-aide-au-menage\/\" \/>\n<meta property=\"og:site_name\" content=\"Le Blog Yoopies\" \/>\n<meta property=\"article:modified_time\" content=\"2025-06-12T07:58:56+00:00\" \/>\n<meta property=\"og:image\" content=\"https:\/\/yoopies.fr\/c\/wp-content\/uploads\/2023\/11\/yoopies-cms2f2739770d-93d3-4a4c-9bf0-eb72e8a9ba04-clean.jpg\" \/>\n<meta name=\"twitter:card\" content=\"summary_large_image\" \/>\n<meta name=\"twitter:label1\" content=\"Dur\u00e9e de lecture estim\u00e9e\" \/>\n\t<meta name=\"twitter:data1\" content=\"1 minute\" \/>\n<script type=\"application\/ld+json\" class=\"yoast-schema-graph\">{\"@context\":\"https:\/\/schema.org\",\"@graph\":[{\"@type\":\"WebPage\",\"@id\":\"https:\/\/yoopies.fr\/c\/guide-employeur\/guide-de-lemployeur-aide-au-menage\/\",\"url\":\"https:\/\/yoopies.fr\/c\/guide-employeur\/guide-de-lemployeur-aide-au-menage\/\",\"name\":\"Guide employeur d'une aide m\u00e9nag\u00e8re\",\"isPartOf\":{\"@id\":\"https:\/\/yoopies.fr\/c\/#website\"},\"primaryImageOfPage\":{\"@id\":\"https:\/\/yoopies.fr\/c\/guide-employeur\/guide-de-lemployeur-aide-au-menage\/#primaryimage\"},\"image\":{\"@id\":\"https:\/\/yoopies.fr\/c\/guide-employeur\/guide-de-lemployeur-aide-au-menage\/#primaryimage\"},\"thumbnailUrl\":\"https:\/\/yoopies.fr\/c\/wp-content\/uploads\/2023\/11\/yoopies-cms2f2739770d-93d3-4a4c-9bf0-eb72e8a9ba04-clean.jpg\",\"datePublished\":\"2023-11-29T15:15:29+00:00\",\"dateModified\":\"2025-06-12T07:58:56+00:00\",\"description\":\"Retrouvez tous nos conseils et astuces pour trouver, embaucher et g\u00e9rer votre future femme de m\u00e9nage\",\"breadcrumb\":{\"@id\":\"https:\/\/yoopies.fr\/c\/guide-employeur\/guide-de-lemployeur-aide-au-menage\/#breadcrumb\"},\"inLanguage\":\"fr-FR\",\"potentialAction\":[{\"@type\":\"ReadAction\",\"target\":[\"https:\/\/yoopies.fr\/c\/guide-employeur\/guide-de-lemployeur-aide-au-menage\/\"]}]},{\"@type\":\"ImageObject\",\"inLanguage\":\"fr-FR\",\"@id\":\"https:\/\/yoopies.fr\/c\/guide-employeur\/guide-de-lemployeur-aide-au-menage\/#primaryimage\",\"url\":\"https:\/\/yoopies.fr\/c\/wp-content\/uploads\/2023\/11\/yoopies-cms2f2739770d-93d3-4a4c-9bf0-eb72e8a9ba04-clean.jpg\",\"contentUrl\":\"https:\/\/yoopies.fr\/c\/wp-content\/uploads\/2023\/11\/yoopies-cms2f2739770d-93d3-4a4c-9bf0-eb72e8a9ba04-clean.jpg\",\"width\":1920,\"height\":1080},{\"@type\":\"BreadcrumbList\",\"@id\":\"https:\/\/yoopies.fr\/c\/guide-employeur\/guide-de-lemployeur-aide-au-menage\/#breadcrumb\",\"itemListElement\":[{\"@type\":\"ListItem\",\"position\":1,\"name\":\"Home\",\"item\":\"https:\/\/yoopies.fr\/c\/\"},{\"@type\":\"ListItem\",\"position\":2,\"name\":\"Devenir employeur dans le service \u00e0 la personne\",\"item\":\"https:\/\/yoopies.fr\/c\/guide-employeur\/\"},{\"@type\":\"ListItem\",\"position\":3,\"name\":\"Aide au m\u00e9nage\"}]},{\"@type\":\"WebSite\",\"@id\":\"https:\/\/yoopies.fr\/c\/#website\",\"url\":\"https:\/\/yoopies.fr\/c\/\",\"name\":\"Le Blog Yoopies\",\"description\":\"\",\"publisher\":{\"@id\":\"https:\/\/yoopies.fr\/c\/#organization\"},\"potentialAction\":[{\"@type\":\"SearchAction\",\"target\":{\"@type\":\"EntryPoint\",\"urlTemplate\":\"https:\/\/yoopies.fr\/c\/?s={search_term_string}\"},\"query-input\":{\"@type\":\"PropertyValueSpecification\",\"valueRequired\":true,\"valueName\":\"search_term_string\"}}],\"inLanguage\":\"fr-FR\"},{\"@type\":\"Organization\",\"@id\":\"https:\/\/yoopies.fr\/c\/#organization\",\"name\":\"Le Blog Yoopies\",\"url\":\"https:\/\/yoopies.fr\/c\/\",\"logo\":{\"@type\":\"ImageObject\",\"inLanguage\":\"fr-FR\",\"@id\":\"https:\/\/yoopies.fr\/c\/#\/schema\/logo\/image\/\",\"url\":\"https:\/\/yoopies.fr\/c\/wp-content\/uploads\/2025\/04\/cropped-Logo_Yoopies-2.png\",\"contentUrl\":\"https:\/\/yoopies.fr\/c\/wp-content\/uploads\/2025\/04\/cropped-Logo_Yoopies-2.png\",\"width\":512,\"height\":512,\"caption\":\"Le Blog Yoopies\"},\"image\":{\"@id\":\"https:\/\/yoopies.fr\/c\/#\/schema\/logo\/image\/\"}}]}<\/script>\n<!-- \/ Yoast SEO plugin. -->","yoast_head_json":{"title":"Guide employeur d'une aide m\u00e9nag\u00e8re","description":"Retrouvez tous nos conseils et astuces pour trouver, embaucher et g\u00e9rer votre future femme de m\u00e9nage","robots":{"index":"index","follow":"follow","max-snippet":"max-snippet:-1","max-image-preview":"max-image-preview:large","max-video-preview":"max-video-preview:-1"},"canonical":"https:\/\/yoopies.fr\/c\/guide-employeur\/guide-de-lemployeur-aide-au-menage\/","og_locale":"fr_FR","og_type":"article","og_title":"Guide employeur d'une aide m\u00e9nag\u00e8re","og_description":"Retrouvez tous nos conseils et astuces pour trouver, embaucher et g\u00e9rer votre future femme de m\u00e9nage","og_url":"https:\/\/yoopies.fr\/c\/guide-employeur\/guide-de-lemployeur-aide-au-menage\/","og_site_name":"Le Blog Yoopies","article_modified_time":"2025-06-12T07:58:56+00:00","og_image":[{"url":"https:\/\/yoopies.fr\/c\/wp-content\/uploads\/2023\/11\/yoopies-cms2f2739770d-93d3-4a4c-9bf0-eb72e8a9ba04-clean.jpg","type":"","width":"","height":""}],"twitter_card":"summary_large_image","twitter_misc":{"Dur\u00e9e de lecture estim\u00e9e":"1 minute"},"schema":{"@context":"https:\/\/schema.org","@graph":[{"@type":"WebPage","@id":"https:\/\/yoopies.fr\/c\/guide-employeur\/guide-de-lemployeur-aide-au-menage\/","url":"https:\/\/yoopies.fr\/c\/guide-employeur\/guide-de-lemployeur-aide-au-menage\/","name":"Guide employeur d'une aide m\u00e9nag\u00e8re","isPartOf":{"@id":"https:\/\/yoopies.fr\/c\/#website"},"primaryImageOfPage":{"@id":"https:\/\/yoopies.fr\/c\/guide-employeur\/guide-de-lemployeur-aide-au-menage\/#primaryimage"},"image":{"@id":"https:\/\/yoopies.fr\/c\/guide-employeur\/guide-de-lemployeur-aide-au-menage\/#primaryimage"},"thumbnailUrl":"https:\/\/yoopies.fr\/c\/wp-content\/uploads\/2023\/11\/yoopies-cms2f2739770d-93d3-4a4c-9bf0-eb72e8a9ba04-clean.jpg","datePublished":"2023-11-29T15:15:29+00:00","dateModified":"2025-06-12T07:58:56+00:00","description":"Retrouvez tous nos conseils et astuces pour trouver, embaucher et g\u00e9rer votre future femme de m\u00e9nage","breadcrumb":{"@id":"https:\/\/yoopies.fr\/c\/guide-employeur\/guide-de-lemployeur-aide-au-menage\/#breadcrumb"},"inLanguage":"fr-FR","potentialAction":[{"@type":"ReadAction","target":["https:\/\/yoopies.fr\/c\/guide-employeur\/guide-de-lemployeur-aide-au-menage\/"]}]},{"@type":"ImageObject","inLanguage":"fr-FR","@id":"https:\/\/yoopies.fr\/c\/guide-employeur\/guide-de-lemployeur-aide-au-menage\/#primaryimage","url":"https:\/\/yoopies.fr\/c\/wp-content\/uploads\/2023\/11\/yoopies-cms2f2739770d-93d3-4a4c-9bf0-eb72e8a9ba04-clean.jpg","contentUrl":"https:\/\/yoopies.fr\/c\/wp-content\/uploads\/2023\/11\/yoopies-cms2f2739770d-93d3-4a4c-9bf0-eb72e8a9ba04-clean.jpg","width":1920,"height":1080},{"@type":"BreadcrumbList","@id":"https:\/\/yoopies.fr\/c\/guide-employeur\/guide-de-lemployeur-aide-au-menage\/#breadcrumb","itemListElement":[{"@type":"ListItem","position":1,"name":"Home","item":"https:\/\/yoopies.fr\/c\/"},{"@type":"ListItem","position":2,"name":"Devenir employeur dans le service \u00e0 la personne","item":"https:\/\/yoopies.fr\/c\/guide-employeur\/"},{"@type":"ListItem","position":3,"name":"Aide au m\u00e9nage"}]},{"@type":"WebSite","@id":"https:\/\/yoopies.fr\/c\/#website","url":"https:\/\/yoopies.fr\/c\/","name":"Le Blog Yoopies","description":"","publisher":{"@id":"https:\/\/yoopies.fr\/c\/#organization"},"potentialAction":[{"@type":"SearchAction","target":{"@type":"EntryPoint","urlTemplate":"https:\/\/yoopies.fr\/c\/?s={search_term_string}"},"query-input":{"@type":"PropertyValueSpecification","valueRequired":true,"valueName":"search_term_string"}}],"inLanguage":"fr-FR"},{"@type":"Organization","@id":"https:\/\/yoopies.fr\/c\/#organization","name":"Le Blog Yoopies","url":"https:\/\/yoopies.fr\/c\/","logo":{"@type":"ImageObject","inLanguage":"fr-FR","@id":"https:\/\/yoopies.fr\/c\/#\/schema\/logo\/image\/","url":"https:\/\/yoopies.fr\/c\/wp-content\/uploads\/2025\/04\/cropped-Logo_Yoopies-2.png","contentUrl":"https:\/\/yoopies.fr\/c\/wp-content\/uploads\/2025\/04\/cropped-Logo_Yoopies-2.png","width":512,"height":512,"caption":"Le Blog Yoopies"},"image":{"@id":"https:\/\/yoopies.fr\/c\/#\/schema\/logo\/image\/"}}]}},"_links":{"self":[{"href":"https:\/\/yoopies.fr\/c\/wp-json\/wp\/v2\/pages\/497","targetHints":{"allow":["GET"]}}],"collection":[{"href":"https:\/\/yoopies.fr\/c\/wp-json\/wp\/v2\/pages"}],"about":[{"href":"https:\/\/yoopies.fr\/c\/wp-json\/wp\/v2\/types\/page"}],"author":[{"embeddable":true,"href":"https:\/\/yoopies.fr\/c\/wp-json\/wp\/v2\/users\/10"}],"replies":[{"embeddable":true,"href":"https:\/\/yoopies.fr\/c\/wp-json\/wp\/v2\/comments?post=497"}],"version-history":[{"count":1,"href":"https:\/\/yoopies.fr\/c\/wp-json\/wp\/v2\/pages\/497\/revisions"}],"predecessor-version":[{"id":499,"href":"https:\/\/yoopies.fr\/c\/wp-json\/wp\/v2\/pages\/497\/revisions\/499"}],"up":[{"embeddable":true,"href":"https:\/\/yoopies.fr\/c\/wp-json\/wp\/v2\/pages\/87"}],"wp:attachment":[{"href":"https:\/\/yoopies.fr\/c\/wp-json\/wp\/v2\/media?parent=497"}],"curies":[{"name":"wp","href":"https:\/\/api.w.org\/{rel}","templated":true}]}}