{"id":487,"date":"2024-02-19T09:25:01","date_gmt":"2024-02-19T09:25:01","guid":{"rendered":"https:\/\/blog.yoopies.fr\/garde-enfant\/les-modes-de-garde\/nounou-domicile\/nounou-informations\/"},"modified":"2025-06-12T07:59:10","modified_gmt":"2025-06-12T07:59:10","slug":"nounou-informations","status":"publish","type":"page","link":"https:\/\/yoopies.fr\/c\/garde-enfant\/les-modes-de-garde\/nounou-domicile\/nounou-informations\/","title":{"rendered":"Nounou"},"content":{"rendered":"<p><p><strong>Vous &ecirc;tes nounou ou vous cherchez un emploi pour &ecirc;tre nounou &agrave; domicile ? Cette page est pour vous ! Yoopies r&eacute;pond &agrave; vos questions dans les articles r&eacute;dig&eacute;s par nos experts. <\/strong><\/p>\n<h4><\/h4>\n<h2><strong>Sommaire <\/strong><\/h2>\n<ul>\n<li><a href=\"https:\/\/#h2-2\">Etre une nounou, c&rsquo;est quoi ?  <\/a><\/li>\n<li><a href=\"https:\/\/#h2-3\">Des missions plut&ocirc;t fun pour une nounou<\/a>\n<\/li>\n<\/ul>\n<p><p class=\"block-img\"><img decoding=\"async\" src=\"https:\/\/yoopies.fr\/c\/wp-content\/uploads\/2024\/02\/8e2778ff-7518-4c87-a4d4-8ae0685f5940_aaa6eb27-4656-457f-9162-abb68c10080a_pexels-lina-kivaka-1741231-min.jpg\" alt=\"\"><\/p>\n<\/p>\n<p>De nos jours, les parents ont de plus en plus besoin de nounous pour s&rsquo;occuper de leurs enfants :  &agrave; la sortie d&rsquo;&eacute;cole, pour de la garde le mercredi, le temps d&rsquo;une soir&eacute;e ou encore durant les vacances. <\/p>\n<p>Une nounou est une personne qui accompagne l&rsquo;enfant dans toutes les &eacute;tapes de son d&eacute;veloppement mais c&rsquo;est &eacute;galement une personne qui apporte son soutien aux parents.  En tant que nounou, vous permettez aux parents de se d&eacute;barrasser de beaucoup de stress dans leur quotidien. C&rsquo;est &eacute;galement tr&egrave;s rassurant pour les enfants puisqu&rsquo;ils sont maintenus dans leur maison et restent avec leurs fr&egrave;res et s&oelig;urs.<\/p>\n<\/p>\n<h2><strong>Etre une nounou, c&rsquo;est quoi ? \ud83d\udd75\ufe0f&zwj;\u2640\ufe0f<\/strong><\/h2>\n<ul>\n<li>Avoir un contact privil&eacute;gi&eacute; avec les enfants : en tant que nounou, vous devez &ecirc;tre comme une grande s&oelig;ur ou une tata avec les enfants pour que ces derniers s&rsquo;entendent bien avec elle au quotidien. <\/li>\n<li>&Ecirc;tre une personne de confiance : les parents devront avoir une confiance aveugle en vous. Vous devez r&eacute;ussir &agrave; montrer que vous &ecirc;tes une personne fiable. <\/li>\n<li>Se montrer flexible : si vous vous montrez disponible aux parents, notamment en cas d&rsquo;impr&eacute;vus, les familles compteront encore plus sur vous. Montrez leur que vous savez vous adapter &agrave; toutes les situations&nbsp;!<\/li>\n<li>S&rsquo;assurer de la s&eacute;curit&eacute; est primordial ! De la premi&egrave;re seconde de garde jusqu&rsquo;&agrave; ce que les parents prennent le relais, vous devez veiller sur eux et &ecirc;tre tr&egrave;s r&eacute;active ! Vous devez conna&icirc;tre les r&egrave;gles de s&eacute;curit&eacute;. <\/li>\n<li>&Ecirc;tre bienveillante et douce est une qualit&eacute; recherch&eacute;e : votre but est avant tout de mettre l&rsquo;enfant en confiance pour qu&rsquo;il devienne autonome. Vous devez donc les prot&eacute;ger et les encadrer avec douceur. <\/li>\n<li>Faire preuve d&rsquo;une grande patiente avec les enfants est tr&egrave;s important. S&rsquo;occuper des enfants est loin d&rsquo;&ecirc;tre une tache reposante notamment lorsque ces derniers sont turbulents. Vous devez savoir g&eacute;rer les pleurs et les exc&egrave;s de col&egrave;re des enfants avec placidit&eacute;. N&rsquo;oubliez pas que chaque enfant que vous gardez n&rsquo;a pas le m&ecirc;me rythme, le m&ecirc;me &acirc;ge et la m&ecirc;me personnalit&eacute;.<\/li>\n<li>Avoir un sens de l&rsquo;organisation est n&eacute;cessaire pour pouvoir mener &agrave; bien les missions qui vous ont &eacute;t&eacute; confi&eacute;es.  Vous devez savoir g&eacute;rer votre temps et les t&acirc;ches &agrave; effectuer en toute autonomie en temps et en heure. <\/li>\n<li>Faire preuve de cr&eacute;ativit&eacute; et d&rsquo;inventivit&eacute; ! Chose difficile mais primordiale pour occuper les enfants toute une journ&eacute;e ! R&eacute;ussir &agrave; capter l&rsquo;attention des enfants pendant de nombreuses heures est un grand d&eacute;fi. Vous devez les animer, les &eacute;couter, prendre du plaisir &agrave; jouer avec eux et les &eacute;veiller en proposant des jeux et des activit&eacute;s qui sortent de l&rsquo;ordinaire. \n<\/li>\n<\/ul>\n<h2><strong>Des missions plut&ocirc;t fun pour une nounou ! \ud83d\ude4b&zwj;\u2640\ufe0f<\/strong><\/h2>\n<\/p>\n<p>En tant que nounou, vos missions seront diversifi&eacute;es, et vous n&rsquo;aurez pas le temps de vous ennuyer. Les enfants sont dynamiques et ont besoin d&rsquo;&ecirc;tre occup&eacute;s. A la sortie de l&rsquo;&eacute;cole, c&rsquo;est le go&ucirc;ter : repas immanquable pour les enfants. Puis, une fois &agrave; la maison, c&rsquo;est l&rsquo;heure des devoirs selon leur &acirc;ge. Pendant la soir&eacute;e, pourquoi pas un jeu de soci&eacute;t&eacute; ou un dessin anim&eacute;. Vous l&rsquo;aurez compris ! Vous exercerez des missions plut&ocirc;t fun !<\/p>\n<p>Si vous souhaitez &ecirc;tre nounou &agrave; domicile, vous serez amen&eacute; &agrave; effectuer plusieurs t&acirc;ches &agrave; la demande des familles : soin d&rsquo;hygi&egrave;ne, aide &agrave; l&rsquo;habillage, pr&eacute;paration et aide &agrave; la prise du repas, ou encore aide aux t&acirc;ches m&eacute;nag&egrave;res (repassage, entretien du linge et de l&rsquo;espace de vie de l&rsquo;enfant&hellip;)<\/p>\n<p>Vous &ecirc;tes nounou ou vous cherchez un emploi pour &ecirc;tre nounou &agrave; domicile ? Que vous soyez nounou depuis des ann&eacute;es ou que vous veniez de commencer, nos guides experts sont l&agrave; pour vous aider &agrave; chaque &eacute;tape de votre parcours de garde d&rsquo;enfants.<\/p>\n<p>Tous nos guides officiels sont r&eacute;dig&eacute;s par nos experts et sont tenus &agrave; jour afin que vous soyez toujours inform&eacute;s des actualit&eacute;s.<\/p>\n<\/p>\n<p><a class=\"button\" href=\"https:\/\/yoopies.fr\/garde-enfant\">Trouvez votre garde d&rsquo;enfants en cliquant ici ! <\/a><\/p>\n","protected":false},"excerpt":{"rendered":"<p>Vous &ecirc;tes nounou ou vous cherchez un emploi pour &ecirc;tre nounou &agrave; domicile ? Cette page est pour vous ! &hellip; <\/p>\n","protected":false},"author":10,"featured_media":489,"parent":456,"menu_order":0,"comment_status":"closed","ping_status":"closed","template":"","meta":{"_acf_changed":false,"footnotes":""},"class_list":["post-487","page","type-page","status-publish","has-post-thumbnail","hentry"],"acf":[],"yoast_head":"<!-- This site is optimized with the Yoast SEO plugin v26.9 - https:\/\/yoast.com\/product\/yoast-seo-wordpress\/ -->\n<title>Nounou - Informations<\/title>\n<meta name=\"description\" content=\"Vous \u00eates nounou pour de la garde d&#039;enfants \u00e0 domicile. Toutes les informations et r\u00e9ponses \u00e0 vos questions dans nos articles.\" \/>\n<meta name=\"robots\" content=\"index, follow, max-snippet:-1, max-image-preview:large, max-video-preview:-1\" \/>\n<link rel=\"canonical\" href=\"https:\/\/yoopies.fr\/c\/garde-enfant\/les-modes-de-garde\/nounou-domicile\/nounou-informations\/\" \/>\n<meta property=\"og:locale\" content=\"fr_FR\" \/>\n<meta property=\"og:type\" content=\"article\" \/>\n<meta property=\"og:title\" content=\"Nounou - Informations\" \/>\n<meta property=\"og:description\" content=\"Vous \u00eates nounou pour de la garde d&#039;enfants \u00e0 domicile. Toutes les informations et r\u00e9ponses \u00e0 vos questions dans nos articles.\" \/>\n<meta property=\"og:url\" content=\"https:\/\/yoopies.fr\/c\/garde-enfant\/les-modes-de-garde\/nounou-domicile\/nounou-informations\/\" \/>\n<meta property=\"og:site_name\" content=\"Le Blog Yoopies\" \/>\n<meta property=\"article:modified_time\" content=\"2025-06-12T07:59:10+00:00\" \/>\n<meta property=\"og:image\" content=\"https:\/\/yoopies.fr\/c\/wp-content\/uploads\/2024\/02\/65d31e4a9be9a5b998b5fd03-image-2024-02-19-102424686.jpg\" \/>\n\t<meta property=\"og:image:width\" content=\"599\" \/>\n\t<meta property=\"og:image:height\" content=\"300\" \/>\n\t<meta property=\"og:image:type\" content=\"image\/jpeg\" \/>\n<meta name=\"twitter:card\" content=\"summary_large_image\" \/>\n<meta name=\"twitter:label1\" content=\"Dur\u00e9e de lecture estim\u00e9e\" \/>\n\t<meta name=\"twitter:data1\" content=\"4 minutes\" \/>\n<script type=\"application\/ld+json\" class=\"yoast-schema-graph\">{\"@context\":\"https:\/\/schema.org\",\"@graph\":[{\"@type\":\"WebPage\",\"@id\":\"https:\/\/yoopies.fr\/c\/garde-enfant\/les-modes-de-garde\/nounou-domicile\/nounou-informations\/\",\"url\":\"https:\/\/yoopies.fr\/c\/garde-enfant\/les-modes-de-garde\/nounou-domicile\/nounou-informations\/\",\"name\":\"Nounou - Informations\",\"isPartOf\":{\"@id\":\"https:\/\/yoopies.fr\/c\/#website\"},\"primaryImageOfPage\":{\"@id\":\"https:\/\/yoopies.fr\/c\/garde-enfant\/les-modes-de-garde\/nounou-domicile\/nounou-informations\/#primaryimage\"},\"image\":{\"@id\":\"https:\/\/yoopies.fr\/c\/garde-enfant\/les-modes-de-garde\/nounou-domicile\/nounou-informations\/#primaryimage\"},\"thumbnailUrl\":\"https:\/\/yoopies.fr\/c\/wp-content\/uploads\/2024\/02\/65d31e4a9be9a5b998b5fd03-image-2024-02-19-102424686.jpg\",\"datePublished\":\"2024-02-19T09:25:01+00:00\",\"dateModified\":\"2025-06-12T07:59:10+00:00\",\"description\":\"Vous \u00eates nounou pour de la garde d'enfants \u00e0 domicile. Toutes les informations et r\u00e9ponses \u00e0 vos questions dans nos articles.\",\"breadcrumb\":{\"@id\":\"https:\/\/yoopies.fr\/c\/garde-enfant\/les-modes-de-garde\/nounou-domicile\/nounou-informations\/#breadcrumb\"},\"inLanguage\":\"fr-FR\",\"potentialAction\":[{\"@type\":\"ReadAction\",\"target\":[\"https:\/\/yoopies.fr\/c\/garde-enfant\/les-modes-de-garde\/nounou-domicile\/nounou-informations\/\"]}]},{\"@type\":\"ImageObject\",\"inLanguage\":\"fr-FR\",\"@id\":\"https:\/\/yoopies.fr\/c\/garde-enfant\/les-modes-de-garde\/nounou-domicile\/nounou-informations\/#primaryimage\",\"url\":\"https:\/\/yoopies.fr\/c\/wp-content\/uploads\/2024\/02\/65d31e4a9be9a5b998b5fd03-image-2024-02-19-102424686.jpg\",\"contentUrl\":\"https:\/\/yoopies.fr\/c\/wp-content\/uploads\/2024\/02\/65d31e4a9be9a5b998b5fd03-image-2024-02-19-102424686.jpg\",\"width\":599,\"height\":300},{\"@type\":\"BreadcrumbList\",\"@id\":\"https:\/\/yoopies.fr\/c\/garde-enfant\/les-modes-de-garde\/nounou-domicile\/nounou-informations\/#breadcrumb\",\"itemListElement\":[{\"@type\":\"ListItem\",\"position\":1,\"name\":\"Home\",\"item\":\"https:\/\/yoopies.fr\/c\/\"},{\"@type\":\"ListItem\",\"position\":2,\"name\":\"Garde d&rsquo;enfant\",\"item\":\"https:\/\/yoopies.fr\/c\/garde-enfant\/\"},{\"@type\":\"ListItem\",\"position\":3,\"name\":\"Les modes de gardees modes de garde : trouvez la solution id\u00e9ale pour votre enfantLes modes de garde\",\"item\":\"https:\/\/yoopies.fr\/c\/garde-enfant\/les-modes-de-garde\/\"},{\"@type\":\"ListItem\",\"position\":4,\"name\":\"Nounou \u00e0 domicile\",\"item\":\"https:\/\/yoopies.fr\/c\/garde-enfant\/les-modes-de-garde\/nounou-domicile\/\"},{\"@type\":\"ListItem\",\"position\":5,\"name\":\"Nounou\"}]},{\"@type\":\"WebSite\",\"@id\":\"https:\/\/yoopies.fr\/c\/#website\",\"url\":\"https:\/\/yoopies.fr\/c\/\",\"name\":\"Le Blog Yoopies\",\"description\":\"\",\"publisher\":{\"@id\":\"https:\/\/yoopies.fr\/c\/#organization\"},\"potentialAction\":[{\"@type\":\"SearchAction\",\"target\":{\"@type\":\"EntryPoint\",\"urlTemplate\":\"https:\/\/yoopies.fr\/c\/?s={search_term_string}\"},\"query-input\":{\"@type\":\"PropertyValueSpecification\",\"valueRequired\":true,\"valueName\":\"search_term_string\"}}],\"inLanguage\":\"fr-FR\"},{\"@type\":\"Organization\",\"@id\":\"https:\/\/yoopies.fr\/c\/#organization\",\"name\":\"Le Blog Yoopies\",\"url\":\"https:\/\/yoopies.fr\/c\/\",\"logo\":{\"@type\":\"ImageObject\",\"inLanguage\":\"fr-FR\",\"@id\":\"https:\/\/yoopies.fr\/c\/#\/schema\/logo\/image\/\",\"url\":\"https:\/\/yoopies.fr\/c\/wp-content\/uploads\/2025\/04\/cropped-Logo_Yoopies-2.png\",\"contentUrl\":\"https:\/\/yoopies.fr\/c\/wp-content\/uploads\/2025\/04\/cropped-Logo_Yoopies-2.png\",\"width\":512,\"height\":512,\"caption\":\"Le Blog Yoopies\"},\"image\":{\"@id\":\"https:\/\/yoopies.fr\/c\/#\/schema\/logo\/image\/\"}}]}<\/script>\n<!-- \/ Yoast SEO plugin. -->","yoast_head_json":{"title":"Nounou - Informations","description":"Vous \u00eates nounou pour de la garde d'enfants \u00e0 domicile. Toutes les informations et r\u00e9ponses \u00e0 vos questions dans nos articles.","robots":{"index":"index","follow":"follow","max-snippet":"max-snippet:-1","max-image-preview":"max-image-preview:large","max-video-preview":"max-video-preview:-1"},"canonical":"https:\/\/yoopies.fr\/c\/garde-enfant\/les-modes-de-garde\/nounou-domicile\/nounou-informations\/","og_locale":"fr_FR","og_type":"article","og_title":"Nounou - Informations","og_description":"Vous \u00eates nounou pour de la garde d'enfants \u00e0 domicile. Toutes les informations et r\u00e9ponses \u00e0 vos questions dans nos articles.","og_url":"https:\/\/yoopies.fr\/c\/garde-enfant\/les-modes-de-garde\/nounou-domicile\/nounou-informations\/","og_site_name":"Le Blog Yoopies","article_modified_time":"2025-06-12T07:59:10+00:00","og_image":[{"width":599,"height":300,"url":"https:\/\/yoopies.fr\/c\/wp-content\/uploads\/2024\/02\/65d31e4a9be9a5b998b5fd03-image-2024-02-19-102424686.jpg","type":"image\/jpeg"}],"twitter_card":"summary_large_image","twitter_misc":{"Dur\u00e9e de lecture estim\u00e9e":"4 minutes"},"schema":{"@context":"https:\/\/schema.org","@graph":[{"@type":"WebPage","@id":"https:\/\/yoopies.fr\/c\/garde-enfant\/les-modes-de-garde\/nounou-domicile\/nounou-informations\/","url":"https:\/\/yoopies.fr\/c\/garde-enfant\/les-modes-de-garde\/nounou-domicile\/nounou-informations\/","name":"Nounou - Informations","isPartOf":{"@id":"https:\/\/yoopies.fr\/c\/#website"},"primaryImageOfPage":{"@id":"https:\/\/yoopies.fr\/c\/garde-enfant\/les-modes-de-garde\/nounou-domicile\/nounou-informations\/#primaryimage"},"image":{"@id":"https:\/\/yoopies.fr\/c\/garde-enfant\/les-modes-de-garde\/nounou-domicile\/nounou-informations\/#primaryimage"},"thumbnailUrl":"https:\/\/yoopies.fr\/c\/wp-content\/uploads\/2024\/02\/65d31e4a9be9a5b998b5fd03-image-2024-02-19-102424686.jpg","datePublished":"2024-02-19T09:25:01+00:00","dateModified":"2025-06-12T07:59:10+00:00","description":"Vous \u00eates nounou pour de la garde d'enfants \u00e0 domicile. Toutes les informations et r\u00e9ponses \u00e0 vos questions dans nos articles.","breadcrumb":{"@id":"https:\/\/yoopies.fr\/c\/garde-enfant\/les-modes-de-garde\/nounou-domicile\/nounou-informations\/#breadcrumb"},"inLanguage":"fr-FR","potentialAction":[{"@type":"ReadAction","target":["https:\/\/yoopies.fr\/c\/garde-enfant\/les-modes-de-garde\/nounou-domicile\/nounou-informations\/"]}]},{"@type":"ImageObject","inLanguage":"fr-FR","@id":"https:\/\/yoopies.fr\/c\/garde-enfant\/les-modes-de-garde\/nounou-domicile\/nounou-informations\/#primaryimage","url":"https:\/\/yoopies.fr\/c\/wp-content\/uploads\/2024\/02\/65d31e4a9be9a5b998b5fd03-image-2024-02-19-102424686.jpg","contentUrl":"https:\/\/yoopies.fr\/c\/wp-content\/uploads\/2024\/02\/65d31e4a9be9a5b998b5fd03-image-2024-02-19-102424686.jpg","width":599,"height":300},{"@type":"BreadcrumbList","@id":"https:\/\/yoopies.fr\/c\/garde-enfant\/les-modes-de-garde\/nounou-domicile\/nounou-informations\/#breadcrumb","itemListElement":[{"@type":"ListItem","position":1,"name":"Home","item":"https:\/\/yoopies.fr\/c\/"},{"@type":"ListItem","position":2,"name":"Garde d&rsquo;enfant","item":"https:\/\/yoopies.fr\/c\/garde-enfant\/"},{"@type":"ListItem","position":3,"name":"Les modes de gardees modes de garde : trouvez la solution id\u00e9ale pour votre enfantLes modes de garde","item":"https:\/\/yoopies.fr\/c\/garde-enfant\/les-modes-de-garde\/"},{"@type":"ListItem","position":4,"name":"Nounou \u00e0 domicile","item":"https:\/\/yoopies.fr\/c\/garde-enfant\/les-modes-de-garde\/nounou-domicile\/"},{"@type":"ListItem","position":5,"name":"Nounou"}]},{"@type":"WebSite","@id":"https:\/\/yoopies.fr\/c\/#website","url":"https:\/\/yoopies.fr\/c\/","name":"Le Blog Yoopies","description":"","publisher":{"@id":"https:\/\/yoopies.fr\/c\/#organization"},"potentialAction":[{"@type":"SearchAction","target":{"@type":"EntryPoint","urlTemplate":"https:\/\/yoopies.fr\/c\/?s={search_term_string}"},"query-input":{"@type":"PropertyValueSpecification","valueRequired":true,"valueName":"search_term_string"}}],"inLanguage":"fr-FR"},{"@type":"Organization","@id":"https:\/\/yoopies.fr\/c\/#organization","name":"Le Blog Yoopies","url":"https:\/\/yoopies.fr\/c\/","logo":{"@type":"ImageObject","inLanguage":"fr-FR","@id":"https:\/\/yoopies.fr\/c\/#\/schema\/logo\/image\/","url":"https:\/\/yoopies.fr\/c\/wp-content\/uploads\/2025\/04\/cropped-Logo_Yoopies-2.png","contentUrl":"https:\/\/yoopies.fr\/c\/wp-content\/uploads\/2025\/04\/cropped-Logo_Yoopies-2.png","width":512,"height":512,"caption":"Le Blog Yoopies"},"image":{"@id":"https:\/\/yoopies.fr\/c\/#\/schema\/logo\/image\/"}}]}},"_links":{"self":[{"href":"https:\/\/yoopies.fr\/c\/wp-json\/wp\/v2\/pages\/487","targetHints":{"allow":["GET"]}}],"collection":[{"href":"https:\/\/yoopies.fr\/c\/wp-json\/wp\/v2\/pages"}],"about":[{"href":"https:\/\/yoopies.fr\/c\/wp-json\/wp\/v2\/types\/page"}],"author":[{"embeddable":true,"href":"https:\/\/yoopies.fr\/c\/wp-json\/wp\/v2\/users\/10"}],"replies":[{"embeddable":true,"href":"https:\/\/yoopies.fr\/c\/wp-json\/wp\/v2\/comments?post=487"}],"version-history":[{"count":1,"href":"https:\/\/yoopies.fr\/c\/wp-json\/wp\/v2\/pages\/487\/revisions"}],"predecessor-version":[{"id":490,"href":"https:\/\/yoopies.fr\/c\/wp-json\/wp\/v2\/pages\/487\/revisions\/490"}],"up":[{"embeddable":true,"href":"https:\/\/yoopies.fr\/c\/wp-json\/wp\/v2\/pages\/456"}],"wp:featuredmedia":[{"embeddable":true,"href":"https:\/\/yoopies.fr\/c\/wp-json\/wp\/v2\/media\/489"}],"wp:attachment":[{"href":"https:\/\/yoopies.fr\/c\/wp-json\/wp\/v2\/media?parent=487"}],"curies":[{"name":"wp","href":"https:\/\/api.w.org\/{rel}","templated":true}]}}