{"id":463,"date":"2024-06-11T15:32:02","date_gmt":"2024-06-11T15:32:02","guid":{"rendered":"https:\/\/blog.yoopies.fr\/garde-enfant\/les-modes-de-garde\/nounou-domicile\/nounou-informations-familles\/"},"modified":"2025-06-12T07:59:10","modified_gmt":"2025-06-12T07:59:10","slug":"nounou-informations-familles","status":"publish","type":"page","link":"https:\/\/yoopies.fr\/c\/garde-enfant\/les-modes-de-garde\/nounou-domicile\/nounou-informations-familles\/","title":{"rendered":"Recherche de nounou"},"content":{"rendered":"<p><p><strong>Vous cherchez une nounou &agrave; domicile ? Yoopies r&eacute;pond &agrave; vos questions dans les articles r&eacute;dig&eacute;s par nos experts. <\/strong><\/p>\n<\/p>\n<p><h2><strong>Sommaire <\/strong><\/h2>\n<ul>\n<li><a href=\"https:\/\/#h2-2\">Faire appel &agrave; une nounou &agrave; domicile <\/a><\/li>\n<li><a href=\"https:\/\/#h2-3\">D&eacute;terminez vos besoins et fixez des crit&egrave;res <\/a><\/li>\n<\/ul>\n<p><p class=\"block-img\"><img decoding=\"async\" src=\"https:\/\/yoopies.fr\/c\/wp-content\/uploads\/2024\/06\/08df507d-4763-4de8-a48f-bdd276565db2_a769ff6d-3824-45b4-b931-d16423788c1b_pexels-katie-e-3671154.jpg\" alt=\"\"><\/p>\n<\/p>\n<h2><strong>Faire appel &agrave; une nounou &agrave; domicile  <\/strong><\/h2>\n<\/p>\n<p>Une nounou se d&eacute;place &agrave; votre domicile pour prendre le relais aupr&egrave;s de vos enfants lorsque vous vous absentez ou bien, pour vous seconder lorsque vous &ecirc;tes occup&eacute;s &agrave; la maison ! L&rsquo;avantage est que c&rsquo;est tr&egrave;s rassurant pour les enfants puisqu&rsquo;ils sont maintenus dans leur maison et restent avec leurs fr&egrave;res et s&oelig;urs. Ils sont ainsi plus &agrave; l&rsquo;aise avec la nounou car ils sont dans leur environnement.<\/p>\n<p>La nounou accompagne votre enfant dans toutes les &eacute;tapes de son d&eacute;veloppement mais vous apporte aussi son soutien. Elle peut effectuer plusieurs t&acirc;ches &agrave; la demande des familles : soin d&rsquo;hygi&egrave;ne, aide &agrave; l&rsquo;habillage, pr&eacute;paration et aide &agrave; la prise du repas, aide aux devoirs, ou encore aide aux t&acirc;ches m&eacute;nag&egrave;res (repassage, entretien du linge et de l&rsquo;espace de vie de l&rsquo;enfant&hellip;)<\/p>\n<p>Au quotidien, vous gagnez du temps puisque la nounou s&rsquo;occupe d&rsquo;habiller votre petit bout de chou le matin ou\/et l&rsquo;aide &agrave; prendre son bain le soir. Vous &eacute;pargnez surtout beaucoup de stress &agrave; toute votre famille en embauchant une nounou &agrave; domicile. <\/p>\n<p>L&rsquo;avantage pour vous de faire appel &agrave; une nounou est que vous disposez d&rsquo;une grande souplesse d&rsquo;organisation : c&rsquo;est &agrave; vous de fixer les horaires qui vous conviennent. Il n&rsquo; y a pas d&rsquo;horaires fixes comme en cr&egrave;che, ou de contraintes li&eacute;es &agrave; la garde d&rsquo;autres enfants ou aux horaires de l&rsquo;&eacute;cole comme dans le cas d&rsquo;une assistante maternelle.<\/p>\n<p>Vous avez une r&eacute;union impr&eacute;vue ce soir donc vous devez restez au bureau ? La nounou sera chez vous pour s&rsquo;occuper de vos enfants. Elle ne partira pas tant que vous ne serez pas rentr&eacute;s. Vous n&rsquo;aurez pas besoin de vous inqui&eacute;ter si vous arrivez un peu plus tard le soir de temps en temps, &agrave; condition bien s&ucirc;r de la pr&eacute;venir &agrave; l&rsquo;avance.<\/p>\n<p>Faire appel &agrave; une nounou pr&eacute;sente encore plus d&rsquo;avantages !  Yoopies r&eacute;pond &agrave; vos questions dans les articles r&eacute;dig&eacute;s par nos experts. Tous nos guides officiels sont tenus &agrave; jour afin que vous soyez toujours inform&eacute;s des actualit&eacute;s.<\/p>\n<\/p>\n<h3><a target=\"_blank\" rel=\"noopener\" href=\"https:\/\/yoopies.fr\/c\/trouver-baby-sitter-urgence\/\">Nouvel an 2022 : Une baby-sitter le soir du r&eacute;veillon<\/a><\/h3>\n<p>Vous souhaitez passer le r&eacute;veillon en amoureux sans les enfants ou vous avez bien envie d&rsquo;aller rejoindre des amis et vous amuser jusqu&rsquo;au bout de la nuit? Vous aurez peut-&ecirc;tre besoin de recourir aux services d&rsquo;une garde d&rsquo;enfant ? Si vous ne savez pas comment faire, consultez vite notre article ! <\/p>\n<\/p>\n<h3><a target=\"_blank\" rel=\"noopener\" href=\"https:\/\/yoopies.fr\/c\/garde-enfant\/conseils-garde-enfants\/conseils-aux-parents\/une-nounou-d-enfer-pour-les-enfants\/\">Avoir une nounou d&rsquo;enfer pour les enfants<\/a><\/h3>\n<p>Pour &eacute;vacuer le stress des journ&eacute;es charg&eacute;es, et pour r&eacute;ussir &agrave; souffler un peu, la solution pour les parents est de faire appel &agrave; une nounou d&rsquo;enfer ! On vous explique en d&eacute;tail toutes les &eacute;tapes pour trouver la perle rare ! Consultez l&rsquo;article sans plus attendre ! <\/p>\n<\/p>\n<h2><strong>D&eacute;terminez vos besoins et fixez des crit&egrave;res ! ?&zwj;?<\/strong><\/h2>\n<\/p>\n<p>Vous pouvez avoir besoin d&rsquo;une nounou dans diverses situations : <\/p>\n<ul>\n<li>Il peut s&rsquo;agir de quelques heures lorsque vous devez assister &agrave; une soir&eacute;e ou un &eacute;v&eacute;nement,<\/li>\n<li>Pour aller chercher vos enfants &agrave; l&rsquo;&eacute;cole lorsque vous avez un impr&eacute;vu,<\/li>\n<li>Pour conduire aux diverses activit&eacute;s extra-scolaires des enfants les mercredis et\/ou pendant les vacances,<\/li>\n<li>Pour les divertir pendant que vous t&eacute;l&eacute;travaillez dans la pi&egrave;ce d&rsquo;&agrave; c&ocirc;t&eacute;.<\/li>\n<\/ul>\n<p>Une fois que vous avez d&eacute;termin&eacute; vos besoins, inscrivez-vous sur <a target=\"_blank\" rel=\"noopener\" href=\"https:\/\/yoopies.fr\/\">Yoopies<\/a> en quelques clics pour poster une annonce et commencer vos recherches. Vous aurez besoin d&rsquo;une annonce avec une&nbsp;description claire et pr&eacute;cise de vos attentes ! Ces crit&egrave;res peuvent par exemple comprendre votre zone g&eacute;ographique, vos disponibilit&eacute;s, les langues &agrave; savoir parler, si votre enfant a des besoins sp&eacute;cifiques etc. <\/p>\n<p>Fixez ensuite votre prix par heure. Lorsque votre annonce est pr&ecirc;te, recherchez la personne qu&rsquo;il vous faut en utilisant les&nbsp;filtres qui vous correspondent. Vous avez m&ecirc;me la possibilit&eacute; de filtrer par avis, recommandations, et commentaires.<\/p>\n<p>Vous cherchez une nounou &agrave; domicile ? Yoopies r&eacute;pond &agrave; vos questions dans les articles r&eacute;dig&eacute;s par nos experts. Tous nos guides officiels sont tenus &agrave; jour afin que vous soyez toujours inform&eacute;s des actualit&eacute;s.<\/p>\n<\/p>\n<p><h3><a target=\"_blank\" rel=\"noopener\" href=\"https:\/\/yoopies.fr\/c\/tarif-baby-sitting-2023\/\">Garde d&rsquo;enfants : Tarif baby-sitter, salaire nounou en 2021<\/a><\/h3>\n<p>Vous avez trouv&eacute; la nounou top pour garder vos enfants et vous vous posez la question de la r&eacute;mun&eacute;ration ? Quel est le tarif du baby-sitting ou de votre nounou &agrave; domicile dans votre r&eacute;gion en 2021 ? Yoopies vous explique tout !<\/p>\n<\/p>\n<h3><a target=\"_blank\" rel=\"noopener\" href=\"https:\/\/yoopies.fr\/c\/garde-enfant\/conseils-garde-enfants\/conseils-aux-parents\/nounou-top\/\">Comment trouver une nounou top &nbsp;? Les bons r&eacute;flexes pour une recherche rapide et efficace !<\/a><\/h3>\n<p>Trouver une nounou pour la garde de vos enfants est un v&eacute;ritable challenge. D&eacute;nicher le profil id&eacute;al est un processus long et compliqu&eacute;. Comment faire le tri et par o&ugrave; commencer ? Consultez l&rsquo;article pour en savoir plus.<\/p>\n<\/p>\n<h3><a target=\"_blank\" rel=\"noopener\" href=\"https:\/\/yoopies.fr\/c\/garde-enfant\/conseils-garde-enfants\/conseils-aux-parents\/tarif-babysitter-2019\/\">Tarif baby-sitter, salaire nounou : payer moins de 1&euro;\/h pour de la garde d&rsquo;enfant, c&rsquo;est possible !<\/a><\/h3>\n<p>Vous venez de trouver la perle rare pour garder vos enfants ? F&eacute;licitations ! Vous vous demandez combien payer votre babysitter &agrave; domicile et combien vous allez r&eacute;ellement d&eacute;bourser apr&egrave;s d&eacute;duction des aides ? Yoopies vous explique tout dans cet article ! <\/p>\n<\/p>\n<p><a class=\"button\" href=\"https:\/\/yoopies.fr\/baby-sitting\">Trouvez votre nounou top en cliquant ici ! <\/a><\/p>\n","protected":false},"excerpt":{"rendered":"<p>Vous cherchez une nounou &agrave; domicile ? Yoopies r&eacute;pond &agrave; vos questions dans les articles r&eacute;dig&eacute;s par nos experts. Sommaire &hellip; <\/p>\n","protected":false},"author":10,"featured_media":465,"parent":456,"menu_order":0,"comment_status":"closed","ping_status":"closed","template":"","meta":{"_acf_changed":false,"footnotes":""},"class_list":["post-463","page","type-page","status-publish","has-post-thumbnail","hentry"],"acf":[],"yoast_head":"<!-- This site is optimized with the Yoast SEO plugin v26.9 - https:\/\/yoast.com\/product\/yoast-seo-wordpress\/ -->\n<title>Nounou - Informations aux familles<\/title>\n<meta name=\"description\" content=\"Vous cherchez une nounou \u00e0 domicile. Toutes les informations et r\u00e9ponses \u00e0 vos questions dans nos articles.\" \/>\n<meta name=\"robots\" content=\"index, follow, max-snippet:-1, max-image-preview:large, max-video-preview:-1\" \/>\n<link rel=\"canonical\" href=\"https:\/\/yoopies.fr\/c\/garde-enfant\/les-modes-de-garde\/nounou-domicile\/nounou-informations-familles\/\" \/>\n<meta property=\"og:locale\" content=\"fr_FR\" \/>\n<meta property=\"og:type\" content=\"article\" \/>\n<meta property=\"og:title\" content=\"Nounou - Informations aux familles\" \/>\n<meta property=\"og:description\" content=\"Vous cherchez une nounou \u00e0 domicile. Toutes les informations et r\u00e9ponses \u00e0 vos questions dans nos articles.\" \/>\n<meta property=\"og:url\" content=\"https:\/\/yoopies.fr\/c\/garde-enfant\/les-modes-de-garde\/nounou-domicile\/nounou-informations-familles\/\" \/>\n<meta property=\"og:site_name\" content=\"Le Blog Yoopies\" \/>\n<meta property=\"article:modified_time\" content=\"2025-06-12T07:59:10+00:00\" \/>\n<meta property=\"og:image\" content=\"https:\/\/yoopies.fr\/c\/wp-content\/uploads\/2024\/06\/65d31ebb9be9a5b998b5fd09-image-2024-02-19-102617415.jpg\" \/>\n\t<meta property=\"og:image:width\" content=\"599\" \/>\n\t<meta property=\"og:image:height\" content=\"300\" \/>\n\t<meta property=\"og:image:type\" content=\"image\/jpeg\" \/>\n<meta name=\"twitter:card\" content=\"summary_large_image\" \/>\n<meta name=\"twitter:label1\" content=\"Dur\u00e9e de lecture estim\u00e9e\" \/>\n\t<meta name=\"twitter:data1\" content=\"5 minutes\" \/>\n<script type=\"application\/ld+json\" class=\"yoast-schema-graph\">{\"@context\":\"https:\/\/schema.org\",\"@graph\":[{\"@type\":\"WebPage\",\"@id\":\"https:\/\/yoopies.fr\/c\/garde-enfant\/les-modes-de-garde\/nounou-domicile\/nounou-informations-familles\/\",\"url\":\"https:\/\/yoopies.fr\/c\/garde-enfant\/les-modes-de-garde\/nounou-domicile\/nounou-informations-familles\/\",\"name\":\"Nounou - Informations aux familles\",\"isPartOf\":{\"@id\":\"https:\/\/yoopies.fr\/c\/#website\"},\"primaryImageOfPage\":{\"@id\":\"https:\/\/yoopies.fr\/c\/garde-enfant\/les-modes-de-garde\/nounou-domicile\/nounou-informations-familles\/#primaryimage\"},\"image\":{\"@id\":\"https:\/\/yoopies.fr\/c\/garde-enfant\/les-modes-de-garde\/nounou-domicile\/nounou-informations-familles\/#primaryimage\"},\"thumbnailUrl\":\"https:\/\/yoopies.fr\/c\/wp-content\/uploads\/2024\/06\/65d31ebb9be9a5b998b5fd09-image-2024-02-19-102617415.jpg\",\"datePublished\":\"2024-06-11T15:32:02+00:00\",\"dateModified\":\"2025-06-12T07:59:10+00:00\",\"description\":\"Vous cherchez une nounou \u00e0 domicile. Toutes les informations et r\u00e9ponses \u00e0 vos questions dans nos articles.\",\"breadcrumb\":{\"@id\":\"https:\/\/yoopies.fr\/c\/garde-enfant\/les-modes-de-garde\/nounou-domicile\/nounou-informations-familles\/#breadcrumb\"},\"inLanguage\":\"fr-FR\",\"potentialAction\":[{\"@type\":\"ReadAction\",\"target\":[\"https:\/\/yoopies.fr\/c\/garde-enfant\/les-modes-de-garde\/nounou-domicile\/nounou-informations-familles\/\"]}]},{\"@type\":\"ImageObject\",\"inLanguage\":\"fr-FR\",\"@id\":\"https:\/\/yoopies.fr\/c\/garde-enfant\/les-modes-de-garde\/nounou-domicile\/nounou-informations-familles\/#primaryimage\",\"url\":\"https:\/\/yoopies.fr\/c\/wp-content\/uploads\/2024\/06\/65d31ebb9be9a5b998b5fd09-image-2024-02-19-102617415.jpg\",\"contentUrl\":\"https:\/\/yoopies.fr\/c\/wp-content\/uploads\/2024\/06\/65d31ebb9be9a5b998b5fd09-image-2024-02-19-102617415.jpg\",\"width\":599,\"height\":300},{\"@type\":\"BreadcrumbList\",\"@id\":\"https:\/\/yoopies.fr\/c\/garde-enfant\/les-modes-de-garde\/nounou-domicile\/nounou-informations-familles\/#breadcrumb\",\"itemListElement\":[{\"@type\":\"ListItem\",\"position\":1,\"name\":\"Home\",\"item\":\"https:\/\/yoopies.fr\/c\/\"},{\"@type\":\"ListItem\",\"position\":2,\"name\":\"Garde d&rsquo;enfant\",\"item\":\"https:\/\/yoopies.fr\/c\/garde-enfant\/\"},{\"@type\":\"ListItem\",\"position\":3,\"name\":\"Les modes de gardees modes de garde : trouvez la solution id\u00e9ale pour votre enfantLes modes de garde\",\"item\":\"https:\/\/yoopies.fr\/c\/garde-enfant\/les-modes-de-garde\/\"},{\"@type\":\"ListItem\",\"position\":4,\"name\":\"Nounou \u00e0 domicile\",\"item\":\"https:\/\/yoopies.fr\/c\/garde-enfant\/les-modes-de-garde\/nounou-domicile\/\"},{\"@type\":\"ListItem\",\"position\":5,\"name\":\"Recherche de nounou\"}]},{\"@type\":\"WebSite\",\"@id\":\"https:\/\/yoopies.fr\/c\/#website\",\"url\":\"https:\/\/yoopies.fr\/c\/\",\"name\":\"Le Blog Yoopies\",\"description\":\"\",\"publisher\":{\"@id\":\"https:\/\/yoopies.fr\/c\/#organization\"},\"potentialAction\":[{\"@type\":\"SearchAction\",\"target\":{\"@type\":\"EntryPoint\",\"urlTemplate\":\"https:\/\/yoopies.fr\/c\/?s={search_term_string}\"},\"query-input\":{\"@type\":\"PropertyValueSpecification\",\"valueRequired\":true,\"valueName\":\"search_term_string\"}}],\"inLanguage\":\"fr-FR\"},{\"@type\":\"Organization\",\"@id\":\"https:\/\/yoopies.fr\/c\/#organization\",\"name\":\"Le Blog Yoopies\",\"url\":\"https:\/\/yoopies.fr\/c\/\",\"logo\":{\"@type\":\"ImageObject\",\"inLanguage\":\"fr-FR\",\"@id\":\"https:\/\/yoopies.fr\/c\/#\/schema\/logo\/image\/\",\"url\":\"https:\/\/yoopies.fr\/c\/wp-content\/uploads\/2025\/04\/cropped-Logo_Yoopies-2.png\",\"contentUrl\":\"https:\/\/yoopies.fr\/c\/wp-content\/uploads\/2025\/04\/cropped-Logo_Yoopies-2.png\",\"width\":512,\"height\":512,\"caption\":\"Le Blog Yoopies\"},\"image\":{\"@id\":\"https:\/\/yoopies.fr\/c\/#\/schema\/logo\/image\/\"}}]}<\/script>\n<!-- \/ Yoast SEO plugin. -->","yoast_head_json":{"title":"Nounou - Informations aux familles","description":"Vous cherchez une nounou \u00e0 domicile. Toutes les informations et r\u00e9ponses \u00e0 vos questions dans nos articles.","robots":{"index":"index","follow":"follow","max-snippet":"max-snippet:-1","max-image-preview":"max-image-preview:large","max-video-preview":"max-video-preview:-1"},"canonical":"https:\/\/yoopies.fr\/c\/garde-enfant\/les-modes-de-garde\/nounou-domicile\/nounou-informations-familles\/","og_locale":"fr_FR","og_type":"article","og_title":"Nounou - Informations aux familles","og_description":"Vous cherchez une nounou \u00e0 domicile. Toutes les informations et r\u00e9ponses \u00e0 vos questions dans nos articles.","og_url":"https:\/\/yoopies.fr\/c\/garde-enfant\/les-modes-de-garde\/nounou-domicile\/nounou-informations-familles\/","og_site_name":"Le Blog Yoopies","article_modified_time":"2025-06-12T07:59:10+00:00","og_image":[{"width":599,"height":300,"url":"https:\/\/yoopies.fr\/c\/wp-content\/uploads\/2024\/06\/65d31ebb9be9a5b998b5fd09-image-2024-02-19-102617415.jpg","type":"image\/jpeg"}],"twitter_card":"summary_large_image","twitter_misc":{"Dur\u00e9e de lecture estim\u00e9e":"5 minutes"},"schema":{"@context":"https:\/\/schema.org","@graph":[{"@type":"WebPage","@id":"https:\/\/yoopies.fr\/c\/garde-enfant\/les-modes-de-garde\/nounou-domicile\/nounou-informations-familles\/","url":"https:\/\/yoopies.fr\/c\/garde-enfant\/les-modes-de-garde\/nounou-domicile\/nounou-informations-familles\/","name":"Nounou - Informations aux familles","isPartOf":{"@id":"https:\/\/yoopies.fr\/c\/#website"},"primaryImageOfPage":{"@id":"https:\/\/yoopies.fr\/c\/garde-enfant\/les-modes-de-garde\/nounou-domicile\/nounou-informations-familles\/#primaryimage"},"image":{"@id":"https:\/\/yoopies.fr\/c\/garde-enfant\/les-modes-de-garde\/nounou-domicile\/nounou-informations-familles\/#primaryimage"},"thumbnailUrl":"https:\/\/yoopies.fr\/c\/wp-content\/uploads\/2024\/06\/65d31ebb9be9a5b998b5fd09-image-2024-02-19-102617415.jpg","datePublished":"2024-06-11T15:32:02+00:00","dateModified":"2025-06-12T07:59:10+00:00","description":"Vous cherchez une nounou \u00e0 domicile. Toutes les informations et r\u00e9ponses \u00e0 vos questions dans nos articles.","breadcrumb":{"@id":"https:\/\/yoopies.fr\/c\/garde-enfant\/les-modes-de-garde\/nounou-domicile\/nounou-informations-familles\/#breadcrumb"},"inLanguage":"fr-FR","potentialAction":[{"@type":"ReadAction","target":["https:\/\/yoopies.fr\/c\/garde-enfant\/les-modes-de-garde\/nounou-domicile\/nounou-informations-familles\/"]}]},{"@type":"ImageObject","inLanguage":"fr-FR","@id":"https:\/\/yoopies.fr\/c\/garde-enfant\/les-modes-de-garde\/nounou-domicile\/nounou-informations-familles\/#primaryimage","url":"https:\/\/yoopies.fr\/c\/wp-content\/uploads\/2024\/06\/65d31ebb9be9a5b998b5fd09-image-2024-02-19-102617415.jpg","contentUrl":"https:\/\/yoopies.fr\/c\/wp-content\/uploads\/2024\/06\/65d31ebb9be9a5b998b5fd09-image-2024-02-19-102617415.jpg","width":599,"height":300},{"@type":"BreadcrumbList","@id":"https:\/\/yoopies.fr\/c\/garde-enfant\/les-modes-de-garde\/nounou-domicile\/nounou-informations-familles\/#breadcrumb","itemListElement":[{"@type":"ListItem","position":1,"name":"Home","item":"https:\/\/yoopies.fr\/c\/"},{"@type":"ListItem","position":2,"name":"Garde d&rsquo;enfant","item":"https:\/\/yoopies.fr\/c\/garde-enfant\/"},{"@type":"ListItem","position":3,"name":"Les modes de gardees modes de garde : trouvez la solution id\u00e9ale pour votre enfantLes modes de garde","item":"https:\/\/yoopies.fr\/c\/garde-enfant\/les-modes-de-garde\/"},{"@type":"ListItem","position":4,"name":"Nounou \u00e0 domicile","item":"https:\/\/yoopies.fr\/c\/garde-enfant\/les-modes-de-garde\/nounou-domicile\/"},{"@type":"ListItem","position":5,"name":"Recherche de nounou"}]},{"@type":"WebSite","@id":"https:\/\/yoopies.fr\/c\/#website","url":"https:\/\/yoopies.fr\/c\/","name":"Le Blog Yoopies","description":"","publisher":{"@id":"https:\/\/yoopies.fr\/c\/#organization"},"potentialAction":[{"@type":"SearchAction","target":{"@type":"EntryPoint","urlTemplate":"https:\/\/yoopies.fr\/c\/?s={search_term_string}"},"query-input":{"@type":"PropertyValueSpecification","valueRequired":true,"valueName":"search_term_string"}}],"inLanguage":"fr-FR"},{"@type":"Organization","@id":"https:\/\/yoopies.fr\/c\/#organization","name":"Le Blog Yoopies","url":"https:\/\/yoopies.fr\/c\/","logo":{"@type":"ImageObject","inLanguage":"fr-FR","@id":"https:\/\/yoopies.fr\/c\/#\/schema\/logo\/image\/","url":"https:\/\/yoopies.fr\/c\/wp-content\/uploads\/2025\/04\/cropped-Logo_Yoopies-2.png","contentUrl":"https:\/\/yoopies.fr\/c\/wp-content\/uploads\/2025\/04\/cropped-Logo_Yoopies-2.png","width":512,"height":512,"caption":"Le Blog Yoopies"},"image":{"@id":"https:\/\/yoopies.fr\/c\/#\/schema\/logo\/image\/"}}]}},"_links":{"self":[{"href":"https:\/\/yoopies.fr\/c\/wp-json\/wp\/v2\/pages\/463","targetHints":{"allow":["GET"]}}],"collection":[{"href":"https:\/\/yoopies.fr\/c\/wp-json\/wp\/v2\/pages"}],"about":[{"href":"https:\/\/yoopies.fr\/c\/wp-json\/wp\/v2\/types\/page"}],"author":[{"embeddable":true,"href":"https:\/\/yoopies.fr\/c\/wp-json\/wp\/v2\/users\/10"}],"replies":[{"embeddable":true,"href":"https:\/\/yoopies.fr\/c\/wp-json\/wp\/v2\/comments?post=463"}],"version-history":[{"count":1,"href":"https:\/\/yoopies.fr\/c\/wp-json\/wp\/v2\/pages\/463\/revisions"}],"predecessor-version":[{"id":466,"href":"https:\/\/yoopies.fr\/c\/wp-json\/wp\/v2\/pages\/463\/revisions\/466"}],"up":[{"embeddable":true,"href":"https:\/\/yoopies.fr\/c\/wp-json\/wp\/v2\/pages\/456"}],"wp:featuredmedia":[{"embeddable":true,"href":"https:\/\/yoopies.fr\/c\/wp-json\/wp\/v2\/media\/465"}],"wp:attachment":[{"href":"https:\/\/yoopies.fr\/c\/wp-json\/wp\/v2\/media?parent=463"}],"curies":[{"name":"wp","href":"https:\/\/api.w.org\/{rel}","templated":true}]}}