{"id":438,"date":"2024-02-15T14:23:10","date_gmt":"2024-02-15T14:23:10","guid":{"rendered":"https:\/\/blog.yoopies.fr\/garde-enfant\/les-modes-de-garde\/"},"modified":"2025-10-22T05:27:47","modified_gmt":"2025-10-22T05:27:47","slug":"les-modes-de-garde","status":"publish","type":"page","link":"https:\/\/yoopies.fr\/c\/garde-enfant\/les-modes-de-garde\/","title":{"rendered":"Les modes de gardees modes de garde : trouvez la solution id\u00e9ale pour votre enfantLes modes de garde"},"content":{"rendered":"<p data-start=\"798\" data-end=\"993\">Bienvenue sur cette <strong data-start=\"818\" data-end=\"862\">page d\u00e9di\u00e9e aux modes de garde d\u2019enfants<\/strong>, pens\u00e9e pour vous aider \u00e0 faire le bon choix selon vos besoins, votre rythme de vie et surtout\u2026 la personnalit\u00e9 de votre enfant.<\/p>\n<p data-start=\"995\" data-end=\"1321\">En tant que maman de deux enfants et professionnelle de la petite enfance, je sais \u00e0 quel point cette \u00e9tape peut \u00eatre source de doutes. Entre la <strong data-start=\"1140\" data-end=\"1161\">nounou \u00e0 domicile<\/strong>, l\u2019<strong data-start=\"1165\" data-end=\"1190\">assistante maternelle<\/strong> ou encore le <strong data-start=\"1204\" data-end=\"1231\">babysitting occasionnel<\/strong>, il n\u2019est pas toujours facile de s\u2019y retrouver parmi <strong data-start=\"1285\" data-end=\"1318\">les diff\u00e9rents modes de garde<\/strong>.<\/p>\n<p data-start=\"1323\" data-end=\"1461\">Mon objectif : vous offrir un guide clair, humain et pratique pour <strong data-start=\"1390\" data-end=\"1418\">choisir le mode de garde<\/strong> qui correspond vraiment \u00e0 votre famille.<\/p>\n<div class=\"yp-cms-children-categories\">\n    <div class=\"wrapper\">\n        <div class=\"category-list\">\n                        <div class=\"category-page\">\n                <div class=\"background-img\">\n                    <div class=\"inner bg-shown\"\n                         data-responsive-background-image=\"\"\n                                            >\n                                            <\/div>\n\n                <\/div>\n                <a href=\"https:\/\/yoopies.fr\/c\/garde-enfant\/les-modes-de-garde\/assistante-maternelle\/\">\n                                        <h2>\n                        Assistante maternelle                    <\/h2>\n                <\/a>\n            <\/div>\n                        <div class=\"category-page\">\n                <div class=\"background-img\">\n                    <div class=\"inner bg-shown\"\n                         data-responsive-background-image=\"\"\n                                            >\n                                            <\/div>\n\n                <\/div>\n                <a href=\"https:\/\/yoopies.fr\/c\/garde-enfant\/les-modes-de-garde\/les-autres-modes-de-garde\/\">\n                                        <h2>\n                        Les autres modes de garde                    <\/h2>\n                <\/a>\n            <\/div>\n                        <div class=\"category-page\">\n                <div class=\"background-img\">\n                    <div class=\"inner bg-shown\"\n                         data-responsive-background-image=\"\"\n                                            >\n                                            <\/div>\n\n                <\/div>\n                <a href=\"https:\/\/yoopies.fr\/c\/garde-enfant\/les-modes-de-garde\/babysitting\/\">\n                                        <h2>\n                        Babysitting                    <\/h2>\n                <\/a>\n            <\/div>\n                        <div class=\"category-page\">\n                <div class=\"background-img\">\n                    <div class=\"inner bg-shown\"\n                         data-responsive-background-image=\"\"\n                                            >\n                                            <\/div>\n\n                <\/div>\n                <a href=\"https:\/\/yoopies.fr\/c\/garde-enfant\/les-modes-de-garde\/nounou-domicile\/\">\n                                        <h2>\n                        Nounou \u00e0 domicile                    <\/h2>\n                <\/a>\n            <\/div>\n                    <\/div>\n    <\/div>\n<\/div>\n\n<figure><img decoding=\"async\" src=\"https:\/\/yoopies.fr\/c\/wp-content\/uploads\/2024\/02\/65cdea6b9be9a5b998b5d9a2-shutterstock-1139015477-ld.jpg\" alt=\"Une babysitter aidant un jeune enfant avec des lunettes \u00e0 faire une activit\u00e9 \u00e9ducative dans une salle de classe color\u00e9e et bien organis\u00e9e.\" \/><\/figure>\n<h3 data-start=\"1468\" data-end=\"1537\">L\u2019assistante maternelle : un cadre familial et s\u00e9curisant<\/h3>\n<p data-start=\"1539\" data-end=\"1797\">L\u2019assistante maternelle reste l\u2019un des modes de garde les plus appr\u00e9ci\u00e9s des parents.<br data-start=\"1624\" data-end=\"1627\" \/>Elle accueille les enfants \u00e0 son domicile, dans un cadre \u00e0 la fois <strong data-start=\"1694\" data-end=\"1721\">chaleureux et structur\u00e9<\/strong>.<br data-start=\"1722\" data-end=\"1725\" \/>C\u2019est un bon compromis entre vie de groupe et attention personnalis\u00e9e.<\/p>\n<blockquote data-start=\"1799\" data-end=\"1969\">\n<p data-start=\"1801\" data-end=\"1969\">\ud83d\udca1 <em data-start=\"1804\" data-end=\"1820\">Bon \u00e0 savoir :<\/em> les assistantes maternelles sont agr\u00e9\u00e9es par le d\u00e9partement et suivent une formation sp\u00e9cifique \u00e0 la <strong data-start=\"1922\" data-end=\"1966\">s\u00e9curit\u00e9 et au d\u00e9veloppement de l\u2019enfant<\/strong>.<\/p>\n<\/blockquote>\n<p data-start=\"1971\" data-end=\"2127\">Ce mode de garde convient particuli\u00e8rement aux jeunes enfants, car il favorise la socialisation en douceur, tout en maintenant un environnement rassurant.<\/p>\n<h3 data-start=\"2134\" data-end=\"2194\">La nounou \u00e0 domicile : un accompagnement sur mesure<\/h3>\n<p data-start=\"2196\" data-end=\"2432\">La <strong data-start=\"2199\" data-end=\"2220\">nounou \u00e0 domicile<\/strong> est id\u00e9ale pour les familles recherchant une solution personnalis\u00e9e.<br data-start=\"2289\" data-end=\"2292\" \/>Elle s\u2019occupe de votre enfant directement chez vous, dans son environnement habituel \u2014 ce qui simplifie grandement les matin\u00e9es press\u00e9es !<\/p>\n<p data-start=\"2434\" data-end=\"2598\">Ce mode de garde offre \u00e9galement <strong data-start=\"2467\" data-end=\"2504\">une grande flexibilit\u00e9 d\u2019horaires<\/strong>. C\u2019est souvent le choix privil\u00e9gi\u00e9 des parents aux emplois du temps variables ou atypiques.<\/p>\n<blockquote data-start=\"2600\" data-end=\"2795\">\n<p data-start=\"2602\" data-end=\"2795\">\ud83d\udc76 <em data-start=\"2605\" data-end=\"2625\">Astuce parentale :<\/em> une nounou \u00e0 domicile peut s\u2019occuper de plusieurs enfants d\u2019une m\u00eame fratrie, ce qui favorise la complicit\u00e9 entre fr\u00e8res et s\u0153urs tout en r\u00e9duisant les frais de garde.<\/p>\n<\/blockquote>\n<h3 data-start=\"2802\" data-end=\"2861\">Le babysitting : la solution flexible et ponctuelle<\/h3>\n<p data-start=\"2863\" data-end=\"3072\">Le <strong data-start=\"2866\" data-end=\"2881\">babysitting<\/strong> est parfait pour les besoins de garde occasionnels : une soir\u00e9e, un rendez-vous, une urgence.<br data-start=\"2975\" data-end=\"2978\" \/>Les babysitters interviennent g\u00e9n\u00e9ralement pour de courtes dur\u00e9es, selon vos disponibilit\u00e9s.<\/p>\n<p data-start=\"3074\" data-end=\"3193\">C\u2019est aussi une excellente option pour <strong data-start=\"3113\" data-end=\"3164\">habituer progressivement un enfant \u00e0 \u00eatre gard\u00e9<\/strong> par quelqu\u2019un d\u2019ext\u00e9rieur.<\/p>\n<blockquote data-start=\"3195\" data-end=\"3359\">\n<p data-start=\"3197\" data-end=\"3359\">\ud83d\udcac <em data-start=\"3200\" data-end=\"3220\">Conseil pratique :<\/em> avant de confier votre enfant \u00e0 un nouveau babysitter, organisez une petite rencontre pr\u00e9alable pour que le contact se fasse en douceur.<\/p>\n<\/blockquote>\n<h3 data-start=\"3366\" data-end=\"3448\">Les autres modes de garde : cr\u00e8ches, micro-cr\u00e8ches et solutions partag\u00e9es<\/h3>\n<p data-start=\"3450\" data-end=\"3569\">Outre les assistantes maternelles et les nounous, il existe bien d\u2019autres <strong data-start=\"3524\" data-end=\"3565\">modes de garde collectifs ou partag\u00e9s<\/strong> :<\/p>\n<ul data-start=\"3570\" data-end=\"3820\">\n<li data-start=\"3570\" data-end=\"3662\">\n<p data-start=\"3572\" data-end=\"3662\"><strong data-start=\"3572\" data-end=\"3587\">Les cr\u00e8ches<\/strong> (publiques ou priv\u00e9es), id\u00e9ales pour la vie en groupe et l\u2019\u00e9veil social.<\/p>\n<\/li>\n<li data-start=\"3663\" data-end=\"3731\">\n<p data-start=\"3665\" data-end=\"3731\"><strong data-start=\"3665\" data-end=\"3686\">Les micro-cr\u00e8ches<\/strong>, plus petites structures \u00e0 taille humaine.<\/p>\n<\/li>\n<li data-start=\"3732\" data-end=\"3820\">\n<p data-start=\"3734\" data-end=\"3820\"><strong data-start=\"3734\" data-end=\"3755\">La garde partag\u00e9e<\/strong>, o\u00f9 deux familles emploient la m\u00eame nounou pour leurs enfants.<\/p>\n<\/li>\n<\/ul>\n<p data-start=\"3822\" data-end=\"3956\">Chaque formule pr\u00e9sente ses avantages, il s\u2019agit de <strong data-start=\"3875\" data-end=\"3898\">trouver l\u2019\u00e9quilibre<\/strong> entre budget, disponibilit\u00e9 et besoins de votre enfant.<\/p>\n<h3 data-start=\"3963\" data-end=\"4031\">Faire le bon choix : \u00e9couter votre intuition et vos besoins<\/h3>\n<p data-start=\"4033\" data-end=\"4195\">Choisir un mode de garde n\u2019est pas qu\u2019une question d\u2019organisation \u2014 c\u2019est une <strong data-start=\"4111\" data-end=\"4147\">d\u00e9cision de c\u0153ur et de confiance<\/strong>.<br data-start=\"4148\" data-end=\"4151\" \/>Voici quelques crit\u00e8res \u00e0 garder en t\u00eate :<\/p>\n<ul data-start=\"4196\" data-end=\"4391\">\n<li data-start=\"4196\" data-end=\"4240\">\n<p data-start=\"4198\" data-end=\"4240\">L\u2019\u00e2ge et le temp\u00e9rament de votre enfant.<\/p>\n<\/li>\n<li data-start=\"4241\" data-end=\"4290\">\n<p data-start=\"4243\" data-end=\"4290\">Vos horaires et contraintes professionnelles.<\/p>\n<\/li>\n<li data-start=\"4291\" data-end=\"4333\">\n<p data-start=\"4293\" data-end=\"4333\">Le budget que vous pouvez y consacrer.<\/p>\n<\/li>\n<li data-start=\"4334\" data-end=\"4391\">\n<p data-start=\"4336\" data-end=\"4391\">La distance entre votre domicile et le lieu de garde.<\/p>\n<\/li>\n<\/ul>\n<p data-start=\"4393\" data-end=\"4585\">Prenez le temps d\u2019\u00e9changer avec les professionnels, de visiter les lieux, et surtout\u2026 <strong data-start=\"4479\" data-end=\"4504\">faites-vous confiance<\/strong>. Le bon choix est celui qui vous apaise et fait sourire votre enfant le matin.<\/p>\n<h3 data-start=\"4592\" data-end=\"4610\">En r\u00e9sum\u00e9<\/h3>\n<p data-start=\"4612\" data-end=\"4885\">Entre les <strong data-start=\"4622\" data-end=\"4651\">diff\u00e9rents modes de garde:<\/strong> assistante maternelle, nounou \u00e0 domicile, babysitting ou cr\u00e8che, chaque solution a ses forces.<br data-start=\"4750\" data-end=\"4753\" \/>L\u2019essentiel est de trouver <strong data-start=\"4780\" data-end=\"4800\">le mode de garde<\/strong> qui s\u2019adapte \u00e0 votre rythme familial et favorise l\u2019\u00e9panouissement de votre enfant.<\/p>\n","protected":false},"excerpt":{"rendered":"<p>Bienvenue sur cette page d\u00e9di\u00e9e aux modes de garde d\u2019enfants, pens\u00e9e pour vous aider \u00e0 faire le bon choix selon &hellip; <\/p>\n","protected":false},"author":10,"featured_media":0,"parent":84,"menu_order":0,"comment_status":"closed","ping_status":"closed","template":"","meta":{"_acf_changed":false,"footnotes":""},"class_list":["post-438","page","type-page","status-publish","hentry"],"acf":[],"yoast_head":"<!-- This site is optimized with the Yoast SEO plugin v26.9 - https:\/\/yoast.com\/product\/yoast-seo-wordpress\/ -->\n<title>Les modes de garde | Blog<\/title>\n<meta name=\"description\" content=\"D\u00e9couvrez les diff\u00e9rents modes de garde d\u2019enfants, assistante maternelle, nounou \u00e0 domicile, babysitting ou cr\u00e8che.\" \/>\n<meta name=\"robots\" content=\"index, follow, max-snippet:-1, max-image-preview:large, max-video-preview:-1\" \/>\n<link rel=\"canonical\" href=\"https:\/\/yoopies.fr\/c\/garde-enfant\/les-modes-de-garde\/\" \/>\n<meta property=\"og:locale\" content=\"fr_FR\" \/>\n<meta property=\"og:type\" content=\"article\" \/>\n<meta property=\"og:title\" content=\"Les modes de garde | Blog\" \/>\n<meta property=\"og:description\" content=\"D\u00e9couvrez les diff\u00e9rents modes de garde d\u2019enfants, assistante maternelle, nounou \u00e0 domicile, babysitting ou cr\u00e8che.\" \/>\n<meta property=\"og:url\" content=\"https:\/\/yoopies.fr\/c\/garde-enfant\/les-modes-de-garde\/\" \/>\n<meta property=\"og:site_name\" content=\"Le Blog Yoopies\" \/>\n<meta property=\"article:modified_time\" content=\"2025-10-22T05:27:47+00:00\" \/>\n<meta property=\"og:image\" content=\"https:\/\/yoopies.fr\/c\/wp-content\/uploads\/2024\/02\/65cdea6b9be9a5b998b5d9a2-shutterstock-1139015477-ld.jpg\" \/>\n<meta name=\"twitter:card\" content=\"summary_large_image\" \/>\n<meta name=\"twitter:label1\" content=\"Dur\u00e9e de lecture estim\u00e9e\" \/>\n\t<meta name=\"twitter:data1\" content=\"3 minutes\" \/>\n<script type=\"application\/ld+json\" class=\"yoast-schema-graph\">{\"@context\":\"https:\/\/schema.org\",\"@graph\":[{\"@type\":\"WebPage\",\"@id\":\"https:\/\/yoopies.fr\/c\/garde-enfant\/les-modes-de-garde\/\",\"url\":\"https:\/\/yoopies.fr\/c\/garde-enfant\/les-modes-de-garde\/\",\"name\":\"Les modes de garde | Blog\",\"isPartOf\":{\"@id\":\"https:\/\/yoopies.fr\/c\/#website\"},\"primaryImageOfPage\":{\"@id\":\"https:\/\/yoopies.fr\/c\/garde-enfant\/les-modes-de-garde\/#primaryimage\"},\"image\":{\"@id\":\"https:\/\/yoopies.fr\/c\/garde-enfant\/les-modes-de-garde\/#primaryimage\"},\"thumbnailUrl\":\"https:\/\/yoopies.fr\/c\/wp-content\/uploads\/2024\/02\/65cdea6b9be9a5b998b5d9a2-shutterstock-1139015477-ld.jpg\",\"datePublished\":\"2024-02-15T14:23:10+00:00\",\"dateModified\":\"2025-10-22T05:27:47+00:00\",\"description\":\"D\u00e9couvrez les diff\u00e9rents modes de garde d\u2019enfants, assistante maternelle, nounou \u00e0 domicile, babysitting ou cr\u00e8che.\",\"breadcrumb\":{\"@id\":\"https:\/\/yoopies.fr\/c\/garde-enfant\/les-modes-de-garde\/#breadcrumb\"},\"inLanguage\":\"fr-FR\",\"potentialAction\":[{\"@type\":\"ReadAction\",\"target\":[\"https:\/\/yoopies.fr\/c\/garde-enfant\/les-modes-de-garde\/\"]}]},{\"@type\":\"ImageObject\",\"inLanguage\":\"fr-FR\",\"@id\":\"https:\/\/yoopies.fr\/c\/garde-enfant\/les-modes-de-garde\/#primaryimage\",\"url\":\"https:\/\/yoopies.fr\/c\/wp-content\/uploads\/2024\/02\/65cdea6b9be9a5b998b5d9a2-shutterstock-1139015477-ld.jpg\",\"contentUrl\":\"https:\/\/yoopies.fr\/c\/wp-content\/uploads\/2024\/02\/65cdea6b9be9a5b998b5d9a2-shutterstock-1139015477-ld.jpg\",\"width\":615,\"height\":615},{\"@type\":\"BreadcrumbList\",\"@id\":\"https:\/\/yoopies.fr\/c\/garde-enfant\/les-modes-de-garde\/#breadcrumb\",\"itemListElement\":[{\"@type\":\"ListItem\",\"position\":1,\"name\":\"Home\",\"item\":\"https:\/\/yoopies.fr\/c\/\"},{\"@type\":\"ListItem\",\"position\":2,\"name\":\"Garde d&rsquo;enfant\",\"item\":\"https:\/\/yoopies.fr\/c\/garde-enfant\/\"},{\"@type\":\"ListItem\",\"position\":3,\"name\":\"Les modes de gardees modes de garde : trouvez la solution id\u00e9ale pour votre enfantLes modes de garde\"}]},{\"@type\":\"WebSite\",\"@id\":\"https:\/\/yoopies.fr\/c\/#website\",\"url\":\"https:\/\/yoopies.fr\/c\/\",\"name\":\"Le Blog Yoopies\",\"description\":\"\",\"publisher\":{\"@id\":\"https:\/\/yoopies.fr\/c\/#organization\"},\"potentialAction\":[{\"@type\":\"SearchAction\",\"target\":{\"@type\":\"EntryPoint\",\"urlTemplate\":\"https:\/\/yoopies.fr\/c\/?s={search_term_string}\"},\"query-input\":{\"@type\":\"PropertyValueSpecification\",\"valueRequired\":true,\"valueName\":\"search_term_string\"}}],\"inLanguage\":\"fr-FR\"},{\"@type\":\"Organization\",\"@id\":\"https:\/\/yoopies.fr\/c\/#organization\",\"name\":\"Le Blog Yoopies\",\"url\":\"https:\/\/yoopies.fr\/c\/\",\"logo\":{\"@type\":\"ImageObject\",\"inLanguage\":\"fr-FR\",\"@id\":\"https:\/\/yoopies.fr\/c\/#\/schema\/logo\/image\/\",\"url\":\"https:\/\/yoopies.fr\/c\/wp-content\/uploads\/2025\/04\/cropped-Logo_Yoopies-2.png\",\"contentUrl\":\"https:\/\/yoopies.fr\/c\/wp-content\/uploads\/2025\/04\/cropped-Logo_Yoopies-2.png\",\"width\":512,\"height\":512,\"caption\":\"Le Blog Yoopies\"},\"image\":{\"@id\":\"https:\/\/yoopies.fr\/c\/#\/schema\/logo\/image\/\"}}]}<\/script>\n<!-- \/ Yoast SEO plugin. -->","yoast_head_json":{"title":"Les modes de garde | Blog","description":"D\u00e9couvrez les diff\u00e9rents modes de garde d\u2019enfants, assistante maternelle, nounou \u00e0 domicile, babysitting ou cr\u00e8che.","robots":{"index":"index","follow":"follow","max-snippet":"max-snippet:-1","max-image-preview":"max-image-preview:large","max-video-preview":"max-video-preview:-1"},"canonical":"https:\/\/yoopies.fr\/c\/garde-enfant\/les-modes-de-garde\/","og_locale":"fr_FR","og_type":"article","og_title":"Les modes de garde | Blog","og_description":"D\u00e9couvrez les diff\u00e9rents modes de garde d\u2019enfants, assistante maternelle, nounou \u00e0 domicile, babysitting ou cr\u00e8che.","og_url":"https:\/\/yoopies.fr\/c\/garde-enfant\/les-modes-de-garde\/","og_site_name":"Le Blog Yoopies","article_modified_time":"2025-10-22T05:27:47+00:00","og_image":[{"url":"https:\/\/yoopies.fr\/c\/wp-content\/uploads\/2024\/02\/65cdea6b9be9a5b998b5d9a2-shutterstock-1139015477-ld.jpg","type":"","width":"","height":""}],"twitter_card":"summary_large_image","twitter_misc":{"Dur\u00e9e de lecture estim\u00e9e":"3 minutes"},"schema":{"@context":"https:\/\/schema.org","@graph":[{"@type":"WebPage","@id":"https:\/\/yoopies.fr\/c\/garde-enfant\/les-modes-de-garde\/","url":"https:\/\/yoopies.fr\/c\/garde-enfant\/les-modes-de-garde\/","name":"Les modes de garde | Blog","isPartOf":{"@id":"https:\/\/yoopies.fr\/c\/#website"},"primaryImageOfPage":{"@id":"https:\/\/yoopies.fr\/c\/garde-enfant\/les-modes-de-garde\/#primaryimage"},"image":{"@id":"https:\/\/yoopies.fr\/c\/garde-enfant\/les-modes-de-garde\/#primaryimage"},"thumbnailUrl":"https:\/\/yoopies.fr\/c\/wp-content\/uploads\/2024\/02\/65cdea6b9be9a5b998b5d9a2-shutterstock-1139015477-ld.jpg","datePublished":"2024-02-15T14:23:10+00:00","dateModified":"2025-10-22T05:27:47+00:00","description":"D\u00e9couvrez les diff\u00e9rents modes de garde d\u2019enfants, assistante maternelle, nounou \u00e0 domicile, babysitting ou cr\u00e8che.","breadcrumb":{"@id":"https:\/\/yoopies.fr\/c\/garde-enfant\/les-modes-de-garde\/#breadcrumb"},"inLanguage":"fr-FR","potentialAction":[{"@type":"ReadAction","target":["https:\/\/yoopies.fr\/c\/garde-enfant\/les-modes-de-garde\/"]}]},{"@type":"ImageObject","inLanguage":"fr-FR","@id":"https:\/\/yoopies.fr\/c\/garde-enfant\/les-modes-de-garde\/#primaryimage","url":"https:\/\/yoopies.fr\/c\/wp-content\/uploads\/2024\/02\/65cdea6b9be9a5b998b5d9a2-shutterstock-1139015477-ld.jpg","contentUrl":"https:\/\/yoopies.fr\/c\/wp-content\/uploads\/2024\/02\/65cdea6b9be9a5b998b5d9a2-shutterstock-1139015477-ld.jpg","width":615,"height":615},{"@type":"BreadcrumbList","@id":"https:\/\/yoopies.fr\/c\/garde-enfant\/les-modes-de-garde\/#breadcrumb","itemListElement":[{"@type":"ListItem","position":1,"name":"Home","item":"https:\/\/yoopies.fr\/c\/"},{"@type":"ListItem","position":2,"name":"Garde d&rsquo;enfant","item":"https:\/\/yoopies.fr\/c\/garde-enfant\/"},{"@type":"ListItem","position":3,"name":"Les modes de gardees modes de garde : trouvez la solution id\u00e9ale pour votre enfantLes modes de garde"}]},{"@type":"WebSite","@id":"https:\/\/yoopies.fr\/c\/#website","url":"https:\/\/yoopies.fr\/c\/","name":"Le Blog Yoopies","description":"","publisher":{"@id":"https:\/\/yoopies.fr\/c\/#organization"},"potentialAction":[{"@type":"SearchAction","target":{"@type":"EntryPoint","urlTemplate":"https:\/\/yoopies.fr\/c\/?s={search_term_string}"},"query-input":{"@type":"PropertyValueSpecification","valueRequired":true,"valueName":"search_term_string"}}],"inLanguage":"fr-FR"},{"@type":"Organization","@id":"https:\/\/yoopies.fr\/c\/#organization","name":"Le Blog Yoopies","url":"https:\/\/yoopies.fr\/c\/","logo":{"@type":"ImageObject","inLanguage":"fr-FR","@id":"https:\/\/yoopies.fr\/c\/#\/schema\/logo\/image\/","url":"https:\/\/yoopies.fr\/c\/wp-content\/uploads\/2025\/04\/cropped-Logo_Yoopies-2.png","contentUrl":"https:\/\/yoopies.fr\/c\/wp-content\/uploads\/2025\/04\/cropped-Logo_Yoopies-2.png","width":512,"height":512,"caption":"Le Blog Yoopies"},"image":{"@id":"https:\/\/yoopies.fr\/c\/#\/schema\/logo\/image\/"}}]}},"_links":{"self":[{"href":"https:\/\/yoopies.fr\/c\/wp-json\/wp\/v2\/pages\/438","targetHints":{"allow":["GET"]}}],"collection":[{"href":"https:\/\/yoopies.fr\/c\/wp-json\/wp\/v2\/pages"}],"about":[{"href":"https:\/\/yoopies.fr\/c\/wp-json\/wp\/v2\/types\/page"}],"author":[{"embeddable":true,"href":"https:\/\/yoopies.fr\/c\/wp-json\/wp\/v2\/users\/10"}],"replies":[{"embeddable":true,"href":"https:\/\/yoopies.fr\/c\/wp-json\/wp\/v2\/comments?post=438"}],"version-history":[{"count":2,"href":"https:\/\/yoopies.fr\/c\/wp-json\/wp\/v2\/pages\/438\/revisions"}],"predecessor-version":[{"id":1643,"href":"https:\/\/yoopies.fr\/c\/wp-json\/wp\/v2\/pages\/438\/revisions\/1643"}],"up":[{"embeddable":true,"href":"https:\/\/yoopies.fr\/c\/wp-json\/wp\/v2\/pages\/84"}],"wp:attachment":[{"href":"https:\/\/yoopies.fr\/c\/wp-json\/wp\/v2\/media?parent=438"}],"curies":[{"name":"wp","href":"https:\/\/api.w.org\/{rel}","templated":true}]}}