{"id":435,"date":"2024-02-15T20:19:07","date_gmt":"2024-02-15T20:19:07","guid":{"rendered":"https:\/\/blog.yoopies.fr\/garde-enfant\/conseils-garde-enfants\/"},"modified":"2025-06-12T07:58:57","modified_gmt":"2025-06-12T07:58:57","slug":"conseils-garde-enfants","status":"publish","type":"page","link":"https:\/\/yoopies.fr\/c\/garde-enfant\/conseils-garde-enfants\/","title":{"rendered":"Conseils | Garde d&rsquo;enfants"},"content":{"rendered":"<h2><strong>Bienvenue dans l&rsquo;univers des conseils pour la garde d&rsquo;enfants<\/strong><\/h2>\n<p>Bienvenue sur la page \u00ab\u00a0Conseils\u00a0\u00bb, un espace d\u00e9di\u00e9 aux parents et aux professionnels de la garde d&rsquo;enfants, o\u00f9 vous trouverez une mine d&rsquo;informations pour naviguer dans le monde parfois complexe de la garde d&rsquo;enfants. En tant que maman de deux merveilleux enfants et professionnelle exp\u00e9riment\u00e9e dans le secteur de la garde d&rsquo;enfants, je comprends les d\u00e9fis et les questions que vous pouvez rencontrer, que vous soyez parent \u00e0 la recherche du mode de garde id\u00e9al pour votre enfant ou professionnel cherchant \u00e0 offrir les meilleurs soins possibles.<\/p>\n<p><div class=\"yp-cms-children-categories\">\n    <div class=\"wrapper\">\n        <div class=\"category-list\">\n                        <div class=\"category-page\">\n                <div class=\"background-img\">\n                    <div class=\"inner bg-shown\"\n                         data-responsive-background-image=\"\"\n                                            >\n                                            <\/div>\n\n                <\/div>\n                <a href=\"https:\/\/yoopies.fr\/c\/garde-enfant\/conseils-garde-enfants\/conseils-aux-parents\/\">\n                                        <h2>\n                        Conseils aux parents                    <\/h2>\n                <\/a>\n            <\/div>\n                        <div class=\"category-page\">\n                <div class=\"background-img\">\n                    <div class=\"inner bg-shown\"\n                         data-responsive-background-image=\"\"\n                                            >\n                                            <\/div>\n\n                <\/div>\n                <a href=\"https:\/\/yoopies.fr\/c\/garde-enfant\/conseils-garde-enfants\/conseils-aux-gardants\/\">\n                                        <h2>\n                        Conseils aux gardants                    <\/h2>\n                <\/a>\n            <\/div>\n                    <\/div>\n    <\/div>\n<\/div>\n<\/p>\n<figure><img decoding=\"async\" src=\"https:\/\/yoopies.fr\/c\/wp-content\/uploads\/2024\/02\/65cc76dd9be9a5b998b5ca72-shutterstock-414526966-ld.jpg\" alt=\"Trois enfants souriants s'assoient ensemble sur le sol et jouent avec des jouets en forme de blocs et de train sur un fond blanc uni.\" \/><\/figure>\n<h2><strong>Un Guide clair pour choisir le meilleur mode de garde<\/strong><\/h2>\n<p>Situ\u00e9e juste apr\u00e8s la page \u00ab\u00a0Garde d&rsquo;enfant\u00a0\u00bb dans notre arborescence de site, cette section \u00ab\u00a0Conseils\u00a0\u00bb est con\u00e7ue pour clarifier vos options, vous fournir des astuces pratiques et vous conseiller sur les meilleures pratiques en mati\u00e8re de garde d&rsquo;enfants. Nous abordons ici les sujets qui touchent au c\u0153ur de la vie quotidienne des familles et des gardiens, allant des divers modes de garde disponibles \u00e0 des conseils personnalis\u00e9s pour les parents et les professionnels.<\/p>\n<h2><strong>Am\u00e9liorer votre exp\u00e9rience<\/strong><\/h2>\n<p>Notre objectif est double : optimiser votre exp\u00e9rience de navigation en vous offrant un contenu riche et facilement accessible, et vous aider \u00e0 comprendre o\u00f9 vous vous trouvez sur notre site et o\u00f9 vous pouvez naviguer ensuite. Dans cette optique, la page se divise en deux cat\u00e9gories principales, \u00ab\u00a0Conseils aux parents\u00a0\u00bb et \u00ab\u00a0Conseils aux gardants\u00a0\u00bb, chacune con\u00e7ue pour r\u00e9pondre aux besoins sp\u00e9cifiques de ces deux groupes.<\/p>\n<h2><strong>Conseils aux parents : trouver la solution parfaite de garde<\/strong><\/h2>\n<p>Pour les parents, nous explorons les diff\u00e9rentes options de garde d&rsquo;enfants, des cr\u00e8ches aux assistantes maternelles, en passant par la garde \u00e0 domicile, en vous fournissant des conseils pour choisir la solution la plus adapt\u00e9e \u00e0 votre situation. Nous discutons \u00e9galement de comment \u00e9tablir une relation de confiance avec votre gardien et assurer le bien-\u00eatre de votre enfant.<\/p>\n<p><a class=\"button\" href=\"https:\/\/yoopies.fr\/registration\">Je m&rsquo;inscris ! <\/a><\/p>\n<h2><strong>Conseils aux professionnels : \u00e9lever les standards de la garde d&rsquo;enfants<\/strong><\/h2>\n<p>Pour les professionnels de la garde, nous offrons des recommandations sur les meilleures pratiques pour s&rsquo;occuper des enfants, cr\u00e9er un environnement s\u00fbr et stimulant, et communiquer efficacement avec les parents.<\/p>\n<h2><strong>Votre compagnon de confiance dans la garde d&rsquo;enfants<\/strong><\/h2>\n<p>Naviguer dans le monde de la garde d&rsquo;enfants peut sembler intimidant, mais avec les bons conseils et informations, vous trouverez la solution qui r\u00e9pond le mieux aux besoins de votre famille ou de votre carri\u00e8re professionnelle. Les pages suivantes, \u00ab\u00a0Conseils aux parents\u00a0\u00bb et \u00ab\u00a0Conseils aux gardants\u00a0\u00bb, sont l\u00e0 pour vous guider \u00e0 chaque \u00e9tape de votre parcours.<\/p>\n","protected":false},"excerpt":{"rendered":"<p>Bienvenue dans l&rsquo;univers des conseils pour la garde d&rsquo;enfants Bienvenue sur la page \u00ab\u00a0Conseils\u00a0\u00bb, un espace d\u00e9di\u00e9 aux parents et &hellip; <\/p>\n","protected":false},"author":10,"featured_media":0,"parent":84,"menu_order":0,"comment_status":"closed","ping_status":"closed","template":"","meta":{"_acf_changed":false,"footnotes":""},"class_list":["post-435","page","type-page","status-publish","hentry"],"acf":[],"yoast_head":"<!-- This site is optimized with the Yoast SEO plugin v26.9 - https:\/\/yoast.com\/product\/yoast-seo-wordpress\/ -->\n<title>Conseils | Garde d&#039;enfants | Blog<\/title>\n<meta name=\"description\" content=\"D\u00e9couvrez des conseils experts pour parents et professionnels sur la garde d&#039;enfants. Trouvez des astuces, des meilleures pratiques et des solutions adapt\u00e9es pour chaque famille. Rejoignez-nous pour naviguer ensemble dans le monde de la garde d&#039;enfants.\" \/>\n<meta name=\"robots\" content=\"index, follow, max-snippet:-1, max-image-preview:large, max-video-preview:-1\" \/>\n<link rel=\"canonical\" href=\"https:\/\/yoopies.fr\/c\/garde-enfant\/conseils-garde-enfants\/\" \/>\n<meta property=\"og:locale\" content=\"fr_FR\" \/>\n<meta property=\"og:type\" content=\"article\" \/>\n<meta property=\"og:title\" content=\"Conseils | Garde d&#039;enfants | Blog\" \/>\n<meta property=\"og:description\" content=\"D\u00e9couvrez des conseils experts pour parents et professionnels sur la garde d&#039;enfants. Trouvez des astuces, des meilleures pratiques et des solutions adapt\u00e9es pour chaque famille. Rejoignez-nous pour naviguer ensemble dans le monde de la garde d&#039;enfants.\" \/>\n<meta property=\"og:url\" content=\"https:\/\/yoopies.fr\/c\/garde-enfant\/conseils-garde-enfants\/\" \/>\n<meta property=\"og:site_name\" content=\"Le Blog Yoopies\" \/>\n<meta property=\"article:modified_time\" content=\"2025-06-12T07:58:57+00:00\" \/>\n<meta property=\"og:image\" content=\"https:\/\/yoopies.fr\/c\/wp-content\/uploads\/2024\/02\/65cc76dd9be9a5b998b5ca72-shutterstock-414526966-ld.jpg\" \/>\n<meta name=\"twitter:card\" content=\"summary_large_image\" \/>\n<meta name=\"twitter:label1\" content=\"Dur\u00e9e de lecture estim\u00e9e\" \/>\n\t<meta name=\"twitter:data1\" content=\"3 minutes\" \/>\n<script type=\"application\/ld+json\" class=\"yoast-schema-graph\">{\"@context\":\"https:\/\/schema.org\",\"@graph\":[{\"@type\":\"WebPage\",\"@id\":\"https:\/\/yoopies.fr\/c\/garde-enfant\/conseils-garde-enfants\/\",\"url\":\"https:\/\/yoopies.fr\/c\/garde-enfant\/conseils-garde-enfants\/\",\"name\":\"Conseils | Garde d'enfants | Blog\",\"isPartOf\":{\"@id\":\"https:\/\/yoopies.fr\/c\/#website\"},\"primaryImageOfPage\":{\"@id\":\"https:\/\/yoopies.fr\/c\/garde-enfant\/conseils-garde-enfants\/#primaryimage\"},\"image\":{\"@id\":\"https:\/\/yoopies.fr\/c\/garde-enfant\/conseils-garde-enfants\/#primaryimage\"},\"thumbnailUrl\":\"https:\/\/yoopies.fr\/c\/wp-content\/uploads\/2024\/02\/65cc76dd9be9a5b998b5ca72-shutterstock-414526966-ld.jpg\",\"datePublished\":\"2024-02-15T20:19:07+00:00\",\"dateModified\":\"2025-06-12T07:58:57+00:00\",\"description\":\"D\u00e9couvrez des conseils experts pour parents et professionnels sur la garde d'enfants. Trouvez des astuces, des meilleures pratiques et des solutions adapt\u00e9es pour chaque famille. Rejoignez-nous pour naviguer ensemble dans le monde de la garde d'enfants.\",\"breadcrumb\":{\"@id\":\"https:\/\/yoopies.fr\/c\/garde-enfant\/conseils-garde-enfants\/#breadcrumb\"},\"inLanguage\":\"fr-FR\",\"potentialAction\":[{\"@type\":\"ReadAction\",\"target\":[\"https:\/\/yoopies.fr\/c\/garde-enfant\/conseils-garde-enfants\/\"]}]},{\"@type\":\"ImageObject\",\"inLanguage\":\"fr-FR\",\"@id\":\"https:\/\/yoopies.fr\/c\/garde-enfant\/conseils-garde-enfants\/#primaryimage\",\"url\":\"https:\/\/yoopies.fr\/c\/wp-content\/uploads\/2024\/02\/65cc76dd9be9a5b998b5ca72-shutterstock-414526966-ld.jpg\",\"contentUrl\":\"https:\/\/yoopies.fr\/c\/wp-content\/uploads\/2024\/02\/65cc76dd9be9a5b998b5ca72-shutterstock-414526966-ld.jpg\",\"width\":615,\"height\":615},{\"@type\":\"BreadcrumbList\",\"@id\":\"https:\/\/yoopies.fr\/c\/garde-enfant\/conseils-garde-enfants\/#breadcrumb\",\"itemListElement\":[{\"@type\":\"ListItem\",\"position\":1,\"name\":\"Home\",\"item\":\"https:\/\/yoopies.fr\/c\/\"},{\"@type\":\"ListItem\",\"position\":2,\"name\":\"Garde d&rsquo;enfant\",\"item\":\"https:\/\/yoopies.fr\/c\/garde-enfant\/\"},{\"@type\":\"ListItem\",\"position\":3,\"name\":\"Conseils | Garde d&rsquo;enfants\"}]},{\"@type\":\"WebSite\",\"@id\":\"https:\/\/yoopies.fr\/c\/#website\",\"url\":\"https:\/\/yoopies.fr\/c\/\",\"name\":\"Le Blog Yoopies\",\"description\":\"\",\"publisher\":{\"@id\":\"https:\/\/yoopies.fr\/c\/#organization\"},\"potentialAction\":[{\"@type\":\"SearchAction\",\"target\":{\"@type\":\"EntryPoint\",\"urlTemplate\":\"https:\/\/yoopies.fr\/c\/?s={search_term_string}\"},\"query-input\":{\"@type\":\"PropertyValueSpecification\",\"valueRequired\":true,\"valueName\":\"search_term_string\"}}],\"inLanguage\":\"fr-FR\"},{\"@type\":\"Organization\",\"@id\":\"https:\/\/yoopies.fr\/c\/#organization\",\"name\":\"Le Blog Yoopies\",\"url\":\"https:\/\/yoopies.fr\/c\/\",\"logo\":{\"@type\":\"ImageObject\",\"inLanguage\":\"fr-FR\",\"@id\":\"https:\/\/yoopies.fr\/c\/#\/schema\/logo\/image\/\",\"url\":\"https:\/\/yoopies.fr\/c\/wp-content\/uploads\/2025\/04\/cropped-Logo_Yoopies-2.png\",\"contentUrl\":\"https:\/\/yoopies.fr\/c\/wp-content\/uploads\/2025\/04\/cropped-Logo_Yoopies-2.png\",\"width\":512,\"height\":512,\"caption\":\"Le Blog Yoopies\"},\"image\":{\"@id\":\"https:\/\/yoopies.fr\/c\/#\/schema\/logo\/image\/\"}}]}<\/script>\n<!-- \/ Yoast SEO plugin. -->","yoast_head_json":{"title":"Conseils | Garde d'enfants | Blog","description":"D\u00e9couvrez des conseils experts pour parents et professionnels sur la garde d'enfants. Trouvez des astuces, des meilleures pratiques et des solutions adapt\u00e9es pour chaque famille. Rejoignez-nous pour naviguer ensemble dans le monde de la garde d'enfants.","robots":{"index":"index","follow":"follow","max-snippet":"max-snippet:-1","max-image-preview":"max-image-preview:large","max-video-preview":"max-video-preview:-1"},"canonical":"https:\/\/yoopies.fr\/c\/garde-enfant\/conseils-garde-enfants\/","og_locale":"fr_FR","og_type":"article","og_title":"Conseils | Garde d'enfants | Blog","og_description":"D\u00e9couvrez des conseils experts pour parents et professionnels sur la garde d'enfants. Trouvez des astuces, des meilleures pratiques et des solutions adapt\u00e9es pour chaque famille. Rejoignez-nous pour naviguer ensemble dans le monde de la garde d'enfants.","og_url":"https:\/\/yoopies.fr\/c\/garde-enfant\/conseils-garde-enfants\/","og_site_name":"Le Blog Yoopies","article_modified_time":"2025-06-12T07:58:57+00:00","og_image":[{"url":"https:\/\/yoopies.fr\/c\/wp-content\/uploads\/2024\/02\/65cc76dd9be9a5b998b5ca72-shutterstock-414526966-ld.jpg","type":"","width":"","height":""}],"twitter_card":"summary_large_image","twitter_misc":{"Dur\u00e9e de lecture estim\u00e9e":"3 minutes"},"schema":{"@context":"https:\/\/schema.org","@graph":[{"@type":"WebPage","@id":"https:\/\/yoopies.fr\/c\/garde-enfant\/conseils-garde-enfants\/","url":"https:\/\/yoopies.fr\/c\/garde-enfant\/conseils-garde-enfants\/","name":"Conseils | Garde d'enfants | Blog","isPartOf":{"@id":"https:\/\/yoopies.fr\/c\/#website"},"primaryImageOfPage":{"@id":"https:\/\/yoopies.fr\/c\/garde-enfant\/conseils-garde-enfants\/#primaryimage"},"image":{"@id":"https:\/\/yoopies.fr\/c\/garde-enfant\/conseils-garde-enfants\/#primaryimage"},"thumbnailUrl":"https:\/\/yoopies.fr\/c\/wp-content\/uploads\/2024\/02\/65cc76dd9be9a5b998b5ca72-shutterstock-414526966-ld.jpg","datePublished":"2024-02-15T20:19:07+00:00","dateModified":"2025-06-12T07:58:57+00:00","description":"D\u00e9couvrez des conseils experts pour parents et professionnels sur la garde d'enfants. Trouvez des astuces, des meilleures pratiques et des solutions adapt\u00e9es pour chaque famille. Rejoignez-nous pour naviguer ensemble dans le monde de la garde d'enfants.","breadcrumb":{"@id":"https:\/\/yoopies.fr\/c\/garde-enfant\/conseils-garde-enfants\/#breadcrumb"},"inLanguage":"fr-FR","potentialAction":[{"@type":"ReadAction","target":["https:\/\/yoopies.fr\/c\/garde-enfant\/conseils-garde-enfants\/"]}]},{"@type":"ImageObject","inLanguage":"fr-FR","@id":"https:\/\/yoopies.fr\/c\/garde-enfant\/conseils-garde-enfants\/#primaryimage","url":"https:\/\/yoopies.fr\/c\/wp-content\/uploads\/2024\/02\/65cc76dd9be9a5b998b5ca72-shutterstock-414526966-ld.jpg","contentUrl":"https:\/\/yoopies.fr\/c\/wp-content\/uploads\/2024\/02\/65cc76dd9be9a5b998b5ca72-shutterstock-414526966-ld.jpg","width":615,"height":615},{"@type":"BreadcrumbList","@id":"https:\/\/yoopies.fr\/c\/garde-enfant\/conseils-garde-enfants\/#breadcrumb","itemListElement":[{"@type":"ListItem","position":1,"name":"Home","item":"https:\/\/yoopies.fr\/c\/"},{"@type":"ListItem","position":2,"name":"Garde d&rsquo;enfant","item":"https:\/\/yoopies.fr\/c\/garde-enfant\/"},{"@type":"ListItem","position":3,"name":"Conseils | Garde d&rsquo;enfants"}]},{"@type":"WebSite","@id":"https:\/\/yoopies.fr\/c\/#website","url":"https:\/\/yoopies.fr\/c\/","name":"Le Blog Yoopies","description":"","publisher":{"@id":"https:\/\/yoopies.fr\/c\/#organization"},"potentialAction":[{"@type":"SearchAction","target":{"@type":"EntryPoint","urlTemplate":"https:\/\/yoopies.fr\/c\/?s={search_term_string}"},"query-input":{"@type":"PropertyValueSpecification","valueRequired":true,"valueName":"search_term_string"}}],"inLanguage":"fr-FR"},{"@type":"Organization","@id":"https:\/\/yoopies.fr\/c\/#organization","name":"Le Blog Yoopies","url":"https:\/\/yoopies.fr\/c\/","logo":{"@type":"ImageObject","inLanguage":"fr-FR","@id":"https:\/\/yoopies.fr\/c\/#\/schema\/logo\/image\/","url":"https:\/\/yoopies.fr\/c\/wp-content\/uploads\/2025\/04\/cropped-Logo_Yoopies-2.png","contentUrl":"https:\/\/yoopies.fr\/c\/wp-content\/uploads\/2025\/04\/cropped-Logo_Yoopies-2.png","width":512,"height":512,"caption":"Le Blog Yoopies"},"image":{"@id":"https:\/\/yoopies.fr\/c\/#\/schema\/logo\/image\/"}}]}},"_links":{"self":[{"href":"https:\/\/yoopies.fr\/c\/wp-json\/wp\/v2\/pages\/435","targetHints":{"allow":["GET"]}}],"collection":[{"href":"https:\/\/yoopies.fr\/c\/wp-json\/wp\/v2\/pages"}],"about":[{"href":"https:\/\/yoopies.fr\/c\/wp-json\/wp\/v2\/types\/page"}],"author":[{"embeddable":true,"href":"https:\/\/yoopies.fr\/c\/wp-json\/wp\/v2\/users\/10"}],"replies":[{"embeddable":true,"href":"https:\/\/yoopies.fr\/c\/wp-json\/wp\/v2\/comments?post=435"}],"version-history":[{"count":3,"href":"https:\/\/yoopies.fr\/c\/wp-json\/wp\/v2\/pages\/435\/revisions"}],"predecessor-version":[{"id":1153,"href":"https:\/\/yoopies.fr\/c\/wp-json\/wp\/v2\/pages\/435\/revisions\/1153"}],"up":[{"embeddable":true,"href":"https:\/\/yoopies.fr\/c\/wp-json\/wp\/v2\/pages\/84"}],"wp:attachment":[{"href":"https:\/\/yoopies.fr\/c\/wp-json\/wp\/v2\/media?parent=435"}],"curies":[{"name":"wp","href":"https:\/\/api.w.org\/{rel}","templated":true}]}}