{"id":432,"date":"2024-08-20T15:38:34","date_gmt":"2024-08-20T15:38:34","guid":{"rendered":"https:\/\/blog.yoopies.fr\/tarif-nounou-domicile-2024\/"},"modified":"2025-08-26T06:05:51","modified_gmt":"2025-08-26T06:05:51","slug":"tarif-nounou-domicile-2024","status":"publish","type":"page","link":"https:\/\/yoopies.fr\/c\/tarif-nounou-domicile-2024\/","title":{"rendered":"Trouvez une nounou \u00e0 domicile en 2024: pas une discipline olympique, mais tout comme !"},"content":{"rendered":"<p><strong>Paris, fin ao\u00fbt 2024 \u2013 Les Jeux Olympiques viennent \u00e0 peine de se terminer, et tandis que les athl\u00e8tes du monde entier rangent leurs m\u00e9dailles, nos petits champions se pr\u00e9parent pour leur propre marathon annuel\u00a0: la rentr\u00e9e scolaire\u00a0! <br \/>Avec les sacs \u00e0 dos pr\u00eats \u00e0 exploser et les crayons aiguis\u00e9s comme des javelots, il est temps pour les parents de plonger dans la course aux services de nounou \u00e0 domicile et interventions \u00e0 domicile.<br \/>Et \u00e7a s\u2019annonce sportif\u00a0!<\/strong><\/p>\n<h2><strong>Tarifs de nounou \u00e0 domicile: hausse record de 4,21 % en moyenne pour cette ann\u00e9e\u00a0!<\/strong><\/h2>\n<p>D&rsquo;apr\u00e8s le <a href=\"https:\/\/yoopies.fr\/c\/tarif-nounou-domicile-2024\/\">Barom\u00e8tre* 2024 de Yoopies<\/a>, le <b>tarif moyen horaire<\/b> pour une <b>nounou \u00e0 domicile<\/b> en <b>France<\/b> s&rsquo;\u00e9l\u00e8ve d\u00e9sormais \u00e0 <b>10,50 \u20ac<\/b>, contre 10,12 \u20ac en 2023 et pour une assistante maternelle il est de <b>3,96\u20ac<\/b> contre 3,80 \u20ac en 2023.<br \/>Ainsi, les tarifs de garde d\u2019enfants en France connaissent une augmentation de 4,21 % pour les assistantes maternelles et de 3,75 % pour les gardes \u00e0 domicile.<\/p>\n<p>Comme chaque ann\u00e9e, nous notons que c\u2019est en Corse que le co\u00fbt horaire est le plus \u00e9lev\u00e9 (4,86 \u20ac par heure et par enfant), suivi par la r\u00e9gion PACA (4,57 \u20ac par heure et par enfant) et l\u2019Ile-de-France (4,38 \u20ac par heure et par enfant) pour choisir une assistante maternelle. C\u2019est \u00e9galement en Corse que l\u2019on note l\u2019augmentation la plus forte du tarif horaire (+8,97 %).<br \/>Pour ce qui est de la garde \u00e0 domicile, la plus forte augmentation se situe en Bourgogne-Franche-comt\u00e9 (+6,53%), la r\u00e9gion restant cependant l\u2019une des moins on\u00e9reuses (10,28 \u20ac par heure) avec les Hauts-de-France (10,10\u20acpar heure) et la r\u00e9gion Grand-Est (10,20\u20ac)<\/p>\n<figure><img decoding=\"async\" src=\"https:\/\/yoopies.fr\/c\/wp-content\/uploads\/2024\/08\/Tarif_nounou_a_domicile_2024_en_France.jpg\" alt=\"Tarif nounou a domicile 2024 en France\" \/><\/figure>\n<h3><strong>Une revalorisation des tarifs pour les nounous en 2023-2027<\/strong><\/h3>\n<p>Cette tendance s\u2019inscrit dans un contexte \u00e9conomique tendu, marqu\u00e9 par l\u2019inflation persistante. En France, comme dans de nombreux pays europ\u00e9ens, la hausse des co\u00fbts se ressent sur tous les services \u00e0 la personne, et la garde d\u2019enfants n\u2019\u00e9chappe pas \u00e0 cette r\u00e9alit\u00e9.Le budget des familles est ainsi directement impact\u00e9, notamment celles qui ont des besoins de garde r\u00e9guliers, ce qui repr\u00e9sente un d\u00e9fi suppl\u00e9mentaire dans un budget d\u00e9j\u00e0 souvent contraint.<\/p>\n<p>La revalorisation des m\u00e9tiers de service pr\u00e9vue dans le cadre de la\u00a0<a href=\"https:\/\/solidarites.gouv.fr\/le-gouvernement-annonce-un-accompagnement-financier-des-revalorisations-salariales-dans-le-secteur\">Convention d&rsquo;Objectifs et de Gestion (COG) 2023-2027<\/a>\u00a0impacte \u00e9galement les tarifs de garde d\u2019enfants. Ainsi, le gouvernement souhaite am\u00e9liorer l\u2019attractivit\u00e9 des m\u00e9tiers de la petite enfance en augmentant les salaires.<\/p>\n<p>Selon Marie Cavillon, directrice g\u00e9n\u00e9rale de\u00a0<a href=\"https:\/\/yoopies.fr\/\">Yoopies<\/a>, \u00ab\u00a0<i>la revalorisation des salaires dans les m\u00e9tiers de la petite enfance, pr\u00e9vue dans le cadre de la COG 2023-2027, est une avanc\u00e9e cruciale pour redonner de l\u2019attractivit\u00e9 \u00e0 ces m\u00e9tiers essentiels<\/i>\u201d, avant d\u2019ajouter: \u201c<i>nous observons chaque jour l&rsquo;impact positif d\u2019une r\u00e9mun\u00e9ration juste sur la qualit\u00e9 des services de garde d\u2019enfants. Cette initiative est un pas important vers une meilleure reconnaissance des professionnels qui accompagnent nos enfants au quotidien, tout en offrant aux familles un acc\u00e8s \u00e0 des services de qualit\u00e9<\/i>.\u00a0\u00bb<\/p>\n<p>Cette hausse des co\u00fbts s\u2019inscrit \u00e9galement dans un contexte o\u00f9 la demande pour des services de garde qualifi\u00e9s est en forte augmentation, en raison du retour au travail pr\u00e9sentiel et du besoin accru de flexibilit\u00e9.<\/p>\n<h2><strong>Solutions pour les parents : aides disponibles cr\u00e9dit d\u2019imp\u00f4t et PAJE<\/strong><\/h2>\n<p>Heureusement, malgr\u00e9 ces augmentations, plusieurs solutions permettent de r\u00e9duire l\u2019impact financier pour les familles. La France b\u00e9n\u00e9ficie d\u2019un <b>syst\u00e8me d\u2019aides publiques parmi les plus g\u00e9n\u00e9reux d\u2019Europe<\/b>, avec des dispositifs tels que la <a href=\"https:\/\/www.caf.fr\/allocataires\/aides-et-demarches\/droits-et-prestations\/vie-personnelle\" target=\"_blank\" rel=\"noopener\">PAJE<\/a> et le <a href=\"https:\/\/www.service-public.fr\/particuliers\/vosdroits\/F12\" target=\"_blank\" rel=\"noopener\"> <strong>cr\u00e9dit d\u2019imp\u00f4t<\/strong><\/a> pour l\u2019emploi d\u2019un salari\u00e9 \u00e0 domicile. Ces aides peuvent couvrir jusqu\u2019\u00e0 <b>50\u00a0% des co\u00fbts<\/b>, ramenant ainsi le tarif horaire moyen d\u2019une nounou \u00e0 domicile \u00e0 environ <b>5,06\u00a0\u20ac<\/b>. <br \/>Yoopies met \u00e0 disposition un <a href=\"https:\/\/yoopies.fr\/simulateur\" target=\"_blank\" rel=\"noopener\">simulateur en ligne<\/a> pour estimer les aides auxquelles les familles peuvent pr\u00e9tendre, facilitant ainsi la <b>planification budg\u00e9taire<\/b>.<\/p>\n<p>\u00a0<\/p>\n<p><a class=\"button\" href=\"\/simulateur\">D\u00e9couvrez les tarifs dans votre commune avec notre simulateur<\/a><\/p>\n<p>\u00a0<\/p>\n<p><strong>Anticiper pour faire face \u00e0 la hausse des tarifs<\/strong><\/p>\n<p>En outre, passer par une plateforme en ligne comme Yoopies offre plusieurs avantages : une large s\u00e9lection de profils v\u00e9rifi\u00e9s, des outils pour simplifier les d\u00e9marches administratives, et la possibilit\u00e9 de comparer les tarifs. Avec une base de 1 000 000 intervenants, Yoopies assure une v\u00e9rification rigoureuse des profils pour garantir une prestation de qualit\u00e9 adapt\u00e9e \u00e0 chaque besoin.\u00a0<\/p>\n<p>Pour \u00e9viter le stress de derni\u00e8re minute, il est vivement conseill\u00e9 de commencer les recherches d\u00e8s maintenant. Anticiper permet non seulement de trouver le meilleur rapport qualit\u00e9-prix, mais aussi de choisir l\u2019intervenant id\u00e9al pour ses enfants. En s\u2019y prenant t\u00f4t, les parents peuvent \u00e9galement b\u00e9n\u00e9ficier de recommandations d\u2019autres familles et s\u2019assurer que les qualifications et disponibilit\u00e9s des intervenants correspondent \u00e0 leurs attentes.<\/p>\n<p><strong>Alors, \u00e0 vos marques, pr\u00eats, partez\u00a0!?<\/strong><\/p>\n<p>\u00a0<\/p>\n<p><a class=\"button\" href=\"https:\/\/yoopies.fr\/registration\/childcare\/employer\">Trouvez une baby-sitter \/ nounou<\/a><a class=\"button\" href=\"https:\/\/yoopies.fr\/register\/applicant\">Je suis une baby-sitter \/ nounou<\/a><\/p>\n<p>\u00a0<\/p>\n<p><strong>Contact Presse<\/strong> :<br \/>Marie Cavillon \u2013 07 85 30 47 18 \u2013 marie@yoopies.com\u00a0<\/p>\n<p><strong>A propos de Yoopies<\/strong>:<br \/>Yoopies est la solution de services \u00e0 domicile \u00e0 destination des particuliers. Cr\u00e9\u00e9e en 2011 par Benjamin Suchar et Jessica Cymerman, Yoopies s\u2019est rapidement impos\u00e9e comme la premi\u00e8re plateforme de garde d\u2019enfants en Europe. Bas\u00e9e \u00e0 Paris et pr\u00e9sente dans 16 pays, la startup a \u00e9largi ses activit\u00e9s \u00e0 la garde d\u2019animaux, au soutien scolaire, \u00e0 l\u2019aide aux seniors, ou encore au m\u00e9nage. S\u2019appuyant sur la recommandation sociale et forte de plus de 3 millions de membres, Yoopies permet \u00e0 ses clients de choisir leur intervenant en toute confiance.<\/p>\n<p><strong>Barom\u00e8tre Yoopies*<\/strong> = URSSAF Caisse nationale et donn\u00e9es Yoopies &#8211; mises \u00e0 jour de juillet 2024<\/p>\n\n\n<p><\/p>\n","protected":false},"excerpt":{"rendered":"<p>Paris, fin ao\u00fbt 2024 \u2013 Les Jeux Olympiques viennent \u00e0 peine de se terminer, et tandis que les athl\u00e8tes du &hellip; <\/p>\n","protected":false},"author":10,"featured_media":0,"parent":0,"menu_order":0,"comment_status":"closed","ping_status":"closed","template":"","meta":{"_acf_changed":false,"footnotes":""},"class_list":["post-432","page","type-page","status-publish","hentry"],"acf":[],"yoast_head":"<!-- This site is optimized with the Yoast SEO plugin v26.9 - https:\/\/yoast.com\/product\/yoast-seo-wordpress\/ -->\n<title>Tarif nounou a domicile 2024 | Le co\u00fbt de la garde<\/title>\n<meta name=\"description\" content=\"D\u00e9couvrez comment faire face \u00e0 la hausse des tarifs nounou \u00e0 domicile en 2024 et trouver une garde d\u2019enfants adapt\u00e9e \u00e0 votre budget.\" \/>\n<meta name=\"robots\" content=\"index, follow, max-snippet:-1, max-image-preview:large, max-video-preview:-1\" \/>\n<link rel=\"canonical\" href=\"https:\/\/yoopies.fr\/c\/tarif-nounou-domicile-2024\/\" \/>\n<meta property=\"og:locale\" content=\"fr_FR\" \/>\n<meta property=\"og:type\" content=\"article\" \/>\n<meta property=\"og:title\" content=\"Tarif nounou a domicile 2024 | Le co\u00fbt de la garde\" \/>\n<meta property=\"og:description\" content=\"D\u00e9couvrez comment faire face \u00e0 la hausse des tarifs nounou \u00e0 domicile en 2024 et trouver une garde d\u2019enfants adapt\u00e9e \u00e0 votre budget.\" \/>\n<meta property=\"og:url\" content=\"https:\/\/yoopies.fr\/c\/tarif-nounou-domicile-2024\/\" \/>\n<meta property=\"og:site_name\" content=\"Le Blog Yoopies\" \/>\n<meta property=\"article:modified_time\" content=\"2025-08-26T06:05:51+00:00\" \/>\n<meta property=\"og:image\" content=\"https:\/\/yoopies.fr\/c\/wp-content\/uploads\/2024\/08\/Tarif_nounou_a_domicile_2024_en_France.jpg\" \/>\n<meta name=\"twitter:card\" content=\"summary_large_image\" \/>\n<meta name=\"twitter:label1\" content=\"Dur\u00e9e de lecture estim\u00e9e\" \/>\n\t<meta name=\"twitter:data1\" content=\"5 minutes\" \/>\n<script type=\"application\/ld+json\" class=\"yoast-schema-graph\">{\"@context\":\"https:\/\/schema.org\",\"@graph\":[{\"@type\":\"WebPage\",\"@id\":\"https:\/\/yoopies.fr\/c\/tarif-nounou-domicile-2024\/\",\"url\":\"https:\/\/yoopies.fr\/c\/tarif-nounou-domicile-2024\/\",\"name\":\"Tarif nounou a domicile 2024 | Le co\u00fbt de la garde\",\"isPartOf\":{\"@id\":\"https:\/\/yoopies.fr\/c\/#website\"},\"primaryImageOfPage\":{\"@id\":\"https:\/\/yoopies.fr\/c\/tarif-nounou-domicile-2024\/#primaryimage\"},\"image\":{\"@id\":\"https:\/\/yoopies.fr\/c\/tarif-nounou-domicile-2024\/#primaryimage\"},\"thumbnailUrl\":\"https:\/\/yoopies.fr\/c\/wp-content\/uploads\/2024\/08\/Tarif_nounou_a_domicile_2024_en_France.jpg\",\"datePublished\":\"2024-08-20T15:38:34+00:00\",\"dateModified\":\"2025-08-26T06:05:51+00:00\",\"description\":\"D\u00e9couvrez comment faire face \u00e0 la hausse des tarifs nounou \u00e0 domicile en 2024 et trouver une garde d\u2019enfants adapt\u00e9e \u00e0 votre budget.\",\"breadcrumb\":{\"@id\":\"https:\/\/yoopies.fr\/c\/tarif-nounou-domicile-2024\/#breadcrumb\"},\"inLanguage\":\"fr-FR\",\"potentialAction\":[{\"@type\":\"ReadAction\",\"target\":[\"https:\/\/yoopies.fr\/c\/tarif-nounou-domicile-2024\/\"]}]},{\"@type\":\"ImageObject\",\"inLanguage\":\"fr-FR\",\"@id\":\"https:\/\/yoopies.fr\/c\/tarif-nounou-domicile-2024\/#primaryimage\",\"url\":\"https:\/\/yoopies.fr\/c\/wp-content\/uploads\/2024\/08\/Tarif_nounou_a_domicile_2024_en_France.jpg\",\"contentUrl\":\"https:\/\/yoopies.fr\/c\/wp-content\/uploads\/2024\/08\/Tarif_nounou_a_domicile_2024_en_France.jpg\",\"width\":1240,\"height\":3659},{\"@type\":\"BreadcrumbList\",\"@id\":\"https:\/\/yoopies.fr\/c\/tarif-nounou-domicile-2024\/#breadcrumb\",\"itemListElement\":[{\"@type\":\"ListItem\",\"position\":1,\"name\":\"Home\",\"item\":\"https:\/\/yoopies.fr\/c\/\"},{\"@type\":\"ListItem\",\"position\":2,\"name\":\"Trouvez une nounou \u00e0 domicile en 2024: pas une discipline olympique, mais tout comme !\"}]},{\"@type\":\"WebSite\",\"@id\":\"https:\/\/yoopies.fr\/c\/#website\",\"url\":\"https:\/\/yoopies.fr\/c\/\",\"name\":\"Le Blog Yoopies\",\"description\":\"\",\"publisher\":{\"@id\":\"https:\/\/yoopies.fr\/c\/#organization\"},\"potentialAction\":[{\"@type\":\"SearchAction\",\"target\":{\"@type\":\"EntryPoint\",\"urlTemplate\":\"https:\/\/yoopies.fr\/c\/?s={search_term_string}\"},\"query-input\":{\"@type\":\"PropertyValueSpecification\",\"valueRequired\":true,\"valueName\":\"search_term_string\"}}],\"inLanguage\":\"fr-FR\"},{\"@type\":\"Organization\",\"@id\":\"https:\/\/yoopies.fr\/c\/#organization\",\"name\":\"Le Blog Yoopies\",\"url\":\"https:\/\/yoopies.fr\/c\/\",\"logo\":{\"@type\":\"ImageObject\",\"inLanguage\":\"fr-FR\",\"@id\":\"https:\/\/yoopies.fr\/c\/#\/schema\/logo\/image\/\",\"url\":\"https:\/\/yoopies.fr\/c\/wp-content\/uploads\/2025\/04\/cropped-Logo_Yoopies-2.png\",\"contentUrl\":\"https:\/\/yoopies.fr\/c\/wp-content\/uploads\/2025\/04\/cropped-Logo_Yoopies-2.png\",\"width\":512,\"height\":512,\"caption\":\"Le Blog Yoopies\"},\"image\":{\"@id\":\"https:\/\/yoopies.fr\/c\/#\/schema\/logo\/image\/\"}}]}<\/script>\n<!-- \/ Yoast SEO plugin. -->","yoast_head_json":{"title":"Tarif nounou a domicile 2024 | Le co\u00fbt de la garde","description":"D\u00e9couvrez comment faire face \u00e0 la hausse des tarifs nounou \u00e0 domicile en 2024 et trouver une garde d\u2019enfants adapt\u00e9e \u00e0 votre budget.","robots":{"index":"index","follow":"follow","max-snippet":"max-snippet:-1","max-image-preview":"max-image-preview:large","max-video-preview":"max-video-preview:-1"},"canonical":"https:\/\/yoopies.fr\/c\/tarif-nounou-domicile-2024\/","og_locale":"fr_FR","og_type":"article","og_title":"Tarif nounou a domicile 2024 | Le co\u00fbt de la garde","og_description":"D\u00e9couvrez comment faire face \u00e0 la hausse des tarifs nounou \u00e0 domicile en 2024 et trouver une garde d\u2019enfants adapt\u00e9e \u00e0 votre budget.","og_url":"https:\/\/yoopies.fr\/c\/tarif-nounou-domicile-2024\/","og_site_name":"Le Blog Yoopies","article_modified_time":"2025-08-26T06:05:51+00:00","og_image":[{"url":"https:\/\/yoopies.fr\/c\/wp-content\/uploads\/2024\/08\/Tarif_nounou_a_domicile_2024_en_France.jpg","type":"","width":"","height":""}],"twitter_card":"summary_large_image","twitter_misc":{"Dur\u00e9e de lecture estim\u00e9e":"5 minutes"},"schema":{"@context":"https:\/\/schema.org","@graph":[{"@type":"WebPage","@id":"https:\/\/yoopies.fr\/c\/tarif-nounou-domicile-2024\/","url":"https:\/\/yoopies.fr\/c\/tarif-nounou-domicile-2024\/","name":"Tarif nounou a domicile 2024 | Le co\u00fbt de la garde","isPartOf":{"@id":"https:\/\/yoopies.fr\/c\/#website"},"primaryImageOfPage":{"@id":"https:\/\/yoopies.fr\/c\/tarif-nounou-domicile-2024\/#primaryimage"},"image":{"@id":"https:\/\/yoopies.fr\/c\/tarif-nounou-domicile-2024\/#primaryimage"},"thumbnailUrl":"https:\/\/yoopies.fr\/c\/wp-content\/uploads\/2024\/08\/Tarif_nounou_a_domicile_2024_en_France.jpg","datePublished":"2024-08-20T15:38:34+00:00","dateModified":"2025-08-26T06:05:51+00:00","description":"D\u00e9couvrez comment faire face \u00e0 la hausse des tarifs nounou \u00e0 domicile en 2024 et trouver une garde d\u2019enfants adapt\u00e9e \u00e0 votre budget.","breadcrumb":{"@id":"https:\/\/yoopies.fr\/c\/tarif-nounou-domicile-2024\/#breadcrumb"},"inLanguage":"fr-FR","potentialAction":[{"@type":"ReadAction","target":["https:\/\/yoopies.fr\/c\/tarif-nounou-domicile-2024\/"]}]},{"@type":"ImageObject","inLanguage":"fr-FR","@id":"https:\/\/yoopies.fr\/c\/tarif-nounou-domicile-2024\/#primaryimage","url":"https:\/\/yoopies.fr\/c\/wp-content\/uploads\/2024\/08\/Tarif_nounou_a_domicile_2024_en_France.jpg","contentUrl":"https:\/\/yoopies.fr\/c\/wp-content\/uploads\/2024\/08\/Tarif_nounou_a_domicile_2024_en_France.jpg","width":1240,"height":3659},{"@type":"BreadcrumbList","@id":"https:\/\/yoopies.fr\/c\/tarif-nounou-domicile-2024\/#breadcrumb","itemListElement":[{"@type":"ListItem","position":1,"name":"Home","item":"https:\/\/yoopies.fr\/c\/"},{"@type":"ListItem","position":2,"name":"Trouvez une nounou \u00e0 domicile en 2024: pas une discipline olympique, mais tout comme !"}]},{"@type":"WebSite","@id":"https:\/\/yoopies.fr\/c\/#website","url":"https:\/\/yoopies.fr\/c\/","name":"Le Blog Yoopies","description":"","publisher":{"@id":"https:\/\/yoopies.fr\/c\/#organization"},"potentialAction":[{"@type":"SearchAction","target":{"@type":"EntryPoint","urlTemplate":"https:\/\/yoopies.fr\/c\/?s={search_term_string}"},"query-input":{"@type":"PropertyValueSpecification","valueRequired":true,"valueName":"search_term_string"}}],"inLanguage":"fr-FR"},{"@type":"Organization","@id":"https:\/\/yoopies.fr\/c\/#organization","name":"Le Blog Yoopies","url":"https:\/\/yoopies.fr\/c\/","logo":{"@type":"ImageObject","inLanguage":"fr-FR","@id":"https:\/\/yoopies.fr\/c\/#\/schema\/logo\/image\/","url":"https:\/\/yoopies.fr\/c\/wp-content\/uploads\/2025\/04\/cropped-Logo_Yoopies-2.png","contentUrl":"https:\/\/yoopies.fr\/c\/wp-content\/uploads\/2025\/04\/cropped-Logo_Yoopies-2.png","width":512,"height":512,"caption":"Le Blog Yoopies"},"image":{"@id":"https:\/\/yoopies.fr\/c\/#\/schema\/logo\/image\/"}}]}},"_links":{"self":[{"href":"https:\/\/yoopies.fr\/c\/wp-json\/wp\/v2\/pages\/432","targetHints":{"allow":["GET"]}}],"collection":[{"href":"https:\/\/yoopies.fr\/c\/wp-json\/wp\/v2\/pages"}],"about":[{"href":"https:\/\/yoopies.fr\/c\/wp-json\/wp\/v2\/types\/page"}],"author":[{"embeddable":true,"href":"https:\/\/yoopies.fr\/c\/wp-json\/wp\/v2\/users\/10"}],"replies":[{"embeddable":true,"href":"https:\/\/yoopies.fr\/c\/wp-json\/wp\/v2\/comments?post=432"}],"version-history":[{"count":4,"href":"https:\/\/yoopies.fr\/c\/wp-json\/wp\/v2\/pages\/432\/revisions"}],"predecessor-version":[{"id":1521,"href":"https:\/\/yoopies.fr\/c\/wp-json\/wp\/v2\/pages\/432\/revisions\/1521"}],"wp:attachment":[{"href":"https:\/\/yoopies.fr\/c\/wp-json\/wp\/v2\/media?parent=432"}],"curies":[{"name":"wp","href":"https:\/\/api.w.org\/{rel}","templated":true}]}}