{"id":423,"date":"2019-12-23T17:29:41","date_gmt":"2019-12-23T17:29:41","guid":{"rendered":"https:\/\/blog.yoopies.fr\/guide-de-lemployeur-aide-aux-devoirs\/"},"modified":"2026-01-23T09:10:49","modified_gmt":"2026-01-23T09:10:49","slug":"guide-de-lemployeur-aide-aux-devoirs","status":"publish","type":"page","link":"https:\/\/yoopies.fr\/c\/guide-de-lemployeur-aide-aux-devoirs\/","title":{"rendered":"Soutien scolaire"},"content":{"rendered":"<figure><img decoding=\"async\" src=\"https:\/\/yoopies.fr\/c\/wp-content\/uploads\/2019\/12\/yoopies-cms2f2cae4e6e-4403-4d3f-95d8-cc535e2bd6cb-tutoring.jpg\" \/><\/figure>\n<p>Vous souhaitez employ\u00e9 LA personne qui aidera votre enfant \u00e0 relever ses d\u00e9fis scolaires ?! Retrouvez ici nos articles regroupant conseils et astuces pour embaucher et g\u00e9rer au mieux votre futur professeur particulier.<\/p>\n<p><strong>La recherche<\/strong><\/p>\n<p>Quels sont les particularit\u00e9s et les avantages d&rsquo;avoir recours \u00e0 un professeur particulier en auto-entrepreneur ?<\/p>\n<p><strong>L&rsquo;entretien d&#8217;embauche<\/strong><\/p>\n<p><strong>L&#8217;embauche <\/strong><\/p>\n<h4><a href=\"https:\/\/yoopies.fr\/c\/embauche-salarie-a-domicile\/\">Tout savoir sur l&#8217;embauche d&rsquo;un salari\u00e9 \u00e0 domicile<\/a><\/h4>\n<p><strong>La gestion de votre salari\u00e9<\/strong><\/p>\n<h4><a href=\"https:\/\/yoopies.fr\/c\/bien-evaluer-le-cout-dune-rupture-de-contrat-de-travail\/\">Evaluer le co\u00fbt d\u2019une rupture de contrat de travail<\/a><\/h4>\n<h4><a href=\"https:\/\/yoopies.fr\/c\/lindemnite-compensatrice-de-preavis\/\">L\u2019indemnit\u00e9 compensatrice de pr\u00e9avis <\/a><\/h4>\n<h4><a href=\"https:\/\/yoopies.fr\/c\/lindemnite-compensatrice-de-conges-payes\/\">L\u2019indemnit\u00e9 compensatrice de cong\u00e9s pay\u00e9s\u00a0\u00a0<\/a><\/h4>\n<h4><a href=\"https:\/\/yoopies.fr\/c\/lindemnite-de-licenciement\/\">L\u2019indemnit\u00e9 de licenciement <\/a><\/h4>\n<h4><a href=\"https:\/\/yoopies.fr\/c\/la-rupture-conventionnelle\/\">L\u2019indemnit\u00e9 de rupture conventionnelle <\/a><\/h4>\n","protected":false},"excerpt":{"rendered":"<p>Vous souhaitez employ\u00e9 LA personne qui aidera votre enfant \u00e0 relever ses d\u00e9fis scolaires ?! Retrouvez ici nos articles regroupant &hellip; <\/p>\n","protected":false},"author":10,"featured_media":0,"parent":0,"menu_order":0,"comment_status":"closed","ping_status":"closed","template":"","meta":{"_acf_changed":false,"footnotes":""},"class_list":["post-423","page","type-page","status-publish","hentry"],"acf":[],"yoast_head":"<!-- This site is optimized with the Yoast SEO plugin v26.9 - https:\/\/yoast.com\/product\/yoast-seo-wordpress\/ -->\n<title>Guide employeur professeur particulier\/aide aux devoirs<\/title>\n<meta name=\"description\" content=\"Retrouvez tous nos conseils et astuces pour trouver, embaucher et g\u00e9rer votre futur professeur particulier\" \/>\n<meta name=\"robots\" content=\"index, follow, max-snippet:-1, max-image-preview:large, max-video-preview:-1\" \/>\n<link rel=\"canonical\" href=\"https:\/\/yoopies.fr\/c\/guide-de-lemployeur-aide-aux-devoirs\/\" \/>\n<meta property=\"og:locale\" content=\"fr_FR\" \/>\n<meta property=\"og:type\" content=\"article\" \/>\n<meta property=\"og:title\" content=\"Guide employeur professeur particulier\/aide aux devoirs\" \/>\n<meta property=\"og:description\" content=\"Retrouvez tous nos conseils et astuces pour trouver, embaucher et g\u00e9rer votre futur professeur particulier\" \/>\n<meta property=\"og:url\" content=\"https:\/\/yoopies.fr\/c\/guide-de-lemployeur-aide-aux-devoirs\/\" \/>\n<meta property=\"og:site_name\" content=\"Le Blog Yoopies\" \/>\n<meta property=\"article:modified_time\" content=\"2026-01-23T09:10:49+00:00\" \/>\n<meta property=\"og:image\" content=\"https:\/\/yoopies.fr\/c\/wp-content\/uploads\/2019\/12\/yoopies-cms2f2cae4e6e-4403-4d3f-95d8-cc535e2bd6cb-tutoring.jpg\" \/>\n<meta name=\"twitter:card\" content=\"summary_large_image\" \/>\n<meta name=\"twitter:label1\" content=\"Dur\u00e9e de lecture estim\u00e9e\" \/>\n\t<meta name=\"twitter:data1\" content=\"1 minute\" \/>\n<script type=\"application\/ld+json\" class=\"yoast-schema-graph\">{\"@context\":\"https:\/\/schema.org\",\"@graph\":[{\"@type\":\"WebPage\",\"@id\":\"https:\/\/yoopies.fr\/c\/guide-de-lemployeur-aide-aux-devoirs\/\",\"url\":\"https:\/\/yoopies.fr\/c\/guide-de-lemployeur-aide-aux-devoirs\/\",\"name\":\"Guide employeur professeur particulier\/aide aux devoirs\",\"isPartOf\":{\"@id\":\"https:\/\/yoopies.fr\/c\/#website\"},\"primaryImageOfPage\":{\"@id\":\"https:\/\/yoopies.fr\/c\/guide-de-lemployeur-aide-aux-devoirs\/#primaryimage\"},\"image\":{\"@id\":\"https:\/\/yoopies.fr\/c\/guide-de-lemployeur-aide-aux-devoirs\/#primaryimage\"},\"thumbnailUrl\":\"https:\/\/yoopies.fr\/c\/wp-content\/uploads\/2019\/12\/yoopies-cms2f2cae4e6e-4403-4d3f-95d8-cc535e2bd6cb-tutoring.jpg\",\"datePublished\":\"2019-12-23T17:29:41+00:00\",\"dateModified\":\"2026-01-23T09:10:49+00:00\",\"description\":\"Retrouvez tous nos conseils et astuces pour trouver, embaucher et g\u00e9rer votre futur professeur particulier\",\"breadcrumb\":{\"@id\":\"https:\/\/yoopies.fr\/c\/guide-de-lemployeur-aide-aux-devoirs\/#breadcrumb\"},\"inLanguage\":\"fr-FR\",\"potentialAction\":[{\"@type\":\"ReadAction\",\"target\":[\"https:\/\/yoopies.fr\/c\/guide-de-lemployeur-aide-aux-devoirs\/\"]}]},{\"@type\":\"ImageObject\",\"inLanguage\":\"fr-FR\",\"@id\":\"https:\/\/yoopies.fr\/c\/guide-de-lemployeur-aide-aux-devoirs\/#primaryimage\",\"url\":\"https:\/\/yoopies.fr\/c\/wp-content\/uploads\/2019\/12\/yoopies-cms2f2cae4e6e-4403-4d3f-95d8-cc535e2bd6cb-tutoring.jpg\",\"contentUrl\":\"https:\/\/yoopies.fr\/c\/wp-content\/uploads\/2019\/12\/yoopies-cms2f2cae4e6e-4403-4d3f-95d8-cc535e2bd6cb-tutoring.jpg\",\"width\":1920,\"height\":1080},{\"@type\":\"BreadcrumbList\",\"@id\":\"https:\/\/yoopies.fr\/c\/guide-de-lemployeur-aide-aux-devoirs\/#breadcrumb\",\"itemListElement\":[{\"@type\":\"ListItem\",\"position\":1,\"name\":\"Home\",\"item\":\"https:\/\/yoopies.fr\/c\/\"},{\"@type\":\"ListItem\",\"position\":2,\"name\":\"Soutien scolaire\"}]},{\"@type\":\"WebSite\",\"@id\":\"https:\/\/yoopies.fr\/c\/#website\",\"url\":\"https:\/\/yoopies.fr\/c\/\",\"name\":\"Le Blog Yoopies\",\"description\":\"\",\"publisher\":{\"@id\":\"https:\/\/yoopies.fr\/c\/#organization\"},\"potentialAction\":[{\"@type\":\"SearchAction\",\"target\":{\"@type\":\"EntryPoint\",\"urlTemplate\":\"https:\/\/yoopies.fr\/c\/?s={search_term_string}\"},\"query-input\":{\"@type\":\"PropertyValueSpecification\",\"valueRequired\":true,\"valueName\":\"search_term_string\"}}],\"inLanguage\":\"fr-FR\"},{\"@type\":\"Organization\",\"@id\":\"https:\/\/yoopies.fr\/c\/#organization\",\"name\":\"Le Blog Yoopies\",\"url\":\"https:\/\/yoopies.fr\/c\/\",\"logo\":{\"@type\":\"ImageObject\",\"inLanguage\":\"fr-FR\",\"@id\":\"https:\/\/yoopies.fr\/c\/#\/schema\/logo\/image\/\",\"url\":\"https:\/\/yoopies.fr\/c\/wp-content\/uploads\/2025\/04\/cropped-Logo_Yoopies-2.png\",\"contentUrl\":\"https:\/\/yoopies.fr\/c\/wp-content\/uploads\/2025\/04\/cropped-Logo_Yoopies-2.png\",\"width\":512,\"height\":512,\"caption\":\"Le Blog Yoopies\"},\"image\":{\"@id\":\"https:\/\/yoopies.fr\/c\/#\/schema\/logo\/image\/\"}}]}<\/script>\n<!-- \/ Yoast SEO plugin. -->","yoast_head_json":{"title":"Guide employeur professeur particulier\/aide aux devoirs","description":"Retrouvez tous nos conseils et astuces pour trouver, embaucher et g\u00e9rer votre futur professeur particulier","robots":{"index":"index","follow":"follow","max-snippet":"max-snippet:-1","max-image-preview":"max-image-preview:large","max-video-preview":"max-video-preview:-1"},"canonical":"https:\/\/yoopies.fr\/c\/guide-de-lemployeur-aide-aux-devoirs\/","og_locale":"fr_FR","og_type":"article","og_title":"Guide employeur professeur particulier\/aide aux devoirs","og_description":"Retrouvez tous nos conseils et astuces pour trouver, embaucher et g\u00e9rer votre futur professeur particulier","og_url":"https:\/\/yoopies.fr\/c\/guide-de-lemployeur-aide-aux-devoirs\/","og_site_name":"Le Blog Yoopies","article_modified_time":"2026-01-23T09:10:49+00:00","og_image":[{"url":"https:\/\/yoopies.fr\/c\/wp-content\/uploads\/2019\/12\/yoopies-cms2f2cae4e6e-4403-4d3f-95d8-cc535e2bd6cb-tutoring.jpg","type":"","width":"","height":""}],"twitter_card":"summary_large_image","twitter_misc":{"Dur\u00e9e de lecture estim\u00e9e":"1 minute"},"schema":{"@context":"https:\/\/schema.org","@graph":[{"@type":"WebPage","@id":"https:\/\/yoopies.fr\/c\/guide-de-lemployeur-aide-aux-devoirs\/","url":"https:\/\/yoopies.fr\/c\/guide-de-lemployeur-aide-aux-devoirs\/","name":"Guide employeur professeur particulier\/aide aux devoirs","isPartOf":{"@id":"https:\/\/yoopies.fr\/c\/#website"},"primaryImageOfPage":{"@id":"https:\/\/yoopies.fr\/c\/guide-de-lemployeur-aide-aux-devoirs\/#primaryimage"},"image":{"@id":"https:\/\/yoopies.fr\/c\/guide-de-lemployeur-aide-aux-devoirs\/#primaryimage"},"thumbnailUrl":"https:\/\/yoopies.fr\/c\/wp-content\/uploads\/2019\/12\/yoopies-cms2f2cae4e6e-4403-4d3f-95d8-cc535e2bd6cb-tutoring.jpg","datePublished":"2019-12-23T17:29:41+00:00","dateModified":"2026-01-23T09:10:49+00:00","description":"Retrouvez tous nos conseils et astuces pour trouver, embaucher et g\u00e9rer votre futur professeur particulier","breadcrumb":{"@id":"https:\/\/yoopies.fr\/c\/guide-de-lemployeur-aide-aux-devoirs\/#breadcrumb"},"inLanguage":"fr-FR","potentialAction":[{"@type":"ReadAction","target":["https:\/\/yoopies.fr\/c\/guide-de-lemployeur-aide-aux-devoirs\/"]}]},{"@type":"ImageObject","inLanguage":"fr-FR","@id":"https:\/\/yoopies.fr\/c\/guide-de-lemployeur-aide-aux-devoirs\/#primaryimage","url":"https:\/\/yoopies.fr\/c\/wp-content\/uploads\/2019\/12\/yoopies-cms2f2cae4e6e-4403-4d3f-95d8-cc535e2bd6cb-tutoring.jpg","contentUrl":"https:\/\/yoopies.fr\/c\/wp-content\/uploads\/2019\/12\/yoopies-cms2f2cae4e6e-4403-4d3f-95d8-cc535e2bd6cb-tutoring.jpg","width":1920,"height":1080},{"@type":"BreadcrumbList","@id":"https:\/\/yoopies.fr\/c\/guide-de-lemployeur-aide-aux-devoirs\/#breadcrumb","itemListElement":[{"@type":"ListItem","position":1,"name":"Home","item":"https:\/\/yoopies.fr\/c\/"},{"@type":"ListItem","position":2,"name":"Soutien scolaire"}]},{"@type":"WebSite","@id":"https:\/\/yoopies.fr\/c\/#website","url":"https:\/\/yoopies.fr\/c\/","name":"Le Blog Yoopies","description":"","publisher":{"@id":"https:\/\/yoopies.fr\/c\/#organization"},"potentialAction":[{"@type":"SearchAction","target":{"@type":"EntryPoint","urlTemplate":"https:\/\/yoopies.fr\/c\/?s={search_term_string}"},"query-input":{"@type":"PropertyValueSpecification","valueRequired":true,"valueName":"search_term_string"}}],"inLanguage":"fr-FR"},{"@type":"Organization","@id":"https:\/\/yoopies.fr\/c\/#organization","name":"Le Blog Yoopies","url":"https:\/\/yoopies.fr\/c\/","logo":{"@type":"ImageObject","inLanguage":"fr-FR","@id":"https:\/\/yoopies.fr\/c\/#\/schema\/logo\/image\/","url":"https:\/\/yoopies.fr\/c\/wp-content\/uploads\/2025\/04\/cropped-Logo_Yoopies-2.png","contentUrl":"https:\/\/yoopies.fr\/c\/wp-content\/uploads\/2025\/04\/cropped-Logo_Yoopies-2.png","width":512,"height":512,"caption":"Le Blog Yoopies"},"image":{"@id":"https:\/\/yoopies.fr\/c\/#\/schema\/logo\/image\/"}}]}},"_links":{"self":[{"href":"https:\/\/yoopies.fr\/c\/wp-json\/wp\/v2\/pages\/423","targetHints":{"allow":["GET"]}}],"collection":[{"href":"https:\/\/yoopies.fr\/c\/wp-json\/wp\/v2\/pages"}],"about":[{"href":"https:\/\/yoopies.fr\/c\/wp-json\/wp\/v2\/types\/page"}],"author":[{"embeddable":true,"href":"https:\/\/yoopies.fr\/c\/wp-json\/wp\/v2\/users\/10"}],"replies":[{"embeddable":true,"href":"https:\/\/yoopies.fr\/c\/wp-json\/wp\/v2\/comments?post=423"}],"version-history":[{"count":2,"href":"https:\/\/yoopies.fr\/c\/wp-json\/wp\/v2\/pages\/423\/revisions"}],"predecessor-version":[{"id":1770,"href":"https:\/\/yoopies.fr\/c\/wp-json\/wp\/v2\/pages\/423\/revisions\/1770"}],"wp:attachment":[{"href":"https:\/\/yoopies.fr\/c\/wp-json\/wp\/v2\/media?parent=423"}],"curies":[{"name":"wp","href":"https:\/\/api.w.org\/{rel}","templated":true}]}}