{"id":388,"date":"2020-05-14T23:24:24","date_gmt":"2020-05-14T23:24:24","guid":{"rendered":"https:\/\/blog.yoopies.fr\/a-propos-de-yoopies\/"},"modified":"2025-07-24T13:59:37","modified_gmt":"2025-07-24T13:59:37","slug":"a-propos-de-yoopies","status":"publish","type":"page","link":"https:\/\/yoopies.fr\/c\/a-propos-de-yoopies\/","title":{"rendered":"A propos de nous"},"content":{"rendered":"<figure><\/figure>\n<h2><strong>Votre alli\u00e9 au quotidien : la plateforme de services \u00e0 domicile pour tous vos besoins<\/strong><\/h2>\n<p>Trouver une <strong>babysitter<\/strong> de confiance, une <strong>aide menag\u00e8re<\/strong> une aide aux devoirs, un <strong>soutien<\/strong> pour un proche \u00e2g\u00e9 ou quelqu\u2019un pour <strong>garder\u00a0votre animal<\/strong> pendant les vacances ? Ou proposer vos services et <strong>chercher une mission<\/strong> qui a dus sens, pr\u00e8s de chez vous ? <strong><a href=\"https:\/\/yoopies.fr\">Yoopies <\/a><\/strong>est une\u00a0 plateforme de services \u00e0 domicile con\u00e7ue pour vous simplifier la vie.<\/p>\n<h2>Une mission simple : \u00eatre l\u00e0 pour vous<\/h2>\n<p>Chez Yoopies, nous croyons que chaque famille m\u00e9rite du soutien.<\/p>\n<p>Notre <strong>communaut\u00e9 bas\u00e9e sur la confiance rassemble plus de 3 millions de membres<\/strong> autour d\u2019une id\u00e9e commune : <strong>simplifier et d\u00e9mocratiser l\u2019acc\u00e8s aux services \u00e0 la personne<\/strong>.<\/p>\n<p>Nous sommes l\u00e0 <strong>autant pour les familles que pour les intervenants<\/strong> :<\/p>\n<ul>\n<li><strong>Nous savons qu\u2019en tant que parent<\/strong>, vous recherchez des intervenants de confiance et des services de qualit\u00e9 pour prendre soin de vos enfants, de vos proches ou de votre maison.<\/li>\n<li><strong>Du c\u00f4t\u00e9 des professionnels<\/strong>, nous vous aidons \u00e0 trouver facilement <strong>des emplois \u00e0 domicile qui vous correspondent<\/strong>, dans un cadre s\u00e9curis\u00e9 et bienveillant.<\/li>\n<\/ul>\n<p><strong>Nous sommes l\u00e0 pour vous accompagner \u00e0 chaque \u00e9tape.<\/strong><\/p>\n<h2>Ce que nous faisons<\/h2>\n<p>Des solutions pour toutes les situations du quotidien, au m\u00eame endroit :<\/p>\n<ul>\n<li><a href=\"https:\/\/yoopies.fr\/baby-sitting\" target=\"_blank\" rel=\"noopener\">Garde d&rsquo;enfants<\/a><\/li>\n<li><a href=\"https:\/\/yoopies.fr\/garde-animaux\" target=\"_blank\" rel=\"noopener\">Garde d&rsquo;animaux<\/a><\/li>\n<li><a href=\"https:\/\/yoopies.fr\/menage\" target=\"_blank\" rel=\"noopener\">Aide au m\u00e9nage<\/a><\/li>\n<li><a href=\"https:\/\/yoopies.fr\/aide-a-domicile\" target=\"_blank\" rel=\"noopener\">Aide aux proches d\u00e9pendants<\/a><\/li>\n<li><a href=\"https:\/\/yoopies.fr\/soutien-scolaire\" target=\"_blank\" rel=\"noopener\">Soutien scolaire<\/a><\/li>\n<\/ul>\n<p>Notre objectif : que <strong><span class=\"notion-enable-hover\" data-token-index=\"1\">trouver la bonne personne soit aussi simple que de commander un taxi<\/span>.<\/strong><!-- notionvc: 7413eebc-1f30-4904-862e-808b2d1e78b2 --><\/p>\n<h2>Comment \u00e7a marche ?<\/h2>\n<p><strong>Yoopies est une plateforme multi-services unique qui r\u00e9volutionne les services \u00e0 domicile. <\/strong>Elle vous donne <strong>acc\u00e8s en un clic \u00e0 des milliers d\u2019intervenants qualifi\u00e9s<\/strong> pour vos besoins \u00e0 domicile.<!-- notionvc: 47451c5a-5b60-412d-92ca-889100f46d67 --><\/p>\n<p>Gr\u00e2ce \u00e0 <strong>notre communaut\u00e9 engag\u00e9e<\/strong> et \u00e0 un syst\u00e8me d\u2019avis transparent, <strong>les familles choisissent leur intervenant en toute confiance<\/strong>, et <strong>les professionnels acc\u00e8dent facilement \u00e0 des offres pr\u00e8s de chez eux<\/strong>.<\/p>\n<p>Yoopies propose \u00e9galement une offre pour les entreprises, <a href=\"https:\/\/yoopiesatwork.com\" target=\"_blank\" rel=\"noopener\">YoopiesAtWork<\/a>, qui aide les entreprises \u00e0 <a href=\"https:\/\/blog.yoopiesatwork.com\" target=\"_blank\" rel=\"noopener\">\u00e9quilibrer la vie personnelle et professionnelle de leurs employ\u00e9s<\/a>. Notre solution innovante d&rsquo;\u00e9quilibre entre vie professionnelle et vie priv\u00e9e compte d\u00e9sormais plus de 100 entreprises partenaires.<\/p>\n<h2><span class=\"notion-enable-hover\" data-token-index=\"0\">Une histoire n\u00e9e d\u2019un besoin r\u00e9el<\/span><!-- notionvc: 81a7aa22-3140-41d9-b37f-8a7041efd078 --><\/h2>\n<p><strong>Cr\u00e9\u00e9e en 2012 par Benjamin Suchar et Jessica Cymerman<\/strong>, Yoopies est aujourd\u2019hui la <strong>premi\u00e8re plateforme de services \u00e0 domicile en Europe<\/strong>.<\/p>\n<p>L\u2019aventure d\u00e9bute lorsque Benjamin se confronte personnellement \u00e0 la difficult\u00e9 de trouver rapidement une baby-sitter de confiance.<\/p>\n<p>Il co-fonde Yoopies avec <strong>Jessica Cymerman<\/strong>, amie de longue date et maman de quatre enfants, pour aider les parents \u00e0 trouver des solutions de garde de qualit\u00e9 tout en <strong>\u00e9vitant les frais d\u2019agence co\u00fbteux<\/strong>.<\/p>\n<h2><span class=\"notion-enable-hover\" data-token-index=\"0\">Une pr\u00e9sence mondiale, une mission sociale forte<\/span><!-- notionvc: 5773a7fb-e3bf-4b22-8804-eb494543c1eb --><\/h2>\n<p><!-- notionvc: 87515bb5-e350-49cd-9deb-d24d06eee182 --><\/p>\n<figure><img decoding=\"async\" src=\"https:\/\/yoopies.fr\/c\/wp-content\/uploads\/2020\/05\/a416bc71-08dd-417b-bb26-8b1cf71c3edb-12.jpg\" alt=\"Yoopies dans le monde\" \/><\/figure>\n<p><strong>Bas\u00e9e \u00e0 Paris et pr\u00e9sente dans 19 pays d\u2019Europe et d\u2019Asie<\/strong>, Yoopies s\u2019impose aujourd\u2019hui comme la <strong>r\u00e9f\u00e9rence mondiale des services \u00e0 domicile<\/strong>, proposant, outre la garde d\u2019enfants, le <strong>m\u00e9nage, la garde d\u2019animaux, le soutien scolaire<\/strong> et <strong>l\u2019aide aux personnes d\u00e9pendantes<\/strong>.<\/p>\n<p><strong>Retrouvez-nous \u00e0 travers le monde :<\/strong><\/p>\n<ul>\n<li><a href=\"https:\/\/yoopies.de\/\" target=\"_blank\" rel=\"noopener\">Allemagne<\/a> \ud83c\udde9\ud83c\uddea<\/li>\n<li><a href=\"https:\/\/yoopies.at\/\" target=\"_blank\" rel=\"noopener\">Autriche<\/a> \ud83c\udde6\ud83c\uddf9<\/li>\n<li><a href=\"https:\/\/yoopies.be\/\" target=\"_blank\" rel=\"noopener\">Belgique<\/a> \ud83c\udde7\ud83c\uddea<\/li>\n<li><a href=\"https:\/\/yoopies.dk\/\" target=\"_blank\" rel=\"noopener\">Danemark<\/a> \ud83c\udde9\ud83c\uddf0<\/li>\n<li><a href=\"https:\/\/yoopies.es\/\" target=\"_blank\" rel=\"noopener\">Espagne<\/a> \ud83c\uddea\ud83c\uddf8<\/li>\n<li><a href=\"https:\/\/yoopies.fi\/\" target=\"_blank\" rel=\"noopener\">Finlande<\/a> \ud83c\uddeb\ud83c\uddee<\/li>\n<li><a href=\"https:\/\/yoopies.fr\/\" target=\"_blank\" rel=\"noopener\">France<\/a> \ud83c\uddeb\ud83c\uddf7<\/li>\n<li><a href=\"https:\/\/yoopies.nl\/\" target=\"_blank\" rel=\"noopener\">Hollande<\/a> \ud83c\uddf3\ud83c\uddf1<\/li>\n<li><a href=\"https:\/\/www.helperchoice.com\/domestic-helpers\/hong-kong\" target=\"_blank\" rel=\"noopener\">Hong-Kong<\/a> \ud83c\udded\ud83c\uddf0<\/li>\n<li><a href=\"https:\/\/yoopies.it\/\" target=\"_blank\" rel=\"noopener\">Italie<\/a> \ud83c\uddee\ud83c\uddf9<\/li>\n<li><a href=\"https:\/\/yoopies.lt\/\" target=\"_blank\" rel=\"noopener\">Lithuanie<\/a> \ud83c\uddf1\ud83c\uddf9<\/li>\n<li><a href=\"https:\/\/yoopies.lu\/\" target=\"_blank\" rel=\"noopener\">Luxembourg <\/a>\ud83c\uddf1\ud83c\uddfa<\/li>\n<li><a href=\"https:\/\/yoopies.no\/\" target=\"_blank\" rel=\"noopener\">Norv\u00e8ge<\/a> \ud83c\uddf3\ud83c\uddf4<\/li>\n<li><a href=\"https:\/\/yoopies.pl\/\" target=\"_blank\" rel=\"noopener\">Pologne<\/a> \ud83c\uddf5\ud83c\uddf1<\/li>\n<li><a href=\"https:\/\/yoopies.pt\/\" target=\"_blank\" rel=\"noopener\">Portugal<\/a> \ud83c\uddf5\ud83c\uddf9<\/li>\n<li><a href=\"https:\/\/yoopies.co.uk\/\" target=\"_blank\" rel=\"noopener\">Royaume-Uni<\/a> \ud83c\uddec\ud83c\udde7<\/li>\n<li><a href=\"https:\/\/www.helperchoice.com\/domestic-helpers\/singapore\" target=\"_blank\" rel=\"noopener\">Singapour<\/a> \ud83c\uddf8\ud83c\uddec<\/li>\n<li><a href=\"https:\/\/yoopies.se\/\" target=\"_blank\" rel=\"noopener\">Su\u00e8de<\/a> \ud83c\uddf8\ud83c\uddea<\/li>\n<li><a href=\"https:\/\/yoopies.ch\/\" target=\"_blank\" rel=\"noopener\">Suisse<\/a> \ud83c\udde8\ud83c\udded<\/li>\n<\/ul>\n<p>En juillet 2019, <a href=\"https:\/\/yoopies.fr\" target=\"_blank\" rel=\"noopener\">Yoopies<\/a> annonce le rachat la startup <a href=\"https:\/\/helperchoice.com\" target=\"_blank\" rel=\"noopener\">HelperChoice<\/a>, la premi\u00e8re plateforme \u00e0 impact social d\u00e9di\u00e9e \u00e0 l&rsquo;\u00e9radication des frais de placement et du travail forc\u00e9. Depuis lors, Yoopies a \u00e9tendu ses activit\u00e9s \u00e0 travers l&rsquo;Asie et le Moyen-Orient avec une mission sociale: <strong>\u00e9radiquer l&rsquo;esclavage moderne et assurer des conditions de travail \u00e9thiques gr\u00e2ce \u00e0 la technologie<\/strong>.<\/p>\n<figure>\n<h2><strong>Envie de faire partie de l\u2019aventure ?<\/strong><\/h2>\n<ul>\n<li>\ud83d\udd0e <a href=\"https:\/\/yoopies.fr\/emploi\">Chercher un emploi<\/a> sur Yoopies<\/li>\n<li>\ud83d\udc98 <a href=\"https:\/\/yoopies.fr\/\">Trouver l\u2019aide<\/a> qui vous convient<\/li>\n<li>\ud83d\udcf1 Nous suivre sur <a href=\"https:\/\/www.instagram.com\/yoopies.fr\">Instagram<\/a> \u2022 <a href=\"https:\/\/www.facebook.com\/Yoopies\">Facebook<\/a> \u2022 <a href=\"https:\/\/www.linkedin.com\/company\/yoopies\/posts\/?feedView=all\">LinkedIn<\/a><\/li>\n<\/ul>\n<p><!-- notionvc: 29eac57e-9544-49ec-a91f-78452384edbe --><\/figure>\n<p><em>Chez <a href=\"https:\/\/yoopies.fr\" target=\"_blank\" rel=\"noopener\">Yoopies<\/a>, nous savons qu&rsquo;en tant que parent, vous recherchez des intervenants de confiance et des services de la meilleure qualit\u00e9 pour prendre soin de votre famille. Du c\u00f4t\u00e9 des intervenants, nous vous offrons la possibilit\u00e9 de trouver facilement l\u2019emploi \u00e0 domicile qui vous correspond. Yoopies est l\u00e0 pour vous aider \u00e0 chaque \u00e9tape, alors n\u2019attendez plus et rejoignez-nous !<\/em><\/p>\n<p><a class=\"button\" href=\"https:\/\/yoopies.fr\/registration\">Je commence mon aventure Yoopies<\/a><\/p>\n","protected":false},"excerpt":{"rendered":"<p>Votre alli\u00e9 au quotidien : la plateforme de services \u00e0 domicile pour tous vos besoins Trouver une babysitter de confiance, &hellip; <\/p>\n","protected":false},"author":10,"featured_media":393,"parent":0,"menu_order":0,"comment_status":"closed","ping_status":"closed","template":"","meta":{"_acf_changed":false,"footnotes":""},"class_list":["post-388","page","type-page","status-publish","has-post-thumbnail","hentry"],"acf":[],"yoast_head":"<!-- This site is optimized with the Yoast SEO plugin v26.9 - https:\/\/yoast.com\/product\/yoast-seo-wordpress\/ -->\n<title>A propos de Yoopies<\/title>\n<meta name=\"description\" content=\"Yoopies est une plateforme de mise en relation entre les familles et intervenants pour des services \u00e0 domicile (garde d\u2019enfants ou babysitting, m\u00e9nage, soutien scolaire\u2026).\" \/>\n<meta name=\"robots\" content=\"index, follow, max-snippet:-1, max-image-preview:large, max-video-preview:-1\" \/>\n<link rel=\"canonical\" href=\"https:\/\/yoopies.fr\/c\/a-propos-de-yoopies\/\" \/>\n<meta property=\"og:locale\" content=\"fr_FR\" \/>\n<meta property=\"og:type\" content=\"article\" \/>\n<meta property=\"og:title\" content=\"A propos de Yoopies\" \/>\n<meta property=\"og:description\" content=\"Yoopies est une plateforme de mise en relation entre les familles et intervenants pour des services \u00e0 domicile (garde d\u2019enfants ou babysitting, m\u00e9nage, soutien scolaire\u2026).\" \/>\n<meta property=\"og:url\" content=\"https:\/\/yoopies.fr\/c\/a-propos-de-yoopies\/\" \/>\n<meta property=\"og:site_name\" content=\"Le Blog Yoopies\" \/>\n<meta property=\"article:modified_time\" content=\"2025-07-24T13:59:37+00:00\" \/>\n<meta property=\"og:image\" content=\"https:\/\/yoopies.fr\/c\/wp-content\/uploads\/2020\/05\/23443eb9-620f-4571-ae6f-f423c32a3497-9-1.jpg\" \/>\n\t<meta property=\"og:image:width\" content=\"1200\" \/>\n\t<meta property=\"og:image:height\" content=\"420\" \/>\n\t<meta property=\"og:image:type\" content=\"image\/jpeg\" \/>\n<meta name=\"twitter:card\" content=\"summary_large_image\" \/>\n<meta name=\"twitter:label1\" content=\"Dur\u00e9e de lecture estim\u00e9e\" \/>\n\t<meta name=\"twitter:data1\" content=\"4 minutes\" \/>\n<script type=\"application\/ld+json\" class=\"yoast-schema-graph\">{\"@context\":\"https:\/\/schema.org\",\"@graph\":[{\"@type\":\"WebPage\",\"@id\":\"https:\/\/yoopies.fr\/c\/a-propos-de-yoopies\/\",\"url\":\"https:\/\/yoopies.fr\/c\/a-propos-de-yoopies\/\",\"name\":\"A propos de Yoopies\",\"isPartOf\":{\"@id\":\"https:\/\/yoopies.fr\/c\/#website\"},\"primaryImageOfPage\":{\"@id\":\"https:\/\/yoopies.fr\/c\/a-propos-de-yoopies\/#primaryimage\"},\"image\":{\"@id\":\"https:\/\/yoopies.fr\/c\/a-propos-de-yoopies\/#primaryimage\"},\"thumbnailUrl\":\"https:\/\/yoopies.fr\/c\/wp-content\/uploads\/2020\/05\/23443eb9-620f-4571-ae6f-f423c32a3497-9-1.jpg\",\"datePublished\":\"2020-05-14T23:24:24+00:00\",\"dateModified\":\"2025-07-24T13:59:37+00:00\",\"description\":\"Yoopies est une plateforme de mise en relation entre les familles et intervenants pour des services \u00e0 domicile (garde d\u2019enfants ou babysitting, m\u00e9nage, soutien scolaire\u2026).\",\"breadcrumb\":{\"@id\":\"https:\/\/yoopies.fr\/c\/a-propos-de-yoopies\/#breadcrumb\"},\"inLanguage\":\"fr-FR\",\"potentialAction\":[{\"@type\":\"ReadAction\",\"target\":[\"https:\/\/yoopies.fr\/c\/a-propos-de-yoopies\/\"]}]},{\"@type\":\"ImageObject\",\"inLanguage\":\"fr-FR\",\"@id\":\"https:\/\/yoopies.fr\/c\/a-propos-de-yoopies\/#primaryimage\",\"url\":\"https:\/\/yoopies.fr\/c\/wp-content\/uploads\/2020\/05\/23443eb9-620f-4571-ae6f-f423c32a3497-9-1.jpg\",\"contentUrl\":\"https:\/\/yoopies.fr\/c\/wp-content\/uploads\/2020\/05\/23443eb9-620f-4571-ae6f-f423c32a3497-9-1.jpg\",\"width\":1200,\"height\":420},{\"@type\":\"BreadcrumbList\",\"@id\":\"https:\/\/yoopies.fr\/c\/a-propos-de-yoopies\/#breadcrumb\",\"itemListElement\":[{\"@type\":\"ListItem\",\"position\":1,\"name\":\"Home\",\"item\":\"https:\/\/yoopies.fr\/c\/\"},{\"@type\":\"ListItem\",\"position\":2,\"name\":\"A propos de nous\"}]},{\"@type\":\"WebSite\",\"@id\":\"https:\/\/yoopies.fr\/c\/#website\",\"url\":\"https:\/\/yoopies.fr\/c\/\",\"name\":\"Le Blog Yoopies\",\"description\":\"\",\"publisher\":{\"@id\":\"https:\/\/yoopies.fr\/c\/#organization\"},\"potentialAction\":[{\"@type\":\"SearchAction\",\"target\":{\"@type\":\"EntryPoint\",\"urlTemplate\":\"https:\/\/yoopies.fr\/c\/?s={search_term_string}\"},\"query-input\":{\"@type\":\"PropertyValueSpecification\",\"valueRequired\":true,\"valueName\":\"search_term_string\"}}],\"inLanguage\":\"fr-FR\"},{\"@type\":\"Organization\",\"@id\":\"https:\/\/yoopies.fr\/c\/#organization\",\"name\":\"Le Blog Yoopies\",\"url\":\"https:\/\/yoopies.fr\/c\/\",\"logo\":{\"@type\":\"ImageObject\",\"inLanguage\":\"fr-FR\",\"@id\":\"https:\/\/yoopies.fr\/c\/#\/schema\/logo\/image\/\",\"url\":\"https:\/\/yoopies.fr\/c\/wp-content\/uploads\/2025\/04\/cropped-Logo_Yoopies-2.png\",\"contentUrl\":\"https:\/\/yoopies.fr\/c\/wp-content\/uploads\/2025\/04\/cropped-Logo_Yoopies-2.png\",\"width\":512,\"height\":512,\"caption\":\"Le Blog Yoopies\"},\"image\":{\"@id\":\"https:\/\/yoopies.fr\/c\/#\/schema\/logo\/image\/\"}}]}<\/script>\n<!-- \/ Yoast SEO plugin. -->","yoast_head_json":{"title":"A propos de Yoopies","description":"Yoopies est une plateforme de mise en relation entre les familles et intervenants pour des services \u00e0 domicile (garde d\u2019enfants ou babysitting, m\u00e9nage, soutien scolaire\u2026).","robots":{"index":"index","follow":"follow","max-snippet":"max-snippet:-1","max-image-preview":"max-image-preview:large","max-video-preview":"max-video-preview:-1"},"canonical":"https:\/\/yoopies.fr\/c\/a-propos-de-yoopies\/","og_locale":"fr_FR","og_type":"article","og_title":"A propos de Yoopies","og_description":"Yoopies est une plateforme de mise en relation entre les familles et intervenants pour des services \u00e0 domicile (garde d\u2019enfants ou babysitting, m\u00e9nage, soutien scolaire\u2026).","og_url":"https:\/\/yoopies.fr\/c\/a-propos-de-yoopies\/","og_site_name":"Le Blog Yoopies","article_modified_time":"2025-07-24T13:59:37+00:00","og_image":[{"width":1200,"height":420,"url":"https:\/\/yoopies.fr\/c\/wp-content\/uploads\/2020\/05\/23443eb9-620f-4571-ae6f-f423c32a3497-9-1.jpg","type":"image\/jpeg"}],"twitter_card":"summary_large_image","twitter_misc":{"Dur\u00e9e de lecture estim\u00e9e":"4 minutes"},"schema":{"@context":"https:\/\/schema.org","@graph":[{"@type":"WebPage","@id":"https:\/\/yoopies.fr\/c\/a-propos-de-yoopies\/","url":"https:\/\/yoopies.fr\/c\/a-propos-de-yoopies\/","name":"A propos de Yoopies","isPartOf":{"@id":"https:\/\/yoopies.fr\/c\/#website"},"primaryImageOfPage":{"@id":"https:\/\/yoopies.fr\/c\/a-propos-de-yoopies\/#primaryimage"},"image":{"@id":"https:\/\/yoopies.fr\/c\/a-propos-de-yoopies\/#primaryimage"},"thumbnailUrl":"https:\/\/yoopies.fr\/c\/wp-content\/uploads\/2020\/05\/23443eb9-620f-4571-ae6f-f423c32a3497-9-1.jpg","datePublished":"2020-05-14T23:24:24+00:00","dateModified":"2025-07-24T13:59:37+00:00","description":"Yoopies est une plateforme de mise en relation entre les familles et intervenants pour des services \u00e0 domicile (garde d\u2019enfants ou babysitting, m\u00e9nage, soutien scolaire\u2026).","breadcrumb":{"@id":"https:\/\/yoopies.fr\/c\/a-propos-de-yoopies\/#breadcrumb"},"inLanguage":"fr-FR","potentialAction":[{"@type":"ReadAction","target":["https:\/\/yoopies.fr\/c\/a-propos-de-yoopies\/"]}]},{"@type":"ImageObject","inLanguage":"fr-FR","@id":"https:\/\/yoopies.fr\/c\/a-propos-de-yoopies\/#primaryimage","url":"https:\/\/yoopies.fr\/c\/wp-content\/uploads\/2020\/05\/23443eb9-620f-4571-ae6f-f423c32a3497-9-1.jpg","contentUrl":"https:\/\/yoopies.fr\/c\/wp-content\/uploads\/2020\/05\/23443eb9-620f-4571-ae6f-f423c32a3497-9-1.jpg","width":1200,"height":420},{"@type":"BreadcrumbList","@id":"https:\/\/yoopies.fr\/c\/a-propos-de-yoopies\/#breadcrumb","itemListElement":[{"@type":"ListItem","position":1,"name":"Home","item":"https:\/\/yoopies.fr\/c\/"},{"@type":"ListItem","position":2,"name":"A propos de nous"}]},{"@type":"WebSite","@id":"https:\/\/yoopies.fr\/c\/#website","url":"https:\/\/yoopies.fr\/c\/","name":"Le Blog Yoopies","description":"","publisher":{"@id":"https:\/\/yoopies.fr\/c\/#organization"},"potentialAction":[{"@type":"SearchAction","target":{"@type":"EntryPoint","urlTemplate":"https:\/\/yoopies.fr\/c\/?s={search_term_string}"},"query-input":{"@type":"PropertyValueSpecification","valueRequired":true,"valueName":"search_term_string"}}],"inLanguage":"fr-FR"},{"@type":"Organization","@id":"https:\/\/yoopies.fr\/c\/#organization","name":"Le Blog Yoopies","url":"https:\/\/yoopies.fr\/c\/","logo":{"@type":"ImageObject","inLanguage":"fr-FR","@id":"https:\/\/yoopies.fr\/c\/#\/schema\/logo\/image\/","url":"https:\/\/yoopies.fr\/c\/wp-content\/uploads\/2025\/04\/cropped-Logo_Yoopies-2.png","contentUrl":"https:\/\/yoopies.fr\/c\/wp-content\/uploads\/2025\/04\/cropped-Logo_Yoopies-2.png","width":512,"height":512,"caption":"Le Blog Yoopies"},"image":{"@id":"https:\/\/yoopies.fr\/c\/#\/schema\/logo\/image\/"}}]}},"_links":{"self":[{"href":"https:\/\/yoopies.fr\/c\/wp-json\/wp\/v2\/pages\/388","targetHints":{"allow":["GET"]}}],"collection":[{"href":"https:\/\/yoopies.fr\/c\/wp-json\/wp\/v2\/pages"}],"about":[{"href":"https:\/\/yoopies.fr\/c\/wp-json\/wp\/v2\/types\/page"}],"author":[{"embeddable":true,"href":"https:\/\/yoopies.fr\/c\/wp-json\/wp\/v2\/users\/10"}],"replies":[{"embeddable":true,"href":"https:\/\/yoopies.fr\/c\/wp-json\/wp\/v2\/comments?post=388"}],"version-history":[{"count":6,"href":"https:\/\/yoopies.fr\/c\/wp-json\/wp\/v2\/pages\/388\/revisions"}],"predecessor-version":[{"id":1450,"href":"https:\/\/yoopies.fr\/c\/wp-json\/wp\/v2\/pages\/388\/revisions\/1450"}],"wp:featuredmedia":[{"embeddable":true,"href":"https:\/\/yoopies.fr\/c\/wp-json\/wp\/v2\/media\/393"}],"wp:attachment":[{"href":"https:\/\/yoopies.fr\/c\/wp-json\/wp\/v2\/media?parent=388"}],"curies":[{"name":"wp","href":"https:\/\/api.w.org\/{rel}","templated":true}]}}