{"id":366,"date":"2020-06-10T15:01:51","date_gmt":"2020-06-10T15:01:51","guid":{"rendered":"https:\/\/blog.yoopies.fr\/renouvellement-periode-essai-salarie-a-domicile\/"},"modified":"2025-06-12T07:58:56","modified_gmt":"2025-06-12T07:58:56","slug":"renouvellement-periode-essai-salarie-a-domicile","status":"publish","type":"page","link":"https:\/\/yoopies.fr\/c\/renouvellement-periode-essai-salarie-a-domicile\/","title":{"rendered":"Comment renouveler la p\u00e9riode d&rsquo;essai de mon salari\u00e9 ?"},"content":{"rendered":"<p><p>La <a href=\"https:\/\/www.legifrance.gouv.fr\/affichIDCC.do?idConvention=KALICONT000005635792\">convention collective nationale des salari&eacute;s du particulier employeur<\/a> fixe la p&eacute;riode d&rsquo;essai &agrave; 1 mois maximum.<\/p>\n<\/p>\n<p>Toutefois, le minist&egrave;re du travail recommande d&rsquo;appliquer les dispositions du code du travail qui fixent la dur&eacute;e de la p&eacute;riode d&rsquo;essai &agrave; 2 mois.<\/p>\n<\/p>\n<p>La p&eacute;riode d&rsquo;essai peut &ecirc;tre renouvel&eacute;e 1 fois pour 2 mois suppl&eacute;mentaires si :&nbsp;<\/p>\n<ul>\n<li>Vous pr&eacute;voyez dans le contrat de travail que la p&eacute;riode d&rsquo;essai est renouvelable 1 fois ;&nbsp;<\/li>\n<li>Vous avertissez votre salari&eacute; par lettre recommand&eacute;e avec accus&eacute; de r&eacute;ception ou remise en main propre du renouvellement de sa p&eacute;riode d&rsquo;essai, avant la fin de la p&eacute;riode d&rsquo;essai initiale. \n<\/li>\n<\/ul>\n<p>\ud83d\udca1 L<strong>e saviez-vous ? <\/strong><\/p>\n<p>1 mois avant le terme de la p&eacute;riode d&rsquo;essai initiale (fix&eacute;e en g&eacute;n&eacute;ral &agrave; 2 mois), vous recevrez un email de la part de Yoopies vous avertissant du terme de la p&eacute;riode d&rsquo;essai accompagn&eacute; d&rsquo;un mod&egrave;le de renouvellement de la p&eacute;riode d&rsquo;essai en pi&egrave;ce jointe. <\/p>\n<\/p>\n<p>Vous souhaitez d&egrave;s &agrave; pr&eacute;sent avoir une id&eacute;e de la mani&egrave;re dont il faut r&eacute;diger la lettre de renouvellement de la p&eacute;riode d&rsquo;essai ? Voici un mod&egrave;le ci-dessous.  <\/p>\n<p>\n<\/p>\n<p>&laquo;&nbsp;Nom, pr&eacute;nom de l&rsquo;employeur&raquo;<\/p>\n<p> &laquo;&nbsp;Adresse&nbsp;postale &raquo;<\/p>\n<p>&laquo;&nbsp;Code postal et ville&nbsp;&raquo;<\/p>\n<p>&laquo;&nbsp;Email&nbsp;&raquo;<\/p>\n<p>\n<\/p>\n<p>&laquo;&nbsp;Nom, pr&eacute;nom du salari&eacute;&nbsp;&raquo;<\/p>\n<p>&laquo;&nbsp;Adresse postale&nbsp;&raquo;<\/p>\n<p>&laquo;&nbsp;Code postal et ville&nbsp;&raquo;<\/p>\n<p>&nbsp;<\/p>\n<p>Fait &agrave; &laquo; lieu &raquo;, le &laquo; date &raquo;<\/p>\n<\/p>\n<p><em>Ce courrier est envoy&eacute; en lettre recommand&eacute;e avec accus&eacute; de r&eacute;ception n&deg;&nbsp;&laquo;&nbsp;num&eacute;ro&nbsp;&raquo; \/ Ce courrier est remis en main propre contre d&eacute;charge&nbsp;<\/em><\/p>\n<p><strong>Objet&nbsp;: Renouvellement de la p&eacute;riode d&rsquo;essai<\/strong><\/p>\n<\/p>\n<p>Conform&eacute;ment aux dispositions de l&rsquo;article 5 de votre contrat de travail, nous vous proposons de renouveler votre p&eacute;riode d&rsquo;essai pour une dur&eacute;e de&nbsp;&laquo;&nbsp;pr&eacute;cisez la&nbsp;<em>dur&eacute;e de la p&eacute;riode d&rsquo;essai renouvel&eacute;e<\/em>&nbsp;&raquo; qui prendra fin le &laquo;&nbsp;pr&eacute;cisez<em> <\/em>le<em> terme de la p&eacute;riode d&rsquo;essai<\/em>&nbsp;&raquo;.<\/p>\n<p>Au terme de cette nouvelle p&eacute;riode, votre contrat deviendra d&eacute;finitif.<\/p>\n<p>Jusqu&rsquo;&agrave; cette date le contrat de travail pourra &ecirc;tre rompu de votre initiative, comme de la n&ocirc;tre, &agrave; condition de respecter le d&eacute;lai de pr&eacute;venance pr&eacute;vu aux articles L1221-25 et L.1221-26 du Code du travail.<\/p>\n<p>Nous vous remercions de bien vouloir nous retourner une copie du pr&eacute;sent courrier rev&ecirc;tu de votre signature pr&eacute;c&eacute;d&eacute;e de la mention&nbsp;<em>&laquo; Bon pour accord &raquo;.<\/em><\/p>\n<p>Nous vous prions d&rsquo;agr&eacute;er, Madame, Monsieur, l&rsquo;expression de notre consid&eacute;ration distingu&eacute;e.<\/p>\n<p>&nbsp;<\/p>\n<p>&laquo;&nbsp;<em>Signature de l&#8217;employeu<\/em>r ET&nbsp;<em>signature du salari&eacute;<\/em>&nbsp;&raquo;<\/p>\n<p>\n<\/p>\n<p>A tr&egrave;s vite sur Yoopies !\n<\/p>\n<p>\u26a0\ufe0f&nbsp;<em>Ces informations ne constituent pas un conseil juridique et ne font que reprendre les informations officielles publi&eacute;es par les autorit&eacute;s comp&eacute;tentes. N&rsquo;h&eacute;sitez pas &agrave; consulter les textes applicables accessibles sur les&nbsp;<a href=\"https:\/\/www.legifrance.gouv.fr\/affichIDCC.do?idConvention=KALICONT000005635792\">sites internet officiels<\/a>.<\/em><\/p><\/p>\n","protected":false},"excerpt":{"rendered":"<p>La convention collective nationale des salari&eacute;s du particulier employeur fixe la p&eacute;riode d&rsquo;essai &agrave; 1 mois maximum. Toutefois, le minist&egrave;re &hellip; <\/p>\n","protected":false},"author":10,"featured_media":0,"parent":0,"menu_order":0,"comment_status":"closed","ping_status":"closed","template":"","meta":{"_acf_changed":false,"footnotes":""},"class_list":["post-366","page","type-page","status-publish","hentry"],"acf":[],"yoast_head":"<!-- This site is optimized with the Yoast SEO plugin v26.9 - https:\/\/yoast.com\/product\/yoast-seo-wordpress\/ -->\n<title>Comment renouvellement la p\u00e9riode d&#039;essai de mon salari\u00e9 ?<\/title>\n<meta name=\"description\" content=\"La p\u00e9riode d&#039;essai de votre salari\u00e9 arrive \u00e0 son terme ? D\u00e9couvrez dans cet article comment la renouveler.\" \/>\n<meta name=\"robots\" content=\"index, follow, max-snippet:-1, max-image-preview:large, max-video-preview:-1\" \/>\n<link rel=\"canonical\" href=\"https:\/\/yoopies.fr\/c\/renouvellement-periode-essai-salarie-a-domicile\/\" \/>\n<meta property=\"og:locale\" content=\"fr_FR\" \/>\n<meta property=\"og:type\" content=\"article\" \/>\n<meta property=\"og:title\" content=\"Comment renouvellement la p\u00e9riode d&#039;essai de mon salari\u00e9 ?\" \/>\n<meta property=\"og:description\" content=\"La p\u00e9riode d&#039;essai de votre salari\u00e9 arrive \u00e0 son terme ? D\u00e9couvrez dans cet article comment la renouveler.\" \/>\n<meta property=\"og:url\" content=\"https:\/\/yoopies.fr\/c\/renouvellement-periode-essai-salarie-a-domicile\/\" \/>\n<meta property=\"og:site_name\" content=\"Le Blog Yoopies\" \/>\n<meta property=\"article:modified_time\" content=\"2025-06-12T07:58:56+00:00\" \/>\n<meta name=\"twitter:card\" content=\"summary_large_image\" \/>\n<meta name=\"twitter:label1\" content=\"Dur\u00e9e de lecture estim\u00e9e\" \/>\n\t<meta name=\"twitter:data1\" content=\"3 minutes\" \/>\n<script type=\"application\/ld+json\" class=\"yoast-schema-graph\">{\"@context\":\"https:\/\/schema.org\",\"@graph\":[{\"@type\":\"WebPage\",\"@id\":\"https:\/\/yoopies.fr\/c\/renouvellement-periode-essai-salarie-a-domicile\/\",\"url\":\"https:\/\/yoopies.fr\/c\/renouvellement-periode-essai-salarie-a-domicile\/\",\"name\":\"Comment renouvellement la p\u00e9riode d'essai de mon salari\u00e9 ?\",\"isPartOf\":{\"@id\":\"https:\/\/yoopies.fr\/c\/#website\"},\"datePublished\":\"2020-06-10T15:01:51+00:00\",\"dateModified\":\"2025-06-12T07:58:56+00:00\",\"description\":\"La p\u00e9riode d'essai de votre salari\u00e9 arrive \u00e0 son terme ? D\u00e9couvrez dans cet article comment la renouveler.\",\"breadcrumb\":{\"@id\":\"https:\/\/yoopies.fr\/c\/renouvellement-periode-essai-salarie-a-domicile\/#breadcrumb\"},\"inLanguage\":\"fr-FR\",\"potentialAction\":[{\"@type\":\"ReadAction\",\"target\":[\"https:\/\/yoopies.fr\/c\/renouvellement-periode-essai-salarie-a-domicile\/\"]}]},{\"@type\":\"BreadcrumbList\",\"@id\":\"https:\/\/yoopies.fr\/c\/renouvellement-periode-essai-salarie-a-domicile\/#breadcrumb\",\"itemListElement\":[{\"@type\":\"ListItem\",\"position\":1,\"name\":\"Home\",\"item\":\"https:\/\/yoopies.fr\/c\/\"},{\"@type\":\"ListItem\",\"position\":2,\"name\":\"Comment renouveler la p\u00e9riode d&rsquo;essai de mon salari\u00e9 ?\"}]},{\"@type\":\"WebSite\",\"@id\":\"https:\/\/yoopies.fr\/c\/#website\",\"url\":\"https:\/\/yoopies.fr\/c\/\",\"name\":\"Le Blog Yoopies\",\"description\":\"\",\"publisher\":{\"@id\":\"https:\/\/yoopies.fr\/c\/#organization\"},\"potentialAction\":[{\"@type\":\"SearchAction\",\"target\":{\"@type\":\"EntryPoint\",\"urlTemplate\":\"https:\/\/yoopies.fr\/c\/?s={search_term_string}\"},\"query-input\":{\"@type\":\"PropertyValueSpecification\",\"valueRequired\":true,\"valueName\":\"search_term_string\"}}],\"inLanguage\":\"fr-FR\"},{\"@type\":\"Organization\",\"@id\":\"https:\/\/yoopies.fr\/c\/#organization\",\"name\":\"Le Blog Yoopies\",\"url\":\"https:\/\/yoopies.fr\/c\/\",\"logo\":{\"@type\":\"ImageObject\",\"inLanguage\":\"fr-FR\",\"@id\":\"https:\/\/yoopies.fr\/c\/#\/schema\/logo\/image\/\",\"url\":\"https:\/\/yoopies.fr\/c\/wp-content\/uploads\/2025\/04\/cropped-Logo_Yoopies-2.png\",\"contentUrl\":\"https:\/\/yoopies.fr\/c\/wp-content\/uploads\/2025\/04\/cropped-Logo_Yoopies-2.png\",\"width\":512,\"height\":512,\"caption\":\"Le Blog Yoopies\"},\"image\":{\"@id\":\"https:\/\/yoopies.fr\/c\/#\/schema\/logo\/image\/\"}}]}<\/script>\n<!-- \/ Yoast SEO plugin. -->","yoast_head_json":{"title":"Comment renouvellement la p\u00e9riode d'essai de mon salari\u00e9 ?","description":"La p\u00e9riode d'essai de votre salari\u00e9 arrive \u00e0 son terme ? D\u00e9couvrez dans cet article comment la renouveler.","robots":{"index":"index","follow":"follow","max-snippet":"max-snippet:-1","max-image-preview":"max-image-preview:large","max-video-preview":"max-video-preview:-1"},"canonical":"https:\/\/yoopies.fr\/c\/renouvellement-periode-essai-salarie-a-domicile\/","og_locale":"fr_FR","og_type":"article","og_title":"Comment renouvellement la p\u00e9riode d'essai de mon salari\u00e9 ?","og_description":"La p\u00e9riode d'essai de votre salari\u00e9 arrive \u00e0 son terme ? D\u00e9couvrez dans cet article comment la renouveler.","og_url":"https:\/\/yoopies.fr\/c\/renouvellement-periode-essai-salarie-a-domicile\/","og_site_name":"Le Blog Yoopies","article_modified_time":"2025-06-12T07:58:56+00:00","twitter_card":"summary_large_image","twitter_misc":{"Dur\u00e9e de lecture estim\u00e9e":"3 minutes"},"schema":{"@context":"https:\/\/schema.org","@graph":[{"@type":"WebPage","@id":"https:\/\/yoopies.fr\/c\/renouvellement-periode-essai-salarie-a-domicile\/","url":"https:\/\/yoopies.fr\/c\/renouvellement-periode-essai-salarie-a-domicile\/","name":"Comment renouvellement la p\u00e9riode d'essai de mon salari\u00e9 ?","isPartOf":{"@id":"https:\/\/yoopies.fr\/c\/#website"},"datePublished":"2020-06-10T15:01:51+00:00","dateModified":"2025-06-12T07:58:56+00:00","description":"La p\u00e9riode d'essai de votre salari\u00e9 arrive \u00e0 son terme ? D\u00e9couvrez dans cet article comment la renouveler.","breadcrumb":{"@id":"https:\/\/yoopies.fr\/c\/renouvellement-periode-essai-salarie-a-domicile\/#breadcrumb"},"inLanguage":"fr-FR","potentialAction":[{"@type":"ReadAction","target":["https:\/\/yoopies.fr\/c\/renouvellement-periode-essai-salarie-a-domicile\/"]}]},{"@type":"BreadcrumbList","@id":"https:\/\/yoopies.fr\/c\/renouvellement-periode-essai-salarie-a-domicile\/#breadcrumb","itemListElement":[{"@type":"ListItem","position":1,"name":"Home","item":"https:\/\/yoopies.fr\/c\/"},{"@type":"ListItem","position":2,"name":"Comment renouveler la p\u00e9riode d&rsquo;essai de mon salari\u00e9 ?"}]},{"@type":"WebSite","@id":"https:\/\/yoopies.fr\/c\/#website","url":"https:\/\/yoopies.fr\/c\/","name":"Le Blog Yoopies","description":"","publisher":{"@id":"https:\/\/yoopies.fr\/c\/#organization"},"potentialAction":[{"@type":"SearchAction","target":{"@type":"EntryPoint","urlTemplate":"https:\/\/yoopies.fr\/c\/?s={search_term_string}"},"query-input":{"@type":"PropertyValueSpecification","valueRequired":true,"valueName":"search_term_string"}}],"inLanguage":"fr-FR"},{"@type":"Organization","@id":"https:\/\/yoopies.fr\/c\/#organization","name":"Le Blog Yoopies","url":"https:\/\/yoopies.fr\/c\/","logo":{"@type":"ImageObject","inLanguage":"fr-FR","@id":"https:\/\/yoopies.fr\/c\/#\/schema\/logo\/image\/","url":"https:\/\/yoopies.fr\/c\/wp-content\/uploads\/2025\/04\/cropped-Logo_Yoopies-2.png","contentUrl":"https:\/\/yoopies.fr\/c\/wp-content\/uploads\/2025\/04\/cropped-Logo_Yoopies-2.png","width":512,"height":512,"caption":"Le Blog Yoopies"},"image":{"@id":"https:\/\/yoopies.fr\/c\/#\/schema\/logo\/image\/"}}]}},"_links":{"self":[{"href":"https:\/\/yoopies.fr\/c\/wp-json\/wp\/v2\/pages\/366","targetHints":{"allow":["GET"]}}],"collection":[{"href":"https:\/\/yoopies.fr\/c\/wp-json\/wp\/v2\/pages"}],"about":[{"href":"https:\/\/yoopies.fr\/c\/wp-json\/wp\/v2\/types\/page"}],"author":[{"embeddable":true,"href":"https:\/\/yoopies.fr\/c\/wp-json\/wp\/v2\/users\/10"}],"replies":[{"embeddable":true,"href":"https:\/\/yoopies.fr\/c\/wp-json\/wp\/v2\/comments?post=366"}],"version-history":[{"count":1,"href":"https:\/\/yoopies.fr\/c\/wp-json\/wp\/v2\/pages\/366\/revisions"}],"predecessor-version":[{"id":367,"href":"https:\/\/yoopies.fr\/c\/wp-json\/wp\/v2\/pages\/366\/revisions\/367"}],"wp:attachment":[{"href":"https:\/\/yoopies.fr\/c\/wp-json\/wp\/v2\/media?parent=366"}],"curies":[{"name":"wp","href":"https:\/\/api.w.org\/{rel}","templated":true}]}}