{"id":364,"date":"2020-06-05T12:59:35","date_gmt":"2020-06-05T12:59:35","guid":{"rendered":"https:\/\/blog.yoopies.fr\/la-rupture-conventionnelle\/"},"modified":"2025-06-12T07:58:56","modified_gmt":"2025-06-12T07:58:56","slug":"la-rupture-conventionnelle","status":"publish","type":"page","link":"https:\/\/yoopies.fr\/c\/la-rupture-conventionnelle\/","title":{"rendered":"Comment calculer l&rsquo;indemnit\u00e9 de rupture conventionnelle due \u00e0 mon salari\u00e9 ?"},"content":{"rendered":"<p><p>Vous avez sign&eacute; une <a href=\"https:\/\/yoopies.fr\/c\/rupture-conventionnelle-salarie-a-domicile\/\">rupture conventionnelle<\/a> avec votre salari&eacute; ? A l&rsquo;issue de la rupture du contrat de travail, il faudra lui verser une indemnit&eacute; sp&eacute;cifique de rupture conventionnelle, quelle que soit son anciennet&eacute;. <\/p>\n<\/p>\n<p>Cette indemnit&eacute; est calcul&eacute;e &agrave; partir du <strong>salaire brut<\/strong> per&ccedil;u par le salari&eacute;. Il faut prendre en compte, selon la formule la plus avantageuse :<\/p>\n<ul>\n<li>Soit la moyenne des salaires bruts per&ccedil;us au cours des 12 derniers mois pr&eacute;c&eacute;dant la rupture du contrat ;<\/li>\n<li>Soit la moyenne des salaires bruts per&ccedil;us au cours de 3 derniers mois pr&eacute;c&eacute;dant la rupture du contrat.<\/li>\n<\/ul>\n<p>Le montant de l&rsquo;indemnit&eacute; de rupture conventionnelle correspond &agrave; &frac14; de mois de salaire par ann&eacute;e d&rsquo;anciennet&eacute; : moyenne des salaires bruts per&ccedil;us la plus &eacute;lev&eacute;e entre les 12 ou 3 derniers mois \/ 4 * (nombre de mois d&rsquo;anciennet&eacute; \/ 12 )<\/p>\n<\/p>\n<p><strong>Cliquez <a href=\"https:\/\/www.telerc.travail.gouv.fr\/RuptureConventionnellePortailPublic\/jsp\/site\/Portal.jsp?page_id=14\">ici<\/a> pour calculer le montant de l&rsquo;indemnit&eacute; due. <\/strong>Vous pouvez trouver le montant du salaire brut vers&eacute; &agrave; votre salari&eacute; sur le bulletin de paie &eacute;dit&eacute; par Cesu\/Pajemploi.<\/p>\n<\/p>\n<p><strong>?Le saviez-vous ? <\/strong><\/p>\n<ul>\n<li><em>L&rsquo;indemnit&eacute; de rupture conventionnelle n&rsquo;est pas soumise &agrave; cotisations sociales, il n&rsquo;est pas n&eacute;cessaire de la d&eacute;clarer sur Cesu\/Pajemploi ;<\/em><\/li>\n<li><em>Il n&rsquo;est pas possible de verser cette indemnit&eacute; via Yoopies. Nous vous recommandons de la verser directement &agrave; votre salari&eacute; par virement, esp&egrave;ce ou tout autre moyen de paiement ; <\/em><\/li>\n<li><em>Le montant de cette indemnit&eacute; devra figurer sur le <a href=\"https:\/\/www.service-public.fr\/particuliers\/vosdroits\/F86\">re&ccedil;u pour solde de tout compte<\/a>, que vous devez remettre &agrave; votre salari&eacute; &agrave; l&rsquo;issue de la rupture du contrat de travail. Vous trouverez un mod&egrave;le <a href=\"https:\/\/www.service-public.fr\/particuliers\/vosdroits\/R44596\">ici<\/a>.\n<p><\/em><\/li>\n<\/ul>\n<p>A tr&egrave;s vite sur Yoopies ! <\/p>\n<p>\u26a0\ufe0f <em>Ces informations ne constituent pas un conseil juridique et ne font que reprendre les informations officielles publi&eacute;es par les autorit&eacute;s comp&eacute;tentes. N&rsquo;h&eacute;sitez pas &agrave; consulter les textes applicables accessibles sur les <a href=\"https:\/\/www.legifrance.gouv.fr\/affichIDCC.do?idConvention=KALICONT000005635792\">sites internet officiels<\/a>.<\/em><\/p><\/p>\n","protected":false},"excerpt":{"rendered":"<p>Vous avez sign&eacute; une rupture conventionnelle avec votre salari&eacute; ? A l&rsquo;issue de la rupture du contrat de travail, il &hellip; <\/p>\n","protected":false},"author":10,"featured_media":0,"parent":0,"menu_order":0,"comment_status":"closed","ping_status":"closed","template":"","meta":{"_acf_changed":false,"footnotes":""},"class_list":["post-364","page","type-page","status-publish","hentry"],"acf":[],"yoast_head":"<!-- This site is optimized with the Yoast SEO plugin v26.9 - https:\/\/yoast.com\/product\/yoast-seo-wordpress\/ -->\n<title>Comment calculer l&#039;indemnit\u00e9 de rupture conventionnelle due \u00e0 mon salari\u00e9 ?<\/title>\n<meta name=\"description\" content=\"Vous avez sign\u00e9 une rupture conventionnelle avec votre salari\u00e9 ? D\u00e9couvrez dans cet article comment calcul\u00e9 le montant de l&#039;indemnit\u00e9 due.\" \/>\n<meta name=\"robots\" content=\"index, follow, max-snippet:-1, max-image-preview:large, max-video-preview:-1\" \/>\n<link rel=\"canonical\" href=\"https:\/\/yoopies.fr\/c\/la-rupture-conventionnelle\/\" \/>\n<meta property=\"og:locale\" content=\"fr_FR\" \/>\n<meta property=\"og:type\" content=\"article\" \/>\n<meta property=\"og:title\" content=\"Comment calculer l&#039;indemnit\u00e9 de rupture conventionnelle due \u00e0 mon salari\u00e9 ?\" \/>\n<meta property=\"og:description\" content=\"Vous avez sign\u00e9 une rupture conventionnelle avec votre salari\u00e9 ? D\u00e9couvrez dans cet article comment calcul\u00e9 le montant de l&#039;indemnit\u00e9 due.\" \/>\n<meta property=\"og:url\" content=\"https:\/\/yoopies.fr\/c\/la-rupture-conventionnelle\/\" \/>\n<meta property=\"og:site_name\" content=\"Le Blog Yoopies\" \/>\n<meta property=\"article:modified_time\" content=\"2025-06-12T07:58:56+00:00\" \/>\n<meta name=\"twitter:card\" content=\"summary_large_image\" \/>\n<meta name=\"twitter:label1\" content=\"Dur\u00e9e de lecture estim\u00e9e\" \/>\n\t<meta name=\"twitter:data1\" content=\"2 minutes\" \/>\n<script type=\"application\/ld+json\" class=\"yoast-schema-graph\">{\"@context\":\"https:\/\/schema.org\",\"@graph\":[{\"@type\":\"WebPage\",\"@id\":\"https:\/\/yoopies.fr\/c\/la-rupture-conventionnelle\/\",\"url\":\"https:\/\/yoopies.fr\/c\/la-rupture-conventionnelle\/\",\"name\":\"Comment calculer l'indemnit\u00e9 de rupture conventionnelle due \u00e0 mon salari\u00e9 ?\",\"isPartOf\":{\"@id\":\"https:\/\/yoopies.fr\/c\/#website\"},\"datePublished\":\"2020-06-05T12:59:35+00:00\",\"dateModified\":\"2025-06-12T07:58:56+00:00\",\"description\":\"Vous avez sign\u00e9 une rupture conventionnelle avec votre salari\u00e9 ? D\u00e9couvrez dans cet article comment calcul\u00e9 le montant de l'indemnit\u00e9 due.\",\"breadcrumb\":{\"@id\":\"https:\/\/yoopies.fr\/c\/la-rupture-conventionnelle\/#breadcrumb\"},\"inLanguage\":\"fr-FR\",\"potentialAction\":[{\"@type\":\"ReadAction\",\"target\":[\"https:\/\/yoopies.fr\/c\/la-rupture-conventionnelle\/\"]}]},{\"@type\":\"BreadcrumbList\",\"@id\":\"https:\/\/yoopies.fr\/c\/la-rupture-conventionnelle\/#breadcrumb\",\"itemListElement\":[{\"@type\":\"ListItem\",\"position\":1,\"name\":\"Home\",\"item\":\"https:\/\/yoopies.fr\/c\/\"},{\"@type\":\"ListItem\",\"position\":2,\"name\":\"Comment calculer l&rsquo;indemnit\u00e9 de rupture conventionnelle due \u00e0 mon salari\u00e9 ?\"}]},{\"@type\":\"WebSite\",\"@id\":\"https:\/\/yoopies.fr\/c\/#website\",\"url\":\"https:\/\/yoopies.fr\/c\/\",\"name\":\"Le Blog Yoopies\",\"description\":\"\",\"publisher\":{\"@id\":\"https:\/\/yoopies.fr\/c\/#organization\"},\"potentialAction\":[{\"@type\":\"SearchAction\",\"target\":{\"@type\":\"EntryPoint\",\"urlTemplate\":\"https:\/\/yoopies.fr\/c\/?s={search_term_string}\"},\"query-input\":{\"@type\":\"PropertyValueSpecification\",\"valueRequired\":true,\"valueName\":\"search_term_string\"}}],\"inLanguage\":\"fr-FR\"},{\"@type\":\"Organization\",\"@id\":\"https:\/\/yoopies.fr\/c\/#organization\",\"name\":\"Le Blog Yoopies\",\"url\":\"https:\/\/yoopies.fr\/c\/\",\"logo\":{\"@type\":\"ImageObject\",\"inLanguage\":\"fr-FR\",\"@id\":\"https:\/\/yoopies.fr\/c\/#\/schema\/logo\/image\/\",\"url\":\"https:\/\/yoopies.fr\/c\/wp-content\/uploads\/2025\/04\/cropped-Logo_Yoopies-2.png\",\"contentUrl\":\"https:\/\/yoopies.fr\/c\/wp-content\/uploads\/2025\/04\/cropped-Logo_Yoopies-2.png\",\"width\":512,\"height\":512,\"caption\":\"Le Blog Yoopies\"},\"image\":{\"@id\":\"https:\/\/yoopies.fr\/c\/#\/schema\/logo\/image\/\"}}]}<\/script>\n<!-- \/ Yoast SEO plugin. -->","yoast_head_json":{"title":"Comment calculer l'indemnit\u00e9 de rupture conventionnelle due \u00e0 mon salari\u00e9 ?","description":"Vous avez sign\u00e9 une rupture conventionnelle avec votre salari\u00e9 ? D\u00e9couvrez dans cet article comment calcul\u00e9 le montant de l'indemnit\u00e9 due.","robots":{"index":"index","follow":"follow","max-snippet":"max-snippet:-1","max-image-preview":"max-image-preview:large","max-video-preview":"max-video-preview:-1"},"canonical":"https:\/\/yoopies.fr\/c\/la-rupture-conventionnelle\/","og_locale":"fr_FR","og_type":"article","og_title":"Comment calculer l'indemnit\u00e9 de rupture conventionnelle due \u00e0 mon salari\u00e9 ?","og_description":"Vous avez sign\u00e9 une rupture conventionnelle avec votre salari\u00e9 ? D\u00e9couvrez dans cet article comment calcul\u00e9 le montant de l'indemnit\u00e9 due.","og_url":"https:\/\/yoopies.fr\/c\/la-rupture-conventionnelle\/","og_site_name":"Le Blog Yoopies","article_modified_time":"2025-06-12T07:58:56+00:00","twitter_card":"summary_large_image","twitter_misc":{"Dur\u00e9e de lecture estim\u00e9e":"2 minutes"},"schema":{"@context":"https:\/\/schema.org","@graph":[{"@type":"WebPage","@id":"https:\/\/yoopies.fr\/c\/la-rupture-conventionnelle\/","url":"https:\/\/yoopies.fr\/c\/la-rupture-conventionnelle\/","name":"Comment calculer l'indemnit\u00e9 de rupture conventionnelle due \u00e0 mon salari\u00e9 ?","isPartOf":{"@id":"https:\/\/yoopies.fr\/c\/#website"},"datePublished":"2020-06-05T12:59:35+00:00","dateModified":"2025-06-12T07:58:56+00:00","description":"Vous avez sign\u00e9 une rupture conventionnelle avec votre salari\u00e9 ? D\u00e9couvrez dans cet article comment calcul\u00e9 le montant de l'indemnit\u00e9 due.","breadcrumb":{"@id":"https:\/\/yoopies.fr\/c\/la-rupture-conventionnelle\/#breadcrumb"},"inLanguage":"fr-FR","potentialAction":[{"@type":"ReadAction","target":["https:\/\/yoopies.fr\/c\/la-rupture-conventionnelle\/"]}]},{"@type":"BreadcrumbList","@id":"https:\/\/yoopies.fr\/c\/la-rupture-conventionnelle\/#breadcrumb","itemListElement":[{"@type":"ListItem","position":1,"name":"Home","item":"https:\/\/yoopies.fr\/c\/"},{"@type":"ListItem","position":2,"name":"Comment calculer l&rsquo;indemnit\u00e9 de rupture conventionnelle due \u00e0 mon salari\u00e9 ?"}]},{"@type":"WebSite","@id":"https:\/\/yoopies.fr\/c\/#website","url":"https:\/\/yoopies.fr\/c\/","name":"Le Blog Yoopies","description":"","publisher":{"@id":"https:\/\/yoopies.fr\/c\/#organization"},"potentialAction":[{"@type":"SearchAction","target":{"@type":"EntryPoint","urlTemplate":"https:\/\/yoopies.fr\/c\/?s={search_term_string}"},"query-input":{"@type":"PropertyValueSpecification","valueRequired":true,"valueName":"search_term_string"}}],"inLanguage":"fr-FR"},{"@type":"Organization","@id":"https:\/\/yoopies.fr\/c\/#organization","name":"Le Blog Yoopies","url":"https:\/\/yoopies.fr\/c\/","logo":{"@type":"ImageObject","inLanguage":"fr-FR","@id":"https:\/\/yoopies.fr\/c\/#\/schema\/logo\/image\/","url":"https:\/\/yoopies.fr\/c\/wp-content\/uploads\/2025\/04\/cropped-Logo_Yoopies-2.png","contentUrl":"https:\/\/yoopies.fr\/c\/wp-content\/uploads\/2025\/04\/cropped-Logo_Yoopies-2.png","width":512,"height":512,"caption":"Le Blog Yoopies"},"image":{"@id":"https:\/\/yoopies.fr\/c\/#\/schema\/logo\/image\/"}}]}},"_links":{"self":[{"href":"https:\/\/yoopies.fr\/c\/wp-json\/wp\/v2\/pages\/364","targetHints":{"allow":["GET"]}}],"collection":[{"href":"https:\/\/yoopies.fr\/c\/wp-json\/wp\/v2\/pages"}],"about":[{"href":"https:\/\/yoopies.fr\/c\/wp-json\/wp\/v2\/types\/page"}],"author":[{"embeddable":true,"href":"https:\/\/yoopies.fr\/c\/wp-json\/wp\/v2\/users\/10"}],"replies":[{"embeddable":true,"href":"https:\/\/yoopies.fr\/c\/wp-json\/wp\/v2\/comments?post=364"}],"version-history":[{"count":1,"href":"https:\/\/yoopies.fr\/c\/wp-json\/wp\/v2\/pages\/364\/revisions"}],"predecessor-version":[{"id":365,"href":"https:\/\/yoopies.fr\/c\/wp-json\/wp\/v2\/pages\/364\/revisions\/365"}],"wp:attachment":[{"href":"https:\/\/yoopies.fr\/c\/wp-json\/wp\/v2\/media?parent=364"}],"curies":[{"name":"wp","href":"https:\/\/api.w.org\/{rel}","templated":true}]}}