{"id":352,"date":"2020-06-05T17:26:45","date_gmt":"2020-06-05T17:26:45","guid":{"rendered":"https:\/\/blog.yoopies.fr\/avenant-contrat-de-travail-salarie-domicile\/"},"modified":"2025-06-12T07:58:56","modified_gmt":"2025-06-12T07:58:56","slug":"avenant-contrat-de-travail-salarie-domicile","status":"publish","type":"page","link":"https:\/\/yoopies.fr\/c\/avenant-contrat-de-travail-salarie-domicile\/","title":{"rendered":"Comment r\u00e9diger un avenant au contrat de travail afin de pr\u00e9ciser les dates de cong\u00e9s sans solde de mon salari\u00e9 ?"},"content":{"rendered":"<p><p>Vous souhaitez modifier ou compl&eacute;ter le <a href=\"https:\/\/yoopies.fr\/c\/embauche-salarie-a-domicile\/\">contrat de travail<\/a> de votre salari&eacute; ? Vous trouverez ci-dessous un mod&egrave;le d&rsquo;avenant au contrat de travail.&nbsp;<\/p>\n<p>\u26a0\ufe0f Ce mod&egrave;le d&rsquo;avenant ne vaut que <\/p>\n<ul>\n<li>si vous avez pris le mod&egrave;le de contrat CDI Cesu tel que conseill&eacute; dans le mail de confirmation de la r&eacute;servation envoy&eacute; par notre &eacute;quipe ; <\/li>\n<li>si vous souhaitez pr&eacute;cisez les dates de cong&eacute;s sans solde de votre salari&eacute; afin de ne pas avoir &agrave; rompre son contrat de travail et &agrave; la r&eacute;mun&eacute;rer durant cette p&eacute;riode. <\/li>\n<\/ul>\n<p>\n<\/p>\n<p><strong>                                                                 AVENANT AU CONTRAT DE TRAVAIL<\/strong><\/p>\n<p><strong>&nbsp;<\/strong><\/p>\n<p><strong>Entre l&rsquo;employeur<\/strong><\/p>\n<p>Mme, M : <\/p>\n<p>Adresse&nbsp;: <\/p>\n<p>N&deg; URSSAF (Pajemploi&nbsp;ou Cesu) : <\/p>\n<p>&nbsp;&nbsp;<\/p>\n<p><strong>Et la\/le salari&eacute;(e)<\/strong><\/p>\n<p>Mme, M : <\/p>\n<p>Adresse&nbsp;:<\/p>\n<p>N&deg; d&rsquo;immatriculation S&eacute;curit&eacute; sociale : <\/p>\n<p><strong>&nbsp;<\/strong><\/p>\n<p><strong>Il a &eacute;t&eacute; pr&eacute;alablement rappel&eacute; que : <\/strong><\/p>\n<p>Madame\/Monsieur (indiquez le nom et pr&eacute;nom du salari&eacute;) a &eacute;t&eacute; embauch&eacute;(e) en qualit&eacute; de (indiquer le poste du salari&eacute;) en CDI conclu en date du (indiquez la date d&#8217;embauche du salari&eacute;).<\/p>\n<p><strong>&nbsp;<\/strong><\/p>\n<p><strong>Ceci &eacute;tant rappel&eacute;, il a &eacute;t&eacute; convenu ce qui suit&nbsp;: <\/strong><\/p>\n<p>&nbsp;<\/p>\n<p>Les dispositions de l&rsquo;article 17, onglet \u00ab\u00a0Autres\u00a0\u00bb du contrat sont supprim&eacute;es et remplac&eacute;es par les stipulations suivantes&nbsp;: <\/p>\n<p>&nbsp;<\/p>\n<p><strong>Article 17 &#8211; Clause particuli&egrave;re<\/strong><\/p>\n<p>Les p&eacute;riodes suivantes ne seront ni travaill&eacute;es ni r&eacute;mun&eacute;r&eacute;es : (pr&eacute;cisez la date de d&eacute;but et de fin des cong&eacute;s sans solde).<\/p>\n<\/p>\n<p>Les dispositions du pr&eacute;sent avenant seront applicables &agrave; compter de sa signature. <\/p>\n<p>&nbsp;<\/p>\n<p>&nbsp;<\/p>\n<p>Fait &agrave;  (indiquez le lieu), le (indiquez la date) en 2 exemplaires.<\/p>\n<p>&nbsp;<\/p>\n<p>&nbsp;<\/p>\n<p><strong>Signature du salari&eacute; <\/strong><\/p>\n<p>(pr&eacute;c&eacute;d&eacute;e de&nbsp;la mention &laquo;&nbsp;Lu et approuv&eacute;&nbsp;&raquo;)<\/p>\n<p>\n<\/p>\n<p><strong>Signature de l&rsquo;employeur<\/strong><\/p>\n<p>(pr&eacute;c&eacute;d&eacute;e de&nbsp;la mention &laquo;&nbsp;Lu et approuv&eacute;&nbsp;&raquo;)<\/p>\n<\/p>\n<p>A tr&egrave;s vite sur Yoopies ! <\/p>\n<p>\u26a0\ufe0f <em>Ces informations ne constituent pas un conseil juridique et ne font que reprendre les informations officielles publi&eacute;es par les autorit&eacute;s comp&eacute;tentes. N&rsquo;h&eacute;sitez pas &agrave; consulter les textes applicables accessibles sur les <a href=\"https:\/\/www.legifrance.gouv.fr\/affichIDCC.do?idConvention=KALICONT000005635792\">sites internet officiels<\/a>.<\/em><\/p>\n<p>&nbsp;<\/p><\/p>\n","protected":false},"excerpt":{"rendered":"<p>Vous souhaitez modifier ou compl&eacute;ter le contrat de travail de votre salari&eacute; ? Vous trouverez ci-dessous un mod&egrave;le d&rsquo;avenant au &hellip; <\/p>\n","protected":false},"author":10,"featured_media":0,"parent":0,"menu_order":0,"comment_status":"closed","ping_status":"closed","template":"","meta":{"_acf_changed":false,"footnotes":""},"class_list":["post-352","page","type-page","status-publish","hentry"],"acf":[],"yoast_head":"<!-- This site is optimized with the Yoast SEO plugin v26.9 - https:\/\/yoast.com\/product\/yoast-seo-wordpress\/ -->\n<title>Comment r\u00e9diger un avenant au contrat de travail ?<\/title>\n<meta name=\"description\" content=\"Vous souhaitez modifier ou compl\u00e9ter le contrat de travail de votre salari\u00e9 ? D\u00e9couvrez dans cet article comment r\u00e9diger un avenant au contrat de travail.\" \/>\n<meta name=\"robots\" content=\"index, follow, max-snippet:-1, max-image-preview:large, max-video-preview:-1\" \/>\n<link rel=\"canonical\" href=\"https:\/\/yoopies.fr\/c\/avenant-contrat-de-travail-salarie-domicile\/\" \/>\n<meta property=\"og:locale\" content=\"fr_FR\" \/>\n<meta property=\"og:type\" content=\"article\" \/>\n<meta property=\"og:title\" content=\"Comment r\u00e9diger un avenant au contrat de travail ?\" \/>\n<meta property=\"og:description\" content=\"Vous souhaitez modifier ou compl\u00e9ter le contrat de travail de votre salari\u00e9 ? D\u00e9couvrez dans cet article comment r\u00e9diger un avenant au contrat de travail.\" \/>\n<meta property=\"og:url\" content=\"https:\/\/yoopies.fr\/c\/avenant-contrat-de-travail-salarie-domicile\/\" \/>\n<meta property=\"og:site_name\" content=\"Le Blog Yoopies\" \/>\n<meta property=\"article:modified_time\" content=\"2025-06-12T07:58:56+00:00\" \/>\n<meta name=\"twitter:card\" content=\"summary_large_image\" \/>\n<meta name=\"twitter:label1\" content=\"Dur\u00e9e de lecture estim\u00e9e\" \/>\n\t<meta name=\"twitter:data1\" content=\"2 minutes\" \/>\n<script type=\"application\/ld+json\" class=\"yoast-schema-graph\">{\"@context\":\"https:\/\/schema.org\",\"@graph\":[{\"@type\":\"WebPage\",\"@id\":\"https:\/\/yoopies.fr\/c\/avenant-contrat-de-travail-salarie-domicile\/\",\"url\":\"https:\/\/yoopies.fr\/c\/avenant-contrat-de-travail-salarie-domicile\/\",\"name\":\"Comment r\u00e9diger un avenant au contrat de travail ?\",\"isPartOf\":{\"@id\":\"https:\/\/yoopies.fr\/c\/#website\"},\"datePublished\":\"2020-06-05T17:26:45+00:00\",\"dateModified\":\"2025-06-12T07:58:56+00:00\",\"description\":\"Vous souhaitez modifier ou compl\u00e9ter le contrat de travail de votre salari\u00e9 ? D\u00e9couvrez dans cet article comment r\u00e9diger un avenant au contrat de travail.\",\"breadcrumb\":{\"@id\":\"https:\/\/yoopies.fr\/c\/avenant-contrat-de-travail-salarie-domicile\/#breadcrumb\"},\"inLanguage\":\"fr-FR\",\"potentialAction\":[{\"@type\":\"ReadAction\",\"target\":[\"https:\/\/yoopies.fr\/c\/avenant-contrat-de-travail-salarie-domicile\/\"]}]},{\"@type\":\"BreadcrumbList\",\"@id\":\"https:\/\/yoopies.fr\/c\/avenant-contrat-de-travail-salarie-domicile\/#breadcrumb\",\"itemListElement\":[{\"@type\":\"ListItem\",\"position\":1,\"name\":\"Home\",\"item\":\"https:\/\/yoopies.fr\/c\/\"},{\"@type\":\"ListItem\",\"position\":2,\"name\":\"Comment r\u00e9diger un avenant au contrat de travail afin de pr\u00e9ciser les dates de cong\u00e9s sans solde de mon salari\u00e9 ?\"}]},{\"@type\":\"WebSite\",\"@id\":\"https:\/\/yoopies.fr\/c\/#website\",\"url\":\"https:\/\/yoopies.fr\/c\/\",\"name\":\"Le Blog Yoopies\",\"description\":\"\",\"publisher\":{\"@id\":\"https:\/\/yoopies.fr\/c\/#organization\"},\"potentialAction\":[{\"@type\":\"SearchAction\",\"target\":{\"@type\":\"EntryPoint\",\"urlTemplate\":\"https:\/\/yoopies.fr\/c\/?s={search_term_string}\"},\"query-input\":{\"@type\":\"PropertyValueSpecification\",\"valueRequired\":true,\"valueName\":\"search_term_string\"}}],\"inLanguage\":\"fr-FR\"},{\"@type\":\"Organization\",\"@id\":\"https:\/\/yoopies.fr\/c\/#organization\",\"name\":\"Le Blog Yoopies\",\"url\":\"https:\/\/yoopies.fr\/c\/\",\"logo\":{\"@type\":\"ImageObject\",\"inLanguage\":\"fr-FR\",\"@id\":\"https:\/\/yoopies.fr\/c\/#\/schema\/logo\/image\/\",\"url\":\"https:\/\/yoopies.fr\/c\/wp-content\/uploads\/2025\/04\/cropped-Logo_Yoopies-2.png\",\"contentUrl\":\"https:\/\/yoopies.fr\/c\/wp-content\/uploads\/2025\/04\/cropped-Logo_Yoopies-2.png\",\"width\":512,\"height\":512,\"caption\":\"Le Blog Yoopies\"},\"image\":{\"@id\":\"https:\/\/yoopies.fr\/c\/#\/schema\/logo\/image\/\"}}]}<\/script>\n<!-- \/ Yoast SEO plugin. -->","yoast_head_json":{"title":"Comment r\u00e9diger un avenant au contrat de travail ?","description":"Vous souhaitez modifier ou compl\u00e9ter le contrat de travail de votre salari\u00e9 ? D\u00e9couvrez dans cet article comment r\u00e9diger un avenant au contrat de travail.","robots":{"index":"index","follow":"follow","max-snippet":"max-snippet:-1","max-image-preview":"max-image-preview:large","max-video-preview":"max-video-preview:-1"},"canonical":"https:\/\/yoopies.fr\/c\/avenant-contrat-de-travail-salarie-domicile\/","og_locale":"fr_FR","og_type":"article","og_title":"Comment r\u00e9diger un avenant au contrat de travail ?","og_description":"Vous souhaitez modifier ou compl\u00e9ter le contrat de travail de votre salari\u00e9 ? D\u00e9couvrez dans cet article comment r\u00e9diger un avenant au contrat de travail.","og_url":"https:\/\/yoopies.fr\/c\/avenant-contrat-de-travail-salarie-domicile\/","og_site_name":"Le Blog Yoopies","article_modified_time":"2025-06-12T07:58:56+00:00","twitter_card":"summary_large_image","twitter_misc":{"Dur\u00e9e de lecture estim\u00e9e":"2 minutes"},"schema":{"@context":"https:\/\/schema.org","@graph":[{"@type":"WebPage","@id":"https:\/\/yoopies.fr\/c\/avenant-contrat-de-travail-salarie-domicile\/","url":"https:\/\/yoopies.fr\/c\/avenant-contrat-de-travail-salarie-domicile\/","name":"Comment r\u00e9diger un avenant au contrat de travail ?","isPartOf":{"@id":"https:\/\/yoopies.fr\/c\/#website"},"datePublished":"2020-06-05T17:26:45+00:00","dateModified":"2025-06-12T07:58:56+00:00","description":"Vous souhaitez modifier ou compl\u00e9ter le contrat de travail de votre salari\u00e9 ? D\u00e9couvrez dans cet article comment r\u00e9diger un avenant au contrat de travail.","breadcrumb":{"@id":"https:\/\/yoopies.fr\/c\/avenant-contrat-de-travail-salarie-domicile\/#breadcrumb"},"inLanguage":"fr-FR","potentialAction":[{"@type":"ReadAction","target":["https:\/\/yoopies.fr\/c\/avenant-contrat-de-travail-salarie-domicile\/"]}]},{"@type":"BreadcrumbList","@id":"https:\/\/yoopies.fr\/c\/avenant-contrat-de-travail-salarie-domicile\/#breadcrumb","itemListElement":[{"@type":"ListItem","position":1,"name":"Home","item":"https:\/\/yoopies.fr\/c\/"},{"@type":"ListItem","position":2,"name":"Comment r\u00e9diger un avenant au contrat de travail afin de pr\u00e9ciser les dates de cong\u00e9s sans solde de mon salari\u00e9 ?"}]},{"@type":"WebSite","@id":"https:\/\/yoopies.fr\/c\/#website","url":"https:\/\/yoopies.fr\/c\/","name":"Le Blog Yoopies","description":"","publisher":{"@id":"https:\/\/yoopies.fr\/c\/#organization"},"potentialAction":[{"@type":"SearchAction","target":{"@type":"EntryPoint","urlTemplate":"https:\/\/yoopies.fr\/c\/?s={search_term_string}"},"query-input":{"@type":"PropertyValueSpecification","valueRequired":true,"valueName":"search_term_string"}}],"inLanguage":"fr-FR"},{"@type":"Organization","@id":"https:\/\/yoopies.fr\/c\/#organization","name":"Le Blog Yoopies","url":"https:\/\/yoopies.fr\/c\/","logo":{"@type":"ImageObject","inLanguage":"fr-FR","@id":"https:\/\/yoopies.fr\/c\/#\/schema\/logo\/image\/","url":"https:\/\/yoopies.fr\/c\/wp-content\/uploads\/2025\/04\/cropped-Logo_Yoopies-2.png","contentUrl":"https:\/\/yoopies.fr\/c\/wp-content\/uploads\/2025\/04\/cropped-Logo_Yoopies-2.png","width":512,"height":512,"caption":"Le Blog Yoopies"},"image":{"@id":"https:\/\/yoopies.fr\/c\/#\/schema\/logo\/image\/"}}]}},"_links":{"self":[{"href":"https:\/\/yoopies.fr\/c\/wp-json\/wp\/v2\/pages\/352","targetHints":{"allow":["GET"]}}],"collection":[{"href":"https:\/\/yoopies.fr\/c\/wp-json\/wp\/v2\/pages"}],"about":[{"href":"https:\/\/yoopies.fr\/c\/wp-json\/wp\/v2\/types\/page"}],"author":[{"embeddable":true,"href":"https:\/\/yoopies.fr\/c\/wp-json\/wp\/v2\/users\/10"}],"replies":[{"embeddable":true,"href":"https:\/\/yoopies.fr\/c\/wp-json\/wp\/v2\/comments?post=352"}],"version-history":[{"count":1,"href":"https:\/\/yoopies.fr\/c\/wp-json\/wp\/v2\/pages\/352\/revisions"}],"predecessor-version":[{"id":353,"href":"https:\/\/yoopies.fr\/c\/wp-json\/wp\/v2\/pages\/352\/revisions\/353"}],"wp:attachment":[{"href":"https:\/\/yoopies.fr\/c\/wp-json\/wp\/v2\/media?parent=352"}],"curies":[{"name":"wp","href":"https:\/\/api.w.org\/{rel}","templated":true}]}}