{"id":314,"date":"2021-03-08T16:11:28","date_gmt":"2021-03-08T16:11:28","guid":{"rendered":"https:\/\/blog.yoopies.fr\/trouver-auto-entrepreneur\/"},"modified":"2025-06-12T07:59:08","modified_gmt":"2025-06-12T07:59:08","slug":"trouver-auto-entrepreneur","status":"publish","type":"page","link":"https:\/\/yoopies.fr\/c\/trouver-auto-entrepreneur\/","title":{"rendered":"Trouver un auto-entrepreneur"},"content":{"rendered":"<figure><img decoding=\"async\" src=\"https:\/\/yoopies.fr\/c\/wp-content\/uploads\/2021\/03\/ae2a210c-6825-4009-a28a-4662d02b5077-pexels-energepiccom-288477.jpg\" \/><figcaption>trouver un auto-entrepreneur <\/figcaption><\/figure>\n<p><p><strong>Vous souhaitez trouver un auto-entrepreneur &agrave; domicile pour la garde d&rsquo;enfants, le soutien scolaire, le m&eacute;nage, l&rsquo;aide aux personnes d&eacute;pendantes ou la garde d&rsquo;animaux ? Nous nous occupons de tout ! Vous pouvez b&eacute;n&eacute;ficier d&rsquo;un accompagnement administratif et juridique gr&acirc;ce &agrave; notre guide.  On vous donne conseils et astuces, que vous retrouverez dans les articles r&eacute;dig&eacute;s par nos experts. <\/strong><\/p>\n<\/p>\n<p><h4><a target=\"_blank\" rel=\"noopener\" href=\"https:\/\/yoopies.fr\/c\/auto-entrepreneur\/\">Baby-sitting, soutien scolaire, m&eacute;nage&#8230; Faites appel &agrave; un autoentrepreneur !<\/a><\/h4>\n<p>Vous souhaitez trouver un auto-entrepreneur pour les services &agrave; domicile. Connaissez-vous les particularit&eacute;s et les avantages de ce statut ? Vous trouverez toutes les informations et conseils dans cet article r&eacute;dig&eacute; par nos experts. <\/p>\n<\/p>\n<p><a class=\"button\" href=\"https:\/\/yoopies.fr\/\">Trouvez un auto-entrepreneur en cliquant ici<\/a><\/p>\n","protected":false},"excerpt":{"rendered":"<p>trouver un auto-entrepreneur Vous souhaitez trouver un auto-entrepreneur &agrave; domicile pour la garde d&rsquo;enfants, le soutien scolaire, le m&eacute;nage, l&rsquo;aide &hellip; <\/p>\n","protected":false},"author":10,"featured_media":316,"parent":0,"menu_order":0,"comment_status":"closed","ping_status":"closed","template":"","meta":{"_acf_changed":false,"footnotes":""},"class_list":["post-314","page","type-page","status-publish","has-post-thumbnail","hentry"],"acf":[],"yoast_head":"<!-- This site is optimized with the Yoast SEO plugin v26.9 - https:\/\/yoast.com\/product\/yoast-seo-wordpress\/ -->\n<title>Trouver un auto-entrepreneur<\/title>\n<meta name=\"description\" content=\"Vous souhaitez trouver un auto-entrepreneur pour les services \u00e0 domicile. Vous trouverez toutes les informations et conseils dans cet article r\u00e9dig\u00e9 par nos experts.\" \/>\n<meta name=\"robots\" content=\"index, follow, max-snippet:-1, max-image-preview:large, max-video-preview:-1\" \/>\n<link rel=\"canonical\" href=\"https:\/\/yoopies.fr\/c\/trouver-auto-entrepreneur\/\" \/>\n<meta property=\"og:locale\" content=\"fr_FR\" \/>\n<meta property=\"og:type\" content=\"article\" \/>\n<meta property=\"og:title\" content=\"Trouver un auto-entrepreneur\" \/>\n<meta property=\"og:description\" content=\"Vous souhaitez trouver un auto-entrepreneur pour les services \u00e0 domicile. Vous trouverez toutes les informations et conseils dans cet article r\u00e9dig\u00e9 par nos experts.\" \/>\n<meta property=\"og:url\" content=\"https:\/\/yoopies.fr\/c\/trouver-auto-entrepreneur\/\" \/>\n<meta property=\"og:site_name\" content=\"Le Blog Yoopies\" \/>\n<meta property=\"article:modified_time\" content=\"2025-06-12T07:59:08+00:00\" \/>\n<meta property=\"og:image\" content=\"https:\/\/yoopies.fr\/c\/wp-content\/uploads\/2021\/03\/ae2a210c-6825-4009-a28a-4662d02b5077-pexels-energepiccom-288477-1.jpg\" \/>\n\t<meta property=\"og:image:width\" content=\"1200\" \/>\n\t<meta property=\"og:image:height\" content=\"900\" \/>\n\t<meta property=\"og:image:type\" content=\"image\/jpeg\" \/>\n<meta name=\"twitter:card\" content=\"summary_large_image\" \/>\n<meta name=\"twitter:label1\" content=\"Dur\u00e9e de lecture estim\u00e9e\" \/>\n\t<meta name=\"twitter:data1\" content=\"1 minute\" \/>\n<script type=\"application\/ld+json\" class=\"yoast-schema-graph\">{\"@context\":\"https:\/\/schema.org\",\"@graph\":[{\"@type\":\"WebPage\",\"@id\":\"https:\/\/yoopies.fr\/c\/trouver-auto-entrepreneur\/\",\"url\":\"https:\/\/yoopies.fr\/c\/trouver-auto-entrepreneur\/\",\"name\":\"Trouver un auto-entrepreneur\",\"isPartOf\":{\"@id\":\"https:\/\/yoopies.fr\/c\/#website\"},\"primaryImageOfPage\":{\"@id\":\"https:\/\/yoopies.fr\/c\/trouver-auto-entrepreneur\/#primaryimage\"},\"image\":{\"@id\":\"https:\/\/yoopies.fr\/c\/trouver-auto-entrepreneur\/#primaryimage\"},\"thumbnailUrl\":\"https:\/\/yoopies.fr\/c\/wp-content\/uploads\/2021\/03\/ae2a210c-6825-4009-a28a-4662d02b5077-pexels-energepiccom-288477-1.jpg\",\"datePublished\":\"2021-03-08T16:11:28+00:00\",\"dateModified\":\"2025-06-12T07:59:08+00:00\",\"description\":\"Vous souhaitez trouver un auto-entrepreneur pour les services \u00e0 domicile. Vous trouverez toutes les informations et conseils dans cet article r\u00e9dig\u00e9 par nos experts.\",\"breadcrumb\":{\"@id\":\"https:\/\/yoopies.fr\/c\/trouver-auto-entrepreneur\/#breadcrumb\"},\"inLanguage\":\"fr-FR\",\"potentialAction\":[{\"@type\":\"ReadAction\",\"target\":[\"https:\/\/yoopies.fr\/c\/trouver-auto-entrepreneur\/\"]}]},{\"@type\":\"ImageObject\",\"inLanguage\":\"fr-FR\",\"@id\":\"https:\/\/yoopies.fr\/c\/trouver-auto-entrepreneur\/#primaryimage\",\"url\":\"https:\/\/yoopies.fr\/c\/wp-content\/uploads\/2021\/03\/ae2a210c-6825-4009-a28a-4662d02b5077-pexels-energepiccom-288477-1.jpg\",\"contentUrl\":\"https:\/\/yoopies.fr\/c\/wp-content\/uploads\/2021\/03\/ae2a210c-6825-4009-a28a-4662d02b5077-pexels-energepiccom-288477-1.jpg\",\"width\":1200,\"height\":900},{\"@type\":\"BreadcrumbList\",\"@id\":\"https:\/\/yoopies.fr\/c\/trouver-auto-entrepreneur\/#breadcrumb\",\"itemListElement\":[{\"@type\":\"ListItem\",\"position\":1,\"name\":\"Home\",\"item\":\"https:\/\/yoopies.fr\/c\/\"},{\"@type\":\"ListItem\",\"position\":2,\"name\":\"Trouver un auto-entrepreneur\"}]},{\"@type\":\"WebSite\",\"@id\":\"https:\/\/yoopies.fr\/c\/#website\",\"url\":\"https:\/\/yoopies.fr\/c\/\",\"name\":\"Le Blog Yoopies\",\"description\":\"\",\"publisher\":{\"@id\":\"https:\/\/yoopies.fr\/c\/#organization\"},\"potentialAction\":[{\"@type\":\"SearchAction\",\"target\":{\"@type\":\"EntryPoint\",\"urlTemplate\":\"https:\/\/yoopies.fr\/c\/?s={search_term_string}\"},\"query-input\":{\"@type\":\"PropertyValueSpecification\",\"valueRequired\":true,\"valueName\":\"search_term_string\"}}],\"inLanguage\":\"fr-FR\"},{\"@type\":\"Organization\",\"@id\":\"https:\/\/yoopies.fr\/c\/#organization\",\"name\":\"Le Blog Yoopies\",\"url\":\"https:\/\/yoopies.fr\/c\/\",\"logo\":{\"@type\":\"ImageObject\",\"inLanguage\":\"fr-FR\",\"@id\":\"https:\/\/yoopies.fr\/c\/#\/schema\/logo\/image\/\",\"url\":\"https:\/\/yoopies.fr\/c\/wp-content\/uploads\/2025\/04\/cropped-Logo_Yoopies-2.png\",\"contentUrl\":\"https:\/\/yoopies.fr\/c\/wp-content\/uploads\/2025\/04\/cropped-Logo_Yoopies-2.png\",\"width\":512,\"height\":512,\"caption\":\"Le Blog Yoopies\"},\"image\":{\"@id\":\"https:\/\/yoopies.fr\/c\/#\/schema\/logo\/image\/\"}}]}<\/script>\n<!-- \/ Yoast SEO plugin. -->","yoast_head_json":{"title":"Trouver un auto-entrepreneur","description":"Vous souhaitez trouver un auto-entrepreneur pour les services \u00e0 domicile. Vous trouverez toutes les informations et conseils dans cet article r\u00e9dig\u00e9 par nos experts.","robots":{"index":"index","follow":"follow","max-snippet":"max-snippet:-1","max-image-preview":"max-image-preview:large","max-video-preview":"max-video-preview:-1"},"canonical":"https:\/\/yoopies.fr\/c\/trouver-auto-entrepreneur\/","og_locale":"fr_FR","og_type":"article","og_title":"Trouver un auto-entrepreneur","og_description":"Vous souhaitez trouver un auto-entrepreneur pour les services \u00e0 domicile. Vous trouverez toutes les informations et conseils dans cet article r\u00e9dig\u00e9 par nos experts.","og_url":"https:\/\/yoopies.fr\/c\/trouver-auto-entrepreneur\/","og_site_name":"Le Blog Yoopies","article_modified_time":"2025-06-12T07:59:08+00:00","og_image":[{"width":1200,"height":900,"url":"https:\/\/yoopies.fr\/c\/wp-content\/uploads\/2021\/03\/ae2a210c-6825-4009-a28a-4662d02b5077-pexels-energepiccom-288477-1.jpg","type":"image\/jpeg"}],"twitter_card":"summary_large_image","twitter_misc":{"Dur\u00e9e de lecture estim\u00e9e":"1 minute"},"schema":{"@context":"https:\/\/schema.org","@graph":[{"@type":"WebPage","@id":"https:\/\/yoopies.fr\/c\/trouver-auto-entrepreneur\/","url":"https:\/\/yoopies.fr\/c\/trouver-auto-entrepreneur\/","name":"Trouver un auto-entrepreneur","isPartOf":{"@id":"https:\/\/yoopies.fr\/c\/#website"},"primaryImageOfPage":{"@id":"https:\/\/yoopies.fr\/c\/trouver-auto-entrepreneur\/#primaryimage"},"image":{"@id":"https:\/\/yoopies.fr\/c\/trouver-auto-entrepreneur\/#primaryimage"},"thumbnailUrl":"https:\/\/yoopies.fr\/c\/wp-content\/uploads\/2021\/03\/ae2a210c-6825-4009-a28a-4662d02b5077-pexels-energepiccom-288477-1.jpg","datePublished":"2021-03-08T16:11:28+00:00","dateModified":"2025-06-12T07:59:08+00:00","description":"Vous souhaitez trouver un auto-entrepreneur pour les services \u00e0 domicile. Vous trouverez toutes les informations et conseils dans cet article r\u00e9dig\u00e9 par nos experts.","breadcrumb":{"@id":"https:\/\/yoopies.fr\/c\/trouver-auto-entrepreneur\/#breadcrumb"},"inLanguage":"fr-FR","potentialAction":[{"@type":"ReadAction","target":["https:\/\/yoopies.fr\/c\/trouver-auto-entrepreneur\/"]}]},{"@type":"ImageObject","inLanguage":"fr-FR","@id":"https:\/\/yoopies.fr\/c\/trouver-auto-entrepreneur\/#primaryimage","url":"https:\/\/yoopies.fr\/c\/wp-content\/uploads\/2021\/03\/ae2a210c-6825-4009-a28a-4662d02b5077-pexels-energepiccom-288477-1.jpg","contentUrl":"https:\/\/yoopies.fr\/c\/wp-content\/uploads\/2021\/03\/ae2a210c-6825-4009-a28a-4662d02b5077-pexels-energepiccom-288477-1.jpg","width":1200,"height":900},{"@type":"BreadcrumbList","@id":"https:\/\/yoopies.fr\/c\/trouver-auto-entrepreneur\/#breadcrumb","itemListElement":[{"@type":"ListItem","position":1,"name":"Home","item":"https:\/\/yoopies.fr\/c\/"},{"@type":"ListItem","position":2,"name":"Trouver un auto-entrepreneur"}]},{"@type":"WebSite","@id":"https:\/\/yoopies.fr\/c\/#website","url":"https:\/\/yoopies.fr\/c\/","name":"Le Blog Yoopies","description":"","publisher":{"@id":"https:\/\/yoopies.fr\/c\/#organization"},"potentialAction":[{"@type":"SearchAction","target":{"@type":"EntryPoint","urlTemplate":"https:\/\/yoopies.fr\/c\/?s={search_term_string}"},"query-input":{"@type":"PropertyValueSpecification","valueRequired":true,"valueName":"search_term_string"}}],"inLanguage":"fr-FR"},{"@type":"Organization","@id":"https:\/\/yoopies.fr\/c\/#organization","name":"Le Blog Yoopies","url":"https:\/\/yoopies.fr\/c\/","logo":{"@type":"ImageObject","inLanguage":"fr-FR","@id":"https:\/\/yoopies.fr\/c\/#\/schema\/logo\/image\/","url":"https:\/\/yoopies.fr\/c\/wp-content\/uploads\/2025\/04\/cropped-Logo_Yoopies-2.png","contentUrl":"https:\/\/yoopies.fr\/c\/wp-content\/uploads\/2025\/04\/cropped-Logo_Yoopies-2.png","width":512,"height":512,"caption":"Le Blog Yoopies"},"image":{"@id":"https:\/\/yoopies.fr\/c\/#\/schema\/logo\/image\/"}}]}},"_links":{"self":[{"href":"https:\/\/yoopies.fr\/c\/wp-json\/wp\/v2\/pages\/314","targetHints":{"allow":["GET"]}}],"collection":[{"href":"https:\/\/yoopies.fr\/c\/wp-json\/wp\/v2\/pages"}],"about":[{"href":"https:\/\/yoopies.fr\/c\/wp-json\/wp\/v2\/types\/page"}],"author":[{"embeddable":true,"href":"https:\/\/yoopies.fr\/c\/wp-json\/wp\/v2\/users\/10"}],"replies":[{"embeddable":true,"href":"https:\/\/yoopies.fr\/c\/wp-json\/wp\/v2\/comments?post=314"}],"version-history":[{"count":1,"href":"https:\/\/yoopies.fr\/c\/wp-json\/wp\/v2\/pages\/314\/revisions"}],"predecessor-version":[{"id":317,"href":"https:\/\/yoopies.fr\/c\/wp-json\/wp\/v2\/pages\/314\/revisions\/317"}],"wp:featuredmedia":[{"embeddable":true,"href":"https:\/\/yoopies.fr\/c\/wp-json\/wp\/v2\/media\/316"}],"wp:attachment":[{"href":"https:\/\/yoopies.fr\/c\/wp-json\/wp\/v2\/media?parent=314"}],"curies":[{"name":"wp","href":"https:\/\/api.w.org\/{rel}","templated":true}]}}