{"id":308,"date":"2021-03-22T09:19:16","date_gmt":"2021-03-22T09:19:16","guid":{"rendered":"https:\/\/blog.yoopies.fr\/recyclage-education-enfants\/"},"modified":"2025-06-12T07:59:08","modified_gmt":"2025-06-12T07:59:08","slug":"recyclage-education-enfants","status":"publish","type":"page","link":"https:\/\/yoopies.fr\/c\/recyclage-education-enfants\/","title":{"rendered":"Recyclage : expliquer aux enfants l&rsquo;avenir de notre plan\u00e8te"},"content":{"rendered":"<p><p>Tri, recyclage, tri, recyclage : les objets ont plusieurs vies ! Aujourd&rsquo;hui, c&rsquo;est la journ&eacute;e mondiale du recyclage. Le but de cette journ&eacute;e est de sensibiliser toute la population &agrave; l&rsquo;importance du recyclage. <\/p>\n<p>Le but de cet article est de sensibiliser les enfants. Si vous &ecirc;tes baby-sitter, nounou ou encore parents, cet article est pour vous. On vous explique en d&eacute;tail comment les &eacute;duquer au recyclage, et comment apprendre &agrave; trier en s&rsquo;amusant. <\/p>\n<\/p>\n<h2><strong>Qu&rsquo;est ce que le recyclage ? <\/strong><\/h2>\n<\/p>\n<p class=\"block-img\"><img decoding=\"async\" src=\"https:\/\/yoopies.fr\/c\/wp-content\/uploads\/2021\/03\/0d8114b2-4e3d-48e0-9451-ce87a44147ac_300x619.jpg\" alt=\"recyclage \"><\/p>\n<\/p>\n<p>Le recyclage est un processus important qui permet de donner une seconde vie aux mat&eacute;riaux afin de r&eacute;duire la consommation des ressources naturelles. C&rsquo;est de faire du neuf avec du vieux !  <\/p>\n<p>Aujourd&rsquo;hui, le recyclage est un vrai sujet d&rsquo;actualit&eacute;. Vous vous demandez pourquoi ? Parce que tout simplement, notre mode de consommation a chang&eacute; ! Nous achetons un tr&egrave;s grand nombre de produits en magasin donc produisons plus de d&eacute;chets.  Il est alors devenu indispensable de recycler non seulement pour limiter la pollution mais aussi pour pr&eacute;server nos ressources naturelles. <\/p>\n<p>Alors un simple geste suffit pour trier les emballages usag&eacute;s pour qu&rsquo;ils soient recycl&eacute;s ! <\/p>\n<p>Vous voulez quelques chiffres ? Selon Ademe, en 2020, le recyclage en France a repr&eacute;sent&eacute; :<\/p>\n<ul>\n<li>23 millions de tonnes de CO2 &eacute;vit&eacute;es<\/li>\n<li>11 millions de barils de p&eacute;trole &eacute;vit&eacute;s<\/li>\n<li>111 650 emplois directs<\/li>\n<\/ul>\n<p>La sensibilisation au recyclage doit se faire d&egrave;s le plus jeune &acirc;ge car les enfants sont l&rsquo;avenir de notre plan&egrave;te ! Il est possible de leur faire comprendre les enjeux de notre environnement de fa&ccedil;on ludique : cela leur permettra d&rsquo;adopter les bons gestes d&egrave;s maintenant. En tant que baby-sitter, nounou, et m&ecirc;me parents, votre r&ocirc;le est d&rsquo;accompagner les enfants et de leur montrer l&rsquo;exemple !<\/p>\n<\/p>\n<h2><strong>Apprendre &agrave; nos enfants l&rsquo;&eacute;volution de la consommation<\/strong><\/h2>\n<\/p>\n<p>Beaucoup de personnes habitent en ville, et travaillent loin de chez eux. Papa et maman manquent de temps pour pr&eacute;parer les repas et ils ne font les courses qu&rsquo;une fois par semaine en g&eacute;n&eacute;ral. Les produits achet&eacute;s dans les magasins sont le plus souvent emball&eacute;s pour pouvoir &ecirc;tre prot&eacute;g&eacute;s, stock&eacute;s, transport&eacute;s, et pour augmenter la dur&eacute;e de vie des aliments. Prenons un exemple : les emballages des jouets, des &oelig;ufs, des yaourts, ou encore des c&eacute;r&eacute;ales n&rsquo;ont plus d&rsquo;utilit&eacute; une fois consomm&eacute;s. Si chaque consommateur jetait ses d&eacute;chets n&rsquo;importe comment, la Terre deviendrait une grande poubelle !<\/p>\n<\/p>\n<h2><strong>Apprendre &agrave; nos enfants le but du recyclage<\/strong><\/h2>\n<\/p>\n<p class=\"block-img\"><img decoding=\"async\" src=\"https:\/\/yoopies.fr\/c\/wp-content\/uploads\/2021\/03\/38319647-dea9-4944-97f6-012c862c045d_Fiche-memo_2.jpg\" alt=\"tri\"><\/p>\n<\/p>\n<p>Il faut expliquer &agrave; nos enfants pourquoi le recyclage pr&eacute;serve la plan&egrave;te pour encourager les enfants &agrave; trier et recycler leurs emballages.<\/p>\n<p>Le recyclage va permettre de pr&eacute;server les ressources naturelles, de limiter la pollution et d&rsquo;&eacute;viter le gaspillage. Fa&icirc;tes une balade ou un pique-nique avec eux : c&rsquo;est un excellent moyen de leur expliquer concr&egrave;tement que recyclage rime avec protection de l&rsquo;environnement.<\/p>\n<p>Ensuite, vous pouvez leur expliquer comment trier ses d&eacute;chets afin qu&rsquo;ils soient recycl&eacute;s.<\/p>\n<p>Nous achetons un produit emball&eacute; en magasin. Une fois &agrave; la maison, apr&egrave;s avoir consomm&eacute; le produit, que faire de l&rsquo;emballage ? La plupart sont &agrave; d&eacute;poser dans le bac ou le conteneur de tri (canette de soda, flacon de shampoing, paquet de g&acirc;teaux&hellip;). Les autres sont &agrave; jeter dans la poubelle des ordures m&eacute;nag&egrave;res (avec les restes de repas, les mouchoirs en papier etc).  Celui-ci sera ensuite vid&eacute; par les&nbsp;&eacute;boueurs dans les camions de collecte, direction le centre de tri le plus proche ! On &eacute;vite ainsi de puiser dans les ressources de la Terre, on limite les pollutions. Par cons&eacute;quent on utilise moins d&rsquo;&eacute;nergie. C&rsquo;est un petit geste qui aura de grands effets pour la plan&egrave;te !<\/p>\n<p>Tous les papiers partent &agrave; l&rsquo;usine de recyclage papeti&egrave;re. Les bouteilles, pots et bocaux en verre sont directement dirig&eacute;s vers l&rsquo;usine verri&egrave;re.<\/p>\n<\/p>\n<h2><strong>Comment se d&eacute;roule le tri et le recyclage ? <\/strong><\/h2>\n<\/p>\n<p>Au centre de tri, les emballages sont pes&eacute;s puis d&eacute;charg&eacute;s. Ils passent sur des tapis roulants o&ugrave; les intrus sont d&eacute;barrass&eacute;s comme par exemple des objets non recyclables jet&eacute;s par erreur dans les conteneurs de tri. Le tri est effectu&eacute; &agrave; la main ou &agrave; l&rsquo;aide de machines. Les techniques diff&egrave;rent selon les mat&eacute;riaux. Les emballages en acier comme les bo&icirc;tes de conserve ou certains a&eacute;rosols sont attir&eacute;s par des aimants g&eacute;ants. Les canettes en aluminium sont &eacute;ject&eacute;es du tapis gr&acirc;ce &agrave; un ventilateur magn&eacute;tique qui les repousse. Une fois regroup&eacute;s par mat&eacute;riau, ces emballages sont aplatis et mis en gros paquets, que l&rsquo;on appelle des &laquo; balles &raquo;.  Puis ils s&rsquo;en vont pour les diff&eacute;rentes usines de recyclage, aci&eacute;ries, usines verri&egrave;res et papeti&egrave;res (o&ugrave; les cartons rejoindront les papiers). Ces usines transforment les emballages par mat&eacute;riau en une nouvelle mati&egrave;re premi&egrave;re qui sera achet&eacute;e par les entreprises pour la fabrication de nouveaux produits. <\/p>\n<p class=\"block-img\"><img decoding=\"async\" src=\"https:\/\/yoopies.fr\/c\/wp-content\/uploads\/2021\/03\/de5e40f2-d3ad-4590-945a-ddb2fc46704b_Untitleddesign.jpg\" alt=\"\"><\/p>\n<h2><strong>La plan&egrave;te compte sur les enfants<\/strong><\/h2>\n<\/p>\n<p>Les enfants ont tendance &agrave; reproduire les gestes et les habitudes des parents : les bonnes et les mauvaises. Alors montrons leur le bon exemple. Adoptons les gestes de tri, que ce soit &agrave; la maison, en ville, en voiture, ou en vacances. <\/p>\n<p>Montrez aux enfants les diff&eacute;rentes couleurs de poubelles pour qu&rsquo;ils apprennent &agrave; jeter chaque emballage dans la bonne : le carton, les bouteilles en plastique, les briques, les bo&icirc;tes de conserve vont dans la poubelle jaune ; les bouteilles en verre, les pots de confiture, les petits pots pour b&eacute;b&eacute;, les bocaux dans la poubelle verte ; les journaux et les magazines dans la poubelle bleue ; le reste dans le bac des ordures m&eacute;nag&egrave;res avec le reste des nourritures etc. <\/p>\n<p>Vous pouvez leur apprendre ce qu&rsquo;est le recyclage &agrave; travers des jeux ludiques. Le basket poubelle est un jeu tr&egrave;s connu pour jeter ses papiers dans la corbeille &agrave; l&rsquo;&eacute;cole ou &agrave; la maison. Alors pourquoi pas utiliser ce jeu pour leur faire comprendre le tri et le recyclage de fa&ccedil;on amusante. Dans quel bac faut-il jeter la bouteille d&rsquo;eau ? Faites un quizz : c&rsquo;est une bonne m&eacute;thode pour rendre l&rsquo;apprentissage des r&egrave;gles de tri ludique. <\/p>\n<\/p>\n<h2><strong>Vous souhaitez devenir de vrais h&eacute;ros du recyclage et agir main dans la main avec les diff&eacute;rents acteurs ? <\/strong><\/h2>\n<\/p>\n<ul>\n<li>Des ambassadeurs du tri travaillent dans chaque ville. Ils se d&eacute;placent pour rencontrer les familles afin de les encourager &agrave; mieux trier. Vous pouvez les contacter pour avoir des explications de professionnels sur les bons gestes et les avantages du tri et du recyclage. <\/li>\n<li>Votre v&eacute;lo est trop petit ? Papa a une tondeuse cass&eacute;e et ne sait pas quoi en faire &agrave; part la jeter ? Trocs, vide-greniers, brocantes sont les solutions ! Eh oui, il y a des associations qui r&eacute;cup&egrave;rent, qui r&eacute;parent et qui revendent ! <\/li>\n<li>Donnez vos jouets, ordinateurs aux recycleries : ils consistent &agrave; r&eacute;cup&eacute;rer les objets pour les r&eacute;parer, les d&eacute;monter et en r&eacute;cup&eacute;rer les pi&egrave;ces pour les revendre sur place. On les trouve dans certaines d&eacute;chetteries.<\/li>\n<li>Vous souhaitez passer une commande ? Pr&eacute;conisez les emballages de livraison r&eacute;utilisables. <\/li>\n<li>Trier les d&eacute;chets organiques et v&eacute;g&eacute;taux (&eacute;pluchures, restes de repas, herbe tondue etc) et faites votre propre compost. C&rsquo;est un super engrais pour votre jardin ! \n<\/li>\n<\/ul>\n<p>Vous l&rsquo;avez compris ! Impliquer les enfants dans le geste de recyclage pour les responsabiliser est essentiel aujourd&rsquo;hui ! Ils sont l&rsquo;avenir de notre plan&egrave;te. Alors, trions, recyclons ! <\/p>\n<\/p>\n<p>A tr&egrave;s vite sur Yoopies ! <\/p><\/p>\n","protected":false},"excerpt":{"rendered":"<p>Tri, recyclage, tri, recyclage : les objets ont plusieurs vies ! Aujourd&rsquo;hui, c&rsquo;est la journ&eacute;e mondiale du recyclage. Le but &hellip; <\/p>\n","protected":false},"author":10,"featured_media":312,"parent":0,"menu_order":0,"comment_status":"closed","ping_status":"closed","template":"","meta":{"_acf_changed":false,"footnotes":""},"class_list":["post-308","page","type-page","status-publish","has-post-thumbnail","hentry"],"acf":[],"yoast_head":"<!-- This site is optimized with the Yoast SEO plugin v26.9 - https:\/\/yoast.com\/product\/yoast-seo-wordpress\/ -->\n<title>Recyclage pour les enfants<\/title>\n<meta name=\"description\" content=\"On vous explique en d\u00e9tail dans cet article comment \u00e9duquer les enfants au recyclage, et comment apprendre \u00e0 trier en s&#039;amusant.\" \/>\n<meta name=\"robots\" content=\"index, follow, max-snippet:-1, max-image-preview:large, max-video-preview:-1\" \/>\n<link rel=\"canonical\" href=\"https:\/\/yoopies.fr\/c\/recyclage-education-enfants\/\" \/>\n<meta property=\"og:locale\" content=\"fr_FR\" \/>\n<meta property=\"og:type\" content=\"article\" \/>\n<meta property=\"og:title\" content=\"Recyclage pour les enfants\" \/>\n<meta property=\"og:description\" content=\"On vous explique en d\u00e9tail dans cet article comment \u00e9duquer les enfants au recyclage, et comment apprendre \u00e0 trier en s&#039;amusant.\" \/>\n<meta property=\"og:url\" content=\"https:\/\/yoopies.fr\/c\/recyclage-education-enfants\/\" \/>\n<meta property=\"og:site_name\" content=\"Le Blog Yoopies\" \/>\n<meta property=\"article:modified_time\" content=\"2025-06-12T07:59:08+00:00\" \/>\n<meta property=\"og:image\" content=\"https:\/\/yoopies.fr\/c\/wp-content\/uploads\/2021\/03\/0d8114b2-4e3d-48e0-9451-ce87a44147ac-300x619-1.jpg\" \/>\n\t<meta property=\"og:image:width\" content=\"1200\" \/>\n\t<meta property=\"og:image:height\" content=\"582\" \/>\n\t<meta property=\"og:image:type\" content=\"image\/jpeg\" \/>\n<meta name=\"twitter:card\" content=\"summary_large_image\" \/>\n<meta name=\"twitter:label1\" content=\"Dur\u00e9e de lecture estim\u00e9e\" \/>\n\t<meta name=\"twitter:data1\" content=\"7 minutes\" \/>\n<script type=\"application\/ld+json\" class=\"yoast-schema-graph\">{\"@context\":\"https:\/\/schema.org\",\"@graph\":[{\"@type\":\"WebPage\",\"@id\":\"https:\/\/yoopies.fr\/c\/recyclage-education-enfants\/\",\"url\":\"https:\/\/yoopies.fr\/c\/recyclage-education-enfants\/\",\"name\":\"Recyclage pour les enfants\",\"isPartOf\":{\"@id\":\"https:\/\/yoopies.fr\/c\/#website\"},\"primaryImageOfPage\":{\"@id\":\"https:\/\/yoopies.fr\/c\/recyclage-education-enfants\/#primaryimage\"},\"image\":{\"@id\":\"https:\/\/yoopies.fr\/c\/recyclage-education-enfants\/#primaryimage\"},\"thumbnailUrl\":\"https:\/\/yoopies.fr\/c\/wp-content\/uploads\/2021\/03\/0d8114b2-4e3d-48e0-9451-ce87a44147ac-300x619-1.jpg\",\"datePublished\":\"2021-03-22T09:19:16+00:00\",\"dateModified\":\"2025-06-12T07:59:08+00:00\",\"description\":\"On vous explique en d\u00e9tail dans cet article comment \u00e9duquer les enfants au recyclage, et comment apprendre \u00e0 trier en s'amusant.\",\"breadcrumb\":{\"@id\":\"https:\/\/yoopies.fr\/c\/recyclage-education-enfants\/#breadcrumb\"},\"inLanguage\":\"fr-FR\",\"potentialAction\":[{\"@type\":\"ReadAction\",\"target\":[\"https:\/\/yoopies.fr\/c\/recyclage-education-enfants\/\"]}]},{\"@type\":\"ImageObject\",\"inLanguage\":\"fr-FR\",\"@id\":\"https:\/\/yoopies.fr\/c\/recyclage-education-enfants\/#primaryimage\",\"url\":\"https:\/\/yoopies.fr\/c\/wp-content\/uploads\/2021\/03\/0d8114b2-4e3d-48e0-9451-ce87a44147ac-300x619-1.jpg\",\"contentUrl\":\"https:\/\/yoopies.fr\/c\/wp-content\/uploads\/2021\/03\/0d8114b2-4e3d-48e0-9451-ce87a44147ac-300x619-1.jpg\",\"width\":1200,\"height\":582},{\"@type\":\"BreadcrumbList\",\"@id\":\"https:\/\/yoopies.fr\/c\/recyclage-education-enfants\/#breadcrumb\",\"itemListElement\":[{\"@type\":\"ListItem\",\"position\":1,\"name\":\"Home\",\"item\":\"https:\/\/yoopies.fr\/c\/\"},{\"@type\":\"ListItem\",\"position\":2,\"name\":\"Recyclage : expliquer aux enfants l&rsquo;avenir de notre plan\u00e8te\"}]},{\"@type\":\"WebSite\",\"@id\":\"https:\/\/yoopies.fr\/c\/#website\",\"url\":\"https:\/\/yoopies.fr\/c\/\",\"name\":\"Le Blog Yoopies\",\"description\":\"\",\"publisher\":{\"@id\":\"https:\/\/yoopies.fr\/c\/#organization\"},\"potentialAction\":[{\"@type\":\"SearchAction\",\"target\":{\"@type\":\"EntryPoint\",\"urlTemplate\":\"https:\/\/yoopies.fr\/c\/?s={search_term_string}\"},\"query-input\":{\"@type\":\"PropertyValueSpecification\",\"valueRequired\":true,\"valueName\":\"search_term_string\"}}],\"inLanguage\":\"fr-FR\"},{\"@type\":\"Organization\",\"@id\":\"https:\/\/yoopies.fr\/c\/#organization\",\"name\":\"Le Blog Yoopies\",\"url\":\"https:\/\/yoopies.fr\/c\/\",\"logo\":{\"@type\":\"ImageObject\",\"inLanguage\":\"fr-FR\",\"@id\":\"https:\/\/yoopies.fr\/c\/#\/schema\/logo\/image\/\",\"url\":\"https:\/\/yoopies.fr\/c\/wp-content\/uploads\/2025\/04\/cropped-Logo_Yoopies-2.png\",\"contentUrl\":\"https:\/\/yoopies.fr\/c\/wp-content\/uploads\/2025\/04\/cropped-Logo_Yoopies-2.png\",\"width\":512,\"height\":512,\"caption\":\"Le Blog Yoopies\"},\"image\":{\"@id\":\"https:\/\/yoopies.fr\/c\/#\/schema\/logo\/image\/\"}}]}<\/script>\n<!-- \/ Yoast SEO plugin. -->","yoast_head_json":{"title":"Recyclage pour les enfants","description":"On vous explique en d\u00e9tail dans cet article comment \u00e9duquer les enfants au recyclage, et comment apprendre \u00e0 trier en s'amusant.","robots":{"index":"index","follow":"follow","max-snippet":"max-snippet:-1","max-image-preview":"max-image-preview:large","max-video-preview":"max-video-preview:-1"},"canonical":"https:\/\/yoopies.fr\/c\/recyclage-education-enfants\/","og_locale":"fr_FR","og_type":"article","og_title":"Recyclage pour les enfants","og_description":"On vous explique en d\u00e9tail dans cet article comment \u00e9duquer les enfants au recyclage, et comment apprendre \u00e0 trier en s'amusant.","og_url":"https:\/\/yoopies.fr\/c\/recyclage-education-enfants\/","og_site_name":"Le Blog Yoopies","article_modified_time":"2025-06-12T07:59:08+00:00","og_image":[{"width":1200,"height":582,"url":"https:\/\/yoopies.fr\/c\/wp-content\/uploads\/2021\/03\/0d8114b2-4e3d-48e0-9451-ce87a44147ac-300x619-1.jpg","type":"image\/jpeg"}],"twitter_card":"summary_large_image","twitter_misc":{"Dur\u00e9e de lecture estim\u00e9e":"7 minutes"},"schema":{"@context":"https:\/\/schema.org","@graph":[{"@type":"WebPage","@id":"https:\/\/yoopies.fr\/c\/recyclage-education-enfants\/","url":"https:\/\/yoopies.fr\/c\/recyclage-education-enfants\/","name":"Recyclage pour les enfants","isPartOf":{"@id":"https:\/\/yoopies.fr\/c\/#website"},"primaryImageOfPage":{"@id":"https:\/\/yoopies.fr\/c\/recyclage-education-enfants\/#primaryimage"},"image":{"@id":"https:\/\/yoopies.fr\/c\/recyclage-education-enfants\/#primaryimage"},"thumbnailUrl":"https:\/\/yoopies.fr\/c\/wp-content\/uploads\/2021\/03\/0d8114b2-4e3d-48e0-9451-ce87a44147ac-300x619-1.jpg","datePublished":"2021-03-22T09:19:16+00:00","dateModified":"2025-06-12T07:59:08+00:00","description":"On vous explique en d\u00e9tail dans cet article comment \u00e9duquer les enfants au recyclage, et comment apprendre \u00e0 trier en s'amusant.","breadcrumb":{"@id":"https:\/\/yoopies.fr\/c\/recyclage-education-enfants\/#breadcrumb"},"inLanguage":"fr-FR","potentialAction":[{"@type":"ReadAction","target":["https:\/\/yoopies.fr\/c\/recyclage-education-enfants\/"]}]},{"@type":"ImageObject","inLanguage":"fr-FR","@id":"https:\/\/yoopies.fr\/c\/recyclage-education-enfants\/#primaryimage","url":"https:\/\/yoopies.fr\/c\/wp-content\/uploads\/2021\/03\/0d8114b2-4e3d-48e0-9451-ce87a44147ac-300x619-1.jpg","contentUrl":"https:\/\/yoopies.fr\/c\/wp-content\/uploads\/2021\/03\/0d8114b2-4e3d-48e0-9451-ce87a44147ac-300x619-1.jpg","width":1200,"height":582},{"@type":"BreadcrumbList","@id":"https:\/\/yoopies.fr\/c\/recyclage-education-enfants\/#breadcrumb","itemListElement":[{"@type":"ListItem","position":1,"name":"Home","item":"https:\/\/yoopies.fr\/c\/"},{"@type":"ListItem","position":2,"name":"Recyclage : expliquer aux enfants l&rsquo;avenir de notre plan\u00e8te"}]},{"@type":"WebSite","@id":"https:\/\/yoopies.fr\/c\/#website","url":"https:\/\/yoopies.fr\/c\/","name":"Le Blog Yoopies","description":"","publisher":{"@id":"https:\/\/yoopies.fr\/c\/#organization"},"potentialAction":[{"@type":"SearchAction","target":{"@type":"EntryPoint","urlTemplate":"https:\/\/yoopies.fr\/c\/?s={search_term_string}"},"query-input":{"@type":"PropertyValueSpecification","valueRequired":true,"valueName":"search_term_string"}}],"inLanguage":"fr-FR"},{"@type":"Organization","@id":"https:\/\/yoopies.fr\/c\/#organization","name":"Le Blog Yoopies","url":"https:\/\/yoopies.fr\/c\/","logo":{"@type":"ImageObject","inLanguage":"fr-FR","@id":"https:\/\/yoopies.fr\/c\/#\/schema\/logo\/image\/","url":"https:\/\/yoopies.fr\/c\/wp-content\/uploads\/2025\/04\/cropped-Logo_Yoopies-2.png","contentUrl":"https:\/\/yoopies.fr\/c\/wp-content\/uploads\/2025\/04\/cropped-Logo_Yoopies-2.png","width":512,"height":512,"caption":"Le Blog Yoopies"},"image":{"@id":"https:\/\/yoopies.fr\/c\/#\/schema\/logo\/image\/"}}]}},"_links":{"self":[{"href":"https:\/\/yoopies.fr\/c\/wp-json\/wp\/v2\/pages\/308","targetHints":{"allow":["GET"]}}],"collection":[{"href":"https:\/\/yoopies.fr\/c\/wp-json\/wp\/v2\/pages"}],"about":[{"href":"https:\/\/yoopies.fr\/c\/wp-json\/wp\/v2\/types\/page"}],"author":[{"embeddable":true,"href":"https:\/\/yoopies.fr\/c\/wp-json\/wp\/v2\/users\/10"}],"replies":[{"embeddable":true,"href":"https:\/\/yoopies.fr\/c\/wp-json\/wp\/v2\/comments?post=308"}],"version-history":[{"count":1,"href":"https:\/\/yoopies.fr\/c\/wp-json\/wp\/v2\/pages\/308\/revisions"}],"predecessor-version":[{"id":313,"href":"https:\/\/yoopies.fr\/c\/wp-json\/wp\/v2\/pages\/308\/revisions\/313"}],"wp:featuredmedia":[{"embeddable":true,"href":"https:\/\/yoopies.fr\/c\/wp-json\/wp\/v2\/media\/312"}],"wp:attachment":[{"href":"https:\/\/yoopies.fr\/c\/wp-json\/wp\/v2\/media?parent=308"}],"curies":[{"name":"wp","href":"https:\/\/api.w.org\/{rel}","templated":true}]}}