{"id":293,"date":"2021-03-29T14:57:38","date_gmt":"2021-03-29T14:57:38","guid":{"rendered":"https:\/\/blog.yoopies.fr\/cours-soutien-scolaire-crise-sanitaire\/"},"modified":"2025-06-12T07:58:56","modified_gmt":"2025-06-12T07:58:56","slug":"cours-soutien-scolaire-crise-sanitaire","status":"publish","type":"page","link":"https:\/\/yoopies.fr\/c\/cours-soutien-scolaire-crise-sanitaire\/","title":{"rendered":"Cours de soutien scolaire durant la crise sanitaire"},"content":{"rendered":"<p><p><strong>Comment s&rsquo;assurer que votre enfant reste motiv&eacute; et garde sa r&eacute;ussite scolaire pendant la crise sanitaire ?<\/strong><\/p>\n<p>Nous sommes toujours en couvre-feu depuis quelques semaines maintenant. Entre professeurs absents, suppression de cours, retard dans le programme scolaire, vous ne savez plus comment vos enfants vont rattraper le retard et &ecirc;tre pr&ecirc;t aux examens qui sont toujours d&rsquo;actualit&eacute;. Ce n&rsquo;est pas facile pour eux de se concentrer, apprendre et r&eacute;viser dans les circonstances actuelles mais il va falloir faire avec et mettre en place une bonne m&eacute;thode de travail pour avancer.&nbsp;<\/p>\n<p><strong>Nous allons vous donner dans cet article des conseils pour que votre enfant &eacute;vite le d&eacute;crochage scolaire et conserve sa motivation. <\/strong><\/p>\n<ol>\n<li> L&rsquo;implication des parents est tr&egrave;s importante dans cette situation de crise pour aider votre enfant. Si vous constatez que votre enfant &eacute;prouve des difficult&eacute;s dans la compr&eacute;hension des le&ccedil;ons ou dans la r&eacute;alisation des exercices, parlez-en &agrave; son enseignant.<\/li>\n<li>Rassurez votre enfant autant que possible pour qu&rsquo;il sache que vous &ecirc;tes l&agrave;. <\/li>\n<li>Discutez avec lui, demandez-lui comment il se sent, tant sur sa vie personnelle que scolaire. <\/li>\n<li>Aidez-le &agrave; se fixer des objectifs. <\/li>\n<li>Proposez-lui des activit&eacute;s pour qu&rsquo;il se d&eacute;pense et pour qu&rsquo;il &eacute;vacue les tensions et stress accumul&eacute;s durant la journ&eacute;e. <\/li>\n<li>Si vous travaillez et que vous n&rsquo;avez pas le temps de vous occuper de ses devoirs, envisagez le soutien scolaire &agrave; distance, par webcam, afin de le motiver davantage et &eacute;viter de prendre du retard dans le programme. <\/li>\n<\/ol>\n<h3><\/h3>\n<\/p>\n<p><h3><strong>Cours de soutien scolaire en ligne<\/strong><\/h3>\n<\/p>\n<figure><img decoding=\"async\" src=\"https:\/\/yoopies.fr\/c\/wp-content\/uploads\/2021\/03\/61f84f52-8bd0-4be2-b207-2c6f077f703d-pexels-julia-m-cameron-4145355.jpg\" alt=\"Soutien scolaire \u00e0 distance\" \/><\/figure>\n<p><p>La scolarit&eacute; de votre enfant est perturb&eacute;e par cette crise sanitaire ?  <\/p>\n<p>Pour b&eacute;n&eacute;ficier d&rsquo;un accompagnement personnalis&eacute; pendant cette p&eacute;riode de crise sanitaire, n&rsquo;h&eacute;sitez pas &agrave; chercher le professeur de soutien scolaire  pour votre enfant, sur notre plateforme Yoopies pour un cours particulier en ligne. Les intervenants proposent des cours de soutien scolaire en ligne, &agrave; petits prix, pour les aider &agrave; comprendre les le&ccedil;ons, les entra&icirc;ner sur des exercices types, les pr&eacute;parer &agrave; des &eacute;preuves et bien plus encore. Vous trouverez dans la liste des mati&egrave;res, l&rsquo;option &ldquo;Suivi p&eacute;dagogique Covid-19&rdquo; pour vous dirigez vers des professeurs particuliers qui suivront votre enfant sur le long-terme.<\/p>\n<\/p>\n<h3><strong>A quoi sert le cours de soutien scolaire ?<\/strong><\/h3>\n<\/p>\n<p>Le soutien scolaire a pour but de : <\/p>\n<ul>\n<li><strong>Aider votre enfant dans son organisation. <\/strong>En effet, votre enfant peut rencontrer des difficult&eacute;s d&rsquo;organisation. S&rsquo;il a l&rsquo;habitude de r&eacute;viser en groupe avec ses camarades de classe apr&egrave;s l&rsquo;&eacute;cole par exemple, il devra instaurer une nouvelle m&eacute;thode pour continuer ses r&eacute;visions efficacement. \n<\/li>\n<li><strong>Augmenter la moyenne de votre enfant. <\/strong>Si vous manquez de temps&nbsp;et que vous ne pouvez pas aider votre enfant &agrave; remonter ses notes, le soutien scolaire est la meilleure solution. \n<\/li>\n<li><strong>B&eacute;n&eacute;ficier d&rsquo;un accompagnement personnalis&eacute;. <\/strong>Votre enfant pourra ainsi se sentir plus &agrave; l&rsquo;aise pour poser toutes les questions qu&rsquo;il souhaite sans peur d&rsquo;&ecirc;tre jug&eacute; par les autres &eacute;l&egrave;ves de sa classe.\n<\/li>\n<li><strong>Aider l&rsquo;enfant &agrave; r&eacute;viser pour ses examens.<\/strong>\n<\/li>\n<li><strong>Soutenir et rassurer les parents. <\/strong>\n<\/li>\n<\/ul>\n<h3><strong>Comment faire pour b&eacute;n&eacute;ficier d&rsquo;un cours de soutien scolaire en ligne ? <\/strong><\/h3>\n<\/p>\n<p>Il suffit de vous inscrire sur Yoopies, la premi&egrave;re plateforme de services &agrave; domicile en France, puis consultez librement les profils de nos intervenants pour les cours de soutien scolaire, et contactez votre professeur selon le crit&egrave;re &ldquo;par webcam&rdquo;.&nbsp;<\/p>\n<p>&Eacute;changez avec le professeur particulier de soutien scolaire pour lui expliquer vos besoins et lui faire part de vos disponibilit&eacute;s et enfin programmez le cours.&nbsp;Choisissez avec lui , le logiciel pour le soutien scolaire en ligne.  Les logiciels les plus couramment utilis&eacute;s sont Skype et Google Talk. Pensez &agrave; le t&eacute;l&eacute;charger et le tester avant le premier cours.<\/p>\n<\/p>\n<p>Nous vous invitons &agrave; lire &eacute;galement l&rsquo;article <a target=\"_blank\" rel=\"noopener\" href=\"https:\/\/yoopies.fr\/c\/soutien-scolaire-en-ligne-efficace\/\">Comment rendre le soutien scolaire en ligne efficace ?<\/a><\/p>\n<\/p>\n<h3><strong>Soutien scolaire en ligne gratuit <\/strong><\/h3>\n<\/p>\n<p>Pour les &eacute;l&egrave;ves, il n&rsquo;est pas du tout &eacute;vident de travailler dans ses conditions de crise sanitaire. Pour les aider, voici une s&eacute;lection des meilleurs sites Internet gratuits pour permettre &agrave; votre enfant de r&eacute;viser &agrave; la maison.  <\/p>\n<\/p>\n<p>Pour les &eacute;l&egrave;ves de maternelle et primaire : <\/p>\n<ul>\n<li><a target=\"_blank\" rel=\"noopener\" href=\"https:\/\/www.lasouris-web.org\/\">Lasouris-web <\/a>propose des ressources gratuites, des liens vers des sites, des jeux &eacute;ducatifs en ligne afin de permettre m&ecirc;me aux plus petits, en maternelle, la poursuite des apprentissages. <\/li>\n<li><a target=\"_blank\" rel=\"noopener\" href=\"https:\/\/www.maprimaire.fr\/\">Ma Primaire<\/a>, est un site gratuit pour r&eacute;viser &agrave; travers des exercices ludiques pour tous les niveaux et toutes les mati&egrave;res de primaire. <\/li>\n<\/ul>\n<p>Pour les &eacute;l&egrave;ves au coll&egrave;ge et lyc&eacute;e : <\/p>\n<ul>\n<li><a target=\"_blank\" rel=\"noopener\" href=\"https:\/\/www.afterclasse.fr\/\">AfterClass<\/a> est un site gratuit pour des cours de soutien scolaire efficace &agrave; votre domicile. Vous pouvez acc&eacute;der &agrave; des fiches de cours et des milliers d&rsquo;exercices interactifs de la 6&egrave;me &agrave; la Terminale. Les enfants pourront ainsi pr&eacute;parer leur examen de Brevet mais aussi de Baccalaur&eacute;at. Votre enfant peut m&ecirc;me t&eacute;l&eacute;charger l&rsquo;application mobile AfterClass afin de r&eacute;viser dans les transports par exemple. <\/li>\n<li><a target=\"_blank\" rel=\"noopener\" href=\"https:\/\/www.schoolmouv.fr\/\">SchoolMouv<\/a> est un site gratuit de cours en ligne de toutes les mati&egrave;res de la 6e &agrave; la Terminale avec des vid&eacute;os, des fiches, des exercices interactifs. Votre enfant aura acc&egrave;s aux cours sur le site ou sur leur application mobile. Il est m&ecirc;me possible de poser des questions &agrave; des professeurs via leur tchat. <\/li>\n<li><a target=\"_blank\" rel=\"noopener\" href=\"https:\/\/www.studyrama.com\/revision-examen\">Studyrama<\/a> est un site gratuit permettant de r&eacute;viser pour les concours : le brevet, le bac, les examens de BTS, DUT, &eacute;cole de commerce, &eacute;cole d&rsquo;ing&eacute;nieur etc.. Le site accompagne votre enfant dans leur r&eacute;vision &agrave; travers des fiches de cours, des vid&eacute;os et des annales avec leurs corrig&eacute;s. <\/li>\n<\/ul>\n<p>Il existe aujourd&rsquo;hui de nombreux sites et applications mobiles pour du soutien scolaire &agrave; distance. Choisissez des sites con&ccedil;us avec ou par des professeurs pour que le contenu pr&eacute;sent&eacute; soit en accord avec le <a target=\"_blank\" rel=\"noopener\" href=\"https:\/\/www.education.gouv.fr\/programmes-scolaires-41483\">programme scolaire de l&rsquo;Education nationale<\/a>. <\/p>\n<p>A tr&egrave;s vite sur Yoopies ! <\/p>\n<\/p>\n<p><a class=\"button\" href=\"https:\/\/yoopies.fr\/soutien-scolaire\">Besoin de soutien scolaire en ligne ? Cliquez-ici. <\/a><\/p>\n","protected":false},"excerpt":{"rendered":"<p>Comment s&rsquo;assurer que votre enfant reste motiv&eacute; et garde sa r&eacute;ussite scolaire pendant la crise sanitaire ? Nous sommes toujours &hellip; <\/p>\n","protected":false},"author":10,"featured_media":295,"parent":0,"menu_order":0,"comment_status":"closed","ping_status":"closed","template":"","meta":{"_acf_changed":false,"footnotes":""},"class_list":["post-293","page","type-page","status-publish","has-post-thumbnail","hentry"],"acf":[],"yoast_head":"<!-- This site is optimized with the Yoast SEO plugin v26.9 - https:\/\/yoast.com\/product\/yoast-seo-wordpress\/ -->\n<title>Cours de soutien scolaire durant la crise sanitaire<\/title>\n<meta name=\"description\" content=\"Vous cherchez des cours de soutien scolaire durant la crise sanitaire. Toutes les r\u00e9ponses \u00e0 vos questions dans les articles \u00e9crits par nos experts.\" \/>\n<meta name=\"robots\" content=\"index, follow, max-snippet:-1, max-image-preview:large, max-video-preview:-1\" \/>\n<link rel=\"canonical\" href=\"https:\/\/yoopies.fr\/c\/cours-soutien-scolaire-crise-sanitaire\/\" \/>\n<meta property=\"og:locale\" content=\"fr_FR\" \/>\n<meta property=\"og:type\" content=\"article\" \/>\n<meta property=\"og:title\" content=\"Cours de soutien scolaire durant la crise sanitaire\" \/>\n<meta property=\"og:description\" content=\"Vous cherchez des cours de soutien scolaire durant la crise sanitaire. Toutes les r\u00e9ponses \u00e0 vos questions dans les articles \u00e9crits par nos experts.\" \/>\n<meta property=\"og:url\" content=\"https:\/\/yoopies.fr\/c\/cours-soutien-scolaire-crise-sanitaire\/\" \/>\n<meta property=\"og:site_name\" content=\"Le Blog Yoopies\" \/>\n<meta property=\"article:modified_time\" content=\"2025-06-12T07:58:56+00:00\" \/>\n<meta property=\"og:image\" content=\"https:\/\/yoopies.fr\/c\/wp-content\/uploads\/2021\/03\/bb55ab4b-e4c4-4332-ab90-c7994b11b517-pexels-julia-m-cameron-4145244.jpg\" \/>\n\t<meta property=\"og:image:width\" content=\"1200\" \/>\n\t<meta property=\"og:image:height\" content=\"801\" \/>\n\t<meta property=\"og:image:type\" content=\"image\/jpeg\" \/>\n<meta name=\"twitter:card\" content=\"summary_large_image\" \/>\n<meta name=\"twitter:label1\" content=\"Dur\u00e9e de lecture estim\u00e9e\" \/>\n\t<meta name=\"twitter:data1\" content=\"6 minutes\" \/>\n<script type=\"application\/ld+json\" class=\"yoast-schema-graph\">{\"@context\":\"https:\/\/schema.org\",\"@graph\":[{\"@type\":\"WebPage\",\"@id\":\"https:\/\/yoopies.fr\/c\/cours-soutien-scolaire-crise-sanitaire\/\",\"url\":\"https:\/\/yoopies.fr\/c\/cours-soutien-scolaire-crise-sanitaire\/\",\"name\":\"Cours de soutien scolaire durant la crise sanitaire\",\"isPartOf\":{\"@id\":\"https:\/\/yoopies.fr\/c\/#website\"},\"primaryImageOfPage\":{\"@id\":\"https:\/\/yoopies.fr\/c\/cours-soutien-scolaire-crise-sanitaire\/#primaryimage\"},\"image\":{\"@id\":\"https:\/\/yoopies.fr\/c\/cours-soutien-scolaire-crise-sanitaire\/#primaryimage\"},\"thumbnailUrl\":\"https:\/\/yoopies.fr\/c\/wp-content\/uploads\/2021\/03\/bb55ab4b-e4c4-4332-ab90-c7994b11b517-pexels-julia-m-cameron-4145244.jpg\",\"datePublished\":\"2021-03-29T14:57:38+00:00\",\"dateModified\":\"2025-06-12T07:58:56+00:00\",\"description\":\"Vous cherchez des cours de soutien scolaire durant la crise sanitaire. Toutes les r\u00e9ponses \u00e0 vos questions dans les articles \u00e9crits par nos experts.\",\"breadcrumb\":{\"@id\":\"https:\/\/yoopies.fr\/c\/cours-soutien-scolaire-crise-sanitaire\/#breadcrumb\"},\"inLanguage\":\"fr-FR\",\"potentialAction\":[{\"@type\":\"ReadAction\",\"target\":[\"https:\/\/yoopies.fr\/c\/cours-soutien-scolaire-crise-sanitaire\/\"]}]},{\"@type\":\"ImageObject\",\"inLanguage\":\"fr-FR\",\"@id\":\"https:\/\/yoopies.fr\/c\/cours-soutien-scolaire-crise-sanitaire\/#primaryimage\",\"url\":\"https:\/\/yoopies.fr\/c\/wp-content\/uploads\/2021\/03\/bb55ab4b-e4c4-4332-ab90-c7994b11b517-pexels-julia-m-cameron-4145244.jpg\",\"contentUrl\":\"https:\/\/yoopies.fr\/c\/wp-content\/uploads\/2021\/03\/bb55ab4b-e4c4-4332-ab90-c7994b11b517-pexels-julia-m-cameron-4145244.jpg\",\"width\":1200,\"height\":801},{\"@type\":\"BreadcrumbList\",\"@id\":\"https:\/\/yoopies.fr\/c\/cours-soutien-scolaire-crise-sanitaire\/#breadcrumb\",\"itemListElement\":[{\"@type\":\"ListItem\",\"position\":1,\"name\":\"Home\",\"item\":\"https:\/\/yoopies.fr\/c\/\"},{\"@type\":\"ListItem\",\"position\":2,\"name\":\"Cours de soutien scolaire durant la crise sanitaire\"}]},{\"@type\":\"WebSite\",\"@id\":\"https:\/\/yoopies.fr\/c\/#website\",\"url\":\"https:\/\/yoopies.fr\/c\/\",\"name\":\"Le Blog Yoopies\",\"description\":\"\",\"publisher\":{\"@id\":\"https:\/\/yoopies.fr\/c\/#organization\"},\"potentialAction\":[{\"@type\":\"SearchAction\",\"target\":{\"@type\":\"EntryPoint\",\"urlTemplate\":\"https:\/\/yoopies.fr\/c\/?s={search_term_string}\"},\"query-input\":{\"@type\":\"PropertyValueSpecification\",\"valueRequired\":true,\"valueName\":\"search_term_string\"}}],\"inLanguage\":\"fr-FR\"},{\"@type\":\"Organization\",\"@id\":\"https:\/\/yoopies.fr\/c\/#organization\",\"name\":\"Le Blog Yoopies\",\"url\":\"https:\/\/yoopies.fr\/c\/\",\"logo\":{\"@type\":\"ImageObject\",\"inLanguage\":\"fr-FR\",\"@id\":\"https:\/\/yoopies.fr\/c\/#\/schema\/logo\/image\/\",\"url\":\"https:\/\/yoopies.fr\/c\/wp-content\/uploads\/2025\/04\/cropped-Logo_Yoopies-2.png\",\"contentUrl\":\"https:\/\/yoopies.fr\/c\/wp-content\/uploads\/2025\/04\/cropped-Logo_Yoopies-2.png\",\"width\":512,\"height\":512,\"caption\":\"Le Blog Yoopies\"},\"image\":{\"@id\":\"https:\/\/yoopies.fr\/c\/#\/schema\/logo\/image\/\"}}]}<\/script>\n<!-- \/ Yoast SEO plugin. -->","yoast_head_json":{"title":"Cours de soutien scolaire durant la crise sanitaire","description":"Vous cherchez des cours de soutien scolaire durant la crise sanitaire. Toutes les r\u00e9ponses \u00e0 vos questions dans les articles \u00e9crits par nos experts.","robots":{"index":"index","follow":"follow","max-snippet":"max-snippet:-1","max-image-preview":"max-image-preview:large","max-video-preview":"max-video-preview:-1"},"canonical":"https:\/\/yoopies.fr\/c\/cours-soutien-scolaire-crise-sanitaire\/","og_locale":"fr_FR","og_type":"article","og_title":"Cours de soutien scolaire durant la crise sanitaire","og_description":"Vous cherchez des cours de soutien scolaire durant la crise sanitaire. Toutes les r\u00e9ponses \u00e0 vos questions dans les articles \u00e9crits par nos experts.","og_url":"https:\/\/yoopies.fr\/c\/cours-soutien-scolaire-crise-sanitaire\/","og_site_name":"Le Blog Yoopies","article_modified_time":"2025-06-12T07:58:56+00:00","og_image":[{"width":1200,"height":801,"url":"https:\/\/yoopies.fr\/c\/wp-content\/uploads\/2021\/03\/bb55ab4b-e4c4-4332-ab90-c7994b11b517-pexels-julia-m-cameron-4145244.jpg","type":"image\/jpeg"}],"twitter_card":"summary_large_image","twitter_misc":{"Dur\u00e9e de lecture estim\u00e9e":"6 minutes"},"schema":{"@context":"https:\/\/schema.org","@graph":[{"@type":"WebPage","@id":"https:\/\/yoopies.fr\/c\/cours-soutien-scolaire-crise-sanitaire\/","url":"https:\/\/yoopies.fr\/c\/cours-soutien-scolaire-crise-sanitaire\/","name":"Cours de soutien scolaire durant la crise sanitaire","isPartOf":{"@id":"https:\/\/yoopies.fr\/c\/#website"},"primaryImageOfPage":{"@id":"https:\/\/yoopies.fr\/c\/cours-soutien-scolaire-crise-sanitaire\/#primaryimage"},"image":{"@id":"https:\/\/yoopies.fr\/c\/cours-soutien-scolaire-crise-sanitaire\/#primaryimage"},"thumbnailUrl":"https:\/\/yoopies.fr\/c\/wp-content\/uploads\/2021\/03\/bb55ab4b-e4c4-4332-ab90-c7994b11b517-pexels-julia-m-cameron-4145244.jpg","datePublished":"2021-03-29T14:57:38+00:00","dateModified":"2025-06-12T07:58:56+00:00","description":"Vous cherchez des cours de soutien scolaire durant la crise sanitaire. Toutes les r\u00e9ponses \u00e0 vos questions dans les articles \u00e9crits par nos experts.","breadcrumb":{"@id":"https:\/\/yoopies.fr\/c\/cours-soutien-scolaire-crise-sanitaire\/#breadcrumb"},"inLanguage":"fr-FR","potentialAction":[{"@type":"ReadAction","target":["https:\/\/yoopies.fr\/c\/cours-soutien-scolaire-crise-sanitaire\/"]}]},{"@type":"ImageObject","inLanguage":"fr-FR","@id":"https:\/\/yoopies.fr\/c\/cours-soutien-scolaire-crise-sanitaire\/#primaryimage","url":"https:\/\/yoopies.fr\/c\/wp-content\/uploads\/2021\/03\/bb55ab4b-e4c4-4332-ab90-c7994b11b517-pexels-julia-m-cameron-4145244.jpg","contentUrl":"https:\/\/yoopies.fr\/c\/wp-content\/uploads\/2021\/03\/bb55ab4b-e4c4-4332-ab90-c7994b11b517-pexels-julia-m-cameron-4145244.jpg","width":1200,"height":801},{"@type":"BreadcrumbList","@id":"https:\/\/yoopies.fr\/c\/cours-soutien-scolaire-crise-sanitaire\/#breadcrumb","itemListElement":[{"@type":"ListItem","position":1,"name":"Home","item":"https:\/\/yoopies.fr\/c\/"},{"@type":"ListItem","position":2,"name":"Cours de soutien scolaire durant la crise sanitaire"}]},{"@type":"WebSite","@id":"https:\/\/yoopies.fr\/c\/#website","url":"https:\/\/yoopies.fr\/c\/","name":"Le Blog Yoopies","description":"","publisher":{"@id":"https:\/\/yoopies.fr\/c\/#organization"},"potentialAction":[{"@type":"SearchAction","target":{"@type":"EntryPoint","urlTemplate":"https:\/\/yoopies.fr\/c\/?s={search_term_string}"},"query-input":{"@type":"PropertyValueSpecification","valueRequired":true,"valueName":"search_term_string"}}],"inLanguage":"fr-FR"},{"@type":"Organization","@id":"https:\/\/yoopies.fr\/c\/#organization","name":"Le Blog Yoopies","url":"https:\/\/yoopies.fr\/c\/","logo":{"@type":"ImageObject","inLanguage":"fr-FR","@id":"https:\/\/yoopies.fr\/c\/#\/schema\/logo\/image\/","url":"https:\/\/yoopies.fr\/c\/wp-content\/uploads\/2025\/04\/cropped-Logo_Yoopies-2.png","contentUrl":"https:\/\/yoopies.fr\/c\/wp-content\/uploads\/2025\/04\/cropped-Logo_Yoopies-2.png","width":512,"height":512,"caption":"Le Blog Yoopies"},"image":{"@id":"https:\/\/yoopies.fr\/c\/#\/schema\/logo\/image\/"}}]}},"_links":{"self":[{"href":"https:\/\/yoopies.fr\/c\/wp-json\/wp\/v2\/pages\/293","targetHints":{"allow":["GET"]}}],"collection":[{"href":"https:\/\/yoopies.fr\/c\/wp-json\/wp\/v2\/pages"}],"about":[{"href":"https:\/\/yoopies.fr\/c\/wp-json\/wp\/v2\/types\/page"}],"author":[{"embeddable":true,"href":"https:\/\/yoopies.fr\/c\/wp-json\/wp\/v2\/users\/10"}],"replies":[{"embeddable":true,"href":"https:\/\/yoopies.fr\/c\/wp-json\/wp\/v2\/comments?post=293"}],"version-history":[{"count":1,"href":"https:\/\/yoopies.fr\/c\/wp-json\/wp\/v2\/pages\/293\/revisions"}],"predecessor-version":[{"id":296,"href":"https:\/\/yoopies.fr\/c\/wp-json\/wp\/v2\/pages\/293\/revisions\/296"}],"wp:featuredmedia":[{"embeddable":true,"href":"https:\/\/yoopies.fr\/c\/wp-json\/wp\/v2\/media\/295"}],"wp:attachment":[{"href":"https:\/\/yoopies.fr\/c\/wp-json\/wp\/v2\/media?parent=293"}],"curies":[{"name":"wp","href":"https:\/\/api.w.org\/{rel}","templated":true}]}}