{"id":285,"date":"2021-06-01T10:22:11","date_gmt":"2021-06-01T10:22:11","guid":{"rendered":"https:\/\/blog.yoopies.fr\/apprendre-une-langue-etrangere\/"},"modified":"2025-06-12T07:59:07","modified_gmt":"2025-06-12T07:59:07","slug":"apprendre-une-langue-etrangere","status":"publish","type":"page","link":"https:\/\/yoopies.fr\/c\/apprendre-une-langue-etrangere\/","title":{"rendered":"Les 10 bonnes raisons d&rsquo;apprendre une langue \u00e9trang\u00e8re !"},"content":{"rendered":"<p><p><strong>Apprendre une langue &eacute;trang&egrave;re est devenu quasiment indispensable de nos jours ! Cela demande du temps et de la pers&eacute;v&eacute;rance ! Que vous soyez &eacute;tudiant ou parents, apprendre une ou plusieurs langues &eacute;trang&egrave;res repr&eacute;sente un v&eacute;ritable atout ! Voici les 10 bonnes raisons d&rsquo;apprendre une langue &eacute;trang&egrave;re ! <\/strong><\/p>\n<p class=\"block-img\"><img decoding=\"async\" src=\"https:\/\/yoopies.fr\/c\/wp-content\/uploads\/2021\/06\/ae2efd52-3008-4325-a30a-76f717250901_pexels-olya-kobruseva-5409046.jpg\" alt=\" apprendre une langue &eacute;trang&egrave;re\"><\/p>\n<\/p>\n<h2>1. Apprendre une langue &eacute;trang&egrave;re pour aller vivre dans un autre pays<\/h2>\n<\/p>\n<p>Apprendre une ou plusieurs langues &eacute;trang&egrave;res vous permettra de d&eacute;m&eacute;nager dans un autre pays. Si la langue que vous apprenez est la langue locale du pays, c&rsquo;est encore mieux! Eh oui, plongez en immersion totale! Quoi de mieux que d&rsquo;&ecirc;tre en Russie pour apprendre le russe ? A Londres pour l&rsquo;anglais, au Japon pour le japonais ou en Italie pour l&rsquo;italien ? <\/p>\n<p>Vous pourrez plus facilement pr&eacute;parer votre d&eacute;part, vous informer sur les d&eacute;marches administratives &agrave; r&eacute;aliser, chercher un logement, etc. Une fois sur place, vous pourrez communiquer plus facilement afin de trouver un travail. Apprendre la langue du pays dans lequel vous souhaitez vivre, montre votre int&eacute;r&ecirc;t pour ce pays et sa culture ! Rien de mieux pour vous int&eacute;grer plus facilement puisque les habitants du pays appr&eacute;cieront vos efforts ! <\/p>\n<\/p>\n<h2>2. Apprendre une langue &eacute;trang&egrave;re pour voyager facilement<\/h2>\n<\/p>\n<p>Apprendre une langue &eacute;trang&egrave;re permet de profiter pleinement d&rsquo;un voyage : vous pourrez communiquer avec les personnes et vous faire comprendre plus facilement, ne rien manquer des visites guid&eacute;es ou encore comprendre la carte des restaurants. ? Vous pourrez vous &eacute;loigner des zones touristiques et vous m&ecirc;ler aux locaux. Vous ne serez plus oblig&eacute; de s&eacute;journer dans des h&ocirc;tels &laquo;&thinsp;&agrave; touristes&thinsp;&raquo;.<\/p>\n<p>Voyager deviendra ainsi plus amusant et plus enrichissant ! En plus de rentrer chez vous avec de nombreux souvenirs passionnants de vos vacances, vous vivrez &eacute;galement une belle aventure humaine ! <\/p>\n<p><strong>Edmund de Waal a dit :  <em>&laquo; Gr&acirc;ce aux langues, on est chez soi n&rsquo;importe o&ugrave; &raquo;<\/em>. <\/strong>Apprendre une langue &eacute;trang&egrave;re, c&rsquo;est mieux, mais en ma&icirc;triser plusieurs, c&rsquo;est poss&eacute;der un pass pour le monde ! <\/p>\n<\/p>\n<h2>3. Apprendre une langue &eacute;trang&egrave;re pour faire de nouvelles rencontres !<\/h2>\n<\/p>\n<p>Pour rencontrer de nouvelles personnes dans un pays &eacute;tranger et communiquer avec eux facilement, il faut parler leur langue. Ne soyez pas timide, votre petit accent &ldquo;so Frenchy&rdquo; pourrait m&ecirc;me leur plaire ! ?<\/p>\n<p>Communiquer avec de nouvelles personnes est d&rsquo;ailleurs le meilleur moyen d&rsquo;am&eacute;liorer votre vocabulaire, votre accent et de progresser plus rapidement ! Vous nouerez des amiti&eacute;s, r&eacute;elles ou virtuelles. Vous partagerez vos doutes, vos difficult&eacute;s, mais aussi vos progr&egrave;s et vos r&eacute;ussites. Souvent, ces amiti&eacute;s persistent m&ecirc;me bien au-del&agrave; de l&rsquo;apprentissage des langues. Vous pourrez faire de belles rencontres et apprendre beaucoup les uns des autres.<\/p>\n<p><strong>D&rsquo;apr&egrave;s Nelson Mandela, &laquo;<em>Si vous parlez &agrave; un homme dans une langue qu&rsquo;il comprend, vous parlez &agrave; sa t&ecirc;te. Si vous lui parlez dans sa langue, vous parlez &agrave; son c&oelig;ur<\/em>&raquo;<\/strong><\/p>\n<\/p>\n<h2>4. Apprendre une langue &eacute;trang&egrave;re pour s&rsquo;ouvrir &agrave; la culture du pays<\/h2>\n<\/p>\n<p><strong>&laquo;<em>Le langage est la feuille de route d&rsquo;une culture. Il vous indique d&rsquo;o&ugrave; vient et o&ugrave; va son peuple<\/em>&raquo;<\/strong>&ndash;<strong>Rita Mae Brown<\/strong><\/p>\n<p>Apprendre une langue &eacute;trang&egrave;re permet de nous faciliter &agrave; s&rsquo;int&eacute;resser &agrave; la culture du pays. En effet, l&rsquo;ouverture au monde se fait &eacute;galement par l&rsquo;approche culturelle de la langue ! Gr&acirc;ce &agrave; cette langue, on appr&eacute;hende une nouvelle fa&ccedil;on de r&eacute;fl&eacute;chir, on apprend une autre mani&egrave;re de vivre, on d&eacute;couvre d&rsquo;autres habitudes, une autre gastronomie, d&rsquo;autres religions, traditions, coutumes &hellip; Vous comprendrez ainsi davantage le mode de vie des locaux et pourrez d&eacute;couvrir tous les d&eacute;tails qui font la richesse de leur culture. Apprendre une langue &eacute;trang&egrave;re permet de comprendre les autres et de voir le monde avec des yeux diff&eacute;rents. C&rsquo;est une excellente fa&ccedil;on de devenir plus tol&eacute;rant et de s&rsquo;ouvrir &agrave; la diff&eacute;rence.<\/p>\n<\/p>\n<h2>5. Apprendre une langue &eacute;trang&egrave;re pour sortir des id&eacute;es re&ccedil;ues<\/h2>\n<\/p>\n<p>Les id&eacute;es re&ccedil;ues sur l&rsquo;apprentissage des langues &eacute;trang&egrave;res sont nombreuses et sont bien ancr&eacute;es dans nos cerveaux. Et si on arr&ecirc;tait d&rsquo;y croire une bonne fois pour toutes&nbsp;? <\/p>\n<p><strong>Flora Lewis a dit &laquo;<em>&Eacute;tudier une autre langue consiste non seulement &agrave; apprendre d&rsquo;autres mots pour d&eacute;signer les m&ecirc;mes choses, mais aussi &agrave; apprendre une autre fa&ccedil;on de penser &agrave; ces choses<\/em>&raquo;<\/strong>.<\/p>\n<p>Lorsque vous &ecirc;tes sur le point d&rsquo;aller dans un pays que vous ne connaissez pas, les peurs, les id&eacute;es pr&eacute;con&ccedil;ues, les st&eacute;r&eacute;otypes ne demeurent que dans l&rsquo;ignorance. Apprendre une langue &eacute;trang&egrave;re et une nouvelle culture permettent de modifier votre vision du pays, et de la rendre plus r&eacute;aliste. <\/p>\n<p>Non, une langue n&rsquo;est pas n&eacute;cessairement plus difficile &agrave; apprendre qu&rsquo;une autre !  Chaque langue poss&egrave;de ses propres sp&eacute;cificit&eacute;s qu&rsquo;elles soient graphiques, grammaticales ou li&eacute;es au vocabulaire. <\/p>\n<p>Non, il ne faut pas un don pour les langues pour arriver &agrave; en apprendre une ! Tout le monde peut apprendre une langue &eacute;trang&egrave;re ! <br \/>\nApprendre une langue &eacute;trang&egrave;re d&egrave;s l&rsquo;&eacute;cole primaire, voire m&ecirc;me d&egrave;s la maternelle, tend &agrave; d&eacute;velopper plus de tol&eacute;rance envers &ldquo;l&rsquo;&eacute;tranger&rdquo; et facilite ainsi leur &eacute;volution dans une soci&eacute;t&eacute; mondialis&eacute;e. Les enfants ont une capacit&eacute; naturelle &agrave; m&eacute;moriser les informations sonores plus vite et plus facilement. Ils pourront avoir une meilleure prononciation, un meilleur accent et une grande capacit&eacute; &agrave; apprendre de nouvelles choses pour s&rsquo;ouvrir &agrave; l&rsquo;international. Mais les adultes peuvent aussi apprendre facilement une langue &eacute;trang&egrave;re gr&acirc;ce &agrave; certains atouts que les plus jeunes n&rsquo;ont pas&nbsp;: la maturit&eacute; et l&rsquo;exp&eacute;rience.<\/p>\n<\/p>\n<h2>6. Apprendre une langue &eacute;trang&egrave;re pour d&eacute;velopper votre patience<\/h2>\n<\/p>\n<p>Apprendre une langue &eacute;trang&egrave;re prend du temps. ? Apprendre l&rsquo;anglais en 3 semaines n&rsquo;est pas vraiment une r&eacute;alit&eacute; ! Oui, vous pourrez vous d&eacute;brouiller, mais cette connaissance sera vite limit&eacute;e. Apprendre une langue &eacute;trang&egrave;re est une v&eacute;ritable aventure qui demande de la motivation et beaucoup d&rsquo;&eacute;nergie. <\/p>\n<p>Prendre votre temps dans l&rsquo;apprentissage de la langue &eacute;trang&egrave;re vous permettra d&rsquo;aller en profondeur dans la connaissance et l&rsquo;acquisition de la langue et vous confortera dans une certaine aisance orale au moment de mettre en application vos connaissances lors de vos voyages ! Cet exercice intellectuel tend ainsi &agrave; d&eacute;velopper la patience et la pers&eacute;v&eacute;rance, des caract&eacute;ristiques de plus en plus rares mais pourtant appr&eacute;ci&eacute;es dans une soci&eacute;t&eacute; qui cherche &agrave; vivre en &ldquo;temps r&eacute;el&rdquo;.<\/p>\n<\/p>\n<h2>7. Apprendre une langue &eacute;trang&egrave;re pour trouver du travail <\/h2>\n<\/p>\n<p>Dans la soci&eacute;t&eacute; actuelle, la ma&icirc;trise d&rsquo;une ou plusieurs langues &eacute;trang&egrave;res constitue un atout ind&eacute;niable dans la recherche de stage, d&rsquo;alternance ou d&#8217;emploi &agrave; temps plein. Ma&icirc;triser le couple fran&ccedil;ais-anglais ou fran&ccedil;ais-espagnol ou fran&ccedil;ais-allemand est une grande porte pour une carri&egrave;re &agrave; travers l&rsquo;Europe. Pour les professionnels, parler, voire lire et &eacute;crire, dans une autre langue, offrent de grandes opportunit&eacute;s ! Ma&icirc;triser une langue &eacute;trang&egrave;re vous permettra d&rsquo;&eacute;tablir plus facilement des contacts professionnels &agrave; travers le monde ! &nbsp;Pour agrandir ce r&eacute;seau, de nombreux &eacute;tudiants prennent m&ecirc;me la d&eacute;cision de faire leurs &eacute;tudes &agrave; l&rsquo;&eacute;tranger. Etudier &agrave; l&rsquo;&eacute;tranger permet non seulement d&rsquo;apprendre une langue &eacute;trang&egrave;re mais &eacute;galement de devenir autonome et ind&eacute;pendant, ce qui sera un tr&egrave;s grand atout pour votre vie personnelle et professionnelle.<\/p>\n<p>D&icirc;tes-vous que cette&nbsp;exp&eacute;rience &agrave; l&rsquo;&eacute;tranger&nbsp;fera passer votre CV en haut de la pile du recruteur et vous permettra de vous d&eacute;marquer. C&rsquo;est r&eacute;ellement un atout de taille&nbsp;! Cela prouve au recruteur que vous parlez une langue &eacute;trang&egrave;re, mais aussi que vous savez vous d&eacute;brouiller seul, et que vous n&rsquo;avez pas peur de tenter de nouvelles choses. <\/p>\n<\/p>\n<h2>8. Apprendre une langue &eacute;trang&egrave;re pour d&eacute;velopper vos capacit&eacute;s cognitives<\/h2>\n<\/p>\n<p>L&rsquo;apprentissage des langues am&eacute;liore la sant&eacute; cognitive. Les personnes qui parlent une ou plusieurs langues &eacute;trang&egrave;res ont tendance &agrave; avoir une intelligence g&eacute;n&eacute;rale, une attention et une m&eacute;moire plus d&eacute;velopp&eacute;es. L&rsquo;apprentissage d&rsquo;une langue &eacute;trang&egrave;re est l&rsquo;un des exercices cognitifs les plus complets : la m&eacute;moire est activ&eacute;e et de nouvelles connexions des neurones sont cr&eacute;&eacute;es en passant d&rsquo;une langue &agrave; une autre. Ainsi, l&rsquo;apprentissage d&rsquo;une langue renforce la capacit&eacute; de raisonnement, l&rsquo;abstraction ou encore la capacit&eacute; de calcul.<\/p>\n<p>Apprendre une langue &eacute;trang&egrave;re favorise la concentration. En effet, se concentrer signifie &ecirc;tre capable d&rsquo;&eacute;couter, d&rsquo;observer et d&rsquo;absorber tout ce qui nous int&eacute;resse. Pour apprendre une langue &eacute;trang&egrave;re, il faut &ecirc;tre r&eacute;ceptif et pr&ecirc;ter attention.&nbsp;&nbsp;<\/p>\n<\/p>\n<h2>9. Apprendre une langue &eacute;trang&egrave;re pour retarder le vieillissement du cerveau <\/h2>\n<\/p>\n<p>Apprendre une langue &eacute;trang&egrave;re retarde&nbsp;le processus de vieillissement. Les personnes qui parlent au moins deux langues ont tendance &agrave; avoir un cerveau&nbsp;plus flexible, davantage capable de s&rsquo;adapter &agrave; diff&eacute;rentes situations et de passer d&rsquo;une activit&eacute; &agrave; une autre plus rapidement.&nbsp;Des &eacute;tudes ont d&rsquo;ailleurs montr&eacute; qu&rsquo;apprendre une langue &eacute;trang&egrave;re pouvait retarder l&rsquo;apparition des sympt&ocirc;mes de la maladie d&rsquo;Alzheimer chez les personnes &acirc;g&eacute;es. <\/p>\n<p><strong>D&rsquo;apr&egrave;s Frank Smith, &laquo;&nbsp;Une langue vous place dans un couloir pour la vie. Deux langues vous ouvrent toutes les portes le long du chemin &raquo;.<\/strong><\/p>\n<p>En g&eacute;n&eacute;ral, les personnes &acirc;g&eacute;es rep&egrave;rent vite les techniques d&rsquo;apprentissage qui lui conviennent le mieux en fonction de ses exp&eacute;riences de vie professionnelle. Elles sont plus assidues et appliqu&eacute;es pour r&eacute;viser. <\/p>\n<p>Alors, sachez-le ! Apprendre une langue &eacute;trang&egrave;re quand on est senior, c&rsquo;est possible! ?<\/p>\n<\/p>\n<h2>10. Apprendre une langue &eacute;trang&egrave;re pour augmenter votre confiance en vous ! <\/h2>\n<\/p>\n<p><strong>&laquo;<em>La connaissance des langues est la porte de la sagesse<\/em>&raquo;<\/strong>&ndash;<strong>Roger Bacon<\/strong><\/p>\n<p>Une fois que vous commencerez &agrave; apprendre une langue &eacute;trang&egrave;re, vous allez rapidement progresser surtout si vous partez de z&eacute;ro. En cons&eacute;quence, votre confiance en vous et votre estime de vous-m&ecirc;me vont augmenter. Vos progr&egrave;s vous fourniront suffisamment de motivation pour continuer &agrave; apprendre. Vous recevrez de nombreux compliments qui vous donneront la d&eacute;termination d&rsquo;affronter d&rsquo;autres projets que vous n&rsquo;aviez pas eu le courage d&rsquo;entreprendre auparavant. <\/p>\n<p><strong>Finalement, apprendre une langue &eacute;trang&egrave;re, c&rsquo;est que du positif&thinsp;! C&rsquo;est une r&eacute;elle ouverture sociale au monde !<\/strong><\/p>\n<\/p>\n<p><a class=\"button\" href=\"https:\/\/yoopies.fr\/soutien-scolaire\">Cliquez-ici pour trouver votre professeur pour apprendre une langue \u00e9trang\u00e8re ! <\/a><\/p>\n<p><p>Consultez &eacute;galement l&rsquo;article :<a target=\"_blank\" rel=\"noopener\" href=\"https:\/\/yoopies.fr\/c\/apprendre-langue-etrangere-enfants\/\"> <strong>Les 12 conseils pour apprendre une langue &eacute;trang&egrave;re &agrave; votre enfant en s&rsquo;amusant<\/strong><\/a><\/p>\n<p>A tr&egrave;s vite sur Yoopies ! \u270c<\/p><\/p>\n","protected":false},"excerpt":{"rendered":"<p>Apprendre une langue &eacute;trang&egrave;re est devenu quasiment indispensable de nos jours ! Cela demande du temps et de la pers&eacute;v&eacute;rance &hellip; <\/p>\n","protected":false},"author":10,"featured_media":287,"parent":0,"menu_order":0,"comment_status":"closed","ping_status":"closed","template":"","meta":{"_acf_changed":false,"footnotes":""},"class_list":["post-285","page","type-page","status-publish","has-post-thumbnail","hentry"],"acf":[],"yoast_head":"<!-- This site is optimized with the Yoast SEO plugin v26.9 - https:\/\/yoast.com\/product\/yoast-seo-wordpress\/ -->\n<title>Les 10 bonnes raisons d&#039;apprendre une langue \u00e9trang\u00e8re<\/title>\n<meta name=\"description\" content=\"Etudiant ou parent, apprendre une langue \u00e9trang\u00e8re repr\u00e9sente un v\u00e9ritable atout ! Voici les 10 bonnes raisons d&#039;apprendre une langue \u00e9trang\u00e8re !\" \/>\n<meta name=\"robots\" content=\"index, follow, max-snippet:-1, max-image-preview:large, max-video-preview:-1\" \/>\n<link rel=\"canonical\" href=\"https:\/\/yoopies.fr\/c\/apprendre-une-langue-etrangere\/\" \/>\n<meta property=\"og:locale\" content=\"fr_FR\" \/>\n<meta property=\"og:type\" content=\"article\" \/>\n<meta property=\"og:title\" content=\"Les 10 bonnes raisons d&#039;apprendre une langue \u00e9trang\u00e8re\" \/>\n<meta property=\"og:description\" content=\"Etudiant ou parent, apprendre une langue \u00e9trang\u00e8re repr\u00e9sente un v\u00e9ritable atout ! Voici les 10 bonnes raisons d&#039;apprendre une langue \u00e9trang\u00e8re !\" \/>\n<meta property=\"og:url\" content=\"https:\/\/yoopies.fr\/c\/apprendre-une-langue-etrangere\/\" \/>\n<meta property=\"og:site_name\" content=\"Le Blog Yoopies\" \/>\n<meta property=\"article:modified_time\" content=\"2025-06-12T07:59:07+00:00\" \/>\n<meta property=\"og:image\" content=\"https:\/\/yoopies.fr\/c\/wp-content\/uploads\/2021\/06\/ae2efd52-3008-4325-a30a-76f717250901-pexels-olya-kobruseva-5409046.jpg\" \/>\n\t<meta property=\"og:image:width\" content=\"1200\" \/>\n\t<meta property=\"og:image:height\" content=\"1798\" \/>\n\t<meta property=\"og:image:type\" content=\"image\/jpeg\" \/>\n<meta name=\"twitter:card\" content=\"summary_large_image\" \/>\n<meta name=\"twitter:label1\" content=\"Dur\u00e9e de lecture estim\u00e9e\" \/>\n\t<meta name=\"twitter:data1\" content=\"11 minutes\" \/>\n<script type=\"application\/ld+json\" class=\"yoast-schema-graph\">{\"@context\":\"https:\/\/schema.org\",\"@graph\":[{\"@type\":\"WebPage\",\"@id\":\"https:\/\/yoopies.fr\/c\/apprendre-une-langue-etrangere\/\",\"url\":\"https:\/\/yoopies.fr\/c\/apprendre-une-langue-etrangere\/\",\"name\":\"Les 10 bonnes raisons d'apprendre une langue \u00e9trang\u00e8re\",\"isPartOf\":{\"@id\":\"https:\/\/yoopies.fr\/c\/#website\"},\"primaryImageOfPage\":{\"@id\":\"https:\/\/yoopies.fr\/c\/apprendre-une-langue-etrangere\/#primaryimage\"},\"image\":{\"@id\":\"https:\/\/yoopies.fr\/c\/apprendre-une-langue-etrangere\/#primaryimage\"},\"thumbnailUrl\":\"https:\/\/yoopies.fr\/c\/wp-content\/uploads\/2021\/06\/ae2efd52-3008-4325-a30a-76f717250901-pexels-olya-kobruseva-5409046.jpg\",\"datePublished\":\"2021-06-01T10:22:11+00:00\",\"dateModified\":\"2025-06-12T07:59:07+00:00\",\"description\":\"Etudiant ou parent, apprendre une langue \u00e9trang\u00e8re repr\u00e9sente un v\u00e9ritable atout ! Voici les 10 bonnes raisons d'apprendre une langue \u00e9trang\u00e8re !\",\"breadcrumb\":{\"@id\":\"https:\/\/yoopies.fr\/c\/apprendre-une-langue-etrangere\/#breadcrumb\"},\"inLanguage\":\"fr-FR\",\"potentialAction\":[{\"@type\":\"ReadAction\",\"target\":[\"https:\/\/yoopies.fr\/c\/apprendre-une-langue-etrangere\/\"]}]},{\"@type\":\"ImageObject\",\"inLanguage\":\"fr-FR\",\"@id\":\"https:\/\/yoopies.fr\/c\/apprendre-une-langue-etrangere\/#primaryimage\",\"url\":\"https:\/\/yoopies.fr\/c\/wp-content\/uploads\/2021\/06\/ae2efd52-3008-4325-a30a-76f717250901-pexels-olya-kobruseva-5409046.jpg\",\"contentUrl\":\"https:\/\/yoopies.fr\/c\/wp-content\/uploads\/2021\/06\/ae2efd52-3008-4325-a30a-76f717250901-pexels-olya-kobruseva-5409046.jpg\",\"width\":1200,\"height\":1798},{\"@type\":\"BreadcrumbList\",\"@id\":\"https:\/\/yoopies.fr\/c\/apprendre-une-langue-etrangere\/#breadcrumb\",\"itemListElement\":[{\"@type\":\"ListItem\",\"position\":1,\"name\":\"Home\",\"item\":\"https:\/\/yoopies.fr\/c\/\"},{\"@type\":\"ListItem\",\"position\":2,\"name\":\"Les 10 bonnes raisons d&rsquo;apprendre une langue \u00e9trang\u00e8re !\"}]},{\"@type\":\"WebSite\",\"@id\":\"https:\/\/yoopies.fr\/c\/#website\",\"url\":\"https:\/\/yoopies.fr\/c\/\",\"name\":\"Le Blog Yoopies\",\"description\":\"\",\"publisher\":{\"@id\":\"https:\/\/yoopies.fr\/c\/#organization\"},\"potentialAction\":[{\"@type\":\"SearchAction\",\"target\":{\"@type\":\"EntryPoint\",\"urlTemplate\":\"https:\/\/yoopies.fr\/c\/?s={search_term_string}\"},\"query-input\":{\"@type\":\"PropertyValueSpecification\",\"valueRequired\":true,\"valueName\":\"search_term_string\"}}],\"inLanguage\":\"fr-FR\"},{\"@type\":\"Organization\",\"@id\":\"https:\/\/yoopies.fr\/c\/#organization\",\"name\":\"Le Blog Yoopies\",\"url\":\"https:\/\/yoopies.fr\/c\/\",\"logo\":{\"@type\":\"ImageObject\",\"inLanguage\":\"fr-FR\",\"@id\":\"https:\/\/yoopies.fr\/c\/#\/schema\/logo\/image\/\",\"url\":\"https:\/\/yoopies.fr\/c\/wp-content\/uploads\/2025\/04\/cropped-Logo_Yoopies-2.png\",\"contentUrl\":\"https:\/\/yoopies.fr\/c\/wp-content\/uploads\/2025\/04\/cropped-Logo_Yoopies-2.png\",\"width\":512,\"height\":512,\"caption\":\"Le Blog Yoopies\"},\"image\":{\"@id\":\"https:\/\/yoopies.fr\/c\/#\/schema\/logo\/image\/\"}}]}<\/script>\n<!-- \/ Yoast SEO plugin. -->","yoast_head_json":{"title":"Les 10 bonnes raisons d'apprendre une langue \u00e9trang\u00e8re","description":"Etudiant ou parent, apprendre une langue \u00e9trang\u00e8re repr\u00e9sente un v\u00e9ritable atout ! Voici les 10 bonnes raisons d'apprendre une langue \u00e9trang\u00e8re !","robots":{"index":"index","follow":"follow","max-snippet":"max-snippet:-1","max-image-preview":"max-image-preview:large","max-video-preview":"max-video-preview:-1"},"canonical":"https:\/\/yoopies.fr\/c\/apprendre-une-langue-etrangere\/","og_locale":"fr_FR","og_type":"article","og_title":"Les 10 bonnes raisons d'apprendre une langue \u00e9trang\u00e8re","og_description":"Etudiant ou parent, apprendre une langue \u00e9trang\u00e8re repr\u00e9sente un v\u00e9ritable atout ! Voici les 10 bonnes raisons d'apprendre une langue \u00e9trang\u00e8re !","og_url":"https:\/\/yoopies.fr\/c\/apprendre-une-langue-etrangere\/","og_site_name":"Le Blog Yoopies","article_modified_time":"2025-06-12T07:59:07+00:00","og_image":[{"width":1200,"height":1798,"url":"https:\/\/yoopies.fr\/c\/wp-content\/uploads\/2021\/06\/ae2efd52-3008-4325-a30a-76f717250901-pexels-olya-kobruseva-5409046.jpg","type":"image\/jpeg"}],"twitter_card":"summary_large_image","twitter_misc":{"Dur\u00e9e de lecture estim\u00e9e":"11 minutes"},"schema":{"@context":"https:\/\/schema.org","@graph":[{"@type":"WebPage","@id":"https:\/\/yoopies.fr\/c\/apprendre-une-langue-etrangere\/","url":"https:\/\/yoopies.fr\/c\/apprendre-une-langue-etrangere\/","name":"Les 10 bonnes raisons d'apprendre une langue \u00e9trang\u00e8re","isPartOf":{"@id":"https:\/\/yoopies.fr\/c\/#website"},"primaryImageOfPage":{"@id":"https:\/\/yoopies.fr\/c\/apprendre-une-langue-etrangere\/#primaryimage"},"image":{"@id":"https:\/\/yoopies.fr\/c\/apprendre-une-langue-etrangere\/#primaryimage"},"thumbnailUrl":"https:\/\/yoopies.fr\/c\/wp-content\/uploads\/2021\/06\/ae2efd52-3008-4325-a30a-76f717250901-pexels-olya-kobruseva-5409046.jpg","datePublished":"2021-06-01T10:22:11+00:00","dateModified":"2025-06-12T07:59:07+00:00","description":"Etudiant ou parent, apprendre une langue \u00e9trang\u00e8re repr\u00e9sente un v\u00e9ritable atout ! Voici les 10 bonnes raisons d'apprendre une langue \u00e9trang\u00e8re !","breadcrumb":{"@id":"https:\/\/yoopies.fr\/c\/apprendre-une-langue-etrangere\/#breadcrumb"},"inLanguage":"fr-FR","potentialAction":[{"@type":"ReadAction","target":["https:\/\/yoopies.fr\/c\/apprendre-une-langue-etrangere\/"]}]},{"@type":"ImageObject","inLanguage":"fr-FR","@id":"https:\/\/yoopies.fr\/c\/apprendre-une-langue-etrangere\/#primaryimage","url":"https:\/\/yoopies.fr\/c\/wp-content\/uploads\/2021\/06\/ae2efd52-3008-4325-a30a-76f717250901-pexels-olya-kobruseva-5409046.jpg","contentUrl":"https:\/\/yoopies.fr\/c\/wp-content\/uploads\/2021\/06\/ae2efd52-3008-4325-a30a-76f717250901-pexels-olya-kobruseva-5409046.jpg","width":1200,"height":1798},{"@type":"BreadcrumbList","@id":"https:\/\/yoopies.fr\/c\/apprendre-une-langue-etrangere\/#breadcrumb","itemListElement":[{"@type":"ListItem","position":1,"name":"Home","item":"https:\/\/yoopies.fr\/c\/"},{"@type":"ListItem","position":2,"name":"Les 10 bonnes raisons d&rsquo;apprendre une langue \u00e9trang\u00e8re !"}]},{"@type":"WebSite","@id":"https:\/\/yoopies.fr\/c\/#website","url":"https:\/\/yoopies.fr\/c\/","name":"Le Blog Yoopies","description":"","publisher":{"@id":"https:\/\/yoopies.fr\/c\/#organization"},"potentialAction":[{"@type":"SearchAction","target":{"@type":"EntryPoint","urlTemplate":"https:\/\/yoopies.fr\/c\/?s={search_term_string}"},"query-input":{"@type":"PropertyValueSpecification","valueRequired":true,"valueName":"search_term_string"}}],"inLanguage":"fr-FR"},{"@type":"Organization","@id":"https:\/\/yoopies.fr\/c\/#organization","name":"Le Blog Yoopies","url":"https:\/\/yoopies.fr\/c\/","logo":{"@type":"ImageObject","inLanguage":"fr-FR","@id":"https:\/\/yoopies.fr\/c\/#\/schema\/logo\/image\/","url":"https:\/\/yoopies.fr\/c\/wp-content\/uploads\/2025\/04\/cropped-Logo_Yoopies-2.png","contentUrl":"https:\/\/yoopies.fr\/c\/wp-content\/uploads\/2025\/04\/cropped-Logo_Yoopies-2.png","width":512,"height":512,"caption":"Le Blog Yoopies"},"image":{"@id":"https:\/\/yoopies.fr\/c\/#\/schema\/logo\/image\/"}}]}},"_links":{"self":[{"href":"https:\/\/yoopies.fr\/c\/wp-json\/wp\/v2\/pages\/285","targetHints":{"allow":["GET"]}}],"collection":[{"href":"https:\/\/yoopies.fr\/c\/wp-json\/wp\/v2\/pages"}],"about":[{"href":"https:\/\/yoopies.fr\/c\/wp-json\/wp\/v2\/types\/page"}],"author":[{"embeddable":true,"href":"https:\/\/yoopies.fr\/c\/wp-json\/wp\/v2\/users\/10"}],"replies":[{"embeddable":true,"href":"https:\/\/yoopies.fr\/c\/wp-json\/wp\/v2\/comments?post=285"}],"version-history":[{"count":1,"href":"https:\/\/yoopies.fr\/c\/wp-json\/wp\/v2\/pages\/285\/revisions"}],"predecessor-version":[{"id":288,"href":"https:\/\/yoopies.fr\/c\/wp-json\/wp\/v2\/pages\/285\/revisions\/288"}],"wp:featuredmedia":[{"embeddable":true,"href":"https:\/\/yoopies.fr\/c\/wp-json\/wp\/v2\/media\/287"}],"wp:attachment":[{"href":"https:\/\/yoopies.fr\/c\/wp-json\/wp\/v2\/media?parent=285"}],"curies":[{"name":"wp","href":"https:\/\/api.w.org\/{rel}","templated":true}]}}