{"id":277,"date":"2021-07-20T09:40:03","date_gmt":"2021-07-20T09:40:03","guid":{"rendered":"https:\/\/blog.yoopies.fr\/qualites-aide-a-la-personne\/"},"modified":"2025-06-12T07:59:07","modified_gmt":"2025-06-12T07:59:07","slug":"qualites-aide-a-la-personne","status":"publish","type":"page","link":"https:\/\/yoopies.fr\/c\/qualites-aide-a-la-personne\/","title":{"rendered":"Les qualit\u00e9s indispensables d&rsquo;une aide \u00e0 la personne"},"content":{"rendered":"<p><p class=\"block-img\"><img decoding=\"async\" src=\"https:\/\/yoopies.fr\/c\/wp-content\/uploads\/2021\/07\/6903f9d0-b09a-47bb-9ec0-b4bb66098089_pexels-andrea-piacquadio-3768114-min.jpg\" alt=\"\"><\/p>\n<\/p>\n<h2><strong>Le bien-&ecirc;tre des personnes &acirc;g&eacute;es, la tranquillit&eacute; des familles : le m&eacute;tier d&rsquo;aide &agrave; la personne.<\/strong><\/h2>\n<\/p>\n<p>Le premier objectif d&rsquo;une aide &agrave; la personne est de faciliter la vie quotidienne &agrave; domicile des personnes &acirc;g&eacute;es ou des personnes d&eacute;pendantes afin de les maintenir &agrave; leur domicile. Il faut assister la personne dans l&rsquo;accomplissement des t&acirc;ches quotidiennes, comme l&rsquo;entretien de son logement, la pr&eacute;paration de ses repas, ses d&eacute;placements&hellip; Elle aide aux d&eacute;marches administratives et &agrave; l&rsquo;organisation des semaines, tout en veillant &agrave; la prise des rendez-vous et &agrave; la tenue du budget. Un autre objectif est de maintenir et stimuler l&rsquo;autonomie de la personne d&eacute;pendante, par le suivi des relations familiales.<\/p>\n<p>L&rsquo;aide &agrave; la personne n&rsquo;intervient pas uniquement sur le plan mat&eacute;riel et sanitaire mais &eacute;galement sur le plan moral. Elle apporte un soutien psychologique et intellectuel en favorisant l&rsquo;&eacute;coute, le dialogue, les jeux et la lecture. <\/p>\n<\/p>\n<h2><strong>Les qualit&eacute;s humaines d&rsquo;une aide &agrave; la personne<\/strong><\/h2>\n<\/p>\n<p>Au-del&agrave; des comp&eacute;tences techniques, les qualit&eacute;s humaines priment pour &ecirc;tre une aide &agrave; la personne id&eacute;ale. <\/p>\n<ul>\n<li>&Ecirc;tre &agrave; <strong>l&rsquo;&eacute;coute <\/strong>est une qualit&eacute; indispensable afin de mieux comprendre les besoins de la personne &acirc;g&eacute;e ou d&eacute;pendante pour l&rsquo;assister plus efficacement avec <strong>tendresse <\/strong>et <strong>douceur<\/strong>. \n<\/li>\n<li>L&rsquo;aide est d&eacute;di&eacute;e &agrave; une personne d&eacute;pendante. En effet, elles peuvent &ecirc;tre plus lentes, autant pour manger que pour se d&eacute;placer. Il faut donc &ecirc;tre <strong>patient <\/strong>et accepter le rythme de chacun. L&rsquo;aide &agrave; la personne doit &ecirc;tre <strong>attentionn&eacute;e <\/strong>et <strong>empathique <\/strong>pour d&eacute;celer le besoin ou le mal &ecirc;tre de la personne d&eacute;pendante. Elle doit s&rsquo;adapter et non la brusquer. \n<\/li>\n<li>Il est essentiel que l&rsquo;aide &agrave; la personne poss&egrave;de une grande <strong>polyvalence <\/strong>pour faire face &agrave; la diversit&eacute; des t&acirc;ches ainsi qu&rsquo;une bonne <strong>organisation <\/strong>pour d&eacute;terminer l&rsquo;ordre de priorit&eacute; des diff&eacute;rentes t&acirc;ches (aide &agrave; l&rsquo;hygi&egrave;ne personnelle, aide &agrave; l&rsquo;habillement, prise de m&eacute;dicaments, aide &agrave; la prise du repas, entretien du lieu de vie, entretien du linge, stimulation par des exercices physiques et cognitifs &hellip;).\n<\/li>\n<li>La solitude des personnes &acirc;g&eacute;es est un r&eacute;el probl&egrave;me pour nos a&icirc;n&eacute;s. Elle peut conduire &agrave; l&rsquo;isolement social et provoquer de la tristesse,&nbsp;de la peur, ou encore des premiers signes de d&eacute;pression ou autres maladies neurod&eacute;g&eacute;n&eacute;ratives. <br \/>\nAvoir de la <strong>bonne humeur<\/strong> est requise pour une aide &agrave; la personne, afin d&rsquo;aborder de fa&ccedil;on positive la personne d&eacute;pendante mais aussi d&rsquo;arborer un sourire au quotidien afin de pallier la solitude qu&rsquo;elles peuvent ressentir.&nbsp;\n<\/li>\n<li>Une aide &agrave; la personne doit avoir une <strong>ouverture d&rsquo;esprit<\/strong> afin d&rsquo;accepter des diff&eacute;rences de coutumes, de religions, d&rsquo;habitudes car chaque personne est diff&eacute;rente. Elle doit &ecirc;tre <strong>polie <\/strong>pour construire et conserver des bases solides de partage tout en restant cordiales. Il faut &eacute;galement de <strong>l&rsquo;honn&ecirc;tet&eacute; <\/strong>et de la mise en <strong>confiance <\/strong>pour savoir reconna&icirc;tre ses &eacute;ventuelles erreurs.\n<\/li>\n<li>Une aide &agrave; la personne doit savoir agir avec <strong>discr&eacute;tion <\/strong>en respectant la vie priv&eacute;e de la personne d&eacute;pendante. Elle doit &ecirc;tre capable de pr&eacute;server l&rsquo;intimit&eacute; de la personne mais aussi &ecirc;tre capable de garder les confidences.\n<\/li>\n<li>Avoir de la <strong>rigueur <\/strong>pour respecter les normes et les r&egrave;gles est une qualit&eacute; requise. Il faut aussi que l&rsquo;aide &agrave; la personne soit <strong>fiable <\/strong>pour fournir un service r&eacute;gulier. Il est important d&rsquo;avoir une grande <strong>disponibilit&eacute; <\/strong>mais aussi de la <strong>ponctualit&eacute; <\/strong>pour respecter la personne d&eacute;pendante ou &acirc;g&eacute;e qui attend.<\/li>\n<\/ul>\n<p>La tendresse, l&rsquo;amour, le partage, la compassion, la confiance, le professionnalisme, l&#8217;empathie et la vocation d&rsquo;aider les autres sont des facteurs indispensables pour une aide &agrave; la personne ! <\/p>\n<\/p>\n<p><a class=\"button\" href=\"https:\/\/yoopies.fr\/emploi-aide-a-domicile\">Venez en aide aux\u00a0personnes d\u00e9pendantes ! <\/a><\/p>\n","protected":false},"excerpt":{"rendered":"<p>Le bien-&ecirc;tre des personnes &acirc;g&eacute;es, la tranquillit&eacute; des familles : le m&eacute;tier d&rsquo;aide &agrave; la personne. Le premier objectif d&rsquo;une &hellip; <\/p>\n","protected":false},"author":10,"featured_media":279,"parent":0,"menu_order":0,"comment_status":"closed","ping_status":"closed","template":"","meta":{"_acf_changed":false,"footnotes":""},"class_list":["post-277","page","type-page","status-publish","has-post-thumbnail","hentry"],"acf":[],"yoast_head":"<!-- This site is optimized with the Yoast SEO plugin v26.9 - https:\/\/yoast.com\/product\/yoast-seo-wordpress\/ -->\n<title>Les qualit\u00e9s indispensables d&#039;une aide \u00e0 la personne<\/title>\n<meta name=\"description\" content=\"Vous souhaitez conna\u00eetre les qualit\u00e9s indispensables d&#039;une aide \u00e0 la personne ? Consultez cet article pour conna\u00eetre toutes les informations en d\u00e9tail!\" \/>\n<meta name=\"robots\" content=\"index, follow, max-snippet:-1, max-image-preview:large, max-video-preview:-1\" \/>\n<link rel=\"canonical\" href=\"https:\/\/yoopies.fr\/c\/qualites-aide-a-la-personne\/\" \/>\n<meta property=\"og:locale\" content=\"fr_FR\" \/>\n<meta property=\"og:type\" content=\"article\" \/>\n<meta property=\"og:title\" content=\"Les qualit\u00e9s indispensables d&#039;une aide \u00e0 la personne\" \/>\n<meta property=\"og:description\" content=\"Vous souhaitez conna\u00eetre les qualit\u00e9s indispensables d&#039;une aide \u00e0 la personne ? Consultez cet article pour conna\u00eetre toutes les informations en d\u00e9tail!\" \/>\n<meta property=\"og:url\" content=\"https:\/\/yoopies.fr\/c\/qualites-aide-a-la-personne\/\" \/>\n<meta property=\"og:site_name\" content=\"Le Blog Yoopies\" \/>\n<meta property=\"article:modified_time\" content=\"2025-06-12T07:59:07+00:00\" \/>\n<meta property=\"og:image\" content=\"https:\/\/yoopies.fr\/c\/wp-content\/uploads\/2021\/07\/6903f9d0-b09a-47bb-9ec0-b4bb66098089-pexels-andrea-piacquadio-3768114-min.jpg\" \/>\n\t<meta property=\"og:image:width\" content=\"1200\" \/>\n\t<meta property=\"og:image:height\" content=\"823\" \/>\n\t<meta property=\"og:image:type\" content=\"image\/jpeg\" \/>\n<meta name=\"twitter:card\" content=\"summary_large_image\" \/>\n<meta name=\"twitter:label1\" content=\"Dur\u00e9e de lecture estim\u00e9e\" \/>\n\t<meta name=\"twitter:data1\" content=\"4 minutes\" \/>\n<script type=\"application\/ld+json\" class=\"yoast-schema-graph\">{\"@context\":\"https:\/\/schema.org\",\"@graph\":[{\"@type\":\"WebPage\",\"@id\":\"https:\/\/yoopies.fr\/c\/qualites-aide-a-la-personne\/\",\"url\":\"https:\/\/yoopies.fr\/c\/qualites-aide-a-la-personne\/\",\"name\":\"Les qualit\u00e9s indispensables d'une aide \u00e0 la personne\",\"isPartOf\":{\"@id\":\"https:\/\/yoopies.fr\/c\/#website\"},\"primaryImageOfPage\":{\"@id\":\"https:\/\/yoopies.fr\/c\/qualites-aide-a-la-personne\/#primaryimage\"},\"image\":{\"@id\":\"https:\/\/yoopies.fr\/c\/qualites-aide-a-la-personne\/#primaryimage\"},\"thumbnailUrl\":\"https:\/\/yoopies.fr\/c\/wp-content\/uploads\/2021\/07\/6903f9d0-b09a-47bb-9ec0-b4bb66098089-pexels-andrea-piacquadio-3768114-min.jpg\",\"datePublished\":\"2021-07-20T09:40:03+00:00\",\"dateModified\":\"2025-06-12T07:59:07+00:00\",\"description\":\"Vous souhaitez conna\u00eetre les qualit\u00e9s indispensables d'une aide \u00e0 la personne ? Consultez cet article pour conna\u00eetre toutes les informations en d\u00e9tail!\",\"breadcrumb\":{\"@id\":\"https:\/\/yoopies.fr\/c\/qualites-aide-a-la-personne\/#breadcrumb\"},\"inLanguage\":\"fr-FR\",\"potentialAction\":[{\"@type\":\"ReadAction\",\"target\":[\"https:\/\/yoopies.fr\/c\/qualites-aide-a-la-personne\/\"]}]},{\"@type\":\"ImageObject\",\"inLanguage\":\"fr-FR\",\"@id\":\"https:\/\/yoopies.fr\/c\/qualites-aide-a-la-personne\/#primaryimage\",\"url\":\"https:\/\/yoopies.fr\/c\/wp-content\/uploads\/2021\/07\/6903f9d0-b09a-47bb-9ec0-b4bb66098089-pexels-andrea-piacquadio-3768114-min.jpg\",\"contentUrl\":\"https:\/\/yoopies.fr\/c\/wp-content\/uploads\/2021\/07\/6903f9d0-b09a-47bb-9ec0-b4bb66098089-pexels-andrea-piacquadio-3768114-min.jpg\",\"width\":1200,\"height\":823},{\"@type\":\"BreadcrumbList\",\"@id\":\"https:\/\/yoopies.fr\/c\/qualites-aide-a-la-personne\/#breadcrumb\",\"itemListElement\":[{\"@type\":\"ListItem\",\"position\":1,\"name\":\"Home\",\"item\":\"https:\/\/yoopies.fr\/c\/\"},{\"@type\":\"ListItem\",\"position\":2,\"name\":\"Les qualit\u00e9s indispensables d&rsquo;une aide \u00e0 la personne\"}]},{\"@type\":\"WebSite\",\"@id\":\"https:\/\/yoopies.fr\/c\/#website\",\"url\":\"https:\/\/yoopies.fr\/c\/\",\"name\":\"Le Blog Yoopies\",\"description\":\"\",\"publisher\":{\"@id\":\"https:\/\/yoopies.fr\/c\/#organization\"},\"potentialAction\":[{\"@type\":\"SearchAction\",\"target\":{\"@type\":\"EntryPoint\",\"urlTemplate\":\"https:\/\/yoopies.fr\/c\/?s={search_term_string}\"},\"query-input\":{\"@type\":\"PropertyValueSpecification\",\"valueRequired\":true,\"valueName\":\"search_term_string\"}}],\"inLanguage\":\"fr-FR\"},{\"@type\":\"Organization\",\"@id\":\"https:\/\/yoopies.fr\/c\/#organization\",\"name\":\"Le Blog Yoopies\",\"url\":\"https:\/\/yoopies.fr\/c\/\",\"logo\":{\"@type\":\"ImageObject\",\"inLanguage\":\"fr-FR\",\"@id\":\"https:\/\/yoopies.fr\/c\/#\/schema\/logo\/image\/\",\"url\":\"https:\/\/yoopies.fr\/c\/wp-content\/uploads\/2025\/04\/cropped-Logo_Yoopies-2.png\",\"contentUrl\":\"https:\/\/yoopies.fr\/c\/wp-content\/uploads\/2025\/04\/cropped-Logo_Yoopies-2.png\",\"width\":512,\"height\":512,\"caption\":\"Le Blog Yoopies\"},\"image\":{\"@id\":\"https:\/\/yoopies.fr\/c\/#\/schema\/logo\/image\/\"}}]}<\/script>\n<!-- \/ Yoast SEO plugin. -->","yoast_head_json":{"title":"Les qualit\u00e9s indispensables d'une aide \u00e0 la personne","description":"Vous souhaitez conna\u00eetre les qualit\u00e9s indispensables d'une aide \u00e0 la personne ? Consultez cet article pour conna\u00eetre toutes les informations en d\u00e9tail!","robots":{"index":"index","follow":"follow","max-snippet":"max-snippet:-1","max-image-preview":"max-image-preview:large","max-video-preview":"max-video-preview:-1"},"canonical":"https:\/\/yoopies.fr\/c\/qualites-aide-a-la-personne\/","og_locale":"fr_FR","og_type":"article","og_title":"Les qualit\u00e9s indispensables d'une aide \u00e0 la personne","og_description":"Vous souhaitez conna\u00eetre les qualit\u00e9s indispensables d'une aide \u00e0 la personne ? Consultez cet article pour conna\u00eetre toutes les informations en d\u00e9tail!","og_url":"https:\/\/yoopies.fr\/c\/qualites-aide-a-la-personne\/","og_site_name":"Le Blog Yoopies","article_modified_time":"2025-06-12T07:59:07+00:00","og_image":[{"width":1200,"height":823,"url":"https:\/\/yoopies.fr\/c\/wp-content\/uploads\/2021\/07\/6903f9d0-b09a-47bb-9ec0-b4bb66098089-pexels-andrea-piacquadio-3768114-min.jpg","type":"image\/jpeg"}],"twitter_card":"summary_large_image","twitter_misc":{"Dur\u00e9e de lecture estim\u00e9e":"4 minutes"},"schema":{"@context":"https:\/\/schema.org","@graph":[{"@type":"WebPage","@id":"https:\/\/yoopies.fr\/c\/qualites-aide-a-la-personne\/","url":"https:\/\/yoopies.fr\/c\/qualites-aide-a-la-personne\/","name":"Les qualit\u00e9s indispensables d'une aide \u00e0 la personne","isPartOf":{"@id":"https:\/\/yoopies.fr\/c\/#website"},"primaryImageOfPage":{"@id":"https:\/\/yoopies.fr\/c\/qualites-aide-a-la-personne\/#primaryimage"},"image":{"@id":"https:\/\/yoopies.fr\/c\/qualites-aide-a-la-personne\/#primaryimage"},"thumbnailUrl":"https:\/\/yoopies.fr\/c\/wp-content\/uploads\/2021\/07\/6903f9d0-b09a-47bb-9ec0-b4bb66098089-pexels-andrea-piacquadio-3768114-min.jpg","datePublished":"2021-07-20T09:40:03+00:00","dateModified":"2025-06-12T07:59:07+00:00","description":"Vous souhaitez conna\u00eetre les qualit\u00e9s indispensables d'une aide \u00e0 la personne ? Consultez cet article pour conna\u00eetre toutes les informations en d\u00e9tail!","breadcrumb":{"@id":"https:\/\/yoopies.fr\/c\/qualites-aide-a-la-personne\/#breadcrumb"},"inLanguage":"fr-FR","potentialAction":[{"@type":"ReadAction","target":["https:\/\/yoopies.fr\/c\/qualites-aide-a-la-personne\/"]}]},{"@type":"ImageObject","inLanguage":"fr-FR","@id":"https:\/\/yoopies.fr\/c\/qualites-aide-a-la-personne\/#primaryimage","url":"https:\/\/yoopies.fr\/c\/wp-content\/uploads\/2021\/07\/6903f9d0-b09a-47bb-9ec0-b4bb66098089-pexels-andrea-piacquadio-3768114-min.jpg","contentUrl":"https:\/\/yoopies.fr\/c\/wp-content\/uploads\/2021\/07\/6903f9d0-b09a-47bb-9ec0-b4bb66098089-pexels-andrea-piacquadio-3768114-min.jpg","width":1200,"height":823},{"@type":"BreadcrumbList","@id":"https:\/\/yoopies.fr\/c\/qualites-aide-a-la-personne\/#breadcrumb","itemListElement":[{"@type":"ListItem","position":1,"name":"Home","item":"https:\/\/yoopies.fr\/c\/"},{"@type":"ListItem","position":2,"name":"Les qualit\u00e9s indispensables d&rsquo;une aide \u00e0 la personne"}]},{"@type":"WebSite","@id":"https:\/\/yoopies.fr\/c\/#website","url":"https:\/\/yoopies.fr\/c\/","name":"Le Blog Yoopies","description":"","publisher":{"@id":"https:\/\/yoopies.fr\/c\/#organization"},"potentialAction":[{"@type":"SearchAction","target":{"@type":"EntryPoint","urlTemplate":"https:\/\/yoopies.fr\/c\/?s={search_term_string}"},"query-input":{"@type":"PropertyValueSpecification","valueRequired":true,"valueName":"search_term_string"}}],"inLanguage":"fr-FR"},{"@type":"Organization","@id":"https:\/\/yoopies.fr\/c\/#organization","name":"Le Blog Yoopies","url":"https:\/\/yoopies.fr\/c\/","logo":{"@type":"ImageObject","inLanguage":"fr-FR","@id":"https:\/\/yoopies.fr\/c\/#\/schema\/logo\/image\/","url":"https:\/\/yoopies.fr\/c\/wp-content\/uploads\/2025\/04\/cropped-Logo_Yoopies-2.png","contentUrl":"https:\/\/yoopies.fr\/c\/wp-content\/uploads\/2025\/04\/cropped-Logo_Yoopies-2.png","width":512,"height":512,"caption":"Le Blog Yoopies"},"image":{"@id":"https:\/\/yoopies.fr\/c\/#\/schema\/logo\/image\/"}}]}},"_links":{"self":[{"href":"https:\/\/yoopies.fr\/c\/wp-json\/wp\/v2\/pages\/277","targetHints":{"allow":["GET"]}}],"collection":[{"href":"https:\/\/yoopies.fr\/c\/wp-json\/wp\/v2\/pages"}],"about":[{"href":"https:\/\/yoopies.fr\/c\/wp-json\/wp\/v2\/types\/page"}],"author":[{"embeddable":true,"href":"https:\/\/yoopies.fr\/c\/wp-json\/wp\/v2\/users\/10"}],"replies":[{"embeddable":true,"href":"https:\/\/yoopies.fr\/c\/wp-json\/wp\/v2\/comments?post=277"}],"version-history":[{"count":1,"href":"https:\/\/yoopies.fr\/c\/wp-json\/wp\/v2\/pages\/277\/revisions"}],"predecessor-version":[{"id":280,"href":"https:\/\/yoopies.fr\/c\/wp-json\/wp\/v2\/pages\/277\/revisions\/280"}],"wp:featuredmedia":[{"embeddable":true,"href":"https:\/\/yoopies.fr\/c\/wp-json\/wp\/v2\/media\/279"}],"wp:attachment":[{"href":"https:\/\/yoopies.fr\/c\/wp-json\/wp\/v2\/media?parent=277"}],"curies":[{"name":"wp","href":"https:\/\/api.w.org\/{rel}","templated":true}]}}