{"id":273,"date":"2021-07-13T11:35:05","date_gmt":"2021-07-13T11:35:05","guid":{"rendered":"https:\/\/blog.yoopies.fr\/qualite-pet-sitter\/"},"modified":"2025-06-12T07:59:07","modified_gmt":"2025-06-12T07:59:07","slug":"qualite-pet-sitter","status":"publish","type":"page","link":"https:\/\/yoopies.fr\/c\/qualite-pet-sitter\/","title":{"rendered":"Pet sitter : les 15 qualit\u00e9s indispensables qu\u2019il doit avoir."},"content":{"rendered":"<p><p>Les vacances approchent et vous avez d&eacute;cid&eacute; de partir sans votre compagnon ? Avez-vous d&eacute;cid&eacute; d&rsquo;embaucher un pet sitter pour le garder pendant votre absence ? Bien s&ucirc;r, il vous faut une personne de confiance pour partir en toute s&eacute;r&eacute;nit&eacute;. Vous trouverez, dans cet article, les 15 qualit&eacute;s n&eacute;cessaires pour vous aider &agrave; trouver le pet sitter id&eacute;al pour votre animal de compagnie.<\/p>\n<p class=\"block-img\"><img decoding=\"async\" src=\"https:\/\/yoopies.fr\/c\/wp-content\/uploads\/2021\/07\/7109ad16-0c63-47eb-a165-0008a4a21366_pexels-blue-bird-7210349.jpg\" alt=\"pet sitter \"><\/p>\n<h2><strong>Quelles sont les missions d&rsquo;un pet sitter ?<\/strong><\/h2>\n<\/p>\n<p>Un pet sitter est comme une baby sitter &agrave; la diff&eacute;rence qu&rsquo;il s&rsquo;occupe d&rsquo;animaux. Pendant l&rsquo;absence des ma&icirc;tres, le pet sitter garde les animaux (chiens, chats, lapins, hamsters&#8230;) &agrave; leur domicile ou au sien.<\/p>\n<p>La personne qui garde des chiens est un dog sitter et celle qui s&rsquo;occupe des chats, le cat sitter. En quelque sorte, le pet sitter&nbsp;remplace le ma&icirc;tre pendant quelques heures, jours ou semaines.<\/p>\n<p>Les missions d&rsquo;un pet sitter sont nombreuses : donner &agrave; manger et &agrave; boire aux animaux, jouer avec eux, promener les chiens, les soigner si besoin, nettoyer la liti&egrave;re des chats ou des rongeurs, leur tenir compagnie toute la journ&eacute;e ou quelques heures dans la journ&eacute;e et surtout donner de l&rsquo;affection afin qu&rsquo;ils ne se sentent pas d&eacute;laiss&eacute;s par leur propri&eacute;taire. Dans certains cas, le pet sitter &agrave; domicile peut entretenir la maison, relever le courrier, arroser les plantes durant ses heures de pet-sitting<\/p>\n<\/p>\n<h2><strong>Les qualit&eacute;s essentielles d&rsquo;un pet sitter<\/strong><\/h2>\n<p>Si vous voulez embaucher un pet sitter, il\/elle doit avoir certaines qualit&eacute;s : <\/p>\n<\/p>\n<h3><strong>Le pet sitter passionn&eacute; des animaux<\/strong><\/h3>\n<p>Le pet sitter passera beaucoup de temps en compagnie de votre animal. Il est donc primordial que ce soit pour lui un plaisir, sinon, votre animal le ressentirait et pourrait &ecirc;tre stress&eacute; pendant toute la dur&eacute;e de votre absence. Aimer caresser le chat du voisin ou jouer avec le chien d&rsquo;un ami ne suffit pas. Le pet sitter doit aimer la compagnie des animaux et savoir s&rsquo;en occuper. Il est pr&eacute;f&eacute;rable qu&rsquo;il ait des connaissances de l&rsquo;esp&egrave;ce pour faire face &agrave; toutes les situations inattendues et d&eacute;tecter tout comportement suspect.<\/p>\n<\/p>\n<h3><strong>Un pet sitter flexible<\/strong><\/h3>\n<p>Un pet sitter flexible est un pet sitter disponible toute l&rsquo;ann&eacute;e. Vous pourriez avoir besoin d&rsquo;un&nbsp;pet sitter&nbsp;occasionnellement pendant l&rsquo;ann&eacute;e. Il serait donc judicieux de chercher un pet sitter qui soit disponible non seulement pendant vos vacances mais aussi pendant le reste de l&rsquo;ann&eacute;e. Ainsi, si vous avez un impr&eacute;vu ou un voyage d&rsquo;affaire, vous pourrez laisser votre animal de compagnie en toute s&eacute;curit&eacute; &agrave; ce pet sitter en qui vous aurez confiance et qui conna&icirc;tra bien votre petit prot&eacute;g&eacute;. <\/p>\n<\/p>\n<h3><strong>Un pet sitter empathique<\/strong><\/h3>\n<p>Un pet sitter empathique sait reconna&icirc;tre les besoins&nbsp;de votre compagnon pour y r&eacute;pondre au mieux tout en respectant le rythme animalier. Il prendra du plaisir &agrave; nourrir votre animal, &agrave; le c&acirc;liner ou encore &agrave; aller le&nbsp;promener en toute s&eacute;curit&eacute;. Un pet-sitter empathique ne sera jamais violent avec votre animal et ne s&rsquo;&eacute;nervera pas s&rsquo;il a fait une b&ecirc;tise. Il adoptera une voix douce pour le rassurer s&rsquo;il a peur.<\/p>\n<\/p>\n<h3><strong>Un pet sitter digne de confiance<\/strong><\/h3>\n<p>Pour ne pas trop perturber votre animal de compagnie, il est n&eacute;cessaire de lui laisser ses rep&egrave;res. Le pet sitter viendra alors, dans ce cas, lui rendre visite &agrave; votre domicile. Il faudra avoir confiance en cette personne car vous lui laisserez les clefs de votre maison ainsi que vos animaux. Pour bien conna&icirc;tre votre pet sitter, vous pouvez lui demander les contacts de ses anciens employeurs s&rsquo;il a d&eacute;j&agrave; de l&rsquo;exp&eacute;rience dans ce domaine, sinon, faites une pr&eacute;-rencontre avec lui. Vous verrez tr&egrave;s vite la diff&eacute;rence entre un pet-sitter responsable et aimant, et un pet-sitter froid et n&eacute;gligent. <\/p>\n<\/p>\n<h3><strong>Un pet sitter exp&eacute;riment&eacute;<\/strong><\/h3>\n<p>Si vous avez un animal de compagnie exigeant, ayant des probl&egrave;mes de sant&eacute;, ou &acirc;g&eacute;, il sera n&eacute;cessaire de chercher un pet sitter avec de l&rsquo;exp&eacute;rience qui saura bien s&rsquo;occuper de votre compagnon et r&eacute;pondre &agrave; ses besoins. Si vous avez un gros chien, il serait pr&eacute;f&eacute;rable de ne pas le confier &agrave; un pet sitter inexp&eacute;riment&eacute; qui pourrait courir un risque lors des promenades. Si vous recherchez un pet-sitter professionnel, trouvez une personne ayant des certificats ou dipl&ocirc;mes (ACACED, l&rsquo;attestation de connaissances pour les animaux de compagnie d&rsquo;esp&egrave;ces domestiques).<\/p>\n<\/p>\n<h3><strong>Un pet sitter responsable<\/strong><\/h3>\n<p>Vous mettez un point d&rsquo;honneur &agrave; ce que votre chien soit bien &eacute;duqu&eacute; et vous ne voulez pas que tous vos efforts soient r&eacute;duits &agrave; n&eacute;ant pendant votre absence. Votre pet sitter doit veiller &agrave; respecter vos r&egrave;gles et &agrave; &ecirc;tre strict sur l&rsquo;&eacute;ducation de votre animal afin qu&rsquo;il ne dorme pas dans le lit, ne s&rsquo;allonge pas sur le canap&eacute; ou ne mange pas avec lui &agrave; table. Votre pet sitter doit montrer qu&rsquo;il est le ma&icirc;tre et se faire respecter par votre animal m&ecirc;me si celui-ci le regarde avec des yeux de chien battu, il ne faut pas c&eacute;der.<\/p>\n<\/p>\n<h3><strong>Un pet sitter fiable<\/strong><\/h3>\n<p>C&rsquo;est toujours compliqu&eacute; de trouver une solution pour faire garder votre animal de compagnie pendant votre absence. Votre pet sitter est l&agrave; pour vous faciliter la vie. Avec un pet sitter fiable, vous n&rsquo;aurez pas &agrave; g&eacute;rer un retard ou une annulation de derni&egrave;re minute. Ce serait emb&ecirc;tant si votre avion part dans quelques heures. Il est important que vous puissiez compter sur votre pet-sitter et que vous puissiez planifier les horaires et les dates &agrave; l&rsquo;avance pour vous organiser. Il est essentiel de bien s&rsquo;entendre avec lui et de fixer les r&egrave;gles au pr&eacute;alable pour &eacute;viter tout malentendu.<\/p>\n<\/p>\n<h3><strong>Un pet sitter int&eacute;ress&eacute;<\/strong><\/h3>\n<p>Lors de votre premi&egrave;re rencontre avec votre pet sitter, il para&icirc;t curieux, vous pose des questions sur les habitudes alimentaires de votre animal, ses particularit&eacute;s et son comportement ? C&rsquo;est bon signe. Cela voudrait dire qu&rsquo;il est vraiment int&eacute;ress&eacute; par la garde d&rsquo;animaux et qu&rsquo;il a envie de conna&icirc;tre les besoins de votre compagnon pour s&rsquo;en occuper au mieux.<\/p>\n<\/p>\n<h3><strong>Un pet sitter attentionn&eacute;<\/strong><\/h3>\n<p>Prendre soin des animaux, leur porter de l&rsquo;attention et les c&acirc;liner est indispensable. L&rsquo;amour, l&rsquo;affection, l&rsquo;exercice, la stimulation mentale, la camaraderie, et une vraie interaction avec le pet-sitter sont aussi importants pour le d&eacute;veloppement que la satisfaction des besoins physiques de votre animal de compagnie. <\/p>\n<\/p>\n<h3><strong>Un pet sitter observateur <\/strong><\/h3>\n<p>Un pet sitter ayant une excellente capacit&eacute; d&rsquo;observation est tr&egrave;s important pour comprendre les animaux puisqu&rsquo;ils ne parlent pas. Un pet sitter observateur est celui qui sait d&eacute;tecter un comportement suspect chez un animal, nocif pour sa sant&eacute; ou la s&eacute;curit&eacute;.  Il saura d&eacute;tecter quand votre chat ou chien veut jouer ou s&rsquo;il a besoin de repos. <\/p>\n<\/p>\n<h3><strong>Un pet sitter disponible<\/strong><\/h3>\n<p>Pendant toute la dur&eacute;e de la garde des animaux, le pet sitter doit se rendre disponible pour eux. Ce m&eacute;tier exige une disponibilit&eacute; quotidienne lors des p&eacute;riodes de garde, pour des promenades &agrave; l&rsquo;ext&eacute;rieur, pour des visites &agrave; la maison ou encore lorsqu&rsquo;il d&eacute;tecte un comportement suspect. Il doit &eacute;galement &ecirc;tre disponible pour les propri&eacute;taires et &ecirc;tre joignable en permanence durant la garde. <\/p>\n<\/p>\n<h3><strong>Un pet sitter calme<\/strong><\/h3>\n<p>Un pet sitter calme et capable de faire face &agrave; des situations auxquelles il n&rsquo;&eacute;tait pas pr&eacute;par&eacute; est important. Tout ne se d&eacute;roule pas toujours comme pr&eacute;vu avec un animal. Le pet-sitter doit &ecirc;tre capable de rassurer l&rsquo;animal s&rsquo;il ne se comporte pas comme pr&eacute;vu pour ne pas le stresser davantage. Si le pet-sitter est confront&eacute; &agrave; une situation difficile, il sera plus facile de la r&eacute;soudre s&rsquo;il garde son calme.<\/p>\n<\/p>\n<h3><strong>Un pet sitter &agrave; l&rsquo;&eacute;coute <\/strong><\/h3>\n<p>Il doit &ecirc;tre &agrave; l&rsquo;&eacute;coute de chaque animal qu&rsquo;il garde et faire preuve de patience car chacun peut se comporter diff&eacute;remment. Un bon pet sitter est aussi celui qui sait &ecirc;tre &agrave; l&rsquo;&eacute;coute du propri&eacute;taire de l&rsquo;animal. Il doit r&eacute;colter un maximum d&rsquo;informations &agrave; propos des habitudes et des besoins sp&eacute;cifiques de son compagnon en ce qui concerne son alimentation, son sommeil, ses &eacute;ventuels traitements, ses jeux pr&eacute;f&eacute;r&eacute;s&#8230; <\/p>\n<\/p>\n<h3><strong>Un pet sitter autonome <\/strong><\/h3>\n<p>En votre absence, le pet sitter devra prendre des d&eacute;cisions. Faire preuve d&rsquo;autonomie est donc n&eacute;cessaire. Ils auront en effet la vie d&rsquo;un autre &ecirc;tre vivant entre les mains. Ce n&rsquo;est donc pas une activit&eacute; &agrave; prendre &agrave; la l&eacute;g&egrave;re.<\/p>\n<\/p>\n<h3><strong>Un pet sitter motiv&eacute;<\/strong><\/h3>\n<p>Un pet sitter motiv&eacute; assurant le bien-&ecirc;tre de votre animal est indispensable. Ainsi, votre compagnon sera entre de bonnes mains pendant votre absence et vous pourrez partir tranquille. Votre d&eacute;part est toujours une &eacute;preuve un peu stressante pour votre animal qui peut se sentir perdu sans vous et avoir peur de l&rsquo;inconnu. Assurez-vous que le pet-sitter ait un bon feeling avec lui avant votre d&eacute;part. Lors de votre rencontre avec lui, vous pourrez voir comment se sent votre animal en sa compagnie.<\/p>\n<\/p>\n<p>A tr&egrave;s vite sur Yoopies ! \n<\/p>\n<\/p>\n<p><a class=\"button\" href=\"https:\/\/yoopies.fr\/garde-animaux\">Trouvez le pet-sitter id\u00e9al pour s&rsquo;occuper de votre animal durant votre absence ! <\/a><\/p>\n","protected":false},"excerpt":{"rendered":"<p>Les vacances approchent et vous avez d&eacute;cid&eacute; de partir sans votre compagnon ? Avez-vous d&eacute;cid&eacute; d&rsquo;embaucher un pet sitter pour &hellip; <\/p>\n","protected":false},"author":10,"featured_media":275,"parent":0,"menu_order":0,"comment_status":"closed","ping_status":"closed","template":"","meta":{"_acf_changed":false,"footnotes":""},"class_list":["post-273","page","type-page","status-publish","has-post-thumbnail","hentry"],"acf":[],"yoast_head":"<!-- This site is optimized with the Yoast SEO plugin v26.9 - https:\/\/yoast.com\/product\/yoast-seo-wordpress\/ -->\n<title>Les 15 qualit\u00e9s indispensables d&#039;un pet sitter<\/title>\n<meta name=\"description\" content=\"Vous trouverez, dans cet article, les 15 qualit\u00e9s n\u00e9cessaires pour vous aider \u00e0 trouver le pet sitter id\u00e9al pour votre animal de compagnie.\" \/>\n<meta name=\"robots\" content=\"index, follow, max-snippet:-1, max-image-preview:large, max-video-preview:-1\" \/>\n<link rel=\"canonical\" href=\"https:\/\/yoopies.fr\/c\/qualite-pet-sitter\/\" \/>\n<meta property=\"og:locale\" content=\"fr_FR\" \/>\n<meta property=\"og:type\" content=\"article\" \/>\n<meta property=\"og:title\" content=\"Les 15 qualit\u00e9s indispensables d&#039;un pet sitter\" \/>\n<meta property=\"og:description\" content=\"Vous trouverez, dans cet article, les 15 qualit\u00e9s n\u00e9cessaires pour vous aider \u00e0 trouver le pet sitter id\u00e9al pour votre animal de compagnie.\" \/>\n<meta property=\"og:url\" content=\"https:\/\/yoopies.fr\/c\/qualite-pet-sitter\/\" \/>\n<meta property=\"og:site_name\" content=\"Le Blog Yoopies\" \/>\n<meta property=\"article:modified_time\" content=\"2025-06-12T07:59:07+00:00\" \/>\n<meta property=\"og:image\" content=\"https:\/\/yoopies.fr\/c\/wp-content\/uploads\/2021\/07\/7109ad16-0c63-47eb-a165-0008a4a21366-pexels-blue-bird-7210349.jpg\" \/>\n\t<meta property=\"og:image:width\" content=\"1200\" \/>\n\t<meta property=\"og:image:height\" content=\"800\" \/>\n\t<meta property=\"og:image:type\" content=\"image\/jpeg\" \/>\n<meta name=\"twitter:card\" content=\"summary_large_image\" \/>\n<meta name=\"twitter:label1\" content=\"Dur\u00e9e de lecture estim\u00e9e\" \/>\n\t<meta name=\"twitter:data1\" content=\"9 minutes\" \/>\n<script type=\"application\/ld+json\" class=\"yoast-schema-graph\">{\"@context\":\"https:\/\/schema.org\",\"@graph\":[{\"@type\":\"WebPage\",\"@id\":\"https:\/\/yoopies.fr\/c\/qualite-pet-sitter\/\",\"url\":\"https:\/\/yoopies.fr\/c\/qualite-pet-sitter\/\",\"name\":\"Les 15 qualit\u00e9s indispensables d'un pet sitter\",\"isPartOf\":{\"@id\":\"https:\/\/yoopies.fr\/c\/#website\"},\"primaryImageOfPage\":{\"@id\":\"https:\/\/yoopies.fr\/c\/qualite-pet-sitter\/#primaryimage\"},\"image\":{\"@id\":\"https:\/\/yoopies.fr\/c\/qualite-pet-sitter\/#primaryimage\"},\"thumbnailUrl\":\"https:\/\/yoopies.fr\/c\/wp-content\/uploads\/2021\/07\/7109ad16-0c63-47eb-a165-0008a4a21366-pexels-blue-bird-7210349.jpg\",\"datePublished\":\"2021-07-13T11:35:05+00:00\",\"dateModified\":\"2025-06-12T07:59:07+00:00\",\"description\":\"Vous trouverez, dans cet article, les 15 qualit\u00e9s n\u00e9cessaires pour vous aider \u00e0 trouver le pet sitter id\u00e9al pour votre animal de compagnie.\",\"breadcrumb\":{\"@id\":\"https:\/\/yoopies.fr\/c\/qualite-pet-sitter\/#breadcrumb\"},\"inLanguage\":\"fr-FR\",\"potentialAction\":[{\"@type\":\"ReadAction\",\"target\":[\"https:\/\/yoopies.fr\/c\/qualite-pet-sitter\/\"]}]},{\"@type\":\"ImageObject\",\"inLanguage\":\"fr-FR\",\"@id\":\"https:\/\/yoopies.fr\/c\/qualite-pet-sitter\/#primaryimage\",\"url\":\"https:\/\/yoopies.fr\/c\/wp-content\/uploads\/2021\/07\/7109ad16-0c63-47eb-a165-0008a4a21366-pexels-blue-bird-7210349.jpg\",\"contentUrl\":\"https:\/\/yoopies.fr\/c\/wp-content\/uploads\/2021\/07\/7109ad16-0c63-47eb-a165-0008a4a21366-pexels-blue-bird-7210349.jpg\",\"width\":1200,\"height\":800},{\"@type\":\"BreadcrumbList\",\"@id\":\"https:\/\/yoopies.fr\/c\/qualite-pet-sitter\/#breadcrumb\",\"itemListElement\":[{\"@type\":\"ListItem\",\"position\":1,\"name\":\"Home\",\"item\":\"https:\/\/yoopies.fr\/c\/\"},{\"@type\":\"ListItem\",\"position\":2,\"name\":\"Pet sitter : les 15 qualit\u00e9s indispensables qu\u2019il doit avoir.\"}]},{\"@type\":\"WebSite\",\"@id\":\"https:\/\/yoopies.fr\/c\/#website\",\"url\":\"https:\/\/yoopies.fr\/c\/\",\"name\":\"Le Blog Yoopies\",\"description\":\"\",\"publisher\":{\"@id\":\"https:\/\/yoopies.fr\/c\/#organization\"},\"potentialAction\":[{\"@type\":\"SearchAction\",\"target\":{\"@type\":\"EntryPoint\",\"urlTemplate\":\"https:\/\/yoopies.fr\/c\/?s={search_term_string}\"},\"query-input\":{\"@type\":\"PropertyValueSpecification\",\"valueRequired\":true,\"valueName\":\"search_term_string\"}}],\"inLanguage\":\"fr-FR\"},{\"@type\":\"Organization\",\"@id\":\"https:\/\/yoopies.fr\/c\/#organization\",\"name\":\"Le Blog Yoopies\",\"url\":\"https:\/\/yoopies.fr\/c\/\",\"logo\":{\"@type\":\"ImageObject\",\"inLanguage\":\"fr-FR\",\"@id\":\"https:\/\/yoopies.fr\/c\/#\/schema\/logo\/image\/\",\"url\":\"https:\/\/yoopies.fr\/c\/wp-content\/uploads\/2025\/04\/cropped-Logo_Yoopies-2.png\",\"contentUrl\":\"https:\/\/yoopies.fr\/c\/wp-content\/uploads\/2025\/04\/cropped-Logo_Yoopies-2.png\",\"width\":512,\"height\":512,\"caption\":\"Le Blog Yoopies\"},\"image\":{\"@id\":\"https:\/\/yoopies.fr\/c\/#\/schema\/logo\/image\/\"}}]}<\/script>\n<!-- \/ Yoast SEO plugin. -->","yoast_head_json":{"title":"Les 15 qualit\u00e9s indispensables d'un pet sitter","description":"Vous trouverez, dans cet article, les 15 qualit\u00e9s n\u00e9cessaires pour vous aider \u00e0 trouver le pet sitter id\u00e9al pour votre animal de compagnie.","robots":{"index":"index","follow":"follow","max-snippet":"max-snippet:-1","max-image-preview":"max-image-preview:large","max-video-preview":"max-video-preview:-1"},"canonical":"https:\/\/yoopies.fr\/c\/qualite-pet-sitter\/","og_locale":"fr_FR","og_type":"article","og_title":"Les 15 qualit\u00e9s indispensables d'un pet sitter","og_description":"Vous trouverez, dans cet article, les 15 qualit\u00e9s n\u00e9cessaires pour vous aider \u00e0 trouver le pet sitter id\u00e9al pour votre animal de compagnie.","og_url":"https:\/\/yoopies.fr\/c\/qualite-pet-sitter\/","og_site_name":"Le Blog Yoopies","article_modified_time":"2025-06-12T07:59:07+00:00","og_image":[{"width":1200,"height":800,"url":"https:\/\/yoopies.fr\/c\/wp-content\/uploads\/2021\/07\/7109ad16-0c63-47eb-a165-0008a4a21366-pexels-blue-bird-7210349.jpg","type":"image\/jpeg"}],"twitter_card":"summary_large_image","twitter_misc":{"Dur\u00e9e de lecture estim\u00e9e":"9 minutes"},"schema":{"@context":"https:\/\/schema.org","@graph":[{"@type":"WebPage","@id":"https:\/\/yoopies.fr\/c\/qualite-pet-sitter\/","url":"https:\/\/yoopies.fr\/c\/qualite-pet-sitter\/","name":"Les 15 qualit\u00e9s indispensables d'un pet sitter","isPartOf":{"@id":"https:\/\/yoopies.fr\/c\/#website"},"primaryImageOfPage":{"@id":"https:\/\/yoopies.fr\/c\/qualite-pet-sitter\/#primaryimage"},"image":{"@id":"https:\/\/yoopies.fr\/c\/qualite-pet-sitter\/#primaryimage"},"thumbnailUrl":"https:\/\/yoopies.fr\/c\/wp-content\/uploads\/2021\/07\/7109ad16-0c63-47eb-a165-0008a4a21366-pexels-blue-bird-7210349.jpg","datePublished":"2021-07-13T11:35:05+00:00","dateModified":"2025-06-12T07:59:07+00:00","description":"Vous trouverez, dans cet article, les 15 qualit\u00e9s n\u00e9cessaires pour vous aider \u00e0 trouver le pet sitter id\u00e9al pour votre animal de compagnie.","breadcrumb":{"@id":"https:\/\/yoopies.fr\/c\/qualite-pet-sitter\/#breadcrumb"},"inLanguage":"fr-FR","potentialAction":[{"@type":"ReadAction","target":["https:\/\/yoopies.fr\/c\/qualite-pet-sitter\/"]}]},{"@type":"ImageObject","inLanguage":"fr-FR","@id":"https:\/\/yoopies.fr\/c\/qualite-pet-sitter\/#primaryimage","url":"https:\/\/yoopies.fr\/c\/wp-content\/uploads\/2021\/07\/7109ad16-0c63-47eb-a165-0008a4a21366-pexels-blue-bird-7210349.jpg","contentUrl":"https:\/\/yoopies.fr\/c\/wp-content\/uploads\/2021\/07\/7109ad16-0c63-47eb-a165-0008a4a21366-pexels-blue-bird-7210349.jpg","width":1200,"height":800},{"@type":"BreadcrumbList","@id":"https:\/\/yoopies.fr\/c\/qualite-pet-sitter\/#breadcrumb","itemListElement":[{"@type":"ListItem","position":1,"name":"Home","item":"https:\/\/yoopies.fr\/c\/"},{"@type":"ListItem","position":2,"name":"Pet sitter : les 15 qualit\u00e9s indispensables qu\u2019il doit avoir."}]},{"@type":"WebSite","@id":"https:\/\/yoopies.fr\/c\/#website","url":"https:\/\/yoopies.fr\/c\/","name":"Le Blog Yoopies","description":"","publisher":{"@id":"https:\/\/yoopies.fr\/c\/#organization"},"potentialAction":[{"@type":"SearchAction","target":{"@type":"EntryPoint","urlTemplate":"https:\/\/yoopies.fr\/c\/?s={search_term_string}"},"query-input":{"@type":"PropertyValueSpecification","valueRequired":true,"valueName":"search_term_string"}}],"inLanguage":"fr-FR"},{"@type":"Organization","@id":"https:\/\/yoopies.fr\/c\/#organization","name":"Le Blog Yoopies","url":"https:\/\/yoopies.fr\/c\/","logo":{"@type":"ImageObject","inLanguage":"fr-FR","@id":"https:\/\/yoopies.fr\/c\/#\/schema\/logo\/image\/","url":"https:\/\/yoopies.fr\/c\/wp-content\/uploads\/2025\/04\/cropped-Logo_Yoopies-2.png","contentUrl":"https:\/\/yoopies.fr\/c\/wp-content\/uploads\/2025\/04\/cropped-Logo_Yoopies-2.png","width":512,"height":512,"caption":"Le Blog Yoopies"},"image":{"@id":"https:\/\/yoopies.fr\/c\/#\/schema\/logo\/image\/"}}]}},"_links":{"self":[{"href":"https:\/\/yoopies.fr\/c\/wp-json\/wp\/v2\/pages\/273","targetHints":{"allow":["GET"]}}],"collection":[{"href":"https:\/\/yoopies.fr\/c\/wp-json\/wp\/v2\/pages"}],"about":[{"href":"https:\/\/yoopies.fr\/c\/wp-json\/wp\/v2\/types\/page"}],"author":[{"embeddable":true,"href":"https:\/\/yoopies.fr\/c\/wp-json\/wp\/v2\/users\/10"}],"replies":[{"embeddable":true,"href":"https:\/\/yoopies.fr\/c\/wp-json\/wp\/v2\/comments?post=273"}],"version-history":[{"count":1,"href":"https:\/\/yoopies.fr\/c\/wp-json\/wp\/v2\/pages\/273\/revisions"}],"predecessor-version":[{"id":276,"href":"https:\/\/yoopies.fr\/c\/wp-json\/wp\/v2\/pages\/273\/revisions\/276"}],"wp:featuredmedia":[{"embeddable":true,"href":"https:\/\/yoopies.fr\/c\/wp-json\/wp\/v2\/media\/275"}],"wp:attachment":[{"href":"https:\/\/yoopies.fr\/c\/wp-json\/wp\/v2\/media?parent=273"}],"curies":[{"name":"wp","href":"https:\/\/api.w.org\/{rel}","templated":true}]}}