{"id":254,"date":"2021-10-25T09:53:50","date_gmt":"2021-10-25T09:53:50","guid":{"rendered":"https:\/\/blog.yoopies.fr\/embauche-salarie-a-domicile\/"},"modified":"2025-06-12T07:59:08","modified_gmt":"2025-06-12T07:59:08","slug":"embauche-salarie-a-domicile","status":"publish","type":"page","link":"https:\/\/yoopies.fr\/c\/embauche-salarie-a-domicile\/","title":{"rendered":"Tout savoir sur l&#8217;embauche d&rsquo;un salari\u00e9 \u00e0 domicile"},"content":{"rendered":"<p><p>On entend par emploi &agrave; domicile tout travail dans un m&eacute;nage priv&eacute;. Depuis 2016, il existe une nouvelle classification des emplois des salari&eacute;s &agrave; domicile identifiant vingt et un emplois-rep&egrave;res. Gr&acirc;ce au <a href=\"http:\/\/www.simulateur-emploisalarieduparticulieremployeur.fr\/\">simulateur en ligne<\/a>, vous pouvez d&eacute;finir en trois clics les t&acirc;ches de votre futur salari&eacute; afin d&rsquo;avoir l&rsquo;emploi-rep&egrave;re qui correspond &agrave; vos besoins, une fiche de poste, ainsi que le montant du salaire horaire brut minimum conventionnel.<\/p>\n<p>Il comprend notamment les activit&eacute;s suivantes:<\/p>\n<p>&#8211; La <strong><a href=\"https:\/\/yoopies.fr\/https:\/\">garde d&rsquo;enfants<\/a><\/strong> ; <\/p>\n<p>&#8211; Le <strong><a href=\"https:\/\/yoopies.fr\/menage\">m&eacute;nage<\/a><\/strong> ; <\/p>\n<p>&#8211; Le <strong><a href=\"https:\/\/yoopies.fr\/soutien-scolaire\">soutien scolaire<\/a><\/strong> ; <\/p>\n<p>&#8211; L&rsquo;<a href=\"https:\/\/yoopies.fr\/aide-a-domicile\">aide aux proches <strong>d&eacute;pendants<\/strong><\/a>.<\/p>\n<p>Vous avez la possibilit&eacute; d&rsquo;embaucher directement un intervenant salari&eacute;. Vous deviendrez d&egrave;s lors son employeur et assurerez la gestion de toutes les d&eacute;marches administratives : conclusion et rupture du contrat de travail, calcul et d&eacute;claration des cotisations sociales&hellip; <\/p>\n<\/p>\n<p><strong>?  Bon &agrave; savoir !    <\/strong><\/p>\n<p>Sur Yoopies, il est &eacute;galement possible d&rsquo;avoir recours &agrave; un intervenant ayant le statut <a href=\"https:\/\/www.autoentrepreneur.urssaf.fr\/portail\/accueil.html\">auto-entrepreneur<\/a> (travailleur ind&eacute;pendant).<\/p>\n<\/p>\n<p class=\"block-img\"><img decoding=\"async\" src=\"https:\/\/yoopies.fr\/c\/wp-content\/uploads\/2021\/10\/89e306bb-d4ca-44a0-8cf1-23bff2172e3d_pexels-fauxels-318446528129.jpg\" alt=\"embaucher un salari&eacute;\"><\/p>\n<\/p>\n<h2><strong>Les &eacute;tapes cl&eacute;s pour recruter votre salari&eacute; &agrave; domicile <\/strong><\/h2>\n<ul>\n<li>Entretenez-vous avec le candidat afin de v&eacute;rifier que son profil, son tarif horaire et ses disponibilit&eacute;s correspondent &agrave; vos crit&egrave;res ;<\/li>\n<li>Assurez-vous de l&rsquo;identit&eacute; du candidat. Si celui-ci est non ressortissant de l&rsquo;Union europ&eacute;enne, v&eacute;rifiez qu&rsquo;il dispose bien d&rsquo;une <a href=\"https:\/\/www.service-public.fr\/particuliers\/vosdroits\/F2728\">autorisation de travail<\/a> ; <\/li>\n<li>V&eacute;rifiez l&rsquo;&acirc;ge du candidat : il doit &ecirc;tre &acirc;g&eacute; d&rsquo;au moins 16 ans (ou 14 ans sous conditions). &nbsp;Pour des raisons de s&eacute;curit&eacute;, l&rsquo;&acirc;ge minimum pour l&rsquo;inscription sur Yoopies est fix&eacute; &agrave; 16 ans.<\/li>\n<\/ul>\n<h3><strong>La conclusion du contrat de travail<\/strong><\/h3>\n<p>Dans le contrat de travail, il faudra indiquer la r&eacute;mun&eacute;ration, le nombre d&rsquo;heures et les horaires de travail, les dates de cong&eacute;s, les t&acirc;ches &agrave; effectuer, etc. Le contrat de travail permet de d&eacute;terminer une p&eacute;riode d&rsquo;essai. Ainsi, si la personne employ&eacute;e ne vous convient finalement plus, vous pouvez vous en s&eacute;parer en faisant une<a href=\"https:\/\/yoopies.fr\/c\/rupture-periode-essai-salarie-a-domicile\/\"> rupture de p&eacute;riode d&rsquo;essai <\/a>sans passer par une proc&eacute;dure de <a href=\"https:\/\/yoopies.fr\/c\/licenciement-salarie-a-domicile\/\">licenciement<\/a>.<\/p>\n<\/p>\n<h4><strong>La r&eacute;daction d&rsquo;un contrat de travail est-elle obligatoire ? <\/strong><\/h4>\n<ul>\n<li> Elle est obligatoire lorsque votre intervenant travaille de fa&ccedil;on r&eacute;guli&egrave;re plus de 8 heures par semaine ou si sa dur&eacute;e de travail exc&egrave;de 4 semaines cons&eacute;cutives par an.<\/li>\n<li>Elle n&rsquo;est pas obligatoire lorsque l&rsquo;emploi de l&rsquo;intervenant est occasionnel ou de courte dur&eacute;e (moins de 8 heures par semaines ou de 4 semaines cons&eacute;cutives par an). Cela ne vous dispense pas pour autant du respect des dispositions du Code du travail et de la convention collective des particuliers employeurs !<\/li>\n<\/ul>\n<p>En pratique et notamment pour pr&eacute;venir tout conflit, la signature d&rsquo;un contrat est toujours pr&eacute;f&eacute;rable. Elle permet de d&eacute;finir de mani&egrave;re non &eacute;quivoque l&rsquo;ensemble des droits et obligations de l&rsquo;employeur et de son salari&eacute;.<\/p>\n<\/p>\n<p><strong>? <\/strong> B<strong>on &agrave; savoir !&nbsp;<\/strong><\/p>\n<p>Le contrat de travail doit &ecirc;tre &eacute;tabli en deux exemplaires (un pour l&rsquo;employeur et un pour le salari&eacute;) lors de l&rsquo;embauche ou au plus tard &agrave; la fin de la p&eacute;riode d&rsquo;essai si une lettre d&rsquo;embauche a &eacute;t&eacute; sign&eacute;e. <\/p>\n<\/p>\n<h4><strong>Peut-on recourir au CDD ?&nbsp;<\/strong><\/h4>\n<\/p>\n<p>Le recours au CDD est strictement encadr&eacute; par la loi et doit rester exceptionnel ! Un CDD peut &ecirc;tre conclu uniquement si le besoin est temporaire.&nbsp;<\/p>\n<ul>\n<li>Pour remplacer votre salari&eacute; absent pour maladie, en cong&eacute; de maternit&eacute;, ou autre ;<\/li>\n<li>Vous avez recrut&eacute; un intervenant en CDI mais il n&rsquo;est pas disponible &agrave; la date souhait&eacute;e. Vous pouvez conclure un CDD avec un autre salari&eacute; qui prendra fin avant la date d&rsquo;entr&eacute;e en poste de votre salari&eacute; recrut&eacute; en CDI ;<\/li>\n<li>Vous avez obtenu une place en cr&egrave;che pour votre enfant et souhaitez le faire garder jusqu&rsquo;&agrave; la date d&rsquo;entr&eacute;e en cr&egrave;che. <\/li>\n<\/ul>\n<p>Rien n&#8217;emp&ecirc;che, en revanche, de conclure un CDI et d&rsquo;y mettre un terme &agrave; la date souhait&eacute;e, par le biais d&rsquo;un <a href=\"https:\/\/yoopies.fr\/c\/licenciement-salarie-a-domicile\/\">licenciement<\/a> ou d&rsquo;une <a href=\"https:\/\/yoopies.fr\/c\/rupture-conventionnelle-salarie-a-domicile\/\">rupture conventionnelle<\/a>. Votre intervenant.e peut aussi rompre le contrat en vous remettant une lettre de <a href=\"https:\/\/yoopies.fr\/c\/demission-salarie-a-domicile\/\">d&eacute;mission<\/a>.&nbsp;<\/p>\n<\/p>\n<h3><strong>D&eacute;clarer<\/strong><\/h3>\n<p>En tant qu&#8217;employeur, vous devez d&eacute;clarer l&rsquo;emploi de votre salari&eacute; et payer des cotisations sociales (maladie, retraite, ch&ocirc;mage). La d&eacute;claration s&rsquo;effectue aupr&egrave;s de : <\/p>\n<ul>\n<li>Pajemploi pour les gardes d&rsquo;enfants de moins de 6 ans ;<\/li>\n<li>Cesu pour les gardes d&rsquo;enfants de plus de 6 ans ou tout autre activit&eacute; de services &agrave; la personne. <\/li>\n<\/ul>\n<p><strong>?  Bon &agrave; savoir !&nbsp;<\/strong><\/p>\n<p>L&#8217;emploi d&rsquo;un salari&eacute; &agrave; domicile permet de b&eacute;n&eacute;ficier d&rsquo;un<a href=\"https:\/\/www.tacotax.fr\/guides\/defiscalisation\"> cr&eacute;dit d&rsquo;imp&ocirc;t <\/a>de 50% pour toute prestation de garde d&rsquo;enfant, de m&eacute;nage, de soutien scolaire ou d&rsquo;aide &agrave; un proche d&eacute;pendant.&nbsp;<\/p>\n<p>Pour obtenir ce cr&eacute;dit d&rsquo;imp&ocirc;t, il est indispensable :<\/p>\n<ol>\n<li>d&rsquo;&ecirc;tre domicili&eacute; fiscalement en France<\/li>\n<li>d&rsquo;exercer un emploi sur le territoire fran&ccedil;ais<\/li>\n<li>de d&eacute;clarer annuellement ses d&eacute;penses.&nbsp;<\/li>\n<\/ol>\n<h3><strong>D&eacute;clarer aupr&egrave;s de <a href=\"https:\/\/www.pajemploi.urssaf.fr\/pajewebinfo\/cms\/sites\/pajewebinfo\/accueil.html\">Pajemploi<\/a> <\/strong><\/h3>\n<\/p>\n<p>Si vous avez effectu&eacute; une demande de CMG (compl&eacute;ment de libre choix de mode de garde) aupr&egrave;s de la CAF, il n&rsquo;est pas n&eacute;cessaire de s&rsquo;inscrire, la CAF demandera automatiquement votre immatriculation au centre national Pajemploi. <\/p>\n<p>1. Vous faites une demande de CMG aupr&egrave;s de votre CAF ;<\/p>\n<p>2. Votre CAF informe le centre national Pajemploi ;<\/p>\n<p>3. Le centre national Pajemploi vous immatricule et vous attribue un num&eacute;ro Urssaf (n&deg; Pajemploi) ;<\/p>\n<p>4. Vous d&eacute;clarez les salaires que vous avez vers&eacute;s &agrave; votre salari&eacute; ; <\/p>\n<p>5. Le centre national Pajemploi traite votre d&eacute;claration et &eacute;dite un bulletin de salaire qu&rsquo;il faudra remettre au salari&eacute;.<\/p>\n<\/p>\n<h3><strong>D&eacute;clarer aupr&egrave;s du <a href=\"https:\/\/www.cesu.urssaf.fr\/info\/accueil.html\">Cesu<\/a><\/strong><\/h3>\n<\/p>\n<p>1. Vous pouvez vous inscrire directement en ligne sur le site du <a href=\"https:\/\/www.cesu.urssaf.fr\/info\/accueil.html\">Cesu<\/a> ;<\/p>\n<p>2. Le CESU vous attribue un num&eacute;ro Urssaf (n&deg; Cesu) ;<\/p>\n<p>3. Lors de votre premi&egrave;re connexion, il faudra enregistrer votre salari&eacute; et vos coordonn&eacute;es bancaires ; <\/p>\n<p>4. A la r&eacute;ception de son premier bulletin de salaire, votre salari&eacute; pourra r&eacute;cup&eacute;rer son num&eacute;ro CESU, mentionn&eacute; sur la fiche de paie, afin de cr&eacute;er son compte et de pouvoir consulter ses bulletins de salaire. <\/p>\n<h3><strong><br \/>\nPr&eacute;l&egrave;vement &agrave; la source<\/strong><\/h3>\n<\/p>\n<p>Depuis le 1er janvier 2020, le pr&eacute;l&egrave;vement &agrave; la source est effectif dans le domaine des services &agrave; la personne et les modalit&eacute;s de d&eacute;claration de votre intervenant ont &eacute;volu&eacute;es. <\/p>\n<p>A pr&eacute;sent, vous devrez&nbsp;d&eacute;clarer votre salari&eacute; aupr&egrave;s de Pajemploi ou CESU avant m&ecirc;me de lui avoir vers&eacute; son salaire. Le montant de l&rsquo;imp&ocirc;t d&ucirc; sera alors&nbsp;automatiquement calcul&eacute; et pr&eacute;lev&eacute;&nbsp;sur votre compte bancaire en m&ecirc;me temps que le pr&eacute;l&egrave;vement de vos cotisations sociales.&nbsp;<br \/>\n\u26a0\ufe0f Il faudra &ecirc;tre vigilant sur le montant du salaire vers&eacute; &agrave; votre salari&eacute; et ne pas oublier d&rsquo;y d&eacute;duire le montant de l&rsquo;imp&ocirc;t qui vous sera ensuite imput&eacute;.<\/p>\n<\/p>\n<p><strong>? <\/strong> B<strong>on &agrave; savoir <\/strong><\/p>\n<p>A partir de 2022, les particuliers employeurs qui feront appel aux <strong>services &agrave; domicile<\/strong> pourront b&eacute;n&eacute;ficier du cr&eacute;dit d&rsquo;imp&ocirc;t instantan&eacute; pour le <strong>versement imm&eacute;diat des aides<\/strong> gr&acirc;ce au <a href=\"https:\/\/yoopies.fr\/c\/credit-impot-instantane\/\">dispositif Home+<\/a>.&nbsp;<\/p>\n<\/p>\n<h2><strong>G&eacute;rer le quotidien de votre employ&eacute;&nbsp;<\/strong><\/h2>\n<\/p>\n<p>Anticipez et pensez &agrave; fixer au moins deux mois &agrave; l&rsquo;avance, et si possible en accord avec votre salari&eacute;, les dates des <a href=\"https:\/\/yoopies.fr\/c\/conges-salarie-a-domicile\/\">cong&eacute;s pay&eacute;s<\/a> auxquels il a droit.&nbsp;<\/p>\n<p><strong>? <\/strong> B<strong>on &agrave; savoir !&nbsp;<\/strong><\/p>\n<p>Si vous vous absentez et que votre salari&eacute; ne peut pas effectuer son travail, vous ne pouvez pas consid&eacute;rer qu&rsquo;il s&rsquo;agit de cong&eacute;s pay&eacute;s et son salaire doit &ecirc;tre maintenu. Il vous incombe aussi de pr&eacute;ciser, dans le contrat de travail, s&rsquo;il devra travailler les jours f&eacute;ri&eacute;s.<\/p>\n<p>Comme tout employeur, vous devez &ecirc;tre pr&eacute;venu en cas d&rsquo;absence, et, en cas d&rsquo;arr&ecirc;t maladie ou d&rsquo;accident du travail, car vous devrez effectuer des formalit&eacute;s sp&eacute;cifiques. Enfin, votre salari&eacute; a le droit d&rsquo;&ecirc;tre form&eacute;, par exemple pour acqu&eacute;rir de nouvelles comp&eacute;tences, comme l&rsquo;apprentissage de nouveaux outils de jardinage, ou repassage par exemple, ou encore l&rsquo;attitude &agrave; avoir face &agrave; certaines pathologies.&nbsp;<\/p>\n<\/p>\n<p><strong>? <\/strong> L<strong>e saviez-vous ?<\/strong><\/p>\n<p><strong>Sur Yoopies, rien de plus simple ! Vous pouvez nous confier le soin de proc&eacute;der &agrave; la d&eacute;claration de votre intervenant et nous nous occupons de tout ! <\/strong><\/p>\n<\/p>\n<p>A tr&egrave;s vite sur Yoopies ! \n<\/p>\n<p>\u26a0\ufe0f <em>Ces informations ne constituent pas un conseil juridique et ne font que reprendre les informations officielles publi&eacute;es par les autorit&eacute;s comp&eacute;tentes. N&rsquo;h&eacute;sitez pas &agrave; consulter les textes applicables accessibles sur les <a href=\"https:\/\/www.legifrance.gouv.fr\/affichIDCC.do?idConvention=KALICONT000005635792\">sites internet officiels<\/a>.<\/em><\/p><\/p>\n","protected":false},"excerpt":{"rendered":"<p>On entend par emploi &agrave; domicile tout travail dans un m&eacute;nage priv&eacute;. Depuis 2016, il existe une nouvelle classification des &hellip; <\/p>\n","protected":false},"author":10,"featured_media":256,"parent":0,"menu_order":0,"comment_status":"closed","ping_status":"closed","template":"","meta":{"_acf_changed":false,"footnotes":""},"class_list":["post-254","page","type-page","status-publish","has-post-thumbnail","hentry"],"acf":[],"yoast_head":"<!-- This site is optimized with the Yoast SEO plugin v26.9 - https:\/\/yoast.com\/product\/yoast-seo-wordpress\/ -->\n<title>Tout savoir sur l&#039;embauche d&#039;un salari\u00e9 \u00e0 domicile<\/title>\n<meta name=\"description\" content=\"Vous envisagez de faire appel \u00e0 un salari\u00e9 \u00e0 domicile pour s&#039;occuper de vos enfants ou pour l&#039;entretien de votre domicile ? Voici nos pr\u00e9cieux conseils pour trouver, recruter et d\u00e9clarer la perle rare !\" \/>\n<meta name=\"robots\" content=\"index, follow, max-snippet:-1, max-image-preview:large, max-video-preview:-1\" \/>\n<link rel=\"canonical\" href=\"https:\/\/yoopies.fr\/c\/embauche-salarie-a-domicile\/\" \/>\n<meta property=\"og:locale\" content=\"fr_FR\" \/>\n<meta property=\"og:type\" content=\"article\" \/>\n<meta property=\"og:title\" content=\"Tout savoir sur l&#039;embauche d&#039;un salari\u00e9 \u00e0 domicile\" \/>\n<meta property=\"og:description\" content=\"Vous envisagez de faire appel \u00e0 un salari\u00e9 \u00e0 domicile pour s&#039;occuper de vos enfants ou pour l&#039;entretien de votre domicile ? Voici nos pr\u00e9cieux conseils pour trouver, recruter et d\u00e9clarer la perle rare !\" \/>\n<meta property=\"og:url\" content=\"https:\/\/yoopies.fr\/c\/embauche-salarie-a-domicile\/\" \/>\n<meta property=\"og:site_name\" content=\"Le Blog Yoopies\" \/>\n<meta property=\"article:modified_time\" content=\"2025-06-12T07:59:08+00:00\" \/>\n<meta property=\"og:image\" content=\"https:\/\/yoopies.fr\/c\/wp-content\/uploads\/2021\/10\/89e306bb-d4ca-44a0-8cf1-23bff2172e3d-pexels-fauxels-318446528129.jpg\" \/>\n\t<meta property=\"og:image:width\" content=\"1200\" \/>\n\t<meta property=\"og:image:height\" content=\"800\" \/>\n\t<meta property=\"og:image:type\" content=\"image\/jpeg\" \/>\n<meta name=\"twitter:card\" content=\"summary_large_image\" \/>\n<meta name=\"twitter:label1\" content=\"Dur\u00e9e de lecture estim\u00e9e\" \/>\n\t<meta name=\"twitter:data1\" content=\"8 minutes\" \/>\n<script type=\"application\/ld+json\" class=\"yoast-schema-graph\">{\"@context\":\"https:\/\/schema.org\",\"@graph\":[{\"@type\":\"WebPage\",\"@id\":\"https:\/\/yoopies.fr\/c\/embauche-salarie-a-domicile\/\",\"url\":\"https:\/\/yoopies.fr\/c\/embauche-salarie-a-domicile\/\",\"name\":\"Tout savoir sur l'embauche d'un salari\u00e9 \u00e0 domicile\",\"isPartOf\":{\"@id\":\"https:\/\/yoopies.fr\/c\/#website\"},\"primaryImageOfPage\":{\"@id\":\"https:\/\/yoopies.fr\/c\/embauche-salarie-a-domicile\/#primaryimage\"},\"image\":{\"@id\":\"https:\/\/yoopies.fr\/c\/embauche-salarie-a-domicile\/#primaryimage\"},\"thumbnailUrl\":\"https:\/\/yoopies.fr\/c\/wp-content\/uploads\/2021\/10\/89e306bb-d4ca-44a0-8cf1-23bff2172e3d-pexels-fauxels-318446528129.jpg\",\"datePublished\":\"2021-10-25T09:53:50+00:00\",\"dateModified\":\"2025-06-12T07:59:08+00:00\",\"description\":\"Vous envisagez de faire appel \u00e0 un salari\u00e9 \u00e0 domicile pour s'occuper de vos enfants ou pour l'entretien de votre domicile ? Voici nos pr\u00e9cieux conseils pour trouver, recruter et d\u00e9clarer la perle rare !\",\"breadcrumb\":{\"@id\":\"https:\/\/yoopies.fr\/c\/embauche-salarie-a-domicile\/#breadcrumb\"},\"inLanguage\":\"fr-FR\",\"potentialAction\":[{\"@type\":\"ReadAction\",\"target\":[\"https:\/\/yoopies.fr\/c\/embauche-salarie-a-domicile\/\"]}]},{\"@type\":\"ImageObject\",\"inLanguage\":\"fr-FR\",\"@id\":\"https:\/\/yoopies.fr\/c\/embauche-salarie-a-domicile\/#primaryimage\",\"url\":\"https:\/\/yoopies.fr\/c\/wp-content\/uploads\/2021\/10\/89e306bb-d4ca-44a0-8cf1-23bff2172e3d-pexels-fauxels-318446528129.jpg\",\"contentUrl\":\"https:\/\/yoopies.fr\/c\/wp-content\/uploads\/2021\/10\/89e306bb-d4ca-44a0-8cf1-23bff2172e3d-pexels-fauxels-318446528129.jpg\",\"width\":1200,\"height\":800},{\"@type\":\"BreadcrumbList\",\"@id\":\"https:\/\/yoopies.fr\/c\/embauche-salarie-a-domicile\/#breadcrumb\",\"itemListElement\":[{\"@type\":\"ListItem\",\"position\":1,\"name\":\"Home\",\"item\":\"https:\/\/yoopies.fr\/c\/\"},{\"@type\":\"ListItem\",\"position\":2,\"name\":\"Tout savoir sur l&#8217;embauche d&rsquo;un salari\u00e9 \u00e0 domicile\"}]},{\"@type\":\"WebSite\",\"@id\":\"https:\/\/yoopies.fr\/c\/#website\",\"url\":\"https:\/\/yoopies.fr\/c\/\",\"name\":\"Le Blog Yoopies\",\"description\":\"\",\"publisher\":{\"@id\":\"https:\/\/yoopies.fr\/c\/#organization\"},\"potentialAction\":[{\"@type\":\"SearchAction\",\"target\":{\"@type\":\"EntryPoint\",\"urlTemplate\":\"https:\/\/yoopies.fr\/c\/?s={search_term_string}\"},\"query-input\":{\"@type\":\"PropertyValueSpecification\",\"valueRequired\":true,\"valueName\":\"search_term_string\"}}],\"inLanguage\":\"fr-FR\"},{\"@type\":\"Organization\",\"@id\":\"https:\/\/yoopies.fr\/c\/#organization\",\"name\":\"Le Blog Yoopies\",\"url\":\"https:\/\/yoopies.fr\/c\/\",\"logo\":{\"@type\":\"ImageObject\",\"inLanguage\":\"fr-FR\",\"@id\":\"https:\/\/yoopies.fr\/c\/#\/schema\/logo\/image\/\",\"url\":\"https:\/\/yoopies.fr\/c\/wp-content\/uploads\/2025\/04\/cropped-Logo_Yoopies-2.png\",\"contentUrl\":\"https:\/\/yoopies.fr\/c\/wp-content\/uploads\/2025\/04\/cropped-Logo_Yoopies-2.png\",\"width\":512,\"height\":512,\"caption\":\"Le Blog Yoopies\"},\"image\":{\"@id\":\"https:\/\/yoopies.fr\/c\/#\/schema\/logo\/image\/\"}}]}<\/script>\n<!-- \/ Yoast SEO plugin. -->","yoast_head_json":{"title":"Tout savoir sur l'embauche d'un salari\u00e9 \u00e0 domicile","description":"Vous envisagez de faire appel \u00e0 un salari\u00e9 \u00e0 domicile pour s'occuper de vos enfants ou pour l'entretien de votre domicile ? Voici nos pr\u00e9cieux conseils pour trouver, recruter et d\u00e9clarer la perle rare !","robots":{"index":"index","follow":"follow","max-snippet":"max-snippet:-1","max-image-preview":"max-image-preview:large","max-video-preview":"max-video-preview:-1"},"canonical":"https:\/\/yoopies.fr\/c\/embauche-salarie-a-domicile\/","og_locale":"fr_FR","og_type":"article","og_title":"Tout savoir sur l'embauche d'un salari\u00e9 \u00e0 domicile","og_description":"Vous envisagez de faire appel \u00e0 un salari\u00e9 \u00e0 domicile pour s'occuper de vos enfants ou pour l'entretien de votre domicile ? Voici nos pr\u00e9cieux conseils pour trouver, recruter et d\u00e9clarer la perle rare !","og_url":"https:\/\/yoopies.fr\/c\/embauche-salarie-a-domicile\/","og_site_name":"Le Blog Yoopies","article_modified_time":"2025-06-12T07:59:08+00:00","og_image":[{"width":1200,"height":800,"url":"https:\/\/yoopies.fr\/c\/wp-content\/uploads\/2021\/10\/89e306bb-d4ca-44a0-8cf1-23bff2172e3d-pexels-fauxels-318446528129.jpg","type":"image\/jpeg"}],"twitter_card":"summary_large_image","twitter_misc":{"Dur\u00e9e de lecture estim\u00e9e":"8 minutes"},"schema":{"@context":"https:\/\/schema.org","@graph":[{"@type":"WebPage","@id":"https:\/\/yoopies.fr\/c\/embauche-salarie-a-domicile\/","url":"https:\/\/yoopies.fr\/c\/embauche-salarie-a-domicile\/","name":"Tout savoir sur l'embauche d'un salari\u00e9 \u00e0 domicile","isPartOf":{"@id":"https:\/\/yoopies.fr\/c\/#website"},"primaryImageOfPage":{"@id":"https:\/\/yoopies.fr\/c\/embauche-salarie-a-domicile\/#primaryimage"},"image":{"@id":"https:\/\/yoopies.fr\/c\/embauche-salarie-a-domicile\/#primaryimage"},"thumbnailUrl":"https:\/\/yoopies.fr\/c\/wp-content\/uploads\/2021\/10\/89e306bb-d4ca-44a0-8cf1-23bff2172e3d-pexels-fauxels-318446528129.jpg","datePublished":"2021-10-25T09:53:50+00:00","dateModified":"2025-06-12T07:59:08+00:00","description":"Vous envisagez de faire appel \u00e0 un salari\u00e9 \u00e0 domicile pour s'occuper de vos enfants ou pour l'entretien de votre domicile ? Voici nos pr\u00e9cieux conseils pour trouver, recruter et d\u00e9clarer la perle rare !","breadcrumb":{"@id":"https:\/\/yoopies.fr\/c\/embauche-salarie-a-domicile\/#breadcrumb"},"inLanguage":"fr-FR","potentialAction":[{"@type":"ReadAction","target":["https:\/\/yoopies.fr\/c\/embauche-salarie-a-domicile\/"]}]},{"@type":"ImageObject","inLanguage":"fr-FR","@id":"https:\/\/yoopies.fr\/c\/embauche-salarie-a-domicile\/#primaryimage","url":"https:\/\/yoopies.fr\/c\/wp-content\/uploads\/2021\/10\/89e306bb-d4ca-44a0-8cf1-23bff2172e3d-pexels-fauxels-318446528129.jpg","contentUrl":"https:\/\/yoopies.fr\/c\/wp-content\/uploads\/2021\/10\/89e306bb-d4ca-44a0-8cf1-23bff2172e3d-pexels-fauxels-318446528129.jpg","width":1200,"height":800},{"@type":"BreadcrumbList","@id":"https:\/\/yoopies.fr\/c\/embauche-salarie-a-domicile\/#breadcrumb","itemListElement":[{"@type":"ListItem","position":1,"name":"Home","item":"https:\/\/yoopies.fr\/c\/"},{"@type":"ListItem","position":2,"name":"Tout savoir sur l&#8217;embauche d&rsquo;un salari\u00e9 \u00e0 domicile"}]},{"@type":"WebSite","@id":"https:\/\/yoopies.fr\/c\/#website","url":"https:\/\/yoopies.fr\/c\/","name":"Le Blog Yoopies","description":"","publisher":{"@id":"https:\/\/yoopies.fr\/c\/#organization"},"potentialAction":[{"@type":"SearchAction","target":{"@type":"EntryPoint","urlTemplate":"https:\/\/yoopies.fr\/c\/?s={search_term_string}"},"query-input":{"@type":"PropertyValueSpecification","valueRequired":true,"valueName":"search_term_string"}}],"inLanguage":"fr-FR"},{"@type":"Organization","@id":"https:\/\/yoopies.fr\/c\/#organization","name":"Le Blog Yoopies","url":"https:\/\/yoopies.fr\/c\/","logo":{"@type":"ImageObject","inLanguage":"fr-FR","@id":"https:\/\/yoopies.fr\/c\/#\/schema\/logo\/image\/","url":"https:\/\/yoopies.fr\/c\/wp-content\/uploads\/2025\/04\/cropped-Logo_Yoopies-2.png","contentUrl":"https:\/\/yoopies.fr\/c\/wp-content\/uploads\/2025\/04\/cropped-Logo_Yoopies-2.png","width":512,"height":512,"caption":"Le Blog Yoopies"},"image":{"@id":"https:\/\/yoopies.fr\/c\/#\/schema\/logo\/image\/"}}]}},"_links":{"self":[{"href":"https:\/\/yoopies.fr\/c\/wp-json\/wp\/v2\/pages\/254","targetHints":{"allow":["GET"]}}],"collection":[{"href":"https:\/\/yoopies.fr\/c\/wp-json\/wp\/v2\/pages"}],"about":[{"href":"https:\/\/yoopies.fr\/c\/wp-json\/wp\/v2\/types\/page"}],"author":[{"embeddable":true,"href":"https:\/\/yoopies.fr\/c\/wp-json\/wp\/v2\/users\/10"}],"replies":[{"embeddable":true,"href":"https:\/\/yoopies.fr\/c\/wp-json\/wp\/v2\/comments?post=254"}],"version-history":[{"count":1,"href":"https:\/\/yoopies.fr\/c\/wp-json\/wp\/v2\/pages\/254\/revisions"}],"predecessor-version":[{"id":257,"href":"https:\/\/yoopies.fr\/c\/wp-json\/wp\/v2\/pages\/254\/revisions\/257"}],"wp:featuredmedia":[{"embeddable":true,"href":"https:\/\/yoopies.fr\/c\/wp-json\/wp\/v2\/media\/256"}],"wp:attachment":[{"href":"https:\/\/yoopies.fr\/c\/wp-json\/wp\/v2\/media?parent=254"}],"curies":[{"name":"wp","href":"https:\/\/api.w.org\/{rel}","templated":true}]}}