{"id":244,"date":"2023-08-21T12:19:10","date_gmt":"2023-08-21T12:19:10","guid":{"rendered":"https:\/\/blog.yoopies.fr\/menage-information\/"},"modified":"2025-06-12T07:59:08","modified_gmt":"2025-06-12T07:59:08","slug":"menage-information","status":"publish","type":"page","link":"https:\/\/yoopies.fr\/c\/menage-information\/","title":{"rendered":"Service de m\u00e9nage"},"content":{"rendered":"<p><p><strong>Vous cherchez un emploi pour faire de l&rsquo;aide &agrave; domicile et vous &ecirc;tes une pro du m&eacute;nage ?  <\/strong><\/p>\n<h4><\/h4>\n<h2><strong>Sommaire <\/strong><\/h2>\n<ul>\n<li><a href=\"https:\/\/#h2-2\">L&rsquo;aide m&eacute;nag&egrave;re parfaite <\/a><\/li>\n<li><a href=\"https:\/\/#h2-3\">&Ecirc;tre aide m&eacute;nag&egrave;re, un engagement pour le bien-&ecirc;tre des personnes &acirc;g&eacute;es<\/a>\n<\/li>\n<\/ul>\n<p><p class=\"block-img\"><img decoding=\"async\" src=\"https:\/\/yoopies.fr\/c\/wp-content\/uploads\/2023\/08\/3b87a55e-043c-42f4-89e9-e75f19d4f8dd_pexels-karolina-grabowska-4239112.jpg\" alt=\"\"><\/p>\n<\/p>\n<p>Le m&eacute;tier d&rsquo;aide m&eacute;nag&egrave;re est un m&eacute;tier tr&egrave;s exigeant ! Vous poss&eacute;dez les comp&eacute;tences et le savoir-&ecirc;tre pour exercer ce job ? Alors ce m&eacute;tier est pour vous ! <\/p>\n<p>En tant que pro du m&eacute;nage, vous devez ma&icirc;triser les gestes professionnels : &agrave; la fois la pr&eacute;cision des gestes techniques (passer l&rsquo;&eacute;ponge, laver les couverts, passer l&rsquo;aspirateur&hellip;), mais aussi les grandes &eacute;tapes d&rsquo;un m&eacute;nage : suivre le bon ordre pour &ecirc;tre efficace et nettoyer en profondeur pour assurer une bonne hygi&egrave;ne de vie.<\/p>\n<\/p>\n<h2><strong>L&rsquo;aide m&eacute;nag&egrave;re parfaite <\/strong><\/h2>\n<\/p>\n<p>L&rsquo;aide m&eacute;nag&egrave;re parfaite est celle qui a l&rsquo;&oelig;il pour rep&eacute;rer la poussi&egrave;re, celle qui sait assurer un nettoyage parfait dans les moindres recoins, sans ab&icirc;mer les surfaces ni les objets tout en &eacute;tant rapide et efficace. La ma&icirc;trise de ces savoir-faire est indispensable pour le m&eacute;nage &agrave; domicile, non seulement pour gagner du temps mais &eacute;galement pour &eacute;conomiser les efforts inutiles et limiter les mauvais mouvements du corps. <\/p>\n<p>Nettoyez comme si c&rsquo;&eacute;tait chez vous, car vos clients peuvent devenir des clients fid&egrave;les et r&eacute;guliers, et vous offrir ainsi un revenu stable. Vous gagnerez &eacute;galement une bonne r&eacute;putation aupr&egrave;s de toutes leurs connaissances.<\/p>\n<p>&Eacute;tablissez une bonne communication<strong> <\/strong>avec vos clients d&egrave;s le d&eacute;but. Discutez avec eux, au pr&eacute;alable, de leurs attentes sur votre travail, et de toutes les t&acirc;ches que vous devrez effectuer. Imprimez une liste de ces t&acirc;ches pour vous aider &agrave; vous organiser au mieux. <a target=\"_blank\" rel=\"noopener\" href=\"https:\/\/yoopies.fr\/emploi-aide-m%C3%A9nag%C3%A8re\">&Ecirc;tre aide m&eacute;nag&egrave;re<\/a> ou <a target=\"_blank\" rel=\"noopener\" href=\"https:\/\/yoopies.fr\/emploi-femme-de-menage\">femme de m&eacute;nage<\/a> requiert de nombreuses qualit&eacute;s : un comportement irr&eacute;prochable car vous entrez dans l&rsquo;intimit&eacute; de votre client, une grande discr&eacute;tion, et une pr&eacute;caution particuli&egrave;re pour prendre soin de l&rsquo;espace qui vous est confi&eacute;. Soyez attentif aux d&eacute;tails. Demandez &agrave; vos clients s&rsquo;ils sont allergiques &agrave; des produits ou s&rsquo;ils ont des pr&eacute;f&eacute;rences pour certaines m&eacute;thodes de nettoyage. <\/p>\n<\/p>\n<h3><a target=\"_blank\" rel=\"noopener\" href=\"https:\/\/yoopies.fr\/c\/annonces-aide-menagere\/\">Annonces pour devenir aide m&eacute;nag&egrave;re<\/a><\/h3>\n<p>Vous cherchez un emploi pour faire de l&rsquo;aide &agrave; domicile et vous &ecirc;tes une pro du m&eacute;nage ? Vous avez besoin d&rsquo;un petit coup de main pour cr&eacute;er une annonce sur Yoopies et attirer l&rsquo;&oelig;il des familles ? Cette page est pour vous !<\/p>\n<\/p>\n<h3><a target=\"_blank\" rel=\"noopener\" href=\"https:\/\/yoopies.fr\/c\/qualites-aide-menagere\/\">Les qualit&eacute;s indispensables d&rsquo;une aide m&eacute;nag&egrave;re<\/a><\/h3>\n<p>Vous souhaitez &ecirc;tre aide m&eacute;nag&egrave;re ? Sachez que &ecirc;tre aide m&eacute;nag&egrave;re requiert de nombreuses qualit&eacute;s. D&eacute;couvrez cet article pour les conna&icirc;tre plus en d&eacute;tail. <\/p>\n<\/p>\n<h2><strong>&Ecirc;tre aide m&eacute;nag&egrave;re, un engagement pour le bien-&ecirc;tre des personnes &acirc;g&eacute;es<\/strong><\/h2>\n<\/p>\n<p>En tant qu&rsquo;aide m&eacute;nag&egrave;re pour personne d&eacute;pendante, vous vous occupez de l&rsquo;entretien du logement, l&rsquo;hygi&egrave;ne, le confort, mais aussi parfois de l&rsquo;alimentation. En plus de ces t&acirc;ches de m&eacute;nage &agrave; domicile, vous apporterez un accompagnement plus large ! Vous prendrez en compte des aspects plus sociaux et humains et, pourrez prodiguer un soutien moral aux personnes d&eacute;pendantes ! <\/p>\n<p>Vous serez une pr&eacute;sence rassurante et stimulante pour la personne &acirc;g&eacute;e. On ne se rend pas compte mais avoir la pr&eacute;sence de quelqu&rsquo;un, m&ecirc;me d&rsquo;une aide m&eacute;nag&egrave;re pendant une heure peut totalement changer le quotidien d&rsquo;une personne &acirc;g&eacute;e. Vous lui communiquerez de la joie de vivre juste en discutant un petit peu avec elle. <\/p>\n<p>Certaines personnes sont contrari&eacute;es lorsqu&rsquo;une aide m&eacute;nag&egrave;re intervient &agrave; leur domicile. Ils se disent le plus souvent : \u00ab\u00a0je ne suis plus capable de ci, je ne suis plus capable de &ccedil;a\u00a0\u00bb. En apportant votre aide &agrave; leur domicile, vous pourrez aider la personne &acirc;g&eacute;e &agrave; retrouver confiance en elle en lui disant et en lui montrant qu&rsquo;elle peut faire, mais qu&rsquo;elle ne peut pas tout faire&hellip; Gr&acirc;ce &agrave; votre pr&eacute;sence, vous les aiderez &agrave; am&eacute;liorer leur sant&eacute; mentale au quotidien !  <\/p>\n<\/p>\n<p><p><strong>Yoopies r&eacute;pond &agrave; vos questions dans les articles r&eacute;dig&eacute;s par nos experts. Tous nos guides officiels sont tenus &agrave; jour afin que vous soyez toujours inform&eacute;s des actualit&eacute;s.<\/strong><\/p>\n<\/p>\n<p><a class=\"button\" href=\"https:\/\/yoopies.fr\/emploi-menage\">Pro du m\u00e9nage \u00e0 domicile ? Cliquez-ici.<\/a><\/p>\n","protected":false},"excerpt":{"rendered":"<p>Vous cherchez un emploi pour faire de l&rsquo;aide &agrave; domicile et vous &ecirc;tes une pro du m&eacute;nage ? Sommaire L&rsquo;aide &hellip; <\/p>\n","protected":false},"author":10,"featured_media":246,"parent":0,"menu_order":0,"comment_status":"closed","ping_status":"closed","template":"","meta":{"_acf_changed":false,"footnotes":""},"class_list":["post-244","page","type-page","status-publish","has-post-thumbnail","hentry"],"acf":[],"yoast_head":"<!-- This site is optimized with the Yoast SEO plugin v26.9 - https:\/\/yoast.com\/product\/yoast-seo-wordpress\/ -->\n<title>M\u00e9nage - Informations<\/title>\n<meta name=\"description\" content=\"Vous \u00eates un intervenant pour faire du m\u00e9nage \u00e0 domicile ? Vous trouverez dans ces articles les r\u00e9ponses \u00e0 toutes vos questions.\" \/>\n<meta name=\"robots\" content=\"index, follow, max-snippet:-1, max-image-preview:large, max-video-preview:-1\" \/>\n<link rel=\"canonical\" href=\"https:\/\/yoopies.fr\/c\/menage-information\/\" \/>\n<meta property=\"og:locale\" content=\"fr_FR\" \/>\n<meta property=\"og:type\" content=\"article\" \/>\n<meta property=\"og:title\" content=\"M\u00e9nage - Informations\" \/>\n<meta property=\"og:description\" content=\"Vous \u00eates un intervenant pour faire du m\u00e9nage \u00e0 domicile ? Vous trouverez dans ces articles les r\u00e9ponses \u00e0 toutes vos questions.\" \/>\n<meta property=\"og:url\" content=\"https:\/\/yoopies.fr\/c\/menage-information\/\" \/>\n<meta property=\"og:site_name\" content=\"Le Blog Yoopies\" \/>\n<meta property=\"article:modified_time\" content=\"2025-06-12T07:59:08+00:00\" \/>\n<meta property=\"og:image\" content=\"https:\/\/yoopies.fr\/c\/wp-content\/uploads\/2023\/08\/3b87a55e-043c-42f4-89e9-e75f19d4f8dd-pexels-karolina-grabowska-4239112.jpg\" \/>\n\t<meta property=\"og:image:width\" content=\"1200\" \/>\n\t<meta property=\"og:image:height\" content=\"800\" \/>\n\t<meta property=\"og:image:type\" content=\"image\/jpeg\" \/>\n<meta name=\"twitter:card\" content=\"summary_large_image\" \/>\n<meta name=\"twitter:label1\" content=\"Dur\u00e9e de lecture estim\u00e9e\" \/>\n\t<meta name=\"twitter:data1\" content=\"4 minutes\" \/>\n<script type=\"application\/ld+json\" class=\"yoast-schema-graph\">{\"@context\":\"https:\/\/schema.org\",\"@graph\":[{\"@type\":\"WebPage\",\"@id\":\"https:\/\/yoopies.fr\/c\/menage-information\/\",\"url\":\"https:\/\/yoopies.fr\/c\/menage-information\/\",\"name\":\"M\u00e9nage - Informations\",\"isPartOf\":{\"@id\":\"https:\/\/yoopies.fr\/c\/#website\"},\"primaryImageOfPage\":{\"@id\":\"https:\/\/yoopies.fr\/c\/menage-information\/#primaryimage\"},\"image\":{\"@id\":\"https:\/\/yoopies.fr\/c\/menage-information\/#primaryimage\"},\"thumbnailUrl\":\"https:\/\/yoopies.fr\/c\/wp-content\/uploads\/2023\/08\/3b87a55e-043c-42f4-89e9-e75f19d4f8dd-pexels-karolina-grabowska-4239112.jpg\",\"datePublished\":\"2023-08-21T12:19:10+00:00\",\"dateModified\":\"2025-06-12T07:59:08+00:00\",\"description\":\"Vous \u00eates un intervenant pour faire du m\u00e9nage \u00e0 domicile ? Vous trouverez dans ces articles les r\u00e9ponses \u00e0 toutes vos questions.\",\"breadcrumb\":{\"@id\":\"https:\/\/yoopies.fr\/c\/menage-information\/#breadcrumb\"},\"inLanguage\":\"fr-FR\",\"potentialAction\":[{\"@type\":\"ReadAction\",\"target\":[\"https:\/\/yoopies.fr\/c\/menage-information\/\"]}]},{\"@type\":\"ImageObject\",\"inLanguage\":\"fr-FR\",\"@id\":\"https:\/\/yoopies.fr\/c\/menage-information\/#primaryimage\",\"url\":\"https:\/\/yoopies.fr\/c\/wp-content\/uploads\/2023\/08\/3b87a55e-043c-42f4-89e9-e75f19d4f8dd-pexels-karolina-grabowska-4239112.jpg\",\"contentUrl\":\"https:\/\/yoopies.fr\/c\/wp-content\/uploads\/2023\/08\/3b87a55e-043c-42f4-89e9-e75f19d4f8dd-pexels-karolina-grabowska-4239112.jpg\",\"width\":1200,\"height\":800},{\"@type\":\"BreadcrumbList\",\"@id\":\"https:\/\/yoopies.fr\/c\/menage-information\/#breadcrumb\",\"itemListElement\":[{\"@type\":\"ListItem\",\"position\":1,\"name\":\"Home\",\"item\":\"https:\/\/yoopies.fr\/c\/\"},{\"@type\":\"ListItem\",\"position\":2,\"name\":\"Service de m\u00e9nage\"}]},{\"@type\":\"WebSite\",\"@id\":\"https:\/\/yoopies.fr\/c\/#website\",\"url\":\"https:\/\/yoopies.fr\/c\/\",\"name\":\"Le Blog Yoopies\",\"description\":\"\",\"publisher\":{\"@id\":\"https:\/\/yoopies.fr\/c\/#organization\"},\"potentialAction\":[{\"@type\":\"SearchAction\",\"target\":{\"@type\":\"EntryPoint\",\"urlTemplate\":\"https:\/\/yoopies.fr\/c\/?s={search_term_string}\"},\"query-input\":{\"@type\":\"PropertyValueSpecification\",\"valueRequired\":true,\"valueName\":\"search_term_string\"}}],\"inLanguage\":\"fr-FR\"},{\"@type\":\"Organization\",\"@id\":\"https:\/\/yoopies.fr\/c\/#organization\",\"name\":\"Le Blog Yoopies\",\"url\":\"https:\/\/yoopies.fr\/c\/\",\"logo\":{\"@type\":\"ImageObject\",\"inLanguage\":\"fr-FR\",\"@id\":\"https:\/\/yoopies.fr\/c\/#\/schema\/logo\/image\/\",\"url\":\"https:\/\/yoopies.fr\/c\/wp-content\/uploads\/2025\/04\/cropped-Logo_Yoopies-2.png\",\"contentUrl\":\"https:\/\/yoopies.fr\/c\/wp-content\/uploads\/2025\/04\/cropped-Logo_Yoopies-2.png\",\"width\":512,\"height\":512,\"caption\":\"Le Blog Yoopies\"},\"image\":{\"@id\":\"https:\/\/yoopies.fr\/c\/#\/schema\/logo\/image\/\"}}]}<\/script>\n<!-- \/ Yoast SEO plugin. -->","yoast_head_json":{"title":"M\u00e9nage - Informations","description":"Vous \u00eates un intervenant pour faire du m\u00e9nage \u00e0 domicile ? Vous trouverez dans ces articles les r\u00e9ponses \u00e0 toutes vos questions.","robots":{"index":"index","follow":"follow","max-snippet":"max-snippet:-1","max-image-preview":"max-image-preview:large","max-video-preview":"max-video-preview:-1"},"canonical":"https:\/\/yoopies.fr\/c\/menage-information\/","og_locale":"fr_FR","og_type":"article","og_title":"M\u00e9nage - Informations","og_description":"Vous \u00eates un intervenant pour faire du m\u00e9nage \u00e0 domicile ? Vous trouverez dans ces articles les r\u00e9ponses \u00e0 toutes vos questions.","og_url":"https:\/\/yoopies.fr\/c\/menage-information\/","og_site_name":"Le Blog Yoopies","article_modified_time":"2025-06-12T07:59:08+00:00","og_image":[{"width":1200,"height":800,"url":"https:\/\/yoopies.fr\/c\/wp-content\/uploads\/2023\/08\/3b87a55e-043c-42f4-89e9-e75f19d4f8dd-pexels-karolina-grabowska-4239112.jpg","type":"image\/jpeg"}],"twitter_card":"summary_large_image","twitter_misc":{"Dur\u00e9e de lecture estim\u00e9e":"4 minutes"},"schema":{"@context":"https:\/\/schema.org","@graph":[{"@type":"WebPage","@id":"https:\/\/yoopies.fr\/c\/menage-information\/","url":"https:\/\/yoopies.fr\/c\/menage-information\/","name":"M\u00e9nage - Informations","isPartOf":{"@id":"https:\/\/yoopies.fr\/c\/#website"},"primaryImageOfPage":{"@id":"https:\/\/yoopies.fr\/c\/menage-information\/#primaryimage"},"image":{"@id":"https:\/\/yoopies.fr\/c\/menage-information\/#primaryimage"},"thumbnailUrl":"https:\/\/yoopies.fr\/c\/wp-content\/uploads\/2023\/08\/3b87a55e-043c-42f4-89e9-e75f19d4f8dd-pexels-karolina-grabowska-4239112.jpg","datePublished":"2023-08-21T12:19:10+00:00","dateModified":"2025-06-12T07:59:08+00:00","description":"Vous \u00eates un intervenant pour faire du m\u00e9nage \u00e0 domicile ? Vous trouverez dans ces articles les r\u00e9ponses \u00e0 toutes vos questions.","breadcrumb":{"@id":"https:\/\/yoopies.fr\/c\/menage-information\/#breadcrumb"},"inLanguage":"fr-FR","potentialAction":[{"@type":"ReadAction","target":["https:\/\/yoopies.fr\/c\/menage-information\/"]}]},{"@type":"ImageObject","inLanguage":"fr-FR","@id":"https:\/\/yoopies.fr\/c\/menage-information\/#primaryimage","url":"https:\/\/yoopies.fr\/c\/wp-content\/uploads\/2023\/08\/3b87a55e-043c-42f4-89e9-e75f19d4f8dd-pexels-karolina-grabowska-4239112.jpg","contentUrl":"https:\/\/yoopies.fr\/c\/wp-content\/uploads\/2023\/08\/3b87a55e-043c-42f4-89e9-e75f19d4f8dd-pexels-karolina-grabowska-4239112.jpg","width":1200,"height":800},{"@type":"BreadcrumbList","@id":"https:\/\/yoopies.fr\/c\/menage-information\/#breadcrumb","itemListElement":[{"@type":"ListItem","position":1,"name":"Home","item":"https:\/\/yoopies.fr\/c\/"},{"@type":"ListItem","position":2,"name":"Service de m\u00e9nage"}]},{"@type":"WebSite","@id":"https:\/\/yoopies.fr\/c\/#website","url":"https:\/\/yoopies.fr\/c\/","name":"Le Blog Yoopies","description":"","publisher":{"@id":"https:\/\/yoopies.fr\/c\/#organization"},"potentialAction":[{"@type":"SearchAction","target":{"@type":"EntryPoint","urlTemplate":"https:\/\/yoopies.fr\/c\/?s={search_term_string}"},"query-input":{"@type":"PropertyValueSpecification","valueRequired":true,"valueName":"search_term_string"}}],"inLanguage":"fr-FR"},{"@type":"Organization","@id":"https:\/\/yoopies.fr\/c\/#organization","name":"Le Blog Yoopies","url":"https:\/\/yoopies.fr\/c\/","logo":{"@type":"ImageObject","inLanguage":"fr-FR","@id":"https:\/\/yoopies.fr\/c\/#\/schema\/logo\/image\/","url":"https:\/\/yoopies.fr\/c\/wp-content\/uploads\/2025\/04\/cropped-Logo_Yoopies-2.png","contentUrl":"https:\/\/yoopies.fr\/c\/wp-content\/uploads\/2025\/04\/cropped-Logo_Yoopies-2.png","width":512,"height":512,"caption":"Le Blog Yoopies"},"image":{"@id":"https:\/\/yoopies.fr\/c\/#\/schema\/logo\/image\/"}}]}},"_links":{"self":[{"href":"https:\/\/yoopies.fr\/c\/wp-json\/wp\/v2\/pages\/244","targetHints":{"allow":["GET"]}}],"collection":[{"href":"https:\/\/yoopies.fr\/c\/wp-json\/wp\/v2\/pages"}],"about":[{"href":"https:\/\/yoopies.fr\/c\/wp-json\/wp\/v2\/types\/page"}],"author":[{"embeddable":true,"href":"https:\/\/yoopies.fr\/c\/wp-json\/wp\/v2\/users\/10"}],"replies":[{"embeddable":true,"href":"https:\/\/yoopies.fr\/c\/wp-json\/wp\/v2\/comments?post=244"}],"version-history":[{"count":1,"href":"https:\/\/yoopies.fr\/c\/wp-json\/wp\/v2\/pages\/244\/revisions"}],"predecessor-version":[{"id":247,"href":"https:\/\/yoopies.fr\/c\/wp-json\/wp\/v2\/pages\/244\/revisions\/247"}],"wp:featuredmedia":[{"embeddable":true,"href":"https:\/\/yoopies.fr\/c\/wp-json\/wp\/v2\/media\/246"}],"wp:attachment":[{"href":"https:\/\/yoopies.fr\/c\/wp-json\/wp\/v2\/media?parent=244"}],"curies":[{"name":"wp","href":"https:\/\/api.w.org\/{rel}","templated":true}]}}