{"id":235,"date":"2023-08-21T12:25:31","date_gmt":"2023-08-21T12:25:31","guid":{"rendered":"https:\/\/blog.yoopies.fr\/conseil-de-revisions-vacances-scolaires\/"},"modified":"2025-06-12T07:59:08","modified_gmt":"2025-06-12T07:59:08","slug":"conseil-de-revisions-vacances-scolaires","status":"publish","type":"page","link":"https:\/\/yoopies.fr\/c\/conseil-de-revisions-vacances-scolaires\/","title":{"rendered":"Vacances de la Toussaint : Conseil de r\u00e9vision avec Yoopies"},"content":{"rendered":"<p><p><strong>Vacances de la Toussaint<\/strong> : &ccedil;a y est, c&rsquo;est enfin le moment pour votre enfant de se reposer pour recharger ses batteries ! On entre dans une p&eacute;riode froide, plus sombre, avec bient&ocirc;t, un changement d&rsquo;heure. Alors priorit&eacute;, avant tout, &agrave; <strong>la sant&eacute;, au bien &ecirc;tre et au repos ! <\/strong>Les vacances de la Toussaint sont une occasion pour votre enfant de souffler, de profiter de son temps libre pour se d&eacute;contracter, se divertir et passer de bons moments avec ses amis.<\/p>\n<\/p>\n<p class=\"block-img\"><img decoding=\"async\" src=\"https:\/\/yoopies.fr\/c\/wp-content\/uploads\/2023\/08\/eebd0e18-0615-4c73-afe0-d17b45ea9e5c_pexels-alena-darmel-903729628129.jpg\" alt=\"R&eacute;viser pendant les vacances de la toussaint \"><\/p>\n<h2><strong>Vacances de la Toussaint :&nbsp;Petit bilan en cette fin de premi&egrave;re p&eacute;riode ! \u2705<\/strong><\/h2>\n<\/p>\n<p>Il est important aujourd&rsquo;hui de fournir un <strong>travail s&eacute;rieux et r&eacute;gulier<\/strong> tout au long de l&rsquo;ann&eacute;e scolaire. Les professeurs font beaucoup de r&eacute;visions en classe jusqu&rsquo;&agrave; la Toussaint, surtout en primaire. Ensuite, le programme d&eacute;marre r&eacute;ellement et il est possible que vous observiez chez votre enfant plus de difficult&eacute;s &agrave; aborder des nouveaut&eacute;s. La premi&egrave;re partie de l&rsquo;ann&eacute;e scolaire vient de s&rsquo;achever : faire <strong>un bilan des acquis<\/strong> permettra &agrave; votre enfant de s&rsquo;assurer que ces savoirs et ces comp&eacute;tences sont bien en place. Installez-vous dans un endroit calme avec votre enfant et prenez le temps de <strong>communiquer<\/strong> avec lui pour savoir o&ugrave; il en est.<\/p>\n<p>Regardez avec lui les <strong>premi&egrave;res notes et annotations port&eacute;es sur ces travaux<\/strong>. Si votre enfant est en primaire, et que ses notes sont mauvaises, c&rsquo;est qu&rsquo;il a s&ucirc;rement des difficult&eacute;s de compr&eacute;hension. Relativisez ! Votre attitude face &agrave; cette &eacute;preuve peut avoir une tr&egrave;s forte influence sur la motivation de votre enfant. Soulignez plut&ocirc;t <strong>ses progre\u0300s<\/strong> : vous verrez que votre enfant sera convaincu qu&rsquo;il peut y arriver. Encourager son enfant est primordial. Ne sur-r&eacute;agissez pas, mais ne minimisez pas. <\/p>\n<p>Si votre enfant est au coll&egrave;ge ou au lyc&eacute;e, de nombreux facteurs peuvent expliquer les mauvaises notes comme leur environnement : t&eacute;l&eacute;phone portable, t&eacute;l&eacute;vision, ordinateurs, PlayStation envahissent d&eacute;sormais le quotidien de nos ados. Si votre enfant passe beaucoup de temps devant ces &eacute;crans, profitez de ces vacances pour le <strong>recadrer<\/strong>. Commencez par <strong>revoir son cadre et ses conditions de travail<\/strong> : r&eacute;gulez les heures devant le t&eacute;l&eacute;phone et l&rsquo;ordinateur, faites un point avec le professeur principal en cas d&rsquo;avertissement, songez au soutien scolaire pour une remise &agrave; niveau. <\/p>\n<p>Ce bilan des vacances de la Toussaint doit permettre &agrave; votre enfant de reprendre le bon chemin &agrave; partir de la rentr&eacute;e. <\/p>\n<\/p>\n<h2><strong>R&eacute;viser pendant les vacances : les meilleurs Tips ! ?<\/strong><\/h2>\n<\/p>\n<p><strong>R&eacute;viser pendant les vacances<\/strong>, c&rsquo;est bien, mais profiter des vacances pour s&rsquo;amuser, c&rsquo;est mieux ! N&rsquo;oublions pas que les enfants, quel que soit leur &acirc;ge, ont plut&ocirc;t envie de profiter de leurs vacances scolaires que de se remettre dans leurs cahiers de cours. Vous devez les <strong>motiver astucieusement <\/strong>pour qu&rsquo;ils puissent s&rsquo;y mettre sans pression : le but est de maintenir les m&eacute;canismes intellectuels fonctionnels et de garder la m&eacute;moire fra&icirc;che.<\/p>\n<\/p>\n<h3><strong>Un emploi du temps pour mieux r&eacute;viser ?<\/strong><\/h3>\n<\/p>\n<p>Pour &eacute;viter la saturation , organisez avec votre enfant un<strong> emploi du temps<\/strong> pour ne pas empi&eacute;ter sur ces vacances.<\/p>\n<p>Organiser un emploi du temps est une bonne solution pendant les vacances scolaires afin d&rsquo;aider votre enfant &agrave; atteindre ses objectifs dans les d&eacute;lais qu&rsquo;il se sera fix&eacute;s. Ainsi, dans cette<strong>  <em>to-do-list<\/em>, <\/strong>on s&eacute;pare bien les moments de d&eacute;tente et les moments de travail. Vous pouvez d&eacute;terminer avec lui les horaires et la dur&eacute;e des s&eacute;ances de r&eacute;vision pendant les vacances scolaires. Commencez par les mati&egrave;res qu&rsquo;il aime le moins ou celles o&ugrave; il rencontre des difficult&eacute;s car celles-ci demandent plus de concentration.<\/p>\n<p>Pr&eacute;conisez plut&ocirc;t les matin&eacute;es pour les r&eacute;visions de votre enfant : c&rsquo;est le matin que le cerveau est le plus performant. Au r&eacute;veil, l&rsquo;attention est minimale, mais cro&icirc;t tout au long de la matin&eacute;e. Ainsi, il pourrait commencer les r&eacute;visions &agrave; 10h du matin et profiter pleinement du reste de la journ&eacute;e &agrave; se d&eacute;tendre. Si vous estimez que votre enfant travaille mieux l&rsquo;apr&egrave;s-midi, faites le contraire. &Eacute;vitez toutefois, l&rsquo;heure qui suit le d&eacute;jeuner. Il est pr&eacute;f&eacute;rable dans ce cas de faire une petite sieste et de d&eacute;marrer les r&eacute;visions juste apr&egrave;s. Le but est d&rsquo;y<strong> d&eacute;dier des demi-journ&eacute;es <\/strong>et non des journ&eacute;es enti&egrave;res. Car oui n&rsquo;oublions pas, les vacances c&rsquo;est sacr&eacute; !&nbsp;<\/p>\n<p>L&rsquo;application<strong>  <\/strong><a target=\"_blank\" rel=\"noopener\" href=\"https:\/\/www.mystudylife.com\/\">My Study Life<\/a> est particuli&egrave;rement bien faite, car votre enfant pourra non seulement <strong>organiser ses r&eacute;visions au jour le jour et y avoir acc&egrave;s sur n&rsquo;importe quel support<\/strong>, mais aussi noter son avancement et fixer des deadlines.<\/p>\n<\/p>\n<h3><strong>Vacances de la Toussaint : Fiche de r&eacute;vision ?<\/strong><\/h3>\n<\/p>\n<p>Pour r&eacute;viser efficacement, vous pouvez aider votre enfant &agrave; construire <strong>des fiches de r&eacute;visions <\/strong>qui r&eacute;sument le cours ! <\/p>\n<p>Il faut avant tout d&eacute;terminer de quelle mani&egrave;re fonctionne le cerveau de votre enfant.  Les r&eacute;visions peuvent &ecirc;tre longues, alors le but est de ne pas perdre de temps ! Ce ne serait pas malin de se lancer dans une m&eacute;thode qui ne lui convient pas.<\/p>\n<p>Il existe <strong>trois grands profils d&rsquo;apprentissage<\/strong> principaux propos&eacute;s par Neil D. Fleming et Colleen Mills en 1992 : le <strong>profil visuel<\/strong> (ce que l&rsquo;on voit), le <strong>profil auditif<\/strong> (ce que l&rsquo;on entend) et le <strong>profil kinesth&eacute;sique<\/strong> (ce que l&rsquo;on ressent). Ils d&eacute;terminent nos principaux canaux de m&eacute;morisation. Chacun poss&egrave;de plusieurs de ces profils d&rsquo;apprentissage mais n&rsquo;en favorise souvent qu&rsquo;un. Savoir si votre enfant est visuel, auditif ou kinesth&eacute;sique lui permettra d&rsquo;optimiser ses r&eacute;visions. <\/p>\n<p>Si <strong>votre enfant est de profil visuel<\/strong>, les fiches de r&eacute;visions et les flashcards peuvent &ecirc;tre d&rsquo;une importance capitale. Il est alors du genre &agrave; visualiser dans sa t&ecirc;te un probl&egrave;me pour pouvoir le r&eacute;soudre : il aura ainsi besoin de <strong>couleurs<\/strong>, de <strong>sch&eacute;mas<\/strong>, d<strong>&lsquo;organigrammes<\/strong>. <\/p>\n<p>S&rsquo;il a une <strong>m&eacute;moire plut&ocirc;t auditive<\/strong>, faire des fiches de r&eacute;visions n&rsquo;est peut &ecirc;tre pas adapt&eacute;. Vous pouvez par exemple lire son cours &agrave; voix haute et lui poser ensuite des questions pour savoir s&rsquo;il a bien retenu les notions importantes.  <\/p>\n<p>Enfin, s&rsquo;il a une <strong>m&eacute;moire kinesth&eacute;sique<\/strong>, il a plut&ocirc;t tendance &agrave; donner de l&rsquo;importance aux sensations, aux &eacute;motions, &agrave; l&rsquo;esth&eacute;tique. L&rsquo;atmosph&egrave;re qui r&egrave;gne autour de lui a une vraie importance. Il aura besoin d&rsquo;aimer ce qu&rsquo;il fait pour r&eacute;ussir &agrave; m&eacute;moriser. Il aura &eacute;galement besoin de ressentir, de toucher ou de bouger, par exemple, r&eacute;viser le cours en marchant. <\/p>\n<\/p>\n<h3><strong>Comment faire une fiche de r&eacute;vision ? \u270d<\/strong><\/h3>\n<\/p>\n<p>Les fiches de r&eacute;vision <strong>ne doivent pas &ecirc;tre une copie du cours<\/strong> : elles doivent &ecirc;tre <strong>concises et claires<\/strong>. Il faut utiliser des mots mn&eacute;motechniques afin de favoriser l&rsquo;ancrage des informations dans la m&eacute;moire &agrave; long terme. L&rsquo;utilisation des abr&eacute;viations et des acronymes forcera le cerveau &agrave; chercher l&rsquo;information.<\/p>\n<p>Dans la fiche de r&eacute;visions, il faut retrouver les <strong>principaux mots-cl&eacute;s<\/strong> du cours, les <strong>d&eacute;finitions <\/strong>&agrave; conna&icirc;tre par c&oelig;ur, les <strong>formules<\/strong>, les <strong>sch&eacute;mas <\/strong>ou encore les <strong>frises chronologiques<\/strong>. Votre enfant peut utiliser un code couleur pour diff&eacute;rencier les parties. <\/p>\n<p>Il faut penser &agrave; <strong>a&eacute;rer la fiche<\/strong>. Pour cela, il faudra conna&icirc;tre en amont le cours. Si votre enfant se lance dans la r&eacute;daction de ses fiches sans avoir appris le cours, il sera alors tent&eacute; de mettre un maximum d&rsquo;informations. Enfin, une fois les fiches termin&eacute;es, il faut penser &agrave; les <strong>num&eacute;roter<\/strong>. Ils pourront ainsi toujours les remettre dans l&rsquo;ordre peu importe ce qu&rsquo;elles subissent !  ?<\/p>\n<h3><\/h3>\n<h2><strong>Transformer le t&eacute;l&eacute;phone et la tablette en outil de r&eacute;vision? <\/strong><\/h2>\n<\/p>\n<p>Votre enfant est addict aux &eacute;crans ?  Pourquoi ne pas en profiter pour transformer son t&eacute;l&eacute;phone ou sa tablette en outil d&rsquo;apprentissage&nbsp;?<\/p>\n<\/p>\n<h3><strong>Application pour &eacute;viter les distractions ?<\/strong><\/h3>\n<\/p>\n<p>Si votre enfant a tendance &agrave; &ecirc;tre distrait par son t&eacute;l&eacute;phone, il existe l&rsquo;application <a target=\"_blank\" rel=\"noopener\" href=\"https:\/\/play.google.com\/store\/apps\/details?id=cc.forestapp&amp;hl=en&amp;gl=US\">Forest<\/a>. Le principe ? D&egrave;s qu&rsquo;il commence ses r&eacute;visions, il lance l&rsquo;application et il \u00ab\u00a0plante\u00a0\u00bb un arbre virtuel. S&rsquo;il ne touche pas &agrave; son t&eacute;l&eacute;phone pendant une demi-heure, l&rsquo;arbre grandit et est r&eacute;ellement replant&eacute; dans la vie r&eacute;elle, ce qui lui permet de participer en m&ecirc;me temps &agrave; la reforestation. Tout de suite, &ccedil;a motive, n&rsquo;est-ce pas ? <\/p>\n<\/p>\n<h3><strong>Applications pour s&rsquo;entra&icirc;ner avant la reprise  ?<\/strong><\/h3>\n<\/p>\n<p>S&rsquo;entra&icirc;ner lui permettra de <strong>v&eacute;rifier qu&rsquo;il a bien assimil&eacute; et compris les cours<\/strong>. Et la meilleure mani&egrave;re de le faire est en r&eacute;pondant &agrave; des quiz. <\/p>\n<p>L&rsquo;application <a target=\"_blank\" rel=\"noopener\" href=\"https:\/\/https:\/\/pilipop.com\/fr\/\">Pili Pop<\/a>, permettra &agrave; votre enfant de <strong>r&eacute;viser l&rsquo;anglais<\/strong>. Color&eacute;e et fun, l&rsquo;application permet de travailler sur l&rsquo;oral et la prononciation des mots aux enfants de 5 &agrave; 8 ans. <\/p>\n<p>L&rsquo;application <a target=\"_blank\" rel=\"noopener\" href=\"https:\/\/mescahiersdevacances.com\/\">Mescahiersdevacances.com <\/a>propose des <strong>s&eacute;ries d&rsquo;exercices<\/strong> sur des dur&eacute;es d&rsquo;environ 30 minutes. Un espace est d&eacute;di&eacute; aux parents qui veulent suivre les r&eacute;sultats et la progression de leurs enfants.<\/p>\n<p><a href=\"https:\/\/itunes.apple.com\/fr\/app\/quiz-geant-science-vie-junior\/id897516787\">Quiz sciences<\/a>&nbsp;permet aux jeunes de tester leurs<strong> connaissances scientifiques<\/strong>.<\/p>\n<p>Les applications<a target=\"_blank\" rel=\"noopener\" href=\"https:\/\/apps.apple.com\/fr\/app\/itooch-ecole-primaire\/id529129148\"> iTooch Ecole Primaire <\/a>et<a target=\"_blank\" rel=\"noopener\" href=\"https:\/\/apps.apple.com\/fr\/app\/itooch-coll%C3%A8ge\/id570177614\"> iTooch Coll&egrave;ge<\/a> proposent de r&eacute;viser les<strong> fondamentaux en math&eacute;matiques et en fran&ccedil;ais<\/strong>, pour toutes les classes du CP &agrave; la 3&egrave;me. L&rsquo;appli contient 40 &agrave; 60 chapitres pour chaque niveau scolaire, avec un r&eacute;sum&eacute; des cours, des exemples et des dessins ainsi que 1500 &agrave; 2000 questions accompagn&eacute;es d&rsquo;indices et r&eacute;ponses d&eacute;taill&eacute;es.<\/p>\n<p>Pour les lyc&eacute;ens, l&rsquo;application<strong>  <\/strong><a target=\"_blank\" rel=\"noopener\" href=\"http:\/\/www.studyquizz.fr\/\">Study Quizz<\/a><strong>  <\/strong>propose pr&egrave;s de 7500 questions dans <strong>toutes les mati&egrave;res des fili&egrave;res ES, S, L, STMG et bac pro<\/strong>. Ils sont hi&eacute;rarchis&eacute;s par niveaux et les corrections sont r&eacute;dig&eacute;es par des professeurs.&nbsp;<\/p>\n<\/p>\n<h2><strong>Une aide au top : Cours particuliers &agrave; domicile ?&zwj;?<\/strong><\/h2>\n<\/p>\n<p>Les vacances sont l&agrave; pour s&rsquo;amuser mais ce n&rsquo;est pas vraiment une bonne id&eacute;e de&nbsp;<strong>d&eacute;connecter compl&egrave;tement du syst&egrave;me scolaire<\/strong>.<\/p>\n<p><strong>Prendre des cours particuliers durant les vacances de la Toussaint <\/strong>peut &ecirc;tre avantageux pour les &eacute;l&egrave;ves qui ont eu quelques difficult&eacute;s en d&eacute;but d&rsquo;ann&eacute;e. Ils surmonteront ainsi les probl&egrave;mes qu&rsquo;ils ont eu avant la reprise et pourront<strong>&nbsp;consolider leurs acquis<\/strong>. <\/p>\n<p>Votre enfant pourra ainsi <strong><a target=\"_blank\" rel=\"noopener\" href=\"https:\/\/yoopies.fr\/c\/prendre-cours-particuliers-domicile\/\">prendre des cours particuliers &agrave; domicile<\/a><\/strong>, avec un planning bien d&eacute;fini. Pour r&eacute;compenser les efforts fournis par vos enfants et booster leur envie de r&eacute;viser,  proposez-leur des activit&eacute;s int&eacute;rieurs ou ext&eacute;rieurs qui leur feront plaisir &agrave; coup s&ucirc;r ! <\/p>\n<p>Par exemple : \u00ab\u00a0<em>Demain, tu fais une matin&eacute;e de soutien scolaire avec ton professeur particulier et l&rsquo;apr&egrave;s-midi, on ira se d&eacute;tendre devant un film au cin&eacute;ma !<\/em>\u00ab\u00a0<\/p>\n<p><strong>La motivation &eacute;tant un &eacute;l&eacute;ment-cl&eacute; de la r&eacute;ussite scolaire<\/strong>, il est important de ne pas surcharger l&rsquo;enfant ou l&rsquo;ado de&nbsp;<strong>cours particuliers<\/strong>, au risque de le saturer trop vite ! <\/p>\n<p>Bonnes vacances &agrave; tous ! <\/p>\n<\/p>\n<p><a class=\"button\" href=\"https:\/\/yoopies.fr\/soutien-scolaire\">R\u00e9servez quelques heures de soutien scolaire avant la rentr\u00e9e ! <\/a><\/p>\n","protected":false},"excerpt":{"rendered":"<p>Vacances de la Toussaint : &ccedil;a y est, c&rsquo;est enfin le moment pour votre enfant de se reposer pour recharger &hellip; <\/p>\n","protected":false},"author":10,"featured_media":237,"parent":0,"menu_order":0,"comment_status":"closed","ping_status":"closed","template":"","meta":{"_acf_changed":false,"footnotes":""},"class_list":["post-235","page","type-page","status-publish","has-post-thumbnail","hentry"],"acf":[],"yoast_head":"<!-- This site is optimized with the Yoast SEO plugin v26.9 - https:\/\/yoast.com\/product\/yoast-seo-wordpress\/ -->\n<title>Vacances de la Toussaint : Conseil de r\u00e9vision avec Yoopies<\/title>\n<meta name=\"description\" content=\"Profitez des vacances de la Toussaint pour vous d\u00e9tendre mais aussi pour r\u00e9viser et vous remettre \u00e0 niveau.\" \/>\n<meta name=\"robots\" content=\"index, follow, max-snippet:-1, max-image-preview:large, max-video-preview:-1\" \/>\n<link rel=\"canonical\" href=\"https:\/\/yoopies.fr\/c\/conseil-de-revisions-vacances-scolaires\/\" \/>\n<meta property=\"og:locale\" content=\"fr_FR\" \/>\n<meta property=\"og:type\" content=\"article\" \/>\n<meta property=\"og:title\" content=\"Vacances de la Toussaint : Conseil de r\u00e9vision avec Yoopies\" \/>\n<meta property=\"og:description\" content=\"Profitez des vacances de la Toussaint pour vous d\u00e9tendre mais aussi pour r\u00e9viser et vous remettre \u00e0 niveau.\" \/>\n<meta property=\"og:url\" content=\"https:\/\/yoopies.fr\/c\/conseil-de-revisions-vacances-scolaires\/\" \/>\n<meta property=\"og:site_name\" content=\"Le Blog Yoopies\" \/>\n<meta property=\"article:modified_time\" content=\"2025-06-12T07:59:08+00:00\" \/>\n<meta property=\"og:image\" content=\"https:\/\/yoopies.fr\/c\/wp-content\/uploads\/2023\/08\/eebd0e18-0615-4c73-afe0-d17b45ea9e5c-pexels-alena-darmel-903729628129.jpg\" \/>\n\t<meta property=\"og:image:width\" content=\"1200\" \/>\n\t<meta property=\"og:image:height\" content=\"800\" \/>\n\t<meta property=\"og:image:type\" content=\"image\/jpeg\" \/>\n<meta name=\"twitter:card\" content=\"summary_large_image\" \/>\n<meta name=\"twitter:label1\" content=\"Dur\u00e9e de lecture estim\u00e9e\" \/>\n\t<meta name=\"twitter:data1\" content=\"11 minutes\" \/>\n<script type=\"application\/ld+json\" class=\"yoast-schema-graph\">{\"@context\":\"https:\/\/schema.org\",\"@graph\":[{\"@type\":\"WebPage\",\"@id\":\"https:\/\/yoopies.fr\/c\/conseil-de-revisions-vacances-scolaires\/\",\"url\":\"https:\/\/yoopies.fr\/c\/conseil-de-revisions-vacances-scolaires\/\",\"name\":\"Vacances de la Toussaint : Conseil de r\u00e9vision avec Yoopies\",\"isPartOf\":{\"@id\":\"https:\/\/yoopies.fr\/c\/#website\"},\"primaryImageOfPage\":{\"@id\":\"https:\/\/yoopies.fr\/c\/conseil-de-revisions-vacances-scolaires\/#primaryimage\"},\"image\":{\"@id\":\"https:\/\/yoopies.fr\/c\/conseil-de-revisions-vacances-scolaires\/#primaryimage\"},\"thumbnailUrl\":\"https:\/\/yoopies.fr\/c\/wp-content\/uploads\/2023\/08\/eebd0e18-0615-4c73-afe0-d17b45ea9e5c-pexels-alena-darmel-903729628129.jpg\",\"datePublished\":\"2023-08-21T12:25:31+00:00\",\"dateModified\":\"2025-06-12T07:59:08+00:00\",\"description\":\"Profitez des vacances de la Toussaint pour vous d\u00e9tendre mais aussi pour r\u00e9viser et vous remettre \u00e0 niveau.\",\"breadcrumb\":{\"@id\":\"https:\/\/yoopies.fr\/c\/conseil-de-revisions-vacances-scolaires\/#breadcrumb\"},\"inLanguage\":\"fr-FR\",\"potentialAction\":[{\"@type\":\"ReadAction\",\"target\":[\"https:\/\/yoopies.fr\/c\/conseil-de-revisions-vacances-scolaires\/\"]}]},{\"@type\":\"ImageObject\",\"inLanguage\":\"fr-FR\",\"@id\":\"https:\/\/yoopies.fr\/c\/conseil-de-revisions-vacances-scolaires\/#primaryimage\",\"url\":\"https:\/\/yoopies.fr\/c\/wp-content\/uploads\/2023\/08\/eebd0e18-0615-4c73-afe0-d17b45ea9e5c-pexels-alena-darmel-903729628129.jpg\",\"contentUrl\":\"https:\/\/yoopies.fr\/c\/wp-content\/uploads\/2023\/08\/eebd0e18-0615-4c73-afe0-d17b45ea9e5c-pexels-alena-darmel-903729628129.jpg\",\"width\":1200,\"height\":800},{\"@type\":\"BreadcrumbList\",\"@id\":\"https:\/\/yoopies.fr\/c\/conseil-de-revisions-vacances-scolaires\/#breadcrumb\",\"itemListElement\":[{\"@type\":\"ListItem\",\"position\":1,\"name\":\"Home\",\"item\":\"https:\/\/yoopies.fr\/c\/\"},{\"@type\":\"ListItem\",\"position\":2,\"name\":\"Vacances de la Toussaint : Conseil de r\u00e9vision avec Yoopies\"}]},{\"@type\":\"WebSite\",\"@id\":\"https:\/\/yoopies.fr\/c\/#website\",\"url\":\"https:\/\/yoopies.fr\/c\/\",\"name\":\"Le Blog Yoopies\",\"description\":\"\",\"publisher\":{\"@id\":\"https:\/\/yoopies.fr\/c\/#organization\"},\"potentialAction\":[{\"@type\":\"SearchAction\",\"target\":{\"@type\":\"EntryPoint\",\"urlTemplate\":\"https:\/\/yoopies.fr\/c\/?s={search_term_string}\"},\"query-input\":{\"@type\":\"PropertyValueSpecification\",\"valueRequired\":true,\"valueName\":\"search_term_string\"}}],\"inLanguage\":\"fr-FR\"},{\"@type\":\"Organization\",\"@id\":\"https:\/\/yoopies.fr\/c\/#organization\",\"name\":\"Le Blog Yoopies\",\"url\":\"https:\/\/yoopies.fr\/c\/\",\"logo\":{\"@type\":\"ImageObject\",\"inLanguage\":\"fr-FR\",\"@id\":\"https:\/\/yoopies.fr\/c\/#\/schema\/logo\/image\/\",\"url\":\"https:\/\/yoopies.fr\/c\/wp-content\/uploads\/2025\/04\/cropped-Logo_Yoopies-2.png\",\"contentUrl\":\"https:\/\/yoopies.fr\/c\/wp-content\/uploads\/2025\/04\/cropped-Logo_Yoopies-2.png\",\"width\":512,\"height\":512,\"caption\":\"Le Blog Yoopies\"},\"image\":{\"@id\":\"https:\/\/yoopies.fr\/c\/#\/schema\/logo\/image\/\"}}]}<\/script>\n<!-- \/ Yoast SEO plugin. -->","yoast_head_json":{"title":"Vacances de la Toussaint : Conseil de r\u00e9vision avec Yoopies","description":"Profitez des vacances de la Toussaint pour vous d\u00e9tendre mais aussi pour r\u00e9viser et vous remettre \u00e0 niveau.","robots":{"index":"index","follow":"follow","max-snippet":"max-snippet:-1","max-image-preview":"max-image-preview:large","max-video-preview":"max-video-preview:-1"},"canonical":"https:\/\/yoopies.fr\/c\/conseil-de-revisions-vacances-scolaires\/","og_locale":"fr_FR","og_type":"article","og_title":"Vacances de la Toussaint : Conseil de r\u00e9vision avec Yoopies","og_description":"Profitez des vacances de la Toussaint pour vous d\u00e9tendre mais aussi pour r\u00e9viser et vous remettre \u00e0 niveau.","og_url":"https:\/\/yoopies.fr\/c\/conseil-de-revisions-vacances-scolaires\/","og_site_name":"Le Blog Yoopies","article_modified_time":"2025-06-12T07:59:08+00:00","og_image":[{"width":1200,"height":800,"url":"https:\/\/yoopies.fr\/c\/wp-content\/uploads\/2023\/08\/eebd0e18-0615-4c73-afe0-d17b45ea9e5c-pexels-alena-darmel-903729628129.jpg","type":"image\/jpeg"}],"twitter_card":"summary_large_image","twitter_misc":{"Dur\u00e9e de lecture estim\u00e9e":"11 minutes"},"schema":{"@context":"https:\/\/schema.org","@graph":[{"@type":"WebPage","@id":"https:\/\/yoopies.fr\/c\/conseil-de-revisions-vacances-scolaires\/","url":"https:\/\/yoopies.fr\/c\/conseil-de-revisions-vacances-scolaires\/","name":"Vacances de la Toussaint : Conseil de r\u00e9vision avec Yoopies","isPartOf":{"@id":"https:\/\/yoopies.fr\/c\/#website"},"primaryImageOfPage":{"@id":"https:\/\/yoopies.fr\/c\/conseil-de-revisions-vacances-scolaires\/#primaryimage"},"image":{"@id":"https:\/\/yoopies.fr\/c\/conseil-de-revisions-vacances-scolaires\/#primaryimage"},"thumbnailUrl":"https:\/\/yoopies.fr\/c\/wp-content\/uploads\/2023\/08\/eebd0e18-0615-4c73-afe0-d17b45ea9e5c-pexels-alena-darmel-903729628129.jpg","datePublished":"2023-08-21T12:25:31+00:00","dateModified":"2025-06-12T07:59:08+00:00","description":"Profitez des vacances de la Toussaint pour vous d\u00e9tendre mais aussi pour r\u00e9viser et vous remettre \u00e0 niveau.","breadcrumb":{"@id":"https:\/\/yoopies.fr\/c\/conseil-de-revisions-vacances-scolaires\/#breadcrumb"},"inLanguage":"fr-FR","potentialAction":[{"@type":"ReadAction","target":["https:\/\/yoopies.fr\/c\/conseil-de-revisions-vacances-scolaires\/"]}]},{"@type":"ImageObject","inLanguage":"fr-FR","@id":"https:\/\/yoopies.fr\/c\/conseil-de-revisions-vacances-scolaires\/#primaryimage","url":"https:\/\/yoopies.fr\/c\/wp-content\/uploads\/2023\/08\/eebd0e18-0615-4c73-afe0-d17b45ea9e5c-pexels-alena-darmel-903729628129.jpg","contentUrl":"https:\/\/yoopies.fr\/c\/wp-content\/uploads\/2023\/08\/eebd0e18-0615-4c73-afe0-d17b45ea9e5c-pexels-alena-darmel-903729628129.jpg","width":1200,"height":800},{"@type":"BreadcrumbList","@id":"https:\/\/yoopies.fr\/c\/conseil-de-revisions-vacances-scolaires\/#breadcrumb","itemListElement":[{"@type":"ListItem","position":1,"name":"Home","item":"https:\/\/yoopies.fr\/c\/"},{"@type":"ListItem","position":2,"name":"Vacances de la Toussaint : Conseil de r\u00e9vision avec Yoopies"}]},{"@type":"WebSite","@id":"https:\/\/yoopies.fr\/c\/#website","url":"https:\/\/yoopies.fr\/c\/","name":"Le Blog Yoopies","description":"","publisher":{"@id":"https:\/\/yoopies.fr\/c\/#organization"},"potentialAction":[{"@type":"SearchAction","target":{"@type":"EntryPoint","urlTemplate":"https:\/\/yoopies.fr\/c\/?s={search_term_string}"},"query-input":{"@type":"PropertyValueSpecification","valueRequired":true,"valueName":"search_term_string"}}],"inLanguage":"fr-FR"},{"@type":"Organization","@id":"https:\/\/yoopies.fr\/c\/#organization","name":"Le Blog Yoopies","url":"https:\/\/yoopies.fr\/c\/","logo":{"@type":"ImageObject","inLanguage":"fr-FR","@id":"https:\/\/yoopies.fr\/c\/#\/schema\/logo\/image\/","url":"https:\/\/yoopies.fr\/c\/wp-content\/uploads\/2025\/04\/cropped-Logo_Yoopies-2.png","contentUrl":"https:\/\/yoopies.fr\/c\/wp-content\/uploads\/2025\/04\/cropped-Logo_Yoopies-2.png","width":512,"height":512,"caption":"Le Blog Yoopies"},"image":{"@id":"https:\/\/yoopies.fr\/c\/#\/schema\/logo\/image\/"}}]}},"_links":{"self":[{"href":"https:\/\/yoopies.fr\/c\/wp-json\/wp\/v2\/pages\/235","targetHints":{"allow":["GET"]}}],"collection":[{"href":"https:\/\/yoopies.fr\/c\/wp-json\/wp\/v2\/pages"}],"about":[{"href":"https:\/\/yoopies.fr\/c\/wp-json\/wp\/v2\/types\/page"}],"author":[{"embeddable":true,"href":"https:\/\/yoopies.fr\/c\/wp-json\/wp\/v2\/users\/10"}],"replies":[{"embeddable":true,"href":"https:\/\/yoopies.fr\/c\/wp-json\/wp\/v2\/comments?post=235"}],"version-history":[{"count":1,"href":"https:\/\/yoopies.fr\/c\/wp-json\/wp\/v2\/pages\/235\/revisions"}],"predecessor-version":[{"id":238,"href":"https:\/\/yoopies.fr\/c\/wp-json\/wp\/v2\/pages\/235\/revisions\/238"}],"wp:featuredmedia":[{"embeddable":true,"href":"https:\/\/yoopies.fr\/c\/wp-json\/wp\/v2\/media\/237"}],"wp:attachment":[{"href":"https:\/\/yoopies.fr\/c\/wp-json\/wp\/v2\/media?parent=235"}],"curies":[{"name":"wp","href":"https:\/\/api.w.org\/{rel}","templated":true}]}}