{"id":231,"date":"2023-08-21T12:18:07","date_gmt":"2023-08-21T12:18:07","guid":{"rendered":"https:\/\/blog.yoopies.fr\/repassage-corvee-ou-plaisir\/"},"modified":"2025-06-12T07:59:08","modified_gmt":"2025-06-12T07:59:08","slug":"repassage-corvee-ou-plaisir","status":"publish","type":"page","link":"https:\/\/yoopies.fr\/c\/repassage-corvee-ou-plaisir\/","title":{"rendered":"Repassage : plut\u00f4t une corv\u00e9e ou un plaisir ?"},"content":{"rendered":"<p><p>Faites-vous partie des personnes qui per&ccedil;oivent le <strong>m&eacute;nage <\/strong>comme une t&acirc;che relaxante ? Le repassage est l&rsquo;une des activit&eacute;s m&eacute;nag&egrave;res qui prend le plus de temps. Certaines personnes le vivent m&ecirc;me comme une corv&eacute;e. Et si cette corv&eacute;e devenait finalement un plaisir&nbsp;? Il existe quelques techniques qui vous aideront &agrave;<strong> repasser les v&ecirc;tements <\/strong>sans perdre la t&ecirc;te, lorsque votre aide m&eacute;nag&egrave;re n&rsquo;est pas l&agrave; ! <\/p>\n<\/p>\n<p class=\"block-img\"><img decoding=\"async\" src=\"https:\/\/yoopies.fr\/c\/wp-content\/uploads\/2023\/08\/804059d4-15e7-4724-b12b-06065e378053_pexels-cottonbro-410722628129.jpg\" alt=\"\"><\/p>\n<h2><strong>Tips 1 : Regarder une s&eacute;rie ou un film pendant le repassage ?<\/strong><\/h2>\n<\/p>\n<p>Pas n&rsquo;importe lequel ! Un film o&ugrave; il est possible de zapper quelques plans, car le but est de se divertir tout en gardant la majeure partie de votre attention sur vos v&ecirc;tements. Alors, pas de film avec une intrigue trop compliqu&eacute;e, pas de s&eacute;ries avec l&rsquo;histoire dans l&rsquo;histoire de l&rsquo;histoire. On n&rsquo;oublie aussi peut-&ecirc;tre les sous-titres ? A moins d&rsquo;&ecirc;tre au top en anglais. On oublie aussi les histoires trop plombantes pour le moral non? Il est mieux d&rsquo;&eacute;viter de se rajouter un drame et pleurer sur son linge sec.<\/p>\n<p>Souriez ! On vous a pr&eacute;par&eacute; une liste pour un <strong>repassage &agrave; domicile devant Netflix<\/strong> ! ?&zwj;\u2640\ufe0f\u2728<\/p>\n<ol>\n<li>Santa Clarita Diet, un couple d&rsquo;agents immobiliers dans une banlieue de Los Angeles<\/li>\n<li>Glow, Gorgeous Ladies Of Wresling : Les superbes dames du catch.<\/li>\n<li>The Good Place, une histoire de paradis <\/li>\n<li>Dynasty, un remake de la s&eacute;rie originale sur les probl&egrave;mes de milliardaires. <\/li>\n<li>Riverdale, des ados, des meurtres, des myst&egrave;res dans une ville am&eacute;ricaine<\/li>\n<li>Les nouvelles aventures de Sabrina, une histoire d&rsquo;ado sorci&egrave;re.<\/li>\n<li>Good Girls, les drames de trois m&egrave;res de famille.<\/li>\n<li>Babysitting, la soir&eacute;e d&rsquo;un baby-sitter qui d&eacute;g&eacute;n&egrave;re<\/li>\n<li>The Nice Guys, l&rsquo;histoire d&rsquo;un d&eacute;tective priv&eacute;<\/li>\n<li>Un peu, beaucoup, aveugl&eacute;ment, une com&eacute;die romantique sur une brillante pianiste<\/li>\n<\/ol>\n<h2><strong>Tips 2 : Profitez des heures de repassage pour vous muscler ?\ufe0f&zwj;\u2640\ufe0f<\/strong><\/h2>\n<\/p>\n<p>On ne vous a pas dit que \u00ab\u00a0repassage\u00a0\u00bb rimait avec sport de haut niveau ? Utilisez vos heures de repassages pour vous muscler et vous affiner devant la table &agrave; repasser avec un peu de musique ! <\/p>\n<p>Votre planche est d&eacute;pli&eacute;e et votre fer &agrave; repasser est allum&eacute; ? Alors, c&rsquo;est parti&nbsp;! Voici quelques exercices &agrave; faire pendant votre repassage pour transformer la corv&eacute;e en s&eacute;ance de gym !<\/p>\n<ol>\n<li>Les demi-pointes :  Contractez tous les  muscles du corps, baissez vos &eacute;paules, d&eacute;collez les talons du sol et faites passer le poids du corps sur la plante des pieds. Restez sur la pointe des pieds pendant 5 &agrave; 10 secondes puis reposez les talons au sol.&nbsp;Et maintenant, recommencez et r&eacute;p&eacute;tez l&rsquo;exercice 5 fois. <\/li>\n<li>Les &eacute;l&eacute;vations lat&eacute;rales jambes tendues : &Eacute;cartez les jambes &agrave; la largeur des &eacute;paules, en les gardant face &agrave; votre table &agrave; repasser. &Eacute;levez lat&eacute;ralement la jambe vers le haut, et gainez durant tout l&rsquo;exercice. Revenez ensuite &agrave; la position initiale sans tout de m&ecirc;me poser la jambe au sol. Recommencez ce mouvement une dizaine de fois, puis changez de jambe.<\/li>\n<li>Squats challenge : S&eacute;parez les jambes et maintenez-les, align&eacute;es avec les hanches. Pliez ensuite vos genoux en vous abaissant, en gardant le dos droit et surtout en contractant vos abdominaux. <\/li>\n<li>Les fentes : Tenez vous debout, dos bien droit, les pieds &eacute;cart&eacute;s environ &agrave; la largeur du bassin. Faites un pas en avant avec le pied droit puis fl&eacute;chissez les jambes jusqu&rsquo;&agrave; ce que le genou gauche forme un angle droit. Le talon de la jambe arri&egrave;re doit &ecirc;tre d&eacute;coll&eacute; du sol et l&eacute;g&egrave;rement tourn&eacute; vers l&rsquo;ext&eacute;rieur. Redressez-vous ensuite, en poussant sur le pied gauche pour revenir &agrave; la position de d&eacute;part. R&eacute;p&eacute;tez l&rsquo;exercice 10 fois avant de changer de jambes<\/li>\n<li>Objectif taille fine : Effectuez dix rotations lentes de votre taille pendant que vous repassez, dans un sens puis dans l&rsquo;autre. R&eacute;p&eacute;tez cet exercice trois fois.<\/li>\n<\/ol>\n<h2><strong>Tips 3 : Moment de beaut&eacute; pendant le repassage, &ccedil;a vous dit ? ?&zwj;\u2640\ufe0f<\/strong><\/h2>\n<\/p>\n<p>Int&eacute;grez un moment de beaut&eacute; &agrave; votre mission de repassage ! Profitez-en pour vous faire un masque hydratant par exemple ! Si vous avez devant vous, plus d&rsquo;une heure de repassage, pourquoi pas prendre le temps d&rsquo;appliquer un soin dans les cheveux pendant que vous vous y affairez.<\/p>\n<p>Le but est de trouver le soin qui &eacute;gayera un peu votre moment de repassage ! Voici deux recettes de masques home-made pour prendre soin de vous tout en faisant votre repassage.<\/p>\n<ol>\n<li>Un masque maison &agrave; l&rsquo;huile d&rsquo;amande douce et &agrave; l&rsquo;aloe vera. Les huiles v&eacute;g&eacute;tales sont de formidables alli&eacute;es pour prendre soin de son corps et de ses cheveux. L&rsquo;aloe vera facilitera le rin&ccedil;age. M&eacute;langez dans un r&eacute;cipient quelques cuill&egrave;res d&rsquo;huile et de gel d&rsquo;aloe vera. Pour poser votre masque maison, il suffit de prendre un peu d&rsquo;huile dans la paume, de la chauffer en frottant les mains quelques secondes et de passer les doigts sur toute la longueur des cheveux en insistant bien sur les pointes. Laissez poser pendant toute la dur&eacute;e du repassage ! \n<\/li>\n<li>Masque apaisant pour le visage &agrave; base de miel pour un repassage relaxant ! M&eacute;langer 2 cuill&egrave;res &agrave; soupe de poudre d&rsquo;avoine collo&iuml;dale et du miel liquide jusqu&rsquo;&agrave; former une p&acirc;te. Vous pouvez &eacute;galement y ajouter une cuill&egrave;re &agrave; caf&eacute; d&rsquo;huile v&eacute;g&eacute;tale au choix (Argan, Bourrache, Chanvre&hellip;)<br \/>\nAppliquer le masque sur peau propre et s&egrave;che, sur le visage et le cou, en &eacute;vitant le contour des yeux.<br \/>\nLaisser poser 10 &agrave; 15 minutes, puis rincer abondamment &agrave; l&rsquo;eau. Appliquer ensuite un soin hydratant (cr&egrave;me ou huile). <\/li>\n<\/ol>\n<p>Parfois, il est &eacute;galement bon d&rsquo;aller chercher un peu d&rsquo;aide! Faire appel &agrave; une <a target=\"_blank\" rel=\"noopener\" href=\"https:\/\/yoopies.fr\/aide-m%C3%A9nag%C3%A8re\">aide m&eacute;nag&egrave;re<\/a> est un bon choix si on aime organiser sa maison, mais qu&rsquo;on d&eacute;teste repasser, nettoyer ou faire les grosses t&acirc;ches de m&eacute;nage comme laver les planchers ou la salle de bain. Vous pouvez par exemple<a target=\"_blank\" rel=\"noopener\" href=\"https:\/\/yoopies.fr\/c\/employer-femme-de-menage\/\"> employer une femme de m&eacute;nage <\/a>deux &agrave; trois fois par mois pour s&rsquo;occuper du gros m&eacute;nage que vous d&eacute;testez ! <\/p>\n<\/p>\n<p><a class=\"button\" href=\"https:\/\/yoopies.fr\/menage\">Trouvez une femme de m\u00e9nage de confiance\u00a0<\/a><\/p>\n","protected":false},"excerpt":{"rendered":"<p>Faites-vous partie des personnes qui per&ccedil;oivent le m&eacute;nage comme une t&acirc;che relaxante ? Le repassage est l&rsquo;une des activit&eacute;s m&eacute;nag&egrave;res &hellip; <\/p>\n","protected":false},"author":10,"featured_media":233,"parent":0,"menu_order":0,"comment_status":"closed","ping_status":"closed","template":"","meta":{"_acf_changed":false,"footnotes":""},"class_list":["post-231","page","type-page","status-publish","has-post-thumbnail","hentry"],"acf":[],"yoast_head":"<!-- This site is optimized with the Yoast SEO plugin v26.9 - https:\/\/yoast.com\/product\/yoast-seo-wordpress\/ -->\n<title>3 tips pour un repassage plus fun !<\/title>\n<meta name=\"description\" content=\"Voici quelques techniques qui vous aideront \u00e0 repasser les v\u00eatements sans perdre la t\u00eate, lorsque votre aide m\u00e9nag\u00e8re n&#039;est pas l\u00e0 !\" \/>\n<meta name=\"robots\" content=\"index, follow, max-snippet:-1, max-image-preview:large, max-video-preview:-1\" \/>\n<link rel=\"canonical\" href=\"https:\/\/yoopies.fr\/c\/repassage-corvee-ou-plaisir\/\" \/>\n<meta property=\"og:locale\" content=\"fr_FR\" \/>\n<meta property=\"og:type\" content=\"article\" \/>\n<meta property=\"og:title\" content=\"3 tips pour un repassage plus fun !\" \/>\n<meta property=\"og:description\" content=\"Voici quelques techniques qui vous aideront \u00e0 repasser les v\u00eatements sans perdre la t\u00eate, lorsque votre aide m\u00e9nag\u00e8re n&#039;est pas l\u00e0 !\" \/>\n<meta property=\"og:url\" content=\"https:\/\/yoopies.fr\/c\/repassage-corvee-ou-plaisir\/\" \/>\n<meta property=\"og:site_name\" content=\"Le Blog Yoopies\" \/>\n<meta property=\"article:modified_time\" content=\"2025-06-12T07:59:08+00:00\" \/>\n<meta property=\"og:image\" content=\"https:\/\/yoopies.fr\/c\/wp-content\/uploads\/2023\/08\/9d0f3c68-9de6-4520-9d9a-7f099279d57e-pexels-cottonbro-3149894.jpg\" \/>\n\t<meta property=\"og:image:width\" content=\"1200\" \/>\n\t<meta property=\"og:image:height\" content=\"1797\" \/>\n\t<meta property=\"og:image:type\" content=\"image\/jpeg\" \/>\n<meta name=\"twitter:card\" content=\"summary_large_image\" \/>\n<meta name=\"twitter:label1\" content=\"Dur\u00e9e de lecture estim\u00e9e\" \/>\n\t<meta name=\"twitter:data1\" content=\"6 minutes\" \/>\n<script type=\"application\/ld+json\" class=\"yoast-schema-graph\">{\"@context\":\"https:\/\/schema.org\",\"@graph\":[{\"@type\":\"WebPage\",\"@id\":\"https:\/\/yoopies.fr\/c\/repassage-corvee-ou-plaisir\/\",\"url\":\"https:\/\/yoopies.fr\/c\/repassage-corvee-ou-plaisir\/\",\"name\":\"3 tips pour un repassage plus fun !\",\"isPartOf\":{\"@id\":\"https:\/\/yoopies.fr\/c\/#website\"},\"primaryImageOfPage\":{\"@id\":\"https:\/\/yoopies.fr\/c\/repassage-corvee-ou-plaisir\/#primaryimage\"},\"image\":{\"@id\":\"https:\/\/yoopies.fr\/c\/repassage-corvee-ou-plaisir\/#primaryimage\"},\"thumbnailUrl\":\"https:\/\/yoopies.fr\/c\/wp-content\/uploads\/2023\/08\/9d0f3c68-9de6-4520-9d9a-7f099279d57e-pexels-cottonbro-3149894.jpg\",\"datePublished\":\"2023-08-21T12:18:07+00:00\",\"dateModified\":\"2025-06-12T07:59:08+00:00\",\"description\":\"Voici quelques techniques qui vous aideront \u00e0 repasser les v\u00eatements sans perdre la t\u00eate, lorsque votre aide m\u00e9nag\u00e8re n'est pas l\u00e0 !\",\"breadcrumb\":{\"@id\":\"https:\/\/yoopies.fr\/c\/repassage-corvee-ou-plaisir\/#breadcrumb\"},\"inLanguage\":\"fr-FR\",\"potentialAction\":[{\"@type\":\"ReadAction\",\"target\":[\"https:\/\/yoopies.fr\/c\/repassage-corvee-ou-plaisir\/\"]}]},{\"@type\":\"ImageObject\",\"inLanguage\":\"fr-FR\",\"@id\":\"https:\/\/yoopies.fr\/c\/repassage-corvee-ou-plaisir\/#primaryimage\",\"url\":\"https:\/\/yoopies.fr\/c\/wp-content\/uploads\/2023\/08\/9d0f3c68-9de6-4520-9d9a-7f099279d57e-pexels-cottonbro-3149894.jpg\",\"contentUrl\":\"https:\/\/yoopies.fr\/c\/wp-content\/uploads\/2023\/08\/9d0f3c68-9de6-4520-9d9a-7f099279d57e-pexels-cottonbro-3149894.jpg\",\"width\":1200,\"height\":1797},{\"@type\":\"BreadcrumbList\",\"@id\":\"https:\/\/yoopies.fr\/c\/repassage-corvee-ou-plaisir\/#breadcrumb\",\"itemListElement\":[{\"@type\":\"ListItem\",\"position\":1,\"name\":\"Home\",\"item\":\"https:\/\/yoopies.fr\/c\/\"},{\"@type\":\"ListItem\",\"position\":2,\"name\":\"Repassage : plut\u00f4t une corv\u00e9e ou un plaisir ?\"}]},{\"@type\":\"WebSite\",\"@id\":\"https:\/\/yoopies.fr\/c\/#website\",\"url\":\"https:\/\/yoopies.fr\/c\/\",\"name\":\"Le Blog Yoopies\",\"description\":\"\",\"publisher\":{\"@id\":\"https:\/\/yoopies.fr\/c\/#organization\"},\"potentialAction\":[{\"@type\":\"SearchAction\",\"target\":{\"@type\":\"EntryPoint\",\"urlTemplate\":\"https:\/\/yoopies.fr\/c\/?s={search_term_string}\"},\"query-input\":{\"@type\":\"PropertyValueSpecification\",\"valueRequired\":true,\"valueName\":\"search_term_string\"}}],\"inLanguage\":\"fr-FR\"},{\"@type\":\"Organization\",\"@id\":\"https:\/\/yoopies.fr\/c\/#organization\",\"name\":\"Le Blog Yoopies\",\"url\":\"https:\/\/yoopies.fr\/c\/\",\"logo\":{\"@type\":\"ImageObject\",\"inLanguage\":\"fr-FR\",\"@id\":\"https:\/\/yoopies.fr\/c\/#\/schema\/logo\/image\/\",\"url\":\"https:\/\/yoopies.fr\/c\/wp-content\/uploads\/2025\/04\/cropped-Logo_Yoopies-2.png\",\"contentUrl\":\"https:\/\/yoopies.fr\/c\/wp-content\/uploads\/2025\/04\/cropped-Logo_Yoopies-2.png\",\"width\":512,\"height\":512,\"caption\":\"Le Blog Yoopies\"},\"image\":{\"@id\":\"https:\/\/yoopies.fr\/c\/#\/schema\/logo\/image\/\"}}]}<\/script>\n<!-- \/ Yoast SEO plugin. -->","yoast_head_json":{"title":"3 tips pour un repassage plus fun !","description":"Voici quelques techniques qui vous aideront \u00e0 repasser les v\u00eatements sans perdre la t\u00eate, lorsque votre aide m\u00e9nag\u00e8re n'est pas l\u00e0 !","robots":{"index":"index","follow":"follow","max-snippet":"max-snippet:-1","max-image-preview":"max-image-preview:large","max-video-preview":"max-video-preview:-1"},"canonical":"https:\/\/yoopies.fr\/c\/repassage-corvee-ou-plaisir\/","og_locale":"fr_FR","og_type":"article","og_title":"3 tips pour un repassage plus fun !","og_description":"Voici quelques techniques qui vous aideront \u00e0 repasser les v\u00eatements sans perdre la t\u00eate, lorsque votre aide m\u00e9nag\u00e8re n'est pas l\u00e0 !","og_url":"https:\/\/yoopies.fr\/c\/repassage-corvee-ou-plaisir\/","og_site_name":"Le Blog Yoopies","article_modified_time":"2025-06-12T07:59:08+00:00","og_image":[{"width":1200,"height":1797,"url":"https:\/\/yoopies.fr\/c\/wp-content\/uploads\/2023\/08\/9d0f3c68-9de6-4520-9d9a-7f099279d57e-pexels-cottonbro-3149894.jpg","type":"image\/jpeg"}],"twitter_card":"summary_large_image","twitter_misc":{"Dur\u00e9e de lecture estim\u00e9e":"6 minutes"},"schema":{"@context":"https:\/\/schema.org","@graph":[{"@type":"WebPage","@id":"https:\/\/yoopies.fr\/c\/repassage-corvee-ou-plaisir\/","url":"https:\/\/yoopies.fr\/c\/repassage-corvee-ou-plaisir\/","name":"3 tips pour un repassage plus fun !","isPartOf":{"@id":"https:\/\/yoopies.fr\/c\/#website"},"primaryImageOfPage":{"@id":"https:\/\/yoopies.fr\/c\/repassage-corvee-ou-plaisir\/#primaryimage"},"image":{"@id":"https:\/\/yoopies.fr\/c\/repassage-corvee-ou-plaisir\/#primaryimage"},"thumbnailUrl":"https:\/\/yoopies.fr\/c\/wp-content\/uploads\/2023\/08\/9d0f3c68-9de6-4520-9d9a-7f099279d57e-pexels-cottonbro-3149894.jpg","datePublished":"2023-08-21T12:18:07+00:00","dateModified":"2025-06-12T07:59:08+00:00","description":"Voici quelques techniques qui vous aideront \u00e0 repasser les v\u00eatements sans perdre la t\u00eate, lorsque votre aide m\u00e9nag\u00e8re n'est pas l\u00e0 !","breadcrumb":{"@id":"https:\/\/yoopies.fr\/c\/repassage-corvee-ou-plaisir\/#breadcrumb"},"inLanguage":"fr-FR","potentialAction":[{"@type":"ReadAction","target":["https:\/\/yoopies.fr\/c\/repassage-corvee-ou-plaisir\/"]}]},{"@type":"ImageObject","inLanguage":"fr-FR","@id":"https:\/\/yoopies.fr\/c\/repassage-corvee-ou-plaisir\/#primaryimage","url":"https:\/\/yoopies.fr\/c\/wp-content\/uploads\/2023\/08\/9d0f3c68-9de6-4520-9d9a-7f099279d57e-pexels-cottonbro-3149894.jpg","contentUrl":"https:\/\/yoopies.fr\/c\/wp-content\/uploads\/2023\/08\/9d0f3c68-9de6-4520-9d9a-7f099279d57e-pexels-cottonbro-3149894.jpg","width":1200,"height":1797},{"@type":"BreadcrumbList","@id":"https:\/\/yoopies.fr\/c\/repassage-corvee-ou-plaisir\/#breadcrumb","itemListElement":[{"@type":"ListItem","position":1,"name":"Home","item":"https:\/\/yoopies.fr\/c\/"},{"@type":"ListItem","position":2,"name":"Repassage : plut\u00f4t une corv\u00e9e ou un plaisir ?"}]},{"@type":"WebSite","@id":"https:\/\/yoopies.fr\/c\/#website","url":"https:\/\/yoopies.fr\/c\/","name":"Le Blog Yoopies","description":"","publisher":{"@id":"https:\/\/yoopies.fr\/c\/#organization"},"potentialAction":[{"@type":"SearchAction","target":{"@type":"EntryPoint","urlTemplate":"https:\/\/yoopies.fr\/c\/?s={search_term_string}"},"query-input":{"@type":"PropertyValueSpecification","valueRequired":true,"valueName":"search_term_string"}}],"inLanguage":"fr-FR"},{"@type":"Organization","@id":"https:\/\/yoopies.fr\/c\/#organization","name":"Le Blog Yoopies","url":"https:\/\/yoopies.fr\/c\/","logo":{"@type":"ImageObject","inLanguage":"fr-FR","@id":"https:\/\/yoopies.fr\/c\/#\/schema\/logo\/image\/","url":"https:\/\/yoopies.fr\/c\/wp-content\/uploads\/2025\/04\/cropped-Logo_Yoopies-2.png","contentUrl":"https:\/\/yoopies.fr\/c\/wp-content\/uploads\/2025\/04\/cropped-Logo_Yoopies-2.png","width":512,"height":512,"caption":"Le Blog Yoopies"},"image":{"@id":"https:\/\/yoopies.fr\/c\/#\/schema\/logo\/image\/"}}]}},"_links":{"self":[{"href":"https:\/\/yoopies.fr\/c\/wp-json\/wp\/v2\/pages\/231","targetHints":{"allow":["GET"]}}],"collection":[{"href":"https:\/\/yoopies.fr\/c\/wp-json\/wp\/v2\/pages"}],"about":[{"href":"https:\/\/yoopies.fr\/c\/wp-json\/wp\/v2\/types\/page"}],"author":[{"embeddable":true,"href":"https:\/\/yoopies.fr\/c\/wp-json\/wp\/v2\/users\/10"}],"replies":[{"embeddable":true,"href":"https:\/\/yoopies.fr\/c\/wp-json\/wp\/v2\/comments?post=231"}],"version-history":[{"count":1,"href":"https:\/\/yoopies.fr\/c\/wp-json\/wp\/v2\/pages\/231\/revisions"}],"predecessor-version":[{"id":234,"href":"https:\/\/yoopies.fr\/c\/wp-json\/wp\/v2\/pages\/231\/revisions\/234"}],"wp:featuredmedia":[{"embeddable":true,"href":"https:\/\/yoopies.fr\/c\/wp-json\/wp\/v2\/media\/233"}],"wp:attachment":[{"href":"https:\/\/yoopies.fr\/c\/wp-json\/wp\/v2\/media?parent=231"}],"curies":[{"name":"wp","href":"https:\/\/api.w.org\/{rel}","templated":true}]}}