{"id":204,"date":"2023-08-21T12:19:16","date_gmt":"2023-08-21T12:19:16","guid":{"rendered":"https:\/\/blog.yoopies.fr\/preparer-menage-a-domicile\/"},"modified":"2025-06-12T07:59:07","modified_gmt":"2025-06-12T07:59:07","slug":"preparer-menage-a-domicile","status":"publish","type":"page","link":"https:\/\/yoopies.fr\/c\/preparer-menage-a-domicile\/","title":{"rendered":"M\u00e9nage \u00e0 domicile : comment pr\u00e9parer la premi\u00e8re journ\u00e9e de l&rsquo;aide m\u00e9nag\u00e8re ?"},"content":{"rendered":"<p><p>Avoir une maison parfaitement nettoy&eacute;e et rang&eacute;e demande d&rsquo;y consacrer beaucoup de temps. Vous avez r&eacute;serv&eacute;, pour la premi&egrave;re fois, <a target=\"_blank\" rel=\"noopener\" href=\"https:\/\/yoopies.fr\/c\/employer-femme-de-menage\/\">une aide m&eacute;nag&egrave;re &agrave; domicile<\/a> afin de retrouver un peu de z&eacute;nitude et de temps pour vous ?<\/p>\n<p>Pour que les heures de m&eacute;nage soient efficaces, rien de tel qu&rsquo;une bonne anticipation&nbsp;! Avant de laisser votre femme de m&eacute;nage ou aide m&eacute;nag&egrave;re travailler, pensez &agrave; faire un point avec elle pour vous organiser et pr&eacute;parer le mat&eacute;riel n&eacute;cessaire. Pour vous faire gagner du temps avant que l&rsquo;homme ou la femme de m&eacute;nage arrive chez vous, nous vous avons pr&eacute;par&eacute; un article avec les choses &agrave; ne pas oublier. <\/p>\n<h2><strong>Sommaire :<\/strong><\/h2>\n<ul>\n<li><a href=\"https:\/\/#h2-2\">M&eacute;nage &agrave; domicile : Que faire avant le rendez-vous ?<\/a><\/li>\n<li><a href=\"https:\/\/#h2-3\">Pr&eacute;paration du mat&eacute;riel d&rsquo;entretien et de repassage pour votre aide m&eacute;nag&egrave;re<\/a><\/li>\n<li><a href=\"https:\/\/#h2-4\">Pr&eacute;paration des produits nettoyants pour l&rsquo;aide m&eacute;nag&egrave;re<\/a><\/li>\n<li><a href=\"https:\/\/#h2-5\">M&eacute;nage &agrave; domicile : votre pr&eacute;sence VS son autonomie<\/a>\n<\/li>\n<\/ul>\n<p class=\"block-img\"><img decoding=\"async\" src=\"https:\/\/yoopies.fr\/c\/wp-content\/uploads\/2023\/08\/e02fe029-bf81-4799-a3e0-b7812d893184_pexels-ekaterina-bolovtsova-486797928229.jpg\" alt=\"m&eacute;nage &agrave; domicile\"><\/p>\n<h2><strong>1. M&eacute;nage &agrave; domicile : Que faire avant le rendez-vous ? ?<\/strong><\/h2>\n<\/p>\n<p>Avant le rendez-vous, il est important d&rsquo;anticiper et d&rsquo;&eacute;changer avec votre intervenant. Pour une premi&egrave;re prestation de m&eacute;nage, discutez de vos attentes. Qu&rsquo;est ce qu&rsquo;un m&eacute;nage r&eacute;ussi pour vous ? Quels sont les points sur lesquels vous pouvez faire un compromis s&rsquo;il lui manque un peu de temps ?&nbsp;Soyez clair et pr&eacute;cis car ces informations sont pr&eacute;cieuses pour vous apporter satisfaction. Demandez-lui si elle utilisera vos produits pour nettoyer les diff&eacute;rentes pi&egrave;ces de votre appartement ou maison. Durant votre entretien, faites le tour des diff&eacute;rentes pi&egrave;ces avec votre aide m&eacute;nag&egrave;re.&nbsp;Cela lui permettra de bien r&eacute;partir son temps, et de dresser un premier &eacute;tat des lieux. <\/p>\n<\/p>\n<h2><strong>2. Pr&eacute;paration du mat&eacute;riel d&rsquo;entretien et de repassage pour votre aide m&eacute;nag&egrave;re?<\/strong><\/h2>\n<\/p>\n<p>Voici une liste du mat&eacute;riel d&rsquo;entretien n&eacute;cessaire : <\/p>\n<ul>\n<li>Un aspirateur,&nbsp;indispensable pour nettoyer les sols. Pensez &agrave; sortir tous les embouts, m&ecirc;me si vous ne les utilisez pas tous habituellement. Votre homme ou femme de m&eacute;nage en aura s&ucirc;rement besoin. Pensez &eacute;galement &agrave; pr&eacute;parer un nouveau sac afin que votre aide m&eacute;nag&egrave;re travaille dans de bonnes conditions.<\/li>\n<li>La serpill&egrave;re&nbsp;avec son bac, pour l&rsquo;entretien de vos sols.<\/li>\n<li>Des &eacute;ponges,&nbsp;en pr&eacute;cisant &agrave; votre aide m&eacute;nag&egrave;re la fonction de chacune (vaisselle, table, robinetterie&hellip;).<\/li>\n<li>Des tissus en microfibre pour nettoyer les surfaces sans les ab&icirc;mer.<\/li>\n<li>Votre table et votre fer &agrave; repasser pour le repassage des habits. \n<\/li>\n<\/ul>\n<h2><strong>3. M&eacute;nage &agrave; domicile : Pr&eacute;paration des produits nettoyants ?<\/strong><\/h2>\n<\/p>\n<p class=\"block-img\"><img decoding=\"async\" src=\"https:\/\/yoopies.fr\/c\/wp-content\/uploads\/2023\/08\/81744199-676c-4e4f-ac4b-13513df6d5aa_kelly-sikkema-DJcVOQUZxF0-unsplash28129.jpg\" alt=\"m&eacute;nage &agrave; domicile : produits\"><\/p>\n<p>Votre aide m&eacute;nag&egrave;re ou femme de m&eacute;nage utilisera vos produits pour nettoyer les diff&eacute;rentes pi&egrave;ces de votre appartement ou maison. C&rsquo;est &agrave; vous de pr&eacute;parer les produits n&eacute;cessaires. Pour vous aider, nous vous avons pr&eacute;par&eacute; une liste de produits indispensables :<\/p>\n<ul>\n<li>Du vinaigre blanc pur, &eacute;conomique et tr&egrave;s efficace, pour nettoyer beaucoup de choses dans la maison, du micro-ondes &agrave; une vitre de douche.<\/li>\n<li>Un nettoyant multi-usages,&nbsp;pour nettoyer la cuisine, les toilettes et la salle de bain.<\/li>\n<li>Des nettoyants adapt&eacute;s par type de surface&nbsp;: bois, sol, vitre&hellip; &agrave; vous de voir quels sont vos essentiels en fonction de vos surfaces.<\/li>\n<li>De la javel pour la d&eacute;sinfection des zones.<\/li>\n<\/ul>\n<h4><\/h4>\n<h2><strong>4. M&eacute;nage &agrave; domicile : votre pr&eacute;sence VS son autonomie ?<\/strong><\/h2>\n<\/p>\n<p>Lors d&rsquo;une premi&egrave;re prestation de m&eacute;nage &agrave; domicile, il est tout &agrave; fait normal de ne pas savoir comment se comporter : vous vous demandez s&rsquo;il faut rester chez soi, ou partir ? C&rsquo;est comme vous voulez, il n&rsquo;y a pas de r&egrave;gles. Dans les deux cas, pour une premi&egrave;re prestation de m&eacute;nage &agrave; domicile, il est pr&eacute;f&eacute;rable que vous soyez sur place pour accueillir votre homme ou femme de m&eacute;nage et &eacute;galement d&rsquo;&ecirc;tre l&agrave; au moment du d&eacute;part, &agrave; la fin de la prestation,&nbsp;pour faire un premier bilan.<\/p>\n<p>Vous vous demandez peut-&ecirc;tre aussi comment accompagner votre aide m&eacute;nag&egrave;re pendant sa prestation ? Nous avons un conseil ! Si vous restez chez vous, r&eacute;pondez &agrave; toutes ses questions avant la prestation, puis laissez votre aide m&eacute;nag&egrave;re travailler. Il\/elle saura vous solliciter en cas de besoin. Si vous le souhaitez,&nbsp;vous pouvez lui demander si tout se d&eacute;roule comme pr&eacute;vu et si il\/elle n&rsquo;a besoin de rien au milieu de la prestation.<\/p>\n<h2><\/h2>\n<h4><\/h4>\n<\/p>\n<p><a class=\"button\" href=\"https:\/\/yoopies.fr\/menage\">Vous souhaitez trouver une aide m\u00e9nag\u00e8re de confiance ? Cliquez-ici. <\/a><\/p>\n","protected":false},"excerpt":{"rendered":"<p>Avoir une maison parfaitement nettoy&eacute;e et rang&eacute;e demande d&rsquo;y consacrer beaucoup de temps. Vous avez r&eacute;serv&eacute;, pour la premi&egrave;re fois, &hellip; <\/p>\n","protected":false},"author":10,"featured_media":207,"parent":0,"menu_order":0,"comment_status":"closed","ping_status":"closed","template":"","meta":{"_acf_changed":false,"footnotes":""},"class_list":["post-204","page","type-page","status-publish","has-post-thumbnail","hentry"],"acf":[],"yoast_head":"<!-- This site is optimized with the Yoast SEO plugin v26.9 - https:\/\/yoast.com\/product\/yoast-seo-wordpress\/ -->\n<title>Comment pr\u00e9parer la premi\u00e8re journ\u00e9e de l&#039;aide m\u00e9nag\u00e8re ?<\/title>\n<meta name=\"description\" content=\"Gagnez du temps en faisant un point avec votre aide m\u00e9nag\u00e8re pour vous organiser et pr\u00e9parer le mat\u00e9riel n\u00e9cessaire. Suivez nos conseils pour ne rien oublier.\" \/>\n<meta name=\"robots\" content=\"index, follow, max-snippet:-1, max-image-preview:large, max-video-preview:-1\" \/>\n<link rel=\"canonical\" href=\"https:\/\/yoopies.fr\/c\/preparer-menage-a-domicile\/\" \/>\n<meta property=\"og:locale\" content=\"fr_FR\" \/>\n<meta property=\"og:type\" content=\"article\" \/>\n<meta property=\"og:title\" content=\"Comment pr\u00e9parer la premi\u00e8re journ\u00e9e de l&#039;aide m\u00e9nag\u00e8re ?\" \/>\n<meta property=\"og:description\" content=\"Gagnez du temps en faisant un point avec votre aide m\u00e9nag\u00e8re pour vous organiser et pr\u00e9parer le mat\u00e9riel n\u00e9cessaire. Suivez nos conseils pour ne rien oublier.\" \/>\n<meta property=\"og:url\" content=\"https:\/\/yoopies.fr\/c\/preparer-menage-a-domicile\/\" \/>\n<meta property=\"og:site_name\" content=\"Le Blog Yoopies\" \/>\n<meta property=\"article:modified_time\" content=\"2025-06-12T07:59:07+00:00\" \/>\n<meta property=\"og:image\" content=\"https:\/\/yoopies.fr\/c\/wp-content\/uploads\/2023\/08\/e02fe029-bf81-4799-a3e0-b7812d893184-pexels-ekaterina-bolovtsova-486797928229.jpg\" \/>\n\t<meta property=\"og:image:width\" content=\"1200\" \/>\n\t<meta property=\"og:image:height\" content=\"1800\" \/>\n\t<meta property=\"og:image:type\" content=\"image\/jpeg\" \/>\n<meta name=\"twitter:card\" content=\"summary_large_image\" \/>\n<meta name=\"twitter:label1\" content=\"Dur\u00e9e de lecture estim\u00e9e\" \/>\n\t<meta name=\"twitter:data1\" content=\"4 minutes\" \/>\n<script type=\"application\/ld+json\" class=\"yoast-schema-graph\">{\"@context\":\"https:\/\/schema.org\",\"@graph\":[{\"@type\":\"WebPage\",\"@id\":\"https:\/\/yoopies.fr\/c\/preparer-menage-a-domicile\/\",\"url\":\"https:\/\/yoopies.fr\/c\/preparer-menage-a-domicile\/\",\"name\":\"Comment pr\u00e9parer la premi\u00e8re journ\u00e9e de l'aide m\u00e9nag\u00e8re ?\",\"isPartOf\":{\"@id\":\"https:\/\/yoopies.fr\/c\/#website\"},\"primaryImageOfPage\":{\"@id\":\"https:\/\/yoopies.fr\/c\/preparer-menage-a-domicile\/#primaryimage\"},\"image\":{\"@id\":\"https:\/\/yoopies.fr\/c\/preparer-menage-a-domicile\/#primaryimage\"},\"thumbnailUrl\":\"https:\/\/yoopies.fr\/c\/wp-content\/uploads\/2023\/08\/e02fe029-bf81-4799-a3e0-b7812d893184-pexels-ekaterina-bolovtsova-486797928229.jpg\",\"datePublished\":\"2023-08-21T12:19:16+00:00\",\"dateModified\":\"2025-06-12T07:59:07+00:00\",\"description\":\"Gagnez du temps en faisant un point avec votre aide m\u00e9nag\u00e8re pour vous organiser et pr\u00e9parer le mat\u00e9riel n\u00e9cessaire. Suivez nos conseils pour ne rien oublier.\",\"breadcrumb\":{\"@id\":\"https:\/\/yoopies.fr\/c\/preparer-menage-a-domicile\/#breadcrumb\"},\"inLanguage\":\"fr-FR\",\"potentialAction\":[{\"@type\":\"ReadAction\",\"target\":[\"https:\/\/yoopies.fr\/c\/preparer-menage-a-domicile\/\"]}]},{\"@type\":\"ImageObject\",\"inLanguage\":\"fr-FR\",\"@id\":\"https:\/\/yoopies.fr\/c\/preparer-menage-a-domicile\/#primaryimage\",\"url\":\"https:\/\/yoopies.fr\/c\/wp-content\/uploads\/2023\/08\/e02fe029-bf81-4799-a3e0-b7812d893184-pexels-ekaterina-bolovtsova-486797928229.jpg\",\"contentUrl\":\"https:\/\/yoopies.fr\/c\/wp-content\/uploads\/2023\/08\/e02fe029-bf81-4799-a3e0-b7812d893184-pexels-ekaterina-bolovtsova-486797928229.jpg\",\"width\":1200,\"height\":1800},{\"@type\":\"BreadcrumbList\",\"@id\":\"https:\/\/yoopies.fr\/c\/preparer-menage-a-domicile\/#breadcrumb\",\"itemListElement\":[{\"@type\":\"ListItem\",\"position\":1,\"name\":\"Home\",\"item\":\"https:\/\/yoopies.fr\/c\/\"},{\"@type\":\"ListItem\",\"position\":2,\"name\":\"M\u00e9nage \u00e0 domicile : comment pr\u00e9parer la premi\u00e8re journ\u00e9e de l&rsquo;aide m\u00e9nag\u00e8re ?\"}]},{\"@type\":\"WebSite\",\"@id\":\"https:\/\/yoopies.fr\/c\/#website\",\"url\":\"https:\/\/yoopies.fr\/c\/\",\"name\":\"Le Blog Yoopies\",\"description\":\"\",\"publisher\":{\"@id\":\"https:\/\/yoopies.fr\/c\/#organization\"},\"potentialAction\":[{\"@type\":\"SearchAction\",\"target\":{\"@type\":\"EntryPoint\",\"urlTemplate\":\"https:\/\/yoopies.fr\/c\/?s={search_term_string}\"},\"query-input\":{\"@type\":\"PropertyValueSpecification\",\"valueRequired\":true,\"valueName\":\"search_term_string\"}}],\"inLanguage\":\"fr-FR\"},{\"@type\":\"Organization\",\"@id\":\"https:\/\/yoopies.fr\/c\/#organization\",\"name\":\"Le Blog Yoopies\",\"url\":\"https:\/\/yoopies.fr\/c\/\",\"logo\":{\"@type\":\"ImageObject\",\"inLanguage\":\"fr-FR\",\"@id\":\"https:\/\/yoopies.fr\/c\/#\/schema\/logo\/image\/\",\"url\":\"https:\/\/yoopies.fr\/c\/wp-content\/uploads\/2025\/04\/cropped-Logo_Yoopies-2.png\",\"contentUrl\":\"https:\/\/yoopies.fr\/c\/wp-content\/uploads\/2025\/04\/cropped-Logo_Yoopies-2.png\",\"width\":512,\"height\":512,\"caption\":\"Le Blog Yoopies\"},\"image\":{\"@id\":\"https:\/\/yoopies.fr\/c\/#\/schema\/logo\/image\/\"}}]}<\/script>\n<!-- \/ Yoast SEO plugin. -->","yoast_head_json":{"title":"Comment pr\u00e9parer la premi\u00e8re journ\u00e9e de l'aide m\u00e9nag\u00e8re ?","description":"Gagnez du temps en faisant un point avec votre aide m\u00e9nag\u00e8re pour vous organiser et pr\u00e9parer le mat\u00e9riel n\u00e9cessaire. Suivez nos conseils pour ne rien oublier.","robots":{"index":"index","follow":"follow","max-snippet":"max-snippet:-1","max-image-preview":"max-image-preview:large","max-video-preview":"max-video-preview:-1"},"canonical":"https:\/\/yoopies.fr\/c\/preparer-menage-a-domicile\/","og_locale":"fr_FR","og_type":"article","og_title":"Comment pr\u00e9parer la premi\u00e8re journ\u00e9e de l'aide m\u00e9nag\u00e8re ?","og_description":"Gagnez du temps en faisant un point avec votre aide m\u00e9nag\u00e8re pour vous organiser et pr\u00e9parer le mat\u00e9riel n\u00e9cessaire. Suivez nos conseils pour ne rien oublier.","og_url":"https:\/\/yoopies.fr\/c\/preparer-menage-a-domicile\/","og_site_name":"Le Blog Yoopies","article_modified_time":"2025-06-12T07:59:07+00:00","og_image":[{"width":1200,"height":1800,"url":"https:\/\/yoopies.fr\/c\/wp-content\/uploads\/2023\/08\/e02fe029-bf81-4799-a3e0-b7812d893184-pexels-ekaterina-bolovtsova-486797928229.jpg","type":"image\/jpeg"}],"twitter_card":"summary_large_image","twitter_misc":{"Dur\u00e9e de lecture estim\u00e9e":"4 minutes"},"schema":{"@context":"https:\/\/schema.org","@graph":[{"@type":"WebPage","@id":"https:\/\/yoopies.fr\/c\/preparer-menage-a-domicile\/","url":"https:\/\/yoopies.fr\/c\/preparer-menage-a-domicile\/","name":"Comment pr\u00e9parer la premi\u00e8re journ\u00e9e de l'aide m\u00e9nag\u00e8re ?","isPartOf":{"@id":"https:\/\/yoopies.fr\/c\/#website"},"primaryImageOfPage":{"@id":"https:\/\/yoopies.fr\/c\/preparer-menage-a-domicile\/#primaryimage"},"image":{"@id":"https:\/\/yoopies.fr\/c\/preparer-menage-a-domicile\/#primaryimage"},"thumbnailUrl":"https:\/\/yoopies.fr\/c\/wp-content\/uploads\/2023\/08\/e02fe029-bf81-4799-a3e0-b7812d893184-pexels-ekaterina-bolovtsova-486797928229.jpg","datePublished":"2023-08-21T12:19:16+00:00","dateModified":"2025-06-12T07:59:07+00:00","description":"Gagnez du temps en faisant un point avec votre aide m\u00e9nag\u00e8re pour vous organiser et pr\u00e9parer le mat\u00e9riel n\u00e9cessaire. Suivez nos conseils pour ne rien oublier.","breadcrumb":{"@id":"https:\/\/yoopies.fr\/c\/preparer-menage-a-domicile\/#breadcrumb"},"inLanguage":"fr-FR","potentialAction":[{"@type":"ReadAction","target":["https:\/\/yoopies.fr\/c\/preparer-menage-a-domicile\/"]}]},{"@type":"ImageObject","inLanguage":"fr-FR","@id":"https:\/\/yoopies.fr\/c\/preparer-menage-a-domicile\/#primaryimage","url":"https:\/\/yoopies.fr\/c\/wp-content\/uploads\/2023\/08\/e02fe029-bf81-4799-a3e0-b7812d893184-pexels-ekaterina-bolovtsova-486797928229.jpg","contentUrl":"https:\/\/yoopies.fr\/c\/wp-content\/uploads\/2023\/08\/e02fe029-bf81-4799-a3e0-b7812d893184-pexels-ekaterina-bolovtsova-486797928229.jpg","width":1200,"height":1800},{"@type":"BreadcrumbList","@id":"https:\/\/yoopies.fr\/c\/preparer-menage-a-domicile\/#breadcrumb","itemListElement":[{"@type":"ListItem","position":1,"name":"Home","item":"https:\/\/yoopies.fr\/c\/"},{"@type":"ListItem","position":2,"name":"M\u00e9nage \u00e0 domicile : comment pr\u00e9parer la premi\u00e8re journ\u00e9e de l&rsquo;aide m\u00e9nag\u00e8re ?"}]},{"@type":"WebSite","@id":"https:\/\/yoopies.fr\/c\/#website","url":"https:\/\/yoopies.fr\/c\/","name":"Le Blog Yoopies","description":"","publisher":{"@id":"https:\/\/yoopies.fr\/c\/#organization"},"potentialAction":[{"@type":"SearchAction","target":{"@type":"EntryPoint","urlTemplate":"https:\/\/yoopies.fr\/c\/?s={search_term_string}"},"query-input":{"@type":"PropertyValueSpecification","valueRequired":true,"valueName":"search_term_string"}}],"inLanguage":"fr-FR"},{"@type":"Organization","@id":"https:\/\/yoopies.fr\/c\/#organization","name":"Le Blog Yoopies","url":"https:\/\/yoopies.fr\/c\/","logo":{"@type":"ImageObject","inLanguage":"fr-FR","@id":"https:\/\/yoopies.fr\/c\/#\/schema\/logo\/image\/","url":"https:\/\/yoopies.fr\/c\/wp-content\/uploads\/2025\/04\/cropped-Logo_Yoopies-2.png","contentUrl":"https:\/\/yoopies.fr\/c\/wp-content\/uploads\/2025\/04\/cropped-Logo_Yoopies-2.png","width":512,"height":512,"caption":"Le Blog Yoopies"},"image":{"@id":"https:\/\/yoopies.fr\/c\/#\/schema\/logo\/image\/"}}]}},"_links":{"self":[{"href":"https:\/\/yoopies.fr\/c\/wp-json\/wp\/v2\/pages\/204","targetHints":{"allow":["GET"]}}],"collection":[{"href":"https:\/\/yoopies.fr\/c\/wp-json\/wp\/v2\/pages"}],"about":[{"href":"https:\/\/yoopies.fr\/c\/wp-json\/wp\/v2\/types\/page"}],"author":[{"embeddable":true,"href":"https:\/\/yoopies.fr\/c\/wp-json\/wp\/v2\/users\/10"}],"replies":[{"embeddable":true,"href":"https:\/\/yoopies.fr\/c\/wp-json\/wp\/v2\/comments?post=204"}],"version-history":[{"count":1,"href":"https:\/\/yoopies.fr\/c\/wp-json\/wp\/v2\/pages\/204\/revisions"}],"predecessor-version":[{"id":208,"href":"https:\/\/yoopies.fr\/c\/wp-json\/wp\/v2\/pages\/204\/revisions\/208"}],"wp:featuredmedia":[{"embeddable":true,"href":"https:\/\/yoopies.fr\/c\/wp-json\/wp\/v2\/media\/207"}],"wp:attachment":[{"href":"https:\/\/yoopies.fr\/c\/wp-json\/wp\/v2\/media?parent=204"}],"curies":[{"name":"wp","href":"https:\/\/api.w.org\/{rel}","templated":true}]}}