{"id":200,"date":"2023-08-21T11:57:34","date_gmt":"2023-08-21T11:57:34","guid":{"rendered":"https:\/\/blog.yoopies.fr\/qualites-aide-menagere\/"},"modified":"2025-06-12T07:59:07","modified_gmt":"2025-06-12T07:59:07","slug":"qualites-aide-menagere","status":"publish","type":"page","link":"https:\/\/yoopies.fr\/c\/qualites-aide-menagere\/","title":{"rendered":"Les qualit\u00e9s indispensables d&rsquo;une aide m\u00e9nag\u00e8re"},"content":{"rendered":"<p><p class=\"block-img\"><img decoding=\"async\" src=\"https:\/\/yoopies.fr\/c\/wp-content\/uploads\/2023\/08\/3fc04d76-722c-49a0-9754-58e5b5e5e91f_pexels-cottonbro-4684372-min.jpg\" alt=\"qualit&eacute; aide m&eacute;nag&egrave;re\"><\/p>\n<\/p>\n<h2><strong>Le m&eacute;tier d&rsquo;une aide m&eacute;nag&egrave;re <\/strong><\/h2>\n<\/p>\n<p>Le m&eacute;tier est arriv&eacute; avec la s&eacute;dentarisation des personnes. Historiquement, seules les familles bourgeoises ou issues de la noblesse pouvaient s&rsquo;offrir du personnel de m&eacute;nage. Les aides m&eacute;nag&egrave;res s&rsquo;occupaient de faire le nettoyage, le rangement, la cuisine, le service, l&rsquo;accueil des invit&eacute;s&hellip; et devenait &eacute;galement nounou afin de s&rsquo;occuper quotidiennement des enfants. L&rsquo;aide m&eacute;nag&egrave;re employ&eacute;e dans un foyer, vivait m&ecirc;me dans la demeure de la famille. &Agrave; l&rsquo;issue de la r&eacute;volution industrielle, les choses ont &eacute;volu&eacute;. Pour commencer, les aides m&eacute;nag&egrave;res ne dormaient plus au sein du foyer.<\/p>\n<p>Il a fallu attendre le XX&egrave;me si&egrave;cle pour que la profession d&rsquo;aide-m&eacute;nag&egrave;re commence &agrave; &ecirc;tre reconnue et r&eacute;glement&eacute;e. Le m&eacute;tier &eacute;tait largement repr&eacute;sent&eacute; par les femmes. Aujourd&rsquo;hui, la situation tend &agrave; &eacute;voluer. Les hommes sont de plus en plus nombreux &agrave; exercer ce m&eacute;tier si longtemps associ&eacute; &agrave; la gent f&eacute;minine.<\/p>\n<p>Etre aide m&eacute;nag&egrave;re est un m&eacute;tier tr&egrave;s exigeant ! Vous poss&eacute;dez les comp&eacute;tences et le savoir-&ecirc;tre pour exercer ce job ? Alors ce m&eacute;tier est pour vous !<\/p>\n<p>En tant que pro du m&eacute;nage, vous devez ma&icirc;triser les gestes professionnels : &agrave; la fois la pr&eacute;cision des gestes techniques (passer l&rsquo;&eacute;ponge, laver les couverts, passer l&rsquo;aspirateur&hellip;), mais aussi les grandes &eacute;tapes d&rsquo;un m&eacute;nage : suivre le bon ordre pour &ecirc;tre efficace et nettoyer en profondeur pour assurer une bonne hygi&egrave;ne de vie.<\/p>\n<\/p>\n<h2><strong>Qui est l&rsquo;aide m&eacute;nag&egrave;re parfaite ? <\/strong><\/h2>\n<\/p>\n<p>L&rsquo;aide m&eacute;nag&egrave;re parfaite est celle qui a l&rsquo;&oelig;il pour rep&eacute;rer la poussi&egrave;re, celle qui sait assurer un nettoyage parfait dans les moindres recoins, sans ab&icirc;mer les surfaces ni les objets tout en &eacute;tant rapide et efficace. La ma&icirc;trise de ces savoir-faire est indispensable, non seulement pour gagner du temps mais &eacute;galement pour &eacute;conomiser les efforts inutiles et limiter les mauvais mouvements du corps.<\/p>\n<p>Nettoyez comme si c&rsquo;&eacute;tait chez vous, car vos clients peuvent devenir des clients fid&egrave;les et r&eacute;guliers, et vous offrir ainsi un revenu stable. Vous gagnerez &eacute;galement une bonne r&eacute;putation aupr&egrave;s de toutes leurs connaissances.<\/p>\n<p>&Eacute;tablissez une bonne communication<strong> <\/strong>avec vos clients d&egrave;s le d&eacute;but. Discutez avec eux, au pr&eacute;alable, de leurs attentes sur votre travail, et de toutes les t&acirc;ches que vous devrez effectuer. Imprimez une liste de ces t&acirc;ches pour vous aider &agrave; vous organiser au mieux.<\/p>\n<\/p>\n<h2><strong>Les qualit&eacute;s d&rsquo;une aide m&eacute;nag&egrave;re <\/strong><\/h2>\n<\/p>\n<p>&Ecirc;tre aide m&eacute;nag&egrave;re ou femme de m&eacute;nage requiert de nombreuses qualit&eacute;s en plus d&rsquo;un sens irr&eacute;prochable de l&rsquo;entretien. Ce m&eacute;tier am&egrave;ne n&eacute;cessairement &agrave; entrer dans le quotidien du client, donc &agrave; composer avec certaines situations sp&eacute;cifiques. D&eacute;couvrez les qualit&eacute;s essentielles pour devenir une perle du service &agrave; domicile :<\/p>\n<p>&#8211; La politesse et le respect : Outre la politesse qui reste la base fondamentale d&rsquo;une bonne relation, le respect doit &eacute;galement &ecirc;tre de mise, m&ecirc;me si cela peut s&rsquo;av&eacute;rer difficile avec certains employeurs. Il suffit parfois de quelques mots gentils pour apaiser une ambiance trop tendue.<\/p>\n<p>&#8211; L&rsquo;honn&ecirc;tet&eacute; est une qualit&eacute; indispensable. L&rsquo;aide m&eacute;nag&egrave;re doit &ecirc;tre une personne de confiance. Elle se doit donc de d&eacute;montrer qu&rsquo;elle m&eacute;rite cette confiance qu&rsquo;on lui accorde et de ne pas la trahir.<\/p>\n<p>&#8211; Un comportement irr&eacute;prochable car vous entrez dans l&rsquo;intimit&eacute; de votre client ! Les choses li&eacute;es &agrave; la vie priv&eacute;e, familiale et conjugale du client sont confidentielles et ne doivent en aucun cas s&rsquo;&eacute;bruiter, ni faire l&rsquo;objet de discussions ext&eacute;rieures.<\/p>\n<p>&#8211; Une grande discr&eacute;tion est primordiale. Lors de l&rsquo;accomplissement de votre travail, vous devrez vous arranger pour d&eacute;ranger le moins possible et savoir vous faire oublier.<\/p>\n<p>&#8211; Amabilit&eacute; : L&rsquo;aide m&eacute;nag&egrave;re se doit de ne pas amener la mauvaise humeur. Ainsi, laisser de c&ocirc;t&eacute; ses propres soucis quotidiens d&egrave;s lors qu&rsquo;elle franchit la porte de son lieu de travail est la meilleure solution. Elle doit &eacute;galement se montrer aimable et sympathique, surtout envers les enfants et les personnes d&eacute;pendantes comme les personnes en situation de handicap ou les personnes &acirc;g&eacute;es.<\/p>\n<p>&#8211; La ponctualit&eacute; est tr&egrave;s importante afin de ne pas perturber le planning de son employeur. De plus, &eacute;tant g&eacute;n&eacute;ralement pay&eacute;e &agrave; l&rsquo;heure, elle doit s&rsquo;assurer que le m&eacute;nage soit accompli dans les temps impartis. C&rsquo;est &eacute;galement faire preuve de respect moral et contractuel envers son employeur.<\/p>\n<p>&#8211; Une organisation : Votre client peut attendre une certaine anticipation dans le travail de mani&egrave;re &agrave; l&rsquo;effectuer efficacement et sans laisser de trace de votre passage. Vous pouvez calculer le temps d&rsquo;ex&eacute;cution des t&acirc;ches, organiser votre travail pi&egrave;ce par pi&egrave;ce, libre &agrave; vous d&rsquo;&eacute;tablir votre m&eacute;thode, mais votre efficacit&eacute; repose sur une organisation sans failles.<\/p>\n<p>&#8211; Attentive :  L&rsquo;aide m&eacute;nag&egrave;re doit &ecirc;tre attentive aux d&eacute;tails pour prendre soin de l&rsquo;espace qui lui est confi&eacute;. Demandez &agrave; vos clients s&rsquo;ils sont allergiques &agrave; des produits ou s&rsquo;ils ont des pr&eacute;f&eacute;rences pour certaines m&eacute;thodes de nettoyage.<\/p>\n<p>&#8211; Avoir une grande connaissance des r&egrave;gles d&rsquo;hygi&egrave;ne &agrave; commencer par sa propre personne et se doit de ne pas se pr&eacute;senter &agrave; son travail avec un air n&eacute;glig&eacute;. Elle doit conna&icirc;tre parfaitement les consignes d&rsquo;emploi des mat&eacute;riels de nettoyage et des produits d&rsquo;entretien afin d&rsquo;en faire usage sans risque pour la s&eacute;curit&eacute;.<\/p>\n<p>&#8211; Efficacit&eacute; : &laquo; Vite fait bien fait &raquo; pourrait &ecirc;tre un bon r&eacute;sum&eacute; de votre travail. Votre employeur peut appr&eacute;cier votre sens de l&rsquo;initiative.&nbsp; N&rsquo;h&eacute;sitez pas &agrave; proposer des solutions et signaler des dysfonctionnements ou des t&acirc;ches initialement non propos&eacute;es qu&rsquo;il vous semble pertinent d&rsquo;effectuer.<\/p>\n<\/p>\n<\/p>\n<p><a class=\"button\" href=\"https:\/\/yoopies.fr\/emploi-menage\">Devenez aide m\u00e9nag\u00e8re en un clic ! <\/a><\/p>\n","protected":false},"excerpt":{"rendered":"<p>Le m&eacute;tier d&rsquo;une aide m&eacute;nag&egrave;re Le m&eacute;tier est arriv&eacute; avec la s&eacute;dentarisation des personnes. Historiquement, seules les familles bourgeoises ou &hellip; <\/p>\n","protected":false},"author":10,"featured_media":202,"parent":0,"menu_order":0,"comment_status":"closed","ping_status":"closed","template":"","meta":{"_acf_changed":false,"footnotes":""},"class_list":["post-200","page","type-page","status-publish","has-post-thumbnail","hentry"],"acf":[],"yoast_head":"<!-- This site is optimized with the Yoast SEO plugin v26.9 - https:\/\/yoast.com\/product\/yoast-seo-wordpress\/ -->\n<title>Les qualit\u00e9s indispensables d&#039;une aide m\u00e9nag\u00e8re<\/title>\n<meta name=\"description\" content=\"\u00catre aide m\u00e9nag\u00e8re requiert de nombreuses qualit\u00e9s. D\u00e9couvrez cet article pour les conna\u00eetre plus en d\u00e9tails.\" \/>\n<meta name=\"robots\" content=\"index, follow, max-snippet:-1, max-image-preview:large, max-video-preview:-1\" \/>\n<link rel=\"canonical\" href=\"https:\/\/yoopies.fr\/c\/qualites-aide-menagere\/\" \/>\n<meta property=\"og:locale\" content=\"fr_FR\" \/>\n<meta property=\"og:type\" content=\"article\" \/>\n<meta property=\"og:title\" content=\"Les qualit\u00e9s indispensables d&#039;une aide m\u00e9nag\u00e8re\" \/>\n<meta property=\"og:description\" content=\"\u00catre aide m\u00e9nag\u00e8re requiert de nombreuses qualit\u00e9s. D\u00e9couvrez cet article pour les conna\u00eetre plus en d\u00e9tails.\" \/>\n<meta property=\"og:url\" content=\"https:\/\/yoopies.fr\/c\/qualites-aide-menagere\/\" \/>\n<meta property=\"og:site_name\" content=\"Le Blog Yoopies\" \/>\n<meta property=\"article:modified_time\" content=\"2025-06-12T07:59:07+00:00\" \/>\n<meta property=\"og:image\" content=\"https:\/\/yoopies.fr\/c\/wp-content\/uploads\/2023\/08\/3fc04d76-722c-49a0-9754-58e5b5e5e91f-pexels-cottonbro-4684372-min.jpg\" \/>\n\t<meta property=\"og:image:width\" content=\"1200\" \/>\n\t<meta property=\"og:image:height\" content=\"800\" \/>\n\t<meta property=\"og:image:type\" content=\"image\/jpeg\" \/>\n<meta name=\"twitter:card\" content=\"summary_large_image\" \/>\n<meta name=\"twitter:label1\" content=\"Dur\u00e9e de lecture estim\u00e9e\" \/>\n\t<meta name=\"twitter:data1\" content=\"6 minutes\" \/>\n<script type=\"application\/ld+json\" class=\"yoast-schema-graph\">{\"@context\":\"https:\/\/schema.org\",\"@graph\":[{\"@type\":\"WebPage\",\"@id\":\"https:\/\/yoopies.fr\/c\/qualites-aide-menagere\/\",\"url\":\"https:\/\/yoopies.fr\/c\/qualites-aide-menagere\/\",\"name\":\"Les qualit\u00e9s indispensables d'une aide m\u00e9nag\u00e8re\",\"isPartOf\":{\"@id\":\"https:\/\/yoopies.fr\/c\/#website\"},\"primaryImageOfPage\":{\"@id\":\"https:\/\/yoopies.fr\/c\/qualites-aide-menagere\/#primaryimage\"},\"image\":{\"@id\":\"https:\/\/yoopies.fr\/c\/qualites-aide-menagere\/#primaryimage\"},\"thumbnailUrl\":\"https:\/\/yoopies.fr\/c\/wp-content\/uploads\/2023\/08\/3fc04d76-722c-49a0-9754-58e5b5e5e91f-pexels-cottonbro-4684372-min.jpg\",\"datePublished\":\"2023-08-21T11:57:34+00:00\",\"dateModified\":\"2025-06-12T07:59:07+00:00\",\"description\":\"\u00catre aide m\u00e9nag\u00e8re requiert de nombreuses qualit\u00e9s. D\u00e9couvrez cet article pour les conna\u00eetre plus en d\u00e9tails.\",\"breadcrumb\":{\"@id\":\"https:\/\/yoopies.fr\/c\/qualites-aide-menagere\/#breadcrumb\"},\"inLanguage\":\"fr-FR\",\"potentialAction\":[{\"@type\":\"ReadAction\",\"target\":[\"https:\/\/yoopies.fr\/c\/qualites-aide-menagere\/\"]}]},{\"@type\":\"ImageObject\",\"inLanguage\":\"fr-FR\",\"@id\":\"https:\/\/yoopies.fr\/c\/qualites-aide-menagere\/#primaryimage\",\"url\":\"https:\/\/yoopies.fr\/c\/wp-content\/uploads\/2023\/08\/3fc04d76-722c-49a0-9754-58e5b5e5e91f-pexels-cottonbro-4684372-min.jpg\",\"contentUrl\":\"https:\/\/yoopies.fr\/c\/wp-content\/uploads\/2023\/08\/3fc04d76-722c-49a0-9754-58e5b5e5e91f-pexels-cottonbro-4684372-min.jpg\",\"width\":1200,\"height\":800},{\"@type\":\"BreadcrumbList\",\"@id\":\"https:\/\/yoopies.fr\/c\/qualites-aide-menagere\/#breadcrumb\",\"itemListElement\":[{\"@type\":\"ListItem\",\"position\":1,\"name\":\"Home\",\"item\":\"https:\/\/yoopies.fr\/c\/\"},{\"@type\":\"ListItem\",\"position\":2,\"name\":\"Les qualit\u00e9s indispensables d&rsquo;une aide m\u00e9nag\u00e8re\"}]},{\"@type\":\"WebSite\",\"@id\":\"https:\/\/yoopies.fr\/c\/#website\",\"url\":\"https:\/\/yoopies.fr\/c\/\",\"name\":\"Le Blog Yoopies\",\"description\":\"\",\"publisher\":{\"@id\":\"https:\/\/yoopies.fr\/c\/#organization\"},\"potentialAction\":[{\"@type\":\"SearchAction\",\"target\":{\"@type\":\"EntryPoint\",\"urlTemplate\":\"https:\/\/yoopies.fr\/c\/?s={search_term_string}\"},\"query-input\":{\"@type\":\"PropertyValueSpecification\",\"valueRequired\":true,\"valueName\":\"search_term_string\"}}],\"inLanguage\":\"fr-FR\"},{\"@type\":\"Organization\",\"@id\":\"https:\/\/yoopies.fr\/c\/#organization\",\"name\":\"Le Blog Yoopies\",\"url\":\"https:\/\/yoopies.fr\/c\/\",\"logo\":{\"@type\":\"ImageObject\",\"inLanguage\":\"fr-FR\",\"@id\":\"https:\/\/yoopies.fr\/c\/#\/schema\/logo\/image\/\",\"url\":\"https:\/\/yoopies.fr\/c\/wp-content\/uploads\/2025\/04\/cropped-Logo_Yoopies-2.png\",\"contentUrl\":\"https:\/\/yoopies.fr\/c\/wp-content\/uploads\/2025\/04\/cropped-Logo_Yoopies-2.png\",\"width\":512,\"height\":512,\"caption\":\"Le Blog Yoopies\"},\"image\":{\"@id\":\"https:\/\/yoopies.fr\/c\/#\/schema\/logo\/image\/\"}}]}<\/script>\n<!-- \/ Yoast SEO plugin. -->","yoast_head_json":{"title":"Les qualit\u00e9s indispensables d'une aide m\u00e9nag\u00e8re","description":"\u00catre aide m\u00e9nag\u00e8re requiert de nombreuses qualit\u00e9s. D\u00e9couvrez cet article pour les conna\u00eetre plus en d\u00e9tails.","robots":{"index":"index","follow":"follow","max-snippet":"max-snippet:-1","max-image-preview":"max-image-preview:large","max-video-preview":"max-video-preview:-1"},"canonical":"https:\/\/yoopies.fr\/c\/qualites-aide-menagere\/","og_locale":"fr_FR","og_type":"article","og_title":"Les qualit\u00e9s indispensables d'une aide m\u00e9nag\u00e8re","og_description":"\u00catre aide m\u00e9nag\u00e8re requiert de nombreuses qualit\u00e9s. D\u00e9couvrez cet article pour les conna\u00eetre plus en d\u00e9tails.","og_url":"https:\/\/yoopies.fr\/c\/qualites-aide-menagere\/","og_site_name":"Le Blog Yoopies","article_modified_time":"2025-06-12T07:59:07+00:00","og_image":[{"width":1200,"height":800,"url":"https:\/\/yoopies.fr\/c\/wp-content\/uploads\/2023\/08\/3fc04d76-722c-49a0-9754-58e5b5e5e91f-pexels-cottonbro-4684372-min.jpg","type":"image\/jpeg"}],"twitter_card":"summary_large_image","twitter_misc":{"Dur\u00e9e de lecture estim\u00e9e":"6 minutes"},"schema":{"@context":"https:\/\/schema.org","@graph":[{"@type":"WebPage","@id":"https:\/\/yoopies.fr\/c\/qualites-aide-menagere\/","url":"https:\/\/yoopies.fr\/c\/qualites-aide-menagere\/","name":"Les qualit\u00e9s indispensables d'une aide m\u00e9nag\u00e8re","isPartOf":{"@id":"https:\/\/yoopies.fr\/c\/#website"},"primaryImageOfPage":{"@id":"https:\/\/yoopies.fr\/c\/qualites-aide-menagere\/#primaryimage"},"image":{"@id":"https:\/\/yoopies.fr\/c\/qualites-aide-menagere\/#primaryimage"},"thumbnailUrl":"https:\/\/yoopies.fr\/c\/wp-content\/uploads\/2023\/08\/3fc04d76-722c-49a0-9754-58e5b5e5e91f-pexels-cottonbro-4684372-min.jpg","datePublished":"2023-08-21T11:57:34+00:00","dateModified":"2025-06-12T07:59:07+00:00","description":"\u00catre aide m\u00e9nag\u00e8re requiert de nombreuses qualit\u00e9s. D\u00e9couvrez cet article pour les conna\u00eetre plus en d\u00e9tails.","breadcrumb":{"@id":"https:\/\/yoopies.fr\/c\/qualites-aide-menagere\/#breadcrumb"},"inLanguage":"fr-FR","potentialAction":[{"@type":"ReadAction","target":["https:\/\/yoopies.fr\/c\/qualites-aide-menagere\/"]}]},{"@type":"ImageObject","inLanguage":"fr-FR","@id":"https:\/\/yoopies.fr\/c\/qualites-aide-menagere\/#primaryimage","url":"https:\/\/yoopies.fr\/c\/wp-content\/uploads\/2023\/08\/3fc04d76-722c-49a0-9754-58e5b5e5e91f-pexels-cottonbro-4684372-min.jpg","contentUrl":"https:\/\/yoopies.fr\/c\/wp-content\/uploads\/2023\/08\/3fc04d76-722c-49a0-9754-58e5b5e5e91f-pexels-cottonbro-4684372-min.jpg","width":1200,"height":800},{"@type":"BreadcrumbList","@id":"https:\/\/yoopies.fr\/c\/qualites-aide-menagere\/#breadcrumb","itemListElement":[{"@type":"ListItem","position":1,"name":"Home","item":"https:\/\/yoopies.fr\/c\/"},{"@type":"ListItem","position":2,"name":"Les qualit\u00e9s indispensables d&rsquo;une aide m\u00e9nag\u00e8re"}]},{"@type":"WebSite","@id":"https:\/\/yoopies.fr\/c\/#website","url":"https:\/\/yoopies.fr\/c\/","name":"Le Blog Yoopies","description":"","publisher":{"@id":"https:\/\/yoopies.fr\/c\/#organization"},"potentialAction":[{"@type":"SearchAction","target":{"@type":"EntryPoint","urlTemplate":"https:\/\/yoopies.fr\/c\/?s={search_term_string}"},"query-input":{"@type":"PropertyValueSpecification","valueRequired":true,"valueName":"search_term_string"}}],"inLanguage":"fr-FR"},{"@type":"Organization","@id":"https:\/\/yoopies.fr\/c\/#organization","name":"Le Blog Yoopies","url":"https:\/\/yoopies.fr\/c\/","logo":{"@type":"ImageObject","inLanguage":"fr-FR","@id":"https:\/\/yoopies.fr\/c\/#\/schema\/logo\/image\/","url":"https:\/\/yoopies.fr\/c\/wp-content\/uploads\/2025\/04\/cropped-Logo_Yoopies-2.png","contentUrl":"https:\/\/yoopies.fr\/c\/wp-content\/uploads\/2025\/04\/cropped-Logo_Yoopies-2.png","width":512,"height":512,"caption":"Le Blog Yoopies"},"image":{"@id":"https:\/\/yoopies.fr\/c\/#\/schema\/logo\/image\/"}}]}},"_links":{"self":[{"href":"https:\/\/yoopies.fr\/c\/wp-json\/wp\/v2\/pages\/200","targetHints":{"allow":["GET"]}}],"collection":[{"href":"https:\/\/yoopies.fr\/c\/wp-json\/wp\/v2\/pages"}],"about":[{"href":"https:\/\/yoopies.fr\/c\/wp-json\/wp\/v2\/types\/page"}],"author":[{"embeddable":true,"href":"https:\/\/yoopies.fr\/c\/wp-json\/wp\/v2\/users\/10"}],"replies":[{"embeddable":true,"href":"https:\/\/yoopies.fr\/c\/wp-json\/wp\/v2\/comments?post=200"}],"version-history":[{"count":1,"href":"https:\/\/yoopies.fr\/c\/wp-json\/wp\/v2\/pages\/200\/revisions"}],"predecessor-version":[{"id":203,"href":"https:\/\/yoopies.fr\/c\/wp-json\/wp\/v2\/pages\/200\/revisions\/203"}],"wp:featuredmedia":[{"embeddable":true,"href":"https:\/\/yoopies.fr\/c\/wp-json\/wp\/v2\/media\/202"}],"wp:attachment":[{"href":"https:\/\/yoopies.fr\/c\/wp-json\/wp\/v2\/media?parent=200"}],"curies":[{"name":"wp","href":"https:\/\/api.w.org\/{rel}","templated":true}]}}