{"id":195,"date":"2023-08-21T12:56:40","date_gmt":"2023-08-21T12:56:40","guid":{"rendered":"https:\/\/blog.yoopies.fr\/credit-impot-instantane\/"},"modified":"2025-06-12T07:58:57","modified_gmt":"2025-06-12T07:58:57","slug":"credit-impot-instantane","status":"publish","type":"page","link":"https:\/\/yoopies.fr\/c\/credit-impot-instantane\/","title":{"rendered":"Dispositif Home+ : Tout savoir sur le cr\u00e9dit d\u2019imp\u00f4t instantan\u00e9"},"content":{"rendered":"<p><p>Vous employez un(e) intervenant(e) &agrave; domicile : professeur particulier, aide m&eacute;nag&egrave;re, ou encore une aide &agrave; la personne. Nous avons une bonne nouvelle pour vous ! Le <strong>cr&eacute;dit d&rsquo;imp&ocirc;t instantan&eacute;<\/strong> devient enfin une r&eacute;alit&eacute; avec le <strong>dispositif HOME+<\/strong>. Dans cet article, nous allons vous expliquer comment fonctionne le cr&eacute;dit d&rsquo;imp&ocirc;t instantan&eacute; et les diff&eacute;rentes dates cl&eacute;s &agrave; retenir. <\/p>\n<\/p>\n<h2><strong>Le cr&eacute;dit d&rsquo;imp&ocirc;t instantan&eacute; : Qu&rsquo;est ce que c&rsquo;est ? <\/strong><\/h2>\n<\/p>\n<p class=\"block-img\"><img decoding=\"async\" src=\"https:\/\/yoopies.fr\/c\/wp-content\/uploads\/2023\/08\/61505023-9759-4748-a74c-00a52d440464_pexels-artem-podrez-449212928129.jpg\" alt=\"cr&eacute;dit d'imp&ocirc;t instantan&eacute; : dispositif home+\"><\/p>\n<h3><\/h3>\n<h3><strong>Le cr&eacute;dit d&rsquo;imp&ocirc;t &ldquo;Service &agrave; la Personne&rdquo; aujourd&rsquo;hui<\/strong><\/h3>\n<\/p>\n<p>Aujourd&rsquo;hui, il est possible de b&eacute;n&eacute;ficier d&rsquo;un cr&eacute;dit d&rsquo;imp&ocirc;t lorsque vous <a target=\"_blank\" rel=\"noopener\" href=\"https:\/\/yoopies.fr\/c\/embauche-salarie-a-domicile\/\">employez un intervenant &agrave; domicile <\/a>en tant que particulier-employeur.&nbsp;<\/p>\n<p>Dans ce cas, vous d&eacute;clarez toutes les d&eacute;penses sur votre d&eacute;claration d&rsquo;imp&ocirc;t l&rsquo;ann&eacute;e suivante et vous &ecirc;tes rembours&eacute;s &agrave; hauteur de 50% des frais engag&eacute;s, dans la limite de 12.000 euros par an (ce plafond peut &ecirc;tre major&eacute; sous certaines conditions).&nbsp;<\/p>\n<\/p>\n<h3><strong>Le cr&eacute;dit d&rsquo;imp&ocirc;t &ldquo;Service &agrave; la Personne&rdquo; &agrave; partir de 2022<\/strong><\/h3>\n<p>A partir de 2022, les particuliers employeurs qui feront appel aux <strong>services &agrave; domicile<\/strong> pourront b&eacute;n&eacute;ficier du <strong>versement imm&eacute;diat des aides<\/strong>. Ils ne devront plus attendre un an pour b&eacute;n&eacute;ficier du remboursement de leur cr&eacute;dit d&rsquo;imp&ocirc;t : ils ne paieront que 50% du co&ucirc;t de la prestation, l&rsquo;&Eacute;tat se chargeant de r&eacute;gler l&rsquo;autre moiti&eacute; directement aupr&egrave;s du salari&eacute;, ce qui aura pour effet imm&eacute;diat de diviser par deux le co&ucirc;t de la prestation sollicit&eacute;e.<\/p>\n<p>Ce dispositif est en phase de test depuis le 25 septembre 2020 aupr&egrave;s des particuliers employeurs qui habitent le Nord de la France et &agrave; Paris. Le <strong>cr&eacute;dit d&rsquo;imp&ocirc;t<\/strong> instantan&eacute; entrera en vigueur dans le reste de la France d&egrave;s Janvier 2022 pour le m&eacute;nage, le jardinage ou encore les professeurs particuliers &agrave; domicile. Toutefois, il faudra attendre un peu plus pour la garde d&rsquo;enfant qui devrait &ecirc;tre &eacute;ligible plus tard. Aucune date n&rsquo;a &eacute;t&eacute; communiqu&eacute;e pour le moment pour la garde d&rsquo;enfant.<\/p>\n<p>Les personnes &acirc;g&eacute;es en perte d&rsquo;autonomie ou en situation de handicap b&eacute;n&eacute;ficiant d&rsquo;une <strong>aide &agrave; la personne <\/strong>et qui per&ccedil;oivent l&rsquo;allocation personnalis&eacute;e d&rsquo;autonomie (APA) ou la prestation de compensation du handicap (PCH) devront &eacute;galement patienter avant d&rsquo;y &ecirc;tre &eacute;ligible plus tard dans l&rsquo;ann&eacute;e. <\/p>\n<\/p>\n<h2><strong>Comment fonctionne le cr&eacute;dit d&rsquo;imp&ocirc;t instantan&eacute; ?<\/strong><\/h2>\n<p>Le <strong>versement instantan&eacute; des aides<\/strong> sera rendu possible gr&acirc;ce au dispositif Home+. Une fois la d&eacute;claration des heures travaill&eacute;es effectu&eacute;e, les particuliers se verront d&eacute;bit&eacute;s du montant correspondant au salaire de leur salari&eacute; &agrave; domicile auquel sera retranch&eacute; le montant des aides auxquelles il est &eacute;ligible et du cr&eacute;dit d&rsquo;imp&ocirc;t services &agrave; la personne.&nbsp;<\/p>\n<\/p>\n<h3><strong>Qu&rsquo;est ce que le dispositif Home+ pour les particuliers employeurs ?&nbsp;<\/strong><\/h3>\n<p>Le particulier employeur n&rsquo;aura pas &agrave; payer la totalit&eacute; d&rsquo;un service et attendre un an pour b&eacute;n&eacute;ficier du cr&eacute;dit d&rsquo;imp&ocirc;t. Il divise ainsi par deux le co&ucirc;t imm&eacute;diat de la prestation sollicit&eacute;e en b&eacute;n&eacute;ficiant imm&eacute;diatement du cr&eacute;dit d&rsquo;imp&ocirc;t sans avance de tr&eacute;sorerie.<\/p>\n<p>L&rsquo;objectif de ce syst&egrave;me est de soutenir les finances des m&eacute;nages et d&rsquo;encourager les particuliers &agrave; opter pour les services &agrave; domicile. Le dispositif Home+ permettra ainsi de soulager les familles, en particulier les plus modestes, qui pourront dor&eacute;navant faire appel aux services &agrave; domicile afin de concilier vie personnelle et vie professionnelle. Il permettra &eacute;galement de lutter contre le travail au noir en encourageant la d&eacute;claration des heures prest&eacute;es permettant de b&eacute;n&eacute;ficier de ce dispositif. La mise en &oelig;uvre du cr&eacute;dit d&rsquo;imp&ocirc;t instantan&eacute; pourrait sensiblement redynamiser le secteur des services &agrave; la personne et&nbsp; cr&eacute;er de nouveaux emplois.&nbsp;<\/p>\n<p>Il n&rsquo;y aura aucun changement pour les salari&eacute;s qui recevront leur salaire directement par le dispositif Home+.<\/p>\n<h3><strong>Le cr&eacute;dit d&rsquo;imp&ocirc;t instantan&eacute; avec CESU+<\/strong><\/h3>\n<p>Comme vous l&rsquo;aurez compris, la r&eacute;forme va &ecirc;tre mise en &oelig;uvre par &eacute;tapes.&nbsp; En janvier 2022, certains particuliers employeurs vont pouvoir profiter du cr&eacute;dit d&rsquo;imp&ocirc;t instantan&eacute; et d&rsquo;autres risquent d&rsquo;&ecirc;tre contrari&eacute;s. On vous explique tout.<\/p>\n<p>Pour le moment, seuls les particuliers employeurs affili&eacute;s au service Cesu+, vont b&eacute;n&eacute;ficier du cr&eacute;dit d&rsquo;imp&ocirc;t instantan&eacute;, d&egrave;s le d&eacute;but de l&rsquo;ann&eacute;e prochaine (50% des sommes engag&eacute;es dans la limite de 12.000 euros par an). En revanche, les particuliers employeurs qui rel&egrave;vent du <a target=\"_blank\" rel=\"noopener\" href=\"https:\/\/www.cesu.urssaf.fr\/info\/accueil.html\">Cesu<\/a> mais qui n&rsquo;ont pas opt&eacute; pour le service Cesu+ n&rsquo;y auront pas droit tant qu&rsquo;ils n&rsquo;auront pas activ&eacute; ce service. Pour eux, le cr&eacute;dit d&rsquo;imp&ocirc;t continuera d&rsquo;&ecirc;tre vers&eacute; avec le d&eacute;calage actuel.<\/p>\n<p>D&egrave;s avril 2022, les particuliers faisant appel &agrave; des mandataires ou prestataires de services &agrave; la personnes (agences), seront &eacute;galement &eacute;ligibles au dispositif. Il faudra en revanche attendre le second semestre 2022 pour que les b&eacute;n&eacute;ficiaires de l&rsquo;Allocation personnalis&eacute;e d&rsquo;autonomie (Apa) ou de la Prestation de compensation du handicap (PCH) puissent &agrave; leur tour en profiter.<\/p>\n<\/p>\n<h3><strong>Le cr&eacute;dit d&rsquo;imp&ocirc;t instantan&eacute; avec Pajemploi :<\/strong><\/h3>\n<p>Les familles passant par <a target=\"_blank\" rel=\"noopener\" href=\"https:\/\/www.pajemploi.urssaf.fr\/pajewebinfo\/cms\/sites\/pajewebinfo\/accueil.html\">Pajemploi <\/a>(garde d&rsquo;enfants de moins de 6 ans, assistantes maternelles) devront faire preuve d&rsquo;un peu plus de patience pour pouvoir profiter du syst&egrave;me de cr&eacute;dit d&rsquo;imp&ocirc;t instantan&eacute;. C&rsquo;est la complexit&eacute; de la comptabilisation du cumul des aides CAF de garde d&rsquo;enfants et du cr&eacute;dit d&rsquo;imp&ocirc;t qui imposerait un d&eacute;calage dans sa mise en place. Aucune date ni engagements ne sont aujourd&rsquo;hui avanc&eacute;s pour ce secteur.&nbsp; Pourtant, l&agrave; o&ugrave; avant la crise, la cr&egrave;che ou la cr&egrave;che d&rsquo;entreprise &eacute;taient privil&eacute;gi&eacute;es, la pouss&eacute;e du t&eacute;l&eacute;travail a plac&eacute; la garde d&rsquo;enfants &agrave; domicile sur le devant de la sc&egrave;ne.<\/p>\n<h4><\/h4>\n<h2><strong>Le dispositif Home+ et Yoopies<\/strong><\/h2>\n<\/p>\n<p class=\"block-img\"><img decoding=\"async\" src=\"https:\/\/yoopies.fr\/c\/wp-content\/uploads\/2023\/08\/3c4e641f-61ff-4583-9c69-252714262c7b_pexels-andrea-piacquadio-382348828129.jpg\" alt=\"\"><\/p>\n<p>Le <strong>cr&eacute;dit d&rsquo;imp&ocirc;t instantan&eacute;<\/strong> sera disponible si vous passez par <a href=\"https:\/\/yoopies.fr\/\">Yoopies <\/a>pour employer votre intervenant &agrave; domicile. Il vous suffira pour cela de d&eacute;clarer le montant de vos d&eacute;penses pour en b&eacute;n&eacute;ficier et vous ne payerez que la moiti&eacute; de la prestation ! Bonne nouvelle non ?<\/p>\n<p>Ainsi, chez Yoopies, &agrave; partir d&rsquo;avril 2022, le cr&eacute;dit d&rsquo;imp&ocirc;t instantan&eacute; sera appliqu&eacute; directement sur le montant du salaire pay&eacute; par la famille.&nbsp;<\/p>\n<p>Toutes les familles employant des aides m&eacute;nag&egrave;res, des jardiniers, des aides &agrave; la personne et des professeurs de soutien scolaire pourront b&eacute;n&eacute;ficier de ce cr&eacute;dit d&rsquo;imp&ocirc;t. La garde d&rsquo;enfants est la seule activit&eacute; &agrave; &ecirc;tre oubli&eacute;e de cette r&eacute;forme. Bien entendu, le dispositif Home+ ne vous dispensera pas des formalit&eacute;s administratives relatives &agrave; l&rsquo;emploi de votre salari&eacute; &agrave; domicile.&nbsp; <\/p>\n<p>Yoopies, premi&egrave;re plateforme de service &agrave; la personne, reste toujours l&agrave; pour vous accompagner dans vos d&eacute;marches.&nbsp;<\/p>\n<\/p>\n<p><a class=\"button\" href=\"https:\/\/yoopies.fr\/\">\u00a0Yoopies, un gain de temps, d\u2019argent et de s\u00e9curit\u00e9\u00a0\u00a0<\/a><\/p>\n<p><p>Maintenant, le cr&eacute;dit d&rsquo;imp&ocirc;t instantan&eacute; n&rsquo;a plus aucun secret pour vous ! Vous n&rsquo;avez plus qu&rsquo;&agrave; attendre que le dispositif soit effectif afin de tester le dispositif <strong>Home+<\/strong> &agrave; la maison?<\/p><\/p>\n","protected":false},"excerpt":{"rendered":"<p>Vous employez un(e) intervenant(e) &agrave; domicile : professeur particulier, aide m&eacute;nag&egrave;re, ou encore une aide &agrave; la personne. Nous avons &hellip; <\/p>\n","protected":false},"author":10,"featured_media":198,"parent":0,"menu_order":0,"comment_status":"closed","ping_status":"closed","template":"","meta":{"_acf_changed":false,"footnotes":""},"class_list":["post-195","page","type-page","status-publish","has-post-thumbnail","hentry"],"acf":[],"yoast_head":"<!-- This site is optimized with the Yoast SEO plugin v26.9 - https:\/\/yoast.com\/product\/yoast-seo-wordpress\/ -->\n<title>Dispositif Home+ : Tout savoir sur le cr\u00e9dit d\u2019imp\u00f4t instantan\u00e9<\/title>\n<meta name=\"description\" content=\"Le cr\u00e9dit d\u2019imp\u00f4t instantan\u00e9 devient enfin une r\u00e9alit\u00e9 avec le dispositif HOME+. Consultez l&#039;article pour en savoir plus.\" \/>\n<meta name=\"robots\" content=\"index, follow, max-snippet:-1, max-image-preview:large, max-video-preview:-1\" \/>\n<link rel=\"canonical\" href=\"https:\/\/yoopies.fr\/c\/credit-impot-instantane\/\" \/>\n<meta property=\"og:locale\" content=\"fr_FR\" \/>\n<meta property=\"og:type\" content=\"article\" \/>\n<meta property=\"og:title\" content=\"Dispositif Home+ : Tout savoir sur le cr\u00e9dit d\u2019imp\u00f4t instantan\u00e9\" \/>\n<meta property=\"og:description\" content=\"Le cr\u00e9dit d\u2019imp\u00f4t instantan\u00e9 devient enfin une r\u00e9alit\u00e9 avec le dispositif HOME+. Consultez l&#039;article pour en savoir plus.\" \/>\n<meta property=\"og:url\" content=\"https:\/\/yoopies.fr\/c\/credit-impot-instantane\/\" \/>\n<meta property=\"og:site_name\" content=\"Le Blog Yoopies\" \/>\n<meta property=\"article:modified_time\" content=\"2025-06-12T07:58:57+00:00\" \/>\n<meta property=\"og:image\" content=\"https:\/\/yoopies.fr\/c\/wp-content\/uploads\/2023\/08\/3c4e641f-61ff-4583-9c69-252714262c7b-pexels-andrea-piacquadio-382348828129.jpg\" \/>\n\t<meta property=\"og:image:width\" content=\"1200\" \/>\n\t<meta property=\"og:image:height\" content=\"800\" \/>\n\t<meta property=\"og:image:type\" content=\"image\/jpeg\" \/>\n<meta name=\"twitter:card\" content=\"summary_large_image\" \/>\n<meta name=\"twitter:label1\" content=\"Dur\u00e9e de lecture estim\u00e9e\" \/>\n\t<meta name=\"twitter:data1\" content=\"8 minutes\" \/>\n<script type=\"application\/ld+json\" class=\"yoast-schema-graph\">{\"@context\":\"https:\/\/schema.org\",\"@graph\":[{\"@type\":\"WebPage\",\"@id\":\"https:\/\/yoopies.fr\/c\/credit-impot-instantane\/\",\"url\":\"https:\/\/yoopies.fr\/c\/credit-impot-instantane\/\",\"name\":\"Dispositif Home+ : Tout savoir sur le cr\u00e9dit d\u2019imp\u00f4t instantan\u00e9\",\"isPartOf\":{\"@id\":\"https:\/\/yoopies.fr\/c\/#website\"},\"primaryImageOfPage\":{\"@id\":\"https:\/\/yoopies.fr\/c\/credit-impot-instantane\/#primaryimage\"},\"image\":{\"@id\":\"https:\/\/yoopies.fr\/c\/credit-impot-instantane\/#primaryimage\"},\"thumbnailUrl\":\"https:\/\/yoopies.fr\/c\/wp-content\/uploads\/2023\/08\/3c4e641f-61ff-4583-9c69-252714262c7b-pexels-andrea-piacquadio-382348828129.jpg\",\"datePublished\":\"2023-08-21T12:56:40+00:00\",\"dateModified\":\"2025-06-12T07:58:57+00:00\",\"description\":\"Le cr\u00e9dit d\u2019imp\u00f4t instantan\u00e9 devient enfin une r\u00e9alit\u00e9 avec le dispositif HOME+. Consultez l'article pour en savoir plus.\",\"breadcrumb\":{\"@id\":\"https:\/\/yoopies.fr\/c\/credit-impot-instantane\/#breadcrumb\"},\"inLanguage\":\"fr-FR\",\"potentialAction\":[{\"@type\":\"ReadAction\",\"target\":[\"https:\/\/yoopies.fr\/c\/credit-impot-instantane\/\"]}]},{\"@type\":\"ImageObject\",\"inLanguage\":\"fr-FR\",\"@id\":\"https:\/\/yoopies.fr\/c\/credit-impot-instantane\/#primaryimage\",\"url\":\"https:\/\/yoopies.fr\/c\/wp-content\/uploads\/2023\/08\/3c4e641f-61ff-4583-9c69-252714262c7b-pexels-andrea-piacquadio-382348828129.jpg\",\"contentUrl\":\"https:\/\/yoopies.fr\/c\/wp-content\/uploads\/2023\/08\/3c4e641f-61ff-4583-9c69-252714262c7b-pexels-andrea-piacquadio-382348828129.jpg\",\"width\":1200,\"height\":800},{\"@type\":\"BreadcrumbList\",\"@id\":\"https:\/\/yoopies.fr\/c\/credit-impot-instantane\/#breadcrumb\",\"itemListElement\":[{\"@type\":\"ListItem\",\"position\":1,\"name\":\"Home\",\"item\":\"https:\/\/yoopies.fr\/c\/\"},{\"@type\":\"ListItem\",\"position\":2,\"name\":\"Dispositif Home+ : Tout savoir sur le cr\u00e9dit d\u2019imp\u00f4t instantan\u00e9\"}]},{\"@type\":\"WebSite\",\"@id\":\"https:\/\/yoopies.fr\/c\/#website\",\"url\":\"https:\/\/yoopies.fr\/c\/\",\"name\":\"Le Blog Yoopies\",\"description\":\"\",\"publisher\":{\"@id\":\"https:\/\/yoopies.fr\/c\/#organization\"},\"potentialAction\":[{\"@type\":\"SearchAction\",\"target\":{\"@type\":\"EntryPoint\",\"urlTemplate\":\"https:\/\/yoopies.fr\/c\/?s={search_term_string}\"},\"query-input\":{\"@type\":\"PropertyValueSpecification\",\"valueRequired\":true,\"valueName\":\"search_term_string\"}}],\"inLanguage\":\"fr-FR\"},{\"@type\":\"Organization\",\"@id\":\"https:\/\/yoopies.fr\/c\/#organization\",\"name\":\"Le Blog Yoopies\",\"url\":\"https:\/\/yoopies.fr\/c\/\",\"logo\":{\"@type\":\"ImageObject\",\"inLanguage\":\"fr-FR\",\"@id\":\"https:\/\/yoopies.fr\/c\/#\/schema\/logo\/image\/\",\"url\":\"https:\/\/yoopies.fr\/c\/wp-content\/uploads\/2025\/04\/cropped-Logo_Yoopies-2.png\",\"contentUrl\":\"https:\/\/yoopies.fr\/c\/wp-content\/uploads\/2025\/04\/cropped-Logo_Yoopies-2.png\",\"width\":512,\"height\":512,\"caption\":\"Le Blog Yoopies\"},\"image\":{\"@id\":\"https:\/\/yoopies.fr\/c\/#\/schema\/logo\/image\/\"}}]}<\/script>\n<!-- \/ Yoast SEO plugin. -->","yoast_head_json":{"title":"Dispositif Home+ : Tout savoir sur le cr\u00e9dit d\u2019imp\u00f4t instantan\u00e9","description":"Le cr\u00e9dit d\u2019imp\u00f4t instantan\u00e9 devient enfin une r\u00e9alit\u00e9 avec le dispositif HOME+. Consultez l'article pour en savoir plus.","robots":{"index":"index","follow":"follow","max-snippet":"max-snippet:-1","max-image-preview":"max-image-preview:large","max-video-preview":"max-video-preview:-1"},"canonical":"https:\/\/yoopies.fr\/c\/credit-impot-instantane\/","og_locale":"fr_FR","og_type":"article","og_title":"Dispositif Home+ : Tout savoir sur le cr\u00e9dit d\u2019imp\u00f4t instantan\u00e9","og_description":"Le cr\u00e9dit d\u2019imp\u00f4t instantan\u00e9 devient enfin une r\u00e9alit\u00e9 avec le dispositif HOME+. Consultez l'article pour en savoir plus.","og_url":"https:\/\/yoopies.fr\/c\/credit-impot-instantane\/","og_site_name":"Le Blog Yoopies","article_modified_time":"2025-06-12T07:58:57+00:00","og_image":[{"width":1200,"height":800,"url":"https:\/\/yoopies.fr\/c\/wp-content\/uploads\/2023\/08\/3c4e641f-61ff-4583-9c69-252714262c7b-pexels-andrea-piacquadio-382348828129.jpg","type":"image\/jpeg"}],"twitter_card":"summary_large_image","twitter_misc":{"Dur\u00e9e de lecture estim\u00e9e":"8 minutes"},"schema":{"@context":"https:\/\/schema.org","@graph":[{"@type":"WebPage","@id":"https:\/\/yoopies.fr\/c\/credit-impot-instantane\/","url":"https:\/\/yoopies.fr\/c\/credit-impot-instantane\/","name":"Dispositif Home+ : Tout savoir sur le cr\u00e9dit d\u2019imp\u00f4t instantan\u00e9","isPartOf":{"@id":"https:\/\/yoopies.fr\/c\/#website"},"primaryImageOfPage":{"@id":"https:\/\/yoopies.fr\/c\/credit-impot-instantane\/#primaryimage"},"image":{"@id":"https:\/\/yoopies.fr\/c\/credit-impot-instantane\/#primaryimage"},"thumbnailUrl":"https:\/\/yoopies.fr\/c\/wp-content\/uploads\/2023\/08\/3c4e641f-61ff-4583-9c69-252714262c7b-pexels-andrea-piacquadio-382348828129.jpg","datePublished":"2023-08-21T12:56:40+00:00","dateModified":"2025-06-12T07:58:57+00:00","description":"Le cr\u00e9dit d\u2019imp\u00f4t instantan\u00e9 devient enfin une r\u00e9alit\u00e9 avec le dispositif HOME+. Consultez l'article pour en savoir plus.","breadcrumb":{"@id":"https:\/\/yoopies.fr\/c\/credit-impot-instantane\/#breadcrumb"},"inLanguage":"fr-FR","potentialAction":[{"@type":"ReadAction","target":["https:\/\/yoopies.fr\/c\/credit-impot-instantane\/"]}]},{"@type":"ImageObject","inLanguage":"fr-FR","@id":"https:\/\/yoopies.fr\/c\/credit-impot-instantane\/#primaryimage","url":"https:\/\/yoopies.fr\/c\/wp-content\/uploads\/2023\/08\/3c4e641f-61ff-4583-9c69-252714262c7b-pexels-andrea-piacquadio-382348828129.jpg","contentUrl":"https:\/\/yoopies.fr\/c\/wp-content\/uploads\/2023\/08\/3c4e641f-61ff-4583-9c69-252714262c7b-pexels-andrea-piacquadio-382348828129.jpg","width":1200,"height":800},{"@type":"BreadcrumbList","@id":"https:\/\/yoopies.fr\/c\/credit-impot-instantane\/#breadcrumb","itemListElement":[{"@type":"ListItem","position":1,"name":"Home","item":"https:\/\/yoopies.fr\/c\/"},{"@type":"ListItem","position":2,"name":"Dispositif Home+ : Tout savoir sur le cr\u00e9dit d\u2019imp\u00f4t instantan\u00e9"}]},{"@type":"WebSite","@id":"https:\/\/yoopies.fr\/c\/#website","url":"https:\/\/yoopies.fr\/c\/","name":"Le Blog Yoopies","description":"","publisher":{"@id":"https:\/\/yoopies.fr\/c\/#organization"},"potentialAction":[{"@type":"SearchAction","target":{"@type":"EntryPoint","urlTemplate":"https:\/\/yoopies.fr\/c\/?s={search_term_string}"},"query-input":{"@type":"PropertyValueSpecification","valueRequired":true,"valueName":"search_term_string"}}],"inLanguage":"fr-FR"},{"@type":"Organization","@id":"https:\/\/yoopies.fr\/c\/#organization","name":"Le Blog Yoopies","url":"https:\/\/yoopies.fr\/c\/","logo":{"@type":"ImageObject","inLanguage":"fr-FR","@id":"https:\/\/yoopies.fr\/c\/#\/schema\/logo\/image\/","url":"https:\/\/yoopies.fr\/c\/wp-content\/uploads\/2025\/04\/cropped-Logo_Yoopies-2.png","contentUrl":"https:\/\/yoopies.fr\/c\/wp-content\/uploads\/2025\/04\/cropped-Logo_Yoopies-2.png","width":512,"height":512,"caption":"Le Blog Yoopies"},"image":{"@id":"https:\/\/yoopies.fr\/c\/#\/schema\/logo\/image\/"}}]}},"_links":{"self":[{"href":"https:\/\/yoopies.fr\/c\/wp-json\/wp\/v2\/pages\/195","targetHints":{"allow":["GET"]}}],"collection":[{"href":"https:\/\/yoopies.fr\/c\/wp-json\/wp\/v2\/pages"}],"about":[{"href":"https:\/\/yoopies.fr\/c\/wp-json\/wp\/v2\/types\/page"}],"author":[{"embeddable":true,"href":"https:\/\/yoopies.fr\/c\/wp-json\/wp\/v2\/users\/10"}],"replies":[{"embeddable":true,"href":"https:\/\/yoopies.fr\/c\/wp-json\/wp\/v2\/comments?post=195"}],"version-history":[{"count":1,"href":"https:\/\/yoopies.fr\/c\/wp-json\/wp\/v2\/pages\/195\/revisions"}],"predecessor-version":[{"id":199,"href":"https:\/\/yoopies.fr\/c\/wp-json\/wp\/v2\/pages\/195\/revisions\/199"}],"wp:featuredmedia":[{"embeddable":true,"href":"https:\/\/yoopies.fr\/c\/wp-json\/wp\/v2\/media\/198"}],"wp:attachment":[{"href":"https:\/\/yoopies.fr\/c\/wp-json\/wp\/v2\/media?parent=195"}],"curies":[{"name":"wp","href":"https:\/\/api.w.org\/{rel}","templated":true}]}}