{"id":187,"date":"2023-08-21T12:21:29","date_gmt":"2023-08-21T12:21:29","guid":{"rendered":"https:\/\/blog.yoopies.fr\/menage-informations-familles\/"},"modified":"2025-06-12T07:59:08","modified_gmt":"2025-06-12T07:59:08","slug":"menage-informations-familles","status":"publish","type":"page","link":"https:\/\/yoopies.fr\/c\/menage-informations-familles\/","title":{"rendered":"Recherche d&rsquo;une aide m\u00e9nag\u00e8re"},"content":{"rendered":"<p><p><strong>Vous avez besoin d&rsquo;aide m&eacute;nag&egrave;re et vous cherchez une femme de m&eacute;nage pour votre domicile ?<\/strong><\/p>\n<h2><strong>Sommaire <\/strong><\/h2>\n<ul>\n<li><a href=\"https:\/\/#h2-2\">Une aide m&eacute;nag&egrave;re pour vous &eacute;pargner plus de temps ! <\/a>\u23f0<\/li>\n<li><a href=\"https:\/\/#h2-3\">Une aide m&eacute;nag&egrave;re, &ccedil;a change vraiment la vie ! ?<\/a><\/li>\n<li><a href=\"https:\/\/#h2-3\">Une aide m&eacute;nag&egrave;re pour les personnes d&eacute;pendantes ?&zwj;?<\/a><\/li>\n<\/ul>\n<figure><img decoding=\"async\" src=\"https:\/\/yoopies.fr\/c\/wp-content\/uploads\/2023\/08\/fce172eb-7877-4c47-8dc7-71b571d7886d-shutterstock-1230052024-ld.jpg\" alt=\"M\u00e9nage \u00e0 domicile\" \/><\/figure>\n<p><p>Vous souhaitez garder votre maison en parfait &eacute;tat mais vous n&rsquo;avez pas le temps de vous en occuper ? Rien de mieux que de faire appel &agrave; une aide-m&eacute;nag&egrave;re. Engager un homme ou une femme de m&eacute;nage vous facilitera la vie au quotidien. Trouver la perle rare pour les services &agrave; domicile n&rsquo;est pas toujours &eacute;vident. Cette t&acirc;che est souvent ardue et peut demander beaucoup d&rsquo;efforts et de temps. <\/p>\n<p><a target=\"_blank\" rel=\"noopener\" href=\"https:\/\/yoopies.fr\/menage\">Yoopies <\/a>propose de milliers d&rsquo;intervenant pour le m&eacute;nage &agrave; domicile. En embauchant vous m&ecirc;me votre aide m&eacute;nag&egrave;re, ce sera &agrave; vous d&rsquo;&eacute;tablir le contrat de travail ainsi que les fiches de paie de votre employ&eacute;. <\/p>\n<\/p>\n<h2><strong>Une aide m&eacute;nag&egrave;re pour vous &eacute;pargner plus de temps ! \u23f0<\/strong><\/h2>\n<\/p>\n<p>Chez tout le monde, les t&acirc;ches m&eacute;nag&egrave;res sont toujours stressantes ! Mais elles sont indispensables, que ce soit pour l&rsquo;esth&eacute;tisme de l&rsquo;int&eacute;rieur ou encore pour l&rsquo;hygi&egrave;ne. Se sentir &agrave; l&rsquo;aise chez soi signifie vivre dans un environnement propre et sain ! <\/p>\n<p>Employer une aide m&eacute;nag&egrave;re vous permettra de vous &eacute;pargner une grande partie de votre temps ! Entre le temps pass&eacute; dans les transports, au travail, avec les enfants ou les amis, il est souvent difficile de se lib&eacute;rer du temps pour l&rsquo;entretien et le nettoyage de son domicile ! On est d&rsquo;accord ? Nettoyer est la derni&egrave;re chose que l&rsquo;on veut faire ! Croyez-nous, l&rsquo;id&eacute;e d&rsquo;avoir une aide m&eacute;nag&egrave;re vous s&eacute;duira ! Vous pourrez enfin profiter enti&egrave;rement de votre week-end ! Si vous avez des enfants, plut&ocirc;t que de s&rsquo;&eacute;nerver parce que leur chambre est devenue horrible, profitez de faire des trucs &laquo;&nbsp;sympas&raquo; pendant ce temps libre ! <\/p>\n<\/p>\n<h3><a target=\"_blank\" rel=\"noopener\" href=\"https:\/\/yoopies.fr\/c\/repassage-corvee-ou-plaisir\/\">Repassage : plut&ocirc;t une corv&eacute;e ou un plaisir ? <\/a><\/h3>\n<p>Voici quelques techniques qui vous aideront &agrave; repasser vos v&ecirc;tements sans perdre la t&ecirc;te, lorsque votre aide m&eacute;nag&egrave;re n&rsquo;est pas l&agrave; ! <\/p>\n<h3><\/h3>\n<h2><strong>Une aide m&eacute;nag&egrave;re, &ccedil;a change vraiment la vie ! ?<\/strong><\/h2>\n<\/p>\n<p>Employer une aide m&eacute;nag&egrave;re vous permettra d&rsquo;am&eacute;liorer votre relation ! Il y a peu de choses qui provoquent autant de ressentiment dans un couple que les t&acirc;ches m&eacute;nag&egrave;res. Le m&eacute;nage provoque une &laquo;&nbsp;v&eacute;ritable guerre des tranch&eacute;es&nbsp;&raquo; entre vous ?  Alors pourquoi ne pas faire intervenir la bonne personne&nbsp;? Rien de mieux pour rel&acirc;cher la pression ne serait-ce qu&rsquo;une heure dans la semaine.<\/p>\n<\/p>\n<p>Nos aides m&eacute;nag&egrave;res sont l&agrave; pour s&rsquo;assurer que votre lieu de vie est propre et agr&eacute;able &agrave; vivre. Elles s&rsquo;occupent de nettoyer le sol, passer l&rsquo;aspirateur, faire la poussi&egrave;re, changer les draps, a&eacute;rer les pi&egrave;ces&hellip; Pensez &agrave; pr&eacute;parer les produits nettoyants m&eacute;nagers (Javel, nettoyant adapt&eacute; par type de surface&#8230;) ainsi que le mat&eacute;riel d&rsquo;entretien (aspirateur, serpill&egrave;re, &eacute;ponge &#8230;) Prenez du temps d&rsquo;&eacute;changer avec votre aide m&eacute;nag&egrave;re avant sa prestation surtout s&rsquo;il s&rsquo;agit de sa premi&egrave;re fois chez vous. Vous pourrez, par exemple, lui faire part de vos attentes sous forme de liste. Qu&rsquo;est ce qu&rsquo;un m&eacute;nage r&eacute;ussi pour vous ? Quels sont les points sur lesquels vous pouvez faire un compromis s&rsquo;il lui manque un peu de temps ?&nbsp;Soyez clair et pr&eacute;cis car ces informations sont pr&eacute;cieuses pour vous apporter satisfaction. <\/p>\n<\/p>\n<p><strong>Pour en savoir plus, Yoopies r&eacute;pond &agrave; vos questions dans les articles r&eacute;dig&eacute;s par nos experts.<\/strong><\/p>\n<\/p>\n<h3><a target=\"_blank\" rel=\"noopener\" href=\"https:\/\/yoopies.fr\/c\/premier-menage-a-domicile\/\">M&eacute;nage &agrave; domicile : comment se pr&eacute;parer &agrave; la premi&egrave;re journ&eacute;e ?<\/a><\/h3>\n<p>Pour vous faire gagner du temps avant que l&rsquo;homme ou la femme de m&eacute;nage arrive chez vous, nous vous avons pr&eacute;par&eacute; un article avec les choses &agrave; ne pas oublier.<\/p>\n<h4><\/h4>\n<h3><a target=\"_blank\" rel=\"noopener\" href=\"https:\/\/yoopies.fr\/c\/employer-femme-de-menage\/\">Employer une femme de m&eacute;nage : conseils et r&eacute;flexes<\/a><\/h3>\n<p>Embaucher une femme de m&eacute;nage, c&rsquo;est retrouver un peu de z&eacute;nitude et de temps pour soi. Dans cet article, vous trouverez quelques bons r&eacute;flexes &agrave; adopter pour trouver votre f&eacute;e du logis.<\/p>\n<\/p>\n<h2><strong>Une aide m&eacute;nag&egrave;re pour les personnes d&eacute;pendantes ?&zwj;?<\/strong><\/h2>\n<\/p>\n<p>En vieillissant, beaucoup de personnes perdent leur autonomie. Les gestes du quotidien peuvent &ecirc;tre plus difficiles et peuvent demander plus de temps pour une personne &acirc;g&eacute;e ou une personne d&eacute;pendante! Pour les garder le plus longtemps possible &agrave; leur domicile, vous pouvez faire appel &agrave; une aide m&eacute;nag&egrave;re ! Nos intervenants r&eacute;alisent les gestes qu&rsquo;ils ne peuvent plus faire : laver des assiettes, porter un fer &agrave; repasser, balayer le sol par exemple. En plus de ces t&acirc;ches,&nbsp;l&rsquo;aide m&eacute;nag&egrave;re&nbsp;peut &eacute;galement vous aider dans la pr&eacute;paration des repas ou encore &agrave; nourrir vos animaux de compagnie.<\/p>\n<p>L&rsquo;aide m&eacute;nag&egrave;re est une aide humaine pr&eacute;cieuse car elle pourra communiquer avec la personne &acirc;g&eacute;e en &eacute;changeant avec elle. Outre son travail d&rsquo;entretien du domicile, elle peut &eacute;galement apporter un soutien moral &agrave; la personne d&eacute;pendante, qui se retrouve parfois isol&eacute;e. <\/p>\n<\/p>\n<p><strong> Tous nos guides officiels sont tenus &agrave; jour afin que vous soyez toujours inform&eacute;s des actualit&eacute;s.<\/strong><\/p>\n<\/p>\n<p><a class=\"button\" href=\"https:\/\/yoopies.fr\/menage\">Trouvez une femme de m\u00e9nage de confiance en cliquant ici. <\/a><\/p>\n","protected":false},"excerpt":{"rendered":"<p>Vous avez besoin d&rsquo;aide m&eacute;nag&egrave;re et vous cherchez une femme de m&eacute;nage pour votre domicile ? Sommaire Une aide m&eacute;nag&egrave;re &hellip; <\/p>\n","protected":false},"author":10,"featured_media":189,"parent":0,"menu_order":0,"comment_status":"closed","ping_status":"closed","template":"","meta":{"_acf_changed":false,"footnotes":""},"class_list":["post-187","page","type-page","status-publish","has-post-thumbnail","hentry"],"acf":[],"yoast_head":"<!-- This site is optimized with the Yoast SEO plugin v26.9 - https:\/\/yoast.com\/product\/yoast-seo-wordpress\/ -->\n<title>M\u00e9nage - Informations aux familles<\/title>\n<meta name=\"description\" content=\"Vous cherchez un intervenant pour de l&#039;aide m\u00e9nag\u00e8re \u00e0 domicile ? Vous trouverez dans ces articles les r\u00e9ponses \u00e0 toutes vos questions.\" \/>\n<meta name=\"robots\" content=\"index, follow, max-snippet:-1, max-image-preview:large, max-video-preview:-1\" \/>\n<link rel=\"canonical\" href=\"https:\/\/yoopies.fr\/c\/menage-informations-familles\/\" \/>\n<meta property=\"og:locale\" content=\"fr_FR\" \/>\n<meta property=\"og:type\" content=\"article\" \/>\n<meta property=\"og:title\" content=\"M\u00e9nage - Informations aux familles\" \/>\n<meta property=\"og:description\" content=\"Vous cherchez un intervenant pour de l&#039;aide m\u00e9nag\u00e8re \u00e0 domicile ? Vous trouverez dans ces articles les r\u00e9ponses \u00e0 toutes vos questions.\" \/>\n<meta property=\"og:url\" content=\"https:\/\/yoopies.fr\/c\/menage-informations-familles\/\" \/>\n<meta property=\"og:site_name\" content=\"Le Blog Yoopies\" \/>\n<meta property=\"article:modified_time\" content=\"2025-06-12T07:59:08+00:00\" \/>\n<meta property=\"og:image\" content=\"https:\/\/yoopies.fr\/c\/wp-content\/uploads\/2023\/08\/fce172eb-7877-4c47-8dc7-71b571d7886d-shutterstock-1230052024-ld-1.jpg\" \/>\n\t<meta property=\"og:image:width\" content=\"1200\" \/>\n\t<meta property=\"og:image:height\" content=\"574\" \/>\n\t<meta property=\"og:image:type\" content=\"image\/jpeg\" \/>\n<meta name=\"twitter:card\" content=\"summary_large_image\" \/>\n<meta name=\"twitter:label1\" content=\"Dur\u00e9e de lecture estim\u00e9e\" \/>\n\t<meta name=\"twitter:data1\" content=\"5 minutes\" \/>\n<script type=\"application\/ld+json\" class=\"yoast-schema-graph\">{\"@context\":\"https:\/\/schema.org\",\"@graph\":[{\"@type\":\"WebPage\",\"@id\":\"https:\/\/yoopies.fr\/c\/menage-informations-familles\/\",\"url\":\"https:\/\/yoopies.fr\/c\/menage-informations-familles\/\",\"name\":\"M\u00e9nage - Informations aux familles\",\"isPartOf\":{\"@id\":\"https:\/\/yoopies.fr\/c\/#website\"},\"primaryImageOfPage\":{\"@id\":\"https:\/\/yoopies.fr\/c\/menage-informations-familles\/#primaryimage\"},\"image\":{\"@id\":\"https:\/\/yoopies.fr\/c\/menage-informations-familles\/#primaryimage\"},\"thumbnailUrl\":\"https:\/\/yoopies.fr\/c\/wp-content\/uploads\/2023\/08\/fce172eb-7877-4c47-8dc7-71b571d7886d-shutterstock-1230052024-ld-1.jpg\",\"datePublished\":\"2023-08-21T12:21:29+00:00\",\"dateModified\":\"2025-06-12T07:59:08+00:00\",\"description\":\"Vous cherchez un intervenant pour de l'aide m\u00e9nag\u00e8re \u00e0 domicile ? Vous trouverez dans ces articles les r\u00e9ponses \u00e0 toutes vos questions.\",\"breadcrumb\":{\"@id\":\"https:\/\/yoopies.fr\/c\/menage-informations-familles\/#breadcrumb\"},\"inLanguage\":\"fr-FR\",\"potentialAction\":[{\"@type\":\"ReadAction\",\"target\":[\"https:\/\/yoopies.fr\/c\/menage-informations-familles\/\"]}]},{\"@type\":\"ImageObject\",\"inLanguage\":\"fr-FR\",\"@id\":\"https:\/\/yoopies.fr\/c\/menage-informations-familles\/#primaryimage\",\"url\":\"https:\/\/yoopies.fr\/c\/wp-content\/uploads\/2023\/08\/fce172eb-7877-4c47-8dc7-71b571d7886d-shutterstock-1230052024-ld-1.jpg\",\"contentUrl\":\"https:\/\/yoopies.fr\/c\/wp-content\/uploads\/2023\/08\/fce172eb-7877-4c47-8dc7-71b571d7886d-shutterstock-1230052024-ld-1.jpg\",\"width\":1200,\"height\":574},{\"@type\":\"BreadcrumbList\",\"@id\":\"https:\/\/yoopies.fr\/c\/menage-informations-familles\/#breadcrumb\",\"itemListElement\":[{\"@type\":\"ListItem\",\"position\":1,\"name\":\"Home\",\"item\":\"https:\/\/yoopies.fr\/c\/\"},{\"@type\":\"ListItem\",\"position\":2,\"name\":\"Recherche d&rsquo;une aide m\u00e9nag\u00e8re\"}]},{\"@type\":\"WebSite\",\"@id\":\"https:\/\/yoopies.fr\/c\/#website\",\"url\":\"https:\/\/yoopies.fr\/c\/\",\"name\":\"Le Blog Yoopies\",\"description\":\"\",\"publisher\":{\"@id\":\"https:\/\/yoopies.fr\/c\/#organization\"},\"potentialAction\":[{\"@type\":\"SearchAction\",\"target\":{\"@type\":\"EntryPoint\",\"urlTemplate\":\"https:\/\/yoopies.fr\/c\/?s={search_term_string}\"},\"query-input\":{\"@type\":\"PropertyValueSpecification\",\"valueRequired\":true,\"valueName\":\"search_term_string\"}}],\"inLanguage\":\"fr-FR\"},{\"@type\":\"Organization\",\"@id\":\"https:\/\/yoopies.fr\/c\/#organization\",\"name\":\"Le Blog Yoopies\",\"url\":\"https:\/\/yoopies.fr\/c\/\",\"logo\":{\"@type\":\"ImageObject\",\"inLanguage\":\"fr-FR\",\"@id\":\"https:\/\/yoopies.fr\/c\/#\/schema\/logo\/image\/\",\"url\":\"https:\/\/yoopies.fr\/c\/wp-content\/uploads\/2025\/04\/cropped-Logo_Yoopies-2.png\",\"contentUrl\":\"https:\/\/yoopies.fr\/c\/wp-content\/uploads\/2025\/04\/cropped-Logo_Yoopies-2.png\",\"width\":512,\"height\":512,\"caption\":\"Le Blog Yoopies\"},\"image\":{\"@id\":\"https:\/\/yoopies.fr\/c\/#\/schema\/logo\/image\/\"}}]}<\/script>\n<!-- \/ Yoast SEO plugin. -->","yoast_head_json":{"title":"M\u00e9nage - Informations aux familles","description":"Vous cherchez un intervenant pour de l'aide m\u00e9nag\u00e8re \u00e0 domicile ? Vous trouverez dans ces articles les r\u00e9ponses \u00e0 toutes vos questions.","robots":{"index":"index","follow":"follow","max-snippet":"max-snippet:-1","max-image-preview":"max-image-preview:large","max-video-preview":"max-video-preview:-1"},"canonical":"https:\/\/yoopies.fr\/c\/menage-informations-familles\/","og_locale":"fr_FR","og_type":"article","og_title":"M\u00e9nage - Informations aux familles","og_description":"Vous cherchez un intervenant pour de l'aide m\u00e9nag\u00e8re \u00e0 domicile ? Vous trouverez dans ces articles les r\u00e9ponses \u00e0 toutes vos questions.","og_url":"https:\/\/yoopies.fr\/c\/menage-informations-familles\/","og_site_name":"Le Blog Yoopies","article_modified_time":"2025-06-12T07:59:08+00:00","og_image":[{"width":1200,"height":574,"url":"https:\/\/yoopies.fr\/c\/wp-content\/uploads\/2023\/08\/fce172eb-7877-4c47-8dc7-71b571d7886d-shutterstock-1230052024-ld-1.jpg","type":"image\/jpeg"}],"twitter_card":"summary_large_image","twitter_misc":{"Dur\u00e9e de lecture estim\u00e9e":"5 minutes"},"schema":{"@context":"https:\/\/schema.org","@graph":[{"@type":"WebPage","@id":"https:\/\/yoopies.fr\/c\/menage-informations-familles\/","url":"https:\/\/yoopies.fr\/c\/menage-informations-familles\/","name":"M\u00e9nage - Informations aux familles","isPartOf":{"@id":"https:\/\/yoopies.fr\/c\/#website"},"primaryImageOfPage":{"@id":"https:\/\/yoopies.fr\/c\/menage-informations-familles\/#primaryimage"},"image":{"@id":"https:\/\/yoopies.fr\/c\/menage-informations-familles\/#primaryimage"},"thumbnailUrl":"https:\/\/yoopies.fr\/c\/wp-content\/uploads\/2023\/08\/fce172eb-7877-4c47-8dc7-71b571d7886d-shutterstock-1230052024-ld-1.jpg","datePublished":"2023-08-21T12:21:29+00:00","dateModified":"2025-06-12T07:59:08+00:00","description":"Vous cherchez un intervenant pour de l'aide m\u00e9nag\u00e8re \u00e0 domicile ? Vous trouverez dans ces articles les r\u00e9ponses \u00e0 toutes vos questions.","breadcrumb":{"@id":"https:\/\/yoopies.fr\/c\/menage-informations-familles\/#breadcrumb"},"inLanguage":"fr-FR","potentialAction":[{"@type":"ReadAction","target":["https:\/\/yoopies.fr\/c\/menage-informations-familles\/"]}]},{"@type":"ImageObject","inLanguage":"fr-FR","@id":"https:\/\/yoopies.fr\/c\/menage-informations-familles\/#primaryimage","url":"https:\/\/yoopies.fr\/c\/wp-content\/uploads\/2023\/08\/fce172eb-7877-4c47-8dc7-71b571d7886d-shutterstock-1230052024-ld-1.jpg","contentUrl":"https:\/\/yoopies.fr\/c\/wp-content\/uploads\/2023\/08\/fce172eb-7877-4c47-8dc7-71b571d7886d-shutterstock-1230052024-ld-1.jpg","width":1200,"height":574},{"@type":"BreadcrumbList","@id":"https:\/\/yoopies.fr\/c\/menage-informations-familles\/#breadcrumb","itemListElement":[{"@type":"ListItem","position":1,"name":"Home","item":"https:\/\/yoopies.fr\/c\/"},{"@type":"ListItem","position":2,"name":"Recherche d&rsquo;une aide m\u00e9nag\u00e8re"}]},{"@type":"WebSite","@id":"https:\/\/yoopies.fr\/c\/#website","url":"https:\/\/yoopies.fr\/c\/","name":"Le Blog Yoopies","description":"","publisher":{"@id":"https:\/\/yoopies.fr\/c\/#organization"},"potentialAction":[{"@type":"SearchAction","target":{"@type":"EntryPoint","urlTemplate":"https:\/\/yoopies.fr\/c\/?s={search_term_string}"},"query-input":{"@type":"PropertyValueSpecification","valueRequired":true,"valueName":"search_term_string"}}],"inLanguage":"fr-FR"},{"@type":"Organization","@id":"https:\/\/yoopies.fr\/c\/#organization","name":"Le Blog Yoopies","url":"https:\/\/yoopies.fr\/c\/","logo":{"@type":"ImageObject","inLanguage":"fr-FR","@id":"https:\/\/yoopies.fr\/c\/#\/schema\/logo\/image\/","url":"https:\/\/yoopies.fr\/c\/wp-content\/uploads\/2025\/04\/cropped-Logo_Yoopies-2.png","contentUrl":"https:\/\/yoopies.fr\/c\/wp-content\/uploads\/2025\/04\/cropped-Logo_Yoopies-2.png","width":512,"height":512,"caption":"Le Blog Yoopies"},"image":{"@id":"https:\/\/yoopies.fr\/c\/#\/schema\/logo\/image\/"}}]}},"_links":{"self":[{"href":"https:\/\/yoopies.fr\/c\/wp-json\/wp\/v2\/pages\/187","targetHints":{"allow":["GET"]}}],"collection":[{"href":"https:\/\/yoopies.fr\/c\/wp-json\/wp\/v2\/pages"}],"about":[{"href":"https:\/\/yoopies.fr\/c\/wp-json\/wp\/v2\/types\/page"}],"author":[{"embeddable":true,"href":"https:\/\/yoopies.fr\/c\/wp-json\/wp\/v2\/users\/10"}],"replies":[{"embeddable":true,"href":"https:\/\/yoopies.fr\/c\/wp-json\/wp\/v2\/comments?post=187"}],"version-history":[{"count":1,"href":"https:\/\/yoopies.fr\/c\/wp-json\/wp\/v2\/pages\/187\/revisions"}],"predecessor-version":[{"id":190,"href":"https:\/\/yoopies.fr\/c\/wp-json\/wp\/v2\/pages\/187\/revisions\/190"}],"wp:featuredmedia":[{"embeddable":true,"href":"https:\/\/yoopies.fr\/c\/wp-json\/wp\/v2\/media\/189"}],"wp:attachment":[{"href":"https:\/\/yoopies.fr\/c\/wp-json\/wp\/v2\/media?parent=187"}],"curies":[{"name":"wp","href":"https:\/\/api.w.org\/{rel}","templated":true}]}}