{"id":174,"date":"2023-08-21T12:19:19","date_gmt":"2023-08-21T12:19:19","guid":{"rendered":"https:\/\/blog.yoopies.fr\/employer-femme-de-menage\/"},"modified":"2025-06-12T07:58:57","modified_gmt":"2025-06-12T07:58:57","slug":"employer-femme-de-menage","status":"publish","type":"page","link":"https:\/\/yoopies.fr\/c\/employer-femme-de-menage\/","title":{"rendered":"Employer une femme de m\u00e9nage : conseils et r\u00e9flexes"},"content":{"rendered":"<p><p>La poussi&egrave;re sous la t&eacute;l&eacute;, la pile de linge qui s&rsquo;allonge&hellip; Ces derniers temps vous &ecirc;tes un peu d&eacute;bord&eacute;. Et si vous vous faisiez aider&nbsp;? Embaucher une femme de m&eacute;nage &agrave; domicile ou une aide m&eacute;nag&egrave;re , c&rsquo;est retrouver un peu de z&eacute;nitude et de temps pour soi.  <\/p>\n<p>Mais avant de vous lancer, voici quelques bons r&eacute;flexes &agrave; adopter pour trouver votre f&eacute;e du logis.<\/p>\n<\/p>\n<h2><strong>Sommaire :<\/strong><\/h2>\n<ul>\n<li><a href=\"https:\/\/#h2-2\">Employer une femme de m&eacute;nage : D&eacute;terminez vos besoins<\/a><\/li>\n<li><a href=\"https:\/\/#h2-3\">Fixer des horaires adapt&eacute;s &agrave; votre aide m&eacute;nag&egrave;re<\/a><\/li>\n<li><a href=\"https:\/\/#h2-4\">Employer une femme de m&eacute;nage : Organisez un vrai entretien<\/a><\/li>\n<li><a href=\"https:\/\/#h2-5\">M&eacute;nage &agrave; domicile : Prioriser les t&acirc;ches &agrave; r&eacute;aliser<\/a><\/li>\n<li><a href=\"https:\/\/#h2-6\">Employer une femme de m&eacute;nage : Faites confiance &agrave; son exp&eacute;rience<\/a><\/li>\n<\/ul>\n<p class=\"block-img\"><img decoding=\"async\" src=\"https:\/\/yoopies.fr\/c\/wp-content\/uploads\/2023\/08\/d631bb5a-e602-4d02-ab67-e6949d5786c4_pexels-karolina-grabowska-4495706.jpg\" alt=\"\"><\/p>\n<\/p>\n<p><h2><strong>Employer une femme de m&eacute;nage : D&eacute;terminez vos besoins ?<\/strong><\/h2>\n<\/p>\n<p><p>La premi&egrave;re chose, c&rsquo;est de faire le point sur l&rsquo;aide m&eacute;nag&egrave;re dont vous avez besoin. Vous vivez dans une grande maison sur deux &eacute;tages&nbsp;? Vous avez un petit cocon dont vous voulez prendre soin&nbsp;? Selon la surface de votre \u00ab\u00a0chez vous\u00a0\u00bb, vous n&rsquo;aurez pas forc&eacute;ment besoin de la m&ecirc;me aide.&nbsp;<\/p>\n<\/p>\n<p>Faites le tour de vos pi&egrave;ces et prenez le temps de noter toutes les micro-t&acirc;ches auxquelles vous n&rsquo;avez jamais le temps de vous atteler&nbsp;: le nettoyage des surfaces vitr&eacute;es, la poussi&egrave;re dans les recoins, le rangement de vos placards de cuisine&hellip; C&rsquo;est le moment de faire un grand &eacute;tat des lieux du m&eacute;nage&nbsp;! C&rsquo;est toujours bon &agrave; avoir en t&ecirc;te au moment de formuler ce que vous voudrez demander &agrave; votre femme de m&eacute;nage.<\/p>\n<\/p>\n<p><h2><strong>Fixer des horaires adapt&eacute;s &agrave; votre aide m&eacute;nag&egrave;re\u231a<\/strong><\/h2>\n<\/p>\n<p><p>Prenez le temps d&rsquo;&eacute;tudier votre emploi du temps. Est-ce que vous pr&eacute;f&eacute;rez faire intervenir quelqu&rsquo;un deux heures par semaine pour g&eacute;rer les machines et le repassage qui vous donne des boutons&nbsp;? Ou bien,  &ecirc;tes toujours en d&eacute;placement et avez besoin d&rsquo;une aide m&eacute;nag&egrave;re plus quotidienne&nbsp;? Essayez d&rsquo;estimer le nombre d&rsquo;heures dont vous aurez besoin.<\/p>\n<p>Une fois que c&rsquo;est un peu clair dans votre t&ecirc;te, il vous reste &agrave; fixer des cr&eacute;neaux. Pr&eacute;f&eacute;rez-vous que la femme de m&eacute;nage s&rsquo;occupe de l&rsquo;entretien en votre absence&nbsp;? Aimez-vous &ecirc;tre pr&eacute;sent pour &eacute;changer avec elle au fur et &agrave; mesure&nbsp;? Ecoutez vos envies&nbsp;: rien ne sert de se forcer &agrave; &ecirc;tre l&agrave; si vous avez envie de profiter de son intervention pour prendre du temps pour vous. <\/p>\n<p>Si vous &ecirc;tes en couple, prenez bien le temps d&rsquo;&eacute;changer avec votre partenaire, pour vous assurer que vous &ecirc;tes bien sur la m&ecirc;me longueur d&rsquo;onde. <\/p>\n<p>il serait regrettable que votre femme de m&eacute;nage vienne &agrave; 8h le seul matin ou vous avez l&rsquo;occasion de dormir un peu ou de prendre un petit-d&eacute;jeuner &agrave; deux ! Concertez-vous et accordez-vous !<\/p>\n<p>Si vos enfants sont ados ou pr&eacute;-ados, ils appr&eacute;cieront s&ucirc;rement aussi que vous sollicitiez leur avis. Vous pouvez leur demander s&rsquo;ils accepteraient d&rsquo;ouvrir la porte &agrave; la femme de m&eacute;nage, ou s&rsquo;ils auraient besoin de choses sp&eacute;cifiques comme repasser leur kimono de judo.<\/p>\n<\/p>\n<p class=\"block-img\"><img decoding=\"async\" src=\"https:\/\/yoopies.fr\/c\/wp-content\/uploads\/2023\/08\/c3c39e5d-6fb1-42b8-b86e-62cabcfd0a9e_pexels-mentatdgt-1311518.jpg\" alt=\"\"><\/p>\n<\/p>\n<p><h2><strong>Employer une femme de m&eacute;nage : Organisez un vrai entretien ?<\/strong><\/h2>\n<\/p>\n<p>Une fois que vous avez une id&eacute;e plus pr&eacute;cise de votre emploi du temps et des t&acirc;ches qu&rsquo;il faudrait accomplir, vous pouvez d&eacute;sormais poster votre annonce.<\/p>\n<p>Vous pouvez s&eacute;lectionner plusieurs candidatures selon leur proximit&eacute; g&eacute;ographique et leur disponibilit&eacute;. Une femme de m&eacute;nage flexible peut &ecirc;tre tr&egrave;s utile si vous avez des horaires fluctuants ou des besoins qui varient d&rsquo;une semaine &agrave; l&rsquo;autre&nbsp;!&nbsp;<\/p>\n<p>Pour faire votre choix, il est conseill&eacute; d&rsquo;organiser un entretien. <\/p>\n<\/p>\n<p><h2><strong>M&eacute;nage &agrave; domicile : Prioriser les t&acirc;ches &agrave; r&eacute;aliser \u2705<\/strong><\/h2>\n<\/p>\n<p><p>Pour que les heures de m&eacute;nage soient efficaces, rien de tel qu&rsquo;une bonne anticipation&nbsp;! Avant de laisser votre femme de m&eacute;nage travailler n&rsquo;h&eacute;sitez pas &agrave; faire un point avec elle pour vous organiser et &agrave; &agrave; <a target=\"_blank\" rel=\"noopener\" href=\"https:\/\/yoopies.fr\/c\/premier-menage-a-domicile\/\">pr&eacute;parer sa premi&egrave;re journ&eacute;e<\/a>. <\/p>\n<\/p>\n<p>Si vous embauchez votre femme de m&eacute;nage pour 2 ou 3h par semaine, elle ne pourra pas tout faire. Il va falloir prioriser les t&acirc;ches &agrave; faire, du plus urgent au super bonus. Vous pouvez faire une liste standard&nbsp;: repassage, un peu d&rsquo;entretien dans la cuisine et la salle de bain. Vous pouvez aussi varier les t&acirc;ches au fil des semaines, si vous aimez entretenir votre maison au fil de l&rsquo;eau. Dans ce cas-l&agrave;, il sera peut-&ecirc;tre judicieux de pr&eacute;parer un planning &agrave; transmettre &agrave; votre futur femme de m&eacute;nage.<\/p>\n<\/p>\n<p><h2><strong>Employer une femme de m&eacute;nage : Faites confiance &agrave; son exp&eacute;rience ?&zwj;?<\/strong><\/h2>\n<\/p>\n<p><p>Dans certains cas, il est possible qu&rsquo;elle ait pass&eacute; une formation qualifiante comme un CAP agent de propret&eacute; et d&rsquo;hygi&egrave;ne ou un BEP m&eacute;tiers de l&rsquo;hygi&egrave;ne.&nbsp;Si votre future employ&eacute;e &agrave; de l&rsquo;exp&eacute;rience, demandez-lui ses r&eacute;f&eacute;rences, dipl&ocirc;mes ou certification si cela peut vous rassurer et vous encourager &agrave; lui faire confiance. <\/p>\n<p>Mais la plupart du temps, elle aura surtout acquis de l&rsquo;exp&eacute;rience au fil de ses heures de m&eacute;nage. Elle pourra vous indiquer le temps qu&rsquo;elle met pour le repassage de 30 chemises, le nettoyage de fond en comble de votre four ou de votre frigo. De quoi vous apporter une aide m&eacute;nag&egrave;re au top&nbsp;et vous permettre de vous reposer sur elle !&nbsp;<\/p>\n<\/p>\n<p><p>A tr&egrave;s vite sur Yoopies ! <\/p>\n<\/p>\n<p><a class=\"button\" href=\"https:\/\/yoopies.fr\/menage\">Trouvez une femme de m\u00e9nage de confiance\u00a0! <\/a><\/p>\n","protected":false},"excerpt":{"rendered":"<p>La poussi&egrave;re sous la t&eacute;l&eacute;, la pile de linge qui s&rsquo;allonge&hellip; Ces derniers temps vous &ecirc;tes un peu d&eacute;bord&eacute;. Et &hellip; <\/p>\n","protected":false},"author":10,"featured_media":177,"parent":0,"menu_order":0,"comment_status":"closed","ping_status":"closed","template":"","meta":{"_acf_changed":false,"footnotes":""},"class_list":["post-174","page","type-page","status-publish","has-post-thumbnail","hentry"],"acf":[],"yoast_head":"<!-- This site is optimized with the Yoast SEO plugin v26.9 - https:\/\/yoast.com\/product\/yoast-seo-wordpress\/ -->\n<title>Employer une femme de m\u00e9nage : conseils et r\u00e9flexes<\/title>\n<meta name=\"description\" content=\"Voici les conseils et bons r\u00e9flexes \u00e0 adopter pour bien employer sa femme de m\u00e9nage et se d\u00e9gager du temps pour soi.\" \/>\n<meta name=\"robots\" content=\"index, follow, max-snippet:-1, max-image-preview:large, max-video-preview:-1\" \/>\n<link rel=\"canonical\" href=\"https:\/\/yoopies.fr\/c\/employer-femme-de-menage\/\" \/>\n<meta property=\"og:locale\" content=\"fr_FR\" \/>\n<meta property=\"og:type\" content=\"article\" \/>\n<meta property=\"og:title\" content=\"Employer une femme de m\u00e9nage : conseils et r\u00e9flexes\" \/>\n<meta property=\"og:description\" content=\"Voici les conseils et bons r\u00e9flexes \u00e0 adopter pour bien employer sa femme de m\u00e9nage et se d\u00e9gager du temps pour soi.\" \/>\n<meta property=\"og:url\" content=\"https:\/\/yoopies.fr\/c\/employer-femme-de-menage\/\" \/>\n<meta property=\"og:site_name\" content=\"Le Blog Yoopies\" \/>\n<meta property=\"article:modified_time\" content=\"2025-06-12T07:58:57+00:00\" \/>\n<meta property=\"og:image\" content=\"https:\/\/yoopies.fr\/c\/wp-content\/uploads\/2023\/08\/d631bb5a-e602-4d02-ab67-e6949d5786c4-pexels-karolina-grabowska-4495706.jpg\" \/>\n\t<meta property=\"og:image:width\" content=\"1200\" \/>\n\t<meta property=\"og:image:height\" content=\"800\" \/>\n\t<meta property=\"og:image:type\" content=\"image\/jpeg\" \/>\n<meta name=\"twitter:card\" content=\"summary_large_image\" \/>\n<meta name=\"twitter:label1\" content=\"Dur\u00e9e de lecture estim\u00e9e\" \/>\n\t<meta name=\"twitter:data1\" content=\"6 minutes\" \/>\n<script type=\"application\/ld+json\" class=\"yoast-schema-graph\">{\"@context\":\"https:\/\/schema.org\",\"@graph\":[{\"@type\":\"WebPage\",\"@id\":\"https:\/\/yoopies.fr\/c\/employer-femme-de-menage\/\",\"url\":\"https:\/\/yoopies.fr\/c\/employer-femme-de-menage\/\",\"name\":\"Employer une femme de m\u00e9nage : conseils et r\u00e9flexes\",\"isPartOf\":{\"@id\":\"https:\/\/yoopies.fr\/c\/#website\"},\"primaryImageOfPage\":{\"@id\":\"https:\/\/yoopies.fr\/c\/employer-femme-de-menage\/#primaryimage\"},\"image\":{\"@id\":\"https:\/\/yoopies.fr\/c\/employer-femme-de-menage\/#primaryimage\"},\"thumbnailUrl\":\"https:\/\/yoopies.fr\/c\/wp-content\/uploads\/2023\/08\/d631bb5a-e602-4d02-ab67-e6949d5786c4-pexels-karolina-grabowska-4495706.jpg\",\"datePublished\":\"2023-08-21T12:19:19+00:00\",\"dateModified\":\"2025-06-12T07:58:57+00:00\",\"description\":\"Voici les conseils et bons r\u00e9flexes \u00e0 adopter pour bien employer sa femme de m\u00e9nage et se d\u00e9gager du temps pour soi.\",\"breadcrumb\":{\"@id\":\"https:\/\/yoopies.fr\/c\/employer-femme-de-menage\/#breadcrumb\"},\"inLanguage\":\"fr-FR\",\"potentialAction\":[{\"@type\":\"ReadAction\",\"target\":[\"https:\/\/yoopies.fr\/c\/employer-femme-de-menage\/\"]}]},{\"@type\":\"ImageObject\",\"inLanguage\":\"fr-FR\",\"@id\":\"https:\/\/yoopies.fr\/c\/employer-femme-de-menage\/#primaryimage\",\"url\":\"https:\/\/yoopies.fr\/c\/wp-content\/uploads\/2023\/08\/d631bb5a-e602-4d02-ab67-e6949d5786c4-pexels-karolina-grabowska-4495706.jpg\",\"contentUrl\":\"https:\/\/yoopies.fr\/c\/wp-content\/uploads\/2023\/08\/d631bb5a-e602-4d02-ab67-e6949d5786c4-pexels-karolina-grabowska-4495706.jpg\",\"width\":1200,\"height\":800},{\"@type\":\"BreadcrumbList\",\"@id\":\"https:\/\/yoopies.fr\/c\/employer-femme-de-menage\/#breadcrumb\",\"itemListElement\":[{\"@type\":\"ListItem\",\"position\":1,\"name\":\"Home\",\"item\":\"https:\/\/yoopies.fr\/c\/\"},{\"@type\":\"ListItem\",\"position\":2,\"name\":\"Employer une femme de m\u00e9nage : conseils et r\u00e9flexes\"}]},{\"@type\":\"WebSite\",\"@id\":\"https:\/\/yoopies.fr\/c\/#website\",\"url\":\"https:\/\/yoopies.fr\/c\/\",\"name\":\"Le Blog Yoopies\",\"description\":\"\",\"publisher\":{\"@id\":\"https:\/\/yoopies.fr\/c\/#organization\"},\"potentialAction\":[{\"@type\":\"SearchAction\",\"target\":{\"@type\":\"EntryPoint\",\"urlTemplate\":\"https:\/\/yoopies.fr\/c\/?s={search_term_string}\"},\"query-input\":{\"@type\":\"PropertyValueSpecification\",\"valueRequired\":true,\"valueName\":\"search_term_string\"}}],\"inLanguage\":\"fr-FR\"},{\"@type\":\"Organization\",\"@id\":\"https:\/\/yoopies.fr\/c\/#organization\",\"name\":\"Le Blog Yoopies\",\"url\":\"https:\/\/yoopies.fr\/c\/\",\"logo\":{\"@type\":\"ImageObject\",\"inLanguage\":\"fr-FR\",\"@id\":\"https:\/\/yoopies.fr\/c\/#\/schema\/logo\/image\/\",\"url\":\"https:\/\/yoopies.fr\/c\/wp-content\/uploads\/2025\/04\/cropped-Logo_Yoopies-2.png\",\"contentUrl\":\"https:\/\/yoopies.fr\/c\/wp-content\/uploads\/2025\/04\/cropped-Logo_Yoopies-2.png\",\"width\":512,\"height\":512,\"caption\":\"Le Blog Yoopies\"},\"image\":{\"@id\":\"https:\/\/yoopies.fr\/c\/#\/schema\/logo\/image\/\"}}]}<\/script>\n<!-- \/ Yoast SEO plugin. -->","yoast_head_json":{"title":"Employer une femme de m\u00e9nage : conseils et r\u00e9flexes","description":"Voici les conseils et bons r\u00e9flexes \u00e0 adopter pour bien employer sa femme de m\u00e9nage et se d\u00e9gager du temps pour soi.","robots":{"index":"index","follow":"follow","max-snippet":"max-snippet:-1","max-image-preview":"max-image-preview:large","max-video-preview":"max-video-preview:-1"},"canonical":"https:\/\/yoopies.fr\/c\/employer-femme-de-menage\/","og_locale":"fr_FR","og_type":"article","og_title":"Employer une femme de m\u00e9nage : conseils et r\u00e9flexes","og_description":"Voici les conseils et bons r\u00e9flexes \u00e0 adopter pour bien employer sa femme de m\u00e9nage et se d\u00e9gager du temps pour soi.","og_url":"https:\/\/yoopies.fr\/c\/employer-femme-de-menage\/","og_site_name":"Le Blog Yoopies","article_modified_time":"2025-06-12T07:58:57+00:00","og_image":[{"width":1200,"height":800,"url":"https:\/\/yoopies.fr\/c\/wp-content\/uploads\/2023\/08\/d631bb5a-e602-4d02-ab67-e6949d5786c4-pexels-karolina-grabowska-4495706.jpg","type":"image\/jpeg"}],"twitter_card":"summary_large_image","twitter_misc":{"Dur\u00e9e de lecture estim\u00e9e":"6 minutes"},"schema":{"@context":"https:\/\/schema.org","@graph":[{"@type":"WebPage","@id":"https:\/\/yoopies.fr\/c\/employer-femme-de-menage\/","url":"https:\/\/yoopies.fr\/c\/employer-femme-de-menage\/","name":"Employer une femme de m\u00e9nage : conseils et r\u00e9flexes","isPartOf":{"@id":"https:\/\/yoopies.fr\/c\/#website"},"primaryImageOfPage":{"@id":"https:\/\/yoopies.fr\/c\/employer-femme-de-menage\/#primaryimage"},"image":{"@id":"https:\/\/yoopies.fr\/c\/employer-femme-de-menage\/#primaryimage"},"thumbnailUrl":"https:\/\/yoopies.fr\/c\/wp-content\/uploads\/2023\/08\/d631bb5a-e602-4d02-ab67-e6949d5786c4-pexels-karolina-grabowska-4495706.jpg","datePublished":"2023-08-21T12:19:19+00:00","dateModified":"2025-06-12T07:58:57+00:00","description":"Voici les conseils et bons r\u00e9flexes \u00e0 adopter pour bien employer sa femme de m\u00e9nage et se d\u00e9gager du temps pour soi.","breadcrumb":{"@id":"https:\/\/yoopies.fr\/c\/employer-femme-de-menage\/#breadcrumb"},"inLanguage":"fr-FR","potentialAction":[{"@type":"ReadAction","target":["https:\/\/yoopies.fr\/c\/employer-femme-de-menage\/"]}]},{"@type":"ImageObject","inLanguage":"fr-FR","@id":"https:\/\/yoopies.fr\/c\/employer-femme-de-menage\/#primaryimage","url":"https:\/\/yoopies.fr\/c\/wp-content\/uploads\/2023\/08\/d631bb5a-e602-4d02-ab67-e6949d5786c4-pexels-karolina-grabowska-4495706.jpg","contentUrl":"https:\/\/yoopies.fr\/c\/wp-content\/uploads\/2023\/08\/d631bb5a-e602-4d02-ab67-e6949d5786c4-pexels-karolina-grabowska-4495706.jpg","width":1200,"height":800},{"@type":"BreadcrumbList","@id":"https:\/\/yoopies.fr\/c\/employer-femme-de-menage\/#breadcrumb","itemListElement":[{"@type":"ListItem","position":1,"name":"Home","item":"https:\/\/yoopies.fr\/c\/"},{"@type":"ListItem","position":2,"name":"Employer une femme de m\u00e9nage : conseils et r\u00e9flexes"}]},{"@type":"WebSite","@id":"https:\/\/yoopies.fr\/c\/#website","url":"https:\/\/yoopies.fr\/c\/","name":"Le Blog Yoopies","description":"","publisher":{"@id":"https:\/\/yoopies.fr\/c\/#organization"},"potentialAction":[{"@type":"SearchAction","target":{"@type":"EntryPoint","urlTemplate":"https:\/\/yoopies.fr\/c\/?s={search_term_string}"},"query-input":{"@type":"PropertyValueSpecification","valueRequired":true,"valueName":"search_term_string"}}],"inLanguage":"fr-FR"},{"@type":"Organization","@id":"https:\/\/yoopies.fr\/c\/#organization","name":"Le Blog Yoopies","url":"https:\/\/yoopies.fr\/c\/","logo":{"@type":"ImageObject","inLanguage":"fr-FR","@id":"https:\/\/yoopies.fr\/c\/#\/schema\/logo\/image\/","url":"https:\/\/yoopies.fr\/c\/wp-content\/uploads\/2025\/04\/cropped-Logo_Yoopies-2.png","contentUrl":"https:\/\/yoopies.fr\/c\/wp-content\/uploads\/2025\/04\/cropped-Logo_Yoopies-2.png","width":512,"height":512,"caption":"Le Blog Yoopies"},"image":{"@id":"https:\/\/yoopies.fr\/c\/#\/schema\/logo\/image\/"}}]}},"_links":{"self":[{"href":"https:\/\/yoopies.fr\/c\/wp-json\/wp\/v2\/pages\/174","targetHints":{"allow":["GET"]}}],"collection":[{"href":"https:\/\/yoopies.fr\/c\/wp-json\/wp\/v2\/pages"}],"about":[{"href":"https:\/\/yoopies.fr\/c\/wp-json\/wp\/v2\/types\/page"}],"author":[{"embeddable":true,"href":"https:\/\/yoopies.fr\/c\/wp-json\/wp\/v2\/users\/10"}],"replies":[{"embeddable":true,"href":"https:\/\/yoopies.fr\/c\/wp-json\/wp\/v2\/comments?post=174"}],"version-history":[{"count":1,"href":"https:\/\/yoopies.fr\/c\/wp-json\/wp\/v2\/pages\/174\/revisions"}],"predecessor-version":[{"id":178,"href":"https:\/\/yoopies.fr\/c\/wp-json\/wp\/v2\/pages\/174\/revisions\/178"}],"wp:featuredmedia":[{"embeddable":true,"href":"https:\/\/yoopies.fr\/c\/wp-json\/wp\/v2\/media\/177"}],"wp:attachment":[{"href":"https:\/\/yoopies.fr\/c\/wp-json\/wp\/v2\/media?parent=174"}],"curies":[{"name":"wp","href":"https:\/\/api.w.org\/{rel}","templated":true}]}}