{"id":169,"date":"2023-08-21T11:48:07","date_gmt":"2023-08-21T11:48:07","guid":{"rendered":"https:\/\/blog.yoopies.fr\/guide-complet-pour-repasser-une-chemise\/"},"modified":"2025-06-12T07:59:08","modified_gmt":"2025-06-12T07:59:08","slug":"guide-complet-pour-repasser-une-chemise","status":"publish","type":"page","link":"https:\/\/yoopies.fr\/c\/guide-complet-pour-repasser-une-chemise\/","title":{"rendered":"Technique de repassage d\u2019une chemise"},"content":{"rendered":"<figure><img decoding=\"async\" src=\"https:\/\/yoopies.fr\/c\/wp-content\/uploads\/2023\/08\/6002351d-970b-41fa-8050-060657033ccc-adobestock-346124306.jpg\" alt=\"repassage chemise techniques\" \/><\/figure>\n<p><h2>5 &eacute;tapes pour repasser facilement une chemise<\/h2>\n<\/p>\n<p>Votre fer est pr&ecirc;t, r&eacute;gl&eacute; &agrave; la temp&eacute;rature adapt&eacute;e au tissu de vos v&ecirc;tements ? <strong>Voici les &eacute;tapes<\/strong> &agrave; respecter pour repasser une chemise en un minimum de gestes.<\/p>\n<\/p>\n<h3>1- Repasser le corps de chemise<\/h3>\n<\/p>\n<p>Int&eacute;ressons-nous au repassage du corps de la chemise : son c&ocirc;t&eacute; droit, son dos et son pan gauche. <strong>Placez l&rsquo;emmanchure du pan gauche<\/strong> de la chemise au niveau de l&rsquo;extr&eacute;mit&eacute; arrondie de la table &agrave; repasser. Commencez en partant de la couture de c&ocirc;t&eacute; jusqu&rsquo;&agrave; la gorge et les boutonni&egrave;res du v&ecirc;tement. Au niveau de la gorge de la chemise, veillez &agrave; ce que le tissu sur l&rsquo;envers soit bien &agrave; plat. Poursuivez ensuite de l&rsquo;ourlet du bas en remontant vers la couture de l&rsquo;emmanchure et du col.<\/p>\n<p>Tirez ensuite la chemise vers vous en la faisant glisser sur la table &agrave; repasser. Assurez-vous que le v&ecirc;tement est bien &agrave; plat. <strong>Repassez le dos de la chemise<\/strong> tout simplement. Le cas &eacute;ch&eacute;ant, le repassage des pinces lat&eacute;rales ou centr&eacute;es pr&eacute;sentes &agrave; l&rsquo;arri&egrave;re se fait sans contact avec le support. La projection de vapeur suffit.<\/p>\n<p>Faites de nouveau glisser la chemise vers vous. Placez &eacute;galement l&rsquo;emmanchure droite dans l&rsquo;arrondi de la planche &agrave; repasser. Agissez de la m&ecirc;me fa&ccedil;on que pour le c&ocirc;t&eacute; gauche.<\/p>\n<p><strong>Important<\/strong> : ne pas repasser les boutons de la chemise (risque de casse d&ucirc; &agrave; la chaleur). &Eacute;viter le contact du fer chaud avec le fil du pied de la couture des boutons.<\/p>\n<\/p>\n<h3>2- Le repassage des manches de chemise<\/h3>\n<\/p>\n<p>Posez une premi&egrave;re manche de chemise bien &agrave; plat sur la table &agrave; repasser. Effacez les &eacute;ventuels plis &agrave; l&rsquo;aide de votre main. Posez la pointe du fer au niveau de l&rsquo;emmanchure. <strong>Repassez en oscillant de droite &agrave; gauche<\/strong> tout en longeant la couture du haut de la manche. Retournez le fer, descendez le long de la manche jusqu&rsquo;au poignet en oscillant de la m&ecirc;me mani&egrave;re. <strong>Au niveau des plis du bas de la manche<\/strong> (plis cousus dans le poignet), soulevez la manche pour que le fer ne touche plus la table &agrave; repasser. Gr&acirc;ce &agrave; l&rsquo;action de la vapeur, repassez sans faux pli cette partie subtile.<\/p>\n<\/p>\n<h3>3- Repasser les poignets d&rsquo;une chemise<\/h3>\n<\/p>\n<p>Le repassage des poignets d&rsquo;une chemise <strong>doit<\/strong> <strong>&ecirc;tre mod&eacute;r&eacute;<\/strong>. Les poignets disposent le plus souvent d&rsquo;une triplure qui offre un aspect lisse au tissu. Il est donc inutile d&rsquo;insister sur le repassage de cette zone.<\/p>\n<p>Quel que soit le mod&egrave;le de poignet, simple ou mousquetaire, repassez-le non boutonn&eacute;, &agrave; plat et sur l&rsquo;envers. Pour un poignet de chemise simple, effectuez votre geste du bouton vers la boutonni&egrave;re. Pour un poignet style mousquetaire, repassez de chaque couture vers le centre.<\/p>\n<\/p>\n<h3>4- Le repassage d&rsquo;un col de chemise<\/h3>\n<\/p>\n<p>Le repassage d&rsquo;un col de chemise s&rsquo;effectue relev&eacute; (pointes rabattues) et sur l&rsquo;envers. Aucun pli ne doit appara&icirc;tre entre les pointes et le pied de col. <strong>Posez le col &agrave; plat<\/strong>. Placez la t&ecirc;te du fer au niveau d&rsquo;une des pointes et repassez vers le centre du col. R&eacute;p&eacute;tez le geste pour le c&ocirc;t&eacute; oppos&eacute;.<\/p>\n<\/p>\n<p>Si le col de votre chemise comporte des baleines amovibles, retirez-les avant le repassage pour &eacute;viter tout type de trace. Comme pour les poignets, le col d&rsquo;une chemise est g&eacute;n&eacute;ralement compos&eacute; d&rsquo;une triplure. Nous vous conseillons un repassage rapide afin d&rsquo;&eacute;carter l&rsquo;apparition &eacute;ventuelle de bulles ou cloques.<\/p>\n<\/p>\n<h3>5- Repasser une chemise : l&rsquo;empi&egrave;cement du dos<\/h3>\n<\/p>\n<p>Les empi&egrave;cements de v&ecirc;tements se caract&eacute;risent par des <strong>pi&egrave;ces de tissu recouvrant les &eacute;paules<\/strong>. Un empi&egrave;cement est plat, double avec parfois l&rsquo;insertion d&rsquo;une triplure. Posez le v&ecirc;tement sur la table &agrave; repasser, l&rsquo;empi&egrave;cement du dos bien &agrave; plat. Maintenez le col avec votre main libre pour plaquer la chemise sur la table et limiter les faux plis. Repassez l&rsquo;empi&egrave;cement du dos en longeant les coutures.&nbsp;<\/p>\n<\/p>\n<figure><img decoding=\"async\" src=\"https:\/\/yoopies.fr\/c\/wp-content\/uploads\/2023\/08\/298ca005-ad2b-48ce-9179-6c81f130f0b9-adobestock-151508426.jpg\" alt=\"repassage chemise col\" \/><\/figure>\n<p><h2>Choisir le mat&eacute;riel adapt&eacute; pour le repassage d&rsquo;une chemise<\/h2>\n<\/p>\n<p>Parce que le repassage des v&ecirc;tements ne s&rsquo;improvise pas, munissez-vous d&rsquo;un <strong>&eacute;quipement adapt&eacute;<\/strong> <strong>et performant<\/strong>.<\/p>\n<\/p>\n<h3>Le fer &agrave; repasser<\/h3>\n<\/p>\n<p>Pour repasser une chemise dans les r&egrave;gles de l&rsquo;art, commencez par soigner la <strong>qualit&eacute; de votre fer &agrave; repasser<\/strong>. Choisissez un fer &agrave; vapeur ou une centrale vapeur. Veillez &agrave; la propret&eacute; de sa semelle pour limiter les souillures sur le tissu. Si besoin, nettoyez-la avec un chiffon imbib&eacute; d&rsquo;une solution dilu&eacute;e d&rsquo;eau et de vinaigre blanc.<\/p>\n<\/p>\n<p>Remplissez le r&eacute;servoir du fer avec de l&rsquo;<strong>eau distill&eacute;e ou min&eacute;rale<\/strong>. L&rsquo;eau du robinet engendre une accumulation de calcaire nuisible au bon fonctionnement de votre mat&eacute;riel. Pour le repassage des chemises, munissez-vous d&rsquo;un pulv&eacute;risateur d&rsquo;eau d&eacute;min&eacute;ralis&eacute;e pour humidifier un tissu trop sec et plus difficile &agrave; lisser.<\/p>\n<h3>La table &agrave; repasser<\/h3>\n<\/p>\n<p>Bien <strong>choisir sa table &agrave; repasser est primordial<\/strong>. R&eacute;f&eacute;rez-vous &agrave; ces diff&eacute;rents crit&egrave;res pour &ecirc;tre certain de faire le bon choix :&nbsp;<\/p>\n<ul>\n<li><strong>La stabilit&eacute;<\/strong> : la qualit&eacute; de son syst&egrave;me de verrouillage lui &eacute;vite de se replier ou de s&rsquo;ouvrir de fa&ccedil;on accidentelle.<\/li>\n<li><strong>La hauteur de la table &agrave; repasser<\/strong> : elle doit &ecirc;tre modulable pour adopter une posture confortable pour le dos.<\/li>\n<li><strong>Le poids<\/strong> : elle doit &ecirc;tre l&eacute;g&egrave;re et donc maniable.<\/li>\n<li><strong>La surface<\/strong> : elle doit mesurer au moins 1,20 m de long et 0,40 m de large.<\/li>\n<li><strong>La housse<\/strong> : les mati&egrave;res telles que le coton ou le polyester &eacute;vite la formation de plis.<\/li>\n<li><strong>Le support pour le fer ou la centrale vapeur<\/strong> : il doit &ecirc;tre robuste et adapt&eacute; &agrave; la taille de votre machine.<\/li>\n<\/ul>\n<h2>Quelques astuces pratiques pour repasser vos chemises avec brio<\/h2>\n<\/p>\n<p>Avant de vous mettre au repassage de vos chemises, restez vigilant sur :&nbsp;<\/p>\n<ul>\n<li><strong>La temp&eacute;rature de votre fer &agrave; repasser<\/strong> : v&eacute;rifiez sur l&rsquo;&eacute;tiquette la temp&eacute;rature maximale autoris&eacute;e pour le repassage du tissu (coton, synth&eacute;tique, soie, lin, etc.).<\/li>\n<li><strong>La pr&eacute;paration de vos chemises<\/strong> : apr&egrave;s lavage ou s&eacute;chage en s&egrave;che-linge, suspendez vos chemises sur cintre. Cette technique permet un d&eacute;froissage maximal des fibres textiles et facilite le repassage.<\/li>\n<li><strong>Le repassage du col de chemise, des poignets et des manches<\/strong> : &eacute;vitez de marquer les plis au repassage (usure pr&eacute;matur&eacute;e du tissu).<\/li>\n<\/ul>\n<p><a class=\"button\" href=\"https:\/\/yoopies.fr\/menage\">Je cherche une aide m\u00e9nag\u00e8re !<\/a><\/p>\n","protected":false},"excerpt":{"rendered":"<p>5 &eacute;tapes pour repasser facilement une chemise Votre fer est pr&ecirc;t, r&eacute;gl&eacute; &agrave; la temp&eacute;rature adapt&eacute;e au tissu de vos &hellip; <\/p>\n","protected":false},"author":10,"featured_media":172,"parent":0,"menu_order":0,"comment_status":"closed","ping_status":"closed","template":"","meta":{"_acf_changed":false,"footnotes":""},"class_list":["post-169","page","type-page","status-publish","has-post-thumbnail","hentry"],"acf":[],"yoast_head":"<!-- This site is optimized with the Yoast SEO plugin v26.9 - https:\/\/yoast.com\/product\/yoast-seo-wordpress\/ -->\n<title>Guide complet pour repasser une chemise<\/title>\n<meta name=\"description\" content=\"D\u00e9couvrez tous nos conseils et astuces pour repasser une chemise : col, manches, poignets, empi\u00e8cement, c\u00f4t\u00e9s, mat\u00e9riel n\u00e9cessaire.\" \/>\n<meta name=\"robots\" content=\"index, follow, max-snippet:-1, max-image-preview:large, max-video-preview:-1\" \/>\n<link rel=\"canonical\" href=\"https:\/\/yoopies.fr\/c\/guide-complet-pour-repasser-une-chemise\/\" \/>\n<meta property=\"og:locale\" content=\"fr_FR\" \/>\n<meta property=\"og:type\" content=\"article\" \/>\n<meta property=\"og:title\" content=\"Guide complet pour repasser une chemise\" \/>\n<meta property=\"og:description\" content=\"D\u00e9couvrez tous nos conseils et astuces pour repasser une chemise : col, manches, poignets, empi\u00e8cement, c\u00f4t\u00e9s, mat\u00e9riel n\u00e9cessaire.\" \/>\n<meta property=\"og:url\" content=\"https:\/\/yoopies.fr\/c\/guide-complet-pour-repasser-une-chemise\/\" \/>\n<meta property=\"og:site_name\" content=\"Le Blog Yoopies\" \/>\n<meta property=\"article:modified_time\" content=\"2025-06-12T07:59:08+00:00\" \/>\n<meta property=\"og:image\" content=\"https:\/\/yoopies.fr\/c\/wp-content\/uploads\/2023\/08\/6002351d-970b-41fa-8050-060657033ccc-adobestock-346124306-1.jpg\" \/>\n\t<meta property=\"og:image:width\" content=\"1200\" \/>\n\t<meta property=\"og:image:height\" content=\"800\" \/>\n\t<meta property=\"og:image:type\" content=\"image\/jpeg\" \/>\n<meta name=\"twitter:card\" content=\"summary_large_image\" \/>\n<meta name=\"twitter:label1\" content=\"Dur\u00e9e de lecture estim\u00e9e\" \/>\n\t<meta name=\"twitter:data1\" content=\"6 minutes\" \/>\n<script type=\"application\/ld+json\" class=\"yoast-schema-graph\">{\"@context\":\"https:\/\/schema.org\",\"@graph\":[{\"@type\":\"WebPage\",\"@id\":\"https:\/\/yoopies.fr\/c\/guide-complet-pour-repasser-une-chemise\/\",\"url\":\"https:\/\/yoopies.fr\/c\/guide-complet-pour-repasser-une-chemise\/\",\"name\":\"Guide complet pour repasser une chemise\",\"isPartOf\":{\"@id\":\"https:\/\/yoopies.fr\/c\/#website\"},\"primaryImageOfPage\":{\"@id\":\"https:\/\/yoopies.fr\/c\/guide-complet-pour-repasser-une-chemise\/#primaryimage\"},\"image\":{\"@id\":\"https:\/\/yoopies.fr\/c\/guide-complet-pour-repasser-une-chemise\/#primaryimage\"},\"thumbnailUrl\":\"https:\/\/yoopies.fr\/c\/wp-content\/uploads\/2023\/08\/6002351d-970b-41fa-8050-060657033ccc-adobestock-346124306-1.jpg\",\"datePublished\":\"2023-08-21T11:48:07+00:00\",\"dateModified\":\"2025-06-12T07:59:08+00:00\",\"description\":\"D\u00e9couvrez tous nos conseils et astuces pour repasser une chemise : col, manches, poignets, empi\u00e8cement, c\u00f4t\u00e9s, mat\u00e9riel n\u00e9cessaire.\",\"breadcrumb\":{\"@id\":\"https:\/\/yoopies.fr\/c\/guide-complet-pour-repasser-une-chemise\/#breadcrumb\"},\"inLanguage\":\"fr-FR\",\"potentialAction\":[{\"@type\":\"ReadAction\",\"target\":[\"https:\/\/yoopies.fr\/c\/guide-complet-pour-repasser-une-chemise\/\"]}]},{\"@type\":\"ImageObject\",\"inLanguage\":\"fr-FR\",\"@id\":\"https:\/\/yoopies.fr\/c\/guide-complet-pour-repasser-une-chemise\/#primaryimage\",\"url\":\"https:\/\/yoopies.fr\/c\/wp-content\/uploads\/2023\/08\/6002351d-970b-41fa-8050-060657033ccc-adobestock-346124306-1.jpg\",\"contentUrl\":\"https:\/\/yoopies.fr\/c\/wp-content\/uploads\/2023\/08\/6002351d-970b-41fa-8050-060657033ccc-adobestock-346124306-1.jpg\",\"width\":1200,\"height\":800},{\"@type\":\"BreadcrumbList\",\"@id\":\"https:\/\/yoopies.fr\/c\/guide-complet-pour-repasser-une-chemise\/#breadcrumb\",\"itemListElement\":[{\"@type\":\"ListItem\",\"position\":1,\"name\":\"Home\",\"item\":\"https:\/\/yoopies.fr\/c\/\"},{\"@type\":\"ListItem\",\"position\":2,\"name\":\"Technique de repassage d\u2019une chemise\"}]},{\"@type\":\"WebSite\",\"@id\":\"https:\/\/yoopies.fr\/c\/#website\",\"url\":\"https:\/\/yoopies.fr\/c\/\",\"name\":\"Le Blog Yoopies\",\"description\":\"\",\"publisher\":{\"@id\":\"https:\/\/yoopies.fr\/c\/#organization\"},\"potentialAction\":[{\"@type\":\"SearchAction\",\"target\":{\"@type\":\"EntryPoint\",\"urlTemplate\":\"https:\/\/yoopies.fr\/c\/?s={search_term_string}\"},\"query-input\":{\"@type\":\"PropertyValueSpecification\",\"valueRequired\":true,\"valueName\":\"search_term_string\"}}],\"inLanguage\":\"fr-FR\"},{\"@type\":\"Organization\",\"@id\":\"https:\/\/yoopies.fr\/c\/#organization\",\"name\":\"Le Blog Yoopies\",\"url\":\"https:\/\/yoopies.fr\/c\/\",\"logo\":{\"@type\":\"ImageObject\",\"inLanguage\":\"fr-FR\",\"@id\":\"https:\/\/yoopies.fr\/c\/#\/schema\/logo\/image\/\",\"url\":\"https:\/\/yoopies.fr\/c\/wp-content\/uploads\/2025\/04\/cropped-Logo_Yoopies-2.png\",\"contentUrl\":\"https:\/\/yoopies.fr\/c\/wp-content\/uploads\/2025\/04\/cropped-Logo_Yoopies-2.png\",\"width\":512,\"height\":512,\"caption\":\"Le Blog Yoopies\"},\"image\":{\"@id\":\"https:\/\/yoopies.fr\/c\/#\/schema\/logo\/image\/\"}}]}<\/script>\n<!-- \/ Yoast SEO plugin. -->","yoast_head_json":{"title":"Guide complet pour repasser une chemise","description":"D\u00e9couvrez tous nos conseils et astuces pour repasser une chemise : col, manches, poignets, empi\u00e8cement, c\u00f4t\u00e9s, mat\u00e9riel n\u00e9cessaire.","robots":{"index":"index","follow":"follow","max-snippet":"max-snippet:-1","max-image-preview":"max-image-preview:large","max-video-preview":"max-video-preview:-1"},"canonical":"https:\/\/yoopies.fr\/c\/guide-complet-pour-repasser-une-chemise\/","og_locale":"fr_FR","og_type":"article","og_title":"Guide complet pour repasser une chemise","og_description":"D\u00e9couvrez tous nos conseils et astuces pour repasser une chemise : col, manches, poignets, empi\u00e8cement, c\u00f4t\u00e9s, mat\u00e9riel n\u00e9cessaire.","og_url":"https:\/\/yoopies.fr\/c\/guide-complet-pour-repasser-une-chemise\/","og_site_name":"Le Blog Yoopies","article_modified_time":"2025-06-12T07:59:08+00:00","og_image":[{"width":1200,"height":800,"url":"https:\/\/yoopies.fr\/c\/wp-content\/uploads\/2023\/08\/6002351d-970b-41fa-8050-060657033ccc-adobestock-346124306-1.jpg","type":"image\/jpeg"}],"twitter_card":"summary_large_image","twitter_misc":{"Dur\u00e9e de lecture estim\u00e9e":"6 minutes"},"schema":{"@context":"https:\/\/schema.org","@graph":[{"@type":"WebPage","@id":"https:\/\/yoopies.fr\/c\/guide-complet-pour-repasser-une-chemise\/","url":"https:\/\/yoopies.fr\/c\/guide-complet-pour-repasser-une-chemise\/","name":"Guide complet pour repasser une chemise","isPartOf":{"@id":"https:\/\/yoopies.fr\/c\/#website"},"primaryImageOfPage":{"@id":"https:\/\/yoopies.fr\/c\/guide-complet-pour-repasser-une-chemise\/#primaryimage"},"image":{"@id":"https:\/\/yoopies.fr\/c\/guide-complet-pour-repasser-une-chemise\/#primaryimage"},"thumbnailUrl":"https:\/\/yoopies.fr\/c\/wp-content\/uploads\/2023\/08\/6002351d-970b-41fa-8050-060657033ccc-adobestock-346124306-1.jpg","datePublished":"2023-08-21T11:48:07+00:00","dateModified":"2025-06-12T07:59:08+00:00","description":"D\u00e9couvrez tous nos conseils et astuces pour repasser une chemise : col, manches, poignets, empi\u00e8cement, c\u00f4t\u00e9s, mat\u00e9riel n\u00e9cessaire.","breadcrumb":{"@id":"https:\/\/yoopies.fr\/c\/guide-complet-pour-repasser-une-chemise\/#breadcrumb"},"inLanguage":"fr-FR","potentialAction":[{"@type":"ReadAction","target":["https:\/\/yoopies.fr\/c\/guide-complet-pour-repasser-une-chemise\/"]}]},{"@type":"ImageObject","inLanguage":"fr-FR","@id":"https:\/\/yoopies.fr\/c\/guide-complet-pour-repasser-une-chemise\/#primaryimage","url":"https:\/\/yoopies.fr\/c\/wp-content\/uploads\/2023\/08\/6002351d-970b-41fa-8050-060657033ccc-adobestock-346124306-1.jpg","contentUrl":"https:\/\/yoopies.fr\/c\/wp-content\/uploads\/2023\/08\/6002351d-970b-41fa-8050-060657033ccc-adobestock-346124306-1.jpg","width":1200,"height":800},{"@type":"BreadcrumbList","@id":"https:\/\/yoopies.fr\/c\/guide-complet-pour-repasser-une-chemise\/#breadcrumb","itemListElement":[{"@type":"ListItem","position":1,"name":"Home","item":"https:\/\/yoopies.fr\/c\/"},{"@type":"ListItem","position":2,"name":"Technique de repassage d\u2019une chemise"}]},{"@type":"WebSite","@id":"https:\/\/yoopies.fr\/c\/#website","url":"https:\/\/yoopies.fr\/c\/","name":"Le Blog Yoopies","description":"","publisher":{"@id":"https:\/\/yoopies.fr\/c\/#organization"},"potentialAction":[{"@type":"SearchAction","target":{"@type":"EntryPoint","urlTemplate":"https:\/\/yoopies.fr\/c\/?s={search_term_string}"},"query-input":{"@type":"PropertyValueSpecification","valueRequired":true,"valueName":"search_term_string"}}],"inLanguage":"fr-FR"},{"@type":"Organization","@id":"https:\/\/yoopies.fr\/c\/#organization","name":"Le Blog Yoopies","url":"https:\/\/yoopies.fr\/c\/","logo":{"@type":"ImageObject","inLanguage":"fr-FR","@id":"https:\/\/yoopies.fr\/c\/#\/schema\/logo\/image\/","url":"https:\/\/yoopies.fr\/c\/wp-content\/uploads\/2025\/04\/cropped-Logo_Yoopies-2.png","contentUrl":"https:\/\/yoopies.fr\/c\/wp-content\/uploads\/2025\/04\/cropped-Logo_Yoopies-2.png","width":512,"height":512,"caption":"Le Blog Yoopies"},"image":{"@id":"https:\/\/yoopies.fr\/c\/#\/schema\/logo\/image\/"}}]}},"_links":{"self":[{"href":"https:\/\/yoopies.fr\/c\/wp-json\/wp\/v2\/pages\/169","targetHints":{"allow":["GET"]}}],"collection":[{"href":"https:\/\/yoopies.fr\/c\/wp-json\/wp\/v2\/pages"}],"about":[{"href":"https:\/\/yoopies.fr\/c\/wp-json\/wp\/v2\/types\/page"}],"author":[{"embeddable":true,"href":"https:\/\/yoopies.fr\/c\/wp-json\/wp\/v2\/users\/10"}],"replies":[{"embeddable":true,"href":"https:\/\/yoopies.fr\/c\/wp-json\/wp\/v2\/comments?post=169"}],"version-history":[{"count":1,"href":"https:\/\/yoopies.fr\/c\/wp-json\/wp\/v2\/pages\/169\/revisions"}],"predecessor-version":[{"id":173,"href":"https:\/\/yoopies.fr\/c\/wp-json\/wp\/v2\/pages\/169\/revisions\/173"}],"wp:featuredmedia":[{"embeddable":true,"href":"https:\/\/yoopies.fr\/c\/wp-json\/wp\/v2\/media\/172"}],"wp:attachment":[{"href":"https:\/\/yoopies.fr\/c\/wp-json\/wp\/v2\/media?parent=169"}],"curies":[{"name":"wp","href":"https:\/\/api.w.org\/{rel}","templated":true}]}}