{"id":1503,"date":"2025-08-21T06:38:04","date_gmt":"2025-08-21T06:38:04","guid":{"rendered":"https:\/\/yoopies.fr\/c\/?page_id=1503"},"modified":"2026-01-28T06:15:43","modified_gmt":"2026-01-28T06:15:43","slug":"garde-danimaux","status":"publish","type":"page","link":"https:\/\/yoopies.fr\/c\/garde-danimaux\/","title":{"rendered":"Garde d&rsquo;animaux"},"content":{"rendered":"<ul class=\"wp-block-latest-posts__list has-dates wp-block-latest-posts\"><li><div class=\"wp-block-latest-posts__featured-image alignright\"><a href=\"https:\/\/yoopies.fr\/c\/chien\/duree-gestation-chienne-symptomes-etapes\/\" aria-label=\"Combien de temps dure la gestation chez la chienne ? Sympt\u00f4mes, \u00e9tapes et soins \u00e0 apporter \u00e0 une chienne gestante\"><img loading=\"lazy\" decoding=\"async\" width=\"300\" height=\"225\" src=\"https:\/\/yoopies.fr\/c\/wp-content\/uploads\/2025\/10\/Dodaj-podtytul-4-1-300x225.png\" class=\"attachment-medium size-medium wp-post-image\" alt=\"\" style=\"\" srcset=\"https:\/\/yoopies.fr\/c\/wp-content\/uploads\/2025\/10\/Dodaj-podtytul-4-1-300x225.png 300w, https:\/\/yoopies.fr\/c\/wp-content\/uploads\/2025\/10\/Dodaj-podtytul-4-1-1024x768.png 1024w, https:\/\/yoopies.fr\/c\/wp-content\/uploads\/2025\/10\/Dodaj-podtytul-4-1-768x576.png 768w, https:\/\/yoopies.fr\/c\/wp-content\/uploads\/2025\/10\/Dodaj-podtytul-4-1-760x570.png 760w, https:\/\/yoopies.fr\/c\/wp-content\/uploads\/2025\/10\/Dodaj-podtytul-4-1-365x274.png 365w, https:\/\/yoopies.fr\/c\/wp-content\/uploads\/2025\/10\/Dodaj-podtytul-4-1-320x241.png 320w, https:\/\/yoopies.fr\/c\/wp-content\/uploads\/2025\/10\/Dodaj-podtytul-4-1.png 1200w\" sizes=\"auto, (max-width: 300px) 100vw, 300px\" \/><\/a><\/div><a class=\"wp-block-latest-posts__post-title\" href=\"https:\/\/yoopies.fr\/c\/chien\/duree-gestation-chienne-symptomes-etapes\/\">Combien de temps dure la gestation chez la chienne ? Sympt\u00f4mes, \u00e9tapes et soins \u00e0 apporter \u00e0 une chienne gestante<\/a><time datetime=\"2025-11-03T06:30:44+00:00\" class=\"wp-block-latest-posts__post-date\">03\/11\/2025<\/time><div class=\"wp-block-latest-posts__post-excerpt\">La grossesse chez la chienne est une p\u00e9riode particuli\u00e8re tant pour l&rsquo;animal que pour son ma\u00eetre. Bien qu&rsquo;elle soit plus &hellip; <\/div><\/li>\n<li><div class=\"wp-block-latest-posts__featured-image alignright\"><a href=\"https:\/\/yoopies.fr\/c\/chat\/soins-chat-comment-quand-laver\/\" aria-label=\"Soins du chat de A \u00e0 Z : comment et quand laver votre chat \u2013 \u00e0 l&rsquo;eau, \u00e0 sec et plus encore\"><img loading=\"lazy\" decoding=\"async\" width=\"300\" height=\"225\" src=\"https:\/\/yoopies.fr\/c\/wp-content\/uploads\/2025\/05\/Projekt-bez-nazwy-45-300x225.png\" class=\"attachment-medium size-medium wp-post-image\" alt=\"\" style=\"\" srcset=\"https:\/\/yoopies.fr\/c\/wp-content\/uploads\/2025\/05\/Projekt-bez-nazwy-45-300x225.png 300w, https:\/\/yoopies.fr\/c\/wp-content\/uploads\/2025\/05\/Projekt-bez-nazwy-45-1024x768.png 1024w, https:\/\/yoopies.fr\/c\/wp-content\/uploads\/2025\/05\/Projekt-bez-nazwy-45-768x576.png 768w, https:\/\/yoopies.fr\/c\/wp-content\/uploads\/2025\/05\/Projekt-bez-nazwy-45-760x570.png 760w, https:\/\/yoopies.fr\/c\/wp-content\/uploads\/2025\/05\/Projekt-bez-nazwy-45-365x274.png 365w, https:\/\/yoopies.fr\/c\/wp-content\/uploads\/2025\/05\/Projekt-bez-nazwy-45-320x241.png 320w, https:\/\/yoopies.fr\/c\/wp-content\/uploads\/2025\/05\/Projekt-bez-nazwy-45.png 1200w\" sizes=\"auto, (max-width: 300px) 100vw, 300px\" \/><\/a><\/div><a class=\"wp-block-latest-posts__post-title\" href=\"https:\/\/yoopies.fr\/c\/chat\/soins-chat-comment-quand-laver\/\">Soins du chat de A \u00e0 Z : comment et quand laver votre chat \u2013 \u00e0 l&rsquo;eau, \u00e0 sec et plus encore<\/a><time datetime=\"2025-09-17T06:59:16+00:00\" class=\"wp-block-latest-posts__post-date\">17\/09\/2025<\/time><div class=\"wp-block-latest-posts__post-excerpt\">Peut-on et doit-on donner un bain \u00e0 un chat ? C&rsquo;est une question que se posent de nombreux propri\u00e9taires de &hellip; <\/div><\/li>\n<li><div class=\"wp-block-latest-posts__featured-image alignright\"><a href=\"https:\/\/yoopies.fr\/c\/chien\/laver-chien-guide-soins\/\" aria-label=\"Laver son chien : petit guide sur les soins \u00e0 apporter \u00e0 votre animal de compagnie\"><img loading=\"lazy\" decoding=\"async\" width=\"300\" height=\"225\" src=\"https:\/\/yoopies.fr\/c\/wp-content\/uploads\/2025\/05\/Dodaj-podtytul-300x225.png\" class=\"attachment-medium size-medium wp-post-image\" alt=\"\" style=\"\" srcset=\"https:\/\/yoopies.fr\/c\/wp-content\/uploads\/2025\/05\/Dodaj-podtytul-300x225.png 300w, https:\/\/yoopies.fr\/c\/wp-content\/uploads\/2025\/05\/Dodaj-podtytul-1024x768.png 1024w, https:\/\/yoopies.fr\/c\/wp-content\/uploads\/2025\/05\/Dodaj-podtytul-768x576.png 768w, https:\/\/yoopies.fr\/c\/wp-content\/uploads\/2025\/05\/Dodaj-podtytul-760x570.png 760w, https:\/\/yoopies.fr\/c\/wp-content\/uploads\/2025\/05\/Dodaj-podtytul-365x274.png 365w, https:\/\/yoopies.fr\/c\/wp-content\/uploads\/2025\/05\/Dodaj-podtytul-320x241.png 320w, https:\/\/yoopies.fr\/c\/wp-content\/uploads\/2025\/05\/Dodaj-podtytul.png 1200w\" sizes=\"auto, (max-width: 300px) 100vw, 300px\" \/><\/a><\/div><a class=\"wp-block-latest-posts__post-title\" href=\"https:\/\/yoopies.fr\/c\/chien\/laver-chien-guide-soins\/\">Laver son chien : petit guide sur les soins \u00e0 apporter \u00e0 votre animal de compagnie<\/a><time datetime=\"2025-09-17T06:55:59+00:00\" class=\"wp-block-latest-posts__post-date\">17\/09\/2025<\/time><div class=\"wp-block-latest-posts__post-excerpt\">Peut-on et doit-on donner un bain \u00e0 son chien ? C&rsquo;est une question que se posent de nombreux propri\u00e9taires d&rsquo;animaux &hellip; <\/div><\/li>\n<li><div class=\"wp-block-latest-posts__featured-image alignright\"><a href=\"https:\/\/yoopies.fr\/c\/garde-danimaux\/9-choses-a-savoir-sur-le-carnet-de-sante-de-votre-animal-de-compagnie\/\" aria-label=\"9 choses \u00e0 savoir sur le carnet de sant\u00e9 de votre animal de compagnie\"><img loading=\"lazy\" decoding=\"async\" width=\"300\" height=\"225\" src=\"https:\/\/yoopies.fr\/c\/wp-content\/uploads\/2025\/08\/Dodaj-podtytul-54-300x225.png\" class=\"attachment-medium size-medium wp-post-image\" alt=\"\" style=\"\" srcset=\"https:\/\/yoopies.fr\/c\/wp-content\/uploads\/2025\/08\/Dodaj-podtytul-54-300x225.png 300w, https:\/\/yoopies.fr\/c\/wp-content\/uploads\/2025\/08\/Dodaj-podtytul-54-1024x768.png 1024w, https:\/\/yoopies.fr\/c\/wp-content\/uploads\/2025\/08\/Dodaj-podtytul-54-768x576.png 768w, https:\/\/yoopies.fr\/c\/wp-content\/uploads\/2025\/08\/Dodaj-podtytul-54-760x570.png 760w, https:\/\/yoopies.fr\/c\/wp-content\/uploads\/2025\/08\/Dodaj-podtytul-54-365x274.png 365w, https:\/\/yoopies.fr\/c\/wp-content\/uploads\/2025\/08\/Dodaj-podtytul-54-320x241.png 320w, https:\/\/yoopies.fr\/c\/wp-content\/uploads\/2025\/08\/Dodaj-podtytul-54.png 1200w\" sizes=\"auto, (max-width: 300px) 100vw, 300px\" \/><\/a><\/div><a class=\"wp-block-latest-posts__post-title\" href=\"https:\/\/yoopies.fr\/c\/garde-danimaux\/9-choses-a-savoir-sur-le-carnet-de-sante-de-votre-animal-de-compagnie\/\">9 choses \u00e0 savoir sur le carnet de sant\u00e9 de votre animal de compagnie<\/a><time datetime=\"2025-08-21T06:34:22+00:00\" class=\"wp-block-latest-posts__post-date\">21\/08\/2025<\/time><div class=\"wp-block-latest-posts__post-excerpt\">Vous \u00eates l\u2019heureux propri\u00e9taire d\u2019un chien, d\u2019un chat, d\u2019un furet ou autre animal de compagnie ? Soyez le garant de &hellip; <\/div><\/li>\n<\/ul>","protected":false},"excerpt":{"rendered":"","protected":false},"author":3,"featured_media":0,"parent":0,"menu_order":0,"comment_status":"closed","ping_status":"closed","template":"","meta":{"_acf_changed":false,"footnotes":""},"class_list":["post-1503","page","type-page","status-publish","hentry"],"acf":[],"yoast_head":"<!-- This site is optimized with the Yoast SEO plugin v26.9 - https:\/\/yoast.com\/product\/yoast-seo-wordpress\/ -->\n<title>Garde d&#039;animaux - Le Blog Yoopies<\/title>\n<meta name=\"robots\" content=\"index, follow, max-snippet:-1, max-image-preview:large, max-video-preview:-1\" \/>\n<link rel=\"canonical\" href=\"https:\/\/yoopies.fr\/c\/garde-danimaux\/\" \/>\n<meta property=\"og:locale\" content=\"fr_FR\" \/>\n<meta property=\"og:type\" content=\"article\" \/>\n<meta property=\"og:title\" content=\"Garde d&#039;animaux - Le Blog Yoopies\" \/>\n<meta property=\"og:url\" content=\"https:\/\/yoopies.fr\/c\/garde-danimaux\/\" \/>\n<meta property=\"og:site_name\" content=\"Le Blog Yoopies\" \/>\n<meta property=\"article:modified_time\" content=\"2026-01-28T06:15:43+00:00\" \/>\n<meta name=\"twitter:card\" content=\"summary_large_image\" \/>\n<script type=\"application\/ld+json\" class=\"yoast-schema-graph\">{\"@context\":\"https:\/\/schema.org\",\"@graph\":[{\"@type\":\"WebPage\",\"@id\":\"https:\/\/yoopies.fr\/c\/garde-danimaux\/\",\"url\":\"https:\/\/yoopies.fr\/c\/garde-danimaux\/\",\"name\":\"Garde d'animaux - Le Blog Yoopies\",\"isPartOf\":{\"@id\":\"https:\/\/yoopies.fr\/c\/#website\"},\"datePublished\":\"2025-08-21T06:38:04+00:00\",\"dateModified\":\"2026-01-28T06:15:43+00:00\",\"breadcrumb\":{\"@id\":\"https:\/\/yoopies.fr\/c\/garde-danimaux\/#breadcrumb\"},\"inLanguage\":\"fr-FR\",\"potentialAction\":[{\"@type\":\"ReadAction\",\"target\":[\"https:\/\/yoopies.fr\/c\/garde-danimaux\/\"]}]},{\"@type\":\"BreadcrumbList\",\"@id\":\"https:\/\/yoopies.fr\/c\/garde-danimaux\/#breadcrumb\",\"itemListElement\":[{\"@type\":\"ListItem\",\"position\":1,\"name\":\"Home\",\"item\":\"https:\/\/yoopies.fr\/c\/\"},{\"@type\":\"ListItem\",\"position\":2,\"name\":\"Garde d&rsquo;animaux\"}]},{\"@type\":\"WebSite\",\"@id\":\"https:\/\/yoopies.fr\/c\/#website\",\"url\":\"https:\/\/yoopies.fr\/c\/\",\"name\":\"Le Blog Yoopies\",\"description\":\"\",\"publisher\":{\"@id\":\"https:\/\/yoopies.fr\/c\/#organization\"},\"potentialAction\":[{\"@type\":\"SearchAction\",\"target\":{\"@type\":\"EntryPoint\",\"urlTemplate\":\"https:\/\/yoopies.fr\/c\/?s={search_term_string}\"},\"query-input\":{\"@type\":\"PropertyValueSpecification\",\"valueRequired\":true,\"valueName\":\"search_term_string\"}}],\"inLanguage\":\"fr-FR\"},{\"@type\":\"Organization\",\"@id\":\"https:\/\/yoopies.fr\/c\/#organization\",\"name\":\"Le Blog Yoopies\",\"url\":\"https:\/\/yoopies.fr\/c\/\",\"logo\":{\"@type\":\"ImageObject\",\"inLanguage\":\"fr-FR\",\"@id\":\"https:\/\/yoopies.fr\/c\/#\/schema\/logo\/image\/\",\"url\":\"https:\/\/yoopies.fr\/c\/wp-content\/uploads\/2025\/04\/cropped-Logo_Yoopies-2.png\",\"contentUrl\":\"https:\/\/yoopies.fr\/c\/wp-content\/uploads\/2025\/04\/cropped-Logo_Yoopies-2.png\",\"width\":512,\"height\":512,\"caption\":\"Le Blog Yoopies\"},\"image\":{\"@id\":\"https:\/\/yoopies.fr\/c\/#\/schema\/logo\/image\/\"}}]}<\/script>\n<!-- \/ Yoast SEO plugin. -->","yoast_head_json":{"title":"Garde d'animaux - Le Blog Yoopies","robots":{"index":"index","follow":"follow","max-snippet":"max-snippet:-1","max-image-preview":"max-image-preview:large","max-video-preview":"max-video-preview:-1"},"canonical":"https:\/\/yoopies.fr\/c\/garde-danimaux\/","og_locale":"fr_FR","og_type":"article","og_title":"Garde d'animaux - Le Blog Yoopies","og_url":"https:\/\/yoopies.fr\/c\/garde-danimaux\/","og_site_name":"Le Blog Yoopies","article_modified_time":"2026-01-28T06:15:43+00:00","twitter_card":"summary_large_image","schema":{"@context":"https:\/\/schema.org","@graph":[{"@type":"WebPage","@id":"https:\/\/yoopies.fr\/c\/garde-danimaux\/","url":"https:\/\/yoopies.fr\/c\/garde-danimaux\/","name":"Garde d'animaux - Le Blog Yoopies","isPartOf":{"@id":"https:\/\/yoopies.fr\/c\/#website"},"datePublished":"2025-08-21T06:38:04+00:00","dateModified":"2026-01-28T06:15:43+00:00","breadcrumb":{"@id":"https:\/\/yoopies.fr\/c\/garde-danimaux\/#breadcrumb"},"inLanguage":"fr-FR","potentialAction":[{"@type":"ReadAction","target":["https:\/\/yoopies.fr\/c\/garde-danimaux\/"]}]},{"@type":"BreadcrumbList","@id":"https:\/\/yoopies.fr\/c\/garde-danimaux\/#breadcrumb","itemListElement":[{"@type":"ListItem","position":1,"name":"Home","item":"https:\/\/yoopies.fr\/c\/"},{"@type":"ListItem","position":2,"name":"Garde d&rsquo;animaux"}]},{"@type":"WebSite","@id":"https:\/\/yoopies.fr\/c\/#website","url":"https:\/\/yoopies.fr\/c\/","name":"Le Blog Yoopies","description":"","publisher":{"@id":"https:\/\/yoopies.fr\/c\/#organization"},"potentialAction":[{"@type":"SearchAction","target":{"@type":"EntryPoint","urlTemplate":"https:\/\/yoopies.fr\/c\/?s={search_term_string}"},"query-input":{"@type":"PropertyValueSpecification","valueRequired":true,"valueName":"search_term_string"}}],"inLanguage":"fr-FR"},{"@type":"Organization","@id":"https:\/\/yoopies.fr\/c\/#organization","name":"Le Blog Yoopies","url":"https:\/\/yoopies.fr\/c\/","logo":{"@type":"ImageObject","inLanguage":"fr-FR","@id":"https:\/\/yoopies.fr\/c\/#\/schema\/logo\/image\/","url":"https:\/\/yoopies.fr\/c\/wp-content\/uploads\/2025\/04\/cropped-Logo_Yoopies-2.png","contentUrl":"https:\/\/yoopies.fr\/c\/wp-content\/uploads\/2025\/04\/cropped-Logo_Yoopies-2.png","width":512,"height":512,"caption":"Le Blog Yoopies"},"image":{"@id":"https:\/\/yoopies.fr\/c\/#\/schema\/logo\/image\/"}}]}},"_links":{"self":[{"href":"https:\/\/yoopies.fr\/c\/wp-json\/wp\/v2\/pages\/1503","targetHints":{"allow":["GET"]}}],"collection":[{"href":"https:\/\/yoopies.fr\/c\/wp-json\/wp\/v2\/pages"}],"about":[{"href":"https:\/\/yoopies.fr\/c\/wp-json\/wp\/v2\/types\/page"}],"author":[{"embeddable":true,"href":"https:\/\/yoopies.fr\/c\/wp-json\/wp\/v2\/users\/3"}],"replies":[{"embeddable":true,"href":"https:\/\/yoopies.fr\/c\/wp-json\/wp\/v2\/comments?post=1503"}],"version-history":[{"count":3,"href":"https:\/\/yoopies.fr\/c\/wp-json\/wp\/v2\/pages\/1503\/revisions"}],"predecessor-version":[{"id":1778,"href":"https:\/\/yoopies.fr\/c\/wp-json\/wp\/v2\/pages\/1503\/revisions\/1778"}],"wp:attachment":[{"href":"https:\/\/yoopies.fr\/c\/wp-json\/wp\/v2\/media?parent=1503"}],"curies":[{"name":"wp","href":"https:\/\/api.w.org\/{rel}","templated":true}]}}