{"id":1401,"date":"2025-06-27T08:28:06","date_gmt":"2025-06-27T08:28:06","guid":{"rendered":"https:\/\/yoopies.fr\/c\/?page_id=1401"},"modified":"2026-01-28T06:10:23","modified_gmt":"2026-01-28T06:10:23","slug":"aide-a-la-personne","status":"publish","type":"page","link":"https:\/\/yoopies.fr\/c\/aide-a-la-personne\/","title":{"rendered":"Aide \u00e0 la personne"},"content":{"rendered":"<ul class=\"wp-block-latest-posts__list has-dates wp-block-latest-posts\"><li><div class=\"wp-block-latest-posts__featured-image alignright\"><a href=\"https:\/\/yoopies.fr\/c\/personnel-soignant\/salaire-aide-soignante-personnes-agees\/\" aria-label=\"Combien gagne une aide-soignante pour personnes \u00e2g\u00e9es ? | Salaire en 2025\"><img loading=\"lazy\" decoding=\"async\" width=\"300\" height=\"225\" src=\"https:\/\/yoopies.fr\/c\/wp-content\/uploads\/2025\/05\/Dodaj-podtytul-24-300x225.png\" class=\"attachment-medium size-medium wp-post-image\" alt=\"\" style=\"\" srcset=\"https:\/\/yoopies.fr\/c\/wp-content\/uploads\/2025\/05\/Dodaj-podtytul-24-300x225.png 300w, https:\/\/yoopies.fr\/c\/wp-content\/uploads\/2025\/05\/Dodaj-podtytul-24-1024x768.png 1024w, https:\/\/yoopies.fr\/c\/wp-content\/uploads\/2025\/05\/Dodaj-podtytul-24-768x576.png 768w, https:\/\/yoopies.fr\/c\/wp-content\/uploads\/2025\/05\/Dodaj-podtytul-24-760x570.png 760w, https:\/\/yoopies.fr\/c\/wp-content\/uploads\/2025\/05\/Dodaj-podtytul-24-365x274.png 365w, https:\/\/yoopies.fr\/c\/wp-content\/uploads\/2025\/05\/Dodaj-podtytul-24-320x241.png 320w, https:\/\/yoopies.fr\/c\/wp-content\/uploads\/2025\/05\/Dodaj-podtytul-24.png 1200w\" sizes=\"auto, (max-width: 300px) 100vw, 300px\" \/><\/a><\/div><a class=\"wp-block-latest-posts__post-title\" href=\"https:\/\/yoopies.fr\/c\/personnel-soignant\/salaire-aide-soignante-personnes-agees\/\">Combien gagne une aide-soignante pour personnes \u00e2g\u00e9es ? | Salaire en 2025<\/a><time datetime=\"2025-11-12T13:15:03+00:00\" class=\"wp-block-latest-posts__post-date\">12\/11\/2025<\/time><div class=\"wp-block-latest-posts__post-excerpt\">La demande en mati\u00e8re de soins professionnels aux personnes \u00e2g\u00e9es augmente d&rsquo;ann\u00e9e en ann\u00e9e. D\u00e8s 2024, une p\u00e9nurie importante d&rsquo;aidants &hellip; <\/div><\/li>\n<li><div class=\"wp-block-latest-posts__featured-image alignright\"><a href=\"https:\/\/yoopies.fr\/c\/sante\/charge-mentale-domestique-femmes-2025\/\" aria-label=\"Charge mentale domestique : 92% des femmes estiment qu\u2019elle freine leur carri\u00e8re, une pression qui s\u2019aggrave entre 2023 et 2025.\"><img loading=\"lazy\" decoding=\"async\" width=\"300\" height=\"200\" src=\"https:\/\/yoopies.fr\/c\/wp-content\/uploads\/2025\/10\/image-300x200.png\" class=\"attachment-medium size-medium wp-post-image\" alt=\"\" style=\"\" srcset=\"https:\/\/yoopies.fr\/c\/wp-content\/uploads\/2025\/10\/image-300x200.png 300w, https:\/\/yoopies.fr\/c\/wp-content\/uploads\/2025\/10\/image-768x512.png 768w, https:\/\/yoopies.fr\/c\/wp-content\/uploads\/2025\/10\/image.png 1014w\" sizes=\"auto, (max-width: 300px) 100vw, 300px\" \/><\/a><\/div><a class=\"wp-block-latest-posts__post-title\" href=\"https:\/\/yoopies.fr\/c\/sante\/charge-mentale-domestique-femmes-2025\/\">Charge mentale domestique : 92% des femmes estiment qu\u2019elle freine leur carri\u00e8re, une pression qui s\u2019aggrave entre 2023 et 2025.<\/a><time datetime=\"2025-10-06T08:06:44+00:00\" class=\"wp-block-latest-posts__post-date\">06\/10\/2025<\/time><div class=\"wp-block-latest-posts__post-excerpt\">Paris, octobre 2025&nbsp; Yoopies r\u00e9v\u00e8le les r\u00e9sultats de sa nouvelle enqu\u00eate nationale sur la charge mentale domestique, \u00e0 l\u2019occasion de &hellip; <\/div><\/li>\n<li><div class=\"wp-block-latest-posts__featured-image alignright\"><a href=\"https:\/\/yoopies.fr\/c\/personnel-soignant\/aide-toilette-personne-situation-handicap\/\" aria-label=\"Aide \u00e0 la toilette : Personne en situation de handicap\"><img loading=\"lazy\" decoding=\"async\" width=\"300\" height=\"225\" src=\"https:\/\/yoopies.fr\/c\/wp-content\/uploads\/2025\/08\/Dodaj-podtytul-53-300x225.png\" class=\"attachment-medium size-medium wp-post-image\" alt=\"\" style=\"\" srcset=\"https:\/\/yoopies.fr\/c\/wp-content\/uploads\/2025\/08\/Dodaj-podtytul-53-300x225.png 300w, https:\/\/yoopies.fr\/c\/wp-content\/uploads\/2025\/08\/Dodaj-podtytul-53-1024x768.png 1024w, https:\/\/yoopies.fr\/c\/wp-content\/uploads\/2025\/08\/Dodaj-podtytul-53-768x576.png 768w, https:\/\/yoopies.fr\/c\/wp-content\/uploads\/2025\/08\/Dodaj-podtytul-53-760x570.png 760w, https:\/\/yoopies.fr\/c\/wp-content\/uploads\/2025\/08\/Dodaj-podtytul-53-365x274.png 365w, https:\/\/yoopies.fr\/c\/wp-content\/uploads\/2025\/08\/Dodaj-podtytul-53-320x241.png 320w, https:\/\/yoopies.fr\/c\/wp-content\/uploads\/2025\/08\/Dodaj-podtytul-53.png 1200w\" sizes=\"auto, (max-width: 300px) 100vw, 300px\" \/><\/a><\/div><a class=\"wp-block-latest-posts__post-title\" href=\"https:\/\/yoopies.fr\/c\/personnel-soignant\/aide-toilette-personne-situation-handicap\/\">Aide \u00e0 la toilette : Personne en situation de handicap<\/a><time datetime=\"2025-08-21T06:45:22+00:00\" class=\"wp-block-latest-posts__post-date\">21\/08\/2025<\/time><div class=\"wp-block-latest-posts__post-excerpt\">Vous cherchez une aide \u00e0 la personne pour un proche \u00e2g\u00e9, malade ou en situation de handicap qui n\u2019est plus &hellip; <\/div><\/li>\n<li><div class=\"wp-block-latest-posts__featured-image alignright\"><a href=\"https:\/\/yoopies.fr\/c\/personnel-soignant\/aide-a-domicile-acceder-au-metier-avec-ou-sans-formation\/\" aria-label=\"Aide \u00e0 domicile : acc\u00e9der au m\u00e9tier avec ou sans formation\"><img loading=\"lazy\" decoding=\"async\" width=\"300\" height=\"225\" src=\"https:\/\/yoopies.fr\/c\/wp-content\/uploads\/2025\/08\/Dodaj-podtytul-49-300x225.png\" class=\"attachment-medium size-medium wp-post-image\" alt=\"\" style=\"\" srcset=\"https:\/\/yoopies.fr\/c\/wp-content\/uploads\/2025\/08\/Dodaj-podtytul-49-300x225.png 300w, https:\/\/yoopies.fr\/c\/wp-content\/uploads\/2025\/08\/Dodaj-podtytul-49-1024x768.png 1024w, https:\/\/yoopies.fr\/c\/wp-content\/uploads\/2025\/08\/Dodaj-podtytul-49-768x576.png 768w, https:\/\/yoopies.fr\/c\/wp-content\/uploads\/2025\/08\/Dodaj-podtytul-49-760x570.png 760w, https:\/\/yoopies.fr\/c\/wp-content\/uploads\/2025\/08\/Dodaj-podtytul-49-365x274.png 365w, https:\/\/yoopies.fr\/c\/wp-content\/uploads\/2025\/08\/Dodaj-podtytul-49-320x241.png 320w, https:\/\/yoopies.fr\/c\/wp-content\/uploads\/2025\/08\/Dodaj-podtytul-49.png 1200w\" sizes=\"auto, (max-width: 300px) 100vw, 300px\" \/><\/a><\/div><a class=\"wp-block-latest-posts__post-title\" href=\"https:\/\/yoopies.fr\/c\/personnel-soignant\/aide-a-domicile-acceder-au-metier-avec-ou-sans-formation\/\">Aide \u00e0 domicile : acc\u00e9der au m\u00e9tier avec ou sans formation<\/a><time datetime=\"2025-08-08T08:05:14+00:00\" class=\"wp-block-latest-posts__post-date\">08\/08\/2025<\/time><div class=\"wp-block-latest-posts__post-excerpt\">Le m\u00e9tier d\u2019aide \u00e0 domicile Selon P\u00f4le Emploi, l\u2019aide \u00e0 domicile est l\u2019un des m\u00e9tiers qui recrute le plus. Ancr\u00e9 &hellip; <\/div><\/li>\n<li><div class=\"wp-block-latest-posts__featured-image alignright\"><a href=\"https:\/\/yoopies.fr\/c\/sante\/mal-de-dos-causes-symptomes-traitements\/\" aria-label=\"Mal de dos : causes, sympt\u00f4mes, douleurs dans le haut et le bas du dos. Comment traiter le mal de dos ?\"><img loading=\"lazy\" decoding=\"async\" width=\"300\" height=\"225\" src=\"https:\/\/yoopies.fr\/c\/wp-content\/uploads\/2025\/05\/Projekt-bez-nazwy-39-300x225.png\" class=\"attachment-medium size-medium wp-post-image\" alt=\"\" style=\"\" srcset=\"https:\/\/yoopies.fr\/c\/wp-content\/uploads\/2025\/05\/Projekt-bez-nazwy-39-300x225.png 300w, https:\/\/yoopies.fr\/c\/wp-content\/uploads\/2025\/05\/Projekt-bez-nazwy-39-1024x768.png 1024w, https:\/\/yoopies.fr\/c\/wp-content\/uploads\/2025\/05\/Projekt-bez-nazwy-39-768x576.png 768w, https:\/\/yoopies.fr\/c\/wp-content\/uploads\/2025\/05\/Projekt-bez-nazwy-39-760x570.png 760w, https:\/\/yoopies.fr\/c\/wp-content\/uploads\/2025\/05\/Projekt-bez-nazwy-39-365x274.png 365w, https:\/\/yoopies.fr\/c\/wp-content\/uploads\/2025\/05\/Projekt-bez-nazwy-39-320x241.png 320w, https:\/\/yoopies.fr\/c\/wp-content\/uploads\/2025\/05\/Projekt-bez-nazwy-39.png 1200w\" sizes=\"auto, (max-width: 300px) 100vw, 300px\" \/><\/a><\/div><a class=\"wp-block-latest-posts__post-title\" href=\"https:\/\/yoopies.fr\/c\/sante\/mal-de-dos-causes-symptomes-traitements\/\">Mal de dos : causes, sympt\u00f4mes, douleurs dans le haut et le bas du dos. Comment traiter le mal de dos ?<\/a><time datetime=\"2025-08-08T07:34:36+00:00\" class=\"wp-block-latest-posts__post-date\">08\/08\/2025<\/time><div class=\"wp-block-latest-posts__post-excerpt\">Le mal de dos est l&rsquo;un des maux les plus r\u00e9pandus dans le monde moderne. Il touche des personnes de &hellip; <\/div><\/li>\n<li><div class=\"wp-block-latest-posts__featured-image alignright\"><a href=\"https:\/\/yoopies.fr\/c\/personnel-soignant\/references-aidant-comment-ecrire\/\" aria-label=\"R\u00e9f\u00e9rences pour un aidant \u00e2g\u00e9 : de quoi s&rsquo;agit-il et comment les r\u00e9diger ?\"><img loading=\"lazy\" decoding=\"async\" width=\"300\" height=\"225\" src=\"https:\/\/yoopies.fr\/c\/wp-content\/uploads\/2025\/06\/Projekt-bez-nazwy-33-300x225.png\" class=\"attachment-medium size-medium wp-post-image\" alt=\"\" style=\"\" srcset=\"https:\/\/yoopies.fr\/c\/wp-content\/uploads\/2025\/06\/Projekt-bez-nazwy-33-300x225.png 300w, https:\/\/yoopies.fr\/c\/wp-content\/uploads\/2025\/06\/Projekt-bez-nazwy-33-1024x768.png 1024w, https:\/\/yoopies.fr\/c\/wp-content\/uploads\/2025\/06\/Projekt-bez-nazwy-33-768x576.png 768w, https:\/\/yoopies.fr\/c\/wp-content\/uploads\/2025\/06\/Projekt-bez-nazwy-33-760x570.png 760w, https:\/\/yoopies.fr\/c\/wp-content\/uploads\/2025\/06\/Projekt-bez-nazwy-33-365x274.png 365w, https:\/\/yoopies.fr\/c\/wp-content\/uploads\/2025\/06\/Projekt-bez-nazwy-33-320x241.png 320w, https:\/\/yoopies.fr\/c\/wp-content\/uploads\/2025\/06\/Projekt-bez-nazwy-33.png 1200w\" sizes=\"auto, (max-width: 300px) 100vw, 300px\" \/><\/a><\/div><a class=\"wp-block-latest-posts__post-title\" href=\"https:\/\/yoopies.fr\/c\/personnel-soignant\/references-aidant-comment-ecrire\/\">R\u00e9f\u00e9rences pour un aidant \u00e2g\u00e9 : de quoi s&rsquo;agit-il et comment les r\u00e9diger ?<\/a><time datetime=\"2025-06-27T08:22:29+00:00\" class=\"wp-block-latest-posts__post-date\">27\/06\/2025<\/time><div class=\"wp-block-latest-posts__post-excerpt\">Les r\u00e9f\u00e9rences sont l&rsquo;un des \u00e9l\u00e9ments cl\u00e9s dans le processus de s\u00e9lection du bon prestataire de soins pour une personne &hellip; <\/div><\/li>\n<li><div class=\"wp-block-latest-posts__featured-image alignright\"><a href=\"https:\/\/yoopies.fr\/c\/personnel-soignant\/devoir-diligence-enfants-parents\/\" aria-label=\"Devoir de diligence des enfants \u00e0 l&rsquo;\u00e9gard des parents : droits et responsabilit\u00e9s\"><img loading=\"lazy\" decoding=\"async\" width=\"300\" height=\"225\" src=\"https:\/\/yoopies.fr\/c\/wp-content\/uploads\/2025\/06\/Yoopies-Premium-1-300x225.png\" class=\"attachment-medium size-medium wp-post-image\" alt=\"\" style=\"\" srcset=\"https:\/\/yoopies.fr\/c\/wp-content\/uploads\/2025\/06\/Yoopies-Premium-1-300x225.png 300w, https:\/\/yoopies.fr\/c\/wp-content\/uploads\/2025\/06\/Yoopies-Premium-1-1024x768.png 1024w, https:\/\/yoopies.fr\/c\/wp-content\/uploads\/2025\/06\/Yoopies-Premium-1-768x576.png 768w, https:\/\/yoopies.fr\/c\/wp-content\/uploads\/2025\/06\/Yoopies-Premium-1-760x570.png 760w, https:\/\/yoopies.fr\/c\/wp-content\/uploads\/2025\/06\/Yoopies-Premium-1-365x274.png 365w, https:\/\/yoopies.fr\/c\/wp-content\/uploads\/2025\/06\/Yoopies-Premium-1-320x241.png 320w, https:\/\/yoopies.fr\/c\/wp-content\/uploads\/2025\/06\/Yoopies-Premium-1.png 1200w\" sizes=\"auto, (max-width: 300px) 100vw, 300px\" \/><\/a><\/div><a class=\"wp-block-latest-posts__post-title\" href=\"https:\/\/yoopies.fr\/c\/personnel-soignant\/devoir-diligence-enfants-parents\/\">Devoir de diligence des enfants \u00e0 l&rsquo;\u00e9gard des parents : droits et responsabilit\u00e9s<\/a><time datetime=\"2025-06-27T08:20:46+00:00\" class=\"wp-block-latest-posts__post-date\">27\/06\/2025<\/time><div class=\"wp-block-latest-posts__post-excerpt\">Il s&rsquo;agit notamment de : La loi impose cette obligation aux enfants, mais l&rsquo;\u00e9tendue de cette obligation d\u00e9pend des circonstances &hellip; <\/div><\/li>\n<\/ul>","protected":false},"excerpt":{"rendered":"","protected":false},"author":3,"featured_media":0,"parent":0,"menu_order":0,"comment_status":"closed","ping_status":"closed","template":"","meta":{"_acf_changed":false,"footnotes":""},"class_list":["post-1401","page","type-page","status-publish","hentry"],"acf":[],"yoast_head":"<!-- This site is optimized with the Yoast SEO plugin v26.9 - https:\/\/yoast.com\/product\/yoast-seo-wordpress\/ -->\n<title>Aide \u00e0 la personne - Le Blog Yoopies<\/title>\n<meta name=\"robots\" content=\"index, follow, max-snippet:-1, max-image-preview:large, max-video-preview:-1\" \/>\n<link rel=\"canonical\" href=\"https:\/\/yoopies.fr\/c\/aide-a-la-personne\/\" \/>\n<meta property=\"og:locale\" content=\"fr_FR\" \/>\n<meta property=\"og:type\" content=\"article\" \/>\n<meta property=\"og:title\" content=\"Aide \u00e0 la personne - Le Blog Yoopies\" \/>\n<meta property=\"og:url\" content=\"https:\/\/yoopies.fr\/c\/aide-a-la-personne\/\" \/>\n<meta property=\"og:site_name\" content=\"Le Blog Yoopies\" \/>\n<meta property=\"article:modified_time\" content=\"2026-01-28T06:10:23+00:00\" \/>\n<meta name=\"twitter:card\" content=\"summary_large_image\" \/>\n<script type=\"application\/ld+json\" class=\"yoast-schema-graph\">{\"@context\":\"https:\/\/schema.org\",\"@graph\":[{\"@type\":\"WebPage\",\"@id\":\"https:\/\/yoopies.fr\/c\/aide-a-la-personne\/\",\"url\":\"https:\/\/yoopies.fr\/c\/aide-a-la-personne\/\",\"name\":\"Aide \u00e0 la personne - Le Blog Yoopies\",\"isPartOf\":{\"@id\":\"https:\/\/yoopies.fr\/c\/#website\"},\"datePublished\":\"2025-06-27T08:28:06+00:00\",\"dateModified\":\"2026-01-28T06:10:23+00:00\",\"breadcrumb\":{\"@id\":\"https:\/\/yoopies.fr\/c\/aide-a-la-personne\/#breadcrumb\"},\"inLanguage\":\"fr-FR\",\"potentialAction\":[{\"@type\":\"ReadAction\",\"target\":[\"https:\/\/yoopies.fr\/c\/aide-a-la-personne\/\"]}]},{\"@type\":\"BreadcrumbList\",\"@id\":\"https:\/\/yoopies.fr\/c\/aide-a-la-personne\/#breadcrumb\",\"itemListElement\":[{\"@type\":\"ListItem\",\"position\":1,\"name\":\"Home\",\"item\":\"https:\/\/yoopies.fr\/c\/\"},{\"@type\":\"ListItem\",\"position\":2,\"name\":\"Aide \u00e0 la personne\"}]},{\"@type\":\"WebSite\",\"@id\":\"https:\/\/yoopies.fr\/c\/#website\",\"url\":\"https:\/\/yoopies.fr\/c\/\",\"name\":\"Le Blog Yoopies\",\"description\":\"\",\"publisher\":{\"@id\":\"https:\/\/yoopies.fr\/c\/#organization\"},\"potentialAction\":[{\"@type\":\"SearchAction\",\"target\":{\"@type\":\"EntryPoint\",\"urlTemplate\":\"https:\/\/yoopies.fr\/c\/?s={search_term_string}\"},\"query-input\":{\"@type\":\"PropertyValueSpecification\",\"valueRequired\":true,\"valueName\":\"search_term_string\"}}],\"inLanguage\":\"fr-FR\"},{\"@type\":\"Organization\",\"@id\":\"https:\/\/yoopies.fr\/c\/#organization\",\"name\":\"Le Blog Yoopies\",\"url\":\"https:\/\/yoopies.fr\/c\/\",\"logo\":{\"@type\":\"ImageObject\",\"inLanguage\":\"fr-FR\",\"@id\":\"https:\/\/yoopies.fr\/c\/#\/schema\/logo\/image\/\",\"url\":\"https:\/\/yoopies.fr\/c\/wp-content\/uploads\/2025\/04\/cropped-Logo_Yoopies-2.png\",\"contentUrl\":\"https:\/\/yoopies.fr\/c\/wp-content\/uploads\/2025\/04\/cropped-Logo_Yoopies-2.png\",\"width\":512,\"height\":512,\"caption\":\"Le Blog Yoopies\"},\"image\":{\"@id\":\"https:\/\/yoopies.fr\/c\/#\/schema\/logo\/image\/\"}}]}<\/script>\n<!-- \/ Yoast SEO plugin. -->","yoast_head_json":{"title":"Aide \u00e0 la personne - Le Blog Yoopies","robots":{"index":"index","follow":"follow","max-snippet":"max-snippet:-1","max-image-preview":"max-image-preview:large","max-video-preview":"max-video-preview:-1"},"canonical":"https:\/\/yoopies.fr\/c\/aide-a-la-personne\/","og_locale":"fr_FR","og_type":"article","og_title":"Aide \u00e0 la personne - Le Blog Yoopies","og_url":"https:\/\/yoopies.fr\/c\/aide-a-la-personne\/","og_site_name":"Le Blog Yoopies","article_modified_time":"2026-01-28T06:10:23+00:00","twitter_card":"summary_large_image","schema":{"@context":"https:\/\/schema.org","@graph":[{"@type":"WebPage","@id":"https:\/\/yoopies.fr\/c\/aide-a-la-personne\/","url":"https:\/\/yoopies.fr\/c\/aide-a-la-personne\/","name":"Aide \u00e0 la personne - Le Blog Yoopies","isPartOf":{"@id":"https:\/\/yoopies.fr\/c\/#website"},"datePublished":"2025-06-27T08:28:06+00:00","dateModified":"2026-01-28T06:10:23+00:00","breadcrumb":{"@id":"https:\/\/yoopies.fr\/c\/aide-a-la-personne\/#breadcrumb"},"inLanguage":"fr-FR","potentialAction":[{"@type":"ReadAction","target":["https:\/\/yoopies.fr\/c\/aide-a-la-personne\/"]}]},{"@type":"BreadcrumbList","@id":"https:\/\/yoopies.fr\/c\/aide-a-la-personne\/#breadcrumb","itemListElement":[{"@type":"ListItem","position":1,"name":"Home","item":"https:\/\/yoopies.fr\/c\/"},{"@type":"ListItem","position":2,"name":"Aide \u00e0 la personne"}]},{"@type":"WebSite","@id":"https:\/\/yoopies.fr\/c\/#website","url":"https:\/\/yoopies.fr\/c\/","name":"Le Blog Yoopies","description":"","publisher":{"@id":"https:\/\/yoopies.fr\/c\/#organization"},"potentialAction":[{"@type":"SearchAction","target":{"@type":"EntryPoint","urlTemplate":"https:\/\/yoopies.fr\/c\/?s={search_term_string}"},"query-input":{"@type":"PropertyValueSpecification","valueRequired":true,"valueName":"search_term_string"}}],"inLanguage":"fr-FR"},{"@type":"Organization","@id":"https:\/\/yoopies.fr\/c\/#organization","name":"Le Blog Yoopies","url":"https:\/\/yoopies.fr\/c\/","logo":{"@type":"ImageObject","inLanguage":"fr-FR","@id":"https:\/\/yoopies.fr\/c\/#\/schema\/logo\/image\/","url":"https:\/\/yoopies.fr\/c\/wp-content\/uploads\/2025\/04\/cropped-Logo_Yoopies-2.png","contentUrl":"https:\/\/yoopies.fr\/c\/wp-content\/uploads\/2025\/04\/cropped-Logo_Yoopies-2.png","width":512,"height":512,"caption":"Le Blog Yoopies"},"image":{"@id":"https:\/\/yoopies.fr\/c\/#\/schema\/logo\/image\/"}}]}},"_links":{"self":[{"href":"https:\/\/yoopies.fr\/c\/wp-json\/wp\/v2\/pages\/1401","targetHints":{"allow":["GET"]}}],"collection":[{"href":"https:\/\/yoopies.fr\/c\/wp-json\/wp\/v2\/pages"}],"about":[{"href":"https:\/\/yoopies.fr\/c\/wp-json\/wp\/v2\/types\/page"}],"author":[{"embeddable":true,"href":"https:\/\/yoopies.fr\/c\/wp-json\/wp\/v2\/users\/3"}],"replies":[{"embeddable":true,"href":"https:\/\/yoopies.fr\/c\/wp-json\/wp\/v2\/comments?post=1401"}],"version-history":[{"count":4,"href":"https:\/\/yoopies.fr\/c\/wp-json\/wp\/v2\/pages\/1401\/revisions"}],"predecessor-version":[{"id":1774,"href":"https:\/\/yoopies.fr\/c\/wp-json\/wp\/v2\/pages\/1401\/revisions\/1774"}],"wp:attachment":[{"href":"https:\/\/yoopies.fr\/c\/wp-json\/wp\/v2\/media?parent=1401"}],"curies":[{"name":"wp","href":"https:\/\/api.w.org\/{rel}","templated":true}]}}