{"id":1075,"date":"2024-06-11T15:29:09","date_gmt":"2024-06-11T15:29:09","guid":{"rendered":"https:\/\/blog.yoopies.fr\/garde-enfant\/les-modes-de-garde\/les-autres-modes-de-garde\/la-garde-partagee\/organisation-d-une-garde-partagee\/trouver-la-co-famille-ideale\/"},"modified":"2025-06-12T07:59:18","modified_gmt":"2025-06-12T07:59:18","slug":"trouver-la-co-famille-ideale","status":"publish","type":"page","link":"https:\/\/yoopies.fr\/c\/garde-enfant\/les-modes-de-garde\/les-autres-modes-de-garde\/la-garde-partagee\/organisation-d-une-garde-partagee\/trouver-la-co-famille-ideale\/","title":{"rendered":"Trouver la co-famille id\u00e9ale pour une garde partag\u00e9e r\u00e9ussie : le guide complet pour les parents en qu\u00eate de solutions"},"content":{"rendered":"<p><p>Trouver la co-famille id&eacute;ale pour une garde partag&eacute;e r&eacute;ussie : le guide complet pour les parents en qu&ecirc;te de solutions<\/p>\n<p>La garde partag&eacute;e est une solution de plus en plus pris&eacute;e par les parents pour faire garder leur enfant.<\/p>\n<p>Il s&rsquo;agit de partager les services d&rsquo;une nounou avec une autre famille, g&eacute;n&eacute;ralement &agrave; domicile.<\/p>\n<p>Mais pour que cette exp&eacute;rience soit une r&eacute;ussite, il est essentiel de bien choisir la co-famille avec laquelle on va s&rsquo;associer.<\/p>\n<p>Comment proc&eacute;der pour trouver la co-famille id&eacute;ale ? Quels crit&egrave;res prendre en compte ?<\/p>\n<p>Quelles sont les &eacute;tapes &agrave; suivre pour &eacute;tablir une relation de confiance et une organisation optimale ?<\/p>\n<p>Ce guide complet vous accompagne pas &agrave; pas dans cette d&eacute;marche, et en conclusion, vous donne des conseils pour choisir la nounou qui prendra soin de vos bambins.<\/p>\n<\/p>\n<figure><img decoding=\"async\" src=\"https:\/\/yoopies.fr\/c\/wp-content\/uploads\/2024\/06\/zlsgqawthyxtt0tu-404.jpg\" alt=\"Une famille asiatique partage un repas autour d'une table dans une maison lumineuse.\" \/><\/figure>\n<p><h2>Commencer par d&eacute;finir ses attentes et ses besoins<\/h2>\n<p>Avant de se lancer dans la recherche d&rsquo;une co-famille, il est important de prendre le temps de r&eacute;fl&eacute;chir &agrave; ses propres attentes et besoins en mati&egrave;re de garde partag&eacute;e.<\/p>\n<p><strong>Pour tout savoir sur les d&eacute;marches administratives et obligations l&eacute;gales, lisez <a target=\"_self\" rel=\"noopener\" href=\"https:\/\/yoopies.fr\/c\/garde-enfant\/les-modes-de-garde\/les-autres-modes-de-garde\/la-garde-partagee\/organisation-d-une-garde-partagee\/la-garde-partagee-ideale\/\">notre guide complet<\/a>.<\/strong><\/p>\n<ul>\n<li><strong>Les horaires :<\/strong> Quels sont vos besoins en termes d&rsquo;horaires de garde ? Sont-ils r&eacute;guliers ou variables ? &Ecirc;tes-vous pr&ecirc;ts &agrave; vous adapter &agrave; l&#8217;emploi du temps de l&rsquo;autre famille, et vice-versa ?<\/li>\n<li><strong>Le lieu :<\/strong> Souhaitez-vous que la garde se d&eacute;roule chez vous, chez l&rsquo;autre famille, ou alternativement dans les deux foyers ? Quels sont les am&eacute;nagements n&eacute;cessaires pour accueillir les enfants ?<\/li>\n<li><strong>Le nombre d&rsquo;enfants :<\/strong> Combien d&rsquo;enfants avez-vous, et combien en a la co-famille ? Quelle est la diff&eacute;rence d&rsquo;&acirc;ge entre les enfants ? Comment cela peut-il influencer l&rsquo;organisation de la garde ?<\/li>\n<li><strong>Les valeurs &eacute;ducatives :<\/strong> Quelles sont vos valeurs et celles de la co-famille en mati&egrave;re d&rsquo;&eacute;ducation ? Sont-elles compatibles ? Comment mettre en place une co&eacute;ducation harmonieuse ?<\/li>\n<\/ul>\n<p>Une fois que vous aurez r&eacute;pondu &agrave; ces questions, vous serez en mesure de d&eacute;terminer les crit&egrave;res essentiels pour choisir la co-famille qui correspond le mieux &agrave; vos besoins et &agrave; ceux de votre enfant.<\/p>\n<h2>Se tourner vers son r&eacute;seau et les plateformes sp&eacute;cialis&eacute;es<\/h2>\n<p>Pour trouver la co-famille id&eacute;ale, il est recommand&eacute; de d&eacute;buter ses recherches en sollicitant son propre r&eacute;seau.<\/p>\n<ol>\n<li><strong>Le bouche-&agrave;-oreille :<\/strong> Parlez de votre projet de garde partag&eacute;e autour de vous, &agrave; votre famille, vos amis, vos coll&egrave;gues, ou encore aux parents d&rsquo;&eacute;l&egrave;ves de l&rsquo;&eacute;cole de votre enfant. Le bouche-&agrave;-oreille peut &ecirc;tre un moyen tr&egrave;s efficace pour trouver une co-famille qui partage vos valeurs et vos attentes.<\/li>\n<li><strong>Les associations et les groupes locaux :<\/strong> Renseignez-vous aupr&egrave;s des associations de parents, des groupes locaux (comme les centres sociaux, les cr&egrave;ches, ou les &eacute;coles), qui peuvent disposer d&rsquo;informations et de contacts pour vous aider dans votre recherche.<\/li>\n<li><strong>Les plateformes sp&eacute;cialis&eacute;es :<\/strong> De nombreuses plateformes en ligne sont d&eacute;di&eacute;es &agrave; la mise en relation des familles en qu&ecirc;te d&rsquo;une garde partag&eacute;e. N&rsquo;h&eacute;sitez pas &agrave; vous inscrire sur plusieurs d&rsquo;entre elles pour multiplier vos chances de trouver la co-famille qui vous correspond. Les r&eacute;seaux sociaux peuvent vous &ecirc;tre utiles dans cette d&eacute;marche, gr&acirc;ce aux groupes de discussion et aux pages d&eacute;di&eacute;es &agrave; la garde partag&eacute;e.<\/li>\n<\/ol>\n<p>En diversifiant vos sources de recherche et en prenant le temps de discuter avec les diff&eacute;rentes co-familles rencontr&eacute;es, vous augmenterez vos chances de trouver celle qui convient le mieux &agrave; votre situation.<\/p>\n<h2>Organiser des rencontres et poser les bonnes questions<\/h2>\n<p>Une fois que vous avez identifi&eacute; une ou plusieurs co-familles potentielles, il est essentiel d&rsquo;organiser des rencontres pour &eacute;changer sur vos attentes respectives et v&eacute;rifier si le courant passe bien entre les parents et les enfants.<\/p>\n<p>Voici quelques questions &agrave; aborder lors de ces rencontres :<\/p>\n<\/p>\n<p><strong>D&eacute;couvrez <a target=\"_self\" rel=\"noopener\" href=\"https:\/\/yoopies.fr\/c\/garde-enfant\/les-modes-de-garde\/les-autres-modes-de-garde\/la-garde-partagee\/organisation-d-une-garde-partagee\/comment-trouver-la-nounou-ideale-en-garde-partagee\/\">nos astuces pour trouver la nounou id&eacute;ale<\/a> pour votre garde partag&eacute;e.<\/strong><\/p>\n<\/p>\n<ul>\n<li><strong>Les modalit&eacute;s de garde :<\/strong> Comment imaginez-vous l&rsquo;organisation de la garde ? Quels sont vos besoins en termes d&rsquo;horaires, de lieu, de jours de garde ?<\/li>\n<li><strong>Les valeurs &eacute;ducatives :<\/strong> Quelles sont vos valeurs en mati&egrave;re d&rsquo;&eacute;ducation ? Comment g&eacute;rez-vous les conflits, les r&egrave;gles, les rituels (repas, sieste, activit&eacute;s) ?<\/li>\n<li><strong>La communication :<\/strong> Comment souhaitez-vous vous organiser pour communiquer r&eacute;guli&egrave;rement entre parents ? Quels sont les sujets &agrave; aborder pour assurer une bonne entente entre les familles ?<\/li>\n<li><strong>Les aspects financiers :<\/strong> Comment envisagez-vous le partage des frais li&eacute;s &agrave; la garde (r&eacute;mun&eacute;ration de la nounou, frais de fonctionnement) ? &Ecirc;tes-vous pr&ecirc;ts &agrave; &eacute;tablir un contrat &eacute;crit pour s&eacute;curiser les engagements de chacun ?<\/li>\n<\/ul>\n<p>N&rsquo;h&eacute;sitez pas &agrave; pr&eacute;parer ces rencontres en listant vos questions et vos attentes, afin de faciliter les &eacute;changes et d&rsquo;&eacute;viter les oublis.<\/p>\n<\/p>\n<figure><img decoding=\"async\" src=\"https:\/\/yoopies.fr\/c\/wp-content\/uploads\/2024\/06\/zlsgcqwthyxtt0tc-394.jpg\" alt=\"Un homme et une petite fille coupent des l\u00e9gumes dans une cuisine moderne.\" \/><\/figure>\n<p><h2>Mettre en place une p&eacute;riode d&rsquo;essai et ajuster si n&eacute;cessaire<\/h2>\n<p>Une fois la co-famille choisie, il est recommand&eacute; de mettre en place une p&eacute;riode d&rsquo;essai de quelques semaines, durant laquelle les deux familles pourront &eacute;valuer si la garde partag&eacute;e r&eacute;pond bien &agrave; leurs attentes et si l&rsquo;organisation mise en place est satisfaisante.<\/p>\n<p>Voici quelques &eacute;l&eacute;ments &agrave; surveiller durant cette p&eacute;riode d&rsquo;essai :<\/p>\n<ul>\n<li><strong>Le bien-&ecirc;tre des enfants :<\/strong> Observez si les enfants sont &agrave; l&rsquo;aise et heureux dans cette nouvelle configuration, s&rsquo;ils s&rsquo;entendent bien avec les autres enfants et s&rsquo;ils s&rsquo;adaptent aux r&egrave;gles de la co-famille.<\/li>\n<li><strong>La communication entre les parents :<\/strong> V&eacute;rifiez si les &eacute;changes entre les parents sont fluides, r&eacute;guliers et cordiaux. N&rsquo;h&eacute;sitez pas &agrave; instaurer des points de communication r&eacute;guliers pour faire le bilan de la garde partag&eacute;e et &eacute;voquer les &eacute;ventuelles difficult&eacute;s rencontr&eacute;es.<\/li>\n<li><strong>L&rsquo;organisation pratique :<\/strong> &Eacute;valuez si les horaires, le lieu de garde et les modalit&eacute;s de fonctionnement sont adapt&eacute;s et &eacute;quilibr&eacute;s pour les deux familles. Faites le point sur les &eacute;ventuels ajustements &agrave; apporter pour optimiser cette organisation.<\/li>\n<li><strong>Les aspects financiers :<\/strong> Assurez-vous que le partage des frais li&eacute;s &agrave; la garde est bien respect&eacute; et &eacute;quilibr&eacute; entre les familles, et n&rsquo;h&eacute;sitez pas &agrave; revenir sur ces aspects si n&eacute;cessaire.<\/li>\n<\/ul>\n<p>Si, au terme de cette p&eacute;riode d&rsquo;essai, vous constatez que la garde partag&eacute;e fonctionne bien et que les enfants et les parents s&rsquo;y retrouvent, il est temps de p&eacute;renniser cette organisation et de profiter pleinement de ses avantages.<\/p>\n<p>Trouver la co-famille id&eacute;ale pour une garde partag&eacute;e r&eacute;ussie requiert d&rsquo;abord de d&eacute;finir ses attentes et ses besoins, puis de se tourner vers son r&eacute;seau et les plateformes sp&eacute;cialis&eacute;es pour entamer les recherches. Les rencontres avec les co-familles potentielles permettront de poser les bonnes questions et de v&eacute;rifier si le courant passe bien entre les parents et les enfants. Enfin, une p&eacute;riode d&rsquo;essai et quelques ajustements seront sans doute n&eacute;cessaires pour s&rsquo;assurer que l&rsquo;organisation mise en place convient &agrave; tous. N&rsquo;oubliez pas, en parall&egrave;le de cette d&eacute;marche, de vous pencher sur le choix de la nounou qui prendra soin de vos enfants au quotidien, car elle sera un &eacute;l&eacute;ment cl&eacute; de la r&eacute;ussite de votre garde partag&eacute;e.<\/p>\n<\/p>\n<p><strong>Pour comprendre les avantages et les enjeux de la garde partag&eacute;e, consultez <a target=\"_self\" rel=\"noopener\" href=\"https:\/\/yoopies.fr\/c\/garde-enfant\/les-modes-de-garde\/les-autres-modes-de-garde\/la-garde-partagee\/administratif-garde-partagee\/maitriser-les-contrats-dune-garde-partagee\/\">notre guide d&eacute;taill&eacute;<\/a>.<\/strong><\/p><\/p>\n","protected":false},"excerpt":{"rendered":"<p>Trouver la co-famille id&eacute;ale pour une garde partag&eacute;e r&eacute;ussie : le guide complet pour les parents en qu&ecirc;te de solutions &hellip; <\/p>\n","protected":false},"author":10,"featured_media":1078,"parent":981,"menu_order":0,"comment_status":"closed","ping_status":"closed","template":"","meta":{"_acf_changed":false,"footnotes":""},"class_list":["post-1075","page","type-page","status-publish","has-post-thumbnail","hentry"],"acf":[],"yoast_head":"<!-- This site is optimized with the Yoast SEO plugin v26.9 - https:\/\/yoast.com\/product\/yoast-seo-wordpress\/ -->\n<title>Trouver la co-famille id\u00e9ale | Blog<\/title>\n<meta name=\"description\" content=\"Trouvez la co-famille parfaite pour une garde partag\u00e9e harmonieuse : conseils pour d\u00e9finir vos besoins, utiliser votre r\u00e9seau et plateformes d\u00e9di\u00e9es, poser les bonnes questions et tester la compatibilit\u00e9. Guide ultime pour parents cherchant solutions de garde.\" \/>\n<meta name=\"robots\" content=\"index, follow, max-snippet:-1, max-image-preview:large, max-video-preview:-1\" \/>\n<link rel=\"canonical\" href=\"https:\/\/yoopies.fr\/c\/garde-enfant\/les-modes-de-garde\/les-autres-modes-de-garde\/la-garde-partagee\/organisation-d-une-garde-partagee\/trouver-la-co-famille-ideale\/\" \/>\n<meta property=\"og:locale\" content=\"fr_FR\" \/>\n<meta property=\"og:type\" content=\"article\" \/>\n<meta property=\"og:title\" content=\"Trouver la co-famille id\u00e9ale | Blog\" \/>\n<meta property=\"og:description\" content=\"Trouvez la co-famille parfaite pour une garde partag\u00e9e harmonieuse : conseils pour d\u00e9finir vos besoins, utiliser votre r\u00e9seau et plateformes d\u00e9di\u00e9es, poser les bonnes questions et tester la compatibilit\u00e9. Guide ultime pour parents cherchant solutions de garde.\" \/>\n<meta property=\"og:url\" content=\"https:\/\/yoopies.fr\/c\/garde-enfant\/les-modes-de-garde\/les-autres-modes-de-garde\/la-garde-partagee\/organisation-d-une-garde-partagee\/trouver-la-co-famille-ideale\/\" \/>\n<meta property=\"og:site_name\" content=\"Le Blog Yoopies\" \/>\n<meta property=\"article:modified_time\" content=\"2025-06-12T07:59:18+00:00\" \/>\n<meta property=\"og:image\" content=\"https:\/\/yoopies.fr\/c\/wp-content\/uploads\/2024\/06\/zlsgfkwthyxtt0th-399.jpg\" \/>\n\t<meta property=\"og:image:width\" content=\"600\" \/>\n\t<meta property=\"og:image:height\" content=\"300\" \/>\n\t<meta property=\"og:image:type\" content=\"image\/jpeg\" \/>\n<meta name=\"twitter:card\" content=\"summary_large_image\" \/>\n<meta name=\"twitter:label1\" content=\"Dur\u00e9e de lecture estim\u00e9e\" \/>\n\t<meta name=\"twitter:data1\" content=\"7 minutes\" \/>\n<script type=\"application\/ld+json\" class=\"yoast-schema-graph\">{\"@context\":\"https:\/\/schema.org\",\"@graph\":[{\"@type\":\"WebPage\",\"@id\":\"https:\/\/yoopies.fr\/c\/garde-enfant\/les-modes-de-garde\/les-autres-modes-de-garde\/la-garde-partagee\/organisation-d-une-garde-partagee\/trouver-la-co-famille-ideale\/\",\"url\":\"https:\/\/yoopies.fr\/c\/garde-enfant\/les-modes-de-garde\/les-autres-modes-de-garde\/la-garde-partagee\/organisation-d-une-garde-partagee\/trouver-la-co-famille-ideale\/\",\"name\":\"Trouver la co-famille id\u00e9ale | Blog\",\"isPartOf\":{\"@id\":\"https:\/\/yoopies.fr\/c\/#website\"},\"primaryImageOfPage\":{\"@id\":\"https:\/\/yoopies.fr\/c\/garde-enfant\/les-modes-de-garde\/les-autres-modes-de-garde\/la-garde-partagee\/organisation-d-une-garde-partagee\/trouver-la-co-famille-ideale\/#primaryimage\"},\"image\":{\"@id\":\"https:\/\/yoopies.fr\/c\/garde-enfant\/les-modes-de-garde\/les-autres-modes-de-garde\/la-garde-partagee\/organisation-d-une-garde-partagee\/trouver-la-co-famille-ideale\/#primaryimage\"},\"thumbnailUrl\":\"https:\/\/yoopies.fr\/c\/wp-content\/uploads\/2024\/06\/zlsgfkwthyxtt0th-399.jpg\",\"datePublished\":\"2024-06-11T15:29:09+00:00\",\"dateModified\":\"2025-06-12T07:59:18+00:00\",\"description\":\"Trouvez la co-famille parfaite pour une garde partag\u00e9e harmonieuse : conseils pour d\u00e9finir vos besoins, utiliser votre r\u00e9seau et plateformes d\u00e9di\u00e9es, poser les bonnes questions et tester la compatibilit\u00e9. Guide ultime pour parents cherchant solutions de garde.\",\"breadcrumb\":{\"@id\":\"https:\/\/yoopies.fr\/c\/garde-enfant\/les-modes-de-garde\/les-autres-modes-de-garde\/la-garde-partagee\/organisation-d-une-garde-partagee\/trouver-la-co-famille-ideale\/#breadcrumb\"},\"inLanguage\":\"fr-FR\",\"potentialAction\":[{\"@type\":\"ReadAction\",\"target\":[\"https:\/\/yoopies.fr\/c\/garde-enfant\/les-modes-de-garde\/les-autres-modes-de-garde\/la-garde-partagee\/organisation-d-une-garde-partagee\/trouver-la-co-famille-ideale\/\"]}]},{\"@type\":\"ImageObject\",\"inLanguage\":\"fr-FR\",\"@id\":\"https:\/\/yoopies.fr\/c\/garde-enfant\/les-modes-de-garde\/les-autres-modes-de-garde\/la-garde-partagee\/organisation-d-une-garde-partagee\/trouver-la-co-famille-ideale\/#primaryimage\",\"url\":\"https:\/\/yoopies.fr\/c\/wp-content\/uploads\/2024\/06\/zlsgfkwthyxtt0th-399.jpg\",\"contentUrl\":\"https:\/\/yoopies.fr\/c\/wp-content\/uploads\/2024\/06\/zlsgfkwthyxtt0th-399.jpg\",\"width\":600,\"height\":300},{\"@type\":\"BreadcrumbList\",\"@id\":\"https:\/\/yoopies.fr\/c\/garde-enfant\/les-modes-de-garde\/les-autres-modes-de-garde\/la-garde-partagee\/organisation-d-une-garde-partagee\/trouver-la-co-famille-ideale\/#breadcrumb\",\"itemListElement\":[{\"@type\":\"ListItem\",\"position\":1,\"name\":\"Home\",\"item\":\"https:\/\/yoopies.fr\/c\/\"},{\"@type\":\"ListItem\",\"position\":2,\"name\":\"Garde d&rsquo;enfant\",\"item\":\"https:\/\/yoopies.fr\/c\/garde-enfant\/\"},{\"@type\":\"ListItem\",\"position\":3,\"name\":\"Les modes de gardees modes de garde : trouvez la solution id\u00e9ale pour votre enfantLes modes de garde\",\"item\":\"https:\/\/yoopies.fr\/c\/garde-enfant\/les-modes-de-garde\/\"},{\"@type\":\"ListItem\",\"position\":4,\"name\":\"Les autres modes de garde\",\"item\":\"https:\/\/yoopies.fr\/c\/garde-enfant\/les-modes-de-garde\/les-autres-modes-de-garde\/\"},{\"@type\":\"ListItem\",\"position\":5,\"name\":\"Le guide ultime de la garde d&rsquo;enfant en garde partag\u00e9e : trouver le mode id\u00e9al pour vos besoins\",\"item\":\"https:\/\/yoopies.fr\/c\/garde-enfant\/les-modes-de-garde\/les-autres-modes-de-garde\/la-garde-partagee\/\"},{\"@type\":\"ListItem\",\"position\":6,\"name\":\"Guide ultime pour les parents en qu\u00eate de garde partag\u00e9e : l&rsquo;organisation sans faille\",\"item\":\"https:\/\/yoopies.fr\/c\/garde-enfant\/les-modes-de-garde\/les-autres-modes-de-garde\/la-garde-partagee\/organisation-d-une-garde-partagee\/\"},{\"@type\":\"ListItem\",\"position\":7,\"name\":\"Trouver la co-famille id\u00e9ale pour une garde partag\u00e9e r\u00e9ussie : le guide complet pour les parents en qu\u00eate de solutions\"}]},{\"@type\":\"WebSite\",\"@id\":\"https:\/\/yoopies.fr\/c\/#website\",\"url\":\"https:\/\/yoopies.fr\/c\/\",\"name\":\"Le Blog Yoopies\",\"description\":\"\",\"publisher\":{\"@id\":\"https:\/\/yoopies.fr\/c\/#organization\"},\"potentialAction\":[{\"@type\":\"SearchAction\",\"target\":{\"@type\":\"EntryPoint\",\"urlTemplate\":\"https:\/\/yoopies.fr\/c\/?s={search_term_string}\"},\"query-input\":{\"@type\":\"PropertyValueSpecification\",\"valueRequired\":true,\"valueName\":\"search_term_string\"}}],\"inLanguage\":\"fr-FR\"},{\"@type\":\"Organization\",\"@id\":\"https:\/\/yoopies.fr\/c\/#organization\",\"name\":\"Le Blog Yoopies\",\"url\":\"https:\/\/yoopies.fr\/c\/\",\"logo\":{\"@type\":\"ImageObject\",\"inLanguage\":\"fr-FR\",\"@id\":\"https:\/\/yoopies.fr\/c\/#\/schema\/logo\/image\/\",\"url\":\"https:\/\/yoopies.fr\/c\/wp-content\/uploads\/2025\/04\/cropped-Logo_Yoopies-2.png\",\"contentUrl\":\"https:\/\/yoopies.fr\/c\/wp-content\/uploads\/2025\/04\/cropped-Logo_Yoopies-2.png\",\"width\":512,\"height\":512,\"caption\":\"Le Blog Yoopies\"},\"image\":{\"@id\":\"https:\/\/yoopies.fr\/c\/#\/schema\/logo\/image\/\"}}]}<\/script>\n<!-- \/ Yoast SEO plugin. -->","yoast_head_json":{"title":"Trouver la co-famille id\u00e9ale | Blog","description":"Trouvez la co-famille parfaite pour une garde partag\u00e9e harmonieuse : conseils pour d\u00e9finir vos besoins, utiliser votre r\u00e9seau et plateformes d\u00e9di\u00e9es, poser les bonnes questions et tester la compatibilit\u00e9. Guide ultime pour parents cherchant solutions de garde.","robots":{"index":"index","follow":"follow","max-snippet":"max-snippet:-1","max-image-preview":"max-image-preview:large","max-video-preview":"max-video-preview:-1"},"canonical":"https:\/\/yoopies.fr\/c\/garde-enfant\/les-modes-de-garde\/les-autres-modes-de-garde\/la-garde-partagee\/organisation-d-une-garde-partagee\/trouver-la-co-famille-ideale\/","og_locale":"fr_FR","og_type":"article","og_title":"Trouver la co-famille id\u00e9ale | Blog","og_description":"Trouvez la co-famille parfaite pour une garde partag\u00e9e harmonieuse : conseils pour d\u00e9finir vos besoins, utiliser votre r\u00e9seau et plateformes d\u00e9di\u00e9es, poser les bonnes questions et tester la compatibilit\u00e9. Guide ultime pour parents cherchant solutions de garde.","og_url":"https:\/\/yoopies.fr\/c\/garde-enfant\/les-modes-de-garde\/les-autres-modes-de-garde\/la-garde-partagee\/organisation-d-une-garde-partagee\/trouver-la-co-famille-ideale\/","og_site_name":"Le Blog Yoopies","article_modified_time":"2025-06-12T07:59:18+00:00","og_image":[{"width":600,"height":300,"url":"https:\/\/yoopies.fr\/c\/wp-content\/uploads\/2024\/06\/zlsgfkwthyxtt0th-399.jpg","type":"image\/jpeg"}],"twitter_card":"summary_large_image","twitter_misc":{"Dur\u00e9e de lecture estim\u00e9e":"7 minutes"},"schema":{"@context":"https:\/\/schema.org","@graph":[{"@type":"WebPage","@id":"https:\/\/yoopies.fr\/c\/garde-enfant\/les-modes-de-garde\/les-autres-modes-de-garde\/la-garde-partagee\/organisation-d-une-garde-partagee\/trouver-la-co-famille-ideale\/","url":"https:\/\/yoopies.fr\/c\/garde-enfant\/les-modes-de-garde\/les-autres-modes-de-garde\/la-garde-partagee\/organisation-d-une-garde-partagee\/trouver-la-co-famille-ideale\/","name":"Trouver la co-famille id\u00e9ale | Blog","isPartOf":{"@id":"https:\/\/yoopies.fr\/c\/#website"},"primaryImageOfPage":{"@id":"https:\/\/yoopies.fr\/c\/garde-enfant\/les-modes-de-garde\/les-autres-modes-de-garde\/la-garde-partagee\/organisation-d-une-garde-partagee\/trouver-la-co-famille-ideale\/#primaryimage"},"image":{"@id":"https:\/\/yoopies.fr\/c\/garde-enfant\/les-modes-de-garde\/les-autres-modes-de-garde\/la-garde-partagee\/organisation-d-une-garde-partagee\/trouver-la-co-famille-ideale\/#primaryimage"},"thumbnailUrl":"https:\/\/yoopies.fr\/c\/wp-content\/uploads\/2024\/06\/zlsgfkwthyxtt0th-399.jpg","datePublished":"2024-06-11T15:29:09+00:00","dateModified":"2025-06-12T07:59:18+00:00","description":"Trouvez la co-famille parfaite pour une garde partag\u00e9e harmonieuse : conseils pour d\u00e9finir vos besoins, utiliser votre r\u00e9seau et plateformes d\u00e9di\u00e9es, poser les bonnes questions et tester la compatibilit\u00e9. Guide ultime pour parents cherchant solutions de garde.","breadcrumb":{"@id":"https:\/\/yoopies.fr\/c\/garde-enfant\/les-modes-de-garde\/les-autres-modes-de-garde\/la-garde-partagee\/organisation-d-une-garde-partagee\/trouver-la-co-famille-ideale\/#breadcrumb"},"inLanguage":"fr-FR","potentialAction":[{"@type":"ReadAction","target":["https:\/\/yoopies.fr\/c\/garde-enfant\/les-modes-de-garde\/les-autres-modes-de-garde\/la-garde-partagee\/organisation-d-une-garde-partagee\/trouver-la-co-famille-ideale\/"]}]},{"@type":"ImageObject","inLanguage":"fr-FR","@id":"https:\/\/yoopies.fr\/c\/garde-enfant\/les-modes-de-garde\/les-autres-modes-de-garde\/la-garde-partagee\/organisation-d-une-garde-partagee\/trouver-la-co-famille-ideale\/#primaryimage","url":"https:\/\/yoopies.fr\/c\/wp-content\/uploads\/2024\/06\/zlsgfkwthyxtt0th-399.jpg","contentUrl":"https:\/\/yoopies.fr\/c\/wp-content\/uploads\/2024\/06\/zlsgfkwthyxtt0th-399.jpg","width":600,"height":300},{"@type":"BreadcrumbList","@id":"https:\/\/yoopies.fr\/c\/garde-enfant\/les-modes-de-garde\/les-autres-modes-de-garde\/la-garde-partagee\/organisation-d-une-garde-partagee\/trouver-la-co-famille-ideale\/#breadcrumb","itemListElement":[{"@type":"ListItem","position":1,"name":"Home","item":"https:\/\/yoopies.fr\/c\/"},{"@type":"ListItem","position":2,"name":"Garde d&rsquo;enfant","item":"https:\/\/yoopies.fr\/c\/garde-enfant\/"},{"@type":"ListItem","position":3,"name":"Les modes de gardees modes de garde : trouvez la solution id\u00e9ale pour votre enfantLes modes de garde","item":"https:\/\/yoopies.fr\/c\/garde-enfant\/les-modes-de-garde\/"},{"@type":"ListItem","position":4,"name":"Les autres modes de garde","item":"https:\/\/yoopies.fr\/c\/garde-enfant\/les-modes-de-garde\/les-autres-modes-de-garde\/"},{"@type":"ListItem","position":5,"name":"Le guide ultime de la garde d&rsquo;enfant en garde partag\u00e9e : trouver le mode id\u00e9al pour vos besoins","item":"https:\/\/yoopies.fr\/c\/garde-enfant\/les-modes-de-garde\/les-autres-modes-de-garde\/la-garde-partagee\/"},{"@type":"ListItem","position":6,"name":"Guide ultime pour les parents en qu\u00eate de garde partag\u00e9e : l&rsquo;organisation sans faille","item":"https:\/\/yoopies.fr\/c\/garde-enfant\/les-modes-de-garde\/les-autres-modes-de-garde\/la-garde-partagee\/organisation-d-une-garde-partagee\/"},{"@type":"ListItem","position":7,"name":"Trouver la co-famille id\u00e9ale pour une garde partag\u00e9e r\u00e9ussie : le guide complet pour les parents en qu\u00eate de solutions"}]},{"@type":"WebSite","@id":"https:\/\/yoopies.fr\/c\/#website","url":"https:\/\/yoopies.fr\/c\/","name":"Le Blog Yoopies","description":"","publisher":{"@id":"https:\/\/yoopies.fr\/c\/#organization"},"potentialAction":[{"@type":"SearchAction","target":{"@type":"EntryPoint","urlTemplate":"https:\/\/yoopies.fr\/c\/?s={search_term_string}"},"query-input":{"@type":"PropertyValueSpecification","valueRequired":true,"valueName":"search_term_string"}}],"inLanguage":"fr-FR"},{"@type":"Organization","@id":"https:\/\/yoopies.fr\/c\/#organization","name":"Le Blog Yoopies","url":"https:\/\/yoopies.fr\/c\/","logo":{"@type":"ImageObject","inLanguage":"fr-FR","@id":"https:\/\/yoopies.fr\/c\/#\/schema\/logo\/image\/","url":"https:\/\/yoopies.fr\/c\/wp-content\/uploads\/2025\/04\/cropped-Logo_Yoopies-2.png","contentUrl":"https:\/\/yoopies.fr\/c\/wp-content\/uploads\/2025\/04\/cropped-Logo_Yoopies-2.png","width":512,"height":512,"caption":"Le Blog Yoopies"},"image":{"@id":"https:\/\/yoopies.fr\/c\/#\/schema\/logo\/image\/"}}]}},"_links":{"self":[{"href":"https:\/\/yoopies.fr\/c\/wp-json\/wp\/v2\/pages\/1075","targetHints":{"allow":["GET"]}}],"collection":[{"href":"https:\/\/yoopies.fr\/c\/wp-json\/wp\/v2\/pages"}],"about":[{"href":"https:\/\/yoopies.fr\/c\/wp-json\/wp\/v2\/types\/page"}],"author":[{"embeddable":true,"href":"https:\/\/yoopies.fr\/c\/wp-json\/wp\/v2\/users\/10"}],"replies":[{"embeddable":true,"href":"https:\/\/yoopies.fr\/c\/wp-json\/wp\/v2\/comments?post=1075"}],"version-history":[{"count":1,"href":"https:\/\/yoopies.fr\/c\/wp-json\/wp\/v2\/pages\/1075\/revisions"}],"predecessor-version":[{"id":1079,"href":"https:\/\/yoopies.fr\/c\/wp-json\/wp\/v2\/pages\/1075\/revisions\/1079"}],"up":[{"embeddable":true,"href":"https:\/\/yoopies.fr\/c\/wp-json\/wp\/v2\/pages\/981"}],"wp:featuredmedia":[{"embeddable":true,"href":"https:\/\/yoopies.fr\/c\/wp-json\/wp\/v2\/media\/1078"}],"wp:attachment":[{"href":"https:\/\/yoopies.fr\/c\/wp-json\/wp\/v2\/media?parent=1075"}],"curies":[{"name":"wp","href":"https:\/\/api.w.org\/{rel}","templated":true}]}}