{"id":107,"date":"2023-10-04T12:05:42","date_gmt":"2023-10-04T12:05:42","guid":{"rendered":"https:\/\/blog.yoopies.fr\/intervenant-domicile-informations\/"},"modified":"2025-06-12T07:59:07","modified_gmt":"2025-06-12T07:59:07","slug":"intervenant-domicile-informations","status":"publish","type":"page","link":"https:\/\/yoopies.fr\/c\/intervenant-domicile-informations\/","title":{"rendered":"Je cherche un emploi d&rsquo;aide \u00e0 domicile : Guide complet 2023 pour les intervenants"},"content":{"rendered":"<p><p><strong>Vous recherchez un travail &agrave; temps partiel ou un peu plus d&rsquo;argent pour arrondir vos mois? Vous avez 16 ans ou plus et vous cherchez un premier emploi r&eacute;mun&eacute;r&eacute; ? Vous aimez rendre service et am&eacute;liorer le quotidien des personnes en besoin ?&nbsp;<\/strong><\/p>\n<p>Chaque besoin est unique. L&rsquo;aide &agrave; domicile est une mani&egrave;re tr&egrave;s simple et rapide pour vous. Inscrivez-vous d&egrave;s maintenant sur Yoopies. Quelques heures de baby-sitting, de m&eacute;nage &agrave; domicile, de garde d&rsquo;animaux, d&rsquo;aide aux personnes d&eacute;pendantes ou encore de soutien scolaire vous permettront de vous faire de l&rsquo;argent. Nous vous accompagnons dans vos recherches ! Tous nos guides et informations officielles &agrave; l&rsquo;intention des intervenants Yoopies sont tenus &agrave; jour afin que vous soyez toujours au courant des derni&egrave;res actualit&eacute;s.&nbsp;<\/p>\n<p><strong>On vous donne conseils et astuces, que vous retrouverez dans les articles r&eacute;dig&eacute;s par nos experts. <\/strong><\/p>\n<h2><strong>Sommaire <\/strong><\/h2>\n<ul>\n<li><a href=\"https:\/\/#h2-2\">Garde d&rsquo;enfants<\/a><\/li>\n<li><a href=\"https:\/\/#h2-3\">Soutien scolaire <\/a><\/li>\n<li><a href=\"https:\/\/#h2-4\">M&eacute;nage <\/a><\/li>\n<li><a href=\"https:\/\/#h2-5\">Garde d&rsquo;animaux<\/a><\/li>\n<li><a href=\"https:\/\/#h2-6\">Aide &agrave; la personne <\/a><\/li>\n<\/ul>\n<h4><\/h4>\n<p class=\"block-img\"><img decoding=\"async\" src=\"https:\/\/yoopies.fr\/c\/wp-content\/uploads\/2023\/10\/7b056860-4be2-4489-9850-56138b9e4b80_pexels-fauxels-3184422.jpg\" alt=\"\"><\/p>\n<h2><strong><br \/>\n<a target=\"_blank\" rel=\"noopener\" href=\"https:\/\/yoopies.fr\/c\/garde-d-enfants-a-domicile\/\">Garde d&rsquo;enfants <\/a><\/strong><\/h2>\n<\/p>\n<p>Dans le monde d&rsquo;aujourd&rsquo;hui, les parents n&rsquo;ont pas assez de temps pour g&eacute;rer les enfants et le travail en m&ecirc;me temps. Leur planning peut parfois &ecirc;tre compliqu&eacute;, les grands-parents ne sont pas toujours pr&egrave;s et disponibles, alors trouver une baby-sitter, une nounou ou une assistante maternelle devient la meilleure solution pour les parents. En tant que baby-sitter, ou nounou, vous remplacez les parents en leur absence ou bien pendant qu&rsquo;ils t&eacute;l&eacute;travaillent. Pendant vos missions de baby sitting, vous serez la personne qui concilie l&rsquo;amour pour les enfants avec la douceur, la patience et la pers&eacute;v&eacute;rance. Et bien que les mots baby-sitter et nounou soient f&eacute;minins, un homme peut tr&egrave;s bien exercer ce m&eacute;tier.<\/p>\n<p><strong>Pour tout ce qui concerne les actualit&eacute;s gouvernementales, les astuces et conseils pour &ecirc;tre la meilleure nounou, baby-sitter et assistante maternelle, consultez notre liste de guides. <\/strong><\/p>\n<\/p>\n<p class=\"block-img\"><img decoding=\"async\" src=\"https:\/\/yoopies.fr\/c\/wp-content\/uploads\/2023\/10\/6a02f1c1-2c86-41f4-b224-4518a4bb24c6_8.jpg\" alt=\"\"><\/p>\n<\/p>\n<\/p>\n<p><h2><strong><a target=\"_blank\" rel=\"noopener\" href=\"https:\/\/yoopies.fr\/c\/soutien-scolaire-a-domicile\/\">Soutien Scolaire<\/a> <\/strong><\/h2>\n<h3><\/h3>\n<p>Vous aimez rendre service et am&eacute;liorer le quotidien des &eacute;l&egrave;ves en besoin ou bien vous souhaitez arrondir vos fins de mois ? Le soutien scolaire est une tr&egrave;s bonne id&eacute;e mais le m&eacute;tier de professeur particulier ne s&rsquo;improvise pas du jour au lendemain ! <\/p>\n<p>Albert Einstein a dit <em>\u00ab\u00a0C&rsquo;est le r&ocirc;le du professeur d&rsquo;&eacute;veiller la joie de travailler et de conna&icirc;tre.\u00a0\u00bb  <\/em>Un bon professeur particulier est avant tout &agrave; l&rsquo;&eacute;coute et tr&egrave;s patient ! Ce sont les deux qualit&eacute;s qui pr&eacute;dominent la relation professeur\/&eacute;l&egrave;ve. &Ecirc;tre professeur particulier n&rsquo;est pas simplement donner des conseils ou de faire de l&rsquo;aide aux devoirs mais c&rsquo;est aussi faire abstraction de tout jugement de valeurs, &eacute;couter l&rsquo;&eacute;l&egrave;ve sans blesser et agir avec bienveillance. <\/p>\n<p>Il faut ensuite avoir le sens du partage pour faire du soutien scolaire ou donner des cours particuliers. Pour cela, il faut que vous ayez un certain nombre d&rsquo;aptitudes essentielles : des solides comp&eacute;tences dans la mati&egrave;re que vous allez enseigner mais aussi, des qualit&eacute;s humaines.  Aimer transmettre son savoir est une qualit&eacute; qui fait partie int&eacute;grante du m&eacute;tier de professeur particulier. Gr&acirc;ce &agrave; cela, vous prendrez r&eacute;ellement du plaisir &agrave;&nbsp;aider un &eacute;l&egrave;ve dans sa progression. Poss&eacute;der ces qualit&eacute;s essentielles vous permettra de donner des cours de qualit&eacute;. <\/p>\n<p><strong>Nous fournissons des informations suppl&eacute;mentaires sur les cours particuliers &agrave; domicile et cours en ligne dans nos articles r&eacute;dig&eacute;s par nos experts.<\/strong><\/p>\n<\/p>\n<p class=\"block-img\"><img decoding=\"async\" src=\"https:\/\/yoopies.fr\/c\/wp-content\/uploads\/2023\/10\/a6fbade1-f495-4d46-bcce-7ae8d32dad8d_FebruaryHalfTermActivitiesArticle-6.jpg\" alt=\"\"><\/p>\n<\/p>\n<\/p>\n<p><h2><strong><a target=\"_blank\" rel=\"noopener\" href=\"https:\/\/yoopies.fr\/c\/menage-a-domicile\/\">M&eacute;nage<\/a><\/strong><\/h2>\n<\/p>\n<p>Vous &ecirc;tes un pro du m&eacute;nage ? Vous poss&eacute;dez les comp&eacute;tences pour effectuer ce m&eacute;tier exigeant ? Alors ce m&eacute;tier est pour vous ! Femme de m&eacute;nage ou aide m&eacute;nag&egrave;re, un bon pro du m&eacute;nage ma&icirc;trise les gestes professionnels : &agrave; la fois la pr&eacute;cision des gestes techniques (passer l&rsquo;&eacute;ponge, laver les couverts, passer l&rsquo;aspirateur&hellip;), mais aussi les grandes &eacute;tapes d&rsquo;un m&eacute;nage<strong> <\/strong>: suivre le bon ordre pour &ecirc;tre efficace et nettoyer en profondeur pour assurer une bonne hygi&egrave;ne de vie.<\/p>\n<p>L&rsquo;aide m&eacute;nag&egrave;re &agrave; domicile est capable d&rsquo;assurer un nettoyage parfait. La ma&icirc;trise d&rsquo;un certain nombre de savoir-faire est indispensable, non seulement pour gagner du temps mais &eacute;galement pour &eacute;conomiser les efforts inutiles et limiter les mauvais mouvements du corps. De plus, &ecirc;tre aide m&eacute;nag&egrave;re requiert de nombreuses qualit&eacute;s : un comportement irr&eacute;prochable car vous entrez dans l&rsquo;intimit&eacute; de votre client, une grande discr&eacute;tion, et une pr&eacute;caution particuli&egrave;re pour prendre soin de l&rsquo;espace qui vous est confi&eacute;.<\/p>\n<p><strong>Nous avons toutes les informations dont vous pourriez avoir besoin sur le m&eacute;nage &agrave; domicile. Nous vous invitons &agrave; consulter nos articles pour tous conseils et astuces sur ce service &agrave; domicile. <\/strong><\/p>\n<\/p>\n<p class=\"block-img\"><img decoding=\"async\" src=\"https:\/\/yoopies.fr\/c\/wp-content\/uploads\/2023\/10\/2f6aaa0b-0ff9-451f-b4bf-117382ce6222_c4ce062e-27af-425a-8020-f1b99d4a34cf_cleaning2Bmirror.jpg\" alt=\"\"><\/p>\n<\/p>\n<p><h2><strong><a target=\"_blank\" rel=\"noopener\" href=\"https:\/\/yoopies.fr\/c\/garde-danimaux-a-domicile\/\">Garde d&rsquo;animaux <\/a><\/strong><\/h2>\n<\/p>\n<p>George Eliot a dit : \u00ab\u00a0<em>Les animaux sont des amis tellement agr&eacute;ables &#8211; ils ne posent jamais de questions, ils ne font aucune critique.\u00a0\u00bb<\/em><\/p>\n<p>Vous adorez les animaux ? Pourquoi ne pas allier votre passion et amour des chiens et chats tout en gagnant de l&rsquo;argent ? Si vous souhaitez assurer le bien-&ecirc;tre et le confort d&rsquo;un animal au quotidien ou m&ecirc;me occasionnellement, et gagner de l&rsquo;argent pour arrondir vos fins de mois, la garde d&rsquo;animaux est une tr&egrave;s bonne solution pour vous ! <\/p>\n<p>Vous aurez trois avantages en choisissant le m&eacute;tier de pet-sitter : <\/p>\n<ul>\n<li>la flexibilit&eacute; : vous d&eacute;finissez vous-m&ecirc;me votre propre agenda avec vos disponibilit&eacute;s <\/li>\n<li>l&rsquo;amour : vous pouvez passer votre temps &agrave; donner et recevoir de l&rsquo;amour et &agrave; &eacute;gayer la vie des animaux !<\/li>\n<li>gagner de l&rsquo;argent : vous pouvez choisir d&rsquo;&ecirc;tre pet-sitter en job &eacute;tudiant, en job d&rsquo;appoint ou en compl&eacute;ment de votre travail. <\/li>\n<\/ul>\n<p><strong>Pour tout ce qui concerne les actualit&eacute;s sur la garde d&rsquo;animaux &agrave; domicile, les astuces et conseils pour &ecirc;tre le ou la meilleur(e) pet-sitter, consultez notre liste de guides.<\/strong><\/p>\n<\/p>\n<p class=\"block-img\"><img decoding=\"async\" src=\"https:\/\/yoopies.fr\/c\/wp-content\/uploads\/2023\/10\/a3f5b873-00d2-477d-a2f7-3906a8cbcb04_7.jpg\" alt=\"\"><\/p>\n<\/p>\n<p><h2><strong><a target=\"_blank\" rel=\"noopener\" href=\"https:\/\/yoopies.fr\/c\/aide-a-la-personne-a-domicile\/\">Aide &agrave; la personne <\/a><\/strong><\/h2>\n<\/p>\n<p>Devenir aide &agrave; la personne, c&rsquo;est avant tout veiller au bien-&ecirc;tre et prendre soin d&rsquo;une personne &acirc;g&eacute;e, ou d&eacute;pendante. Vous n&rsquo;interviendrez pas uniquement sur le plan mat&eacute;riel et sanitaire. Vous aurez &eacute;galement &agrave; soutenir la personne assist&eacute;e sur le plan moral. <\/p>\n<p>Il vous faudra assister la personne dans l&rsquo;accomplissement des t&acirc;ches quotidiennes, comme l&rsquo;entretien de son logement, son alimentation, ses d&eacute;placements. De nombreuses qualit&eacute;s humaines s&rsquo;av&egrave;rent indispensables notamment la patience, la gentillesse, le respect et m&ecirc;me l&#8217;empathie. <\/p>\n<p>Il ne faut pas oublier que votre aide est d&eacute;di&eacute;e &agrave; une personne d&eacute;pendante. Vous devez &ecirc;tre capable de faire face &agrave; n&rsquo;importe quelle situation.<\/p>\n<p><strong>Vous &ecirc;tes int&eacute;ress&eacute;s par de l&rsquo;aide &agrave; la personne et vous souhaitez am&eacute;liorer la qualit&eacute; de vie d&rsquo;une personne &acirc;g&eacute;e ? Nous avons toutes les informations dont vous aurez besoin dans nos guides. <\/strong><\/p>\n<\/p>\n<p class=\"block-img\"><img decoding=\"async\" src=\"https:\/\/yoopies.fr\/c\/wp-content\/uploads\/2023\/10\/4732f819-10a2-435d-ba26-c28f8926ee93_9.jpg\" alt=\"\"><\/p>\n<\/p>\n<\/p>\n<p><p>A tr&egrave;s vite sur Yoopies!<\/p>\n<\/p>\n<p><h3><\/h3>\n<p><strong>Pas encore inscrit(e) sur Yoopies ?<\/strong><\/p>\n<\/p>\n<p><a class=\"button\" href=\"https:\/\/yoopies.fr\/registration\">Je m&rsquo;inscris<\/a><\/p>\n","protected":false},"excerpt":{"rendered":"<p>Vous recherchez un travail &agrave; temps partiel ou un peu plus d&rsquo;argent pour arrondir vos mois? Vous avez 16 ans &hellip; <\/p>\n","protected":false},"author":10,"featured_media":114,"parent":0,"menu_order":0,"comment_status":"closed","ping_status":"closed","template":"","meta":{"_acf_changed":false,"footnotes":""},"class_list":["post-107","page","type-page","status-publish","has-post-thumbnail","hentry"],"acf":[],"yoast_head":"<!-- This site is optimized with the Yoast SEO plugin v26.9 - https:\/\/yoast.com\/product\/yoast-seo-wordpress\/ -->\n<title>Je suis un intervenant \u00e0 domicile : informations<\/title>\n<meta name=\"description\" content=\"Vous \u00eates intervenant \u00e0 domicile. Toutes les informations et r\u00e9ponses \u00e0 vos questions dans les articles \u00e9crits par nos experts.\" \/>\n<meta name=\"robots\" content=\"index, follow, max-snippet:-1, max-image-preview:large, max-video-preview:-1\" \/>\n<link rel=\"canonical\" href=\"https:\/\/yoopies.fr\/c\/intervenant-domicile-informations\/\" \/>\n<meta property=\"og:locale\" content=\"fr_FR\" \/>\n<meta property=\"og:type\" content=\"article\" \/>\n<meta property=\"og:title\" content=\"Je suis un intervenant \u00e0 domicile : informations\" \/>\n<meta property=\"og:description\" content=\"Vous \u00eates intervenant \u00e0 domicile. Toutes les informations et r\u00e9ponses \u00e0 vos questions dans les articles \u00e9crits par nos experts.\" \/>\n<meta property=\"og:url\" content=\"https:\/\/yoopies.fr\/c\/intervenant-domicile-informations\/\" \/>\n<meta property=\"og:site_name\" content=\"Le Blog Yoopies\" \/>\n<meta property=\"article:modified_time\" content=\"2025-06-12T07:59:07+00:00\" \/>\n<meta property=\"og:image\" content=\"https:\/\/yoopies.fr\/c\/wp-content\/uploads\/2023\/10\/f315cd5b-7568-440a-9f1d-b88c77912f8f-pexels-anna-shvets-3902732.jpg\" \/>\n\t<meta property=\"og:image:width\" content=\"1200\" \/>\n\t<meta property=\"og:image:height\" content=\"800\" \/>\n\t<meta property=\"og:image:type\" content=\"image\/jpeg\" \/>\n<meta name=\"twitter:card\" content=\"summary_large_image\" \/>\n<meta name=\"twitter:label1\" content=\"Dur\u00e9e de lecture estim\u00e9e\" \/>\n\t<meta name=\"twitter:data1\" content=\"7 minutes\" \/>\n<script type=\"application\/ld+json\" class=\"yoast-schema-graph\">{\"@context\":\"https:\/\/schema.org\",\"@graph\":[{\"@type\":\"WebPage\",\"@id\":\"https:\/\/yoopies.fr\/c\/intervenant-domicile-informations\/\",\"url\":\"https:\/\/yoopies.fr\/c\/intervenant-domicile-informations\/\",\"name\":\"Je suis un intervenant \u00e0 domicile : informations\",\"isPartOf\":{\"@id\":\"https:\/\/yoopies.fr\/c\/#website\"},\"primaryImageOfPage\":{\"@id\":\"https:\/\/yoopies.fr\/c\/intervenant-domicile-informations\/#primaryimage\"},\"image\":{\"@id\":\"https:\/\/yoopies.fr\/c\/intervenant-domicile-informations\/#primaryimage\"},\"thumbnailUrl\":\"https:\/\/yoopies.fr\/c\/wp-content\/uploads\/2023\/10\/f315cd5b-7568-440a-9f1d-b88c77912f8f-pexels-anna-shvets-3902732.jpg\",\"datePublished\":\"2023-10-04T12:05:42+00:00\",\"dateModified\":\"2025-06-12T07:59:07+00:00\",\"description\":\"Vous \u00eates intervenant \u00e0 domicile. Toutes les informations et r\u00e9ponses \u00e0 vos questions dans les articles \u00e9crits par nos experts.\",\"breadcrumb\":{\"@id\":\"https:\/\/yoopies.fr\/c\/intervenant-domicile-informations\/#breadcrumb\"},\"inLanguage\":\"fr-FR\",\"potentialAction\":[{\"@type\":\"ReadAction\",\"target\":[\"https:\/\/yoopies.fr\/c\/intervenant-domicile-informations\/\"]}]},{\"@type\":\"ImageObject\",\"inLanguage\":\"fr-FR\",\"@id\":\"https:\/\/yoopies.fr\/c\/intervenant-domicile-informations\/#primaryimage\",\"url\":\"https:\/\/yoopies.fr\/c\/wp-content\/uploads\/2023\/10\/f315cd5b-7568-440a-9f1d-b88c77912f8f-pexels-anna-shvets-3902732.jpg\",\"contentUrl\":\"https:\/\/yoopies.fr\/c\/wp-content\/uploads\/2023\/10\/f315cd5b-7568-440a-9f1d-b88c77912f8f-pexels-anna-shvets-3902732.jpg\",\"width\":1200,\"height\":800},{\"@type\":\"BreadcrumbList\",\"@id\":\"https:\/\/yoopies.fr\/c\/intervenant-domicile-informations\/#breadcrumb\",\"itemListElement\":[{\"@type\":\"ListItem\",\"position\":1,\"name\":\"Home\",\"item\":\"https:\/\/yoopies.fr\/c\/\"},{\"@type\":\"ListItem\",\"position\":2,\"name\":\"Je cherche un emploi d&rsquo;aide \u00e0 domicile : Guide complet 2023 pour les intervenants\"}]},{\"@type\":\"WebSite\",\"@id\":\"https:\/\/yoopies.fr\/c\/#website\",\"url\":\"https:\/\/yoopies.fr\/c\/\",\"name\":\"Le Blog Yoopies\",\"description\":\"\",\"publisher\":{\"@id\":\"https:\/\/yoopies.fr\/c\/#organization\"},\"potentialAction\":[{\"@type\":\"SearchAction\",\"target\":{\"@type\":\"EntryPoint\",\"urlTemplate\":\"https:\/\/yoopies.fr\/c\/?s={search_term_string}\"},\"query-input\":{\"@type\":\"PropertyValueSpecification\",\"valueRequired\":true,\"valueName\":\"search_term_string\"}}],\"inLanguage\":\"fr-FR\"},{\"@type\":\"Organization\",\"@id\":\"https:\/\/yoopies.fr\/c\/#organization\",\"name\":\"Le Blog Yoopies\",\"url\":\"https:\/\/yoopies.fr\/c\/\",\"logo\":{\"@type\":\"ImageObject\",\"inLanguage\":\"fr-FR\",\"@id\":\"https:\/\/yoopies.fr\/c\/#\/schema\/logo\/image\/\",\"url\":\"https:\/\/yoopies.fr\/c\/wp-content\/uploads\/2025\/04\/cropped-Logo_Yoopies-2.png\",\"contentUrl\":\"https:\/\/yoopies.fr\/c\/wp-content\/uploads\/2025\/04\/cropped-Logo_Yoopies-2.png\",\"width\":512,\"height\":512,\"caption\":\"Le Blog Yoopies\"},\"image\":{\"@id\":\"https:\/\/yoopies.fr\/c\/#\/schema\/logo\/image\/\"}}]}<\/script>\n<!-- \/ Yoast SEO plugin. -->","yoast_head_json":{"title":"Je suis un intervenant \u00e0 domicile : informations","description":"Vous \u00eates intervenant \u00e0 domicile. Toutes les informations et r\u00e9ponses \u00e0 vos questions dans les articles \u00e9crits par nos experts.","robots":{"index":"index","follow":"follow","max-snippet":"max-snippet:-1","max-image-preview":"max-image-preview:large","max-video-preview":"max-video-preview:-1"},"canonical":"https:\/\/yoopies.fr\/c\/intervenant-domicile-informations\/","og_locale":"fr_FR","og_type":"article","og_title":"Je suis un intervenant \u00e0 domicile : informations","og_description":"Vous \u00eates intervenant \u00e0 domicile. Toutes les informations et r\u00e9ponses \u00e0 vos questions dans les articles \u00e9crits par nos experts.","og_url":"https:\/\/yoopies.fr\/c\/intervenant-domicile-informations\/","og_site_name":"Le Blog Yoopies","article_modified_time":"2025-06-12T07:59:07+00:00","og_image":[{"width":1200,"height":800,"url":"https:\/\/yoopies.fr\/c\/wp-content\/uploads\/2023\/10\/f315cd5b-7568-440a-9f1d-b88c77912f8f-pexels-anna-shvets-3902732.jpg","type":"image\/jpeg"}],"twitter_card":"summary_large_image","twitter_misc":{"Dur\u00e9e de lecture estim\u00e9e":"7 minutes"},"schema":{"@context":"https:\/\/schema.org","@graph":[{"@type":"WebPage","@id":"https:\/\/yoopies.fr\/c\/intervenant-domicile-informations\/","url":"https:\/\/yoopies.fr\/c\/intervenant-domicile-informations\/","name":"Je suis un intervenant \u00e0 domicile : informations","isPartOf":{"@id":"https:\/\/yoopies.fr\/c\/#website"},"primaryImageOfPage":{"@id":"https:\/\/yoopies.fr\/c\/intervenant-domicile-informations\/#primaryimage"},"image":{"@id":"https:\/\/yoopies.fr\/c\/intervenant-domicile-informations\/#primaryimage"},"thumbnailUrl":"https:\/\/yoopies.fr\/c\/wp-content\/uploads\/2023\/10\/f315cd5b-7568-440a-9f1d-b88c77912f8f-pexels-anna-shvets-3902732.jpg","datePublished":"2023-10-04T12:05:42+00:00","dateModified":"2025-06-12T07:59:07+00:00","description":"Vous \u00eates intervenant \u00e0 domicile. Toutes les informations et r\u00e9ponses \u00e0 vos questions dans les articles \u00e9crits par nos experts.","breadcrumb":{"@id":"https:\/\/yoopies.fr\/c\/intervenant-domicile-informations\/#breadcrumb"},"inLanguage":"fr-FR","potentialAction":[{"@type":"ReadAction","target":["https:\/\/yoopies.fr\/c\/intervenant-domicile-informations\/"]}]},{"@type":"ImageObject","inLanguage":"fr-FR","@id":"https:\/\/yoopies.fr\/c\/intervenant-domicile-informations\/#primaryimage","url":"https:\/\/yoopies.fr\/c\/wp-content\/uploads\/2023\/10\/f315cd5b-7568-440a-9f1d-b88c77912f8f-pexels-anna-shvets-3902732.jpg","contentUrl":"https:\/\/yoopies.fr\/c\/wp-content\/uploads\/2023\/10\/f315cd5b-7568-440a-9f1d-b88c77912f8f-pexels-anna-shvets-3902732.jpg","width":1200,"height":800},{"@type":"BreadcrumbList","@id":"https:\/\/yoopies.fr\/c\/intervenant-domicile-informations\/#breadcrumb","itemListElement":[{"@type":"ListItem","position":1,"name":"Home","item":"https:\/\/yoopies.fr\/c\/"},{"@type":"ListItem","position":2,"name":"Je cherche un emploi d&rsquo;aide \u00e0 domicile : Guide complet 2023 pour les intervenants"}]},{"@type":"WebSite","@id":"https:\/\/yoopies.fr\/c\/#website","url":"https:\/\/yoopies.fr\/c\/","name":"Le Blog Yoopies","description":"","publisher":{"@id":"https:\/\/yoopies.fr\/c\/#organization"},"potentialAction":[{"@type":"SearchAction","target":{"@type":"EntryPoint","urlTemplate":"https:\/\/yoopies.fr\/c\/?s={search_term_string}"},"query-input":{"@type":"PropertyValueSpecification","valueRequired":true,"valueName":"search_term_string"}}],"inLanguage":"fr-FR"},{"@type":"Organization","@id":"https:\/\/yoopies.fr\/c\/#organization","name":"Le Blog Yoopies","url":"https:\/\/yoopies.fr\/c\/","logo":{"@type":"ImageObject","inLanguage":"fr-FR","@id":"https:\/\/yoopies.fr\/c\/#\/schema\/logo\/image\/","url":"https:\/\/yoopies.fr\/c\/wp-content\/uploads\/2025\/04\/cropped-Logo_Yoopies-2.png","contentUrl":"https:\/\/yoopies.fr\/c\/wp-content\/uploads\/2025\/04\/cropped-Logo_Yoopies-2.png","width":512,"height":512,"caption":"Le Blog Yoopies"},"image":{"@id":"https:\/\/yoopies.fr\/c\/#\/schema\/logo\/image\/"}}]}},"_links":{"self":[{"href":"https:\/\/yoopies.fr\/c\/wp-json\/wp\/v2\/pages\/107","targetHints":{"allow":["GET"]}}],"collection":[{"href":"https:\/\/yoopies.fr\/c\/wp-json\/wp\/v2\/pages"}],"about":[{"href":"https:\/\/yoopies.fr\/c\/wp-json\/wp\/v2\/types\/page"}],"author":[{"embeddable":true,"href":"https:\/\/yoopies.fr\/c\/wp-json\/wp\/v2\/users\/10"}],"replies":[{"embeddable":true,"href":"https:\/\/yoopies.fr\/c\/wp-json\/wp\/v2\/comments?post=107"}],"version-history":[{"count":1,"href":"https:\/\/yoopies.fr\/c\/wp-json\/wp\/v2\/pages\/107\/revisions"}],"predecessor-version":[{"id":115,"href":"https:\/\/yoopies.fr\/c\/wp-json\/wp\/v2\/pages\/107\/revisions\/115"}],"wp:featuredmedia":[{"embeddable":true,"href":"https:\/\/yoopies.fr\/c\/wp-json\/wp\/v2\/media\/114"}],"wp:attachment":[{"href":"https:\/\/yoopies.fr\/c\/wp-json\/wp\/v2\/media?parent=107"}],"curies":[{"name":"wp","href":"https:\/\/api.w.org\/{rel}","templated":true}]}}